{"id":18903,"date":"2019-05-29T20:05:41","date_gmt":"2019-05-29T20:05:41","guid":{"rendered":"https:\/\/www.sunnyplants.com\/partnerprogramm"},"modified":"2022-05-18T06:31:14","modified_gmt":"2022-05-18T06:31:14","slug":"partnerprogramm","status":"publish","type":"page","link":"https:\/\/www.sunnyplants.com\/de\/partnerprogramm","title":{"rendered":"Partnerprogramm"},"content":{"rendered":"\n\n  <div class=\"banner has-hover has-parallax\" id=\"banner-454212656\">\n          <div class=\"banner-inner fill\">\n        <div class=\"banner-bg fill\" data-parallax=\"-4\" data-parallax-container=\".banner\" data-parallax-background>\n            <img loading=\"lazy\" decoding=\"async\" width=\"900\" height=\"900\" src=\"https:\/\/www.sunnyplants.com\/wp-content\/uploads\/sedum-rubrotinctum-2.jpg\" class=\"bg attachment-original size-original\" alt=\"\" \/>                        <div class=\"overlay\"><\/div>            \n                    <\/div>\n\t\t\n        <div class=\"banner-layers container\">\n            <div class=\"fill banner-link\"><\/div>            \n\n   <div id=\"text-box-1761747172\" class=\"text-box banner-layer x50 md-x50 lg-x50 y50 md-y50 lg-y50 res-text\">\n                                <div class=\"text-box-content text dark\">\n              \n              <div class=\"text-inner text-center\">\n                  \n\n<h3 class=\"uppercase\"><strong>PARTNERPROGRAMM<\/strong><\/h3>\n<h3>Teilen Sie die Leidenschaft. Werden Sie ein Sunnyplants-Partner und verdienen Sie 20% bei jedem Verkauf.<\/h3>\n\n              <\/div>\n           <\/div>\n                            \n<style>\n#text-box-1761747172 {\n  width: 60%;\n}\n#text-box-1761747172 .text-box-content {\n  font-size: 100%;\n}\n<\/style>\n    <\/div>\n \n\n        <\/div>\n      <\/div>\n\n            \n<style>\n#banner-454212656 {\n  padding-top: 200px;\n}\n#banner-454212656 .overlay {\n  background-color: rgba(0, 0, 0, 0.3);\n}\n<\/style>\n  <\/div>\n\n\n<div class=\"row\"  id=\"row-809547251\">\n\n\n\t<div id=\"col-1356864163\" class=\"col medium-6 small-12 large-6\"  >\n\t\t\t\t<div class=\"col-inner\"  >\n\t\t\t\n\t\t\t\n\n<h4>Was ist das Partnerprogramm?<\/h4>\n<p>Stellen Sie sich ein Blog, eine Website, eine Social-Media-Seite oder einen Newsletter \u00fcber Sukkulenten vor. Sie k\u00f6nnen Bild- und Textlinks zu unseren Produkten oder zu jeder anderen Seite erstellen. Ihre Besucher klicken auf die von Ihnen erstellten Links und gehen auf unsere Website. Sie verdienen eine Provision f\u00fcr den Ankauf, den die Besucher in unserem Online-Shop machen.<\/p>\n\n\t\t<\/div>\n\t\t\t\t\t<\/div>\n\n\t\n\n\t<div id=\"col-773322517\" class=\"col medium-6 small-12 large-6\"  >\n\t\t\t\t<div class=\"col-inner\"  >\n\t\t\t\n\t\t\t\n\n<h4>Wir glauben, dass unser Erfolg Ihr Erfolg ist.<\/h4>\n<p>Bei Sunnyplants k\u00fcmmern wir uns gut um unsere Partner:<\/p>\n<ul>\n<li><strong><span style=\"font-size: 100%;\">20% Provision auf alle Verk\u00e4ufe<\/span><\/strong><\/li>\n<li><strong>30 Tage Cookie<\/strong><br \/><span style=\"font-size: 100%;\">Sie erhalten eine Gutschrift f\u00fcr Bestellungen innerhalb von 30 Tagen <\/span><br \/><span style=\"font-size: 100%;\">nach dem urspr\u00fcnglichen Klick des Kunden.<\/span><\/li>\n<\/ul>\n\n\t\t<\/div>\n\t\t\t\t\t<\/div>\n\n\t\n\n\t<div id=\"col-1359818224\" class=\"col medium-6 small-12 large-6\"  >\n\t\t\t\t<div class=\"col-inner\"  >\n\t\t\t\n\t\t\t\n\n<h4>Wie funktioniert das Partnerprogramm?<\/h4>\n<p>Der Beitritt zum Partnerprogramm ist einfach. Klicken Sie einfach auf die Schaltfl\u00e4che &#8222;Am Programm teilnehmen&#8220; und melden Sie sich an. Sie k\u00f6nnen dann in Ihrem Konto das Partner-Dashboard aufrufen und Ihre einzigartigen Partner-Links zu unseren Produkten und Seiten erstellen. Platzieren Sie sie an einer beliebigen Stelle, beispielsweise auf Ihrem Blog oder Ihrer Website. Das ist es. Wenn Ihre Besucher \u00fcber Ihre Links auf unsere Website geleitet werden, erhalten Sie beim Kauf eine Provision.<\/p>\n\n\t\t<\/div>\n\t\t\t\t\t<\/div>\n\n\t\n\n\t<div id=\"col-898790671\" class=\"col medium-6 small-12 large-6\"  >\n\t\t\t\t<div class=\"col-inner\"  >\n\t\t\t\n\t\t\t\n\n<h4>Wie funktioniert die Bezahlung?<\/h4>\n<p>Sobald Ihre Provision \u20ac50 \u00fcbersteigt, k\u00f6nnen Sie eine Zahlung beantragen. Alle Zahlungen der Partner werden am Ende eines jeden Monats \u00fcber PayPal abgewickelt.<\/p>\n\n\t\t<\/div>\n\t\t\t\t\t<\/div>\n\n\t\n\n<\/div>\n\n  <div class=\"banner has-hover\" id=\"banner-1498487338\">\n          <div class=\"banner-inner fill\">\n        <div class=\"banner-bg fill\" >\n                                    <div class=\"overlay\"><\/div>            \n                    <\/div>\n\t\t\n        <div class=\"banner-layers container\">\n            <div class=\"fill banner-link\"><\/div>            \n\n   <div id=\"text-box-1076126101\" class=\"text-box banner-layer x50 md-x50 lg-x50 y50 md-y50 lg-y50 res-text\">\n                                <div class=\"text-box-content text \">\n              \n              <div class=\"text-inner text-center\">\n                  \n\n<h4>Ja, ich m\u00f6chte ein Partner sein!<\/h4>\n<h5>Bitte kontaktieren Sie uns bei Interesse<\/h5>\n<p><a href=\"https:\/\/www.sunnyplants.com\/affiliates-terms-and-conditions\">Gesch\u00e4ftsbedingungen f\u00fcr Partner (Englisch)<\/a><\/p>\n\n              <\/div>\n           <\/div>\n                            \n<style>\n#text-box-1076126101 {\n  width: 60%;\n}\n#text-box-1076126101 .text-box-content {\n  font-size: 100%;\n}\n@media (min-width:550px) {\n  #text-box-1076126101 {\n    width: 40%;\n  }\n}\n<\/style>\n    <\/div>\n \n\n        <\/div>\n      <\/div>\n\n            \n<style>\n#banner-1498487338 {\n  padding-top: 300px;\n  background-color: rgb(255, 255, 255);\n}\n#banner-1498487338 .overlay {\n  background-color: rgba(190, 190, 190, 0.2);\n}\n<\/style>\n  <\/div>\n\n\n\n","protected":false},"excerpt":{"rendered":"","protected":false},"author":1,"featured_media":0,"parent":0,"menu_order":0,"comment_status":"closed","ping_status":"closed","template":"","meta":{"footnotes":""},"class_list":["post-18903","page","type-page","status-publish","hentry"],"yoast_head":"<!-- This site is optimized with the Yoast SEO plugin v27.5 - https:\/\/yoast.com\/product\/yoast-seo-wordpress\/ -->\n<title>Partnerprogramm - Sunnyplants.com<\/title>\n<meta name=\"robots\" content=\"index, follow, max-snippet:-1, max-image-preview:large, max-video-preview:-1\" \/>\n<link rel=\"canonical\" href=\"https:\/\/www.sunnyplants.com\/de\/partnerprogramm\" \/>\n<meta property=\"og:locale\" content=\"de_DE\" \/>\n<meta property=\"og:type\" content=\"article\" \/>\n<meta property=\"og:title\" content=\"Partnerprogramm - Sunnyplants.com\" \/>\n<meta property=\"og:url\" content=\"https:\/\/www.sunnyplants.com\/de\/partnerprogramm\" \/>\n<meta property=\"og:site_name\" content=\"Sunnyplants.com\" \/>\n<meta property=\"article:publisher\" content=\"https:\/\/nl-nl.facebook.com\/pages\/category\/Internet-Company\/Sunnyplantscom-1835401900058481\/\" \/>\n<meta property=\"article:modified_time\" content=\"2022-05-18T06:31:14+00:00\" \/>\n<meta name=\"twitter:card\" content=\"summary_large_image\" \/>\n<meta name=\"twitter:label1\" content=\"Gesch\u00e4tzte Lesezeit\" \/>\n\t<meta name=\"twitter:data1\" content=\"2 minutes\" \/>\n<script type=\"application\/ld+json\" class=\"yoast-schema-graph\">{\"@context\":\"https:\\\/\\\/schema.org\",\"@graph\":[{\"@type\":\"WebPage\",\"@id\":\"https:\\\/\\\/www.sunnyplants.com\\\/de\\\/partnerprogramm\",\"url\":\"https:\\\/\\\/www.sunnyplants.com\\\/de\\\/partnerprogramm\",\"name\":\"Partnerprogramm - Sunnyplants.com\",\"isPartOf\":{\"@id\":\"https:\\\/\\\/www.sunnyplants.com\\\/de#website\"},\"datePublished\":\"2019-05-29T20:05:41+00:00\",\"dateModified\":\"2022-05-18T06:31:14+00:00\",\"breadcrumb\":{\"@id\":\"https:\\\/\\\/www.sunnyplants.com\\\/de\\\/partnerprogramm#breadcrumb\"},\"inLanguage\":\"de-DE\",\"potentialAction\":[{\"@type\":\"ReadAction\",\"target\":[\"https:\\\/\\\/www.sunnyplants.com\\\/de\\\/partnerprogramm\"]}]},{\"@type\":\"BreadcrumbList\",\"@id\":\"https:\\\/\\\/www.sunnyplants.com\\\/de\\\/partnerprogramm#breadcrumb\",\"itemListElement\":[{\"@type\":\"ListItem\",\"position\":1,\"name\":\"Home\",\"item\":\"https:\\\/\\\/www.sunnyplants.com\\\/de\\\/sunnyplants-de\"},{\"@type\":\"ListItem\",\"position\":2,\"name\":\"Partnerprogramm\"}]},{\"@type\":\"WebSite\",\"@id\":\"https:\\\/\\\/www.sunnyplants.com\\\/de#website\",\"url\":\"https:\\\/\\\/www.sunnyplants.com\\\/de\",\"name\":\"Sunnyplants.com\",\"description\":\"Lithops, Conophytums and other Mesembs &amp; Succulents\",\"potentialAction\":[{\"@type\":\"SearchAction\",\"target\":{\"@type\":\"EntryPoint\",\"urlTemplate\":\"https:\\\/\\\/www.sunnyplants.com\\\/de?s={search_term_string}\"},\"query-input\":{\"@type\":\"PropertyValueSpecification\",\"valueRequired\":true,\"valueName\":\"search_term_string\"}}],\"inLanguage\":\"de-DE\"}]}<\/script>\n<!-- \/ Yoast SEO plugin. -->","yoast_head_json":{"title":"Partnerprogramm - Sunnyplants.com","robots":{"index":"index","follow":"follow","max-snippet":"max-snippet:-1","max-image-preview":"max-image-preview:large","max-video-preview":"max-video-preview:-1"},"canonical":"https:\/\/www.sunnyplants.com\/de\/partnerprogramm","og_locale":"de_DE","og_type":"article","og_title":"Partnerprogramm - Sunnyplants.com","og_url":"https:\/\/www.sunnyplants.com\/de\/partnerprogramm","og_site_name":"Sunnyplants.com","article_publisher":"https:\/\/nl-nl.facebook.com\/pages\/category\/Internet-Company\/Sunnyplantscom-1835401900058481\/","article_modified_time":"2022-05-18T06:31:14+00:00","twitter_card":"summary_large_image","twitter_misc":{"Gesch\u00e4tzte Lesezeit":"2 minutes"},"schema":{"@context":"https:\/\/schema.org","@graph":[{"@type":"WebPage","@id":"https:\/\/www.sunnyplants.com\/de\/partnerprogramm","url":"https:\/\/www.sunnyplants.com\/de\/partnerprogramm","name":"Partnerprogramm - Sunnyplants.com","isPartOf":{"@id":"https:\/\/www.sunnyplants.com\/de#website"},"datePublished":"2019-05-29T20:05:41+00:00","dateModified":"2022-05-18T06:31:14+00:00","breadcrumb":{"@id":"https:\/\/www.sunnyplants.com\/de\/partnerprogramm#breadcrumb"},"inLanguage":"de-DE","potentialAction":[{"@type":"ReadAction","target":["https:\/\/www.sunnyplants.com\/de\/partnerprogramm"]}]},{"@type":"BreadcrumbList","@id":"https:\/\/www.sunnyplants.com\/de\/partnerprogramm#breadcrumb","itemListElement":[{"@type":"ListItem","position":1,"name":"Home","item":"https:\/\/www.sunnyplants.com\/de\/sunnyplants-de"},{"@type":"ListItem","position":2,"name":"Partnerprogramm"}]},{"@type":"WebSite","@id":"https:\/\/www.sunnyplants.com\/de#website","url":"https:\/\/www.sunnyplants.com\/de","name":"Sunnyplants.com","description":"Lithops, Conophytums and other Mesembs &amp; Succulents","potentialAction":[{"@type":"SearchAction","target":{"@type":"EntryPoint","urlTemplate":"https:\/\/www.sunnyplants.com\/de?s={search_term_string}"},"query-input":{"@type":"PropertyValueSpecification","valueRequired":true,"valueName":"search_term_string"}}],"inLanguage":"de-DE"}]}},"jetpack_sharing_enabled":true,"_links":{"self":[{"href":"https:\/\/www.sunnyplants.com\/de\/wp-json\/wp\/v2\/pages\/18903","targetHints":{"allow":["GET"]}}],"collection":[{"href":"https:\/\/www.sunnyplants.com\/de\/wp-json\/wp\/v2\/pages"}],"about":[{"href":"https:\/\/www.sunnyplants.com\/de\/wp-json\/wp\/v2\/types\/page"}],"author":[{"embeddable":true,"href":"https:\/\/www.sunnyplants.com\/de\/wp-json\/wp\/v2\/users\/1"}],"replies":[{"embeddable":true,"href":"https:\/\/www.sunnyplants.com\/de\/wp-json\/wp\/v2\/comments?post=18903"}],"version-history":[{"count":0,"href":"https:\/\/www.sunnyplants.com\/de\/wp-json\/wp\/v2\/pages\/18903\/revisions"}],"wp:attachment":[{"href":"https:\/\/www.sunnyplants.com\/de\/wp-json\/wp\/v2\/media?parent=18903"}],"curies":[{"name":"wp","href":"https:\/\/api.w.org\/{rel}","templated":true}]}}