{"id":5322,"date":"2016-10-09T18:19:28","date_gmt":"2016-12-09T14:06:51","guid":{"rendered":"https:\/\/www.sunnyplants.com\/ueber-sunnyplants\/"},"modified":"2018-01-29T12:43:59","modified_gmt":"2018-01-29T12:43:59","slug":"ueber-sunnyplants","status":"publish","type":"page","link":"https:\/\/www.sunnyplants.com\/de\/ueber-sunnyplants","title":{"rendered":"\u00dcber Sunnyplants"},"content":{"rendered":"<div class=\"row align-middle\"  id=\"row-1823787864\">\n\n\t<div id=\"col-1368037452\" class=\"col medium-6 small-12 large-6\"  >\n\t\t\t\t<div class=\"col-inner\"  >\n\t\t\t\n\t\t\t\n<h2>Wie alles begann<\/h2>\n<p>Zu meinem 16. Geburtstag war eines meiner Geschenke ein Paket aus gemischten Samen der Kakteen und Sukkulenten. Ich war fasziniert von all den verschiedenen Formen und Farben der jungen Pflanzen. Bald las ich jedes Buch \u00fcber Kakteen und Sukkulenten. Ich fing an, mehr Samen von sch\u00f6nen, interessante und sogar seltenen Arten zu kaufen. Das war so interessant, cool und spannend. Diese kleinen Dinge im Leben haben mich sehr gl\u00fccklich gemacht.<\/p>\n\t\t<\/div>\n\t\t\t\t\t<\/div>\n\n\t\n\n\t<div id=\"col-717567413\" class=\"col medium-6 small-12 large-6\"  >\n\t\t\t\t<div class=\"col-inner\"  >\n\t\t\t\n\t\t\t\n\t<div class=\"img has-hover x md-x lg-x y md-y lg-y\" id=\"image_838959136\">\n\t\t\t\t\t\t\t\t<div class=\"img-inner image-cover dark\" style=\"padding-top:60%;\">\n\t\t\t<img loading=\"lazy\" decoding=\"async\" width=\"1013\" height=\"675\" src=\"https:\/\/www.sunnyplants.com\/wp-content\/uploads\/our-first-greenhouse.jpg\" class=\"attachment-large size-large\" alt=\"\" srcset=\"https:\/\/www.sunnyplants.com\/wp-content\/uploads\/our-first-greenhouse.jpg 1013w, https:\/\/www.sunnyplants.com\/wp-content\/uploads\/our-first-greenhouse-600x400.jpg 600w, https:\/\/www.sunnyplants.com\/wp-content\/uploads\/our-first-greenhouse-300x200.jpg 300w, https:\/\/www.sunnyplants.com\/wp-content\/uploads\/our-first-greenhouse-768x512.jpg 768w\" sizes=\"auto, (max-width: 1013px) 100vw, 1013px\" \/>\t\t\t\t\t\t\n\t\t\t\t\t<\/div>\n\t\t\t\t\t\t\t\t\n<style>\n#image_838959136 {\n  width: 100%;\n}\n<\/style>\n\t<\/div>\n\t\n\t\t<\/div>\n\t\t\t\t\t<\/div>\n\n\t\n<\/div>\n<div class=\"row align-middle\"  id=\"row-212321086\">\n\n\t<div id=\"col-1214885784\" class=\"col medium-6 small-12 large-6\"  >\n\t\t\t\t<div class=\"col-inner\"  >\n\t\t\t\n\t\t\t\n\t<div class=\"img has-hover x md-x lg-x y md-y lg-y\" id=\"image_1706291453\">\n\t\t\t\t\t\t\t\t<div class=\"img-inner image-cover dark\" style=\"padding-top:60%;\">\n\t\t\t<img loading=\"lazy\" decoding=\"async\" width=\"900\" height=\"600\" src=\"https:\/\/www.sunnyplants.com\/wp-content\/uploads\/succulents-from-seeds.jpg\" class=\"attachment-large size-large\" alt=\"\" srcset=\"https:\/\/www.sunnyplants.com\/wp-content\/uploads\/succulents-from-seeds.jpg 900w, https:\/\/www.sunnyplants.com\/wp-content\/uploads\/succulents-from-seeds-600x400.jpg 600w, https:\/\/www.sunnyplants.com\/wp-content\/uploads\/succulents-from-seeds-300x200.jpg 300w, https:\/\/www.sunnyplants.com\/wp-content\/uploads\/succulents-from-seeds-768x512.jpg 768w\" sizes=\"auto, (max-width: 900px) 100vw, 900px\" \/>\t\t\t\t\t\t\n\t\t\t\t\t<\/div>\n\t\t\t\t\t\t\t\t\n<style>\n#image_1706291453 {\n  width: 100%;\n}\n<\/style>\n\t<\/div>\n\t\n\t\t<\/div>\n\t\t\t\t\t<\/div>\n\n\t\n\n\t<div id=\"col-574046126\" class=\"col medium-6 small-12 large-6\"  >\n\t\t\t\t<div class=\"col-inner\"  >\n\t\t\t\n\t\t\t\n<h2>Der Biologe<\/h2>\n<p>Mein Interesse an Pflanzenkultivierung wurde st\u00e4rker. Ich habe Pflanzenbiologie in Groningen (Niederlande) studiert. Mein Schwerpunkt in dieser Zeit war der Kultivierung und die Vermehrung schwieriger Arten von Kakteen und Sukkulenten. Ich habe viele Experimente mit verschiedenen Arten von Bodenmischungen, Temperaturen und Wasserregimen durchgef\u00fchrt. Ich fing an, meine Kultivierungs- und Vermehrungsergebnisse mit anderen Enthusiasten online zu teilen und zu diskutieren.<\/p>\n\t\t<\/div>\n\t\t\t\t\t<\/div>\n\n\t\n<\/div>\n<div class=\"row align-middle\"  id=\"row-574374988\">\n\n\t<div id=\"col-1020639501\" class=\"col medium-6 small-12 large-6\"  >\n\t\t\t\t<div class=\"col-inner\"  >\n\t\t\t\n\t\t\t\n<h2>Kakteen und Sukkulenten online<\/h2>\n<p>Die Leute interessierten sich f\u00fcr meine Pflanzen, Samen und Stecklinge. Langsam entstand ein Online-Shop. Jetzt, 25 Jahre sp\u00e4ter, f\u00fchren Chantal und ich (Allard) Sunnyplants.com. Sukkulenten wachsen und teilen gibt uns jeden Tag ein &#8222;Sunny&#8220; Gef\u00fchl.<\/p>\n\t\t<\/div>\n\t\t\t\t\t<\/div>\n\n\t\n\n\t<div id=\"col-1905072258\" class=\"col medium-6 small-12 large-6\"  >\n\t\t\t\t<div class=\"col-inner\"  >\n\t\t\t\n\t\t\t\n\t<div class=\"img has-hover x md-x lg-x y md-y lg-y\" id=\"image_1378305011\">\n\t\t\t\t\t\t\t\t<div class=\"img-inner image-cover dark\" style=\"padding-top:60%;\">\n\t\t\t<img loading=\"lazy\" decoding=\"async\" width=\"900\" height=\"600\" src=\"https:\/\/www.sunnyplants.com\/wp-content\/uploads\/cacti-succulents-online-shop.jpg\" class=\"attachment-large size-large\" alt=\"\" srcset=\"https:\/\/www.sunnyplants.com\/wp-content\/uploads\/cacti-succulents-online-shop.jpg 900w, https:\/\/www.sunnyplants.com\/wp-content\/uploads\/cacti-succulents-online-shop-600x400.jpg 600w, https:\/\/www.sunnyplants.com\/wp-content\/uploads\/cacti-succulents-online-shop-300x200.jpg 300w, https:\/\/www.sunnyplants.com\/wp-content\/uploads\/cacti-succulents-online-shop-768x512.jpg 768w\" sizes=\"auto, (max-width: 900px) 100vw, 900px\" \/>\t\t\t\t\t\t\n\t\t\t\t\t<\/div>\n\t\t\t\t\t\t\t\t\n<style>\n#image_1378305011 {\n  width: 100%;\n}\n<\/style>\n\t<\/div>\n\t\n\t\t<\/div>\n\t\t\t\t\t<\/div>\n\n\t\n<\/div>\n","protected":false},"excerpt":{"rendered":"","protected":false},"author":1,"featured_media":0,"parent":0,"menu_order":0,"comment_status":"closed","ping_status":"open","template":"page-blank-title-center.php","meta":{"footnotes":""},"class_list":["post-5322","page","type-page","status-publish","hentry"],"yoast_head":"<!-- This site is optimized with the Yoast SEO plugin v27.5 - https:\/\/yoast.com\/product\/yoast-seo-wordpress\/ -->\n<title>\u00dcber Sunnyplants - Sunnyplants.com<\/title>\n<meta name=\"description\" content=\"Zu meinem 16. Geburtstag war eines meiner Geschenke ein Paket aus gemischten Samen der Kakteen und Sukkulenten. Ich war fasziniert von all den verschiedenen Formen und Farben der jungen Pflanzen. Bald las ich jedes Buch \u00fcber Kakteen und Sukkulenten.\" \/>\n<meta name=\"robots\" content=\"index, follow, max-snippet:-1, max-image-preview:large, max-video-preview:-1\" \/>\n<link rel=\"canonical\" href=\"https:\/\/www.sunnyplants.com\/de\/ueber-sunnyplants\" \/>\n<meta property=\"og:locale\" content=\"de_DE\" \/>\n<meta property=\"og:type\" content=\"article\" \/>\n<meta property=\"og:title\" content=\"\u00dcber Sunnyplants - Sunnyplants.com\" \/>\n<meta property=\"og:description\" content=\"Zu meinem 16. Geburtstag war eines meiner Geschenke ein Paket aus gemischten Samen der Kakteen und Sukkulenten. Ich war fasziniert von all den verschiedenen Formen und Farben der jungen Pflanzen. Bald las ich jedes Buch \u00fcber Kakteen und Sukkulenten.\" \/>\n<meta property=\"og:url\" content=\"https:\/\/www.sunnyplants.com\/de\/ueber-sunnyplants\" \/>\n<meta property=\"og:site_name\" content=\"Sunnyplants.com\" \/>\n<meta property=\"article:publisher\" content=\"https:\/\/nl-nl.facebook.com\/pages\/category\/Internet-Company\/Sunnyplantscom-1835401900058481\/\" \/>\n<meta property=\"article:modified_time\" content=\"2018-01-29T12:43:59+00:00\" \/>\n<meta name=\"twitter:card\" content=\"summary_large_image\" \/>\n<meta name=\"twitter:label1\" content=\"Gesch\u00e4tzte Lesezeit\" \/>\n\t<meta name=\"twitter:data1\" content=\"1 minute\" \/>\n<script type=\"application\/ld+json\" class=\"yoast-schema-graph\">{\"@context\":\"https:\\\/\\\/schema.org\",\"@graph\":[{\"@type\":\"WebPage\",\"@id\":\"https:\\\/\\\/www.sunnyplants.com\\\/de\\\/ueber-sunnyplants\",\"url\":\"https:\\\/\\\/www.sunnyplants.com\\\/de\\\/ueber-sunnyplants\",\"name\":\"\u00dcber Sunnyplants - Sunnyplants.com\",\"isPartOf\":{\"@id\":\"https:\\\/\\\/www.sunnyplants.com\\\/de#website\"},\"datePublished\":\"2016-12-09T14:06:51+00:00\",\"dateModified\":\"2018-01-29T12:43:59+00:00\",\"description\":\"Zu meinem 16. Geburtstag war eines meiner Geschenke ein Paket aus gemischten Samen der Kakteen und Sukkulenten. Ich war fasziniert von all den verschiedenen Formen und Farben der jungen Pflanzen. Bald las ich jedes Buch \u00fcber Kakteen und Sukkulenten.\",\"breadcrumb\":{\"@id\":\"https:\\\/\\\/www.sunnyplants.com\\\/de\\\/ueber-sunnyplants#breadcrumb\"},\"inLanguage\":\"de-DE\",\"potentialAction\":[{\"@type\":\"ReadAction\",\"target\":[\"https:\\\/\\\/www.sunnyplants.com\\\/de\\\/ueber-sunnyplants\"]}]},{\"@type\":\"BreadcrumbList\",\"@id\":\"https:\\\/\\\/www.sunnyplants.com\\\/de\\\/ueber-sunnyplants#breadcrumb\",\"itemListElement\":[{\"@type\":\"ListItem\",\"position\":1,\"name\":\"Home\",\"item\":\"https:\\\/\\\/www.sunnyplants.com\\\/de\\\/sunnyplants-de\"},{\"@type\":\"ListItem\",\"position\":2,\"name\":\"\u00dcber Sunnyplants\"}]},{\"@type\":\"WebSite\",\"@id\":\"https:\\\/\\\/www.sunnyplants.com\\\/de#website\",\"url\":\"https:\\\/\\\/www.sunnyplants.com\\\/de\",\"name\":\"Sunnyplants.com\",\"description\":\"Lithops, Conophytums and other Mesembs &amp; Succulents\",\"potentialAction\":[{\"@type\":\"SearchAction\",\"target\":{\"@type\":\"EntryPoint\",\"urlTemplate\":\"https:\\\/\\\/www.sunnyplants.com\\\/de?s={search_term_string}\"},\"query-input\":{\"@type\":\"PropertyValueSpecification\",\"valueRequired\":true,\"valueName\":\"search_term_string\"}}],\"inLanguage\":\"de-DE\"}]}<\/script>\n<!-- \/ Yoast SEO plugin. -->","yoast_head_json":{"title":"\u00dcber Sunnyplants - Sunnyplants.com","description":"Zu meinem 16. Geburtstag war eines meiner Geschenke ein Paket aus gemischten Samen der Kakteen und Sukkulenten. Ich war fasziniert von all den verschiedenen Formen und Farben der jungen Pflanzen. Bald las ich jedes Buch \u00fcber Kakteen und Sukkulenten.","robots":{"index":"index","follow":"follow","max-snippet":"max-snippet:-1","max-image-preview":"max-image-preview:large","max-video-preview":"max-video-preview:-1"},"canonical":"https:\/\/www.sunnyplants.com\/de\/ueber-sunnyplants","og_locale":"de_DE","og_type":"article","og_title":"\u00dcber Sunnyplants - Sunnyplants.com","og_description":"Zu meinem 16. Geburtstag war eines meiner Geschenke ein Paket aus gemischten Samen der Kakteen und Sukkulenten. Ich war fasziniert von all den verschiedenen Formen und Farben der jungen Pflanzen. Bald las ich jedes Buch \u00fcber Kakteen und Sukkulenten.","og_url":"https:\/\/www.sunnyplants.com\/de\/ueber-sunnyplants","og_site_name":"Sunnyplants.com","article_publisher":"https:\/\/nl-nl.facebook.com\/pages\/category\/Internet-Company\/Sunnyplantscom-1835401900058481\/","article_modified_time":"2018-01-29T12:43:59+00:00","twitter_card":"summary_large_image","twitter_misc":{"Gesch\u00e4tzte Lesezeit":"1 minute"},"schema":{"@context":"https:\/\/schema.org","@graph":[{"@type":"WebPage","@id":"https:\/\/www.sunnyplants.com\/de\/ueber-sunnyplants","url":"https:\/\/www.sunnyplants.com\/de\/ueber-sunnyplants","name":"\u00dcber Sunnyplants - Sunnyplants.com","isPartOf":{"@id":"https:\/\/www.sunnyplants.com\/de#website"},"datePublished":"2016-12-09T14:06:51+00:00","dateModified":"2018-01-29T12:43:59+00:00","description":"Zu meinem 16. Geburtstag war eines meiner Geschenke ein Paket aus gemischten Samen der Kakteen und Sukkulenten. Ich war fasziniert von all den verschiedenen Formen und Farben der jungen Pflanzen. Bald las ich jedes Buch \u00fcber Kakteen und Sukkulenten.","breadcrumb":{"@id":"https:\/\/www.sunnyplants.com\/de\/ueber-sunnyplants#breadcrumb"},"inLanguage":"de-DE","potentialAction":[{"@type":"ReadAction","target":["https:\/\/www.sunnyplants.com\/de\/ueber-sunnyplants"]}]},{"@type":"BreadcrumbList","@id":"https:\/\/www.sunnyplants.com\/de\/ueber-sunnyplants#breadcrumb","itemListElement":[{"@type":"ListItem","position":1,"name":"Home","item":"https:\/\/www.sunnyplants.com\/de\/sunnyplants-de"},{"@type":"ListItem","position":2,"name":"\u00dcber Sunnyplants"}]},{"@type":"WebSite","@id":"https:\/\/www.sunnyplants.com\/de#website","url":"https:\/\/www.sunnyplants.com\/de","name":"Sunnyplants.com","description":"Lithops, Conophytums and other Mesembs &amp; Succulents","potentialAction":[{"@type":"SearchAction","target":{"@type":"EntryPoint","urlTemplate":"https:\/\/www.sunnyplants.com\/de?s={search_term_string}"},"query-input":{"@type":"PropertyValueSpecification","valueRequired":true,"valueName":"search_term_string"}}],"inLanguage":"de-DE"}]}},"jetpack_sharing_enabled":true,"_links":{"self":[{"href":"https:\/\/www.sunnyplants.com\/de\/wp-json\/wp\/v2\/pages\/5322","targetHints":{"allow":["GET"]}}],"collection":[{"href":"https:\/\/www.sunnyplants.com\/de\/wp-json\/wp\/v2\/pages"}],"about":[{"href":"https:\/\/www.sunnyplants.com\/de\/wp-json\/wp\/v2\/types\/page"}],"author":[{"embeddable":true,"href":"https:\/\/www.sunnyplants.com\/de\/wp-json\/wp\/v2\/users\/1"}],"replies":[{"embeddable":true,"href":"https:\/\/www.sunnyplants.com\/de\/wp-json\/wp\/v2\/comments?post=5322"}],"version-history":[{"count":0,"href":"https:\/\/www.sunnyplants.com\/de\/wp-json\/wp\/v2\/pages\/5322\/revisions"}],"wp:attachment":[{"href":"https:\/\/www.sunnyplants.com\/de\/wp-json\/wp\/v2\/media?parent=5322"}],"curies":[{"name":"wp","href":"https:\/\/api.w.org\/{rel}","templated":true}]}}