{"id":5328,"date":"2016-12-09T14:17:15","date_gmt":"2016-12-09T14:19:39","guid":{"rendered":"https:\/\/www.sunnyplants.com\/bestellungen-zahlung-versand\/"},"modified":"2020-11-29T21:36:13","modified_gmt":"2020-11-29T21:36:13","slug":"bestellungen-zahlung-versand","status":"publish","type":"page","link":"https:\/\/www.sunnyplants.com\/de\/bestellungen-zahlung-versand","title":{"rendered":"Bestellungen, Zahlung &#038; Versand"},"content":{"rendered":"\n<h3>Bank Informationen<\/h3>\n<p>Konto Name: Sunnyplants<br>Kontonummer: 255666756<br>Bank Name: Knab<br>Bankstandort: Hoofddorp (Amsterdam), die Niederlande<br>IBAN: NL23 KNAB 0255 6667 56<br>Bic\/Swift: KNABNL2H (EU and SEPA), ABNANL2A (other countries)<\/p>\n<h3>Versand und Lieferung<\/h3>\n<p>Die Lieferzeit betr\u00e4gt maximal 30 Tage ab Zahlungseingang. Normalerweise kommen Bestellungen an in 2-10 Tagen, nachdem wir sie versendet haben. Wir versenden Pakete 4 Tage die Woche von Montag bis Donnerstag. Wir senden unsere Bestellungen mit DPD. <strong>Bitte beachten Sie<\/strong>, dass wir keine Verantwortung f\u00fcr verlorene oder beschlagnahmte Pakete \u00fcbernehmen k\u00f6nnen. Informieren Sie sich bei Ihren lokalen Beh\u00f6rden \u00fcber die Regeln und Vorschriften f\u00fcr den Import von Pflanzenmaterial. Leider k\u00f6nnen wir keine Zertifikate liefern, da es zu teuer ist und zu viel Zeit in Anspruch nimmt.<\/p>\n<h3>Wie viel kostet die Lieferung zu meinem Land?<\/h3>\n<p>Versandkosten variieren je Land und f\u00fcr die Artikel, die Sie bestellen m\u00f6chten. Bitte benutzen Sie den Versandrechner auf der Kasse Seite um Ihre Versandkosten zu berechnen.<\/p>\n<h3>Wie lange dauert es, bis ich meine Bestellung erhalten werde?<\/h3>\n<p>Wir befinden uns in den Niederlanden. Versand in EU-L\u00e4nder dauert zwischen 4 und 9 Werktagen. Versand in andere L\u00e4nder kann 2 bis 3 Wochen und manchmal sogar 4 Wochen dauern. Ihr Paket kann durch Zoll sowie durch Ihren lokalen Postdienst verz\u00f6gert werden. Deshalb k\u00f6nnen wir, auch wenn wir m\u00f6chten, keine Anspr\u00fcche bez\u00fcglich eines genauen Zeitrahmens machen, in dem Ihre Bestellung ankommen wird. Wir k\u00f6nnen die internationalen Postdienste nicht beeinflussen.<\/p>\n","protected":false},"excerpt":{"rendered":"<p>Bank Informationen Konto Name: SunnyplantsKontonummer: 255666756Bank Name: KnabBankstandort: Hoofddorp (Amsterdam), die NiederlandeIBAN: NL23 KNAB 0255 6667 56Bic\/Swift: KNABNL2H (EU and SEPA), ABNANL2A (other countries) Versand und Lieferung Die Lieferzeit betr\u00e4gt maximal 30 Tage ab Zahlungseingang. Normalerweise kommen Bestellungen an in 2-10 Tagen, nachdem wir sie versendet haben. Wir versenden Pakete 4 Tage die Woche von [&#8230;]\n","protected":false},"author":1,"featured_media":0,"parent":0,"menu_order":0,"comment_status":"closed","ping_status":"closed","template":"","meta":{"footnotes":""},"class_list":["post-5328","page","type-page","status-publish","hentry"],"yoast_head":"<!-- This site is optimized with the Yoast SEO plugin v27.5 - https:\/\/yoast.com\/product\/yoast-seo-wordpress\/ -->\n<title>Bestellungen, Zahlung &amp; Versand - Sunnyplants.com<\/title>\n<meta name=\"description\" content=\"Bank Informationen Konto Name: SunnyplantsKontonummer: 255666756Bank Name: KnabBankstandort: Hoofddorp (Amsterdam), die NiederlandeIBAN: NL23 KNAB 0255\" \/>\n<meta name=\"robots\" content=\"index, follow, max-snippet:-1, max-image-preview:large, max-video-preview:-1\" \/>\n<link rel=\"canonical\" href=\"https:\/\/www.sunnyplants.com\/de\/bestellungen-zahlung-versand\" \/>\n<meta property=\"og:locale\" content=\"de_DE\" \/>\n<meta property=\"og:type\" content=\"article\" \/>\n<meta property=\"og:title\" content=\"Bestellungen, Zahlung &amp; Versand - Sunnyplants.com\" \/>\n<meta property=\"og:description\" content=\"Bank Informationen Konto Name: SunnyplantsKontonummer: 255666756Bank Name: KnabBankstandort: Hoofddorp (Amsterdam), die NiederlandeIBAN: NL23 KNAB 0255\" \/>\n<meta property=\"og:url\" content=\"https:\/\/www.sunnyplants.com\/de\/bestellungen-zahlung-versand\" \/>\n<meta property=\"og:site_name\" content=\"Sunnyplants.com\" \/>\n<meta property=\"article:publisher\" content=\"https:\/\/nl-nl.facebook.com\/pages\/category\/Internet-Company\/Sunnyplantscom-1835401900058481\/\" \/>\n<meta property=\"article:modified_time\" content=\"2020-11-29T21:36:13+00:00\" \/>\n<meta name=\"twitter:card\" content=\"summary_large_image\" \/>\n<meta name=\"twitter:label1\" content=\"Gesch\u00e4tzte Lesezeit\" \/>\n\t<meta name=\"twitter:data1\" content=\"1 minute\" \/>\n<script type=\"application\/ld+json\" class=\"yoast-schema-graph\">{\"@context\":\"https:\\\/\\\/schema.org\",\"@graph\":[{\"@type\":\"WebPage\",\"@id\":\"https:\\\/\\\/www.sunnyplants.com\\\/de\\\/bestellungen-zahlung-versand\",\"url\":\"https:\\\/\\\/www.sunnyplants.com\\\/de\\\/bestellungen-zahlung-versand\",\"name\":\"Bestellungen, Zahlung & Versand - Sunnyplants.com\",\"isPartOf\":{\"@id\":\"https:\\\/\\\/www.sunnyplants.com\\\/de#website\"},\"datePublished\":\"2016-12-09T14:19:39+00:00\",\"dateModified\":\"2020-11-29T21:36:13+00:00\",\"description\":\"Bank Informationen Konto Name: SunnyplantsKontonummer: 255666756Bank Name: KnabBankstandort: Hoofddorp (Amsterdam), die NiederlandeIBAN: NL23 KNAB 0255\",\"breadcrumb\":{\"@id\":\"https:\\\/\\\/www.sunnyplants.com\\\/de\\\/bestellungen-zahlung-versand#breadcrumb\"},\"inLanguage\":\"de-DE\",\"potentialAction\":[{\"@type\":\"ReadAction\",\"target\":[\"https:\\\/\\\/www.sunnyplants.com\\\/de\\\/bestellungen-zahlung-versand\"]}]},{\"@type\":\"BreadcrumbList\",\"@id\":\"https:\\\/\\\/www.sunnyplants.com\\\/de\\\/bestellungen-zahlung-versand#breadcrumb\",\"itemListElement\":[{\"@type\":\"ListItem\",\"position\":1,\"name\":\"Home\",\"item\":\"https:\\\/\\\/www.sunnyplants.com\\\/de\\\/sunnyplants-de\"},{\"@type\":\"ListItem\",\"position\":2,\"name\":\"Bestellungen, Zahlung &#038; Versand\"}]},{\"@type\":\"WebSite\",\"@id\":\"https:\\\/\\\/www.sunnyplants.com\\\/de#website\",\"url\":\"https:\\\/\\\/www.sunnyplants.com\\\/de\",\"name\":\"Sunnyplants.com\",\"description\":\"Lithops, Conophytums and other Mesembs &amp; Succulents\",\"potentialAction\":[{\"@type\":\"SearchAction\",\"target\":{\"@type\":\"EntryPoint\",\"urlTemplate\":\"https:\\\/\\\/www.sunnyplants.com\\\/de?s={search_term_string}\"},\"query-input\":{\"@type\":\"PropertyValueSpecification\",\"valueRequired\":true,\"valueName\":\"search_term_string\"}}],\"inLanguage\":\"de-DE\"}]}<\/script>\n<!-- \/ Yoast SEO plugin. -->","yoast_head_json":{"title":"Bestellungen, Zahlung & Versand - Sunnyplants.com","description":"Bank Informationen Konto Name: SunnyplantsKontonummer: 255666756Bank Name: KnabBankstandort: Hoofddorp (Amsterdam), die NiederlandeIBAN: NL23 KNAB 0255","robots":{"index":"index","follow":"follow","max-snippet":"max-snippet:-1","max-image-preview":"max-image-preview:large","max-video-preview":"max-video-preview:-1"},"canonical":"https:\/\/www.sunnyplants.com\/de\/bestellungen-zahlung-versand","og_locale":"de_DE","og_type":"article","og_title":"Bestellungen, Zahlung & Versand - Sunnyplants.com","og_description":"Bank Informationen Konto Name: SunnyplantsKontonummer: 255666756Bank Name: KnabBankstandort: Hoofddorp (Amsterdam), die NiederlandeIBAN: NL23 KNAB 0255","og_url":"https:\/\/www.sunnyplants.com\/de\/bestellungen-zahlung-versand","og_site_name":"Sunnyplants.com","article_publisher":"https:\/\/nl-nl.facebook.com\/pages\/category\/Internet-Company\/Sunnyplantscom-1835401900058481\/","article_modified_time":"2020-11-29T21:36:13+00:00","twitter_card":"summary_large_image","twitter_misc":{"Gesch\u00e4tzte Lesezeit":"1 minute"},"schema":{"@context":"https:\/\/schema.org","@graph":[{"@type":"WebPage","@id":"https:\/\/www.sunnyplants.com\/de\/bestellungen-zahlung-versand","url":"https:\/\/www.sunnyplants.com\/de\/bestellungen-zahlung-versand","name":"Bestellungen, Zahlung & Versand - Sunnyplants.com","isPartOf":{"@id":"https:\/\/www.sunnyplants.com\/de#website"},"datePublished":"2016-12-09T14:19:39+00:00","dateModified":"2020-11-29T21:36:13+00:00","description":"Bank Informationen Konto Name: SunnyplantsKontonummer: 255666756Bank Name: KnabBankstandort: Hoofddorp (Amsterdam), die NiederlandeIBAN: NL23 KNAB 0255","breadcrumb":{"@id":"https:\/\/www.sunnyplants.com\/de\/bestellungen-zahlung-versand#breadcrumb"},"inLanguage":"de-DE","potentialAction":[{"@type":"ReadAction","target":["https:\/\/www.sunnyplants.com\/de\/bestellungen-zahlung-versand"]}]},{"@type":"BreadcrumbList","@id":"https:\/\/www.sunnyplants.com\/de\/bestellungen-zahlung-versand#breadcrumb","itemListElement":[{"@type":"ListItem","position":1,"name":"Home","item":"https:\/\/www.sunnyplants.com\/de\/sunnyplants-de"},{"@type":"ListItem","position":2,"name":"Bestellungen, Zahlung &#038; Versand"}]},{"@type":"WebSite","@id":"https:\/\/www.sunnyplants.com\/de#website","url":"https:\/\/www.sunnyplants.com\/de","name":"Sunnyplants.com","description":"Lithops, Conophytums and other Mesembs &amp; Succulents","potentialAction":[{"@type":"SearchAction","target":{"@type":"EntryPoint","urlTemplate":"https:\/\/www.sunnyplants.com\/de?s={search_term_string}"},"query-input":{"@type":"PropertyValueSpecification","valueRequired":true,"valueName":"search_term_string"}}],"inLanguage":"de-DE"}]}},"jetpack_sharing_enabled":true,"_links":{"self":[{"href":"https:\/\/www.sunnyplants.com\/de\/wp-json\/wp\/v2\/pages\/5328","targetHints":{"allow":["GET"]}}],"collection":[{"href":"https:\/\/www.sunnyplants.com\/de\/wp-json\/wp\/v2\/pages"}],"about":[{"href":"https:\/\/www.sunnyplants.com\/de\/wp-json\/wp\/v2\/types\/page"}],"author":[{"embeddable":true,"href":"https:\/\/www.sunnyplants.com\/de\/wp-json\/wp\/v2\/users\/1"}],"replies":[{"embeddable":true,"href":"https:\/\/www.sunnyplants.com\/de\/wp-json\/wp\/v2\/comments?post=5328"}],"version-history":[{"count":0,"href":"https:\/\/www.sunnyplants.com\/de\/wp-json\/wp\/v2\/pages\/5328\/revisions"}],"wp:attachment":[{"href":"https:\/\/www.sunnyplants.com\/de\/wp-json\/wp\/v2\/media?parent=5328"}],"curies":[{"name":"wp","href":"https:\/\/api.w.org\/{rel}","templated":true}]}}