{"id":10074,"date":"2020-10-20T07:12:18","date_gmt":"2017-06-01T07:12:19","guid":{"rendered":"https:\/\/www.sunnyplants.com\/?post_type=product&#038;p=10074"},"modified":"2026-05-06T09:58:32","modified_gmt":"2026-05-06T09:58:32","slug":"crassula-subacaulis-erosula-campfire-stecklinge","status":"publish","type":"product","link":"https:\/\/www.sunnyplants.com\/de\/shop\/crassula-subacaulis-erosula-campfire-stecklinge","title":{"rendered":"Crassula subacaulis erosula &#8211; Campfire &#8211; Stecklinge"},"content":{"rendered":"<p>Crassula subacaulis ssp. erosula, allgemein bekannt als Crassula capitella Campfire &#8211; Stecklinge zum Verkauf.<\/p>\n","protected":false},"excerpt":{"rendered":"<p>Crassula subacaulis erosula &#8211; Campfire &#8211; Stecklinge. Bitte beachte, dass sich die Farben im Laufe des Jahres von gr\u00fcn nach rot \u00e4ndern k\u00f6nnen.<\/p>\n","protected":false},"featured_media":28808,"comment_status":"open","ping_status":"closed","template":"","meta":[],"product_brand":[],"product_cat":[348,278,347],"product_tag":[1796,835,843,834],"class_list":{"0":"post-10074","1":"product","2":"type-product","3":"status-publish","4":"has-post-thumbnail","6":"product_cat-crassula-stecklinge","7":"product_cat-stecklinge","8":"product_cat-sukkulenten-stecklinge","9":"product_tag-bladstekken","10":"product_tag-dschungelpflanzen","11":"product_tag-stecklinge","12":"product_tag-zimmerpflanzen","13":"product_shipping_class-plants-collections-de","14":"pa_family-crassulaceae-de","15":"pa_leaf-color-rot","16":"pa_product-type-stammstecklinge","17":"pa_quantity-1-steckling-bewurzelt","18":"pa_size-2-4-cm-de","20":"first","21":"instock","22":"featured","23":"taxable","24":"shipping-taxable","25":"purchasable","26":"product-type-simple"},"yoast_head":"<!-- This site is optimized with the Yoast SEO plugin v27.5 - https:\/\/yoast.com\/product\/yoast-seo-wordpress\/ -->\n<title>Crassula subacaulis erosula - Campfire - Stecklinge - Sunnyplants.com<\/title>\n<meta name=\"description\" content=\"Crassula subacaulis erosula - Campfire - Stecklinge. Bitte beachte, dass sich die Farben im Laufe des Jahres von gr\u00fcn nach rot \u00e4ndern k\u00f6nnen.\" \/>\n<meta name=\"robots\" content=\"index, follow, max-snippet:-1, max-image-preview:large, max-video-preview:-1\" \/>\n<link rel=\"canonical\" href=\"https:\/\/www.sunnyplants.com\/de\/shop\/crassula-subacaulis-erosula-campfire-stecklinge\" \/>\n<meta property=\"og:locale\" content=\"de_DE\" \/>\n<meta property=\"og:type\" content=\"article\" \/>\n<meta property=\"og:title\" content=\"Crassula subacaulis erosula - Campfire - Stecklinge - Sunnyplants.com\" \/>\n<meta property=\"og:description\" content=\"Crassula subacaulis erosula - Campfire - Stecklinge. Bitte beachte, dass sich die Farben im Laufe des Jahres von gr\u00fcn nach rot \u00e4ndern k\u00f6nnen.\" \/>\n<meta property=\"og:url\" content=\"https:\/\/www.sunnyplants.com\/de\/shop\/crassula-subacaulis-erosula-campfire-stecklinge\" \/>\n<meta property=\"og:site_name\" content=\"Sunnyplants.com\" \/>\n<meta property=\"article:publisher\" content=\"https:\/\/nl-nl.facebook.com\/pages\/category\/Internet-Company\/Sunnyplantscom-1835401900058481\/\" \/>\n<meta property=\"article:modified_time\" content=\"2026-05-06T09:58:32+00:00\" \/>\n<meta property=\"og:image\" content=\"https:\/\/www.sunnyplants.com\/wp-content\/uploads\/crassula-erosula-campfire.jpg\" \/>\n\t<meta property=\"og:image:width\" content=\"900\" \/>\n\t<meta property=\"og:image:height\" content=\"900\" \/>\n\t<meta property=\"og:image:type\" content=\"image\/jpeg\" \/>\n<meta name=\"twitter:card\" content=\"summary_large_image\" \/>\n<script type=\"application\/ld+json\" class=\"yoast-schema-graph\">{\"@context\":\"https:\\\/\\\/schema.org\",\"@graph\":[{\"@type\":\"WebPage\",\"@id\":\"https:\\\/\\\/www.sunnyplants.com\\\/de\\\/shop\\\/crassula-subacaulis-erosula-campfire-stecklinge\",\"url\":\"https:\\\/\\\/www.sunnyplants.com\\\/de\\\/shop\\\/crassula-subacaulis-erosula-campfire-stecklinge\",\"name\":\"Crassula subacaulis erosula - Campfire - Stecklinge - Sunnyplants.com\",\"isPartOf\":{\"@id\":\"https:\\\/\\\/www.sunnyplants.com\\\/de#website\"},\"primaryImageOfPage\":{\"@id\":\"https:\\\/\\\/www.sunnyplants.com\\\/de\\\/shop\\\/crassula-subacaulis-erosula-campfire-stecklinge#primaryimage\"},\"image\":{\"@id\":\"https:\\\/\\\/www.sunnyplants.com\\\/de\\\/shop\\\/crassula-subacaulis-erosula-campfire-stecklinge#primaryimage\"},\"thumbnailUrl\":\"https:\\\/\\\/www.sunnyplants.com\\\/wp-content\\\/uploads\\\/crassula-erosula-campfire.jpg\",\"datePublished\":\"2017-06-01T07:12:19+00:00\",\"dateModified\":\"2026-05-06T09:58:32+00:00\",\"description\":\"Crassula subacaulis erosula - Campfire - Stecklinge. Bitte beachte, dass sich die Farben im Laufe des Jahres von gr\u00fcn nach rot \u00e4ndern k\u00f6nnen.\",\"breadcrumb\":{\"@id\":\"https:\\\/\\\/www.sunnyplants.com\\\/de\\\/shop\\\/crassula-subacaulis-erosula-campfire-stecklinge#breadcrumb\"},\"inLanguage\":\"de-DE\",\"potentialAction\":[{\"@type\":\"ReadAction\",\"target\":[\"https:\\\/\\\/www.sunnyplants.com\\\/de\\\/shop\\\/crassula-subacaulis-erosula-campfire-stecklinge\"]}]},{\"@type\":\"ImageObject\",\"inLanguage\":\"de-DE\",\"@id\":\"https:\\\/\\\/www.sunnyplants.com\\\/de\\\/shop\\\/crassula-subacaulis-erosula-campfire-stecklinge#primaryimage\",\"url\":\"https:\\\/\\\/www.sunnyplants.com\\\/wp-content\\\/uploads\\\/crassula-erosula-campfire.jpg\",\"contentUrl\":\"https:\\\/\\\/www.sunnyplants.com\\\/wp-content\\\/uploads\\\/crassula-erosula-campfire.jpg\",\"width\":900,\"height\":900},{\"@type\":\"BreadcrumbList\",\"@id\":\"https:\\\/\\\/www.sunnyplants.com\\\/de\\\/shop\\\/crassula-subacaulis-erosula-campfire-stecklinge#breadcrumb\",\"itemListElement\":[{\"@type\":\"ListItem\",\"position\":1,\"name\":\"Home\",\"item\":\"https:\\\/\\\/www.sunnyplants.com\\\/de\\\/sunnyplants-de\"},{\"@type\":\"ListItem\",\"position\":2,\"name\":\"Shop\",\"item\":\"https:\\\/\\\/www.sunnyplants.com\\\/de\\\/shop-2\"},{\"@type\":\"ListItem\",\"position\":3,\"name\":\"Crassula subacaulis erosula &#8211; Campfire &#8211; Stecklinge\"}]},{\"@type\":\"WebSite\",\"@id\":\"https:\\\/\\\/www.sunnyplants.com\\\/de#website\",\"url\":\"https:\\\/\\\/www.sunnyplants.com\\\/de\",\"name\":\"Sunnyplants.com\",\"description\":\"Lithops, Conophytums and other Mesembs &amp; Succulents\",\"potentialAction\":[{\"@type\":\"SearchAction\",\"target\":{\"@type\":\"EntryPoint\",\"urlTemplate\":\"https:\\\/\\\/www.sunnyplants.com\\\/de?s={search_term_string}\"},\"query-input\":{\"@type\":\"PropertyValueSpecification\",\"valueRequired\":true,\"valueName\":\"search_term_string\"}}],\"inLanguage\":\"de-DE\"}]}<\/script>\n<!-- \/ Yoast SEO plugin. -->","yoast_head_json":{"title":"Crassula subacaulis erosula - Campfire - Stecklinge - Sunnyplants.com","description":"Crassula subacaulis erosula - Campfire - Stecklinge. Bitte beachte, dass sich die Farben im Laufe des Jahres von gr\u00fcn nach rot \u00e4ndern k\u00f6nnen.","robots":{"index":"index","follow":"follow","max-snippet":"max-snippet:-1","max-image-preview":"max-image-preview:large","max-video-preview":"max-video-preview:-1"},"canonical":"https:\/\/www.sunnyplants.com\/de\/shop\/crassula-subacaulis-erosula-campfire-stecklinge","og_locale":"de_DE","og_type":"article","og_title":"Crassula subacaulis erosula - Campfire - Stecklinge - Sunnyplants.com","og_description":"Crassula subacaulis erosula - Campfire - Stecklinge. Bitte beachte, dass sich die Farben im Laufe des Jahres von gr\u00fcn nach rot \u00e4ndern k\u00f6nnen.","og_url":"https:\/\/www.sunnyplants.com\/de\/shop\/crassula-subacaulis-erosula-campfire-stecklinge","og_site_name":"Sunnyplants.com","article_publisher":"https:\/\/nl-nl.facebook.com\/pages\/category\/Internet-Company\/Sunnyplantscom-1835401900058481\/","article_modified_time":"2026-05-06T09:58:32+00:00","og_image":[{"width":900,"height":900,"url":"https:\/\/www.sunnyplants.com\/wp-content\/uploads\/crassula-erosula-campfire.jpg","type":"image\/jpeg"}],"twitter_card":"summary_large_image","schema":{"@context":"https:\/\/schema.org","@graph":[{"@type":"WebPage","@id":"https:\/\/www.sunnyplants.com\/de\/shop\/crassula-subacaulis-erosula-campfire-stecklinge","url":"https:\/\/www.sunnyplants.com\/de\/shop\/crassula-subacaulis-erosula-campfire-stecklinge","name":"Crassula subacaulis erosula - Campfire - Stecklinge - Sunnyplants.com","isPartOf":{"@id":"https:\/\/www.sunnyplants.com\/de#website"},"primaryImageOfPage":{"@id":"https:\/\/www.sunnyplants.com\/de\/shop\/crassula-subacaulis-erosula-campfire-stecklinge#primaryimage"},"image":{"@id":"https:\/\/www.sunnyplants.com\/de\/shop\/crassula-subacaulis-erosula-campfire-stecklinge#primaryimage"},"thumbnailUrl":"https:\/\/www.sunnyplants.com\/wp-content\/uploads\/crassula-erosula-campfire.jpg","datePublished":"2017-06-01T07:12:19+00:00","dateModified":"2026-05-06T09:58:32+00:00","description":"Crassula subacaulis erosula - Campfire - Stecklinge. Bitte beachte, dass sich die Farben im Laufe des Jahres von gr\u00fcn nach rot \u00e4ndern k\u00f6nnen.","breadcrumb":{"@id":"https:\/\/www.sunnyplants.com\/de\/shop\/crassula-subacaulis-erosula-campfire-stecklinge#breadcrumb"},"inLanguage":"de-DE","potentialAction":[{"@type":"ReadAction","target":["https:\/\/www.sunnyplants.com\/de\/shop\/crassula-subacaulis-erosula-campfire-stecklinge"]}]},{"@type":"ImageObject","inLanguage":"de-DE","@id":"https:\/\/www.sunnyplants.com\/de\/shop\/crassula-subacaulis-erosula-campfire-stecklinge#primaryimage","url":"https:\/\/www.sunnyplants.com\/wp-content\/uploads\/crassula-erosula-campfire.jpg","contentUrl":"https:\/\/www.sunnyplants.com\/wp-content\/uploads\/crassula-erosula-campfire.jpg","width":900,"height":900},{"@type":"BreadcrumbList","@id":"https:\/\/www.sunnyplants.com\/de\/shop\/crassula-subacaulis-erosula-campfire-stecklinge#breadcrumb","itemListElement":[{"@type":"ListItem","position":1,"name":"Home","item":"https:\/\/www.sunnyplants.com\/de\/sunnyplants-de"},{"@type":"ListItem","position":2,"name":"Shop","item":"https:\/\/www.sunnyplants.com\/de\/shop-2"},{"@type":"ListItem","position":3,"name":"Crassula subacaulis erosula &#8211; Campfire &#8211; Stecklinge"}]},{"@type":"WebSite","@id":"https:\/\/www.sunnyplants.com\/de#website","url":"https:\/\/www.sunnyplants.com\/de","name":"Sunnyplants.com","description":"Lithops, Conophytums and other Mesembs &amp; Succulents","potentialAction":[{"@type":"SearchAction","target":{"@type":"EntryPoint","urlTemplate":"https:\/\/www.sunnyplants.com\/de?s={search_term_string}"},"query-input":{"@type":"PropertyValueSpecification","valueRequired":true,"valueName":"search_term_string"}}],"inLanguage":"de-DE"}]}},"jetpack_sharing_enabled":true,"_links":{"self":[{"href":"https:\/\/www.sunnyplants.com\/de\/wp-json\/wp\/v2\/product\/10074","targetHints":{"allow":["GET"]}}],"collection":[{"href":"https:\/\/www.sunnyplants.com\/de\/wp-json\/wp\/v2\/product"}],"about":[{"href":"https:\/\/www.sunnyplants.com\/de\/wp-json\/wp\/v2\/types\/product"}],"replies":[{"embeddable":true,"href":"https:\/\/www.sunnyplants.com\/de\/wp-json\/wp\/v2\/comments?post=10074"}],"wp:featuredmedia":[{"embeddable":true,"href":"https:\/\/www.sunnyplants.com\/de\/wp-json\/wp\/v2\/media\/28808"}],"wp:attachment":[{"href":"https:\/\/www.sunnyplants.com\/de\/wp-json\/wp\/v2\/media?parent=10074"}],"wp:term":[{"taxonomy":"product_brand","embeddable":true,"href":"https:\/\/www.sunnyplants.com\/de\/wp-json\/wp\/v2\/product_brand?post=10074"},{"taxonomy":"product_cat","embeddable":true,"href":"https:\/\/www.sunnyplants.com\/de\/wp-json\/wp\/v2\/product_cat?post=10074"},{"taxonomy":"product_tag","embeddable":true,"href":"https:\/\/www.sunnyplants.com\/de\/wp-json\/wp\/v2\/product_tag?post=10074"}],"curies":[{"name":"wp","href":"https:\/\/api.w.org\/{rel}","templated":true}]}}