{"id":10737,"date":"2019-10-23T18:50:14","date_gmt":"2019-10-23T18:50:14","guid":{"rendered":"https:\/\/www.sunnyplants.com\/?post_type=product&#038;p=10737"},"modified":"2026-03-10T19:52:15","modified_gmt":"2026-03-10T19:52:15","slug":"crassula-pyramidalis-stecklinge","status":"publish","type":"product","link":"https:\/\/www.sunnyplants.com\/de\/shop\/crassula-pyramidalis-stecklinge","title":{"rendered":"Crassula pyramidalis &#8211; Stecklinge"},"content":{"rendered":"<p>Diese wundersch\u00f6ne Miniatur Crassula aus S\u00fcdafrika \u00e4hnelt stark ihrem gr\u00f6\u00dferen Bruder, dem Crassula Buddhas Temple. Crassula pyramidalis ist kleiner und hat normalerweise mehr St\u00e4mme und \u00c4ste.<\/p>\n<h2>Crassula pyramidalis Pflege<\/h2>\n<p>Crassula pyramidalis w\u00e4chst am besten bei Temperaturen von 18-24 \u00b0 C. Wie die meisten Crassulaceae ist sie im Fr\u00fchling und Herbst am aktivsten. Dies ist die beste Zeit, um neue Stecklinge herzustellen. In dieser Zeit m\u00fcssen die Pflanzen h\u00e4ufiger bew\u00e4ssert werden. Halten Sie Crassula pyramidalis im Sommer trockener, wenn es sehr hei\u00df ist. Geben Sie etwas Schatten, wenn das Sonnenlicht sehr intensiv ist<\/p>\n","protected":false},"excerpt":{"rendered":"<p>Crassula pyramidalis Stecklinge von guter Qualit\u00e4t zum Verkauf. Jeder Steckling ist sorgf\u00e4ltig in Papier eingewickelt und wird mit einem Etikett und allgemeinen Wachstumsanweisungen geliefert. Wenn verf\u00fcgbar, werden wir immer versuchen, Ihnen einen Steckling zu senden, der bereits einige Wurzeln hat.<\/p>\n","protected":false},"featured_media":21120,"comment_status":"open","ping_status":"closed","template":"","meta":[],"product_brand":[],"product_cat":[348,278,347],"product_tag":[843,834],"class_list":{"0":"post-10737","1":"product","2":"type-product","3":"status-publish","4":"has-post-thumbnail","6":"product_cat-crassula-stecklinge","7":"product_cat-stecklinge","8":"product_cat-sukkulenten-stecklinge","9":"product_tag-stecklinge","10":"product_tag-zimmerpflanzen","11":"product_shipping_class-cuttings-small-plants-de","12":"pa_family-crassulaceae-de","13":"pa_product-type-stammstecklinge","14":"pa_quantity-1-steckling","15":"pa_size-2-4-cm-de","17":"first","18":"instock","19":"taxable","20":"shipping-taxable","21":"purchasable","22":"product-type-simple"},"yoast_head":"<!-- This site is optimized with the Yoast SEO plugin v27.4 - https:\/\/yoast.com\/product\/yoast-seo-wordpress\/ -->\n<title>Crassula pyramidalis Stecklinge zum Verkauf - Sunnyplants.com<\/title>\n<meta name=\"description\" content=\"Gesunde Crassula Pyramidalis Stecklinge zum Verkauf. Kaufen Sie diesen Sukkulenten Steckling und andere Pflanzen, Samen und Stecklinge in unserem Online-Shop bei Sunnyplants.com.\" \/>\n<meta name=\"robots\" content=\"index, follow, max-snippet:-1, max-image-preview:large, max-video-preview:-1\" \/>\n<link rel=\"canonical\" href=\"https:\/\/www.sunnyplants.com\/de\/shop\/crassula-pyramidalis-stecklinge\" \/>\n<meta property=\"og:locale\" content=\"de_DE\" \/>\n<meta property=\"og:type\" content=\"article\" \/>\n<meta property=\"og:title\" content=\"Crassula pyramidalis Stecklinge zum Verkauf - Sunnyplants.com\" \/>\n<meta property=\"og:description\" content=\"Gesunde Crassula Pyramidalis Stecklinge zum Verkauf. Kaufen Sie diesen Sukkulenten Steckling und andere Pflanzen, Samen und Stecklinge in unserem Online-Shop bei Sunnyplants.com.\" \/>\n<meta property=\"og:url\" content=\"https:\/\/www.sunnyplants.com\/de\/shop\/crassula-pyramidalis-stecklinge\" \/>\n<meta property=\"og:site_name\" content=\"Sunnyplants.com\" \/>\n<meta property=\"article:publisher\" content=\"https:\/\/nl-nl.facebook.com\/pages\/category\/Internet-Company\/Sunnyplantscom-1835401900058481\/\" \/>\n<meta property=\"article:modified_time\" content=\"2026-03-10T19:52:15+00:00\" \/>\n<meta property=\"og:image\" content=\"https:\/\/www.sunnyplants.com\/wp-content\/uploads\/crassula-pyramidalis-1.jpg\" \/>\n\t<meta property=\"og:image:width\" content=\"900\" \/>\n\t<meta property=\"og:image:height\" content=\"900\" \/>\n\t<meta property=\"og:image:type\" content=\"image\/jpeg\" \/>\n<meta name=\"twitter:card\" content=\"summary_large_image\" \/>\n<meta name=\"twitter:label1\" content=\"Gesch\u00e4tzte Lesezeit\" \/>\n\t<meta name=\"twitter:data1\" content=\"1 minute\" \/>\n<script type=\"application\/ld+json\" class=\"yoast-schema-graph\">{\"@context\":\"https:\\\/\\\/schema.org\",\"@graph\":[{\"@type\":\"WebPage\",\"@id\":\"https:\\\/\\\/www.sunnyplants.com\\\/de\\\/shop\\\/crassula-pyramidalis-stecklinge\",\"url\":\"https:\\\/\\\/www.sunnyplants.com\\\/de\\\/shop\\\/crassula-pyramidalis-stecklinge\",\"name\":\"Crassula pyramidalis Stecklinge zum Verkauf - Sunnyplants.com\",\"isPartOf\":{\"@id\":\"https:\\\/\\\/www.sunnyplants.com\\\/de#website\"},\"primaryImageOfPage\":{\"@id\":\"https:\\\/\\\/www.sunnyplants.com\\\/de\\\/shop\\\/crassula-pyramidalis-stecklinge#primaryimage\"},\"image\":{\"@id\":\"https:\\\/\\\/www.sunnyplants.com\\\/de\\\/shop\\\/crassula-pyramidalis-stecklinge#primaryimage\"},\"thumbnailUrl\":\"https:\\\/\\\/www.sunnyplants.com\\\/wp-content\\\/uploads\\\/crassula-pyramidalis-1.jpg\",\"datePublished\":\"2019-10-23T18:50:14+00:00\",\"dateModified\":\"2026-03-10T19:52:15+00:00\",\"description\":\"Gesunde Crassula Pyramidalis Stecklinge zum Verkauf. Kaufen Sie diesen Sukkulenten Steckling und andere Pflanzen, Samen und Stecklinge in unserem Online-Shop bei Sunnyplants.com.\",\"breadcrumb\":{\"@id\":\"https:\\\/\\\/www.sunnyplants.com\\\/de\\\/shop\\\/crassula-pyramidalis-stecklinge#breadcrumb\"},\"inLanguage\":\"de-DE\",\"potentialAction\":[{\"@type\":\"ReadAction\",\"target\":[\"https:\\\/\\\/www.sunnyplants.com\\\/de\\\/shop\\\/crassula-pyramidalis-stecklinge\"]}]},{\"@type\":\"ImageObject\",\"inLanguage\":\"de-DE\",\"@id\":\"https:\\\/\\\/www.sunnyplants.com\\\/de\\\/shop\\\/crassula-pyramidalis-stecklinge#primaryimage\",\"url\":\"https:\\\/\\\/www.sunnyplants.com\\\/wp-content\\\/uploads\\\/crassula-pyramidalis-1.jpg\",\"contentUrl\":\"https:\\\/\\\/www.sunnyplants.com\\\/wp-content\\\/uploads\\\/crassula-pyramidalis-1.jpg\",\"width\":900,\"height\":900},{\"@type\":\"BreadcrumbList\",\"@id\":\"https:\\\/\\\/www.sunnyplants.com\\\/de\\\/shop\\\/crassula-pyramidalis-stecklinge#breadcrumb\",\"itemListElement\":[{\"@type\":\"ListItem\",\"position\":1,\"name\":\"Home\",\"item\":\"https:\\\/\\\/www.sunnyplants.com\\\/de\\\/sunnyplants-de\"},{\"@type\":\"ListItem\",\"position\":2,\"name\":\"Shop\",\"item\":\"https:\\\/\\\/www.sunnyplants.com\\\/de\\\/shop-2\"},{\"@type\":\"ListItem\",\"position\":3,\"name\":\"Crassula pyramidalis &#8211; Stecklinge\"}]},{\"@type\":\"WebSite\",\"@id\":\"https:\\\/\\\/www.sunnyplants.com\\\/de#website\",\"url\":\"https:\\\/\\\/www.sunnyplants.com\\\/de\",\"name\":\"Sunnyplants.com\",\"description\":\"Lithops, Conophytums and other Mesembs &amp; Succulents\",\"potentialAction\":[{\"@type\":\"SearchAction\",\"target\":{\"@type\":\"EntryPoint\",\"urlTemplate\":\"https:\\\/\\\/www.sunnyplants.com\\\/de?s={search_term_string}\"},\"query-input\":{\"@type\":\"PropertyValueSpecification\",\"valueRequired\":true,\"valueName\":\"search_term_string\"}}],\"inLanguage\":\"de-DE\"}]}<\/script>\n<!-- \/ Yoast SEO plugin. -->","yoast_head_json":{"title":"Crassula pyramidalis Stecklinge zum Verkauf - Sunnyplants.com","description":"Gesunde Crassula Pyramidalis Stecklinge zum Verkauf. Kaufen Sie diesen Sukkulenten Steckling und andere Pflanzen, Samen und Stecklinge in unserem Online-Shop bei Sunnyplants.com.","robots":{"index":"index","follow":"follow","max-snippet":"max-snippet:-1","max-image-preview":"max-image-preview:large","max-video-preview":"max-video-preview:-1"},"canonical":"https:\/\/www.sunnyplants.com\/de\/shop\/crassula-pyramidalis-stecklinge","og_locale":"de_DE","og_type":"article","og_title":"Crassula pyramidalis Stecklinge zum Verkauf - Sunnyplants.com","og_description":"Gesunde Crassula Pyramidalis Stecklinge zum Verkauf. Kaufen Sie diesen Sukkulenten Steckling und andere Pflanzen, Samen und Stecklinge in unserem Online-Shop bei Sunnyplants.com.","og_url":"https:\/\/www.sunnyplants.com\/de\/shop\/crassula-pyramidalis-stecklinge","og_site_name":"Sunnyplants.com","article_publisher":"https:\/\/nl-nl.facebook.com\/pages\/category\/Internet-Company\/Sunnyplantscom-1835401900058481\/","article_modified_time":"2026-03-10T19:52:15+00:00","og_image":[{"width":900,"height":900,"url":"https:\/\/www.sunnyplants.com\/wp-content\/uploads\/crassula-pyramidalis-1.jpg","type":"image\/jpeg"}],"twitter_card":"summary_large_image","twitter_misc":{"Gesch\u00e4tzte Lesezeit":"1 minute"},"schema":{"@context":"https:\/\/schema.org","@graph":[{"@type":"WebPage","@id":"https:\/\/www.sunnyplants.com\/de\/shop\/crassula-pyramidalis-stecklinge","url":"https:\/\/www.sunnyplants.com\/de\/shop\/crassula-pyramidalis-stecklinge","name":"Crassula pyramidalis Stecklinge zum Verkauf - Sunnyplants.com","isPartOf":{"@id":"https:\/\/www.sunnyplants.com\/de#website"},"primaryImageOfPage":{"@id":"https:\/\/www.sunnyplants.com\/de\/shop\/crassula-pyramidalis-stecklinge#primaryimage"},"image":{"@id":"https:\/\/www.sunnyplants.com\/de\/shop\/crassula-pyramidalis-stecklinge#primaryimage"},"thumbnailUrl":"https:\/\/www.sunnyplants.com\/wp-content\/uploads\/crassula-pyramidalis-1.jpg","datePublished":"2019-10-23T18:50:14+00:00","dateModified":"2026-03-10T19:52:15+00:00","description":"Gesunde Crassula Pyramidalis Stecklinge zum Verkauf. Kaufen Sie diesen Sukkulenten Steckling und andere Pflanzen, Samen und Stecklinge in unserem Online-Shop bei Sunnyplants.com.","breadcrumb":{"@id":"https:\/\/www.sunnyplants.com\/de\/shop\/crassula-pyramidalis-stecklinge#breadcrumb"},"inLanguage":"de-DE","potentialAction":[{"@type":"ReadAction","target":["https:\/\/www.sunnyplants.com\/de\/shop\/crassula-pyramidalis-stecklinge"]}]},{"@type":"ImageObject","inLanguage":"de-DE","@id":"https:\/\/www.sunnyplants.com\/de\/shop\/crassula-pyramidalis-stecklinge#primaryimage","url":"https:\/\/www.sunnyplants.com\/wp-content\/uploads\/crassula-pyramidalis-1.jpg","contentUrl":"https:\/\/www.sunnyplants.com\/wp-content\/uploads\/crassula-pyramidalis-1.jpg","width":900,"height":900},{"@type":"BreadcrumbList","@id":"https:\/\/www.sunnyplants.com\/de\/shop\/crassula-pyramidalis-stecklinge#breadcrumb","itemListElement":[{"@type":"ListItem","position":1,"name":"Home","item":"https:\/\/www.sunnyplants.com\/de\/sunnyplants-de"},{"@type":"ListItem","position":2,"name":"Shop","item":"https:\/\/www.sunnyplants.com\/de\/shop-2"},{"@type":"ListItem","position":3,"name":"Crassula pyramidalis &#8211; Stecklinge"}]},{"@type":"WebSite","@id":"https:\/\/www.sunnyplants.com\/de#website","url":"https:\/\/www.sunnyplants.com\/de","name":"Sunnyplants.com","description":"Lithops, Conophytums and other Mesembs &amp; Succulents","potentialAction":[{"@type":"SearchAction","target":{"@type":"EntryPoint","urlTemplate":"https:\/\/www.sunnyplants.com\/de?s={search_term_string}"},"query-input":{"@type":"PropertyValueSpecification","valueRequired":true,"valueName":"search_term_string"}}],"inLanguage":"de-DE"}]}},"jetpack_sharing_enabled":true,"_links":{"self":[{"href":"https:\/\/www.sunnyplants.com\/de\/wp-json\/wp\/v2\/product\/10737","targetHints":{"allow":["GET"]}}],"collection":[{"href":"https:\/\/www.sunnyplants.com\/de\/wp-json\/wp\/v2\/product"}],"about":[{"href":"https:\/\/www.sunnyplants.com\/de\/wp-json\/wp\/v2\/types\/product"}],"replies":[{"embeddable":true,"href":"https:\/\/www.sunnyplants.com\/de\/wp-json\/wp\/v2\/comments?post=10737"}],"wp:featuredmedia":[{"embeddable":true,"href":"https:\/\/www.sunnyplants.com\/de\/wp-json\/wp\/v2\/media\/21120"}],"wp:attachment":[{"href":"https:\/\/www.sunnyplants.com\/de\/wp-json\/wp\/v2\/media?parent=10737"}],"wp:term":[{"taxonomy":"product_brand","embeddable":true,"href":"https:\/\/www.sunnyplants.com\/de\/wp-json\/wp\/v2\/product_brand?post=10737"},{"taxonomy":"product_cat","embeddable":true,"href":"https:\/\/www.sunnyplants.com\/de\/wp-json\/wp\/v2\/product_cat?post=10737"},{"taxonomy":"product_tag","embeddable":true,"href":"https:\/\/www.sunnyplants.com\/de\/wp-json\/wp\/v2\/product_tag?post=10737"}],"curies":[{"name":"wp","href":"https:\/\/api.w.org\/{rel}","templated":true}]}}