{"id":11117,"date":"2017-10-23T09:04:25","date_gmt":"2017-10-23T09:04:25","guid":{"rendered":"https:\/\/www.sunnyplants.com\/shop\/bimsstein-bims"},"modified":"2024-10-11T18:15:54","modified_gmt":"2024-10-11T18:15:54","slug":"bimsstein-bims","status":"publish","type":"product","link":"https:\/\/www.sunnyplants.com\/de\/shop\/bimsstein-bims","title":{"rendered":"Bimsstein (Bims) (500 ml)"},"content":{"rendered":"<p>Bimskies, Bims oder Bimsstein ist ein einzigartiges Naturprodukt, das in Vergussmischungen f\u00fcr Kakteen und Sukkulenten verwendet wird. Einige Pflanzenz\u00fcchter z\u00fcchten erfolgreich Kakteen auf reinen Bims. Bimskies ist so beliebt, weil es leicht ist und die Struktur des Bodens wirklich \u00f6ffnet, so dass mehr Luft die Wurzeln der Pflanzen erreichen kann und das Wasser schneller abflie\u00dft. Die Bims-Partikel sind <strong>2 &#8211; 5 mm<\/strong>. Pure Bims eignet sich auch sehr gut zum Keimen von Kakteen und saftigen Samen. Wir hatten sehr gute Ergebnisse mit Stapelia-, Hoodia- und Caralluma-Arten. Die Keimung war schnell und es gab keine Probleme mit der Schimmelbildung, auch ohne die Samen mit einem Desinfektionsmittel zu behandeln.<\/p>\n","protected":false},"excerpt":{"rendered":"<p>Bimskies (<strong>2-5 mm<\/strong>), Bims oder Bimsstein ist ein einzigartiges Naturprodukt, das in Vergussmischungen f\u00fcr Kakteen und Sukkulenten verwendet wird.<\/p>\n","protected":false},"featured_media":11098,"comment_status":"open","ping_status":"closed","template":"","meta":[],"product_brand":[],"product_cat":[1364,1361],"product_tag":[],"class_list":{"0":"post-11117","1":"product","2":"type-product","3":"status-publish","4":"has-post-thumbnail","6":"product_cat-erden-ernaehrung","7":"product_cat-zubehoer","8":"product_shipping_class-soil-de","9":"pa_quantity-500-ml-de","11":"first","12":"instock","13":"taxable","14":"shipping-taxable","15":"purchasable","16":"product-type-simple"},"yoast_head":"<!-- This site is optimized with the Yoast SEO plugin v27.4 - https:\/\/yoast.com\/product\/yoast-seo-wordpress\/ -->\n<title>Bimsstein (Bims) (500 ml) - Sunnyplants.com<\/title>\n<meta name=\"description\" content=\"Bimskies (2-5 mm), Bims oder Bimsstein ist ein einzigartiges Naturprodukt, das in Vergussmischungen f\u00fcr Kakteen und Sukkulenten verwendet wird.\" \/>\n<meta name=\"robots\" content=\"index, follow, max-snippet:-1, max-image-preview:large, max-video-preview:-1\" \/>\n<link rel=\"canonical\" href=\"https:\/\/www.sunnyplants.com\/de\/shop\/bimsstein-bims\" \/>\n<meta property=\"og:locale\" content=\"de_DE\" \/>\n<meta property=\"og:type\" content=\"article\" \/>\n<meta property=\"og:title\" content=\"Bimsstein (Bims) (500 ml) - Sunnyplants.com\" \/>\n<meta property=\"og:description\" content=\"Bimskies (2-5 mm), Bims oder Bimsstein ist ein einzigartiges Naturprodukt, das in Vergussmischungen f\u00fcr Kakteen und Sukkulenten verwendet wird.\" \/>\n<meta property=\"og:url\" content=\"https:\/\/www.sunnyplants.com\/de\/shop\/bimsstein-bims\" \/>\n<meta property=\"og:site_name\" content=\"Sunnyplants.com\" \/>\n<meta property=\"article:publisher\" content=\"https:\/\/nl-nl.facebook.com\/pages\/category\/Internet-Company\/Sunnyplantscom-1835401900058481\/\" \/>\n<meta property=\"article:modified_time\" content=\"2024-10-11T18:15:54+00:00\" \/>\n<meta property=\"og:image\" content=\"https:\/\/www.sunnyplants.com\/wp-content\/uploads\/bims-pumice.jpg\" \/>\n\t<meta property=\"og:image:width\" content=\"900\" \/>\n\t<meta property=\"og:image:height\" content=\"900\" \/>\n\t<meta property=\"og:image:type\" content=\"image\/jpeg\" \/>\n<meta name=\"twitter:card\" content=\"summary_large_image\" \/>\n<meta name=\"twitter:label1\" content=\"Gesch\u00e4tzte Lesezeit\" \/>\n\t<meta name=\"twitter:data1\" content=\"1 minute\" \/>\n<script type=\"application\/ld+json\" class=\"yoast-schema-graph\">{\"@context\":\"https:\\\/\\\/schema.org\",\"@graph\":[{\"@type\":\"WebPage\",\"@id\":\"https:\\\/\\\/www.sunnyplants.com\\\/de\\\/shop\\\/bimsstein-bims\",\"url\":\"https:\\\/\\\/www.sunnyplants.com\\\/de\\\/shop\\\/bimsstein-bims\",\"name\":\"Bimsstein (Bims) (500 ml) - Sunnyplants.com\",\"isPartOf\":{\"@id\":\"https:\\\/\\\/www.sunnyplants.com\\\/de#website\"},\"primaryImageOfPage\":{\"@id\":\"https:\\\/\\\/www.sunnyplants.com\\\/de\\\/shop\\\/bimsstein-bims#primaryimage\"},\"image\":{\"@id\":\"https:\\\/\\\/www.sunnyplants.com\\\/de\\\/shop\\\/bimsstein-bims#primaryimage\"},\"thumbnailUrl\":\"https:\\\/\\\/www.sunnyplants.com\\\/wp-content\\\/uploads\\\/bims-pumice.jpg\",\"datePublished\":\"2017-10-23T09:04:25+00:00\",\"dateModified\":\"2024-10-11T18:15:54+00:00\",\"description\":\"Bimskies (2-5 mm), Bims oder Bimsstein ist ein einzigartiges Naturprodukt, das in Vergussmischungen f\u00fcr Kakteen und Sukkulenten verwendet wird.\",\"breadcrumb\":{\"@id\":\"https:\\\/\\\/www.sunnyplants.com\\\/de\\\/shop\\\/bimsstein-bims#breadcrumb\"},\"inLanguage\":\"de-DE\",\"potentialAction\":[{\"@type\":\"ReadAction\",\"target\":[\"https:\\\/\\\/www.sunnyplants.com\\\/de\\\/shop\\\/bimsstein-bims\"]}]},{\"@type\":\"ImageObject\",\"inLanguage\":\"de-DE\",\"@id\":\"https:\\\/\\\/www.sunnyplants.com\\\/de\\\/shop\\\/bimsstein-bims#primaryimage\",\"url\":\"https:\\\/\\\/www.sunnyplants.com\\\/wp-content\\\/uploads\\\/bims-pumice.jpg\",\"contentUrl\":\"https:\\\/\\\/www.sunnyplants.com\\\/wp-content\\\/uploads\\\/bims-pumice.jpg\",\"width\":900,\"height\":900},{\"@type\":\"BreadcrumbList\",\"@id\":\"https:\\\/\\\/www.sunnyplants.com\\\/de\\\/shop\\\/bimsstein-bims#breadcrumb\",\"itemListElement\":[{\"@type\":\"ListItem\",\"position\":1,\"name\":\"Home\",\"item\":\"https:\\\/\\\/www.sunnyplants.com\\\/de\\\/sunnyplants-de\"},{\"@type\":\"ListItem\",\"position\":2,\"name\":\"Shop\",\"item\":\"https:\\\/\\\/www.sunnyplants.com\\\/de\\\/shop-2\"},{\"@type\":\"ListItem\",\"position\":3,\"name\":\"Bimsstein (Bims) (500 ml)\"}]},{\"@type\":\"WebSite\",\"@id\":\"https:\\\/\\\/www.sunnyplants.com\\\/de#website\",\"url\":\"https:\\\/\\\/www.sunnyplants.com\\\/de\",\"name\":\"Sunnyplants.com\",\"description\":\"Lithops, Conophytums and other Mesembs &amp; Succulents\",\"potentialAction\":[{\"@type\":\"SearchAction\",\"target\":{\"@type\":\"EntryPoint\",\"urlTemplate\":\"https:\\\/\\\/www.sunnyplants.com\\\/de?s={search_term_string}\"},\"query-input\":{\"@type\":\"PropertyValueSpecification\",\"valueRequired\":true,\"valueName\":\"search_term_string\"}}],\"inLanguage\":\"de-DE\"}]}<\/script>\n<!-- \/ Yoast SEO plugin. -->","yoast_head_json":{"title":"Bimsstein (Bims) (500 ml) - Sunnyplants.com","description":"Bimskies (2-5 mm), Bims oder Bimsstein ist ein einzigartiges Naturprodukt, das in Vergussmischungen f\u00fcr Kakteen und Sukkulenten verwendet wird.","robots":{"index":"index","follow":"follow","max-snippet":"max-snippet:-1","max-image-preview":"max-image-preview:large","max-video-preview":"max-video-preview:-1"},"canonical":"https:\/\/www.sunnyplants.com\/de\/shop\/bimsstein-bims","og_locale":"de_DE","og_type":"article","og_title":"Bimsstein (Bims) (500 ml) - Sunnyplants.com","og_description":"Bimskies (2-5 mm), Bims oder Bimsstein ist ein einzigartiges Naturprodukt, das in Vergussmischungen f\u00fcr Kakteen und Sukkulenten verwendet wird.","og_url":"https:\/\/www.sunnyplants.com\/de\/shop\/bimsstein-bims","og_site_name":"Sunnyplants.com","article_publisher":"https:\/\/nl-nl.facebook.com\/pages\/category\/Internet-Company\/Sunnyplantscom-1835401900058481\/","article_modified_time":"2024-10-11T18:15:54+00:00","og_image":[{"width":900,"height":900,"url":"https:\/\/www.sunnyplants.com\/wp-content\/uploads\/bims-pumice.jpg","type":"image\/jpeg"}],"twitter_card":"summary_large_image","twitter_misc":{"Gesch\u00e4tzte Lesezeit":"1 minute"},"schema":{"@context":"https:\/\/schema.org","@graph":[{"@type":"WebPage","@id":"https:\/\/www.sunnyplants.com\/de\/shop\/bimsstein-bims","url":"https:\/\/www.sunnyplants.com\/de\/shop\/bimsstein-bims","name":"Bimsstein (Bims) (500 ml) - Sunnyplants.com","isPartOf":{"@id":"https:\/\/www.sunnyplants.com\/de#website"},"primaryImageOfPage":{"@id":"https:\/\/www.sunnyplants.com\/de\/shop\/bimsstein-bims#primaryimage"},"image":{"@id":"https:\/\/www.sunnyplants.com\/de\/shop\/bimsstein-bims#primaryimage"},"thumbnailUrl":"https:\/\/www.sunnyplants.com\/wp-content\/uploads\/bims-pumice.jpg","datePublished":"2017-10-23T09:04:25+00:00","dateModified":"2024-10-11T18:15:54+00:00","description":"Bimskies (2-5 mm), Bims oder Bimsstein ist ein einzigartiges Naturprodukt, das in Vergussmischungen f\u00fcr Kakteen und Sukkulenten verwendet wird.","breadcrumb":{"@id":"https:\/\/www.sunnyplants.com\/de\/shop\/bimsstein-bims#breadcrumb"},"inLanguage":"de-DE","potentialAction":[{"@type":"ReadAction","target":["https:\/\/www.sunnyplants.com\/de\/shop\/bimsstein-bims"]}]},{"@type":"ImageObject","inLanguage":"de-DE","@id":"https:\/\/www.sunnyplants.com\/de\/shop\/bimsstein-bims#primaryimage","url":"https:\/\/www.sunnyplants.com\/wp-content\/uploads\/bims-pumice.jpg","contentUrl":"https:\/\/www.sunnyplants.com\/wp-content\/uploads\/bims-pumice.jpg","width":900,"height":900},{"@type":"BreadcrumbList","@id":"https:\/\/www.sunnyplants.com\/de\/shop\/bimsstein-bims#breadcrumb","itemListElement":[{"@type":"ListItem","position":1,"name":"Home","item":"https:\/\/www.sunnyplants.com\/de\/sunnyplants-de"},{"@type":"ListItem","position":2,"name":"Shop","item":"https:\/\/www.sunnyplants.com\/de\/shop-2"},{"@type":"ListItem","position":3,"name":"Bimsstein (Bims) (500 ml)"}]},{"@type":"WebSite","@id":"https:\/\/www.sunnyplants.com\/de#website","url":"https:\/\/www.sunnyplants.com\/de","name":"Sunnyplants.com","description":"Lithops, Conophytums and other Mesembs &amp; Succulents","potentialAction":[{"@type":"SearchAction","target":{"@type":"EntryPoint","urlTemplate":"https:\/\/www.sunnyplants.com\/de?s={search_term_string}"},"query-input":{"@type":"PropertyValueSpecification","valueRequired":true,"valueName":"search_term_string"}}],"inLanguage":"de-DE"}]}},"jetpack_sharing_enabled":true,"_links":{"self":[{"href":"https:\/\/www.sunnyplants.com\/de\/wp-json\/wp\/v2\/product\/11117","targetHints":{"allow":["GET"]}}],"collection":[{"href":"https:\/\/www.sunnyplants.com\/de\/wp-json\/wp\/v2\/product"}],"about":[{"href":"https:\/\/www.sunnyplants.com\/de\/wp-json\/wp\/v2\/types\/product"}],"replies":[{"embeddable":true,"href":"https:\/\/www.sunnyplants.com\/de\/wp-json\/wp\/v2\/comments?post=11117"}],"wp:featuredmedia":[{"embeddable":true,"href":"https:\/\/www.sunnyplants.com\/de\/wp-json\/wp\/v2\/media\/11098"}],"wp:attachment":[{"href":"https:\/\/www.sunnyplants.com\/de\/wp-json\/wp\/v2\/media?parent=11117"}],"wp:term":[{"taxonomy":"product_brand","embeddable":true,"href":"https:\/\/www.sunnyplants.com\/de\/wp-json\/wp\/v2\/product_brand?post=11117"},{"taxonomy":"product_cat","embeddable":true,"href":"https:\/\/www.sunnyplants.com\/de\/wp-json\/wp\/v2\/product_cat?post=11117"},{"taxonomy":"product_tag","embeddable":true,"href":"https:\/\/www.sunnyplants.com\/de\/wp-json\/wp\/v2\/product_tag?post=11117"}],"curies":[{"name":"wp","href":"https:\/\/api.w.org\/{rel}","templated":true}]}}