{"id":11119,"date":"2017-10-23T09:33:38","date_gmt":"2017-10-23T09:33:39","guid":{"rendered":"https:\/\/www.sunnyplants.com?post_type=product&#038;p=11119"},"modified":"2024-10-11T18:13:46","modified_gmt":"2024-10-11T18:13:46","slug":"kaktus-und-sukkulenten-erde","status":"publish","type":"product","link":"https:\/\/www.sunnyplants.com\/de\/shop\/kaktus-und-sukkulenten-erde","title":{"rendered":"Kaktus und Sukkulenten Erde (500 ml)"},"content":{"rendered":"<p>Professionelle Kaktus- und Sukkulentenerdemischung (500 ml) zum Verkauf. Es besteht aus vielen handverlesenen Komponenten. Wir mischen und verwenden diese Erde selbst.<\/p>\n","protected":false},"excerpt":{"rendered":"<p>Dies ist eine ausgewogene und professionelle Bodenmischung speziell f\u00fcr Sukkulenten und Kakteen. Die Komponenten werden von uns handverlesen. Wir mischen und verwenden diese Erde f\u00fcr unsere eigenen Pflanzen. Der Boden hat die richtigen pH-Werte und optimale Drainagef\u00e4higkeiten. Es eignet sich nicht nur zum Pflanzen von Sukkulenten, sondern auch zum Keimen und Auss\u00e4en von Sukkulentensamen und zum Bewurzeln von Sukkulentenstecklingen.<\/p>\n","protected":false},"featured_media":19151,"comment_status":"open","ping_status":"closed","template":"","meta":[],"product_brand":[],"product_cat":[1364,1361],"product_tag":[],"class_list":{"0":"post-11119","1":"product","2":"type-product","3":"status-publish","4":"has-post-thumbnail","6":"product_cat-erden-ernaehrung","7":"product_cat-zubehoer","8":"product_shipping_class-soil-de","9":"pa_quantity-500-ml-de","11":"first","12":"instock","13":"taxable","14":"shipping-taxable","15":"purchasable","16":"product-type-simple"},"yoast_head":"<!-- This site is optimized with the Yoast SEO plugin v27.5 - https:\/\/yoast.com\/product\/yoast-seo-wordpress\/ -->\n<title>Kaktus und Sukkulenten Erde (500 ml) - Sunnyplants.com<\/title>\n<meta name=\"description\" content=\"Dies ist eine ausgewogene und professionelle Bodenmischung speziell f\u00fcr Sukkulenten und Kakteen. Die Komponenten werden von uns handverlesen. Wir mischen und verwenden diese Erde f\u00fcr unsere eigenen Pflanzen. Der Boden hat die richtigen pH-Werte und optimale Drainagef\u00e4higkeiten. Es eignet sich nicht nur zum Pflanzen von Sukkulenten, sondern auch zum Keimen und Auss\u00e4en von Sukkulentensamen und zum Bewurzeln von Sukkulentenstecklingen.\" \/>\n<meta name=\"robots\" content=\"index, follow, max-snippet:-1, max-image-preview:large, max-video-preview:-1\" \/>\n<link rel=\"canonical\" href=\"https:\/\/www.sunnyplants.com\/de\/shop\/kaktus-und-sukkulenten-erde\" \/>\n<meta property=\"og:locale\" content=\"de_DE\" \/>\n<meta property=\"og:type\" content=\"article\" \/>\n<meta property=\"og:title\" content=\"Kaktus und Sukkulenten Erde (500 ml) - Sunnyplants.com\" \/>\n<meta property=\"og:description\" content=\"Dies ist eine ausgewogene und professionelle Bodenmischung speziell f\u00fcr Sukkulenten und Kakteen. Die Komponenten werden von uns handverlesen. Wir mischen und verwenden diese Erde f\u00fcr unsere eigenen Pflanzen. Der Boden hat die richtigen pH-Werte und optimale Drainagef\u00e4higkeiten. Es eignet sich nicht nur zum Pflanzen von Sukkulenten, sondern auch zum Keimen und Auss\u00e4en von Sukkulentensamen und zum Bewurzeln von Sukkulentenstecklingen.\" \/>\n<meta property=\"og:url\" content=\"https:\/\/www.sunnyplants.com\/de\/shop\/kaktus-und-sukkulenten-erde\" \/>\n<meta property=\"og:site_name\" content=\"Sunnyplants.com\" \/>\n<meta property=\"article:publisher\" content=\"https:\/\/nl-nl.facebook.com\/pages\/category\/Internet-Company\/Sunnyplantscom-1835401900058481\/\" \/>\n<meta property=\"article:modified_time\" content=\"2024-10-11T18:13:46+00:00\" \/>\n<meta property=\"og:image\" content=\"https:\/\/www.sunnyplants.com\/wp-content\/uploads\/cactus-succulent-soil-1.jpg\" \/>\n\t<meta property=\"og:image:width\" content=\"900\" \/>\n\t<meta property=\"og:image:height\" content=\"900\" \/>\n\t<meta property=\"og:image:type\" content=\"image\/jpeg\" \/>\n<meta name=\"twitter:card\" content=\"summary_large_image\" \/>\n<script type=\"application\/ld+json\" class=\"yoast-schema-graph\">{\"@context\":\"https:\\\/\\\/schema.org\",\"@graph\":[{\"@type\":\"WebPage\",\"@id\":\"https:\\\/\\\/www.sunnyplants.com\\\/de\\\/shop\\\/kaktus-und-sukkulenten-erde\",\"url\":\"https:\\\/\\\/www.sunnyplants.com\\\/de\\\/shop\\\/kaktus-und-sukkulenten-erde\",\"name\":\"Kaktus und Sukkulenten Erde (500 ml) - Sunnyplants.com\",\"isPartOf\":{\"@id\":\"https:\\\/\\\/www.sunnyplants.com\\\/de#website\"},\"primaryImageOfPage\":{\"@id\":\"https:\\\/\\\/www.sunnyplants.com\\\/de\\\/shop\\\/kaktus-und-sukkulenten-erde#primaryimage\"},\"image\":{\"@id\":\"https:\\\/\\\/www.sunnyplants.com\\\/de\\\/shop\\\/kaktus-und-sukkulenten-erde#primaryimage\"},\"thumbnailUrl\":\"https:\\\/\\\/www.sunnyplants.com\\\/wp-content\\\/uploads\\\/cactus-succulent-soil-1.jpg\",\"datePublished\":\"2017-10-23T09:33:39+00:00\",\"dateModified\":\"2024-10-11T18:13:46+00:00\",\"description\":\"Dies ist eine ausgewogene und professionelle Bodenmischung speziell f\u00fcr Sukkulenten und Kakteen. Die Komponenten werden von uns handverlesen. Wir mischen und verwenden diese Erde f\u00fcr unsere eigenen Pflanzen. Der Boden hat die richtigen pH-Werte und optimale Drainagef\u00e4higkeiten. Es eignet sich nicht nur zum Pflanzen von Sukkulenten, sondern auch zum Keimen und Auss\u00e4en von Sukkulentensamen und zum Bewurzeln von Sukkulentenstecklingen.\",\"breadcrumb\":{\"@id\":\"https:\\\/\\\/www.sunnyplants.com\\\/de\\\/shop\\\/kaktus-und-sukkulenten-erde#breadcrumb\"},\"inLanguage\":\"de-DE\",\"potentialAction\":[{\"@type\":\"ReadAction\",\"target\":[\"https:\\\/\\\/www.sunnyplants.com\\\/de\\\/shop\\\/kaktus-und-sukkulenten-erde\"]}]},{\"@type\":\"ImageObject\",\"inLanguage\":\"de-DE\",\"@id\":\"https:\\\/\\\/www.sunnyplants.com\\\/de\\\/shop\\\/kaktus-und-sukkulenten-erde#primaryimage\",\"url\":\"https:\\\/\\\/www.sunnyplants.com\\\/wp-content\\\/uploads\\\/cactus-succulent-soil-1.jpg\",\"contentUrl\":\"https:\\\/\\\/www.sunnyplants.com\\\/wp-content\\\/uploads\\\/cactus-succulent-soil-1.jpg\",\"width\":900,\"height\":900},{\"@type\":\"BreadcrumbList\",\"@id\":\"https:\\\/\\\/www.sunnyplants.com\\\/de\\\/shop\\\/kaktus-und-sukkulenten-erde#breadcrumb\",\"itemListElement\":[{\"@type\":\"ListItem\",\"position\":1,\"name\":\"Home\",\"item\":\"https:\\\/\\\/www.sunnyplants.com\\\/de\\\/sunnyplants-de\"},{\"@type\":\"ListItem\",\"position\":2,\"name\":\"Shop\",\"item\":\"https:\\\/\\\/www.sunnyplants.com\\\/de\\\/shop-2\"},{\"@type\":\"ListItem\",\"position\":3,\"name\":\"Kaktus und Sukkulenten Erde (500 ml)\"}]},{\"@type\":\"WebSite\",\"@id\":\"https:\\\/\\\/www.sunnyplants.com\\\/de#website\",\"url\":\"https:\\\/\\\/www.sunnyplants.com\\\/de\",\"name\":\"Sunnyplants.com\",\"description\":\"Lithops, Conophytums and other Mesembs &amp; Succulents\",\"potentialAction\":[{\"@type\":\"SearchAction\",\"target\":{\"@type\":\"EntryPoint\",\"urlTemplate\":\"https:\\\/\\\/www.sunnyplants.com\\\/de?s={search_term_string}\"},\"query-input\":{\"@type\":\"PropertyValueSpecification\",\"valueRequired\":true,\"valueName\":\"search_term_string\"}}],\"inLanguage\":\"de-DE\"}]}<\/script>\n<!-- \/ Yoast SEO plugin. -->","yoast_head_json":{"title":"Kaktus und Sukkulenten Erde (500 ml) - Sunnyplants.com","description":"Dies ist eine ausgewogene und professionelle Bodenmischung speziell f\u00fcr Sukkulenten und Kakteen. Die Komponenten werden von uns handverlesen. Wir mischen und verwenden diese Erde f\u00fcr unsere eigenen Pflanzen. Der Boden hat die richtigen pH-Werte und optimale Drainagef\u00e4higkeiten. Es eignet sich nicht nur zum Pflanzen von Sukkulenten, sondern auch zum Keimen und Auss\u00e4en von Sukkulentensamen und zum Bewurzeln von Sukkulentenstecklingen.","robots":{"index":"index","follow":"follow","max-snippet":"max-snippet:-1","max-image-preview":"max-image-preview:large","max-video-preview":"max-video-preview:-1"},"canonical":"https:\/\/www.sunnyplants.com\/de\/shop\/kaktus-und-sukkulenten-erde","og_locale":"de_DE","og_type":"article","og_title":"Kaktus und Sukkulenten Erde (500 ml) - Sunnyplants.com","og_description":"Dies ist eine ausgewogene und professionelle Bodenmischung speziell f\u00fcr Sukkulenten und Kakteen. Die Komponenten werden von uns handverlesen. Wir mischen und verwenden diese Erde f\u00fcr unsere eigenen Pflanzen. Der Boden hat die richtigen pH-Werte und optimale Drainagef\u00e4higkeiten. Es eignet sich nicht nur zum Pflanzen von Sukkulenten, sondern auch zum Keimen und Auss\u00e4en von Sukkulentensamen und zum Bewurzeln von Sukkulentenstecklingen.","og_url":"https:\/\/www.sunnyplants.com\/de\/shop\/kaktus-und-sukkulenten-erde","og_site_name":"Sunnyplants.com","article_publisher":"https:\/\/nl-nl.facebook.com\/pages\/category\/Internet-Company\/Sunnyplantscom-1835401900058481\/","article_modified_time":"2024-10-11T18:13:46+00:00","og_image":[{"width":900,"height":900,"url":"https:\/\/www.sunnyplants.com\/wp-content\/uploads\/cactus-succulent-soil-1.jpg","type":"image\/jpeg"}],"twitter_card":"summary_large_image","schema":{"@context":"https:\/\/schema.org","@graph":[{"@type":"WebPage","@id":"https:\/\/www.sunnyplants.com\/de\/shop\/kaktus-und-sukkulenten-erde","url":"https:\/\/www.sunnyplants.com\/de\/shop\/kaktus-und-sukkulenten-erde","name":"Kaktus und Sukkulenten Erde (500 ml) - Sunnyplants.com","isPartOf":{"@id":"https:\/\/www.sunnyplants.com\/de#website"},"primaryImageOfPage":{"@id":"https:\/\/www.sunnyplants.com\/de\/shop\/kaktus-und-sukkulenten-erde#primaryimage"},"image":{"@id":"https:\/\/www.sunnyplants.com\/de\/shop\/kaktus-und-sukkulenten-erde#primaryimage"},"thumbnailUrl":"https:\/\/www.sunnyplants.com\/wp-content\/uploads\/cactus-succulent-soil-1.jpg","datePublished":"2017-10-23T09:33:39+00:00","dateModified":"2024-10-11T18:13:46+00:00","description":"Dies ist eine ausgewogene und professionelle Bodenmischung speziell f\u00fcr Sukkulenten und Kakteen. Die Komponenten werden von uns handverlesen. Wir mischen und verwenden diese Erde f\u00fcr unsere eigenen Pflanzen. Der Boden hat die richtigen pH-Werte und optimale Drainagef\u00e4higkeiten. Es eignet sich nicht nur zum Pflanzen von Sukkulenten, sondern auch zum Keimen und Auss\u00e4en von Sukkulentensamen und zum Bewurzeln von Sukkulentenstecklingen.","breadcrumb":{"@id":"https:\/\/www.sunnyplants.com\/de\/shop\/kaktus-und-sukkulenten-erde#breadcrumb"},"inLanguage":"de-DE","potentialAction":[{"@type":"ReadAction","target":["https:\/\/www.sunnyplants.com\/de\/shop\/kaktus-und-sukkulenten-erde"]}]},{"@type":"ImageObject","inLanguage":"de-DE","@id":"https:\/\/www.sunnyplants.com\/de\/shop\/kaktus-und-sukkulenten-erde#primaryimage","url":"https:\/\/www.sunnyplants.com\/wp-content\/uploads\/cactus-succulent-soil-1.jpg","contentUrl":"https:\/\/www.sunnyplants.com\/wp-content\/uploads\/cactus-succulent-soil-1.jpg","width":900,"height":900},{"@type":"BreadcrumbList","@id":"https:\/\/www.sunnyplants.com\/de\/shop\/kaktus-und-sukkulenten-erde#breadcrumb","itemListElement":[{"@type":"ListItem","position":1,"name":"Home","item":"https:\/\/www.sunnyplants.com\/de\/sunnyplants-de"},{"@type":"ListItem","position":2,"name":"Shop","item":"https:\/\/www.sunnyplants.com\/de\/shop-2"},{"@type":"ListItem","position":3,"name":"Kaktus und Sukkulenten Erde (500 ml)"}]},{"@type":"WebSite","@id":"https:\/\/www.sunnyplants.com\/de#website","url":"https:\/\/www.sunnyplants.com\/de","name":"Sunnyplants.com","description":"Lithops, Conophytums and other Mesembs &amp; Succulents","potentialAction":[{"@type":"SearchAction","target":{"@type":"EntryPoint","urlTemplate":"https:\/\/www.sunnyplants.com\/de?s={search_term_string}"},"query-input":{"@type":"PropertyValueSpecification","valueRequired":true,"valueName":"search_term_string"}}],"inLanguage":"de-DE"}]}},"jetpack_sharing_enabled":true,"_links":{"self":[{"href":"https:\/\/www.sunnyplants.com\/de\/wp-json\/wp\/v2\/product\/11119","targetHints":{"allow":["GET"]}}],"collection":[{"href":"https:\/\/www.sunnyplants.com\/de\/wp-json\/wp\/v2\/product"}],"about":[{"href":"https:\/\/www.sunnyplants.com\/de\/wp-json\/wp\/v2\/types\/product"}],"replies":[{"embeddable":true,"href":"https:\/\/www.sunnyplants.com\/de\/wp-json\/wp\/v2\/comments?post=11119"}],"wp:featuredmedia":[{"embeddable":true,"href":"https:\/\/www.sunnyplants.com\/de\/wp-json\/wp\/v2\/media\/19151"}],"wp:attachment":[{"href":"https:\/\/www.sunnyplants.com\/de\/wp-json\/wp\/v2\/media?parent=11119"}],"wp:term":[{"taxonomy":"product_brand","embeddable":true,"href":"https:\/\/www.sunnyplants.com\/de\/wp-json\/wp\/v2\/product_brand?post=11119"},{"taxonomy":"product_cat","embeddable":true,"href":"https:\/\/www.sunnyplants.com\/de\/wp-json\/wp\/v2\/product_cat?post=11119"},{"taxonomy":"product_tag","embeddable":true,"href":"https:\/\/www.sunnyplants.com\/de\/wp-json\/wp\/v2\/product_tag?post=11119"}],"curies":[{"name":"wp","href":"https:\/\/api.w.org\/{rel}","templated":true}]}}