{"id":11127,"date":"2017-10-23T09:44:29","date_gmt":"2017-10-23T09:44:30","guid":{"rendered":"https:\/\/www.sunnyplants.com?post_type=product&#038;p=11127"},"modified":"2024-10-11T18:10:46","modified_gmt":"2024-10-11T18:10:46","slug":"lithops-und-mesembs-erde","status":"publish","type":"product","link":"https:\/\/www.sunnyplants.com\/de\/shop\/lithops-und-mesembs-erde","title":{"rendered":"Lithops und Mesembs Erde (500 ml)"},"content":{"rendered":"<p>Professioneller Lithops und Mesembs Erde (500 ml) zum Verkauf. Es besteht aus vielen handverlesenen Komponenten. Wir mischen und verwenden diese Erde selbst.<\/p>\n","protected":false},"excerpt":{"rendered":"<p>Dies ist eine ausgewogene und professionelle Bodenmischung speziell f\u00fcr Lithops und andere Mesembs. Die Komponenten werden von uns handverlesen. Wir mischen und verwenden diese Erde f\u00fcr unsere eigenen Pflanzen. Der Boden hat die richtigen pH-Werte und optimale Drainagef\u00e4higkeiten. Sie eignet sich nicht nur zum Anpflanzen \u00e4lterer Lithops, sondern auch zum Keimen und Auss\u00e4en von Lithops-Samen.<\/p>\n","protected":false},"featured_media":19147,"comment_status":"open","ping_status":"closed","template":"","meta":[],"product_brand":[],"product_cat":[1364,1702,1361],"product_tag":[],"class_list":{"0":"post-11127","1":"product","2":"type-product","3":"status-publish","4":"has-post-thumbnail","6":"product_cat-erden-ernaehrung","7":"product_cat-mini-sukkulenten","8":"product_cat-zubehoer","9":"product_shipping_class-soil-de","10":"pa_quantity-500-ml-de","12":"first","13":"instock","14":"taxable","15":"shipping-taxable","16":"purchasable","17":"product-type-simple"},"yoast_head":"<!-- This site is optimized with the Yoast SEO plugin v27.4 - https:\/\/yoast.com\/product\/yoast-seo-wordpress\/ -->\n<title>Lithops und Mesembs Erde (500 ml) - Sunnyplants.com<\/title>\n<meta name=\"description\" content=\"Dies ist eine ausgewogene und professionelle Bodenmischung speziell f\u00fcr Lithops und andere Mesembs. Die Komponenten werden von uns handverlesen. Wir mischen und verwenden diese Erde f\u00fcr unsere eigenen Pflanzen. Der Boden hat die richtigen pH-Werte und optimale Drainagef\u00e4higkeiten. Sie eignet sich nicht nur zum Anpflanzen \u00e4lterer Lithops, sondern auch zum Keimen und Auss\u00e4en von Lithops-Samen.\" \/>\n<meta name=\"robots\" content=\"index, follow, max-snippet:-1, max-image-preview:large, max-video-preview:-1\" \/>\n<link rel=\"canonical\" href=\"https:\/\/www.sunnyplants.com\/de\/shop\/lithops-und-mesembs-erde\" \/>\n<meta property=\"og:locale\" content=\"de_DE\" \/>\n<meta property=\"og:type\" content=\"article\" \/>\n<meta property=\"og:title\" content=\"Lithops und Mesembs Erde (500 ml) - Sunnyplants.com\" \/>\n<meta property=\"og:description\" content=\"Dies ist eine ausgewogene und professionelle Bodenmischung speziell f\u00fcr Lithops und andere Mesembs. Die Komponenten werden von uns handverlesen. Wir mischen und verwenden diese Erde f\u00fcr unsere eigenen Pflanzen. Der Boden hat die richtigen pH-Werte und optimale Drainagef\u00e4higkeiten. Sie eignet sich nicht nur zum Anpflanzen \u00e4lterer Lithops, sondern auch zum Keimen und Auss\u00e4en von Lithops-Samen.\" \/>\n<meta property=\"og:url\" content=\"https:\/\/www.sunnyplants.com\/de\/shop\/lithops-und-mesembs-erde\" \/>\n<meta property=\"og:site_name\" content=\"Sunnyplants.com\" \/>\n<meta property=\"article:publisher\" content=\"https:\/\/nl-nl.facebook.com\/pages\/category\/Internet-Company\/Sunnyplantscom-1835401900058481\/\" \/>\n<meta property=\"article:modified_time\" content=\"2024-10-11T18:10:46+00:00\" \/>\n<meta property=\"og:image\" content=\"https:\/\/www.sunnyplants.com\/wp-content\/uploads\/lithops-mesembs-soil-2.jpg\" \/>\n\t<meta property=\"og:image:width\" content=\"900\" \/>\n\t<meta property=\"og:image:height\" content=\"900\" \/>\n\t<meta property=\"og:image:type\" content=\"image\/jpeg\" \/>\n<meta name=\"twitter:card\" content=\"summary_large_image\" \/>\n<script type=\"application\/ld+json\" class=\"yoast-schema-graph\">{\"@context\":\"https:\\\/\\\/schema.org\",\"@graph\":[{\"@type\":\"WebPage\",\"@id\":\"https:\\\/\\\/www.sunnyplants.com\\\/de\\\/shop\\\/lithops-und-mesembs-erde\",\"url\":\"https:\\\/\\\/www.sunnyplants.com\\\/de\\\/shop\\\/lithops-und-mesembs-erde\",\"name\":\"Lithops und Mesembs Erde (500 ml) - Sunnyplants.com\",\"isPartOf\":{\"@id\":\"https:\\\/\\\/www.sunnyplants.com\\\/de#website\"},\"primaryImageOfPage\":{\"@id\":\"https:\\\/\\\/www.sunnyplants.com\\\/de\\\/shop\\\/lithops-und-mesembs-erde#primaryimage\"},\"image\":{\"@id\":\"https:\\\/\\\/www.sunnyplants.com\\\/de\\\/shop\\\/lithops-und-mesembs-erde#primaryimage\"},\"thumbnailUrl\":\"https:\\\/\\\/www.sunnyplants.com\\\/wp-content\\\/uploads\\\/lithops-mesembs-soil-2.jpg\",\"datePublished\":\"2017-10-23T09:44:30+00:00\",\"dateModified\":\"2024-10-11T18:10:46+00:00\",\"description\":\"Dies ist eine ausgewogene und professionelle Bodenmischung speziell f\u00fcr Lithops und andere Mesembs. Die Komponenten werden von uns handverlesen. Wir mischen und verwenden diese Erde f\u00fcr unsere eigenen Pflanzen. Der Boden hat die richtigen pH-Werte und optimale Drainagef\u00e4higkeiten. Sie eignet sich nicht nur zum Anpflanzen \u00e4lterer Lithops, sondern auch zum Keimen und Auss\u00e4en von Lithops-Samen.\",\"breadcrumb\":{\"@id\":\"https:\\\/\\\/www.sunnyplants.com\\\/de\\\/shop\\\/lithops-und-mesembs-erde#breadcrumb\"},\"inLanguage\":\"de-DE\",\"potentialAction\":[{\"@type\":\"ReadAction\",\"target\":[\"https:\\\/\\\/www.sunnyplants.com\\\/de\\\/shop\\\/lithops-und-mesembs-erde\"]}]},{\"@type\":\"ImageObject\",\"inLanguage\":\"de-DE\",\"@id\":\"https:\\\/\\\/www.sunnyplants.com\\\/de\\\/shop\\\/lithops-und-mesembs-erde#primaryimage\",\"url\":\"https:\\\/\\\/www.sunnyplants.com\\\/wp-content\\\/uploads\\\/lithops-mesembs-soil-2.jpg\",\"contentUrl\":\"https:\\\/\\\/www.sunnyplants.com\\\/wp-content\\\/uploads\\\/lithops-mesembs-soil-2.jpg\",\"width\":900,\"height\":900},{\"@type\":\"BreadcrumbList\",\"@id\":\"https:\\\/\\\/www.sunnyplants.com\\\/de\\\/shop\\\/lithops-und-mesembs-erde#breadcrumb\",\"itemListElement\":[{\"@type\":\"ListItem\",\"position\":1,\"name\":\"Home\",\"item\":\"https:\\\/\\\/www.sunnyplants.com\\\/de\\\/sunnyplants-de\"},{\"@type\":\"ListItem\",\"position\":2,\"name\":\"Shop\",\"item\":\"https:\\\/\\\/www.sunnyplants.com\\\/de\\\/shop-2\"},{\"@type\":\"ListItem\",\"position\":3,\"name\":\"Lithops und Mesembs Erde (500 ml)\"}]},{\"@type\":\"WebSite\",\"@id\":\"https:\\\/\\\/www.sunnyplants.com\\\/de#website\",\"url\":\"https:\\\/\\\/www.sunnyplants.com\\\/de\",\"name\":\"Sunnyplants.com\",\"description\":\"Lithops, Conophytums and other Mesembs &amp; Succulents\",\"potentialAction\":[{\"@type\":\"SearchAction\",\"target\":{\"@type\":\"EntryPoint\",\"urlTemplate\":\"https:\\\/\\\/www.sunnyplants.com\\\/de?s={search_term_string}\"},\"query-input\":{\"@type\":\"PropertyValueSpecification\",\"valueRequired\":true,\"valueName\":\"search_term_string\"}}],\"inLanguage\":\"de-DE\"}]}<\/script>\n<!-- \/ Yoast SEO plugin. -->","yoast_head_json":{"title":"Lithops und Mesembs Erde (500 ml) - Sunnyplants.com","description":"Dies ist eine ausgewogene und professionelle Bodenmischung speziell f\u00fcr Lithops und andere Mesembs. Die Komponenten werden von uns handverlesen. Wir mischen und verwenden diese Erde f\u00fcr unsere eigenen Pflanzen. Der Boden hat die richtigen pH-Werte und optimale Drainagef\u00e4higkeiten. Sie eignet sich nicht nur zum Anpflanzen \u00e4lterer Lithops, sondern auch zum Keimen und Auss\u00e4en von Lithops-Samen.","robots":{"index":"index","follow":"follow","max-snippet":"max-snippet:-1","max-image-preview":"max-image-preview:large","max-video-preview":"max-video-preview:-1"},"canonical":"https:\/\/www.sunnyplants.com\/de\/shop\/lithops-und-mesembs-erde","og_locale":"de_DE","og_type":"article","og_title":"Lithops und Mesembs Erde (500 ml) - Sunnyplants.com","og_description":"Dies ist eine ausgewogene und professionelle Bodenmischung speziell f\u00fcr Lithops und andere Mesembs. Die Komponenten werden von uns handverlesen. Wir mischen und verwenden diese Erde f\u00fcr unsere eigenen Pflanzen. Der Boden hat die richtigen pH-Werte und optimale Drainagef\u00e4higkeiten. Sie eignet sich nicht nur zum Anpflanzen \u00e4lterer Lithops, sondern auch zum Keimen und Auss\u00e4en von Lithops-Samen.","og_url":"https:\/\/www.sunnyplants.com\/de\/shop\/lithops-und-mesembs-erde","og_site_name":"Sunnyplants.com","article_publisher":"https:\/\/nl-nl.facebook.com\/pages\/category\/Internet-Company\/Sunnyplantscom-1835401900058481\/","article_modified_time":"2024-10-11T18:10:46+00:00","og_image":[{"width":900,"height":900,"url":"https:\/\/www.sunnyplants.com\/wp-content\/uploads\/lithops-mesembs-soil-2.jpg","type":"image\/jpeg"}],"twitter_card":"summary_large_image","schema":{"@context":"https:\/\/schema.org","@graph":[{"@type":"WebPage","@id":"https:\/\/www.sunnyplants.com\/de\/shop\/lithops-und-mesembs-erde","url":"https:\/\/www.sunnyplants.com\/de\/shop\/lithops-und-mesembs-erde","name":"Lithops und Mesembs Erde (500 ml) - Sunnyplants.com","isPartOf":{"@id":"https:\/\/www.sunnyplants.com\/de#website"},"primaryImageOfPage":{"@id":"https:\/\/www.sunnyplants.com\/de\/shop\/lithops-und-mesembs-erde#primaryimage"},"image":{"@id":"https:\/\/www.sunnyplants.com\/de\/shop\/lithops-und-mesembs-erde#primaryimage"},"thumbnailUrl":"https:\/\/www.sunnyplants.com\/wp-content\/uploads\/lithops-mesembs-soil-2.jpg","datePublished":"2017-10-23T09:44:30+00:00","dateModified":"2024-10-11T18:10:46+00:00","description":"Dies ist eine ausgewogene und professionelle Bodenmischung speziell f\u00fcr Lithops und andere Mesembs. Die Komponenten werden von uns handverlesen. Wir mischen und verwenden diese Erde f\u00fcr unsere eigenen Pflanzen. Der Boden hat die richtigen pH-Werte und optimale Drainagef\u00e4higkeiten. Sie eignet sich nicht nur zum Anpflanzen \u00e4lterer Lithops, sondern auch zum Keimen und Auss\u00e4en von Lithops-Samen.","breadcrumb":{"@id":"https:\/\/www.sunnyplants.com\/de\/shop\/lithops-und-mesembs-erde#breadcrumb"},"inLanguage":"de-DE","potentialAction":[{"@type":"ReadAction","target":["https:\/\/www.sunnyplants.com\/de\/shop\/lithops-und-mesembs-erde"]}]},{"@type":"ImageObject","inLanguage":"de-DE","@id":"https:\/\/www.sunnyplants.com\/de\/shop\/lithops-und-mesembs-erde#primaryimage","url":"https:\/\/www.sunnyplants.com\/wp-content\/uploads\/lithops-mesembs-soil-2.jpg","contentUrl":"https:\/\/www.sunnyplants.com\/wp-content\/uploads\/lithops-mesembs-soil-2.jpg","width":900,"height":900},{"@type":"BreadcrumbList","@id":"https:\/\/www.sunnyplants.com\/de\/shop\/lithops-und-mesembs-erde#breadcrumb","itemListElement":[{"@type":"ListItem","position":1,"name":"Home","item":"https:\/\/www.sunnyplants.com\/de\/sunnyplants-de"},{"@type":"ListItem","position":2,"name":"Shop","item":"https:\/\/www.sunnyplants.com\/de\/shop-2"},{"@type":"ListItem","position":3,"name":"Lithops und Mesembs Erde (500 ml)"}]},{"@type":"WebSite","@id":"https:\/\/www.sunnyplants.com\/de#website","url":"https:\/\/www.sunnyplants.com\/de","name":"Sunnyplants.com","description":"Lithops, Conophytums and other Mesembs &amp; Succulents","potentialAction":[{"@type":"SearchAction","target":{"@type":"EntryPoint","urlTemplate":"https:\/\/www.sunnyplants.com\/de?s={search_term_string}"},"query-input":{"@type":"PropertyValueSpecification","valueRequired":true,"valueName":"search_term_string"}}],"inLanguage":"de-DE"}]}},"jetpack_sharing_enabled":true,"_links":{"self":[{"href":"https:\/\/www.sunnyplants.com\/de\/wp-json\/wp\/v2\/product\/11127","targetHints":{"allow":["GET"]}}],"collection":[{"href":"https:\/\/www.sunnyplants.com\/de\/wp-json\/wp\/v2\/product"}],"about":[{"href":"https:\/\/www.sunnyplants.com\/de\/wp-json\/wp\/v2\/types\/product"}],"replies":[{"embeddable":true,"href":"https:\/\/www.sunnyplants.com\/de\/wp-json\/wp\/v2\/comments?post=11127"}],"wp:featuredmedia":[{"embeddable":true,"href":"https:\/\/www.sunnyplants.com\/de\/wp-json\/wp\/v2\/media\/19147"}],"wp:attachment":[{"href":"https:\/\/www.sunnyplants.com\/de\/wp-json\/wp\/v2\/media?parent=11127"}],"wp:term":[{"taxonomy":"product_brand","embeddable":true,"href":"https:\/\/www.sunnyplants.com\/de\/wp-json\/wp\/v2\/product_brand?post=11127"},{"taxonomy":"product_cat","embeddable":true,"href":"https:\/\/www.sunnyplants.com\/de\/wp-json\/wp\/v2\/product_cat?post=11127"},{"taxonomy":"product_tag","embeddable":true,"href":"https:\/\/www.sunnyplants.com\/de\/wp-json\/wp\/v2\/product_tag?post=11127"}],"curies":[{"name":"wp","href":"https:\/\/api.w.org\/{rel}","templated":true}]}}