{"id":13053,"date":"2018-01-10T16:45:38","date_gmt":"2018-01-10T16:45:38","guid":{"rendered":"https:\/\/www.sunnyplants.com?post_type=product&#038;p=13053"},"modified":"2024-03-06T16:25:15","modified_gmt":"2024-03-06T16:25:15","slug":"mini-kaktus-sukkulenten-topf","status":"publish","type":"product","link":"https:\/\/www.sunnyplants.com\/de\/shop\/mini-kaktus-sukkulenten-topf","title":{"rendered":"Mini Kaktus &amp; Sukkulenten Topf"},"content":{"rendered":"<p>Kleiner quadratischer Topf, geeignet f\u00fcr Kakteen und Sukkulenten. Dieser Mini Cactus &amp; Succulent Topf ist aus hartem, hochwertigem Kunststoff gefertigt. Entw\u00e4sserungsl\u00f6cher sind klein. Dies verhindert, dass feine Cactus &amp; Succulent-Bodenmischungen trocken durchdringen. Diese T\u00f6pfe haben eine Gr\u00f6\u00dfe von 5 x 5 x 4,6 cm (L\u00e4nge x Breite x H\u00f6he). Kakteen und Sukkulenten bevorzugen kleine Beh\u00e4lter, weil sie zwischen den Wasserl\u00e4ufen schneller austrocknen. Die T\u00f6pfe k\u00f6nnen einfach mit Wasser gereinigt werden und die sind wiederverwendbar.<\/p>\n","protected":false},"excerpt":{"rendered":"<p>Mini Kaktus &amp; Sukkulenten T\u00f6pfe von dauerhafter Qualit\u00e4t. Gr\u00f6\u00dfe: 5 x 5 x 4,6 cm (L\u00e4nge x Breite x H\u00f6he)<\/p>\n","protected":false},"featured_media":13059,"comment_status":"open","ping_status":"closed","template":"","meta":[],"product_brand":[],"product_cat":[1702,1546,1361],"product_tag":[],"class_list":{"0":"post-13053","1":"product","2":"type-product","3":"status-publish","4":"has-post-thumbnail","6":"product_cat-mini-sukkulenten","7":"product_cat-kakteen-sukkulenten-topfe","8":"product_cat-zubehoer","9":"product_shipping_class-plants-collections-de","10":"pa_quantity-1-topf","11":"pa_size-5-x-5-x-46-cm-de","13":"first","14":"outofstock","15":"taxable","16":"shipping-taxable","17":"purchasable","18":"product-type-simple"},"yoast_head":"<!-- This site is optimized with the Yoast SEO plugin v27.4 - https:\/\/yoast.com\/product\/yoast-seo-wordpress\/ -->\n<title>Mini Kaktus &amp; Sukkulenten Topf - Sunnyplants.com<\/title>\n<meta name=\"description\" content=\"Mini Kaktus &amp; Sukkulenten T\u00f6pfe von dauerhafter Qualit\u00e4t. Gr\u00f6\u00dfe: 5 x 5 x 4,6 cm (L\u00e4nge x Breite x H\u00f6he)\" \/>\n<meta name=\"robots\" content=\"index, follow, max-snippet:-1, max-image-preview:large, max-video-preview:-1\" \/>\n<link rel=\"canonical\" href=\"https:\/\/www.sunnyplants.com\/de\/shop\/mini-kaktus-sukkulenten-topf\" \/>\n<meta property=\"og:locale\" content=\"de_DE\" \/>\n<meta property=\"og:type\" content=\"article\" \/>\n<meta property=\"og:title\" content=\"Mini Kaktus &amp; Sukkulenten Topf - Sunnyplants.com\" \/>\n<meta property=\"og:description\" content=\"Mini Kaktus &amp; Sukkulenten T\u00f6pfe von dauerhafter Qualit\u00e4t. Gr\u00f6\u00dfe: 5 x 5 x 4,6 cm (L\u00e4nge x Breite x H\u00f6he)\" \/>\n<meta property=\"og:url\" content=\"https:\/\/www.sunnyplants.com\/de\/shop\/mini-kaktus-sukkulenten-topf\" \/>\n<meta property=\"og:site_name\" content=\"Sunnyplants.com\" \/>\n<meta property=\"article:publisher\" content=\"https:\/\/nl-nl.facebook.com\/pages\/category\/Internet-Company\/Sunnyplantscom-1835401900058481\/\" \/>\n<meta property=\"article:modified_time\" content=\"2024-03-06T16:25:15+00:00\" \/>\n<meta property=\"og:image\" content=\"https:\/\/www.sunnyplants.com\/wp-content\/uploads\/mini-cactus-succulent-container.jpg\" \/>\n\t<meta property=\"og:image:width\" content=\"900\" \/>\n\t<meta property=\"og:image:height\" content=\"900\" \/>\n\t<meta property=\"og:image:type\" content=\"image\/jpeg\" \/>\n<meta name=\"twitter:card\" content=\"summary_large_image\" \/>\n<script type=\"application\/ld+json\" class=\"yoast-schema-graph\">{\"@context\":\"https:\\\/\\\/schema.org\",\"@graph\":[{\"@type\":\"WebPage\",\"@id\":\"https:\\\/\\\/www.sunnyplants.com\\\/de\\\/shop\\\/mini-kaktus-sukkulenten-topf\",\"url\":\"https:\\\/\\\/www.sunnyplants.com\\\/de\\\/shop\\\/mini-kaktus-sukkulenten-topf\",\"name\":\"Mini Kaktus &amp; Sukkulenten Topf - Sunnyplants.com\",\"isPartOf\":{\"@id\":\"https:\\\/\\\/www.sunnyplants.com\\\/de#website\"},\"primaryImageOfPage\":{\"@id\":\"https:\\\/\\\/www.sunnyplants.com\\\/de\\\/shop\\\/mini-kaktus-sukkulenten-topf#primaryimage\"},\"image\":{\"@id\":\"https:\\\/\\\/www.sunnyplants.com\\\/de\\\/shop\\\/mini-kaktus-sukkulenten-topf#primaryimage\"},\"thumbnailUrl\":\"https:\\\/\\\/www.sunnyplants.com\\\/wp-content\\\/uploads\\\/mini-cactus-succulent-container.jpg\",\"datePublished\":\"2018-01-10T16:45:38+00:00\",\"dateModified\":\"2024-03-06T16:25:15+00:00\",\"description\":\"Mini Kaktus &amp; Sukkulenten T\u00f6pfe von dauerhafter Qualit\u00e4t. Gr\u00f6\u00dfe: 5 x 5 x 4,6 cm (L\u00e4nge x Breite x H\u00f6he)\",\"breadcrumb\":{\"@id\":\"https:\\\/\\\/www.sunnyplants.com\\\/de\\\/shop\\\/mini-kaktus-sukkulenten-topf#breadcrumb\"},\"inLanguage\":\"de-DE\",\"potentialAction\":[{\"@type\":\"ReadAction\",\"target\":[\"https:\\\/\\\/www.sunnyplants.com\\\/de\\\/shop\\\/mini-kaktus-sukkulenten-topf\"]}]},{\"@type\":\"ImageObject\",\"inLanguage\":\"de-DE\",\"@id\":\"https:\\\/\\\/www.sunnyplants.com\\\/de\\\/shop\\\/mini-kaktus-sukkulenten-topf#primaryimage\",\"url\":\"https:\\\/\\\/www.sunnyplants.com\\\/wp-content\\\/uploads\\\/mini-cactus-succulent-container.jpg\",\"contentUrl\":\"https:\\\/\\\/www.sunnyplants.com\\\/wp-content\\\/uploads\\\/mini-cactus-succulent-container.jpg\",\"width\":900,\"height\":900},{\"@type\":\"BreadcrumbList\",\"@id\":\"https:\\\/\\\/www.sunnyplants.com\\\/de\\\/shop\\\/mini-kaktus-sukkulenten-topf#breadcrumb\",\"itemListElement\":[{\"@type\":\"ListItem\",\"position\":1,\"name\":\"Home\",\"item\":\"https:\\\/\\\/www.sunnyplants.com\\\/de\\\/sunnyplants-de\"},{\"@type\":\"ListItem\",\"position\":2,\"name\":\"Shop\",\"item\":\"https:\\\/\\\/www.sunnyplants.com\\\/de\\\/shop-2\"},{\"@type\":\"ListItem\",\"position\":3,\"name\":\"Mini Kaktus &amp; Sukkulenten Topf\"}]},{\"@type\":\"WebSite\",\"@id\":\"https:\\\/\\\/www.sunnyplants.com\\\/de#website\",\"url\":\"https:\\\/\\\/www.sunnyplants.com\\\/de\",\"name\":\"Sunnyplants.com\",\"description\":\"Lithops, Conophytums and other Mesembs &amp; Succulents\",\"potentialAction\":[{\"@type\":\"SearchAction\",\"target\":{\"@type\":\"EntryPoint\",\"urlTemplate\":\"https:\\\/\\\/www.sunnyplants.com\\\/de?s={search_term_string}\"},\"query-input\":{\"@type\":\"PropertyValueSpecification\",\"valueRequired\":true,\"valueName\":\"search_term_string\"}}],\"inLanguage\":\"de-DE\"}]}<\/script>\n<!-- \/ Yoast SEO plugin. -->","yoast_head_json":{"title":"Mini Kaktus &amp; Sukkulenten Topf - Sunnyplants.com","description":"Mini Kaktus &amp; Sukkulenten T\u00f6pfe von dauerhafter Qualit\u00e4t. Gr\u00f6\u00dfe: 5 x 5 x 4,6 cm (L\u00e4nge x Breite x H\u00f6he)","robots":{"index":"index","follow":"follow","max-snippet":"max-snippet:-1","max-image-preview":"max-image-preview:large","max-video-preview":"max-video-preview:-1"},"canonical":"https:\/\/www.sunnyplants.com\/de\/shop\/mini-kaktus-sukkulenten-topf","og_locale":"de_DE","og_type":"article","og_title":"Mini Kaktus &amp; Sukkulenten Topf - Sunnyplants.com","og_description":"Mini Kaktus &amp; Sukkulenten T\u00f6pfe von dauerhafter Qualit\u00e4t. Gr\u00f6\u00dfe: 5 x 5 x 4,6 cm (L\u00e4nge x Breite x H\u00f6he)","og_url":"https:\/\/www.sunnyplants.com\/de\/shop\/mini-kaktus-sukkulenten-topf","og_site_name":"Sunnyplants.com","article_publisher":"https:\/\/nl-nl.facebook.com\/pages\/category\/Internet-Company\/Sunnyplantscom-1835401900058481\/","article_modified_time":"2024-03-06T16:25:15+00:00","og_image":[{"width":900,"height":900,"url":"https:\/\/www.sunnyplants.com\/wp-content\/uploads\/mini-cactus-succulent-container.jpg","type":"image\/jpeg"}],"twitter_card":"summary_large_image","schema":{"@context":"https:\/\/schema.org","@graph":[{"@type":"WebPage","@id":"https:\/\/www.sunnyplants.com\/de\/shop\/mini-kaktus-sukkulenten-topf","url":"https:\/\/www.sunnyplants.com\/de\/shop\/mini-kaktus-sukkulenten-topf","name":"Mini Kaktus &amp; Sukkulenten Topf - Sunnyplants.com","isPartOf":{"@id":"https:\/\/www.sunnyplants.com\/de#website"},"primaryImageOfPage":{"@id":"https:\/\/www.sunnyplants.com\/de\/shop\/mini-kaktus-sukkulenten-topf#primaryimage"},"image":{"@id":"https:\/\/www.sunnyplants.com\/de\/shop\/mini-kaktus-sukkulenten-topf#primaryimage"},"thumbnailUrl":"https:\/\/www.sunnyplants.com\/wp-content\/uploads\/mini-cactus-succulent-container.jpg","datePublished":"2018-01-10T16:45:38+00:00","dateModified":"2024-03-06T16:25:15+00:00","description":"Mini Kaktus &amp; Sukkulenten T\u00f6pfe von dauerhafter Qualit\u00e4t. Gr\u00f6\u00dfe: 5 x 5 x 4,6 cm (L\u00e4nge x Breite x H\u00f6he)","breadcrumb":{"@id":"https:\/\/www.sunnyplants.com\/de\/shop\/mini-kaktus-sukkulenten-topf#breadcrumb"},"inLanguage":"de-DE","potentialAction":[{"@type":"ReadAction","target":["https:\/\/www.sunnyplants.com\/de\/shop\/mini-kaktus-sukkulenten-topf"]}]},{"@type":"ImageObject","inLanguage":"de-DE","@id":"https:\/\/www.sunnyplants.com\/de\/shop\/mini-kaktus-sukkulenten-topf#primaryimage","url":"https:\/\/www.sunnyplants.com\/wp-content\/uploads\/mini-cactus-succulent-container.jpg","contentUrl":"https:\/\/www.sunnyplants.com\/wp-content\/uploads\/mini-cactus-succulent-container.jpg","width":900,"height":900},{"@type":"BreadcrumbList","@id":"https:\/\/www.sunnyplants.com\/de\/shop\/mini-kaktus-sukkulenten-topf#breadcrumb","itemListElement":[{"@type":"ListItem","position":1,"name":"Home","item":"https:\/\/www.sunnyplants.com\/de\/sunnyplants-de"},{"@type":"ListItem","position":2,"name":"Shop","item":"https:\/\/www.sunnyplants.com\/de\/shop-2"},{"@type":"ListItem","position":3,"name":"Mini Kaktus &amp; Sukkulenten Topf"}]},{"@type":"WebSite","@id":"https:\/\/www.sunnyplants.com\/de#website","url":"https:\/\/www.sunnyplants.com\/de","name":"Sunnyplants.com","description":"Lithops, Conophytums and other Mesembs &amp; Succulents","potentialAction":[{"@type":"SearchAction","target":{"@type":"EntryPoint","urlTemplate":"https:\/\/www.sunnyplants.com\/de?s={search_term_string}"},"query-input":{"@type":"PropertyValueSpecification","valueRequired":true,"valueName":"search_term_string"}}],"inLanguage":"de-DE"}]}},"jetpack_sharing_enabled":true,"_links":{"self":[{"href":"https:\/\/www.sunnyplants.com\/de\/wp-json\/wp\/v2\/product\/13053","targetHints":{"allow":["GET"]}}],"collection":[{"href":"https:\/\/www.sunnyplants.com\/de\/wp-json\/wp\/v2\/product"}],"about":[{"href":"https:\/\/www.sunnyplants.com\/de\/wp-json\/wp\/v2\/types\/product"}],"replies":[{"embeddable":true,"href":"https:\/\/www.sunnyplants.com\/de\/wp-json\/wp\/v2\/comments?post=13053"}],"wp:featuredmedia":[{"embeddable":true,"href":"https:\/\/www.sunnyplants.com\/de\/wp-json\/wp\/v2\/media\/13059"}],"wp:attachment":[{"href":"https:\/\/www.sunnyplants.com\/de\/wp-json\/wp\/v2\/media?parent=13053"}],"wp:term":[{"taxonomy":"product_brand","embeddable":true,"href":"https:\/\/www.sunnyplants.com\/de\/wp-json\/wp\/v2\/product_brand?post=13053"},{"taxonomy":"product_cat","embeddable":true,"href":"https:\/\/www.sunnyplants.com\/de\/wp-json\/wp\/v2\/product_cat?post=13053"},{"taxonomy":"product_tag","embeddable":true,"href":"https:\/\/www.sunnyplants.com\/de\/wp-json\/wp\/v2\/product_tag?post=13053"}],"curies":[{"name":"wp","href":"https:\/\/api.w.org\/{rel}","templated":true}]}}