{"id":13148,"date":"2020-10-28T19:05:51","date_gmt":"2018-01-14T19:05:52","guid":{"rendered":"https:\/\/www.sunnyplants.com?post_type=product&#038;p=13148"},"modified":"2024-03-06T16:24:13","modified_gmt":"2024-03-06T16:24:13","slug":"kaktus-sukkulenten-ernahrung","status":"publish","type":"product","link":"https:\/\/www.sunnyplants.com\/de\/shop\/kaktus-sukkulenten-ernahrung","title":{"rendered":"Kaktus und Sukkulenten Ern\u00e4hrung (50 Gramm)"},"content":{"rendered":"<p>Professioneller Ern\u00e4hrung f\u00fcr Kakteen und Sukkulenten. Auch f\u00fcr viele andere exotische Pflanzen wie Palmen und Hoya geeignet. Dieser Kaktus und Sukkulenten Ern\u00e4hrung ist ein ausgewogenes wasserl\u00f6sliches Produkt. Es enth\u00e4lt alle essentiellen Mikron\u00e4hrstoffe neben den Makronutrien Stickstoff (N), Phosphor (P) und Kalium (K). Das N: P: K-Verh\u00e4ltnis in diesem D\u00fcnger betr\u00e4gt 3: 1: 5. Verwenden Sie 1 Teel\u00f6ffel pro 10 Liter Wasser f\u00fcr erwachsene Pflanzen und verwenden Sie die H\u00e4lfte der Konzentration f\u00fcr S\u00e4mlinge und Jungpflanzen.<\/p>\n","protected":false},"excerpt":{"rendered":"<p>Professioneller Ern\u00e4hrung f\u00fcr Kakteen und Sukkulenten (50 Gramm) zum Verkauf. Enth\u00e4lt essentielle Mikron\u00e4hrstoffe.<\/p>\n","protected":false},"featured_media":28981,"comment_status":"open","ping_status":"closed","template":"","meta":[],"product_brand":[],"product_cat":[1364,1361],"product_tag":[],"class_list":{"0":"post-13148","1":"product","2":"type-product","3":"status-publish","4":"has-post-thumbnail","6":"product_cat-erden-ernaehrung","7":"product_cat-zubehoer","8":"product_shipping_class-soil-de","9":"pa_quantity-50-gramm","11":"first","12":"outofstock","13":"taxable","14":"shipping-taxable","15":"purchasable","16":"product-type-simple"},"yoast_head":"<!-- This site is optimized with the Yoast SEO plugin v27.5 - https:\/\/yoast.com\/product\/yoast-seo-wordpress\/ -->\n<title>Kaktus und Sukkulenten Ern\u00e4hrung (50 Gramm) - Sunnyplants.com<\/title>\n<meta name=\"description\" content=\"Professioneller Ern\u00e4hrung f\u00fcr Kakteen und Sukkulenten zum Verkauf. Enth\u00e4lt essentielle Mikron\u00e4hrstoffe und den Makronutrien Stickstoff (N), Phosphor (P) und Kalium (K).\" \/>\n<meta name=\"robots\" content=\"index, follow, max-snippet:-1, max-image-preview:large, max-video-preview:-1\" \/>\n<link rel=\"canonical\" href=\"https:\/\/www.sunnyplants.com\/de\/shop\/kaktus-sukkulenten-ernahrung\" \/>\n<meta property=\"og:locale\" content=\"de_DE\" \/>\n<meta property=\"og:type\" content=\"article\" \/>\n<meta property=\"og:title\" content=\"Kaktus und Sukkulenten Ern\u00e4hrung (50 Gramm) - Sunnyplants.com\" \/>\n<meta property=\"og:description\" content=\"Professioneller Ern\u00e4hrung f\u00fcr Kakteen und Sukkulenten zum Verkauf. Enth\u00e4lt essentielle Mikron\u00e4hrstoffe und den Makronutrien Stickstoff (N), Phosphor (P) und Kalium (K).\" \/>\n<meta property=\"og:url\" content=\"https:\/\/www.sunnyplants.com\/de\/shop\/kaktus-sukkulenten-ernahrung\" \/>\n<meta property=\"og:site_name\" content=\"Sunnyplants.com\" \/>\n<meta property=\"article:publisher\" content=\"https:\/\/nl-nl.facebook.com\/pages\/category\/Internet-Company\/Sunnyplantscom-1835401900058481\/\" \/>\n<meta property=\"article:modified_time\" content=\"2024-03-06T16:24:13+00:00\" \/>\n<meta property=\"og:image\" content=\"https:\/\/www.sunnyplants.com\/wp-content\/uploads\/fertiliser.jpg\" \/>\n\t<meta property=\"og:image:width\" content=\"2134\" \/>\n\t<meta property=\"og:image:height\" content=\"2134\" \/>\n\t<meta property=\"og:image:type\" content=\"image\/jpeg\" \/>\n<meta name=\"twitter:card\" content=\"summary_large_image\" \/>\n<script type=\"application\/ld+json\" class=\"yoast-schema-graph\">{\"@context\":\"https:\\\/\\\/schema.org\",\"@graph\":[{\"@type\":\"WebPage\",\"@id\":\"https:\\\/\\\/www.sunnyplants.com\\\/de\\\/shop\\\/kaktus-sukkulenten-ernahrung\",\"url\":\"https:\\\/\\\/www.sunnyplants.com\\\/de\\\/shop\\\/kaktus-sukkulenten-ernahrung\",\"name\":\"Kaktus und Sukkulenten Ern\u00e4hrung (50 Gramm) - Sunnyplants.com\",\"isPartOf\":{\"@id\":\"https:\\\/\\\/www.sunnyplants.com\\\/de#website\"},\"primaryImageOfPage\":{\"@id\":\"https:\\\/\\\/www.sunnyplants.com\\\/de\\\/shop\\\/kaktus-sukkulenten-ernahrung#primaryimage\"},\"image\":{\"@id\":\"https:\\\/\\\/www.sunnyplants.com\\\/de\\\/shop\\\/kaktus-sukkulenten-ernahrung#primaryimage\"},\"thumbnailUrl\":\"https:\\\/\\\/www.sunnyplants.com\\\/wp-content\\\/uploads\\\/fertiliser.jpg\",\"datePublished\":\"2018-01-14T19:05:52+00:00\",\"dateModified\":\"2024-03-06T16:24:13+00:00\",\"description\":\"Professioneller Ern\u00e4hrung f\u00fcr Kakteen und Sukkulenten zum Verkauf. Enth\u00e4lt essentielle Mikron\u00e4hrstoffe und den Makronutrien Stickstoff (N), Phosphor (P) und Kalium (K).\",\"breadcrumb\":{\"@id\":\"https:\\\/\\\/www.sunnyplants.com\\\/de\\\/shop\\\/kaktus-sukkulenten-ernahrung#breadcrumb\"},\"inLanguage\":\"de-DE\",\"potentialAction\":[{\"@type\":\"ReadAction\",\"target\":[\"https:\\\/\\\/www.sunnyplants.com\\\/de\\\/shop\\\/kaktus-sukkulenten-ernahrung\"]}]},{\"@type\":\"ImageObject\",\"inLanguage\":\"de-DE\",\"@id\":\"https:\\\/\\\/www.sunnyplants.com\\\/de\\\/shop\\\/kaktus-sukkulenten-ernahrung#primaryimage\",\"url\":\"https:\\\/\\\/www.sunnyplants.com\\\/wp-content\\\/uploads\\\/fertiliser.jpg\",\"contentUrl\":\"https:\\\/\\\/www.sunnyplants.com\\\/wp-content\\\/uploads\\\/fertiliser.jpg\",\"width\":2134,\"height\":2134},{\"@type\":\"BreadcrumbList\",\"@id\":\"https:\\\/\\\/www.sunnyplants.com\\\/de\\\/shop\\\/kaktus-sukkulenten-ernahrung#breadcrumb\",\"itemListElement\":[{\"@type\":\"ListItem\",\"position\":1,\"name\":\"Home\",\"item\":\"https:\\\/\\\/www.sunnyplants.com\\\/de\\\/sunnyplants-de\"},{\"@type\":\"ListItem\",\"position\":2,\"name\":\"Shop\",\"item\":\"https:\\\/\\\/www.sunnyplants.com\\\/de\\\/shop-2\"},{\"@type\":\"ListItem\",\"position\":3,\"name\":\"Kaktus und Sukkulenten Ern\u00e4hrung (50 Gramm)\"}]},{\"@type\":\"WebSite\",\"@id\":\"https:\\\/\\\/www.sunnyplants.com\\\/de#website\",\"url\":\"https:\\\/\\\/www.sunnyplants.com\\\/de\",\"name\":\"Sunnyplants.com\",\"description\":\"Lithops, Conophytums and other Mesembs &amp; Succulents\",\"potentialAction\":[{\"@type\":\"SearchAction\",\"target\":{\"@type\":\"EntryPoint\",\"urlTemplate\":\"https:\\\/\\\/www.sunnyplants.com\\\/de?s={search_term_string}\"},\"query-input\":{\"@type\":\"PropertyValueSpecification\",\"valueRequired\":true,\"valueName\":\"search_term_string\"}}],\"inLanguage\":\"de-DE\"}]}<\/script>\n<!-- \/ Yoast SEO plugin. -->","yoast_head_json":{"title":"Kaktus und Sukkulenten Ern\u00e4hrung (50 Gramm) - Sunnyplants.com","description":"Professioneller Ern\u00e4hrung f\u00fcr Kakteen und Sukkulenten zum Verkauf. Enth\u00e4lt essentielle Mikron\u00e4hrstoffe und den Makronutrien Stickstoff (N), Phosphor (P) und Kalium (K).","robots":{"index":"index","follow":"follow","max-snippet":"max-snippet:-1","max-image-preview":"max-image-preview:large","max-video-preview":"max-video-preview:-1"},"canonical":"https:\/\/www.sunnyplants.com\/de\/shop\/kaktus-sukkulenten-ernahrung","og_locale":"de_DE","og_type":"article","og_title":"Kaktus und Sukkulenten Ern\u00e4hrung (50 Gramm) - Sunnyplants.com","og_description":"Professioneller Ern\u00e4hrung f\u00fcr Kakteen und Sukkulenten zum Verkauf. Enth\u00e4lt essentielle Mikron\u00e4hrstoffe und den Makronutrien Stickstoff (N), Phosphor (P) und Kalium (K).","og_url":"https:\/\/www.sunnyplants.com\/de\/shop\/kaktus-sukkulenten-ernahrung","og_site_name":"Sunnyplants.com","article_publisher":"https:\/\/nl-nl.facebook.com\/pages\/category\/Internet-Company\/Sunnyplantscom-1835401900058481\/","article_modified_time":"2024-03-06T16:24:13+00:00","og_image":[{"width":2134,"height":2134,"url":"https:\/\/www.sunnyplants.com\/wp-content\/uploads\/fertiliser.jpg","type":"image\/jpeg"}],"twitter_card":"summary_large_image","schema":{"@context":"https:\/\/schema.org","@graph":[{"@type":"WebPage","@id":"https:\/\/www.sunnyplants.com\/de\/shop\/kaktus-sukkulenten-ernahrung","url":"https:\/\/www.sunnyplants.com\/de\/shop\/kaktus-sukkulenten-ernahrung","name":"Kaktus und Sukkulenten Ern\u00e4hrung (50 Gramm) - Sunnyplants.com","isPartOf":{"@id":"https:\/\/www.sunnyplants.com\/de#website"},"primaryImageOfPage":{"@id":"https:\/\/www.sunnyplants.com\/de\/shop\/kaktus-sukkulenten-ernahrung#primaryimage"},"image":{"@id":"https:\/\/www.sunnyplants.com\/de\/shop\/kaktus-sukkulenten-ernahrung#primaryimage"},"thumbnailUrl":"https:\/\/www.sunnyplants.com\/wp-content\/uploads\/fertiliser.jpg","datePublished":"2018-01-14T19:05:52+00:00","dateModified":"2024-03-06T16:24:13+00:00","description":"Professioneller Ern\u00e4hrung f\u00fcr Kakteen und Sukkulenten zum Verkauf. Enth\u00e4lt essentielle Mikron\u00e4hrstoffe und den Makronutrien Stickstoff (N), Phosphor (P) und Kalium (K).","breadcrumb":{"@id":"https:\/\/www.sunnyplants.com\/de\/shop\/kaktus-sukkulenten-ernahrung#breadcrumb"},"inLanguage":"de-DE","potentialAction":[{"@type":"ReadAction","target":["https:\/\/www.sunnyplants.com\/de\/shop\/kaktus-sukkulenten-ernahrung"]}]},{"@type":"ImageObject","inLanguage":"de-DE","@id":"https:\/\/www.sunnyplants.com\/de\/shop\/kaktus-sukkulenten-ernahrung#primaryimage","url":"https:\/\/www.sunnyplants.com\/wp-content\/uploads\/fertiliser.jpg","contentUrl":"https:\/\/www.sunnyplants.com\/wp-content\/uploads\/fertiliser.jpg","width":2134,"height":2134},{"@type":"BreadcrumbList","@id":"https:\/\/www.sunnyplants.com\/de\/shop\/kaktus-sukkulenten-ernahrung#breadcrumb","itemListElement":[{"@type":"ListItem","position":1,"name":"Home","item":"https:\/\/www.sunnyplants.com\/de\/sunnyplants-de"},{"@type":"ListItem","position":2,"name":"Shop","item":"https:\/\/www.sunnyplants.com\/de\/shop-2"},{"@type":"ListItem","position":3,"name":"Kaktus und Sukkulenten Ern\u00e4hrung (50 Gramm)"}]},{"@type":"WebSite","@id":"https:\/\/www.sunnyplants.com\/de#website","url":"https:\/\/www.sunnyplants.com\/de","name":"Sunnyplants.com","description":"Lithops, Conophytums and other Mesembs &amp; Succulents","potentialAction":[{"@type":"SearchAction","target":{"@type":"EntryPoint","urlTemplate":"https:\/\/www.sunnyplants.com\/de?s={search_term_string}"},"query-input":{"@type":"PropertyValueSpecification","valueRequired":true,"valueName":"search_term_string"}}],"inLanguage":"de-DE"}]}},"jetpack_sharing_enabled":true,"_links":{"self":[{"href":"https:\/\/www.sunnyplants.com\/de\/wp-json\/wp\/v2\/product\/13148","targetHints":{"allow":["GET"]}}],"collection":[{"href":"https:\/\/www.sunnyplants.com\/de\/wp-json\/wp\/v2\/product"}],"about":[{"href":"https:\/\/www.sunnyplants.com\/de\/wp-json\/wp\/v2\/types\/product"}],"replies":[{"embeddable":true,"href":"https:\/\/www.sunnyplants.com\/de\/wp-json\/wp\/v2\/comments?post=13148"}],"wp:featuredmedia":[{"embeddable":true,"href":"https:\/\/www.sunnyplants.com\/de\/wp-json\/wp\/v2\/media\/28981"}],"wp:attachment":[{"href":"https:\/\/www.sunnyplants.com\/de\/wp-json\/wp\/v2\/media?parent=13148"}],"wp:term":[{"taxonomy":"product_brand","embeddable":true,"href":"https:\/\/www.sunnyplants.com\/de\/wp-json\/wp\/v2\/product_brand?post=13148"},{"taxonomy":"product_cat","embeddable":true,"href":"https:\/\/www.sunnyplants.com\/de\/wp-json\/wp\/v2\/product_cat?post=13148"},{"taxonomy":"product_tag","embeddable":true,"href":"https:\/\/www.sunnyplants.com\/de\/wp-json\/wp\/v2\/product_tag?post=13148"}],"curies":[{"name":"wp","href":"https:\/\/api.w.org\/{rel}","templated":true}]}}