{"id":13377,"date":"2024-10-24T18:42:53","date_gmt":"2018-03-03T18:42:54","guid":{"rendered":"https:\/\/www.sunnyplants.com?post_type=product&#038;p=13377"},"modified":"2025-01-31T07:31:14","modified_gmt":"2025-01-31T07:31:14","slug":"callisia-repens-variegata-stecklinge","status":"publish","type":"product","link":"https:\/\/www.sunnyplants.com\/de\/shop\/callisia-repens-variegata-stecklinge","title":{"rendered":"Callisia repens variegata &#8211; Stecklinge"},"content":{"rendered":"<p>Callisia repens variagate mag helles gefiltertes Licht und Temperaturen \u00fcber 15 \u00b0 C. Geben Sie w\u00f6chentlich oder zweimal pro Woche Wasser, wenn der Boden fr\u00fcher austrocknet. Sie k\u00f6nnen eine normale Blumenerde oder Sphagnum Torfmoos verwenden, um Callisia zu pflanzen.<\/p>\n<h3>Sukkulentent\u00f6pfe f\u00fcr Ihre Callisia repens variegata<\/h3>\n<p>Es sind so viele Sukkulentent\u00f6pfe online verf\u00fcgbar, die f\u00fcr Ihre Callisia repens variegata geeignet sein k\u00f6nnten. CallisiaT\u00f6pfe aus Keramik, T\u00f6pfe aus Stein, T\u00f6pfe aus Beton, Callisia repens variegata T\u00f6pfe aus Glas und T\u00f6pfe aus Holz. Es gibt eine gro\u00dfe Auswahl an <strong><a href=\"https:\/\/amzn.to\/38Mf6pO\" target=\"_blank\" rel=\"noopener\">Sukkulentent\u00f6pfen auf Amazon.de<\/a><\/strong>.<\/p>\n<h3>Sukkulenten Pflanzenlampen f\u00fcr Ihre Callisia Pflanzen<\/h3>\n<p>Alle Sukkulenten brauchen helles Licht, um gut zu wachsen. Sie bleiben kompakter und erhalten leuchtendere Farben. Eine gute Beleuchtung ist auch wichtig f\u00fcr die Pflanzengesundheit und die Photosynthese. In einem Gew\u00e4chshaus oder auf einer nach S\u00fcden ausgerichteten Fensterbank ist dies normalerweise kein Problem. Wenn Sie Ihrer Callisia repens variegata Sammlung kein helles Licht bieten k\u00f6nnen, empfehlen wir die Verwendung von Sukkulenten-Wachstumslampen. Es gibt eine gro\u00dfe Auswahl an verschiedenen Arten von <strong><a href=\"https:\/\/amzn.to\/3ybfM2U\" target=\"_blank\" rel=\"noopener\">Sukkulenten Pflanzenlampen auf Amazon.de<\/a><\/strong>.<\/p>\n","protected":false},"excerpt":{"rendered":"<p>Nette rosa Callisia Pflanzen zum Verkauf. Die Gr\u00f6\u00dfe betr\u00e4gt ca. 4-6 cm. Wir senden gr\u00f6\u00dfere, falls verf\u00fcgbar. Callisia repens variegata wird auch Callisia Rosato oder Callisia Pink Lady genannt.<\/p>\n","protected":false},"featured_media":13383,"comment_status":"open","ping_status":"closed","template":"","meta":[],"product_brand":[],"product_cat":[1578,234,278,347,1835],"product_tag":[854,843,834],"class_list":{"0":"post-13377","1":"product","2":"type-product","3":"status-publish","4":"has-post-thumbnail","6":"product_cat-callisia-stecklinge","7":"product_cat-pflanzen","8":"product_cat-stecklinge","9":"product_cat-sukkulenten-stecklinge","10":"product_cat-tropische-pflanzen","11":"product_tag-stammstecklinge","12":"product_tag-stecklinge","13":"product_tag-zimmerpflanzen","14":"product_shipping_class-plants-collections-de","15":"pa_family-commeliaceae-de","16":"pa_leaf-color-rosa","17":"pa_product-type-stammstecklinge","18":"pa_quantity-1-pflanze","19":"pa_size-4-6-cm-de","21":"first","22":"outofstock","23":"taxable","24":"shipping-taxable","25":"purchasable","26":"product-type-simple"},"yoast_head":"<!-- This site is optimized with the Yoast SEO plugin v27.4 - https:\/\/yoast.com\/product\/yoast-seo-wordpress\/ -->\n<title>Callisia repens variegata - Stecklinge - Sunnyplants.com<\/title>\n<meta name=\"description\" content=\"Nette rosa Callisia Pflanzen zum Verkauf. Die Gr\u00f6\u00dfe betr\u00e4gt ca. 4-6 cm. Wir senden gr\u00f6\u00dfere, falls verf\u00fcgbar. Callisia repens variegata wird auch Callisia Rosato oder Callisia Pink Lady genannt.\" \/>\n<meta name=\"robots\" content=\"index, follow, max-snippet:-1, max-image-preview:large, max-video-preview:-1\" \/>\n<link rel=\"canonical\" href=\"https:\/\/www.sunnyplants.com\/de\/shop\/callisia-repens-variegata-stecklinge\" \/>\n<meta property=\"og:locale\" content=\"de_DE\" \/>\n<meta property=\"og:type\" content=\"article\" \/>\n<meta property=\"og:title\" content=\"Callisia repens variegata - Stecklinge - Sunnyplants.com\" \/>\n<meta property=\"og:description\" content=\"Nette rosa Callisia Pflanzen zum Verkauf. Die Gr\u00f6\u00dfe betr\u00e4gt ca. 4-6 cm. Wir senden gr\u00f6\u00dfere, falls verf\u00fcgbar. Callisia repens variegata wird auch Callisia Rosato oder Callisia Pink Lady genannt.\" \/>\n<meta property=\"og:url\" content=\"https:\/\/www.sunnyplants.com\/de\/shop\/callisia-repens-variegata-stecklinge\" \/>\n<meta property=\"og:site_name\" content=\"Sunnyplants.com\" \/>\n<meta property=\"article:publisher\" content=\"https:\/\/nl-nl.facebook.com\/pages\/category\/Internet-Company\/Sunnyplantscom-1835401900058481\/\" \/>\n<meta property=\"article:modified_time\" content=\"2025-01-31T07:31:14+00:00\" \/>\n<meta property=\"og:image\" content=\"https:\/\/www.sunnyplants.com\/wp-content\/uploads\/callisia-repens-variegata.jpg\" \/>\n\t<meta property=\"og:image:width\" content=\"900\" \/>\n\t<meta property=\"og:image:height\" content=\"900\" \/>\n\t<meta property=\"og:image:type\" content=\"image\/jpeg\" \/>\n<meta name=\"twitter:card\" content=\"summary_large_image\" \/>\n<meta name=\"twitter:label1\" content=\"Gesch\u00e4tzte Lesezeit\" \/>\n\t<meta name=\"twitter:data1\" content=\"1 minute\" \/>\n<script type=\"application\/ld+json\" class=\"yoast-schema-graph\">{\"@context\":\"https:\\\/\\\/schema.org\",\"@graph\":[{\"@type\":\"WebPage\",\"@id\":\"https:\\\/\\\/www.sunnyplants.com\\\/de\\\/shop\\\/callisia-repens-variegata-stecklinge\",\"url\":\"https:\\\/\\\/www.sunnyplants.com\\\/de\\\/shop\\\/callisia-repens-variegata-stecklinge\",\"name\":\"Callisia repens variegata - Stecklinge - Sunnyplants.com\",\"isPartOf\":{\"@id\":\"https:\\\/\\\/www.sunnyplants.com\\\/de#website\"},\"primaryImageOfPage\":{\"@id\":\"https:\\\/\\\/www.sunnyplants.com\\\/de\\\/shop\\\/callisia-repens-variegata-stecklinge#primaryimage\"},\"image\":{\"@id\":\"https:\\\/\\\/www.sunnyplants.com\\\/de\\\/shop\\\/callisia-repens-variegata-stecklinge#primaryimage\"},\"thumbnailUrl\":\"https:\\\/\\\/www.sunnyplants.com\\\/wp-content\\\/uploads\\\/callisia-repens-variegata.jpg\",\"datePublished\":\"2018-03-03T18:42:54+00:00\",\"dateModified\":\"2025-01-31T07:31:14+00:00\",\"description\":\"Nette rosa Callisia Pflanzen zum Verkauf. Die Gr\u00f6\u00dfe betr\u00e4gt ca. 4-6 cm. Wir senden gr\u00f6\u00dfere, falls verf\u00fcgbar. Callisia repens variegata wird auch Callisia Rosato oder Callisia Pink Lady genannt.\",\"breadcrumb\":{\"@id\":\"https:\\\/\\\/www.sunnyplants.com\\\/de\\\/shop\\\/callisia-repens-variegata-stecklinge#breadcrumb\"},\"inLanguage\":\"de-DE\",\"potentialAction\":[{\"@type\":\"ReadAction\",\"target\":[\"https:\\\/\\\/www.sunnyplants.com\\\/de\\\/shop\\\/callisia-repens-variegata-stecklinge\"]}]},{\"@type\":\"ImageObject\",\"inLanguage\":\"de-DE\",\"@id\":\"https:\\\/\\\/www.sunnyplants.com\\\/de\\\/shop\\\/callisia-repens-variegata-stecklinge#primaryimage\",\"url\":\"https:\\\/\\\/www.sunnyplants.com\\\/wp-content\\\/uploads\\\/callisia-repens-variegata.jpg\",\"contentUrl\":\"https:\\\/\\\/www.sunnyplants.com\\\/wp-content\\\/uploads\\\/callisia-repens-variegata.jpg\",\"width\":900,\"height\":900,\"caption\":\"Callisia repens variegata - Stecklinge\"},{\"@type\":\"BreadcrumbList\",\"@id\":\"https:\\\/\\\/www.sunnyplants.com\\\/de\\\/shop\\\/callisia-repens-variegata-stecklinge#breadcrumb\",\"itemListElement\":[{\"@type\":\"ListItem\",\"position\":1,\"name\":\"Home\",\"item\":\"https:\\\/\\\/www.sunnyplants.com\\\/de\\\/sunnyplants-de\"},{\"@type\":\"ListItem\",\"position\":2,\"name\":\"Shop\",\"item\":\"https:\\\/\\\/www.sunnyplants.com\\\/de\\\/shop-2\"},{\"@type\":\"ListItem\",\"position\":3,\"name\":\"Callisia repens variegata &#8211; Stecklinge\"}]},{\"@type\":\"WebSite\",\"@id\":\"https:\\\/\\\/www.sunnyplants.com\\\/de#website\",\"url\":\"https:\\\/\\\/www.sunnyplants.com\\\/de\",\"name\":\"Sunnyplants.com\",\"description\":\"Lithops, Conophytums and other Mesembs &amp; Succulents\",\"potentialAction\":[{\"@type\":\"SearchAction\",\"target\":{\"@type\":\"EntryPoint\",\"urlTemplate\":\"https:\\\/\\\/www.sunnyplants.com\\\/de?s={search_term_string}\"},\"query-input\":{\"@type\":\"PropertyValueSpecification\",\"valueRequired\":true,\"valueName\":\"search_term_string\"}}],\"inLanguage\":\"de-DE\"}]}<\/script>\n<!-- \/ Yoast SEO plugin. -->","yoast_head_json":{"title":"Callisia repens variegata - Stecklinge - Sunnyplants.com","description":"Nette rosa Callisia Pflanzen zum Verkauf. Die Gr\u00f6\u00dfe betr\u00e4gt ca. 4-6 cm. Wir senden gr\u00f6\u00dfere, falls verf\u00fcgbar. Callisia repens variegata wird auch Callisia Rosato oder Callisia Pink Lady genannt.","robots":{"index":"index","follow":"follow","max-snippet":"max-snippet:-1","max-image-preview":"max-image-preview:large","max-video-preview":"max-video-preview:-1"},"canonical":"https:\/\/www.sunnyplants.com\/de\/shop\/callisia-repens-variegata-stecklinge","og_locale":"de_DE","og_type":"article","og_title":"Callisia repens variegata - Stecklinge - Sunnyplants.com","og_description":"Nette rosa Callisia Pflanzen zum Verkauf. Die Gr\u00f6\u00dfe betr\u00e4gt ca. 4-6 cm. Wir senden gr\u00f6\u00dfere, falls verf\u00fcgbar. Callisia repens variegata wird auch Callisia Rosato oder Callisia Pink Lady genannt.","og_url":"https:\/\/www.sunnyplants.com\/de\/shop\/callisia-repens-variegata-stecklinge","og_site_name":"Sunnyplants.com","article_publisher":"https:\/\/nl-nl.facebook.com\/pages\/category\/Internet-Company\/Sunnyplantscom-1835401900058481\/","article_modified_time":"2025-01-31T07:31:14+00:00","og_image":[{"width":900,"height":900,"url":"https:\/\/www.sunnyplants.com\/wp-content\/uploads\/callisia-repens-variegata.jpg","type":"image\/jpeg"}],"twitter_card":"summary_large_image","twitter_misc":{"Gesch\u00e4tzte Lesezeit":"1 minute"},"schema":{"@context":"https:\/\/schema.org","@graph":[{"@type":"WebPage","@id":"https:\/\/www.sunnyplants.com\/de\/shop\/callisia-repens-variegata-stecklinge","url":"https:\/\/www.sunnyplants.com\/de\/shop\/callisia-repens-variegata-stecklinge","name":"Callisia repens variegata - Stecklinge - Sunnyplants.com","isPartOf":{"@id":"https:\/\/www.sunnyplants.com\/de#website"},"primaryImageOfPage":{"@id":"https:\/\/www.sunnyplants.com\/de\/shop\/callisia-repens-variegata-stecklinge#primaryimage"},"image":{"@id":"https:\/\/www.sunnyplants.com\/de\/shop\/callisia-repens-variegata-stecklinge#primaryimage"},"thumbnailUrl":"https:\/\/www.sunnyplants.com\/wp-content\/uploads\/callisia-repens-variegata.jpg","datePublished":"2018-03-03T18:42:54+00:00","dateModified":"2025-01-31T07:31:14+00:00","description":"Nette rosa Callisia Pflanzen zum Verkauf. Die Gr\u00f6\u00dfe betr\u00e4gt ca. 4-6 cm. Wir senden gr\u00f6\u00dfere, falls verf\u00fcgbar. Callisia repens variegata wird auch Callisia Rosato oder Callisia Pink Lady genannt.","breadcrumb":{"@id":"https:\/\/www.sunnyplants.com\/de\/shop\/callisia-repens-variegata-stecklinge#breadcrumb"},"inLanguage":"de-DE","potentialAction":[{"@type":"ReadAction","target":["https:\/\/www.sunnyplants.com\/de\/shop\/callisia-repens-variegata-stecklinge"]}]},{"@type":"ImageObject","inLanguage":"de-DE","@id":"https:\/\/www.sunnyplants.com\/de\/shop\/callisia-repens-variegata-stecklinge#primaryimage","url":"https:\/\/www.sunnyplants.com\/wp-content\/uploads\/callisia-repens-variegata.jpg","contentUrl":"https:\/\/www.sunnyplants.com\/wp-content\/uploads\/callisia-repens-variegata.jpg","width":900,"height":900,"caption":"Callisia repens variegata - Stecklinge"},{"@type":"BreadcrumbList","@id":"https:\/\/www.sunnyplants.com\/de\/shop\/callisia-repens-variegata-stecklinge#breadcrumb","itemListElement":[{"@type":"ListItem","position":1,"name":"Home","item":"https:\/\/www.sunnyplants.com\/de\/sunnyplants-de"},{"@type":"ListItem","position":2,"name":"Shop","item":"https:\/\/www.sunnyplants.com\/de\/shop-2"},{"@type":"ListItem","position":3,"name":"Callisia repens variegata &#8211; Stecklinge"}]},{"@type":"WebSite","@id":"https:\/\/www.sunnyplants.com\/de#website","url":"https:\/\/www.sunnyplants.com\/de","name":"Sunnyplants.com","description":"Lithops, Conophytums and other Mesembs &amp; Succulents","potentialAction":[{"@type":"SearchAction","target":{"@type":"EntryPoint","urlTemplate":"https:\/\/www.sunnyplants.com\/de?s={search_term_string}"},"query-input":{"@type":"PropertyValueSpecification","valueRequired":true,"valueName":"search_term_string"}}],"inLanguage":"de-DE"}]}},"jetpack_sharing_enabled":true,"_links":{"self":[{"href":"https:\/\/www.sunnyplants.com\/de\/wp-json\/wp\/v2\/product\/13377","targetHints":{"allow":["GET"]}}],"collection":[{"href":"https:\/\/www.sunnyplants.com\/de\/wp-json\/wp\/v2\/product"}],"about":[{"href":"https:\/\/www.sunnyplants.com\/de\/wp-json\/wp\/v2\/types\/product"}],"replies":[{"embeddable":true,"href":"https:\/\/www.sunnyplants.com\/de\/wp-json\/wp\/v2\/comments?post=13377"}],"wp:featuredmedia":[{"embeddable":true,"href":"https:\/\/www.sunnyplants.com\/de\/wp-json\/wp\/v2\/media\/13383"}],"wp:attachment":[{"href":"https:\/\/www.sunnyplants.com\/de\/wp-json\/wp\/v2\/media?parent=13377"}],"wp:term":[{"taxonomy":"product_brand","embeddable":true,"href":"https:\/\/www.sunnyplants.com\/de\/wp-json\/wp\/v2\/product_brand?post=13377"},{"taxonomy":"product_cat","embeddable":true,"href":"https:\/\/www.sunnyplants.com\/de\/wp-json\/wp\/v2\/product_cat?post=13377"},{"taxonomy":"product_tag","embeddable":true,"href":"https:\/\/www.sunnyplants.com\/de\/wp-json\/wp\/v2\/product_tag?post=13377"}],"curies":[{"name":"wp","href":"https:\/\/api.w.org\/{rel}","templated":true}]}}