{"id":13416,"date":"2025-02-21T12:58:58","date_gmt":"2025-02-21T12:58:58","guid":{"rendered":"https:\/\/www.sunnyplants.com?post_type=product&#038;p=13416"},"modified":"2025-09-10T08:27:46","modified_gmt":"2025-09-10T08:27:46","slug":"xerosicyos-danguyi-silver-dollar-plant-stecklinge","status":"publish","type":"product","link":"https:\/\/www.sunnyplants.com\/de\/shop\/xerosicyos-danguyi-silver-dollar-plant-stecklinge","title":{"rendered":"Xerosicyos danguyi &#8211; Silver Dollar Plant &#8211; Stecklinge"},"content":{"rendered":"<h2>Xerosicyos danguyi Stecklingspflege<\/h2>\n<p>Pflanzen Sie den Xerosicyos danguyi Steckling aufrecht in guter Qualit\u00e4t <a href=\"https:\/\/www.sunnyplants.com\/de\/shop\/kaktus-und-sukkulenten-erde\">Kaktus und Sukkulenten Erde<\/a> nachdem die Schnittwunde getrocknet ist. Der Boden muss trocken oder fast trocken sein, um Verrottung zu verhindern. Verwenden Sie wenig Licht und Temperaturen von 18-24 \u00b0 C. Nach 2-3 Wochen k\u00f6nnen Sie etwas Wasser geben, um die Wurzelbildung zu f\u00f6rdern. In der Zwischenzeit wird der Schnitt einmal alle zwei Tage mit Wasser bespr\u00fcht, um eine Dehydrierung zu verhindern. Wenn Sie in einer feuchteren Umgebung wie einem Gew\u00e4chshaus wurzeln, ist dies normalerweise nicht erforderlich. Wurzeln bilden sich normalerweise in 4-6 Wochen, abh\u00e4ngig von Ihren Bedingungen.<\/p>\n<h2>Xerosicyos danguyi &#8211; Silver Dollar Plant &#8211; Pflanzenpflege<\/h2>\n<p>Bewurzelte Pflanzen und Stecklinge brauchen viel W\u00e4rme, Sonne und Wasser. Sie sind keine echten Sukkulenten, sondern eher etwas zwischen normalen Pflanzen und Sukkulenten. Sie m\u00f6gen helles Licht, aber kein direktes Sonnenlicht (experimentieren Sie ein bisschen damit). Temperaturen von 22-28 C sind am besten, wenn sie aktiv wachsen. Geben Sie ihnen jeden Monat etwas Kaktusd\u00fcnger, wenn sie wachsen. Gie\u00dfen Sie sie nur, wenn der Boden wieder trocken oder fast trocken ist. Halten Sie Xerosicyos danguyi im Winter bei 15-18 \u00b0 C und fast trocken.<\/p>\n<h3>Sukkulentent\u00f6pfe f\u00fcr Ihre Xerosicyos danguyi Pflanzen<\/h3>\n<p>Es sind so viele Sukkulentent\u00f6pfe online verf\u00fcgbar, die f\u00fcr Ihre Lithops Sammlungen geeignet sein k\u00f6nnten. Xerosicyos danguyi T\u00f6pfe aus Keramik, Xerosicyos T\u00f6pfe aus Stein, T\u00f6pfe aus Beton, Sukkulentent\u00f6pfe aus Glas und T\u00f6pfe aus Holz. Es gibt eine gro\u00dfe Auswahl an <strong><a href=\"https:\/\/amzn.to\/38Mf6pO\" target=\"_blank\" rel=\"noopener\">Sukkulentent\u00f6pfen auf Amazon.de<\/a><\/strong>.<\/p>\n<h3>Sukkulenten Pflanzenlampen f\u00fcr Ihre Silver Dollar Plant Sammlung<\/h3>\n<p>Alle Sukkulenten brauchen helles Licht, um gut zu wachsen. Sie bleiben kompakter und erhalten leuchtendere Farben. Eine gute Beleuchtung ist auch wichtig f\u00fcr die Pflanzengesundheit und die Photosynthese. In einem Gew\u00e4chshaus oder auf einer nach S\u00fcden ausgerichteten Fensterbank ist dies normalerweise kein Problem. Wenn Sie Ihrer Xerosicyos danguyi kein helles Licht bieten k\u00f6nnen, empfehlen wir die Verwendung von Sukkulenten-Wachstumslampen. Es gibt eine gro\u00dfe Auswahl an verschiedenen Arten von <strong><a href=\"https:\/\/amzn.to\/3ybfM2U\" target=\"_blank\" rel=\"noopener\">Sukkulenten Pflanzenlampen auf Amazon.de<\/a><\/strong>.<\/p>\n","protected":false},"excerpt":{"rendered":"<p>Sie kaufen ein Xerosicyos danguyi Steckling. Jeder Schnitt wird sorgf\u00e4ltig in Papier verpackt und mit einem Etikett und allgemeinen Wachstumsanweisungen versehen. <\/p>\n","protected":false},"featured_media":27512,"comment_status":"open","ping_status":"closed","template":"","meta":[],"product_brand":[],"product_cat":[234,278,347,1835,1582],"product_tag":[854,843,834],"class_list":{"0":"post-13416","1":"product","2":"type-product","3":"status-publish","4":"has-post-thumbnail","6":"product_cat-pflanzen","7":"product_cat-stecklinge","8":"product_cat-sukkulenten-stecklinge","9":"product_cat-tropische-pflanzen","10":"product_cat-xerosicyos-stecklinge","11":"product_tag-stammstecklinge","12":"product_tag-stecklinge","13":"product_tag-zimmerpflanzen","14":"product_shipping_class-plants-collections-de","15":"pa_family-cucurbitaceae-de","16":"pa_leaf-color-gruen","17":"pa_product-type-stammstecklinge","18":"pa_quantity-1-steckling-bewurzelt","19":"pa_size-4-6-cm-de","21":"first","22":"instock","23":"taxable","24":"shipping-taxable","25":"purchasable","26":"product-type-simple"},"yoast_head":"<!-- This site is optimized with the Yoast SEO plugin v27.4 - https:\/\/yoast.com\/product\/yoast-seo-wordpress\/ -->\n<title>Xerosicyos danguyi - Silver Dollar Plant - Stecklinge - Sunnyplants.com<\/title>\n<meta name=\"description\" content=\"Sie kaufen ein Xerosicyos danguyi Steckling. Jeder Schnitt wird sorgf\u00e4ltig in Papier verpackt und mit einem Etikett und allgemeinen Wachstumsanweisungen versehen.\" \/>\n<meta name=\"robots\" content=\"index, follow, max-snippet:-1, max-image-preview:large, max-video-preview:-1\" \/>\n<link rel=\"canonical\" href=\"https:\/\/www.sunnyplants.com\/de\/shop\/xerosicyos-danguyi-silver-dollar-plant-stecklinge\" \/>\n<meta property=\"og:locale\" content=\"de_DE\" \/>\n<meta property=\"og:type\" content=\"article\" \/>\n<meta property=\"og:title\" content=\"Xerosicyos danguyi - Silver Dollar Plant - Stecklinge - Sunnyplants.com\" \/>\n<meta property=\"og:description\" content=\"Sie kaufen ein Xerosicyos danguyi Steckling. Jeder Schnitt wird sorgf\u00e4ltig in Papier verpackt und mit einem Etikett und allgemeinen Wachstumsanweisungen versehen.\" \/>\n<meta property=\"og:url\" content=\"https:\/\/www.sunnyplants.com\/de\/shop\/xerosicyos-danguyi-silver-dollar-plant-stecklinge\" \/>\n<meta property=\"og:site_name\" content=\"Sunnyplants.com\" \/>\n<meta property=\"article:publisher\" content=\"https:\/\/nl-nl.facebook.com\/pages\/category\/Internet-Company\/Sunnyplantscom-1835401900058481\/\" \/>\n<meta property=\"article:modified_time\" content=\"2025-09-10T08:27:46+00:00\" \/>\n<meta property=\"og:image\" content=\"https:\/\/www.sunnyplants.com\/wp-content\/uploads\/xerosicyos-danguyi-cutting-2.jpg\" \/>\n\t<meta property=\"og:image:width\" content=\"900\" \/>\n\t<meta property=\"og:image:height\" content=\"900\" \/>\n\t<meta property=\"og:image:type\" content=\"image\/jpeg\" \/>\n<meta name=\"twitter:card\" content=\"summary_large_image\" \/>\n<meta name=\"twitter:label1\" content=\"Gesch\u00e4tzte Lesezeit\" \/>\n\t<meta name=\"twitter:data1\" content=\"2 minutes\" \/>\n<script type=\"application\/ld+json\" class=\"yoast-schema-graph\">{\"@context\":\"https:\\\/\\\/schema.org\",\"@graph\":[{\"@type\":\"WebPage\",\"@id\":\"https:\\\/\\\/www.sunnyplants.com\\\/de\\\/shop\\\/xerosicyos-danguyi-silver-dollar-plant-stecklinge\",\"url\":\"https:\\\/\\\/www.sunnyplants.com\\\/de\\\/shop\\\/xerosicyos-danguyi-silver-dollar-plant-stecklinge\",\"name\":\"Xerosicyos danguyi - Silver Dollar Plant - Stecklinge - Sunnyplants.com\",\"isPartOf\":{\"@id\":\"https:\\\/\\\/www.sunnyplants.com\\\/de#website\"},\"primaryImageOfPage\":{\"@id\":\"https:\\\/\\\/www.sunnyplants.com\\\/de\\\/shop\\\/xerosicyos-danguyi-silver-dollar-plant-stecklinge#primaryimage\"},\"image\":{\"@id\":\"https:\\\/\\\/www.sunnyplants.com\\\/de\\\/shop\\\/xerosicyos-danguyi-silver-dollar-plant-stecklinge#primaryimage\"},\"thumbnailUrl\":\"https:\\\/\\\/www.sunnyplants.com\\\/wp-content\\\/uploads\\\/xerosicyos-danguyi-cutting-2.jpg\",\"datePublished\":\"2025-02-21T12:58:58+00:00\",\"dateModified\":\"2025-09-10T08:27:46+00:00\",\"description\":\"Sie kaufen ein Xerosicyos danguyi Steckling. Jeder Schnitt wird sorgf\u00e4ltig in Papier verpackt und mit einem Etikett und allgemeinen Wachstumsanweisungen versehen.\",\"breadcrumb\":{\"@id\":\"https:\\\/\\\/www.sunnyplants.com\\\/de\\\/shop\\\/xerosicyos-danguyi-silver-dollar-plant-stecklinge#breadcrumb\"},\"inLanguage\":\"de-DE\",\"potentialAction\":[{\"@type\":\"ReadAction\",\"target\":[\"https:\\\/\\\/www.sunnyplants.com\\\/de\\\/shop\\\/xerosicyos-danguyi-silver-dollar-plant-stecklinge\"]}]},{\"@type\":\"ImageObject\",\"inLanguage\":\"de-DE\",\"@id\":\"https:\\\/\\\/www.sunnyplants.com\\\/de\\\/shop\\\/xerosicyos-danguyi-silver-dollar-plant-stecklinge#primaryimage\",\"url\":\"https:\\\/\\\/www.sunnyplants.com\\\/wp-content\\\/uploads\\\/xerosicyos-danguyi-cutting-2.jpg\",\"contentUrl\":\"https:\\\/\\\/www.sunnyplants.com\\\/wp-content\\\/uploads\\\/xerosicyos-danguyi-cutting-2.jpg\",\"width\":900,\"height\":900},{\"@type\":\"BreadcrumbList\",\"@id\":\"https:\\\/\\\/www.sunnyplants.com\\\/de\\\/shop\\\/xerosicyos-danguyi-silver-dollar-plant-stecklinge#breadcrumb\",\"itemListElement\":[{\"@type\":\"ListItem\",\"position\":1,\"name\":\"Home\",\"item\":\"https:\\\/\\\/www.sunnyplants.com\\\/de\\\/sunnyplants-de\"},{\"@type\":\"ListItem\",\"position\":2,\"name\":\"Shop\",\"item\":\"https:\\\/\\\/www.sunnyplants.com\\\/de\\\/shop-2\"},{\"@type\":\"ListItem\",\"position\":3,\"name\":\"Xerosicyos danguyi &#8211; Silver Dollar Plant &#8211; Stecklinge\"}]},{\"@type\":\"WebSite\",\"@id\":\"https:\\\/\\\/www.sunnyplants.com\\\/de#website\",\"url\":\"https:\\\/\\\/www.sunnyplants.com\\\/de\",\"name\":\"Sunnyplants.com\",\"description\":\"Lithops, Conophytums and other Mesembs &amp; Succulents\",\"potentialAction\":[{\"@type\":\"SearchAction\",\"target\":{\"@type\":\"EntryPoint\",\"urlTemplate\":\"https:\\\/\\\/www.sunnyplants.com\\\/de?s={search_term_string}\"},\"query-input\":{\"@type\":\"PropertyValueSpecification\",\"valueRequired\":true,\"valueName\":\"search_term_string\"}}],\"inLanguage\":\"de-DE\"}]}<\/script>\n<!-- \/ Yoast SEO plugin. -->","yoast_head_json":{"title":"Xerosicyos danguyi - Silver Dollar Plant - Stecklinge - Sunnyplants.com","description":"Sie kaufen ein Xerosicyos danguyi Steckling. Jeder Schnitt wird sorgf\u00e4ltig in Papier verpackt und mit einem Etikett und allgemeinen Wachstumsanweisungen versehen.","robots":{"index":"index","follow":"follow","max-snippet":"max-snippet:-1","max-image-preview":"max-image-preview:large","max-video-preview":"max-video-preview:-1"},"canonical":"https:\/\/www.sunnyplants.com\/de\/shop\/xerosicyos-danguyi-silver-dollar-plant-stecklinge","og_locale":"de_DE","og_type":"article","og_title":"Xerosicyos danguyi - Silver Dollar Plant - Stecklinge - Sunnyplants.com","og_description":"Sie kaufen ein Xerosicyos danguyi Steckling. Jeder Schnitt wird sorgf\u00e4ltig in Papier verpackt und mit einem Etikett und allgemeinen Wachstumsanweisungen versehen.","og_url":"https:\/\/www.sunnyplants.com\/de\/shop\/xerosicyos-danguyi-silver-dollar-plant-stecklinge","og_site_name":"Sunnyplants.com","article_publisher":"https:\/\/nl-nl.facebook.com\/pages\/category\/Internet-Company\/Sunnyplantscom-1835401900058481\/","article_modified_time":"2025-09-10T08:27:46+00:00","og_image":[{"width":900,"height":900,"url":"https:\/\/www.sunnyplants.com\/wp-content\/uploads\/xerosicyos-danguyi-cutting-2.jpg","type":"image\/jpeg"}],"twitter_card":"summary_large_image","twitter_misc":{"Gesch\u00e4tzte Lesezeit":"2 minutes"},"schema":{"@context":"https:\/\/schema.org","@graph":[{"@type":"WebPage","@id":"https:\/\/www.sunnyplants.com\/de\/shop\/xerosicyos-danguyi-silver-dollar-plant-stecklinge","url":"https:\/\/www.sunnyplants.com\/de\/shop\/xerosicyos-danguyi-silver-dollar-plant-stecklinge","name":"Xerosicyos danguyi - Silver Dollar Plant - Stecklinge - Sunnyplants.com","isPartOf":{"@id":"https:\/\/www.sunnyplants.com\/de#website"},"primaryImageOfPage":{"@id":"https:\/\/www.sunnyplants.com\/de\/shop\/xerosicyos-danguyi-silver-dollar-plant-stecklinge#primaryimage"},"image":{"@id":"https:\/\/www.sunnyplants.com\/de\/shop\/xerosicyos-danguyi-silver-dollar-plant-stecklinge#primaryimage"},"thumbnailUrl":"https:\/\/www.sunnyplants.com\/wp-content\/uploads\/xerosicyos-danguyi-cutting-2.jpg","datePublished":"2025-02-21T12:58:58+00:00","dateModified":"2025-09-10T08:27:46+00:00","description":"Sie kaufen ein Xerosicyos danguyi Steckling. Jeder Schnitt wird sorgf\u00e4ltig in Papier verpackt und mit einem Etikett und allgemeinen Wachstumsanweisungen versehen.","breadcrumb":{"@id":"https:\/\/www.sunnyplants.com\/de\/shop\/xerosicyos-danguyi-silver-dollar-plant-stecklinge#breadcrumb"},"inLanguage":"de-DE","potentialAction":[{"@type":"ReadAction","target":["https:\/\/www.sunnyplants.com\/de\/shop\/xerosicyos-danguyi-silver-dollar-plant-stecklinge"]}]},{"@type":"ImageObject","inLanguage":"de-DE","@id":"https:\/\/www.sunnyplants.com\/de\/shop\/xerosicyos-danguyi-silver-dollar-plant-stecklinge#primaryimage","url":"https:\/\/www.sunnyplants.com\/wp-content\/uploads\/xerosicyos-danguyi-cutting-2.jpg","contentUrl":"https:\/\/www.sunnyplants.com\/wp-content\/uploads\/xerosicyos-danguyi-cutting-2.jpg","width":900,"height":900},{"@type":"BreadcrumbList","@id":"https:\/\/www.sunnyplants.com\/de\/shop\/xerosicyos-danguyi-silver-dollar-plant-stecklinge#breadcrumb","itemListElement":[{"@type":"ListItem","position":1,"name":"Home","item":"https:\/\/www.sunnyplants.com\/de\/sunnyplants-de"},{"@type":"ListItem","position":2,"name":"Shop","item":"https:\/\/www.sunnyplants.com\/de\/shop-2"},{"@type":"ListItem","position":3,"name":"Xerosicyos danguyi &#8211; Silver Dollar Plant &#8211; Stecklinge"}]},{"@type":"WebSite","@id":"https:\/\/www.sunnyplants.com\/de#website","url":"https:\/\/www.sunnyplants.com\/de","name":"Sunnyplants.com","description":"Lithops, Conophytums and other Mesembs &amp; Succulents","potentialAction":[{"@type":"SearchAction","target":{"@type":"EntryPoint","urlTemplate":"https:\/\/www.sunnyplants.com\/de?s={search_term_string}"},"query-input":{"@type":"PropertyValueSpecification","valueRequired":true,"valueName":"search_term_string"}}],"inLanguage":"de-DE"}]}},"jetpack_sharing_enabled":true,"_links":{"self":[{"href":"https:\/\/www.sunnyplants.com\/de\/wp-json\/wp\/v2\/product\/13416","targetHints":{"allow":["GET"]}}],"collection":[{"href":"https:\/\/www.sunnyplants.com\/de\/wp-json\/wp\/v2\/product"}],"about":[{"href":"https:\/\/www.sunnyplants.com\/de\/wp-json\/wp\/v2\/types\/product"}],"replies":[{"embeddable":true,"href":"https:\/\/www.sunnyplants.com\/de\/wp-json\/wp\/v2\/comments?post=13416"}],"wp:featuredmedia":[{"embeddable":true,"href":"https:\/\/www.sunnyplants.com\/de\/wp-json\/wp\/v2\/media\/27512"}],"wp:attachment":[{"href":"https:\/\/www.sunnyplants.com\/de\/wp-json\/wp\/v2\/media?parent=13416"}],"wp:term":[{"taxonomy":"product_brand","embeddable":true,"href":"https:\/\/www.sunnyplants.com\/de\/wp-json\/wp\/v2\/product_brand?post=13416"},{"taxonomy":"product_cat","embeddable":true,"href":"https:\/\/www.sunnyplants.com\/de\/wp-json\/wp\/v2\/product_cat?post=13416"},{"taxonomy":"product_tag","embeddable":true,"href":"https:\/\/www.sunnyplants.com\/de\/wp-json\/wp\/v2\/product_tag?post=13416"}],"curies":[{"name":"wp","href":"https:\/\/api.w.org\/{rel}","templated":true}]}}