{"id":14195,"date":"2026-03-16T07:21:29","date_gmt":"2026-03-16T07:21:29","guid":{"rendered":"https:\/\/www.sunnyplants.com\/?post_type=product&#038;p=14195"},"modified":"2026-03-26T21:40:20","modified_gmt":"2026-03-26T21:40:20","slug":"sempervivum-kollektion-hauswurz","status":"publish","type":"product","link":"https:\/\/www.sunnyplants.com\/de\/shop\/sempervivum-kollektion-hauswurz","title":{"rendered":"Sempervivum Kollektion &#8211; Hauswurz"},"content":{"rendered":"<p>Erschaffen Sie Ihren eigenen Sukkulenten Garten mit verschiedenen sch\u00f6nen Hauslauch Pflanzen. Diese Pflanzen sind winterhart und eignen sich f\u00fcr die Platzierung im Innen- und Au\u00dfenbereich.<\/p>\n<p>Sempervivum-Arten ben\u00f6tigen viel Licht und eine Bodenmischung mit guter Drainage. Sie k\u00f6nnen reinen Bimsstein oder Kies verwenden, wenn Sie m\u00f6chten. Sempervivum Pflanzen brauchen flache T\u00f6pfe und Beh\u00e4lter. Stellen Sie sicher, dass die Beh\u00e4lter L\u00f6cher f\u00fcr die Entw\u00e4sserung haben.<\/p>\n","protected":false},"excerpt":{"rendered":"<p>W\u00e4hlen Sie eine Sempervivum Kollektion von 6 oder 12 Pflanzen. Wir selektieren Pflanzen in verschiedenen Farben und Gr\u00f6\u00dfen (3-6 cm). Die Farben k\u00f6nnen sich je nach Wasser- und Lichtintensit\u00e4t etwas \u00e4ndern. Sie k\u00f6nnen <strong>nach dem Reisen in der Box etwas gr\u00fcner sein<\/strong>. Topf und Erde sind nicht enthalten!<\/p>\n","protected":false},"featured_media":14215,"comment_status":"open","ping_status":"closed","template":"","meta":[],"product_brand":[],"product_cat":[286,1329,278,347,1584],"product_tag":[823,843,1348,834],"class_list":{"0":"post-14195","1":"product","2":"type-product","3":"status-publish","4":"has-post-thumbnail","6":"product_cat-kollektionen","7":"product_cat-sempervivum-stecklinge","8":"product_cat-stecklinge","9":"product_cat-sukkulenten-stecklinge","10":"product_cat-winterharte-sukkulenten","11":"product_tag-dachbegruenung","12":"product_tag-stecklinge","13":"product_tag-winterhart","14":"product_tag-zimmerpflanzen","15":"product_shipping_class-plants-collections-de","16":"pa_family-crassulaceae-de","17":"pa_product-type-pflanzen","18":"pa_quantity-12-pflanzen","19":"pa_quantity-6-pflanzen","20":"pa_size-3-6-cm-de","22":"first","23":"instock","24":"featured","25":"taxable","26":"shipping-taxable","27":"purchasable","28":"product-type-variable","29":"has-default-attributes"},"yoast_head":"<!-- This site is optimized with the Yoast SEO plugin v27.4 - https:\/\/yoast.com\/product\/yoast-seo-wordpress\/ -->\n<title>Sempervivum Kollektion - Hauswurz - Sunnyplants.com<\/title>\n<meta name=\"description\" content=\"W\u00e4hlen Sie eine Sempervivum Kollektion von 6 oder 12 Pflanzen. Wir selektieren Pflanzen in verschiedenen Farben und Gr\u00f6\u00dfen (3-6 cm). Die Farben k\u00f6nnen sich je nach Wasser- und Lichtintensit\u00e4t etwas \u00e4ndern. Sie k\u00f6nnen nach dem Reisen in der Box etwas gr\u00fcner sein. Topf und Erde sind nicht enthalten!\" \/>\n<meta name=\"robots\" content=\"index, follow, max-snippet:-1, max-image-preview:large, max-video-preview:-1\" \/>\n<link rel=\"canonical\" href=\"https:\/\/www.sunnyplants.com\/de\/shop\/sempervivum-kollektion-hauswurz\" \/>\n<meta property=\"og:locale\" content=\"de_DE\" \/>\n<meta property=\"og:type\" content=\"article\" \/>\n<meta property=\"og:title\" content=\"Sempervivum Kollektion - Hauswurz - Sunnyplants.com\" \/>\n<meta property=\"og:description\" content=\"W\u00e4hlen Sie eine Sempervivum Kollektion von 6 oder 12 Pflanzen. Wir selektieren Pflanzen in verschiedenen Farben und Gr\u00f6\u00dfen (3-6 cm). Die Farben k\u00f6nnen sich je nach Wasser- und Lichtintensit\u00e4t etwas \u00e4ndern. Sie k\u00f6nnen nach dem Reisen in der Box etwas gr\u00fcner sein. Topf und Erde sind nicht enthalten!\" \/>\n<meta property=\"og:url\" content=\"https:\/\/www.sunnyplants.com\/de\/shop\/sempervivum-kollektion-hauswurz\" \/>\n<meta property=\"og:site_name\" content=\"Sunnyplants.com\" \/>\n<meta property=\"article:publisher\" content=\"https:\/\/nl-nl.facebook.com\/pages\/category\/Internet-Company\/Sunnyplantscom-1835401900058481\/\" \/>\n<meta property=\"article:modified_time\" content=\"2026-03-26T21:40:20+00:00\" \/>\n<meta property=\"og:image\" content=\"https:\/\/www.sunnyplants.com\/wp-content\/uploads\/sempervivum-collection.jpg\" \/>\n\t<meta property=\"og:image:width\" content=\"900\" \/>\n\t<meta property=\"og:image:height\" content=\"900\" \/>\n\t<meta property=\"og:image:type\" content=\"image\/jpeg\" \/>\n<meta name=\"twitter:card\" content=\"summary_large_image\" \/>\n<script type=\"application\/ld+json\" class=\"yoast-schema-graph\">{\"@context\":\"https:\\\/\\\/schema.org\",\"@graph\":[{\"@type\":\"WebPage\",\"@id\":\"https:\\\/\\\/www.sunnyplants.com\\\/de\\\/shop\\\/sempervivum-kollektion-hauswurz\",\"url\":\"https:\\\/\\\/www.sunnyplants.com\\\/de\\\/shop\\\/sempervivum-kollektion-hauswurz\",\"name\":\"Sempervivum Kollektion - Hauswurz - Sunnyplants.com\",\"isPartOf\":{\"@id\":\"https:\\\/\\\/www.sunnyplants.com\\\/de#website\"},\"primaryImageOfPage\":{\"@id\":\"https:\\\/\\\/www.sunnyplants.com\\\/de\\\/shop\\\/sempervivum-kollektion-hauswurz#primaryimage\"},\"image\":{\"@id\":\"https:\\\/\\\/www.sunnyplants.com\\\/de\\\/shop\\\/sempervivum-kollektion-hauswurz#primaryimage\"},\"thumbnailUrl\":\"https:\\\/\\\/www.sunnyplants.com\\\/wp-content\\\/uploads\\\/sempervivum-collection.jpg\",\"datePublished\":\"2026-03-16T07:21:29+00:00\",\"dateModified\":\"2026-03-26T21:40:20+00:00\",\"description\":\"W\u00e4hlen Sie eine Sempervivum Kollektion von 6 oder 12 Pflanzen. Wir selektieren Pflanzen in verschiedenen Farben und Gr\u00f6\u00dfen (3-6 cm). Die Farben k\u00f6nnen sich je nach Wasser- und Lichtintensit\u00e4t etwas \u00e4ndern. Sie k\u00f6nnen nach dem Reisen in der Box etwas gr\u00fcner sein. Topf und Erde sind nicht enthalten!\",\"breadcrumb\":{\"@id\":\"https:\\\/\\\/www.sunnyplants.com\\\/de\\\/shop\\\/sempervivum-kollektion-hauswurz#breadcrumb\"},\"inLanguage\":\"de-DE\",\"potentialAction\":[{\"@type\":\"ReadAction\",\"target\":[\"https:\\\/\\\/www.sunnyplants.com\\\/de\\\/shop\\\/sempervivum-kollektion-hauswurz\"]}]},{\"@type\":\"ImageObject\",\"inLanguage\":\"de-DE\",\"@id\":\"https:\\\/\\\/www.sunnyplants.com\\\/de\\\/shop\\\/sempervivum-kollektion-hauswurz#primaryimage\",\"url\":\"https:\\\/\\\/www.sunnyplants.com\\\/wp-content\\\/uploads\\\/sempervivum-collection.jpg\",\"contentUrl\":\"https:\\\/\\\/www.sunnyplants.com\\\/wp-content\\\/uploads\\\/sempervivum-collection.jpg\",\"width\":900,\"height\":900},{\"@type\":\"BreadcrumbList\",\"@id\":\"https:\\\/\\\/www.sunnyplants.com\\\/de\\\/shop\\\/sempervivum-kollektion-hauswurz#breadcrumb\",\"itemListElement\":[{\"@type\":\"ListItem\",\"position\":1,\"name\":\"Home\",\"item\":\"https:\\\/\\\/www.sunnyplants.com\\\/de\\\/sunnyplants-de\"},{\"@type\":\"ListItem\",\"position\":2,\"name\":\"Shop\",\"item\":\"https:\\\/\\\/www.sunnyplants.com\\\/de\\\/shop-2\"},{\"@type\":\"ListItem\",\"position\":3,\"name\":\"Sempervivum Kollektion &#8211; Hauswurz\"}]},{\"@type\":\"WebSite\",\"@id\":\"https:\\\/\\\/www.sunnyplants.com\\\/de#website\",\"url\":\"https:\\\/\\\/www.sunnyplants.com\\\/de\",\"name\":\"Sunnyplants.com\",\"description\":\"Lithops, Conophytums and other Mesembs &amp; Succulents\",\"potentialAction\":[{\"@type\":\"SearchAction\",\"target\":{\"@type\":\"EntryPoint\",\"urlTemplate\":\"https:\\\/\\\/www.sunnyplants.com\\\/de?s={search_term_string}\"},\"query-input\":{\"@type\":\"PropertyValueSpecification\",\"valueRequired\":true,\"valueName\":\"search_term_string\"}}],\"inLanguage\":\"de-DE\"}]}<\/script>\n<!-- \/ Yoast SEO plugin. -->","yoast_head_json":{"title":"Sempervivum Kollektion - Hauswurz - Sunnyplants.com","description":"W\u00e4hlen Sie eine Sempervivum Kollektion von 6 oder 12 Pflanzen. Wir selektieren Pflanzen in verschiedenen Farben und Gr\u00f6\u00dfen (3-6 cm). Die Farben k\u00f6nnen sich je nach Wasser- und Lichtintensit\u00e4t etwas \u00e4ndern. Sie k\u00f6nnen nach dem Reisen in der Box etwas gr\u00fcner sein. Topf und Erde sind nicht enthalten!","robots":{"index":"index","follow":"follow","max-snippet":"max-snippet:-1","max-image-preview":"max-image-preview:large","max-video-preview":"max-video-preview:-1"},"canonical":"https:\/\/www.sunnyplants.com\/de\/shop\/sempervivum-kollektion-hauswurz","og_locale":"de_DE","og_type":"article","og_title":"Sempervivum Kollektion - Hauswurz - Sunnyplants.com","og_description":"W\u00e4hlen Sie eine Sempervivum Kollektion von 6 oder 12 Pflanzen. Wir selektieren Pflanzen in verschiedenen Farben und Gr\u00f6\u00dfen (3-6 cm). Die Farben k\u00f6nnen sich je nach Wasser- und Lichtintensit\u00e4t etwas \u00e4ndern. Sie k\u00f6nnen nach dem Reisen in der Box etwas gr\u00fcner sein. Topf und Erde sind nicht enthalten!","og_url":"https:\/\/www.sunnyplants.com\/de\/shop\/sempervivum-kollektion-hauswurz","og_site_name":"Sunnyplants.com","article_publisher":"https:\/\/nl-nl.facebook.com\/pages\/category\/Internet-Company\/Sunnyplantscom-1835401900058481\/","article_modified_time":"2026-03-26T21:40:20+00:00","og_image":[{"width":900,"height":900,"url":"https:\/\/www.sunnyplants.com\/wp-content\/uploads\/sempervivum-collection.jpg","type":"image\/jpeg"}],"twitter_card":"summary_large_image","schema":{"@context":"https:\/\/schema.org","@graph":[{"@type":"WebPage","@id":"https:\/\/www.sunnyplants.com\/de\/shop\/sempervivum-kollektion-hauswurz","url":"https:\/\/www.sunnyplants.com\/de\/shop\/sempervivum-kollektion-hauswurz","name":"Sempervivum Kollektion - Hauswurz - Sunnyplants.com","isPartOf":{"@id":"https:\/\/www.sunnyplants.com\/de#website"},"primaryImageOfPage":{"@id":"https:\/\/www.sunnyplants.com\/de\/shop\/sempervivum-kollektion-hauswurz#primaryimage"},"image":{"@id":"https:\/\/www.sunnyplants.com\/de\/shop\/sempervivum-kollektion-hauswurz#primaryimage"},"thumbnailUrl":"https:\/\/www.sunnyplants.com\/wp-content\/uploads\/sempervivum-collection.jpg","datePublished":"2026-03-16T07:21:29+00:00","dateModified":"2026-03-26T21:40:20+00:00","description":"W\u00e4hlen Sie eine Sempervivum Kollektion von 6 oder 12 Pflanzen. Wir selektieren Pflanzen in verschiedenen Farben und Gr\u00f6\u00dfen (3-6 cm). Die Farben k\u00f6nnen sich je nach Wasser- und Lichtintensit\u00e4t etwas \u00e4ndern. Sie k\u00f6nnen nach dem Reisen in der Box etwas gr\u00fcner sein. Topf und Erde sind nicht enthalten!","breadcrumb":{"@id":"https:\/\/www.sunnyplants.com\/de\/shop\/sempervivum-kollektion-hauswurz#breadcrumb"},"inLanguage":"de-DE","potentialAction":[{"@type":"ReadAction","target":["https:\/\/www.sunnyplants.com\/de\/shop\/sempervivum-kollektion-hauswurz"]}]},{"@type":"ImageObject","inLanguage":"de-DE","@id":"https:\/\/www.sunnyplants.com\/de\/shop\/sempervivum-kollektion-hauswurz#primaryimage","url":"https:\/\/www.sunnyplants.com\/wp-content\/uploads\/sempervivum-collection.jpg","contentUrl":"https:\/\/www.sunnyplants.com\/wp-content\/uploads\/sempervivum-collection.jpg","width":900,"height":900},{"@type":"BreadcrumbList","@id":"https:\/\/www.sunnyplants.com\/de\/shop\/sempervivum-kollektion-hauswurz#breadcrumb","itemListElement":[{"@type":"ListItem","position":1,"name":"Home","item":"https:\/\/www.sunnyplants.com\/de\/sunnyplants-de"},{"@type":"ListItem","position":2,"name":"Shop","item":"https:\/\/www.sunnyplants.com\/de\/shop-2"},{"@type":"ListItem","position":3,"name":"Sempervivum Kollektion &#8211; Hauswurz"}]},{"@type":"WebSite","@id":"https:\/\/www.sunnyplants.com\/de#website","url":"https:\/\/www.sunnyplants.com\/de","name":"Sunnyplants.com","description":"Lithops, Conophytums and other Mesembs &amp; Succulents","potentialAction":[{"@type":"SearchAction","target":{"@type":"EntryPoint","urlTemplate":"https:\/\/www.sunnyplants.com\/de?s={search_term_string}"},"query-input":{"@type":"PropertyValueSpecification","valueRequired":true,"valueName":"search_term_string"}}],"inLanguage":"de-DE"}]}},"jetpack_sharing_enabled":true,"_links":{"self":[{"href":"https:\/\/www.sunnyplants.com\/de\/wp-json\/wp\/v2\/product\/14195","targetHints":{"allow":["GET"]}}],"collection":[{"href":"https:\/\/www.sunnyplants.com\/de\/wp-json\/wp\/v2\/product"}],"about":[{"href":"https:\/\/www.sunnyplants.com\/de\/wp-json\/wp\/v2\/types\/product"}],"replies":[{"embeddable":true,"href":"https:\/\/www.sunnyplants.com\/de\/wp-json\/wp\/v2\/comments?post=14195"}],"wp:featuredmedia":[{"embeddable":true,"href":"https:\/\/www.sunnyplants.com\/de\/wp-json\/wp\/v2\/media\/14215"}],"wp:attachment":[{"href":"https:\/\/www.sunnyplants.com\/de\/wp-json\/wp\/v2\/media?parent=14195"}],"wp:term":[{"taxonomy":"product_brand","embeddable":true,"href":"https:\/\/www.sunnyplants.com\/de\/wp-json\/wp\/v2\/product_brand?post=14195"},{"taxonomy":"product_cat","embeddable":true,"href":"https:\/\/www.sunnyplants.com\/de\/wp-json\/wp\/v2\/product_cat?post=14195"},{"taxonomy":"product_tag","embeddable":true,"href":"https:\/\/www.sunnyplants.com\/de\/wp-json\/wp\/v2\/product_tag?post=14195"}],"curies":[{"name":"wp","href":"https:\/\/api.w.org\/{rel}","templated":true}]}}