{"id":14540,"date":"2024-07-17T05:46:15","date_gmt":"2024-07-17T05:46:15","guid":{"rendered":"https:\/\/www.sunnyplants.com\/?post_type=product&#038;p=14540"},"modified":"2026-04-16T08:56:13","modified_gmt":"2026-04-16T08:56:13","slug":"dioscorea-elephantipes-schildkrotenpflanze-pflanzen","status":"publish","type":"product","link":"https:\/\/www.sunnyplants.com\/de\/shop\/dioscorea-elephantipes-schildkrotenpflanze-pflanzen","title":{"rendered":"Dioscorea elephantipes &#8211; Schildkr\u00f6tenpflanze  &#8211; Pflanzen"},"content":{"rendered":"<p>Dioscorea elephantipes (Testudinaria elephantipes), allgemein bekannt als Hottentot-Brot oder Elefantenfu\u00df. Eine sch\u00f6ne Pflanze, die mit der Zeit eine h\u00f6lzerne Caudex bildet. Diese Pflanzen k\u00f6nnen extrem alt werden und die Caudex kann Durchmesser von fast 1 Meter erreichen.<\/p>\n<p>Die Pflanze w\u00e4chst gut in normaler Sukkulentenerde. Pflanze den Caudex 0,5 &#8211; 1 cm tief in den Boden. Gib ihm etwas Schatten (wir z\u00fcchten diese auf den unteren Regalen im Gew\u00e4chshaus). Es braucht gute Bew\u00e4sserung, wenn die Pflanze aktiv w\u00e4chst und Bl\u00e4tter zeigt. Dies ist normalerweise im Fr\u00fchjahr und Herbst. Reduzieren Sie Wassergaben, wenn die Pflanze ihre Bl\u00e4tter fallen gelassen hat. Dioscorea elephantipes neigt dazu, ihre Bl\u00e4tter in den trockenen hei\u00dfen Sommermonaten und im Winter fallen zu lassen. Mach dir keine Sorgen, wenn der Blattstamm bricht. Es kann ein neues bilden.<\/p>\n<h3>Sukkulentent\u00f6pfe f\u00fcr Ihre Dioscorea elephantipes Pflanzen<\/h3>\n<p>Es sind so viele Sukkulentent\u00f6pfe online verf\u00fcgbar, die f\u00fcr Ihre Dioscorea elephantipes Pflanzen geeignet sein k\u00f6nnten. Schildkr\u00f6tenpflanze T\u00f6pfe aus Keramik, Dioscorea T\u00f6pfe aus Stein, Sukkulentent\u00f6pfe aus Beton, Pflanzent\u00f6pfe aus Glas und T\u00f6pfe aus Holz. Es gibt eine gro\u00dfe Auswahl an <strong><a href=\"https:\/\/amzn.to\/38Mf6pO\" target=\"_blank\" rel=\"noopener\">Sukkulentent\u00f6pfen auf Amazon.de<\/a><\/strong>.<\/p>\n<h3>Sukkulenten Pflanzenlampen f\u00fcr Ihre Dioscorea elephantipes<\/h3>\n<p>Alle Sukkulenten brauchen helles Licht, um gut zu wachsen. Sie bleiben kompakter und erhalten leuchtendere Farben. Eine gute Beleuchtung ist auch wichtig f\u00fcr die Pflanzengesundheit und die Photosynthese. In einem Gew\u00e4chshaus oder auf einer nach S\u00fcden ausgerichteten Fensterbank ist dies normalerweise kein Problem. Wenn Sie Ihrer Dioscorea elephantipes kein helles Licht bieten k\u00f6nnen, empfehlen wir die Verwendung von Sukkulenten-Wachstumslampen. Es gibt eine gro\u00dfe Auswahl an verschiedenen Arten von <strong><a href=\"https:\/\/amzn.to\/3ybfM2U\" target=\"_blank\" rel=\"noopener\">Sukkulenten Pflanzenlampen auf Amazon.de<\/a><\/strong>.<\/p>\n","protected":false},"excerpt":{"rendered":"<p>Dioscorea elephantipes (Schildkr\u00f6tenpflanze) Pflanzen. Sie erhalten wenn m\u00f6glich eine Caudex mit Blatt. Dies h\u00e4ngt von der Jahreszeit ab und davon, wie aktiv die Pflanze w\u00e4chst.<\/p>\n","protected":false},"featured_media":5681,"comment_status":"open","ping_status":"closed","template":"","meta":[],"product_brand":[],"product_cat":[249,234,1835],"product_tag":[910,834],"class_list":{"0":"post-14540","1":"product","2":"type-product","3":"status-publish","4":"has-post-thumbnail","6":"product_cat-knollen-caudexpflanzen","7":"product_cat-pflanzen","8":"product_cat-tropische-pflanzen","9":"product_tag-caudex-de","10":"product_tag-zimmerpflanzen","11":"product_shipping_class-cuttings-small-plants-de","12":"pa_family-dioscoreaceae-de","13":"pa_product-type-pflanzen","14":"pa_quantity-1-knolle","15":"pa_size-05-1-cm-de","16":"pa_size-1-2-cm-de","17":"pa_size-2-3-cm-de","19":"first","20":"instock","21":"taxable","22":"shipping-taxable","23":"purchasable","24":"product-type-variable","25":"has-default-attributes"},"yoast_head":"<!-- This site is optimized with the Yoast SEO plugin v27.4 - https:\/\/yoast.com\/product\/yoast-seo-wordpress\/ -->\n<title>Dioscorea elephantipes - Schildkr\u00f6tenpflanze - Pflanzen - Sunnyplants.com<\/title>\n<meta name=\"description\" content=\"Dioscorea elephantipes (Testudinaria elephantipes), allgemein bekannt als Hottentot-Brot oder Elefantenfu\u00df. Eine sch\u00f6ne Caudex Pflanze.\" \/>\n<meta name=\"robots\" content=\"index, follow, max-snippet:-1, max-image-preview:large, max-video-preview:-1\" \/>\n<link rel=\"canonical\" href=\"https:\/\/www.sunnyplants.com\/de\/shop\/dioscorea-elephantipes-schildkrotenpflanze-pflanzen\" \/>\n<meta property=\"og:locale\" content=\"de_DE\" \/>\n<meta property=\"og:type\" content=\"article\" \/>\n<meta property=\"og:title\" content=\"Dioscorea elephantipes - Schildkr\u00f6tenpflanze - Pflanzen - Sunnyplants.com\" \/>\n<meta property=\"og:description\" content=\"Dioscorea elephantipes (Testudinaria elephantipes), allgemein bekannt als Hottentot-Brot oder Elefantenfu\u00df. Eine sch\u00f6ne Caudex Pflanze.\" \/>\n<meta property=\"og:url\" content=\"https:\/\/www.sunnyplants.com\/de\/shop\/dioscorea-elephantipes-schildkrotenpflanze-pflanzen\" \/>\n<meta property=\"og:site_name\" content=\"Sunnyplants.com\" \/>\n<meta property=\"article:publisher\" content=\"https:\/\/nl-nl.facebook.com\/pages\/category\/Internet-Company\/Sunnyplantscom-1835401900058481\/\" \/>\n<meta property=\"article:modified_time\" content=\"2026-04-16T08:56:13+00:00\" \/>\n<meta property=\"og:image\" content=\"https:\/\/www.sunnyplants.com\/wp-content\/uploads\/2016\/12\/dioscorea-e.jpg\" \/>\n\t<meta property=\"og:image:width\" content=\"425\" \/>\n\t<meta property=\"og:image:height\" content=\"425\" \/>\n\t<meta property=\"og:image:type\" content=\"image\/jpeg\" \/>\n<meta name=\"twitter:card\" content=\"summary_large_image\" \/>\n<meta name=\"twitter:label1\" content=\"Gesch\u00e4tzte Lesezeit\" \/>\n\t<meta name=\"twitter:data1\" content=\"1 minute\" \/>\n<script type=\"application\/ld+json\" class=\"yoast-schema-graph\">{\"@context\":\"https:\\\/\\\/schema.org\",\"@graph\":[{\"@type\":\"WebPage\",\"@id\":\"https:\\\/\\\/www.sunnyplants.com\\\/de\\\/shop\\\/dioscorea-elephantipes-schildkrotenpflanze-pflanzen\",\"url\":\"https:\\\/\\\/www.sunnyplants.com\\\/de\\\/shop\\\/dioscorea-elephantipes-schildkrotenpflanze-pflanzen\",\"name\":\"Dioscorea elephantipes - Schildkr\u00f6tenpflanze - Pflanzen - Sunnyplants.com\",\"isPartOf\":{\"@id\":\"https:\\\/\\\/www.sunnyplants.com\\\/de#website\"},\"primaryImageOfPage\":{\"@id\":\"https:\\\/\\\/www.sunnyplants.com\\\/de\\\/shop\\\/dioscorea-elephantipes-schildkrotenpflanze-pflanzen#primaryimage\"},\"image\":{\"@id\":\"https:\\\/\\\/www.sunnyplants.com\\\/de\\\/shop\\\/dioscorea-elephantipes-schildkrotenpflanze-pflanzen#primaryimage\"},\"thumbnailUrl\":\"https:\\\/\\\/www.sunnyplants.com\\\/wp-content\\\/uploads\\\/2016\\\/12\\\/dioscorea-e.jpg\",\"datePublished\":\"2024-07-17T05:46:15+00:00\",\"dateModified\":\"2026-04-16T08:56:13+00:00\",\"description\":\"Dioscorea elephantipes (Testudinaria elephantipes), allgemein bekannt als Hottentot-Brot oder Elefantenfu\u00df. Eine sch\u00f6ne Caudex Pflanze.\",\"breadcrumb\":{\"@id\":\"https:\\\/\\\/www.sunnyplants.com\\\/de\\\/shop\\\/dioscorea-elephantipes-schildkrotenpflanze-pflanzen#breadcrumb\"},\"inLanguage\":\"de-DE\",\"potentialAction\":[{\"@type\":\"ReadAction\",\"target\":[\"https:\\\/\\\/www.sunnyplants.com\\\/de\\\/shop\\\/dioscorea-elephantipes-schildkrotenpflanze-pflanzen\"]}]},{\"@type\":\"ImageObject\",\"inLanguage\":\"de-DE\",\"@id\":\"https:\\\/\\\/www.sunnyplants.com\\\/de\\\/shop\\\/dioscorea-elephantipes-schildkrotenpflanze-pflanzen#primaryimage\",\"url\":\"https:\\\/\\\/www.sunnyplants.com\\\/wp-content\\\/uploads\\\/2016\\\/12\\\/dioscorea-e.jpg\",\"contentUrl\":\"https:\\\/\\\/www.sunnyplants.com\\\/wp-content\\\/uploads\\\/2016\\\/12\\\/dioscorea-e.jpg\",\"width\":425,\"height\":425},{\"@type\":\"BreadcrumbList\",\"@id\":\"https:\\\/\\\/www.sunnyplants.com\\\/de\\\/shop\\\/dioscorea-elephantipes-schildkrotenpflanze-pflanzen#breadcrumb\",\"itemListElement\":[{\"@type\":\"ListItem\",\"position\":1,\"name\":\"Home\",\"item\":\"https:\\\/\\\/www.sunnyplants.com\\\/de\\\/sunnyplants-de\"},{\"@type\":\"ListItem\",\"position\":2,\"name\":\"Shop\",\"item\":\"https:\\\/\\\/www.sunnyplants.com\\\/de\\\/shop-2\"},{\"@type\":\"ListItem\",\"position\":3,\"name\":\"Dioscorea elephantipes &#8211; Schildkr\u00f6tenpflanze &#8211; Pflanzen\"}]},{\"@type\":\"WebSite\",\"@id\":\"https:\\\/\\\/www.sunnyplants.com\\\/de#website\",\"url\":\"https:\\\/\\\/www.sunnyplants.com\\\/de\",\"name\":\"Sunnyplants.com\",\"description\":\"Lithops, Conophytums and other Mesembs &amp; Succulents\",\"potentialAction\":[{\"@type\":\"SearchAction\",\"target\":{\"@type\":\"EntryPoint\",\"urlTemplate\":\"https:\\\/\\\/www.sunnyplants.com\\\/de?s={search_term_string}\"},\"query-input\":{\"@type\":\"PropertyValueSpecification\",\"valueRequired\":true,\"valueName\":\"search_term_string\"}}],\"inLanguage\":\"de-DE\"}]}<\/script>\n<!-- \/ Yoast SEO plugin. -->","yoast_head_json":{"title":"Dioscorea elephantipes - Schildkr\u00f6tenpflanze - Pflanzen - Sunnyplants.com","description":"Dioscorea elephantipes (Testudinaria elephantipes), allgemein bekannt als Hottentot-Brot oder Elefantenfu\u00df. Eine sch\u00f6ne Caudex Pflanze.","robots":{"index":"index","follow":"follow","max-snippet":"max-snippet:-1","max-image-preview":"max-image-preview:large","max-video-preview":"max-video-preview:-1"},"canonical":"https:\/\/www.sunnyplants.com\/de\/shop\/dioscorea-elephantipes-schildkrotenpflanze-pflanzen","og_locale":"de_DE","og_type":"article","og_title":"Dioscorea elephantipes - Schildkr\u00f6tenpflanze - Pflanzen - Sunnyplants.com","og_description":"Dioscorea elephantipes (Testudinaria elephantipes), allgemein bekannt als Hottentot-Brot oder Elefantenfu\u00df. Eine sch\u00f6ne Caudex Pflanze.","og_url":"https:\/\/www.sunnyplants.com\/de\/shop\/dioscorea-elephantipes-schildkrotenpflanze-pflanzen","og_site_name":"Sunnyplants.com","article_publisher":"https:\/\/nl-nl.facebook.com\/pages\/category\/Internet-Company\/Sunnyplantscom-1835401900058481\/","article_modified_time":"2026-04-16T08:56:13+00:00","og_image":[{"width":425,"height":425,"url":"https:\/\/www.sunnyplants.com\/wp-content\/uploads\/2016\/12\/dioscorea-e.jpg","type":"image\/jpeg"}],"twitter_card":"summary_large_image","twitter_misc":{"Gesch\u00e4tzte Lesezeit":"1 minute"},"schema":{"@context":"https:\/\/schema.org","@graph":[{"@type":"WebPage","@id":"https:\/\/www.sunnyplants.com\/de\/shop\/dioscorea-elephantipes-schildkrotenpflanze-pflanzen","url":"https:\/\/www.sunnyplants.com\/de\/shop\/dioscorea-elephantipes-schildkrotenpflanze-pflanzen","name":"Dioscorea elephantipes - Schildkr\u00f6tenpflanze - Pflanzen - Sunnyplants.com","isPartOf":{"@id":"https:\/\/www.sunnyplants.com\/de#website"},"primaryImageOfPage":{"@id":"https:\/\/www.sunnyplants.com\/de\/shop\/dioscorea-elephantipes-schildkrotenpflanze-pflanzen#primaryimage"},"image":{"@id":"https:\/\/www.sunnyplants.com\/de\/shop\/dioscorea-elephantipes-schildkrotenpflanze-pflanzen#primaryimage"},"thumbnailUrl":"https:\/\/www.sunnyplants.com\/wp-content\/uploads\/2016\/12\/dioscorea-e.jpg","datePublished":"2024-07-17T05:46:15+00:00","dateModified":"2026-04-16T08:56:13+00:00","description":"Dioscorea elephantipes (Testudinaria elephantipes), allgemein bekannt als Hottentot-Brot oder Elefantenfu\u00df. Eine sch\u00f6ne Caudex Pflanze.","breadcrumb":{"@id":"https:\/\/www.sunnyplants.com\/de\/shop\/dioscorea-elephantipes-schildkrotenpflanze-pflanzen#breadcrumb"},"inLanguage":"de-DE","potentialAction":[{"@type":"ReadAction","target":["https:\/\/www.sunnyplants.com\/de\/shop\/dioscorea-elephantipes-schildkrotenpflanze-pflanzen"]}]},{"@type":"ImageObject","inLanguage":"de-DE","@id":"https:\/\/www.sunnyplants.com\/de\/shop\/dioscorea-elephantipes-schildkrotenpflanze-pflanzen#primaryimage","url":"https:\/\/www.sunnyplants.com\/wp-content\/uploads\/2016\/12\/dioscorea-e.jpg","contentUrl":"https:\/\/www.sunnyplants.com\/wp-content\/uploads\/2016\/12\/dioscorea-e.jpg","width":425,"height":425},{"@type":"BreadcrumbList","@id":"https:\/\/www.sunnyplants.com\/de\/shop\/dioscorea-elephantipes-schildkrotenpflanze-pflanzen#breadcrumb","itemListElement":[{"@type":"ListItem","position":1,"name":"Home","item":"https:\/\/www.sunnyplants.com\/de\/sunnyplants-de"},{"@type":"ListItem","position":2,"name":"Shop","item":"https:\/\/www.sunnyplants.com\/de\/shop-2"},{"@type":"ListItem","position":3,"name":"Dioscorea elephantipes &#8211; Schildkr\u00f6tenpflanze &#8211; Pflanzen"}]},{"@type":"WebSite","@id":"https:\/\/www.sunnyplants.com\/de#website","url":"https:\/\/www.sunnyplants.com\/de","name":"Sunnyplants.com","description":"Lithops, Conophytums and other Mesembs &amp; Succulents","potentialAction":[{"@type":"SearchAction","target":{"@type":"EntryPoint","urlTemplate":"https:\/\/www.sunnyplants.com\/de?s={search_term_string}"},"query-input":{"@type":"PropertyValueSpecification","valueRequired":true,"valueName":"search_term_string"}}],"inLanguage":"de-DE"}]}},"jetpack_sharing_enabled":true,"_links":{"self":[{"href":"https:\/\/www.sunnyplants.com\/de\/wp-json\/wp\/v2\/product\/14540","targetHints":{"allow":["GET"]}}],"collection":[{"href":"https:\/\/www.sunnyplants.com\/de\/wp-json\/wp\/v2\/product"}],"about":[{"href":"https:\/\/www.sunnyplants.com\/de\/wp-json\/wp\/v2\/types\/product"}],"replies":[{"embeddable":true,"href":"https:\/\/www.sunnyplants.com\/de\/wp-json\/wp\/v2\/comments?post=14540"}],"wp:featuredmedia":[{"embeddable":true,"href":"https:\/\/www.sunnyplants.com\/de\/wp-json\/wp\/v2\/media\/5681"}],"wp:attachment":[{"href":"https:\/\/www.sunnyplants.com\/de\/wp-json\/wp\/v2\/media?parent=14540"}],"wp:term":[{"taxonomy":"product_brand","embeddable":true,"href":"https:\/\/www.sunnyplants.com\/de\/wp-json\/wp\/v2\/product_brand?post=14540"},{"taxonomy":"product_cat","embeddable":true,"href":"https:\/\/www.sunnyplants.com\/de\/wp-json\/wp\/v2\/product_cat?post=14540"},{"taxonomy":"product_tag","embeddable":true,"href":"https:\/\/www.sunnyplants.com\/de\/wp-json\/wp\/v2\/product_tag?post=14540"}],"curies":[{"name":"wp","href":"https:\/\/api.w.org\/{rel}","templated":true}]}}