{"id":14605,"date":"2019-02-23T08:02:57","date_gmt":"2018-07-31T08:02:58","guid":{"rendered":"https:\/\/www.sunnyplants.com\/?post_type=product&#038;p=14605"},"modified":"2026-03-15T13:17:08","modified_gmt":"2026-03-15T13:17:08","slug":"cotyledon-pendens-cliff-cotyledon-stecklinge","status":"publish","type":"product","link":"https:\/\/www.sunnyplants.com\/de\/shop\/cotyledon-pendens-cliff-cotyledon-stecklinge","title":{"rendered":"Cotyledon pendens &#8211; Cliff Cotyledon &#8211; Stecklinge"},"content":{"rendered":"<p>Cotyledon pendens &#8211; Cliff Cotyledon &#8211; Stecklinge zum verkauf. Dies ist eine wundersch\u00f6ne Cotyledon-Art mit atemberaubenden F\u00e4rbungen. Es w\u00e4chst gut in jedem Kaktus und Sukkulenten Bodenmischung. Wenn es \u00e4lter ist, ist es eine sehr geeignete Pflanze f\u00fcr einen h\u00e4ngenden Korb.<\/p>\n","protected":false},"excerpt":{"rendered":"<p>Sch\u00f6ne Stecklinge von Cotyledon pendens (Cliff Cotyledon). Die Farben k\u00f6nnen sich je nach Jahreszeit und Lichtintensit\u00e4t \u00e4ndern.<\/p>\n","protected":false},"featured_media":14611,"comment_status":"open","ping_status":"closed","template":"","meta":[],"product_brand":[],"product_cat":[1309,278,347],"product_tag":[843,834],"class_list":{"0":"post-14605","1":"product","2":"type-product","3":"status-publish","4":"has-post-thumbnail","6":"product_cat-cotyledon-stecklinge","7":"product_cat-stecklinge","8":"product_cat-sukkulenten-stecklinge","9":"product_tag-stecklinge","10":"product_tag-zimmerpflanzen","11":"product_shipping_class-plants-collections-de","12":"pa_family-crassulaceae-de","13":"pa_product-type-stammstecklinge","14":"pa_quantity-1-steckling","15":"pa_size-3-6-cm-de","17":"first","18":"instock","19":"taxable","20":"shipping-taxable","21":"purchasable","22":"product-type-simple"},"yoast_head":"<!-- This site is optimized with the Yoast SEO plugin v27.4 - https:\/\/yoast.com\/product\/yoast-seo-wordpress\/ -->\n<title>Cotyledon pendens - Cliff Cotyledon - Stecklinge - Sunnyplants.com<\/title>\n<meta name=\"description\" content=\"Cotyledon pendens - Cliff Cotyledon - Stecklinge zum verkauf. Dies ist eine wundersch\u00f6ne Cotyledon-Art mit atemberaubenden F\u00e4rbungen.\" \/>\n<meta name=\"robots\" content=\"index, follow, max-snippet:-1, max-image-preview:large, max-video-preview:-1\" \/>\n<link rel=\"canonical\" href=\"https:\/\/www.sunnyplants.com\/de\/shop\/cotyledon-pendens-cliff-cotyledon-stecklinge\" \/>\n<meta property=\"og:locale\" content=\"de_DE\" \/>\n<meta property=\"og:type\" content=\"article\" \/>\n<meta property=\"og:title\" content=\"Cotyledon pendens - Cliff Cotyledon - Stecklinge - Sunnyplants.com\" \/>\n<meta property=\"og:description\" content=\"Cotyledon pendens - Cliff Cotyledon - Stecklinge zum verkauf. Dies ist eine wundersch\u00f6ne Cotyledon-Art mit atemberaubenden F\u00e4rbungen.\" \/>\n<meta property=\"og:url\" content=\"https:\/\/www.sunnyplants.com\/de\/shop\/cotyledon-pendens-cliff-cotyledon-stecklinge\" \/>\n<meta property=\"og:site_name\" content=\"Sunnyplants.com\" \/>\n<meta property=\"article:publisher\" content=\"https:\/\/nl-nl.facebook.com\/pages\/category\/Internet-Company\/Sunnyplantscom-1835401900058481\/\" \/>\n<meta property=\"article:modified_time\" content=\"2026-03-15T13:17:08+00:00\" \/>\n<meta property=\"og:image\" content=\"https:\/\/www.sunnyplants.com\/wp-content\/uploads\/cotyledon-pendens-3.jpg\" \/>\n\t<meta property=\"og:image:width\" content=\"900\" \/>\n\t<meta property=\"og:image:height\" content=\"900\" \/>\n\t<meta property=\"og:image:type\" content=\"image\/jpeg\" \/>\n<meta name=\"twitter:card\" content=\"summary_large_image\" \/>\n<script type=\"application\/ld+json\" class=\"yoast-schema-graph\">{\"@context\":\"https:\\\/\\\/schema.org\",\"@graph\":[{\"@type\":\"WebPage\",\"@id\":\"https:\\\/\\\/www.sunnyplants.com\\\/de\\\/shop\\\/cotyledon-pendens-cliff-cotyledon-stecklinge\",\"url\":\"https:\\\/\\\/www.sunnyplants.com\\\/de\\\/shop\\\/cotyledon-pendens-cliff-cotyledon-stecklinge\",\"name\":\"Cotyledon pendens - Cliff Cotyledon - Stecklinge - Sunnyplants.com\",\"isPartOf\":{\"@id\":\"https:\\\/\\\/www.sunnyplants.com\\\/de#website\"},\"primaryImageOfPage\":{\"@id\":\"https:\\\/\\\/www.sunnyplants.com\\\/de\\\/shop\\\/cotyledon-pendens-cliff-cotyledon-stecklinge#primaryimage\"},\"image\":{\"@id\":\"https:\\\/\\\/www.sunnyplants.com\\\/de\\\/shop\\\/cotyledon-pendens-cliff-cotyledon-stecklinge#primaryimage\"},\"thumbnailUrl\":\"https:\\\/\\\/www.sunnyplants.com\\\/wp-content\\\/uploads\\\/cotyledon-pendens-3.jpg\",\"datePublished\":\"2018-07-31T08:02:58+00:00\",\"dateModified\":\"2026-03-15T13:17:08+00:00\",\"description\":\"Cotyledon pendens - Cliff Cotyledon - Stecklinge zum verkauf. Dies ist eine wundersch\u00f6ne Cotyledon-Art mit atemberaubenden F\u00e4rbungen.\",\"breadcrumb\":{\"@id\":\"https:\\\/\\\/www.sunnyplants.com\\\/de\\\/shop\\\/cotyledon-pendens-cliff-cotyledon-stecklinge#breadcrumb\"},\"inLanguage\":\"de-DE\",\"potentialAction\":[{\"@type\":\"ReadAction\",\"target\":[\"https:\\\/\\\/www.sunnyplants.com\\\/de\\\/shop\\\/cotyledon-pendens-cliff-cotyledon-stecklinge\"]}]},{\"@type\":\"ImageObject\",\"inLanguage\":\"de-DE\",\"@id\":\"https:\\\/\\\/www.sunnyplants.com\\\/de\\\/shop\\\/cotyledon-pendens-cliff-cotyledon-stecklinge#primaryimage\",\"url\":\"https:\\\/\\\/www.sunnyplants.com\\\/wp-content\\\/uploads\\\/cotyledon-pendens-3.jpg\",\"contentUrl\":\"https:\\\/\\\/www.sunnyplants.com\\\/wp-content\\\/uploads\\\/cotyledon-pendens-3.jpg\",\"width\":900,\"height\":900},{\"@type\":\"BreadcrumbList\",\"@id\":\"https:\\\/\\\/www.sunnyplants.com\\\/de\\\/shop\\\/cotyledon-pendens-cliff-cotyledon-stecklinge#breadcrumb\",\"itemListElement\":[{\"@type\":\"ListItem\",\"position\":1,\"name\":\"Home\",\"item\":\"https:\\\/\\\/www.sunnyplants.com\\\/de\\\/sunnyplants-de\"},{\"@type\":\"ListItem\",\"position\":2,\"name\":\"Shop\",\"item\":\"https:\\\/\\\/www.sunnyplants.com\\\/de\\\/shop-2\"},{\"@type\":\"ListItem\",\"position\":3,\"name\":\"Cotyledon pendens &#8211; Cliff Cotyledon &#8211; Stecklinge\"}]},{\"@type\":\"WebSite\",\"@id\":\"https:\\\/\\\/www.sunnyplants.com\\\/de#website\",\"url\":\"https:\\\/\\\/www.sunnyplants.com\\\/de\",\"name\":\"Sunnyplants.com\",\"description\":\"Lithops, Conophytums and other Mesembs &amp; Succulents\",\"potentialAction\":[{\"@type\":\"SearchAction\",\"target\":{\"@type\":\"EntryPoint\",\"urlTemplate\":\"https:\\\/\\\/www.sunnyplants.com\\\/de?s={search_term_string}\"},\"query-input\":{\"@type\":\"PropertyValueSpecification\",\"valueRequired\":true,\"valueName\":\"search_term_string\"}}],\"inLanguage\":\"de-DE\"}]}<\/script>\n<!-- \/ Yoast SEO plugin. -->","yoast_head_json":{"title":"Cotyledon pendens - Cliff Cotyledon - Stecklinge - Sunnyplants.com","description":"Cotyledon pendens - Cliff Cotyledon - Stecklinge zum verkauf. Dies ist eine wundersch\u00f6ne Cotyledon-Art mit atemberaubenden F\u00e4rbungen.","robots":{"index":"index","follow":"follow","max-snippet":"max-snippet:-1","max-image-preview":"max-image-preview:large","max-video-preview":"max-video-preview:-1"},"canonical":"https:\/\/www.sunnyplants.com\/de\/shop\/cotyledon-pendens-cliff-cotyledon-stecklinge","og_locale":"de_DE","og_type":"article","og_title":"Cotyledon pendens - Cliff Cotyledon - Stecklinge - Sunnyplants.com","og_description":"Cotyledon pendens - Cliff Cotyledon - Stecklinge zum verkauf. Dies ist eine wundersch\u00f6ne Cotyledon-Art mit atemberaubenden F\u00e4rbungen.","og_url":"https:\/\/www.sunnyplants.com\/de\/shop\/cotyledon-pendens-cliff-cotyledon-stecklinge","og_site_name":"Sunnyplants.com","article_publisher":"https:\/\/nl-nl.facebook.com\/pages\/category\/Internet-Company\/Sunnyplantscom-1835401900058481\/","article_modified_time":"2026-03-15T13:17:08+00:00","og_image":[{"width":900,"height":900,"url":"https:\/\/www.sunnyplants.com\/wp-content\/uploads\/cotyledon-pendens-3.jpg","type":"image\/jpeg"}],"twitter_card":"summary_large_image","schema":{"@context":"https:\/\/schema.org","@graph":[{"@type":"WebPage","@id":"https:\/\/www.sunnyplants.com\/de\/shop\/cotyledon-pendens-cliff-cotyledon-stecklinge","url":"https:\/\/www.sunnyplants.com\/de\/shop\/cotyledon-pendens-cliff-cotyledon-stecklinge","name":"Cotyledon pendens - Cliff Cotyledon - Stecklinge - Sunnyplants.com","isPartOf":{"@id":"https:\/\/www.sunnyplants.com\/de#website"},"primaryImageOfPage":{"@id":"https:\/\/www.sunnyplants.com\/de\/shop\/cotyledon-pendens-cliff-cotyledon-stecklinge#primaryimage"},"image":{"@id":"https:\/\/www.sunnyplants.com\/de\/shop\/cotyledon-pendens-cliff-cotyledon-stecklinge#primaryimage"},"thumbnailUrl":"https:\/\/www.sunnyplants.com\/wp-content\/uploads\/cotyledon-pendens-3.jpg","datePublished":"2018-07-31T08:02:58+00:00","dateModified":"2026-03-15T13:17:08+00:00","description":"Cotyledon pendens - Cliff Cotyledon - Stecklinge zum verkauf. Dies ist eine wundersch\u00f6ne Cotyledon-Art mit atemberaubenden F\u00e4rbungen.","breadcrumb":{"@id":"https:\/\/www.sunnyplants.com\/de\/shop\/cotyledon-pendens-cliff-cotyledon-stecklinge#breadcrumb"},"inLanguage":"de-DE","potentialAction":[{"@type":"ReadAction","target":["https:\/\/www.sunnyplants.com\/de\/shop\/cotyledon-pendens-cliff-cotyledon-stecklinge"]}]},{"@type":"ImageObject","inLanguage":"de-DE","@id":"https:\/\/www.sunnyplants.com\/de\/shop\/cotyledon-pendens-cliff-cotyledon-stecklinge#primaryimage","url":"https:\/\/www.sunnyplants.com\/wp-content\/uploads\/cotyledon-pendens-3.jpg","contentUrl":"https:\/\/www.sunnyplants.com\/wp-content\/uploads\/cotyledon-pendens-3.jpg","width":900,"height":900},{"@type":"BreadcrumbList","@id":"https:\/\/www.sunnyplants.com\/de\/shop\/cotyledon-pendens-cliff-cotyledon-stecklinge#breadcrumb","itemListElement":[{"@type":"ListItem","position":1,"name":"Home","item":"https:\/\/www.sunnyplants.com\/de\/sunnyplants-de"},{"@type":"ListItem","position":2,"name":"Shop","item":"https:\/\/www.sunnyplants.com\/de\/shop-2"},{"@type":"ListItem","position":3,"name":"Cotyledon pendens &#8211; Cliff Cotyledon &#8211; Stecklinge"}]},{"@type":"WebSite","@id":"https:\/\/www.sunnyplants.com\/de#website","url":"https:\/\/www.sunnyplants.com\/de","name":"Sunnyplants.com","description":"Lithops, Conophytums and other Mesembs &amp; Succulents","potentialAction":[{"@type":"SearchAction","target":{"@type":"EntryPoint","urlTemplate":"https:\/\/www.sunnyplants.com\/de?s={search_term_string}"},"query-input":{"@type":"PropertyValueSpecification","valueRequired":true,"valueName":"search_term_string"}}],"inLanguage":"de-DE"}]}},"jetpack_sharing_enabled":true,"_links":{"self":[{"href":"https:\/\/www.sunnyplants.com\/de\/wp-json\/wp\/v2\/product\/14605","targetHints":{"allow":["GET"]}}],"collection":[{"href":"https:\/\/www.sunnyplants.com\/de\/wp-json\/wp\/v2\/product"}],"about":[{"href":"https:\/\/www.sunnyplants.com\/de\/wp-json\/wp\/v2\/types\/product"}],"replies":[{"embeddable":true,"href":"https:\/\/www.sunnyplants.com\/de\/wp-json\/wp\/v2\/comments?post=14605"}],"wp:featuredmedia":[{"embeddable":true,"href":"https:\/\/www.sunnyplants.com\/de\/wp-json\/wp\/v2\/media\/14611"}],"wp:attachment":[{"href":"https:\/\/www.sunnyplants.com\/de\/wp-json\/wp\/v2\/media?parent=14605"}],"wp:term":[{"taxonomy":"product_brand","embeddable":true,"href":"https:\/\/www.sunnyplants.com\/de\/wp-json\/wp\/v2\/product_brand?post=14605"},{"taxonomy":"product_cat","embeddable":true,"href":"https:\/\/www.sunnyplants.com\/de\/wp-json\/wp\/v2\/product_cat?post=14605"},{"taxonomy":"product_tag","embeddable":true,"href":"https:\/\/www.sunnyplants.com\/de\/wp-json\/wp\/v2\/product_tag?post=14605"}],"curies":[{"name":"wp","href":"https:\/\/api.w.org\/{rel}","templated":true}]}}