{"id":15071,"date":"2023-09-07T11:56:56","date_gmt":"2018-08-21T11:56:57","guid":{"rendered":"https:\/\/www.sunnyplants.com\/?post_type=product&#038;p=15071"},"modified":"2026-03-26T13:03:37","modified_gmt":"2026-03-26T13:03:37","slug":"kalanchoe-laetivirens-mother-of-thousands-pflanzen","status":"publish","type":"product","link":"https:\/\/www.sunnyplants.com\/de\/shop\/kalanchoe-laetivirens-mother-of-thousands-pflanzen","title":{"rendered":"Kalanchoe laetivirens &#8211; Mother of Thousands &#8211; Pflanzen"},"content":{"rendered":"<p>Kalanchoe laetivirens &#8211; Mother of Thousands &#8211; Pflanzen zum Verkauf.<\/p>\n<h3>Sukkulentent\u00f6pfe f\u00fcr Ihre Kalanchoe laetivirens Pflanzen<\/h3>\n<p>Es sind so viele Sukkulentent\u00f6pfe online verf\u00fcgbar, die f\u00fcr Ihre Kalanchoe laetivirens geeignet sein k\u00f6nnten. Kalanchoe T\u00f6pfe aus Keramik, Sukkulentent\u00f6pfe aus Stein, T\u00f6pfe aus Beton, Kalanchoe T\u00f6pfe aus Glas und T\u00f6pfe aus Holz. Es gibt eine gro\u00dfe Auswahl an <strong><a href=\"https:\/\/amzn.to\/38Mf6pO\" target=\"_blank\" rel=\"noopener\">Sukkulentent\u00f6pfen auf Amazon.de<\/a><\/strong>.<\/p>\n<h3>Sukkulenten Pflanzenlampen f\u00fcr Ihre Kalanchoe laetivirens Pflanzen<\/h3>\n<p>Alle Sukkulenten brauchen helles Licht, um gut zu wachsen. Sie bleiben kompakter und erhalten leuchtendere Farben. Eine gute Beleuchtung ist auch wichtig f\u00fcr die Pflanzengesundheit und die Photosynthese. In einem Gew\u00e4chshaus oder auf einer nach S\u00fcden ausgerichteten Fensterbank ist dies normalerweise kein Problem. Wenn Sie Ihrer Kalanchoe laetivirens kein helles Licht bieten k\u00f6nnen, empfehlen wir die Verwendung von Sukkulenten-Wachstumslampen. Es gibt eine gro\u00dfe Auswahl an verschiedenen Arten von <strong><a href=\"https:\/\/amzn.to\/3ybfM2U\" target=\"_blank\" rel=\"noopener\">Sukkulenten Pflanzenlampen auf Amazon.de<\/a><\/strong>.<\/p>\n","protected":false},"excerpt":{"rendered":"<p>Kalanchoe laetivirens &#8211; Mother of Thousands &#8211; Pflanzen<\/p>\n","protected":false},"featured_media":49014,"comment_status":"open","ping_status":"closed","template":"","meta":[],"product_brand":[],"product_cat":[1104,234,241],"product_tag":[944,834],"class_list":{"0":"post-15071","1":"product","2":"type-product","3":"status-publish","4":"has-post-thumbnail","6":"product_cat-kalanchoe-pflanzen","7":"product_cat-pflanzen","8":"product_cat-sukkulenten","9":"product_tag-sukkulenten","10":"product_tag-zimmerpflanzen","11":"product_shipping_class-plants-collections-de","12":"pa_family-crassulaceae-de","13":"pa_product-type-pflanzen","14":"pa_quantity-1-pflanze","15":"pa_size-3-6-cm-de","17":"first","18":"instock","19":"taxable","20":"shipping-taxable","21":"purchasable","22":"product-type-simple"},"yoast_head":"<!-- This site is optimized with the Yoast SEO plugin v27.4 - https:\/\/yoast.com\/product\/yoast-seo-wordpress\/ -->\n<title>Kalanchoe laetivirens - Mother of Thousands - Pflanzen - Sunnyplants.com<\/title>\n<meta name=\"description\" content=\"Kalanchoe laetivirens - Mother of Thousands - Pflanzen\" \/>\n<meta name=\"robots\" content=\"index, follow, max-snippet:-1, max-image-preview:large, max-video-preview:-1\" \/>\n<link rel=\"canonical\" href=\"https:\/\/www.sunnyplants.com\/de\/shop\/kalanchoe-laetivirens-mother-of-thousands-pflanzen\" \/>\n<meta property=\"og:locale\" content=\"de_DE\" \/>\n<meta property=\"og:type\" content=\"article\" \/>\n<meta property=\"og:title\" content=\"Kalanchoe laetivirens - Mother of Thousands - Pflanzen - Sunnyplants.com\" \/>\n<meta property=\"og:description\" content=\"Kalanchoe laetivirens - Mother of Thousands - Pflanzen\" \/>\n<meta property=\"og:url\" content=\"https:\/\/www.sunnyplants.com\/de\/shop\/kalanchoe-laetivirens-mother-of-thousands-pflanzen\" \/>\n<meta property=\"og:site_name\" content=\"Sunnyplants.com\" \/>\n<meta property=\"article:publisher\" content=\"https:\/\/nl-nl.facebook.com\/pages\/category\/Internet-Company\/Sunnyplantscom-1835401900058481\/\" \/>\n<meta property=\"article:modified_time\" content=\"2026-03-26T13:03:37+00:00\" \/>\n<meta property=\"og:image\" content=\"https:\/\/www.sunnyplants.com\/wp-content\/uploads\/kalanchoe-daigremontiana-3.jpg\" \/>\n\t<meta property=\"og:image:width\" content=\"900\" \/>\n\t<meta property=\"og:image:height\" content=\"900\" \/>\n\t<meta property=\"og:image:type\" content=\"image\/jpeg\" \/>\n<meta name=\"twitter:card\" content=\"summary_large_image\" \/>\n<meta name=\"twitter:label1\" content=\"Gesch\u00e4tzte Lesezeit\" \/>\n\t<meta name=\"twitter:data1\" content=\"1 minute\" \/>\n<script type=\"application\/ld+json\" class=\"yoast-schema-graph\">{\"@context\":\"https:\\\/\\\/schema.org\",\"@graph\":[{\"@type\":\"WebPage\",\"@id\":\"https:\\\/\\\/www.sunnyplants.com\\\/de\\\/shop\\\/kalanchoe-laetivirens-mother-of-thousands-pflanzen\",\"url\":\"https:\\\/\\\/www.sunnyplants.com\\\/de\\\/shop\\\/kalanchoe-laetivirens-mother-of-thousands-pflanzen\",\"name\":\"Kalanchoe laetivirens - Mother of Thousands - Pflanzen - Sunnyplants.com\",\"isPartOf\":{\"@id\":\"https:\\\/\\\/www.sunnyplants.com\\\/de#website\"},\"primaryImageOfPage\":{\"@id\":\"https:\\\/\\\/www.sunnyplants.com\\\/de\\\/shop\\\/kalanchoe-laetivirens-mother-of-thousands-pflanzen#primaryimage\"},\"image\":{\"@id\":\"https:\\\/\\\/www.sunnyplants.com\\\/de\\\/shop\\\/kalanchoe-laetivirens-mother-of-thousands-pflanzen#primaryimage\"},\"thumbnailUrl\":\"https:\\\/\\\/www.sunnyplants.com\\\/wp-content\\\/uploads\\\/kalanchoe-laetivirens-3-scaled.jpg\",\"datePublished\":\"2018-08-21T11:56:57+00:00\",\"dateModified\":\"2026-03-26T13:03:37+00:00\",\"description\":\"Kalanchoe laetivirens - Mother of Thousands - Pflanzen\",\"breadcrumb\":{\"@id\":\"https:\\\/\\\/www.sunnyplants.com\\\/de\\\/shop\\\/kalanchoe-laetivirens-mother-of-thousands-pflanzen#breadcrumb\"},\"inLanguage\":\"de-DE\",\"potentialAction\":[{\"@type\":\"ReadAction\",\"target\":[\"https:\\\/\\\/www.sunnyplants.com\\\/de\\\/shop\\\/kalanchoe-laetivirens-mother-of-thousands-pflanzen\"]}]},{\"@type\":\"ImageObject\",\"inLanguage\":\"de-DE\",\"@id\":\"https:\\\/\\\/www.sunnyplants.com\\\/de\\\/shop\\\/kalanchoe-laetivirens-mother-of-thousands-pflanzen#primaryimage\",\"url\":\"https:\\\/\\\/www.sunnyplants.com\\\/wp-content\\\/uploads\\\/kalanchoe-laetivirens-3-scaled.jpg\",\"contentUrl\":\"https:\\\/\\\/www.sunnyplants.com\\\/wp-content\\\/uploads\\\/kalanchoe-laetivirens-3-scaled.jpg\",\"width\":2560,\"height\":2560,\"caption\":\"Kalanchoe laetivirens - Mother of Thousands - Plants\"},{\"@type\":\"BreadcrumbList\",\"@id\":\"https:\\\/\\\/www.sunnyplants.com\\\/de\\\/shop\\\/kalanchoe-laetivirens-mother-of-thousands-pflanzen#breadcrumb\",\"itemListElement\":[{\"@type\":\"ListItem\",\"position\":1,\"name\":\"Home\",\"item\":\"https:\\\/\\\/www.sunnyplants.com\\\/de\\\/sunnyplants-de\"},{\"@type\":\"ListItem\",\"position\":2,\"name\":\"Shop\",\"item\":\"https:\\\/\\\/www.sunnyplants.com\\\/de\\\/shop-2\"},{\"@type\":\"ListItem\",\"position\":3,\"name\":\"Kalanchoe laetivirens &#8211; Mother of Thousands &#8211; Pflanzen\"}]},{\"@type\":\"WebSite\",\"@id\":\"https:\\\/\\\/www.sunnyplants.com\\\/de#website\",\"url\":\"https:\\\/\\\/www.sunnyplants.com\\\/de\",\"name\":\"Sunnyplants.com\",\"description\":\"Lithops, Conophytums and other Mesembs &amp; Succulents\",\"potentialAction\":[{\"@type\":\"SearchAction\",\"target\":{\"@type\":\"EntryPoint\",\"urlTemplate\":\"https:\\\/\\\/www.sunnyplants.com\\\/de?s={search_term_string}\"},\"query-input\":{\"@type\":\"PropertyValueSpecification\",\"valueRequired\":true,\"valueName\":\"search_term_string\"}}],\"inLanguage\":\"de-DE\"}]}<\/script>\n<!-- \/ Yoast SEO plugin. -->","yoast_head_json":{"title":"Kalanchoe laetivirens - Mother of Thousands - Pflanzen - Sunnyplants.com","description":"Kalanchoe laetivirens - Mother of Thousands - Pflanzen","robots":{"index":"index","follow":"follow","max-snippet":"max-snippet:-1","max-image-preview":"max-image-preview:large","max-video-preview":"max-video-preview:-1"},"canonical":"https:\/\/www.sunnyplants.com\/de\/shop\/kalanchoe-laetivirens-mother-of-thousands-pflanzen","og_locale":"de_DE","og_type":"article","og_title":"Kalanchoe laetivirens - Mother of Thousands - Pflanzen - Sunnyplants.com","og_description":"Kalanchoe laetivirens - Mother of Thousands - Pflanzen","og_url":"https:\/\/www.sunnyplants.com\/de\/shop\/kalanchoe-laetivirens-mother-of-thousands-pflanzen","og_site_name":"Sunnyplants.com","article_publisher":"https:\/\/nl-nl.facebook.com\/pages\/category\/Internet-Company\/Sunnyplantscom-1835401900058481\/","article_modified_time":"2026-03-26T13:03:37+00:00","og_image":[{"width":900,"height":900,"url":"https:\/\/www.sunnyplants.com\/wp-content\/uploads\/kalanchoe-daigremontiana-3.jpg","type":"image\/jpeg"}],"twitter_card":"summary_large_image","twitter_misc":{"Gesch\u00e4tzte Lesezeit":"1 minute"},"schema":{"@context":"https:\/\/schema.org","@graph":[{"@type":"WebPage","@id":"https:\/\/www.sunnyplants.com\/de\/shop\/kalanchoe-laetivirens-mother-of-thousands-pflanzen","url":"https:\/\/www.sunnyplants.com\/de\/shop\/kalanchoe-laetivirens-mother-of-thousands-pflanzen","name":"Kalanchoe laetivirens - Mother of Thousands - Pflanzen - Sunnyplants.com","isPartOf":{"@id":"https:\/\/www.sunnyplants.com\/de#website"},"primaryImageOfPage":{"@id":"https:\/\/www.sunnyplants.com\/de\/shop\/kalanchoe-laetivirens-mother-of-thousands-pflanzen#primaryimage"},"image":{"@id":"https:\/\/www.sunnyplants.com\/de\/shop\/kalanchoe-laetivirens-mother-of-thousands-pflanzen#primaryimage"},"thumbnailUrl":"https:\/\/www.sunnyplants.com\/wp-content\/uploads\/kalanchoe-laetivirens-3-scaled.jpg","datePublished":"2018-08-21T11:56:57+00:00","dateModified":"2026-03-26T13:03:37+00:00","description":"Kalanchoe laetivirens - Mother of Thousands - Pflanzen","breadcrumb":{"@id":"https:\/\/www.sunnyplants.com\/de\/shop\/kalanchoe-laetivirens-mother-of-thousands-pflanzen#breadcrumb"},"inLanguage":"de-DE","potentialAction":[{"@type":"ReadAction","target":["https:\/\/www.sunnyplants.com\/de\/shop\/kalanchoe-laetivirens-mother-of-thousands-pflanzen"]}]},{"@type":"ImageObject","inLanguage":"de-DE","@id":"https:\/\/www.sunnyplants.com\/de\/shop\/kalanchoe-laetivirens-mother-of-thousands-pflanzen#primaryimage","url":"https:\/\/www.sunnyplants.com\/wp-content\/uploads\/kalanchoe-laetivirens-3-scaled.jpg","contentUrl":"https:\/\/www.sunnyplants.com\/wp-content\/uploads\/kalanchoe-laetivirens-3-scaled.jpg","width":2560,"height":2560,"caption":"Kalanchoe laetivirens - Mother of Thousands - Plants"},{"@type":"BreadcrumbList","@id":"https:\/\/www.sunnyplants.com\/de\/shop\/kalanchoe-laetivirens-mother-of-thousands-pflanzen#breadcrumb","itemListElement":[{"@type":"ListItem","position":1,"name":"Home","item":"https:\/\/www.sunnyplants.com\/de\/sunnyplants-de"},{"@type":"ListItem","position":2,"name":"Shop","item":"https:\/\/www.sunnyplants.com\/de\/shop-2"},{"@type":"ListItem","position":3,"name":"Kalanchoe laetivirens &#8211; Mother of Thousands &#8211; Pflanzen"}]},{"@type":"WebSite","@id":"https:\/\/www.sunnyplants.com\/de#website","url":"https:\/\/www.sunnyplants.com\/de","name":"Sunnyplants.com","description":"Lithops, Conophytums and other Mesembs &amp; Succulents","potentialAction":[{"@type":"SearchAction","target":{"@type":"EntryPoint","urlTemplate":"https:\/\/www.sunnyplants.com\/de?s={search_term_string}"},"query-input":{"@type":"PropertyValueSpecification","valueRequired":true,"valueName":"search_term_string"}}],"inLanguage":"de-DE"}]}},"jetpack_sharing_enabled":true,"_links":{"self":[{"href":"https:\/\/www.sunnyplants.com\/de\/wp-json\/wp\/v2\/product\/15071","targetHints":{"allow":["GET"]}}],"collection":[{"href":"https:\/\/www.sunnyplants.com\/de\/wp-json\/wp\/v2\/product"}],"about":[{"href":"https:\/\/www.sunnyplants.com\/de\/wp-json\/wp\/v2\/types\/product"}],"replies":[{"embeddable":true,"href":"https:\/\/www.sunnyplants.com\/de\/wp-json\/wp\/v2\/comments?post=15071"}],"wp:featuredmedia":[{"embeddable":true,"href":"https:\/\/www.sunnyplants.com\/de\/wp-json\/wp\/v2\/media\/49014"}],"wp:attachment":[{"href":"https:\/\/www.sunnyplants.com\/de\/wp-json\/wp\/v2\/media?parent=15071"}],"wp:term":[{"taxonomy":"product_brand","embeddable":true,"href":"https:\/\/www.sunnyplants.com\/de\/wp-json\/wp\/v2\/product_brand?post=15071"},{"taxonomy":"product_cat","embeddable":true,"href":"https:\/\/www.sunnyplants.com\/de\/wp-json\/wp\/v2\/product_cat?post=15071"},{"taxonomy":"product_tag","embeddable":true,"href":"https:\/\/www.sunnyplants.com\/de\/wp-json\/wp\/v2\/product_tag?post=15071"}],"curies":[{"name":"wp","href":"https:\/\/api.w.org\/{rel}","templated":true}]}}