{"id":15257,"date":"2025-03-04T07:14:26","date_gmt":"2018-08-30T07:14:27","guid":{"rendered":"https:\/\/www.sunnyplants.com\/?post_type=product&#038;p=15257"},"modified":"2026-03-18T14:17:15","modified_gmt":"2026-03-18T14:17:15","slug":"sinningia-leucotricha-knollen","status":"publish","type":"product","link":"https:\/\/www.sunnyplants.com\/de\/shop\/sinningia-leucotricha-knollen","title":{"rendered":"Sinningia leucotricha &#8211; Knollen"},"content":{"rendered":"<p>Sinningia leucotricha (Rechsteineria) Knollen zum Verkauf. Im Winter bei einer Mindesttemperatur von 10-12C trocken bis fast trocken halten. Sie k\u00f6nnen eine regelm\u00e4\u00dfige Blumenerde auf Torfbasis verwenden. F\u00fcgen Sie etwas Bimsstein, Sand oder groben Sand f\u00fcr die Entw\u00e4sserung hinzu. Bitte beachten Sie, dass die silbrigen Bl\u00e4tter meist erst kommen, wenn die Pflanzen etwas \u00e4lter sind. J\u00fcngere Pflanzen k\u00f6nnen mehr Gr\u00fcn haben.<\/p>\n","protected":false},"excerpt":{"rendered":"<p>Sch\u00f6ne 1 cm gro\u00dfe Sinningia (Rechsteineria) leucotricha Knollen mit oder ohne Bl\u00e4tter je nach Jahreszeit. Neue Bl\u00e4tter bilden sich bald nach dem Gie\u00dfen. N.B. Junge Pflanzen k\u00f6nnen anfangs mehr gr\u00fcne Bl\u00e4tter haben.<\/p>\n","protected":false},"featured_media":15263,"comment_status":"open","ping_status":"closed","template":"","meta":[],"product_brand":[],"product_cat":[249,234,1847,241,1835],"product_tag":[910,834],"class_list":{"0":"post-15257","1":"product","2":"type-product","3":"status-publish","4":"has-post-thumbnail","6":"product_cat-knollen-caudexpflanzen","7":"product_cat-pflanzen","8":"product_cat-sinningia-gloxinia-pflanzen","9":"product_cat-sukkulenten","10":"product_cat-tropische-pflanzen","11":"product_tag-caudex-de","12":"product_tag-zimmerpflanzen","13":"product_shipping_class-plants-collections-de","14":"pa_family-gesneriaceae-de","15":"pa_product-type-knollen","16":"pa_quantity-1-knolle","17":"pa_size-1-cm-de","19":"first","20":"instock","21":"taxable","22":"shipping-taxable","23":"purchasable","24":"product-type-simple"},"yoast_head":"<!-- This site is optimized with the Yoast SEO plugin v27.3 - https:\/\/yoast.com\/product\/yoast-seo-wordpress\/ -->\n<title>Sinningia leucotricha - Knollen - Sunnyplants.com<\/title>\n<meta name=\"description\" content=\"Sch\u00f6ne 1 cm gro\u00dfe Sinningia (Rechsteineria) leucotricha Knollen mit oder ohne Bl\u00e4tter je nach Jahreszeit. Neue Bl\u00e4tter bilden sich bald nach dem Gie\u00dfen. N.B. Junge Pflanzen k\u00f6nnen anfangs mehr gr\u00fcne Bl\u00e4tter haben.\" \/>\n<meta name=\"robots\" content=\"index, follow, max-snippet:-1, max-image-preview:large, max-video-preview:-1\" \/>\n<link rel=\"canonical\" href=\"https:\/\/www.sunnyplants.com\/de\/shop\/sinningia-leucotricha-knollen\" \/>\n<meta property=\"og:locale\" content=\"de_DE\" \/>\n<meta property=\"og:type\" content=\"article\" \/>\n<meta property=\"og:title\" content=\"Sinningia leucotricha - Knollen - Sunnyplants.com\" \/>\n<meta property=\"og:description\" content=\"Sch\u00f6ne 1 cm gro\u00dfe Sinningia (Rechsteineria) leucotricha Knollen mit oder ohne Bl\u00e4tter je nach Jahreszeit. Neue Bl\u00e4tter bilden sich bald nach dem Gie\u00dfen. N.B. Junge Pflanzen k\u00f6nnen anfangs mehr gr\u00fcne Bl\u00e4tter haben.\" \/>\n<meta property=\"og:url\" content=\"https:\/\/www.sunnyplants.com\/de\/shop\/sinningia-leucotricha-knollen\" \/>\n<meta property=\"og:site_name\" content=\"Sunnyplants.com\" \/>\n<meta property=\"article:publisher\" content=\"https:\/\/nl-nl.facebook.com\/pages\/category\/Internet-Company\/Sunnyplantscom-1835401900058481\/\" \/>\n<meta property=\"article:modified_time\" content=\"2026-03-18T14:17:15+00:00\" \/>\n<meta property=\"og:image\" content=\"https:\/\/www.sunnyplants.com\/wp-content\/uploads\/sinningia-leucotricha.jpg\" \/>\n\t<meta property=\"og:image:width\" content=\"900\" \/>\n\t<meta property=\"og:image:height\" content=\"900\" \/>\n\t<meta property=\"og:image:type\" content=\"image\/jpeg\" \/>\n<meta name=\"twitter:card\" content=\"summary_large_image\" \/>\n<script type=\"application\/ld+json\" class=\"yoast-schema-graph\">{\"@context\":\"https:\\\/\\\/schema.org\",\"@graph\":[{\"@type\":\"WebPage\",\"@id\":\"https:\\\/\\\/www.sunnyplants.com\\\/de\\\/shop\\\/sinningia-leucotricha-knollen\",\"url\":\"https:\\\/\\\/www.sunnyplants.com\\\/de\\\/shop\\\/sinningia-leucotricha-knollen\",\"name\":\"Sinningia leucotricha - Knollen - Sunnyplants.com\",\"isPartOf\":{\"@id\":\"https:\\\/\\\/www.sunnyplants.com\\\/de#website\"},\"primaryImageOfPage\":{\"@id\":\"https:\\\/\\\/www.sunnyplants.com\\\/de\\\/shop\\\/sinningia-leucotricha-knollen#primaryimage\"},\"image\":{\"@id\":\"https:\\\/\\\/www.sunnyplants.com\\\/de\\\/shop\\\/sinningia-leucotricha-knollen#primaryimage\"},\"thumbnailUrl\":\"https:\\\/\\\/www.sunnyplants.com\\\/wp-content\\\/uploads\\\/sinningia-leucotricha.jpg\",\"datePublished\":\"2018-08-30T07:14:27+00:00\",\"dateModified\":\"2026-03-18T14:17:15+00:00\",\"description\":\"Sch\u00f6ne 1 cm gro\u00dfe Sinningia (Rechsteineria) leucotricha Knollen mit oder ohne Bl\u00e4tter je nach Jahreszeit. Neue Bl\u00e4tter bilden sich bald nach dem Gie\u00dfen. N.B. Junge Pflanzen k\u00f6nnen anfangs mehr gr\u00fcne Bl\u00e4tter haben.\",\"breadcrumb\":{\"@id\":\"https:\\\/\\\/www.sunnyplants.com\\\/de\\\/shop\\\/sinningia-leucotricha-knollen#breadcrumb\"},\"inLanguage\":\"de-DE\",\"potentialAction\":[{\"@type\":\"ReadAction\",\"target\":[\"https:\\\/\\\/www.sunnyplants.com\\\/de\\\/shop\\\/sinningia-leucotricha-knollen\"]}]},{\"@type\":\"ImageObject\",\"inLanguage\":\"de-DE\",\"@id\":\"https:\\\/\\\/www.sunnyplants.com\\\/de\\\/shop\\\/sinningia-leucotricha-knollen#primaryimage\",\"url\":\"https:\\\/\\\/www.sunnyplants.com\\\/wp-content\\\/uploads\\\/sinningia-leucotricha.jpg\",\"contentUrl\":\"https:\\\/\\\/www.sunnyplants.com\\\/wp-content\\\/uploads\\\/sinningia-leucotricha.jpg\",\"width\":900,\"height\":900},{\"@type\":\"BreadcrumbList\",\"@id\":\"https:\\\/\\\/www.sunnyplants.com\\\/de\\\/shop\\\/sinningia-leucotricha-knollen#breadcrumb\",\"itemListElement\":[{\"@type\":\"ListItem\",\"position\":1,\"name\":\"Home\",\"item\":\"https:\\\/\\\/www.sunnyplants.com\\\/de\\\/sunnyplants-de\"},{\"@type\":\"ListItem\",\"position\":2,\"name\":\"Shop\",\"item\":\"https:\\\/\\\/www.sunnyplants.com\\\/de\\\/shop-2\"},{\"@type\":\"ListItem\",\"position\":3,\"name\":\"Sinningia leucotricha &#8211; Knollen\"}]},{\"@type\":\"WebSite\",\"@id\":\"https:\\\/\\\/www.sunnyplants.com\\\/de#website\",\"url\":\"https:\\\/\\\/www.sunnyplants.com\\\/de\",\"name\":\"Sunnyplants.com\",\"description\":\"Lithops, Conophytums and other Mesembs &amp; Succulents\",\"potentialAction\":[{\"@type\":\"SearchAction\",\"target\":{\"@type\":\"EntryPoint\",\"urlTemplate\":\"https:\\\/\\\/www.sunnyplants.com\\\/de?s={search_term_string}\"},\"query-input\":{\"@type\":\"PropertyValueSpecification\",\"valueRequired\":true,\"valueName\":\"search_term_string\"}}],\"inLanguage\":\"de-DE\"}]}<\/script>\n<!-- \/ Yoast SEO plugin. -->","yoast_head_json":{"title":"Sinningia leucotricha - Knollen - Sunnyplants.com","description":"Sch\u00f6ne 1 cm gro\u00dfe Sinningia (Rechsteineria) leucotricha Knollen mit oder ohne Bl\u00e4tter je nach Jahreszeit. Neue Bl\u00e4tter bilden sich bald nach dem Gie\u00dfen. N.B. Junge Pflanzen k\u00f6nnen anfangs mehr gr\u00fcne Bl\u00e4tter haben.","robots":{"index":"index","follow":"follow","max-snippet":"max-snippet:-1","max-image-preview":"max-image-preview:large","max-video-preview":"max-video-preview:-1"},"canonical":"https:\/\/www.sunnyplants.com\/de\/shop\/sinningia-leucotricha-knollen","og_locale":"de_DE","og_type":"article","og_title":"Sinningia leucotricha - Knollen - Sunnyplants.com","og_description":"Sch\u00f6ne 1 cm gro\u00dfe Sinningia (Rechsteineria) leucotricha Knollen mit oder ohne Bl\u00e4tter je nach Jahreszeit. Neue Bl\u00e4tter bilden sich bald nach dem Gie\u00dfen. N.B. Junge Pflanzen k\u00f6nnen anfangs mehr gr\u00fcne Bl\u00e4tter haben.","og_url":"https:\/\/www.sunnyplants.com\/de\/shop\/sinningia-leucotricha-knollen","og_site_name":"Sunnyplants.com","article_publisher":"https:\/\/nl-nl.facebook.com\/pages\/category\/Internet-Company\/Sunnyplantscom-1835401900058481\/","article_modified_time":"2026-03-18T14:17:15+00:00","og_image":[{"width":900,"height":900,"url":"https:\/\/www.sunnyplants.com\/wp-content\/uploads\/sinningia-leucotricha.jpg","type":"image\/jpeg"}],"twitter_card":"summary_large_image","schema":{"@context":"https:\/\/schema.org","@graph":[{"@type":"WebPage","@id":"https:\/\/www.sunnyplants.com\/de\/shop\/sinningia-leucotricha-knollen","url":"https:\/\/www.sunnyplants.com\/de\/shop\/sinningia-leucotricha-knollen","name":"Sinningia leucotricha - Knollen - Sunnyplants.com","isPartOf":{"@id":"https:\/\/www.sunnyplants.com\/de#website"},"primaryImageOfPage":{"@id":"https:\/\/www.sunnyplants.com\/de\/shop\/sinningia-leucotricha-knollen#primaryimage"},"image":{"@id":"https:\/\/www.sunnyplants.com\/de\/shop\/sinningia-leucotricha-knollen#primaryimage"},"thumbnailUrl":"https:\/\/www.sunnyplants.com\/wp-content\/uploads\/sinningia-leucotricha.jpg","datePublished":"2018-08-30T07:14:27+00:00","dateModified":"2026-03-18T14:17:15+00:00","description":"Sch\u00f6ne 1 cm gro\u00dfe Sinningia (Rechsteineria) leucotricha Knollen mit oder ohne Bl\u00e4tter je nach Jahreszeit. Neue Bl\u00e4tter bilden sich bald nach dem Gie\u00dfen. N.B. Junge Pflanzen k\u00f6nnen anfangs mehr gr\u00fcne Bl\u00e4tter haben.","breadcrumb":{"@id":"https:\/\/www.sunnyplants.com\/de\/shop\/sinningia-leucotricha-knollen#breadcrumb"},"inLanguage":"de-DE","potentialAction":[{"@type":"ReadAction","target":["https:\/\/www.sunnyplants.com\/de\/shop\/sinningia-leucotricha-knollen"]}]},{"@type":"ImageObject","inLanguage":"de-DE","@id":"https:\/\/www.sunnyplants.com\/de\/shop\/sinningia-leucotricha-knollen#primaryimage","url":"https:\/\/www.sunnyplants.com\/wp-content\/uploads\/sinningia-leucotricha.jpg","contentUrl":"https:\/\/www.sunnyplants.com\/wp-content\/uploads\/sinningia-leucotricha.jpg","width":900,"height":900},{"@type":"BreadcrumbList","@id":"https:\/\/www.sunnyplants.com\/de\/shop\/sinningia-leucotricha-knollen#breadcrumb","itemListElement":[{"@type":"ListItem","position":1,"name":"Home","item":"https:\/\/www.sunnyplants.com\/de\/sunnyplants-de"},{"@type":"ListItem","position":2,"name":"Shop","item":"https:\/\/www.sunnyplants.com\/de\/shop-2"},{"@type":"ListItem","position":3,"name":"Sinningia leucotricha &#8211; Knollen"}]},{"@type":"WebSite","@id":"https:\/\/www.sunnyplants.com\/de#website","url":"https:\/\/www.sunnyplants.com\/de","name":"Sunnyplants.com","description":"Lithops, Conophytums and other Mesembs &amp; Succulents","potentialAction":[{"@type":"SearchAction","target":{"@type":"EntryPoint","urlTemplate":"https:\/\/www.sunnyplants.com\/de?s={search_term_string}"},"query-input":{"@type":"PropertyValueSpecification","valueRequired":true,"valueName":"search_term_string"}}],"inLanguage":"de-DE"}]}},"jetpack_sharing_enabled":true,"_links":{"self":[{"href":"https:\/\/www.sunnyplants.com\/de\/wp-json\/wp\/v2\/product\/15257","targetHints":{"allow":["GET"]}}],"collection":[{"href":"https:\/\/www.sunnyplants.com\/de\/wp-json\/wp\/v2\/product"}],"about":[{"href":"https:\/\/www.sunnyplants.com\/de\/wp-json\/wp\/v2\/types\/product"}],"replies":[{"embeddable":true,"href":"https:\/\/www.sunnyplants.com\/de\/wp-json\/wp\/v2\/comments?post=15257"}],"wp:featuredmedia":[{"embeddable":true,"href":"https:\/\/www.sunnyplants.com\/de\/wp-json\/wp\/v2\/media\/15263"}],"wp:attachment":[{"href":"https:\/\/www.sunnyplants.com\/de\/wp-json\/wp\/v2\/media?parent=15257"}],"wp:term":[{"taxonomy":"product_brand","embeddable":true,"href":"https:\/\/www.sunnyplants.com\/de\/wp-json\/wp\/v2\/product_brand?post=15257"},{"taxonomy":"product_cat","embeddable":true,"href":"https:\/\/www.sunnyplants.com\/de\/wp-json\/wp\/v2\/product_cat?post=15257"},{"taxonomy":"product_tag","embeddable":true,"href":"https:\/\/www.sunnyplants.com\/de\/wp-json\/wp\/v2\/product_tag?post=15257"}],"curies":[{"name":"wp","href":"https:\/\/api.w.org\/{rel}","templated":true}]}}