{"id":15480,"date":"2020-11-21T11:49:43","date_gmt":"2018-09-15T11:49:44","guid":{"rendered":"https:\/\/www.sunnyplants.com\/?post_type=product&#038;p=15480"},"modified":"2026-03-15T13:17:08","modified_gmt":"2026-03-15T13:17:08","slug":"senecio-peregrinus-dolphin-necklace-stecklinge","status":"publish","type":"product","link":"https:\/\/www.sunnyplants.com\/de\/shop\/senecio-peregrinus-dolphin-necklace-stecklinge","title":{"rendered":"Senecio Peregrinus &#8211; Dolphin Necklace &#8211; Stecklinge"},"content":{"rendered":"<p>Senecio Peregrinus ist eine Hybride aus Senecio rowleyanus und Senecio articulatus. Die Bl\u00e4tter sehen aus wie niedliche kleine springende Delfine. Es ist nicht so \u00fcblich, diese Art zu finden. Gl\u00fccklicherweise kann diese sch\u00f6ne Pflanze ziemlich leicht aus Stecklingen gezogen werden. Sie m\u00fcssen Stammstecklinge verwenden. Separate Delfine (Bl\u00e4tter) wurzeln nicht und bilden keine neuen Pflanzen.<\/p>\n<h2>Senecio peregrinus Pflege<\/h2>\n<p>Die Pflanze ben\u00f6tigt helles, aber gefiltertes Licht und eine Mindesttemperatur von 15 \u00b0 C. Senecio Peregrinus w\u00e4chst haupts\u00e4chlich im Fr\u00fchjahr und Herbst. Reduzieren Sie die Bew\u00e4sserung bei geringem Wachstum, normalerweise in kalten (Winter) und sehr hei\u00dfen Perioden (Sommer). Der beste Weg, Senecio Peregrinus Stecklinge zu wurzeln, besteht darin, sie flach auf eine gut drainierte, <a href=\"https:\/\/www.sunnyplants.com\/de\/shop\/kaktus-und-sukkulenten-erde\">Sukkulenten Erde<\/a> zu legen. Stellen Sie sicher, dass der Stiel des Stecklings einen guten Kontakt zum Boden hat. Alle paar Tage mit etwas Wasser einspr\u00fchen, um Austrocknung zu vermeiden. Geben Sie mehr Wasser, wenn sich in 2-3 Wochen Wurzeln gebildet haben.<\/p>\n","protected":false},"excerpt":{"rendered":"<p>Sch\u00f6ne Senecio Peregrinus Stecklinge zum Verkauf. Jeder Schnitt ist sorgf\u00e4ltig in Papier eingewickelt und wird mit einem Etikett und allgemeinen Wachstumsanweisungen geliefert. Wenn verf\u00fcgbar, werden wir immer versuchen, Ihnen einen Steckling zuzusenden, der bereits Wurzeln hat. Manchmal f\u00fcgen wir sogar einen Bonus Steckling f\u00fcr Sie hinzu.<\/p>\n","protected":false},"featured_media":15490,"comment_status":"open","ping_status":"closed","template":"","meta":[],"product_brand":[],"product_cat":[916,278,347],"product_tag":[835,854,843,834],"class_list":{"0":"post-15480","1":"product","2":"type-product","3":"status-publish","4":"has-post-thumbnail","6":"product_cat-senecio-stecklinge","7":"product_cat-stecklinge","8":"product_cat-sukkulenten-stecklinge","9":"product_tag-dschungelpflanzen","10":"product_tag-stammstecklinge","11":"product_tag-stecklinge","12":"product_tag-zimmerpflanzen","13":"product_shipping_class-cuttings-small-plants-de","14":"pa_family-asteraceae-de","15":"pa_product-type-stammstecklinge","16":"pa_quantity-1-steckling-bewurzelt","17":"pa_size-4-6-cm-de","19":"first","20":"instock","21":"taxable","22":"shipping-taxable","23":"purchasable","24":"product-type-simple"},"yoast_head":"<!-- This site is optimized with the Yoast SEO plugin v27.4 - https:\/\/yoast.com\/product\/yoast-seo-wordpress\/ -->\n<title>Senecio Peregrinus - Dolphin Necklace - Stecklinge - Sunnyplants.com<\/title>\n<meta name=\"description\" content=\"Sch\u00f6ne Senecio Peregrinus Stecklinge zum Verkauf. Jeder Schnitt ist sorgf\u00e4ltig in Papier eingewickelt und wird mit einem Etikett und allgemeinen Wachstumsanweisungen geliefert. Wenn verf\u00fcgbar, werden wir immer versuchen, Ihnen einen Steckling zuzusenden, der bereits Wurzeln hat. Manchmal f\u00fcgen wir sogar einen Bonus Steckling f\u00fcr Sie hinzu.\" \/>\n<meta name=\"robots\" content=\"index, follow, max-snippet:-1, max-image-preview:large, max-video-preview:-1\" \/>\n<link rel=\"canonical\" href=\"https:\/\/www.sunnyplants.com\/de\/shop\/senecio-peregrinus-dolphin-necklace-stecklinge\" \/>\n<meta property=\"og:locale\" content=\"de_DE\" \/>\n<meta property=\"og:type\" content=\"article\" \/>\n<meta property=\"og:title\" content=\"Senecio Peregrinus - Dolphin Necklace - Stecklinge - Sunnyplants.com\" \/>\n<meta property=\"og:description\" content=\"Sch\u00f6ne Senecio Peregrinus Stecklinge zum Verkauf. Jeder Schnitt ist sorgf\u00e4ltig in Papier eingewickelt und wird mit einem Etikett und allgemeinen Wachstumsanweisungen geliefert. Wenn verf\u00fcgbar, werden wir immer versuchen, Ihnen einen Steckling zuzusenden, der bereits Wurzeln hat. Manchmal f\u00fcgen wir sogar einen Bonus Steckling f\u00fcr Sie hinzu.\" \/>\n<meta property=\"og:url\" content=\"https:\/\/www.sunnyplants.com\/de\/shop\/senecio-peregrinus-dolphin-necklace-stecklinge\" \/>\n<meta property=\"og:site_name\" content=\"Sunnyplants.com\" \/>\n<meta property=\"article:publisher\" content=\"https:\/\/nl-nl.facebook.com\/pages\/category\/Internet-Company\/Sunnyplantscom-1835401900058481\/\" \/>\n<meta property=\"article:modified_time\" content=\"2026-03-15T13:17:08+00:00\" \/>\n<meta property=\"og:image\" content=\"https:\/\/www.sunnyplants.com\/wp-content\/uploads\/senecio-peregrinus-dolphin-necklace-2.jpg\" \/>\n\t<meta property=\"og:image:width\" content=\"2306\" \/>\n\t<meta property=\"og:image:height\" content=\"2306\" \/>\n\t<meta property=\"og:image:type\" content=\"image\/jpeg\" \/>\n<meta name=\"twitter:card\" content=\"summary_large_image\" \/>\n<meta name=\"twitter:label1\" content=\"Gesch\u00e4tzte Lesezeit\" \/>\n\t<meta name=\"twitter:data1\" content=\"1 minute\" \/>\n<script type=\"application\/ld+json\" class=\"yoast-schema-graph\">{\"@context\":\"https:\\\/\\\/schema.org\",\"@graph\":[{\"@type\":\"WebPage\",\"@id\":\"https:\\\/\\\/www.sunnyplants.com\\\/de\\\/shop\\\/senecio-peregrinus-dolphin-necklace-stecklinge\",\"url\":\"https:\\\/\\\/www.sunnyplants.com\\\/de\\\/shop\\\/senecio-peregrinus-dolphin-necklace-stecklinge\",\"name\":\"Senecio Peregrinus - Dolphin Necklace - Stecklinge - Sunnyplants.com\",\"isPartOf\":{\"@id\":\"https:\\\/\\\/www.sunnyplants.com\\\/de#website\"},\"primaryImageOfPage\":{\"@id\":\"https:\\\/\\\/www.sunnyplants.com\\\/de\\\/shop\\\/senecio-peregrinus-dolphin-necklace-stecklinge#primaryimage\"},\"image\":{\"@id\":\"https:\\\/\\\/www.sunnyplants.com\\\/de\\\/shop\\\/senecio-peregrinus-dolphin-necklace-stecklinge#primaryimage\"},\"thumbnailUrl\":\"https:\\\/\\\/www.sunnyplants.com\\\/wp-content\\\/uploads\\\/senecio-peregrinus-dolphin-necklace.jpg\",\"datePublished\":\"2018-09-15T11:49:44+00:00\",\"dateModified\":\"2026-03-15T13:17:08+00:00\",\"description\":\"Sch\u00f6ne Senecio Peregrinus Stecklinge zum Verkauf. Jeder Schnitt ist sorgf\u00e4ltig in Papier eingewickelt und wird mit einem Etikett und allgemeinen Wachstumsanweisungen geliefert. Wenn verf\u00fcgbar, werden wir immer versuchen, Ihnen einen Steckling zuzusenden, der bereits Wurzeln hat. Manchmal f\u00fcgen wir sogar einen Bonus Steckling f\u00fcr Sie hinzu.\",\"breadcrumb\":{\"@id\":\"https:\\\/\\\/www.sunnyplants.com\\\/de\\\/shop\\\/senecio-peregrinus-dolphin-necklace-stecklinge#breadcrumb\"},\"inLanguage\":\"de-DE\",\"potentialAction\":[{\"@type\":\"ReadAction\",\"target\":[\"https:\\\/\\\/www.sunnyplants.com\\\/de\\\/shop\\\/senecio-peregrinus-dolphin-necklace-stecklinge\"]}]},{\"@type\":\"ImageObject\",\"inLanguage\":\"de-DE\",\"@id\":\"https:\\\/\\\/www.sunnyplants.com\\\/de\\\/shop\\\/senecio-peregrinus-dolphin-necklace-stecklinge#primaryimage\",\"url\":\"https:\\\/\\\/www.sunnyplants.com\\\/wp-content\\\/uploads\\\/senecio-peregrinus-dolphin-necklace.jpg\",\"contentUrl\":\"https:\\\/\\\/www.sunnyplants.com\\\/wp-content\\\/uploads\\\/senecio-peregrinus-dolphin-necklace.jpg\",\"width\":900,\"height\":900,\"caption\":\"Senecio Peregrinus - Dolphin Necklace - Cuttings\"},{\"@type\":\"BreadcrumbList\",\"@id\":\"https:\\\/\\\/www.sunnyplants.com\\\/de\\\/shop\\\/senecio-peregrinus-dolphin-necklace-stecklinge#breadcrumb\",\"itemListElement\":[{\"@type\":\"ListItem\",\"position\":1,\"name\":\"Home\",\"item\":\"https:\\\/\\\/www.sunnyplants.com\\\/de\\\/sunnyplants-de\"},{\"@type\":\"ListItem\",\"position\":2,\"name\":\"Shop\",\"item\":\"https:\\\/\\\/www.sunnyplants.com\\\/de\\\/shop-2\"},{\"@type\":\"ListItem\",\"position\":3,\"name\":\"Senecio Peregrinus &#8211; Dolphin Necklace &#8211; Stecklinge\"}]},{\"@type\":\"WebSite\",\"@id\":\"https:\\\/\\\/www.sunnyplants.com\\\/de#website\",\"url\":\"https:\\\/\\\/www.sunnyplants.com\\\/de\",\"name\":\"Sunnyplants.com\",\"description\":\"Lithops, Conophytums and other Mesembs &amp; Succulents\",\"potentialAction\":[{\"@type\":\"SearchAction\",\"target\":{\"@type\":\"EntryPoint\",\"urlTemplate\":\"https:\\\/\\\/www.sunnyplants.com\\\/de?s={search_term_string}\"},\"query-input\":{\"@type\":\"PropertyValueSpecification\",\"valueRequired\":true,\"valueName\":\"search_term_string\"}}],\"inLanguage\":\"de-DE\"}]}<\/script>\n<!-- \/ Yoast SEO plugin. -->","yoast_head_json":{"title":"Senecio Peregrinus - Dolphin Necklace - Stecklinge - Sunnyplants.com","description":"Sch\u00f6ne Senecio Peregrinus Stecklinge zum Verkauf. Jeder Schnitt ist sorgf\u00e4ltig in Papier eingewickelt und wird mit einem Etikett und allgemeinen Wachstumsanweisungen geliefert. Wenn verf\u00fcgbar, werden wir immer versuchen, Ihnen einen Steckling zuzusenden, der bereits Wurzeln hat. Manchmal f\u00fcgen wir sogar einen Bonus Steckling f\u00fcr Sie hinzu.","robots":{"index":"index","follow":"follow","max-snippet":"max-snippet:-1","max-image-preview":"max-image-preview:large","max-video-preview":"max-video-preview:-1"},"canonical":"https:\/\/www.sunnyplants.com\/de\/shop\/senecio-peregrinus-dolphin-necklace-stecklinge","og_locale":"de_DE","og_type":"article","og_title":"Senecio Peregrinus - Dolphin Necklace - Stecklinge - Sunnyplants.com","og_description":"Sch\u00f6ne Senecio Peregrinus Stecklinge zum Verkauf. Jeder Schnitt ist sorgf\u00e4ltig in Papier eingewickelt und wird mit einem Etikett und allgemeinen Wachstumsanweisungen geliefert. Wenn verf\u00fcgbar, werden wir immer versuchen, Ihnen einen Steckling zuzusenden, der bereits Wurzeln hat. Manchmal f\u00fcgen wir sogar einen Bonus Steckling f\u00fcr Sie hinzu.","og_url":"https:\/\/www.sunnyplants.com\/de\/shop\/senecio-peregrinus-dolphin-necklace-stecklinge","og_site_name":"Sunnyplants.com","article_publisher":"https:\/\/nl-nl.facebook.com\/pages\/category\/Internet-Company\/Sunnyplantscom-1835401900058481\/","article_modified_time":"2026-03-15T13:17:08+00:00","og_image":[{"width":2306,"height":2306,"url":"https:\/\/www.sunnyplants.com\/wp-content\/uploads\/senecio-peregrinus-dolphin-necklace-2.jpg","type":"image\/jpeg"}],"twitter_card":"summary_large_image","twitter_misc":{"Gesch\u00e4tzte Lesezeit":"1 minute"},"schema":{"@context":"https:\/\/schema.org","@graph":[{"@type":"WebPage","@id":"https:\/\/www.sunnyplants.com\/de\/shop\/senecio-peregrinus-dolphin-necklace-stecklinge","url":"https:\/\/www.sunnyplants.com\/de\/shop\/senecio-peregrinus-dolphin-necklace-stecklinge","name":"Senecio Peregrinus - Dolphin Necklace - Stecklinge - Sunnyplants.com","isPartOf":{"@id":"https:\/\/www.sunnyplants.com\/de#website"},"primaryImageOfPage":{"@id":"https:\/\/www.sunnyplants.com\/de\/shop\/senecio-peregrinus-dolphin-necklace-stecklinge#primaryimage"},"image":{"@id":"https:\/\/www.sunnyplants.com\/de\/shop\/senecio-peregrinus-dolphin-necklace-stecklinge#primaryimage"},"thumbnailUrl":"https:\/\/www.sunnyplants.com\/wp-content\/uploads\/senecio-peregrinus-dolphin-necklace.jpg","datePublished":"2018-09-15T11:49:44+00:00","dateModified":"2026-03-15T13:17:08+00:00","description":"Sch\u00f6ne Senecio Peregrinus Stecklinge zum Verkauf. Jeder Schnitt ist sorgf\u00e4ltig in Papier eingewickelt und wird mit einem Etikett und allgemeinen Wachstumsanweisungen geliefert. Wenn verf\u00fcgbar, werden wir immer versuchen, Ihnen einen Steckling zuzusenden, der bereits Wurzeln hat. Manchmal f\u00fcgen wir sogar einen Bonus Steckling f\u00fcr Sie hinzu.","breadcrumb":{"@id":"https:\/\/www.sunnyplants.com\/de\/shop\/senecio-peregrinus-dolphin-necklace-stecklinge#breadcrumb"},"inLanguage":"de-DE","potentialAction":[{"@type":"ReadAction","target":["https:\/\/www.sunnyplants.com\/de\/shop\/senecio-peregrinus-dolphin-necklace-stecklinge"]}]},{"@type":"ImageObject","inLanguage":"de-DE","@id":"https:\/\/www.sunnyplants.com\/de\/shop\/senecio-peregrinus-dolphin-necklace-stecklinge#primaryimage","url":"https:\/\/www.sunnyplants.com\/wp-content\/uploads\/senecio-peregrinus-dolphin-necklace.jpg","contentUrl":"https:\/\/www.sunnyplants.com\/wp-content\/uploads\/senecio-peregrinus-dolphin-necklace.jpg","width":900,"height":900,"caption":"Senecio Peregrinus - Dolphin Necklace - Cuttings"},{"@type":"BreadcrumbList","@id":"https:\/\/www.sunnyplants.com\/de\/shop\/senecio-peregrinus-dolphin-necklace-stecklinge#breadcrumb","itemListElement":[{"@type":"ListItem","position":1,"name":"Home","item":"https:\/\/www.sunnyplants.com\/de\/sunnyplants-de"},{"@type":"ListItem","position":2,"name":"Shop","item":"https:\/\/www.sunnyplants.com\/de\/shop-2"},{"@type":"ListItem","position":3,"name":"Senecio Peregrinus &#8211; Dolphin Necklace &#8211; Stecklinge"}]},{"@type":"WebSite","@id":"https:\/\/www.sunnyplants.com\/de#website","url":"https:\/\/www.sunnyplants.com\/de","name":"Sunnyplants.com","description":"Lithops, Conophytums and other Mesembs &amp; Succulents","potentialAction":[{"@type":"SearchAction","target":{"@type":"EntryPoint","urlTemplate":"https:\/\/www.sunnyplants.com\/de?s={search_term_string}"},"query-input":{"@type":"PropertyValueSpecification","valueRequired":true,"valueName":"search_term_string"}}],"inLanguage":"de-DE"}]}},"jetpack_sharing_enabled":true,"_links":{"self":[{"href":"https:\/\/www.sunnyplants.com\/de\/wp-json\/wp\/v2\/product\/15480","targetHints":{"allow":["GET"]}}],"collection":[{"href":"https:\/\/www.sunnyplants.com\/de\/wp-json\/wp\/v2\/product"}],"about":[{"href":"https:\/\/www.sunnyplants.com\/de\/wp-json\/wp\/v2\/types\/product"}],"replies":[{"embeddable":true,"href":"https:\/\/www.sunnyplants.com\/de\/wp-json\/wp\/v2\/comments?post=15480"}],"wp:featuredmedia":[{"embeddable":true,"href":"https:\/\/www.sunnyplants.com\/de\/wp-json\/wp\/v2\/media\/15490"}],"wp:attachment":[{"href":"https:\/\/www.sunnyplants.com\/de\/wp-json\/wp\/v2\/media?parent=15480"}],"wp:term":[{"taxonomy":"product_brand","embeddable":true,"href":"https:\/\/www.sunnyplants.com\/de\/wp-json\/wp\/v2\/product_brand?post=15480"},{"taxonomy":"product_cat","embeddable":true,"href":"https:\/\/www.sunnyplants.com\/de\/wp-json\/wp\/v2\/product_cat?post=15480"},{"taxonomy":"product_tag","embeddable":true,"href":"https:\/\/www.sunnyplants.com\/de\/wp-json\/wp\/v2\/product_tag?post=15480"}],"curies":[{"name":"wp","href":"https:\/\/api.w.org\/{rel}","templated":true}]}}