{"id":15544,"date":"2022-07-05T12:47:12","date_gmt":"2018-09-15T12:47:13","guid":{"rendered":"https:\/\/www.sunnyplants.com\/?post_type=product&#038;p=15544"},"modified":"2024-03-24T08:58:03","modified_gmt":"2024-03-24T08:58:03","slug":"echeveria-cante-x-affinis-stecklinge","status":"publish","type":"product","link":"https:\/\/www.sunnyplants.com\/de\/shop\/echeveria-cante-x-affinis-stecklinge","title":{"rendered":"Echeveria cante x affinis &#8211; Stecklinge"},"content":{"rendered":"<p>Sch\u00f6ne Echeveria-Kreuzung zwischen Echeveria cante und Echeveria affinis. Die Farben k\u00f6nnen im Laufe des Jahres zwischen Gr\u00fcn, Orange und Rosa wechseln. Dies h\u00e4ngt von Temperatur, Lichtverh\u00e4ltnissen und Wasser ab. Echeveria cante x affinis ist eine gro\u00dfartige Pflanze in Ihrer Sammlung. Sch\u00f6n in Mini-Sukkulenten T\u00f6pfe.<\/p>\n<h2>Echeveria cante x affinis Pflege<\/h2>\n<p>Echeveria cante x affinis ben\u00f6tigt einen gut drainierten Boden. Es mag Temperaturen zwischen 18-24C. Sie w\u00e4chst im Fr\u00fchjahr und Herbst am aktivsten. Echeveria kann im Sommer drau\u00dfen gehalten werden. Nehmen Sie es vor dem Winter wieder ein, da diese Pflanzen nicht winterhart sind und keinen Frost vertragen.<\/p>\n","protected":false},"excerpt":{"rendered":"<p>Echeveria cante x affinis Stecklinge von guter Qualit\u00e4t zum Verkauf. Jeder Steckling ist sorgf\u00e4ltig in Papier eingewickelt und wird mit einem Etikett und allgemeinen Wachstumsanweisungen geliefert. Wenn verf\u00fcgbar, werden wir immer versuchen, Ihnen einen Steckling zu senden, der bereits einige Wurzeln hat oder ein kleines Baby Sukkulent.<\/p>\n","protected":false},"featured_media":15550,"comment_status":"open","ping_status":"closed","template":"","meta":[],"product_brand":[],"product_cat":[349,278,347],"product_tag":[1796,869,843,944,834],"class_list":{"0":"post-15544","1":"product","2":"type-product","3":"status-publish","4":"has-post-thumbnail","6":"product_cat-echeveria-stecklinge","7":"product_cat-stecklinge","8":"product_cat-sukkulenten-stecklinge","9":"product_tag-bladstekken","10":"product_tag-echeveria-de","11":"product_tag-stecklinge","12":"product_tag-sukkulenten","13":"product_tag-zimmerpflanzen","14":"product_shipping_class-plants-collections-de","15":"pa_family-crassulaceae-de","16":"pa_leaf-color-orange-de","17":"pa_leaf-color-rosa","18":"pa_product-type-blattstecklinge","19":"pa_quantity-1-steckling","20":"pa_size-1-3-cm-de","22":"first","23":"outofstock","24":"taxable","25":"shipping-taxable","26":"purchasable","27":"product-type-simple"},"yoast_head":"<!-- This site is optimized with the Yoast SEO plugin v27.5 - https:\/\/yoast.com\/product\/yoast-seo-wordpress\/ -->\n<title>Echeveria cante x affinis - Stecklinge - Sunnyplants.com<\/title>\n<meta name=\"description\" content=\"Echeveria cante x affinis Stecklinge von guter Qualit\u00e4t zum Verkauf. Jeder Steckling ist sorgf\u00e4ltig in Papier eingewickelt und wird mit einem Etikett und allgemeinen Wachstumsanweisungen geliefert. Wenn verf\u00fcgbar, werden wir immer versuchen, Ihnen einen Steckling zu senden, der bereits einige Wurzeln hat oder ein kleines Baby Sukkulent.\" \/>\n<meta name=\"robots\" content=\"index, follow, max-snippet:-1, max-image-preview:large, max-video-preview:-1\" \/>\n<link rel=\"canonical\" href=\"https:\/\/www.sunnyplants.com\/de\/shop\/echeveria-cante-x-affinis-stecklinge\" \/>\n<meta property=\"og:locale\" content=\"de_DE\" \/>\n<meta property=\"og:type\" content=\"article\" \/>\n<meta property=\"og:title\" content=\"Echeveria cante x affinis - Stecklinge - Sunnyplants.com\" \/>\n<meta property=\"og:description\" content=\"Echeveria cante x affinis Stecklinge von guter Qualit\u00e4t zum Verkauf. Jeder Steckling ist sorgf\u00e4ltig in Papier eingewickelt und wird mit einem Etikett und allgemeinen Wachstumsanweisungen geliefert. Wenn verf\u00fcgbar, werden wir immer versuchen, Ihnen einen Steckling zu senden, der bereits einige Wurzeln hat oder ein kleines Baby Sukkulent.\" \/>\n<meta property=\"og:url\" content=\"https:\/\/www.sunnyplants.com\/de\/shop\/echeveria-cante-x-affinis-stecklinge\" \/>\n<meta property=\"og:site_name\" content=\"Sunnyplants.com\" \/>\n<meta property=\"article:publisher\" content=\"https:\/\/nl-nl.facebook.com\/pages\/category\/Internet-Company\/Sunnyplantscom-1835401900058481\/\" \/>\n<meta property=\"article:modified_time\" content=\"2024-03-24T08:58:03+00:00\" \/>\n<meta property=\"og:image\" content=\"https:\/\/www.sunnyplants.com\/wp-content\/uploads\/echeveria-cante-affinis.jpg\" \/>\n\t<meta property=\"og:image:width\" content=\"900\" \/>\n\t<meta property=\"og:image:height\" content=\"900\" \/>\n\t<meta property=\"og:image:type\" content=\"image\/jpeg\" \/>\n<meta name=\"twitter:card\" content=\"summary_large_image\" \/>\n<meta name=\"twitter:label1\" content=\"Gesch\u00e4tzte Lesezeit\" \/>\n\t<meta name=\"twitter:data1\" content=\"1 minute\" \/>\n<script type=\"application\/ld+json\" class=\"yoast-schema-graph\">{\"@context\":\"https:\\\/\\\/schema.org\",\"@graph\":[{\"@type\":\"WebPage\",\"@id\":\"https:\\\/\\\/www.sunnyplants.com\\\/de\\\/shop\\\/echeveria-cante-x-affinis-stecklinge\",\"url\":\"https:\\\/\\\/www.sunnyplants.com\\\/de\\\/shop\\\/echeveria-cante-x-affinis-stecklinge\",\"name\":\"Echeveria cante x affinis - Stecklinge - Sunnyplants.com\",\"isPartOf\":{\"@id\":\"https:\\\/\\\/www.sunnyplants.com\\\/de#website\"},\"primaryImageOfPage\":{\"@id\":\"https:\\\/\\\/www.sunnyplants.com\\\/de\\\/shop\\\/echeveria-cante-x-affinis-stecklinge#primaryimage\"},\"image\":{\"@id\":\"https:\\\/\\\/www.sunnyplants.com\\\/de\\\/shop\\\/echeveria-cante-x-affinis-stecklinge#primaryimage\"},\"thumbnailUrl\":\"https:\\\/\\\/www.sunnyplants.com\\\/wp-content\\\/uploads\\\/echeveria-cante-affinis.jpg\",\"datePublished\":\"2018-09-15T12:47:13+00:00\",\"dateModified\":\"2024-03-24T08:58:03+00:00\",\"description\":\"Echeveria cante x affinis Stecklinge von guter Qualit\u00e4t zum Verkauf. Jeder Steckling ist sorgf\u00e4ltig in Papier eingewickelt und wird mit einem Etikett und allgemeinen Wachstumsanweisungen geliefert. Wenn verf\u00fcgbar, werden wir immer versuchen, Ihnen einen Steckling zu senden, der bereits einige Wurzeln hat oder ein kleines Baby Sukkulent.\",\"breadcrumb\":{\"@id\":\"https:\\\/\\\/www.sunnyplants.com\\\/de\\\/shop\\\/echeveria-cante-x-affinis-stecklinge#breadcrumb\"},\"inLanguage\":\"de-DE\",\"potentialAction\":[{\"@type\":\"ReadAction\",\"target\":[\"https:\\\/\\\/www.sunnyplants.com\\\/de\\\/shop\\\/echeveria-cante-x-affinis-stecklinge\"]}]},{\"@type\":\"ImageObject\",\"inLanguage\":\"de-DE\",\"@id\":\"https:\\\/\\\/www.sunnyplants.com\\\/de\\\/shop\\\/echeveria-cante-x-affinis-stecklinge#primaryimage\",\"url\":\"https:\\\/\\\/www.sunnyplants.com\\\/wp-content\\\/uploads\\\/echeveria-cante-affinis.jpg\",\"contentUrl\":\"https:\\\/\\\/www.sunnyplants.com\\\/wp-content\\\/uploads\\\/echeveria-cante-affinis.jpg\",\"width\":900,\"height\":900},{\"@type\":\"BreadcrumbList\",\"@id\":\"https:\\\/\\\/www.sunnyplants.com\\\/de\\\/shop\\\/echeveria-cante-x-affinis-stecklinge#breadcrumb\",\"itemListElement\":[{\"@type\":\"ListItem\",\"position\":1,\"name\":\"Home\",\"item\":\"https:\\\/\\\/www.sunnyplants.com\\\/de\\\/sunnyplants-de\"},{\"@type\":\"ListItem\",\"position\":2,\"name\":\"Shop\",\"item\":\"https:\\\/\\\/www.sunnyplants.com\\\/de\\\/shop-2\"},{\"@type\":\"ListItem\",\"position\":3,\"name\":\"Echeveria cante x affinis &#8211; Stecklinge\"}]},{\"@type\":\"WebSite\",\"@id\":\"https:\\\/\\\/www.sunnyplants.com\\\/de#website\",\"url\":\"https:\\\/\\\/www.sunnyplants.com\\\/de\",\"name\":\"Sunnyplants.com\",\"description\":\"Lithops, Conophytums and other Mesembs &amp; Succulents\",\"potentialAction\":[{\"@type\":\"SearchAction\",\"target\":{\"@type\":\"EntryPoint\",\"urlTemplate\":\"https:\\\/\\\/www.sunnyplants.com\\\/de?s={search_term_string}\"},\"query-input\":{\"@type\":\"PropertyValueSpecification\",\"valueRequired\":true,\"valueName\":\"search_term_string\"}}],\"inLanguage\":\"de-DE\"}]}<\/script>\n<!-- \/ Yoast SEO plugin. -->","yoast_head_json":{"title":"Echeveria cante x affinis - Stecklinge - Sunnyplants.com","description":"Echeveria cante x affinis Stecklinge von guter Qualit\u00e4t zum Verkauf. Jeder Steckling ist sorgf\u00e4ltig in Papier eingewickelt und wird mit einem Etikett und allgemeinen Wachstumsanweisungen geliefert. Wenn verf\u00fcgbar, werden wir immer versuchen, Ihnen einen Steckling zu senden, der bereits einige Wurzeln hat oder ein kleines Baby Sukkulent.","robots":{"index":"index","follow":"follow","max-snippet":"max-snippet:-1","max-image-preview":"max-image-preview:large","max-video-preview":"max-video-preview:-1"},"canonical":"https:\/\/www.sunnyplants.com\/de\/shop\/echeveria-cante-x-affinis-stecklinge","og_locale":"de_DE","og_type":"article","og_title":"Echeveria cante x affinis - Stecklinge - Sunnyplants.com","og_description":"Echeveria cante x affinis Stecklinge von guter Qualit\u00e4t zum Verkauf. Jeder Steckling ist sorgf\u00e4ltig in Papier eingewickelt und wird mit einem Etikett und allgemeinen Wachstumsanweisungen geliefert. Wenn verf\u00fcgbar, werden wir immer versuchen, Ihnen einen Steckling zu senden, der bereits einige Wurzeln hat oder ein kleines Baby Sukkulent.","og_url":"https:\/\/www.sunnyplants.com\/de\/shop\/echeveria-cante-x-affinis-stecklinge","og_site_name":"Sunnyplants.com","article_publisher":"https:\/\/nl-nl.facebook.com\/pages\/category\/Internet-Company\/Sunnyplantscom-1835401900058481\/","article_modified_time":"2024-03-24T08:58:03+00:00","og_image":[{"width":900,"height":900,"url":"https:\/\/www.sunnyplants.com\/wp-content\/uploads\/echeveria-cante-affinis.jpg","type":"image\/jpeg"}],"twitter_card":"summary_large_image","twitter_misc":{"Gesch\u00e4tzte Lesezeit":"1 minute"},"schema":{"@context":"https:\/\/schema.org","@graph":[{"@type":"WebPage","@id":"https:\/\/www.sunnyplants.com\/de\/shop\/echeveria-cante-x-affinis-stecklinge","url":"https:\/\/www.sunnyplants.com\/de\/shop\/echeveria-cante-x-affinis-stecklinge","name":"Echeveria cante x affinis - Stecklinge - Sunnyplants.com","isPartOf":{"@id":"https:\/\/www.sunnyplants.com\/de#website"},"primaryImageOfPage":{"@id":"https:\/\/www.sunnyplants.com\/de\/shop\/echeveria-cante-x-affinis-stecklinge#primaryimage"},"image":{"@id":"https:\/\/www.sunnyplants.com\/de\/shop\/echeveria-cante-x-affinis-stecklinge#primaryimage"},"thumbnailUrl":"https:\/\/www.sunnyplants.com\/wp-content\/uploads\/echeveria-cante-affinis.jpg","datePublished":"2018-09-15T12:47:13+00:00","dateModified":"2024-03-24T08:58:03+00:00","description":"Echeveria cante x affinis Stecklinge von guter Qualit\u00e4t zum Verkauf. Jeder Steckling ist sorgf\u00e4ltig in Papier eingewickelt und wird mit einem Etikett und allgemeinen Wachstumsanweisungen geliefert. Wenn verf\u00fcgbar, werden wir immer versuchen, Ihnen einen Steckling zu senden, der bereits einige Wurzeln hat oder ein kleines Baby Sukkulent.","breadcrumb":{"@id":"https:\/\/www.sunnyplants.com\/de\/shop\/echeveria-cante-x-affinis-stecklinge#breadcrumb"},"inLanguage":"de-DE","potentialAction":[{"@type":"ReadAction","target":["https:\/\/www.sunnyplants.com\/de\/shop\/echeveria-cante-x-affinis-stecklinge"]}]},{"@type":"ImageObject","inLanguage":"de-DE","@id":"https:\/\/www.sunnyplants.com\/de\/shop\/echeveria-cante-x-affinis-stecklinge#primaryimage","url":"https:\/\/www.sunnyplants.com\/wp-content\/uploads\/echeveria-cante-affinis.jpg","contentUrl":"https:\/\/www.sunnyplants.com\/wp-content\/uploads\/echeveria-cante-affinis.jpg","width":900,"height":900},{"@type":"BreadcrumbList","@id":"https:\/\/www.sunnyplants.com\/de\/shop\/echeveria-cante-x-affinis-stecklinge#breadcrumb","itemListElement":[{"@type":"ListItem","position":1,"name":"Home","item":"https:\/\/www.sunnyplants.com\/de\/sunnyplants-de"},{"@type":"ListItem","position":2,"name":"Shop","item":"https:\/\/www.sunnyplants.com\/de\/shop-2"},{"@type":"ListItem","position":3,"name":"Echeveria cante x affinis &#8211; Stecklinge"}]},{"@type":"WebSite","@id":"https:\/\/www.sunnyplants.com\/de#website","url":"https:\/\/www.sunnyplants.com\/de","name":"Sunnyplants.com","description":"Lithops, Conophytums and other Mesembs &amp; Succulents","potentialAction":[{"@type":"SearchAction","target":{"@type":"EntryPoint","urlTemplate":"https:\/\/www.sunnyplants.com\/de?s={search_term_string}"},"query-input":{"@type":"PropertyValueSpecification","valueRequired":true,"valueName":"search_term_string"}}],"inLanguage":"de-DE"}]}},"jetpack_sharing_enabled":true,"_links":{"self":[{"href":"https:\/\/www.sunnyplants.com\/de\/wp-json\/wp\/v2\/product\/15544","targetHints":{"allow":["GET"]}}],"collection":[{"href":"https:\/\/www.sunnyplants.com\/de\/wp-json\/wp\/v2\/product"}],"about":[{"href":"https:\/\/www.sunnyplants.com\/de\/wp-json\/wp\/v2\/types\/product"}],"replies":[{"embeddable":true,"href":"https:\/\/www.sunnyplants.com\/de\/wp-json\/wp\/v2\/comments?post=15544"}],"wp:featuredmedia":[{"embeddable":true,"href":"https:\/\/www.sunnyplants.com\/de\/wp-json\/wp\/v2\/media\/15550"}],"wp:attachment":[{"href":"https:\/\/www.sunnyplants.com\/de\/wp-json\/wp\/v2\/media?parent=15544"}],"wp:term":[{"taxonomy":"product_brand","embeddable":true,"href":"https:\/\/www.sunnyplants.com\/de\/wp-json\/wp\/v2\/product_brand?post=15544"},{"taxonomy":"product_cat","embeddable":true,"href":"https:\/\/www.sunnyplants.com\/de\/wp-json\/wp\/v2\/product_cat?post=15544"},{"taxonomy":"product_tag","embeddable":true,"href":"https:\/\/www.sunnyplants.com\/de\/wp-json\/wp\/v2\/product_tag?post=15544"}],"curies":[{"name":"wp","href":"https:\/\/api.w.org\/{rel}","templated":true}]}}