{"id":17604,"date":"2024-07-21T17:56:24","date_gmt":"2024-07-21T17:56:24","guid":{"rendered":"https:\/\/www.sunnyplants.com\/?post_type=product&#038;p=17604"},"modified":"2026-03-09T10:47:54","modified_gmt":"2026-03-09T10:47:54","slug":"ceropegia-woodii-variegata-leuchterblume-knollen","status":"publish","type":"product","link":"https:\/\/www.sunnyplants.com\/de\/shop\/ceropegia-woodii-variegata-leuchterblume-knollen","title":{"rendered":"Ceropegia woodii variegata &#8211; Leuchterblume &#8211; Knollen"},"content":{"rendered":"<p>Ceropegia woodii variegata &#8211; Leuchterblume &#8211; Knollen zum Verkauf.<\/p>\n<h3>Sukkulentent\u00f6pfe f\u00fcr Ihre Ceropegia woodii variegata Pflanzen<\/h3>\n<p>Es sind so viele Sukkulentent\u00f6pfe online verf\u00fcgbar, die f\u00fcr Ihre Ceropegia woodii variegata geeignet sein k\u00f6nnten. CeropegiaT\u00f6pfe aus Keramik, Ceropegia woodiiT\u00f6pfe aus Stein, Pflanzent\u00f6pfe aus Beton, T\u00f6pfe aus Glas und ceropegia woodii variegata T\u00f6pfe aus Holz. Es gibt eine gro\u00dfe Auswahl an <strong><a href=\"https:\/\/amzn.to\/38Mf6pO\" target=\"_blank\" rel=\"noopener\">Sukkulentent\u00f6pfen auf Amazon.de<\/a><\/strong>.<\/p>\n<h3>Sukkulenten Pflanzenlampen f\u00fcr Ihre Leuchterblume<\/h3>\n<p>Alle Sukkulenten brauchen helles Licht, um gut zu wachsen. Sie bleiben kompakter und erhalten leuchtendere Farben. Eine gute Beleuchtung ist auch wichtig f\u00fcr die Pflanzengesundheit und die Photosynthese. In einem Gew\u00e4chshaus oder auf einer nach S\u00fcden ausgerichteten Fensterbank ist dies normalerweise kein Problem. Wenn Sie Ihrer Ceropegia woodii variegata kein helles Licht bieten k\u00f6nnen, empfehlen wir die Verwendung von Sukkulenten-Wachstumslampen. Es gibt eine gro\u00dfe Auswahl an verschiedenen Arten von <strong><a href=\"https:\/\/amzn.to\/3ybfM2U\" target=\"_blank\" rel=\"noopener\">Sukkulenten Pflanzenlampen auf Amazon.de<\/a><\/strong>.<\/p>\n","protected":false},"excerpt":{"rendered":"<p>Ceropegia woodii variegata &#8211; Leuchterblume &#8211; Knollen<\/p>\n","protected":false},"featured_media":17610,"comment_status":"open","ping_status":"closed","template":"","meta":[],"product_brand":[],"product_cat":[1012,249,234,1835],"product_tag":[910,834],"class_list":{"0":"post-17604","1":"product","2":"type-product","3":"status-publish","4":"has-post-thumbnail","6":"product_cat-ceropegia-pflanzen","7":"product_cat-knollen-caudexpflanzen","8":"product_cat-pflanzen","9":"product_cat-tropische-pflanzen","10":"product_tag-caudex-de","11":"product_tag-zimmerpflanzen","12":"product_shipping_class-cuttings-small-plants-de","13":"pa_family-apocynaceae-de","14":"pa_leaf-color-bunt","15":"pa_product-type-knollen","16":"pa_quantity-1-knolle","17":"pa_size-1-2-cm-de","19":"first","20":"instock","21":"taxable","22":"shipping-taxable","23":"purchasable","24":"product-type-simple"},"yoast_head":"<!-- This site is optimized with the Yoast SEO plugin v27.5 - https:\/\/yoast.com\/product\/yoast-seo-wordpress\/ -->\n<title>Ceropegia woodii variegata - Leuchterblume - Knollen - Sunnyplants.com<\/title>\n<meta name=\"description\" content=\"Ceropegia woodii variegata - Leuchterblume - Knollen\" \/>\n<meta name=\"robots\" content=\"index, follow, max-snippet:-1, max-image-preview:large, max-video-preview:-1\" \/>\n<link rel=\"canonical\" href=\"https:\/\/www.sunnyplants.com\/de\/shop\/ceropegia-woodii-variegata-leuchterblume-knollen\" \/>\n<meta property=\"og:locale\" content=\"de_DE\" \/>\n<meta property=\"og:type\" content=\"article\" \/>\n<meta property=\"og:title\" content=\"Ceropegia woodii variegata - Leuchterblume - Knollen - Sunnyplants.com\" \/>\n<meta property=\"og:description\" content=\"Ceropegia woodii variegata - Leuchterblume - Knollen\" \/>\n<meta property=\"og:url\" content=\"https:\/\/www.sunnyplants.com\/de\/shop\/ceropegia-woodii-variegata-leuchterblume-knollen\" \/>\n<meta property=\"og:site_name\" content=\"Sunnyplants.com\" \/>\n<meta property=\"article:publisher\" content=\"https:\/\/nl-nl.facebook.com\/pages\/category\/Internet-Company\/Sunnyplantscom-1835401900058481\/\" \/>\n<meta property=\"article:modified_time\" content=\"2026-03-09T10:47:54+00:00\" \/>\n<meta property=\"og:image\" content=\"https:\/\/www.sunnyplants.com\/wp-content\/uploads\/ceropegia-woodii-variegata.jpg\" \/>\n\t<meta property=\"og:image:width\" content=\"900\" \/>\n\t<meta property=\"og:image:height\" content=\"900\" \/>\n\t<meta property=\"og:image:type\" content=\"image\/jpeg\" \/>\n<meta name=\"twitter:card\" content=\"summary_large_image\" \/>\n<meta name=\"twitter:label1\" content=\"Gesch\u00e4tzte Lesezeit\" \/>\n\t<meta name=\"twitter:data1\" content=\"1 minute\" \/>\n<script type=\"application\/ld+json\" class=\"yoast-schema-graph\">{\"@context\":\"https:\\\/\\\/schema.org\",\"@graph\":[{\"@type\":\"WebPage\",\"@id\":\"https:\\\/\\\/www.sunnyplants.com\\\/de\\\/shop\\\/ceropegia-woodii-variegata-leuchterblume-knollen\",\"url\":\"https:\\\/\\\/www.sunnyplants.com\\\/de\\\/shop\\\/ceropegia-woodii-variegata-leuchterblume-knollen\",\"name\":\"Ceropegia woodii variegata - Leuchterblume - Knollen - Sunnyplants.com\",\"isPartOf\":{\"@id\":\"https:\\\/\\\/www.sunnyplants.com\\\/de#website\"},\"primaryImageOfPage\":{\"@id\":\"https:\\\/\\\/www.sunnyplants.com\\\/de\\\/shop\\\/ceropegia-woodii-variegata-leuchterblume-knollen#primaryimage\"},\"image\":{\"@id\":\"https:\\\/\\\/www.sunnyplants.com\\\/de\\\/shop\\\/ceropegia-woodii-variegata-leuchterblume-knollen#primaryimage\"},\"thumbnailUrl\":\"https:\\\/\\\/www.sunnyplants.com\\\/wp-content\\\/uploads\\\/ceropegia-woodii-variegata.jpg\",\"datePublished\":\"2024-07-21T17:56:24+00:00\",\"dateModified\":\"2026-03-09T10:47:54+00:00\",\"description\":\"Ceropegia woodii variegata - Leuchterblume - Knollen\",\"breadcrumb\":{\"@id\":\"https:\\\/\\\/www.sunnyplants.com\\\/de\\\/shop\\\/ceropegia-woodii-variegata-leuchterblume-knollen#breadcrumb\"},\"inLanguage\":\"de-DE\",\"potentialAction\":[{\"@type\":\"ReadAction\",\"target\":[\"https:\\\/\\\/www.sunnyplants.com\\\/de\\\/shop\\\/ceropegia-woodii-variegata-leuchterblume-knollen\"]}]},{\"@type\":\"ImageObject\",\"inLanguage\":\"de-DE\",\"@id\":\"https:\\\/\\\/www.sunnyplants.com\\\/de\\\/shop\\\/ceropegia-woodii-variegata-leuchterblume-knollen#primaryimage\",\"url\":\"https:\\\/\\\/www.sunnyplants.com\\\/wp-content\\\/uploads\\\/ceropegia-woodii-variegata.jpg\",\"contentUrl\":\"https:\\\/\\\/www.sunnyplants.com\\\/wp-content\\\/uploads\\\/ceropegia-woodii-variegata.jpg\",\"width\":900,\"height\":900},{\"@type\":\"BreadcrumbList\",\"@id\":\"https:\\\/\\\/www.sunnyplants.com\\\/de\\\/shop\\\/ceropegia-woodii-variegata-leuchterblume-knollen#breadcrumb\",\"itemListElement\":[{\"@type\":\"ListItem\",\"position\":1,\"name\":\"Home\",\"item\":\"https:\\\/\\\/www.sunnyplants.com\\\/de\\\/sunnyplants-de\"},{\"@type\":\"ListItem\",\"position\":2,\"name\":\"Shop\",\"item\":\"https:\\\/\\\/www.sunnyplants.com\\\/de\\\/shop-2\"},{\"@type\":\"ListItem\",\"position\":3,\"name\":\"Ceropegia woodii variegata &#8211; Leuchterblume &#8211; Knollen\"}]},{\"@type\":\"WebSite\",\"@id\":\"https:\\\/\\\/www.sunnyplants.com\\\/de#website\",\"url\":\"https:\\\/\\\/www.sunnyplants.com\\\/de\",\"name\":\"Sunnyplants.com\",\"description\":\"Lithops, Conophytums and other Mesembs &amp; Succulents\",\"potentialAction\":[{\"@type\":\"SearchAction\",\"target\":{\"@type\":\"EntryPoint\",\"urlTemplate\":\"https:\\\/\\\/www.sunnyplants.com\\\/de?s={search_term_string}\"},\"query-input\":{\"@type\":\"PropertyValueSpecification\",\"valueRequired\":true,\"valueName\":\"search_term_string\"}}],\"inLanguage\":\"de-DE\"}]}<\/script>\n<!-- \/ Yoast SEO plugin. -->","yoast_head_json":{"title":"Ceropegia woodii variegata - Leuchterblume - Knollen - Sunnyplants.com","description":"Ceropegia woodii variegata - Leuchterblume - Knollen","robots":{"index":"index","follow":"follow","max-snippet":"max-snippet:-1","max-image-preview":"max-image-preview:large","max-video-preview":"max-video-preview:-1"},"canonical":"https:\/\/www.sunnyplants.com\/de\/shop\/ceropegia-woodii-variegata-leuchterblume-knollen","og_locale":"de_DE","og_type":"article","og_title":"Ceropegia woodii variegata - Leuchterblume - Knollen - Sunnyplants.com","og_description":"Ceropegia woodii variegata - Leuchterblume - Knollen","og_url":"https:\/\/www.sunnyplants.com\/de\/shop\/ceropegia-woodii-variegata-leuchterblume-knollen","og_site_name":"Sunnyplants.com","article_publisher":"https:\/\/nl-nl.facebook.com\/pages\/category\/Internet-Company\/Sunnyplantscom-1835401900058481\/","article_modified_time":"2026-03-09T10:47:54+00:00","og_image":[{"width":900,"height":900,"url":"https:\/\/www.sunnyplants.com\/wp-content\/uploads\/ceropegia-woodii-variegata.jpg","type":"image\/jpeg"}],"twitter_card":"summary_large_image","twitter_misc":{"Gesch\u00e4tzte Lesezeit":"1 minute"},"schema":{"@context":"https:\/\/schema.org","@graph":[{"@type":"WebPage","@id":"https:\/\/www.sunnyplants.com\/de\/shop\/ceropegia-woodii-variegata-leuchterblume-knollen","url":"https:\/\/www.sunnyplants.com\/de\/shop\/ceropegia-woodii-variegata-leuchterblume-knollen","name":"Ceropegia woodii variegata - Leuchterblume - Knollen - Sunnyplants.com","isPartOf":{"@id":"https:\/\/www.sunnyplants.com\/de#website"},"primaryImageOfPage":{"@id":"https:\/\/www.sunnyplants.com\/de\/shop\/ceropegia-woodii-variegata-leuchterblume-knollen#primaryimage"},"image":{"@id":"https:\/\/www.sunnyplants.com\/de\/shop\/ceropegia-woodii-variegata-leuchterblume-knollen#primaryimage"},"thumbnailUrl":"https:\/\/www.sunnyplants.com\/wp-content\/uploads\/ceropegia-woodii-variegata.jpg","datePublished":"2024-07-21T17:56:24+00:00","dateModified":"2026-03-09T10:47:54+00:00","description":"Ceropegia woodii variegata - Leuchterblume - Knollen","breadcrumb":{"@id":"https:\/\/www.sunnyplants.com\/de\/shop\/ceropegia-woodii-variegata-leuchterblume-knollen#breadcrumb"},"inLanguage":"de-DE","potentialAction":[{"@type":"ReadAction","target":["https:\/\/www.sunnyplants.com\/de\/shop\/ceropegia-woodii-variegata-leuchterblume-knollen"]}]},{"@type":"ImageObject","inLanguage":"de-DE","@id":"https:\/\/www.sunnyplants.com\/de\/shop\/ceropegia-woodii-variegata-leuchterblume-knollen#primaryimage","url":"https:\/\/www.sunnyplants.com\/wp-content\/uploads\/ceropegia-woodii-variegata.jpg","contentUrl":"https:\/\/www.sunnyplants.com\/wp-content\/uploads\/ceropegia-woodii-variegata.jpg","width":900,"height":900},{"@type":"BreadcrumbList","@id":"https:\/\/www.sunnyplants.com\/de\/shop\/ceropegia-woodii-variegata-leuchterblume-knollen#breadcrumb","itemListElement":[{"@type":"ListItem","position":1,"name":"Home","item":"https:\/\/www.sunnyplants.com\/de\/sunnyplants-de"},{"@type":"ListItem","position":2,"name":"Shop","item":"https:\/\/www.sunnyplants.com\/de\/shop-2"},{"@type":"ListItem","position":3,"name":"Ceropegia woodii variegata &#8211; Leuchterblume &#8211; Knollen"}]},{"@type":"WebSite","@id":"https:\/\/www.sunnyplants.com\/de#website","url":"https:\/\/www.sunnyplants.com\/de","name":"Sunnyplants.com","description":"Lithops, Conophytums and other Mesembs &amp; Succulents","potentialAction":[{"@type":"SearchAction","target":{"@type":"EntryPoint","urlTemplate":"https:\/\/www.sunnyplants.com\/de?s={search_term_string}"},"query-input":{"@type":"PropertyValueSpecification","valueRequired":true,"valueName":"search_term_string"}}],"inLanguage":"de-DE"}]}},"jetpack_sharing_enabled":true,"_links":{"self":[{"href":"https:\/\/www.sunnyplants.com\/de\/wp-json\/wp\/v2\/product\/17604","targetHints":{"allow":["GET"]}}],"collection":[{"href":"https:\/\/www.sunnyplants.com\/de\/wp-json\/wp\/v2\/product"}],"about":[{"href":"https:\/\/www.sunnyplants.com\/de\/wp-json\/wp\/v2\/types\/product"}],"replies":[{"embeddable":true,"href":"https:\/\/www.sunnyplants.com\/de\/wp-json\/wp\/v2\/comments?post=17604"}],"wp:featuredmedia":[{"embeddable":true,"href":"https:\/\/www.sunnyplants.com\/de\/wp-json\/wp\/v2\/media\/17610"}],"wp:attachment":[{"href":"https:\/\/www.sunnyplants.com\/de\/wp-json\/wp\/v2\/media?parent=17604"}],"wp:term":[{"taxonomy":"product_brand","embeddable":true,"href":"https:\/\/www.sunnyplants.com\/de\/wp-json\/wp\/v2\/product_brand?post=17604"},{"taxonomy":"product_cat","embeddable":true,"href":"https:\/\/www.sunnyplants.com\/de\/wp-json\/wp\/v2\/product_cat?post=17604"},{"taxonomy":"product_tag","embeddable":true,"href":"https:\/\/www.sunnyplants.com\/de\/wp-json\/wp\/v2\/product_tag?post=17604"}],"curies":[{"name":"wp","href":"https:\/\/api.w.org\/{rel}","templated":true}]}}