{"id":19235,"date":"2024-07-03T03:39:34","date_gmt":"2019-06-17T03:39:34","guid":{"rendered":"https:\/\/www.sunnyplants.com\/shop\/mini-sukkulenten-mix-10-stecklinge"},"modified":"2026-04-01T06:55:17","modified_gmt":"2026-04-01T06:55:17","slug":"mini-sukkulenten-mix-10-stecklinge","status":"publish","type":"product","link":"https:\/\/www.sunnyplants.com\/de\/shop\/mini-sukkulenten-mix-10-stecklinge","title":{"rendered":"Mini Sukkulenten &#8211; Mix &#8211; 10 Stecklinge"},"content":{"rendered":"<p>Diese gemischte Gruppe von Mini Sukkulenten ist ein wundersch\u00f6nes Geschenk f\u00fcr jeden Pflanzenfreund. Sie erhalten eine sch\u00f6ne Kombination von Stecklingen und Pflanzen (nicht auf Namen), bewurzelt und unbewurzelt. Eine breite Palette von Baby Sukkulenten kann in der Mischung enthalten sein, einschlie\u00dflich Crassula, Echeveria, Lithops, Pachyphytum und Kalanchoe.<\/p>\n<p>Wenn Sie Ihre Mini Sukkulenten erhalten, legen Sie sie einfach in eine (Sukkulenten) Erde mit guter Drainage. Die Wurzeln beginnen in ca. 2-3 Wochen zu wachsen. Sch\u00fctzen Sie die Pflanzen vor intensivem Licht und gie\u00dfen Sie nicht, bis sich Wurzeln gebildet haben. Beginnen Sie vorsichtig mit dem Gie\u00dfen und erh\u00f6hen Sie die Beleuchtung, wenn die Wurzeln wachsen.<\/p>\n<p>Damit Ihre Mini Sukkulenten kompakt und farbenfroh bleiben, geben Sie ihnen immer helles Licht und minimalen D\u00fcnger (nur im Fr\u00fchjahr). Verwenden Sie eine Sukkulenten Bodenmischung, die zu etwa 60-80% aus Bims oder anderem Drainagematerial besteht. Je nach Witterung alle 1-2 Wochen etwas gie\u00dfen.<\/p>\n<p>Diese Baby Sukkulenten und die meisten Sukkulenten, die wir verkaufen, k\u00f6nnen im Freien angebaut werden. Sie sollten sie jedoch hinein nehmen, um sie vor Frost zu sch\u00fctzen. Die Mindesttemperaturen liegen bei 5C. Stellen Sie sicher, dass Sie eine extrem gute Drainage verwenden (80% Bimsstein) und sch\u00fctzen Sie sich nach M\u00f6glichkeit vor starkem Regen.<\/p>\n<h3>Sukkulentent\u00f6pfe f\u00fcr Ihre Mini Sukkulenten<\/h3>\n<p>Es sind so viele Sukkulentent\u00f6pfe online verf\u00fcgbar, die f\u00fcr Ihre Baby Sukkulenten geeignet sein k\u00f6nnten. Mini Sukkulenten T\u00f6pfe aus Keramik, SukkulentenT\u00f6pfe aus Stein, Baby Sukkulenten T\u00f6pfe aus Beton, T\u00f6pfe aus Glas und Sukkulenten T\u00f6pfe aus Holz. Es gibt eine gro\u00dfe Auswahl an <strong><a href=\"https:\/\/amzn.to\/38Mf6pO\" target=\"_blank\" rel=\"noopener\">Sukkulentent\u00f6pfen auf Amazon.de<\/a><\/strong>.<\/p>\n<h3>Sukkulenten Pflanzenlampen f\u00fcr Ihre Mini Sukkulenten<\/h3>\n<p>Alle Sukkulenten brauchen helles Licht, um gut zu wachsen. Sie bleiben kompakter und erhalten leuchtendere Farben. Eine gute Beleuchtung ist auch wichtig f\u00fcr die Pflanzengesundheit und die Photosynthese. In einem Gew\u00e4chshaus oder auf einer nach S\u00fcden ausgerichteten Fensterbank ist dies normalerweise kein Problem. Wenn Sie Ihrer Mini Sukkulenten kein helles Licht bieten k\u00f6nnen, empfehlen wir die Verwendung von Sukkulenten-Wachstumslampen. Es gibt eine gro\u00dfe Auswahl an verschiedenen Arten von <strong><a href=\"https:\/\/amzn.to\/3ybfM2U\" target=\"_blank\" rel=\"noopener\">Sukkulenten Pflanzenlampen auf Amazon.de<\/a><\/strong>.<\/p>\n","protected":false},"excerpt":{"rendered":"<p>Sie erhalten 10 verschiedene Mini Sukkulenten in verschiedenen Gr\u00f6\u00dfen (1-2 cm) und Farben. Diese Mini Sukkulenten werden ohne Etikett geliefert und sorgf\u00e4ltig in Papiertuch verpackt. Die Sukkulenten Stecklinge sind nicht gewurzelt, wir senden Ihnen jedoch bewurzelte Baby Sukkulenten, wenn diese verf\u00fcgbar sind. Bewurzelung ist einfach und dauert in der Regel 2-3 Wochen.<\/p>\n","protected":false},"featured_media":19207,"comment_status":"open","ping_status":"closed","template":"","meta":[],"product_brand":[],"product_cat":[286,1702,234,278,241,347],"product_tag":[],"class_list":{"0":"post-19235","1":"product","2":"type-product","3":"status-publish","4":"has-post-thumbnail","6":"product_cat-kollektionen","7":"product_cat-mini-sukkulenten","8":"product_cat-pflanzen","9":"product_cat-stecklinge","10":"product_cat-sukkulenten","11":"product_cat-sukkulenten-stecklinge","12":"product_shipping_class-cuttings-small-plants-de","13":"pa_product-type-pflanzen","14":"pa_product-type-stammstecklinge","15":"pa_quantity-10-stecklinge","16":"pa_size-1-2-cm-de","18":"first","19":"instock","20":"taxable","21":"shipping-taxable","22":"purchasable","23":"product-type-simple"},"yoast_head":"<!-- This site is optimized with the Yoast SEO plugin v27.5 - https:\/\/yoast.com\/product\/yoast-seo-wordpress\/ -->\n<title>Mini Sukkulenten - Mix - 10 Stecklinge - Sunnyplants.com<\/title>\n<meta name=\"description\" content=\"Sie erhalten 10 verschiedene Mini Sukkulenten in verschiedenen Gr\u00f6\u00dfen (1-2 cm) und Farben. Diese Mini Sukkulenten werden ohne Etikett geliefert und sorgf\u00e4ltig in Papiertuch verpackt. Die Sukkulenten Stecklinge sind nicht gewurzelt, wir senden Ihnen jedoch bewurzelte Baby Sukkulenten, wenn diese verf\u00fcgbar sind. Bewurzelung ist einfach und dauert in der Regel 2-3 Wochen.\" \/>\n<meta name=\"robots\" content=\"index, follow, max-snippet:-1, max-image-preview:large, max-video-preview:-1\" \/>\n<link rel=\"canonical\" href=\"https:\/\/www.sunnyplants.com\/de\/shop\/mini-sukkulenten-mix-10-stecklinge\" \/>\n<meta property=\"og:locale\" content=\"de_DE\" \/>\n<meta property=\"og:type\" content=\"article\" \/>\n<meta property=\"og:title\" content=\"Mini Sukkulenten - Mix - 10 Stecklinge - Sunnyplants.com\" \/>\n<meta property=\"og:description\" content=\"Sie erhalten 10 verschiedene Mini Sukkulenten in verschiedenen Gr\u00f6\u00dfen (1-2 cm) und Farben. Diese Mini Sukkulenten werden ohne Etikett geliefert und sorgf\u00e4ltig in Papiertuch verpackt. Die Sukkulenten Stecklinge sind nicht gewurzelt, wir senden Ihnen jedoch bewurzelte Baby Sukkulenten, wenn diese verf\u00fcgbar sind. Bewurzelung ist einfach und dauert in der Regel 2-3 Wochen.\" \/>\n<meta property=\"og:url\" content=\"https:\/\/www.sunnyplants.com\/de\/shop\/mini-sukkulenten-mix-10-stecklinge\" \/>\n<meta property=\"og:site_name\" content=\"Sunnyplants.com\" \/>\n<meta property=\"article:publisher\" content=\"https:\/\/nl-nl.facebook.com\/pages\/category\/Internet-Company\/Sunnyplantscom-1835401900058481\/\" \/>\n<meta property=\"article:modified_time\" content=\"2026-04-01T06:55:17+00:00\" \/>\n<meta property=\"og:image\" content=\"https:\/\/www.sunnyplants.com\/wp-content\/uploads\/mini-succulents.jpg\" \/>\n\t<meta property=\"og:image:width\" content=\"900\" \/>\n\t<meta property=\"og:image:height\" content=\"900\" \/>\n\t<meta property=\"og:image:type\" content=\"image\/jpeg\" \/>\n<meta name=\"twitter:card\" content=\"summary_large_image\" \/>\n<meta name=\"twitter:label1\" content=\"Gesch\u00e4tzte Lesezeit\" \/>\n\t<meta name=\"twitter:data1\" content=\"2 minutes\" \/>\n<script type=\"application\/ld+json\" class=\"yoast-schema-graph\">{\"@context\":\"https:\\\/\\\/schema.org\",\"@graph\":[{\"@type\":\"WebPage\",\"@id\":\"https:\\\/\\\/www.sunnyplants.com\\\/de\\\/shop\\\/mini-sukkulenten-mix-10-stecklinge\",\"url\":\"https:\\\/\\\/www.sunnyplants.com\\\/de\\\/shop\\\/mini-sukkulenten-mix-10-stecklinge\",\"name\":\"Mini Sukkulenten - Mix - 10 Stecklinge - Sunnyplants.com\",\"isPartOf\":{\"@id\":\"https:\\\/\\\/www.sunnyplants.com\\\/de#website\"},\"primaryImageOfPage\":{\"@id\":\"https:\\\/\\\/www.sunnyplants.com\\\/de\\\/shop\\\/mini-sukkulenten-mix-10-stecklinge#primaryimage\"},\"image\":{\"@id\":\"https:\\\/\\\/www.sunnyplants.com\\\/de\\\/shop\\\/mini-sukkulenten-mix-10-stecklinge#primaryimage\"},\"thumbnailUrl\":\"https:\\\/\\\/www.sunnyplants.com\\\/wp-content\\\/uploads\\\/mini-succulents.jpg\",\"datePublished\":\"2019-06-17T03:39:34+00:00\",\"dateModified\":\"2026-04-01T06:55:17+00:00\",\"description\":\"Sie erhalten 10 verschiedene Mini Sukkulenten in verschiedenen Gr\u00f6\u00dfen (1-2 cm) und Farben. Diese Mini Sukkulenten werden ohne Etikett geliefert und sorgf\u00e4ltig in Papiertuch verpackt. Die Sukkulenten Stecklinge sind nicht gewurzelt, wir senden Ihnen jedoch bewurzelte Baby Sukkulenten, wenn diese verf\u00fcgbar sind. Bewurzelung ist einfach und dauert in der Regel 2-3 Wochen.\",\"breadcrumb\":{\"@id\":\"https:\\\/\\\/www.sunnyplants.com\\\/de\\\/shop\\\/mini-sukkulenten-mix-10-stecklinge#breadcrumb\"},\"inLanguage\":\"de-DE\",\"potentialAction\":[{\"@type\":\"ReadAction\",\"target\":[\"https:\\\/\\\/www.sunnyplants.com\\\/de\\\/shop\\\/mini-sukkulenten-mix-10-stecklinge\"]}]},{\"@type\":\"ImageObject\",\"inLanguage\":\"de-DE\",\"@id\":\"https:\\\/\\\/www.sunnyplants.com\\\/de\\\/shop\\\/mini-sukkulenten-mix-10-stecklinge#primaryimage\",\"url\":\"https:\\\/\\\/www.sunnyplants.com\\\/wp-content\\\/uploads\\\/mini-succulents.jpg\",\"contentUrl\":\"https:\\\/\\\/www.sunnyplants.com\\\/wp-content\\\/uploads\\\/mini-succulents.jpg\",\"width\":900,\"height\":900},{\"@type\":\"BreadcrumbList\",\"@id\":\"https:\\\/\\\/www.sunnyplants.com\\\/de\\\/shop\\\/mini-sukkulenten-mix-10-stecklinge#breadcrumb\",\"itemListElement\":[{\"@type\":\"ListItem\",\"position\":1,\"name\":\"Home\",\"item\":\"https:\\\/\\\/www.sunnyplants.com\\\/de\\\/sunnyplants-de\"},{\"@type\":\"ListItem\",\"position\":2,\"name\":\"Shop\",\"item\":\"https:\\\/\\\/www.sunnyplants.com\\\/de\\\/shop-2\"},{\"@type\":\"ListItem\",\"position\":3,\"name\":\"Mini Sukkulenten &#8211; Mix &#8211; 10 Stecklinge\"}]},{\"@type\":\"WebSite\",\"@id\":\"https:\\\/\\\/www.sunnyplants.com\\\/de#website\",\"url\":\"https:\\\/\\\/www.sunnyplants.com\\\/de\",\"name\":\"Sunnyplants.com\",\"description\":\"Lithops, Conophytums and other Mesembs &amp; Succulents\",\"potentialAction\":[{\"@type\":\"SearchAction\",\"target\":{\"@type\":\"EntryPoint\",\"urlTemplate\":\"https:\\\/\\\/www.sunnyplants.com\\\/de?s={search_term_string}\"},\"query-input\":{\"@type\":\"PropertyValueSpecification\",\"valueRequired\":true,\"valueName\":\"search_term_string\"}}],\"inLanguage\":\"de-DE\"}]}<\/script>\n<!-- \/ Yoast SEO plugin. -->","yoast_head_json":{"title":"Mini Sukkulenten - Mix - 10 Stecklinge - Sunnyplants.com","description":"Sie erhalten 10 verschiedene Mini Sukkulenten in verschiedenen Gr\u00f6\u00dfen (1-2 cm) und Farben. Diese Mini Sukkulenten werden ohne Etikett geliefert und sorgf\u00e4ltig in Papiertuch verpackt. Die Sukkulenten Stecklinge sind nicht gewurzelt, wir senden Ihnen jedoch bewurzelte Baby Sukkulenten, wenn diese verf\u00fcgbar sind. Bewurzelung ist einfach und dauert in der Regel 2-3 Wochen.","robots":{"index":"index","follow":"follow","max-snippet":"max-snippet:-1","max-image-preview":"max-image-preview:large","max-video-preview":"max-video-preview:-1"},"canonical":"https:\/\/www.sunnyplants.com\/de\/shop\/mini-sukkulenten-mix-10-stecklinge","og_locale":"de_DE","og_type":"article","og_title":"Mini Sukkulenten - Mix - 10 Stecklinge - Sunnyplants.com","og_description":"Sie erhalten 10 verschiedene Mini Sukkulenten in verschiedenen Gr\u00f6\u00dfen (1-2 cm) und Farben. Diese Mini Sukkulenten werden ohne Etikett geliefert und sorgf\u00e4ltig in Papiertuch verpackt. Die Sukkulenten Stecklinge sind nicht gewurzelt, wir senden Ihnen jedoch bewurzelte Baby Sukkulenten, wenn diese verf\u00fcgbar sind. Bewurzelung ist einfach und dauert in der Regel 2-3 Wochen.","og_url":"https:\/\/www.sunnyplants.com\/de\/shop\/mini-sukkulenten-mix-10-stecklinge","og_site_name":"Sunnyplants.com","article_publisher":"https:\/\/nl-nl.facebook.com\/pages\/category\/Internet-Company\/Sunnyplantscom-1835401900058481\/","article_modified_time":"2026-04-01T06:55:17+00:00","og_image":[{"width":900,"height":900,"url":"https:\/\/www.sunnyplants.com\/wp-content\/uploads\/mini-succulents.jpg","type":"image\/jpeg"}],"twitter_card":"summary_large_image","twitter_misc":{"Gesch\u00e4tzte Lesezeit":"2 minutes"},"schema":{"@context":"https:\/\/schema.org","@graph":[{"@type":"WebPage","@id":"https:\/\/www.sunnyplants.com\/de\/shop\/mini-sukkulenten-mix-10-stecklinge","url":"https:\/\/www.sunnyplants.com\/de\/shop\/mini-sukkulenten-mix-10-stecklinge","name":"Mini Sukkulenten - Mix - 10 Stecklinge - Sunnyplants.com","isPartOf":{"@id":"https:\/\/www.sunnyplants.com\/de#website"},"primaryImageOfPage":{"@id":"https:\/\/www.sunnyplants.com\/de\/shop\/mini-sukkulenten-mix-10-stecklinge#primaryimage"},"image":{"@id":"https:\/\/www.sunnyplants.com\/de\/shop\/mini-sukkulenten-mix-10-stecklinge#primaryimage"},"thumbnailUrl":"https:\/\/www.sunnyplants.com\/wp-content\/uploads\/mini-succulents.jpg","datePublished":"2019-06-17T03:39:34+00:00","dateModified":"2026-04-01T06:55:17+00:00","description":"Sie erhalten 10 verschiedene Mini Sukkulenten in verschiedenen Gr\u00f6\u00dfen (1-2 cm) und Farben. Diese Mini Sukkulenten werden ohne Etikett geliefert und sorgf\u00e4ltig in Papiertuch verpackt. Die Sukkulenten Stecklinge sind nicht gewurzelt, wir senden Ihnen jedoch bewurzelte Baby Sukkulenten, wenn diese verf\u00fcgbar sind. Bewurzelung ist einfach und dauert in der Regel 2-3 Wochen.","breadcrumb":{"@id":"https:\/\/www.sunnyplants.com\/de\/shop\/mini-sukkulenten-mix-10-stecklinge#breadcrumb"},"inLanguage":"de-DE","potentialAction":[{"@type":"ReadAction","target":["https:\/\/www.sunnyplants.com\/de\/shop\/mini-sukkulenten-mix-10-stecklinge"]}]},{"@type":"ImageObject","inLanguage":"de-DE","@id":"https:\/\/www.sunnyplants.com\/de\/shop\/mini-sukkulenten-mix-10-stecklinge#primaryimage","url":"https:\/\/www.sunnyplants.com\/wp-content\/uploads\/mini-succulents.jpg","contentUrl":"https:\/\/www.sunnyplants.com\/wp-content\/uploads\/mini-succulents.jpg","width":900,"height":900},{"@type":"BreadcrumbList","@id":"https:\/\/www.sunnyplants.com\/de\/shop\/mini-sukkulenten-mix-10-stecklinge#breadcrumb","itemListElement":[{"@type":"ListItem","position":1,"name":"Home","item":"https:\/\/www.sunnyplants.com\/de\/sunnyplants-de"},{"@type":"ListItem","position":2,"name":"Shop","item":"https:\/\/www.sunnyplants.com\/de\/shop-2"},{"@type":"ListItem","position":3,"name":"Mini Sukkulenten &#8211; Mix &#8211; 10 Stecklinge"}]},{"@type":"WebSite","@id":"https:\/\/www.sunnyplants.com\/de#website","url":"https:\/\/www.sunnyplants.com\/de","name":"Sunnyplants.com","description":"Lithops, Conophytums and other Mesembs &amp; Succulents","potentialAction":[{"@type":"SearchAction","target":{"@type":"EntryPoint","urlTemplate":"https:\/\/www.sunnyplants.com\/de?s={search_term_string}"},"query-input":{"@type":"PropertyValueSpecification","valueRequired":true,"valueName":"search_term_string"}}],"inLanguage":"de-DE"}]}},"jetpack_sharing_enabled":true,"_links":{"self":[{"href":"https:\/\/www.sunnyplants.com\/de\/wp-json\/wp\/v2\/product\/19235","targetHints":{"allow":["GET"]}}],"collection":[{"href":"https:\/\/www.sunnyplants.com\/de\/wp-json\/wp\/v2\/product"}],"about":[{"href":"https:\/\/www.sunnyplants.com\/de\/wp-json\/wp\/v2\/types\/product"}],"replies":[{"embeddable":true,"href":"https:\/\/www.sunnyplants.com\/de\/wp-json\/wp\/v2\/comments?post=19235"}],"wp:featuredmedia":[{"embeddable":true,"href":"https:\/\/www.sunnyplants.com\/de\/wp-json\/wp\/v2\/media\/19207"}],"wp:attachment":[{"href":"https:\/\/www.sunnyplants.com\/de\/wp-json\/wp\/v2\/media?parent=19235"}],"wp:term":[{"taxonomy":"product_brand","embeddable":true,"href":"https:\/\/www.sunnyplants.com\/de\/wp-json\/wp\/v2\/product_brand?post=19235"},{"taxonomy":"product_cat","embeddable":true,"href":"https:\/\/www.sunnyplants.com\/de\/wp-json\/wp\/v2\/product_cat?post=19235"},{"taxonomy":"product_tag","embeddable":true,"href":"https:\/\/www.sunnyplants.com\/de\/wp-json\/wp\/v2\/product_tag?post=19235"}],"curies":[{"name":"wp","href":"https:\/\/api.w.org\/{rel}","templated":true}]}}