{"id":20842,"date":"2019-10-06T07:57:23","date_gmt":"2019-10-06T07:57:23","guid":{"rendered":"https:\/\/www.sunnyplants.com\/?post_type=product&#038;p=20842"},"modified":"2024-03-24T08:58:09","modified_gmt":"2024-03-24T08:58:09","slug":"echeveria-kollektion-5-pflanzen","status":"publish","type":"product","link":"https:\/\/www.sunnyplants.com\/de\/shop\/echeveria-kollektion-5-pflanzen","title":{"rendered":"Echeveria Kollektion &#8211; 5 Pflanzen"},"content":{"rendered":"<p>Echeveria Kollektion &#8211; 5 Pflanzen zum Verkauf. Sie erhalten zuf\u00e4llig ausgew\u00e4hlte Pflanzen, die markiert sind. Die Bilder sind ein Beispiel f\u00fcr Pflanzen, die man bekommen k\u00f6nnte. Alle unsere Pflanzen werden ohne Erde und Topf verschickt.<\/p>\n","protected":false},"excerpt":{"rendered":"<p>Echeveria Kollektion &#8211; 5 Pflanzen<\/p>\n","protected":false},"featured_media":21983,"comment_status":"open","ping_status":"closed","template":"","meta":[],"product_brand":[],"product_cat":[271,286,234,241],"product_tag":[944],"class_list":{"0":"post-20842","1":"product","2":"type-product","3":"status-publish","4":"has-post-thumbnail","6":"product_cat-echeveria-pflanzen","7":"product_cat-kollektionen","8":"product_cat-pflanzen","9":"product_cat-sukkulenten","10":"product_tag-sukkulenten","11":"product_shipping_class-plants-collections-de","12":"pa_product-type-pflanzen","13":"pa_quantity-5-pflanzen","14":"pa_size-3-6-cm-de","16":"first","17":"outofstock","18":"taxable","19":"shipping-taxable","20":"purchasable","21":"product-type-simple"},"yoast_head":"<!-- This site is optimized with the Yoast SEO plugin v27.4 - https:\/\/yoast.com\/product\/yoast-seo-wordpress\/ -->\n<title>Echeveria Kollektion - 5 Pflanzen - Sunnyplants.com<\/title>\n<meta name=\"description\" content=\"Echeveria Kollektion - 5 Pflanzen\" \/>\n<meta name=\"robots\" content=\"index, follow, max-snippet:-1, max-image-preview:large, max-video-preview:-1\" \/>\n<link rel=\"canonical\" href=\"https:\/\/www.sunnyplants.com\/de\/shop\/echeveria-kollektion-5-pflanzen\" \/>\n<meta property=\"og:locale\" content=\"de_DE\" \/>\n<meta property=\"og:type\" content=\"article\" \/>\n<meta property=\"og:title\" content=\"Echeveria Kollektion - 5 Pflanzen - Sunnyplants.com\" \/>\n<meta property=\"og:description\" content=\"Echeveria Kollektion - 5 Pflanzen\" \/>\n<meta property=\"og:url\" content=\"https:\/\/www.sunnyplants.com\/de\/shop\/echeveria-kollektion-5-pflanzen\" \/>\n<meta property=\"og:site_name\" content=\"Sunnyplants.com\" \/>\n<meta property=\"article:publisher\" content=\"https:\/\/nl-nl.facebook.com\/pages\/category\/Internet-Company\/Sunnyplantscom-1835401900058481\/\" \/>\n<meta property=\"article:modified_time\" content=\"2024-03-24T08:58:09+00:00\" \/>\n<meta property=\"og:image\" content=\"https:\/\/www.sunnyplants.com\/wp-content\/uploads\/echeveria-collection.jpg\" \/>\n\t<meta property=\"og:image:width\" content=\"900\" \/>\n\t<meta property=\"og:image:height\" content=\"900\" \/>\n\t<meta property=\"og:image:type\" content=\"image\/jpeg\" \/>\n<meta name=\"twitter:card\" content=\"summary_large_image\" \/>\n<script type=\"application\/ld+json\" class=\"yoast-schema-graph\">{\"@context\":\"https:\\\/\\\/schema.org\",\"@graph\":[{\"@type\":\"WebPage\",\"@id\":\"https:\\\/\\\/www.sunnyplants.com\\\/de\\\/shop\\\/echeveria-kollektion-5-pflanzen\",\"url\":\"https:\\\/\\\/www.sunnyplants.com\\\/de\\\/shop\\\/echeveria-kollektion-5-pflanzen\",\"name\":\"Echeveria Kollektion - 5 Pflanzen - Sunnyplants.com\",\"isPartOf\":{\"@id\":\"https:\\\/\\\/www.sunnyplants.com\\\/de#website\"},\"primaryImageOfPage\":{\"@id\":\"https:\\\/\\\/www.sunnyplants.com\\\/de\\\/shop\\\/echeveria-kollektion-5-pflanzen#primaryimage\"},\"image\":{\"@id\":\"https:\\\/\\\/www.sunnyplants.com\\\/de\\\/shop\\\/echeveria-kollektion-5-pflanzen#primaryimage\"},\"thumbnailUrl\":\"https:\\\/\\\/www.sunnyplants.com\\\/wp-content\\\/uploads\\\/echeveria-collection.jpg\",\"datePublished\":\"2019-10-06T07:57:23+00:00\",\"dateModified\":\"2024-03-24T08:58:09+00:00\",\"description\":\"Echeveria Kollektion - 5 Pflanzen\",\"breadcrumb\":{\"@id\":\"https:\\\/\\\/www.sunnyplants.com\\\/de\\\/shop\\\/echeveria-kollektion-5-pflanzen#breadcrumb\"},\"inLanguage\":\"de-DE\",\"potentialAction\":[{\"@type\":\"ReadAction\",\"target\":[\"https:\\\/\\\/www.sunnyplants.com\\\/de\\\/shop\\\/echeveria-kollektion-5-pflanzen\"]}]},{\"@type\":\"ImageObject\",\"inLanguage\":\"de-DE\",\"@id\":\"https:\\\/\\\/www.sunnyplants.com\\\/de\\\/shop\\\/echeveria-kollektion-5-pflanzen#primaryimage\",\"url\":\"https:\\\/\\\/www.sunnyplants.com\\\/wp-content\\\/uploads\\\/echeveria-collection.jpg\",\"contentUrl\":\"https:\\\/\\\/www.sunnyplants.com\\\/wp-content\\\/uploads\\\/echeveria-collection.jpg\",\"width\":900,\"height\":900},{\"@type\":\"BreadcrumbList\",\"@id\":\"https:\\\/\\\/www.sunnyplants.com\\\/de\\\/shop\\\/echeveria-kollektion-5-pflanzen#breadcrumb\",\"itemListElement\":[{\"@type\":\"ListItem\",\"position\":1,\"name\":\"Home\",\"item\":\"https:\\\/\\\/www.sunnyplants.com\\\/de\\\/sunnyplants-de\"},{\"@type\":\"ListItem\",\"position\":2,\"name\":\"Shop\",\"item\":\"https:\\\/\\\/www.sunnyplants.com\\\/de\\\/shop-2\"},{\"@type\":\"ListItem\",\"position\":3,\"name\":\"Echeveria Kollektion &#8211; 5 Pflanzen\"}]},{\"@type\":\"WebSite\",\"@id\":\"https:\\\/\\\/www.sunnyplants.com\\\/de#website\",\"url\":\"https:\\\/\\\/www.sunnyplants.com\\\/de\",\"name\":\"Sunnyplants.com\",\"description\":\"Lithops, Conophytums and other Mesembs &amp; Succulents\",\"potentialAction\":[{\"@type\":\"SearchAction\",\"target\":{\"@type\":\"EntryPoint\",\"urlTemplate\":\"https:\\\/\\\/www.sunnyplants.com\\\/de?s={search_term_string}\"},\"query-input\":{\"@type\":\"PropertyValueSpecification\",\"valueRequired\":true,\"valueName\":\"search_term_string\"}}],\"inLanguage\":\"de-DE\"}]}<\/script>\n<!-- \/ Yoast SEO plugin. -->","yoast_head_json":{"title":"Echeveria Kollektion - 5 Pflanzen - Sunnyplants.com","description":"Echeveria Kollektion - 5 Pflanzen","robots":{"index":"index","follow":"follow","max-snippet":"max-snippet:-1","max-image-preview":"max-image-preview:large","max-video-preview":"max-video-preview:-1"},"canonical":"https:\/\/www.sunnyplants.com\/de\/shop\/echeveria-kollektion-5-pflanzen","og_locale":"de_DE","og_type":"article","og_title":"Echeveria Kollektion - 5 Pflanzen - Sunnyplants.com","og_description":"Echeveria Kollektion - 5 Pflanzen","og_url":"https:\/\/www.sunnyplants.com\/de\/shop\/echeveria-kollektion-5-pflanzen","og_site_name":"Sunnyplants.com","article_publisher":"https:\/\/nl-nl.facebook.com\/pages\/category\/Internet-Company\/Sunnyplantscom-1835401900058481\/","article_modified_time":"2024-03-24T08:58:09+00:00","og_image":[{"width":900,"height":900,"url":"https:\/\/www.sunnyplants.com\/wp-content\/uploads\/echeveria-collection.jpg","type":"image\/jpeg"}],"twitter_card":"summary_large_image","schema":{"@context":"https:\/\/schema.org","@graph":[{"@type":"WebPage","@id":"https:\/\/www.sunnyplants.com\/de\/shop\/echeveria-kollektion-5-pflanzen","url":"https:\/\/www.sunnyplants.com\/de\/shop\/echeveria-kollektion-5-pflanzen","name":"Echeveria Kollektion - 5 Pflanzen - Sunnyplants.com","isPartOf":{"@id":"https:\/\/www.sunnyplants.com\/de#website"},"primaryImageOfPage":{"@id":"https:\/\/www.sunnyplants.com\/de\/shop\/echeveria-kollektion-5-pflanzen#primaryimage"},"image":{"@id":"https:\/\/www.sunnyplants.com\/de\/shop\/echeveria-kollektion-5-pflanzen#primaryimage"},"thumbnailUrl":"https:\/\/www.sunnyplants.com\/wp-content\/uploads\/echeveria-collection.jpg","datePublished":"2019-10-06T07:57:23+00:00","dateModified":"2024-03-24T08:58:09+00:00","description":"Echeveria Kollektion - 5 Pflanzen","breadcrumb":{"@id":"https:\/\/www.sunnyplants.com\/de\/shop\/echeveria-kollektion-5-pflanzen#breadcrumb"},"inLanguage":"de-DE","potentialAction":[{"@type":"ReadAction","target":["https:\/\/www.sunnyplants.com\/de\/shop\/echeveria-kollektion-5-pflanzen"]}]},{"@type":"ImageObject","inLanguage":"de-DE","@id":"https:\/\/www.sunnyplants.com\/de\/shop\/echeveria-kollektion-5-pflanzen#primaryimage","url":"https:\/\/www.sunnyplants.com\/wp-content\/uploads\/echeveria-collection.jpg","contentUrl":"https:\/\/www.sunnyplants.com\/wp-content\/uploads\/echeveria-collection.jpg","width":900,"height":900},{"@type":"BreadcrumbList","@id":"https:\/\/www.sunnyplants.com\/de\/shop\/echeveria-kollektion-5-pflanzen#breadcrumb","itemListElement":[{"@type":"ListItem","position":1,"name":"Home","item":"https:\/\/www.sunnyplants.com\/de\/sunnyplants-de"},{"@type":"ListItem","position":2,"name":"Shop","item":"https:\/\/www.sunnyplants.com\/de\/shop-2"},{"@type":"ListItem","position":3,"name":"Echeveria Kollektion &#8211; 5 Pflanzen"}]},{"@type":"WebSite","@id":"https:\/\/www.sunnyplants.com\/de#website","url":"https:\/\/www.sunnyplants.com\/de","name":"Sunnyplants.com","description":"Lithops, Conophytums and other Mesembs &amp; Succulents","potentialAction":[{"@type":"SearchAction","target":{"@type":"EntryPoint","urlTemplate":"https:\/\/www.sunnyplants.com\/de?s={search_term_string}"},"query-input":{"@type":"PropertyValueSpecification","valueRequired":true,"valueName":"search_term_string"}}],"inLanguage":"de-DE"}]}},"jetpack_sharing_enabled":true,"_links":{"self":[{"href":"https:\/\/www.sunnyplants.com\/de\/wp-json\/wp\/v2\/product\/20842","targetHints":{"allow":["GET"]}}],"collection":[{"href":"https:\/\/www.sunnyplants.com\/de\/wp-json\/wp\/v2\/product"}],"about":[{"href":"https:\/\/www.sunnyplants.com\/de\/wp-json\/wp\/v2\/types\/product"}],"replies":[{"embeddable":true,"href":"https:\/\/www.sunnyplants.com\/de\/wp-json\/wp\/v2\/comments?post=20842"}],"wp:featuredmedia":[{"embeddable":true,"href":"https:\/\/www.sunnyplants.com\/de\/wp-json\/wp\/v2\/media\/21983"}],"wp:attachment":[{"href":"https:\/\/www.sunnyplants.com\/de\/wp-json\/wp\/v2\/media?parent=20842"}],"wp:term":[{"taxonomy":"product_brand","embeddable":true,"href":"https:\/\/www.sunnyplants.com\/de\/wp-json\/wp\/v2\/product_brand?post=20842"},{"taxonomy":"product_cat","embeddable":true,"href":"https:\/\/www.sunnyplants.com\/de\/wp-json\/wp\/v2\/product_cat?post=20842"},{"taxonomy":"product_tag","embeddable":true,"href":"https:\/\/www.sunnyplants.com\/de\/wp-json\/wp\/v2\/product_tag?post=20842"}],"curies":[{"name":"wp","href":"https:\/\/api.w.org\/{rel}","templated":true}]}}