{"id":21562,"date":"2019-12-07T17:16:58","date_gmt":"2019-11-22T14:17:58","guid":{"rendered":"https:\/\/www.sunnyplants.com\/?post_type=product&#038;p=21562"},"modified":"2024-03-06T16:24:16","modified_gmt":"2024-03-06T16:24:16","slug":"handgemachte-mini-tontopfe-sukkulenten","status":"publish","type":"product","link":"https:\/\/www.sunnyplants.com\/de\/shop\/handgemachte-mini-tontopfe-sukkulenten","title":{"rendered":"Handgemachte Mini Tont\u00f6pfe f\u00fcr Sukkulenten"},"content":{"rendered":"<p>Diese sch\u00f6nen und feel-good Mini Sukkulenten T\u00f6pfe sind aus Ton. Sie sind handgemacht und von Hand bemalt. Der visuelle Effekt ist gro\u00dfartig in Kombination mit einem sch\u00f6nen kleinen Sukkulenten oder Kaktus. Die T\u00f6pfe gibt es in verschiedenen Farben und Formen. Jeder Topf sieht etwas anders aus. Sie haben eine Breite von 3,5 &#8211; 5 cm und eine H\u00f6he von 3,5 &#8211; 5,5 cm. Die Tont\u00f6pfe haben jeweils ein Ablaufloch von ca. 1 cm Durchmesser. Sie k\u00f6nnen ein St\u00fcck Kaffeefilter, Papier oder ein Tuch verwenden, um die Ablaufl\u00f6cher zu bedecken. Auf diese Weise kann das Wasser durchdringen und der Sukkulenten Boden bleibt im Topf.<\/p>\n","protected":false},"excerpt":{"rendered":"<p>S\u00fc\u00dfe handgemachte Mini Tont\u00f6pfe speziell f\u00fcr Sukkulenten und Kakteen. Die T\u00f6pfe haben Drainagel\u00f6cher und sind in verschiedenen Farben und Formen erh\u00e4ltlich. Die Gr\u00f6\u00dfen sind <strong>ungef\u00e4hr 3,5 cm &#8211; 5 cm breit und 3,5 cm &#8211; 5,5 cm hoch<\/strong>. Bitte beachten Sie, dass die tats\u00e4chlichen Farben der T\u00f6pfe leicht variieren k\u00f6nnen, da sie von Hand bemalt werden (auch die Farbdarstellung der Computermonitore ist unterschiedlich). Pflanzen sind nicht enthalten.<\/p>\n","protected":false},"featured_media":21422,"comment_status":"open","ping_status":"closed","template":"","meta":[],"product_brand":[],"product_cat":[283,249,246,234,278,241,347,1546,1584,1361],"product_tag":[],"class_list":{"0":"post-21562","1":"product","2":"type-product","3":"status-publish","4":"has-post-thumbnail","6":"product_cat-kaktus-stecklinge","7":"product_cat-knollen-caudexpflanzen","8":"product_cat-lithops-lebende-steine","9":"product_cat-pflanzen","10":"product_cat-stecklinge","11":"product_cat-sukkulenten","12":"product_cat-sukkulenten-stecklinge","13":"product_cat-kakteen-sukkulenten-topfe","14":"product_cat-winterharte-sukkulenten","15":"product_cat-zubehoer","16":"product_shipping_class-plants-collections-de","18":"first","19":"outofstock","20":"sold-individually","21":"taxable","22":"shipping-taxable","23":"purchasable","24":"product-type-variable"},"yoast_head":"<!-- This site is optimized with the Yoast SEO plugin v27.6 - https:\/\/yoast.com\/product\/yoast-seo-wordpress\/ -->\n<title>Handgemachte Mini Tont\u00f6pfe f\u00fcr Sukkulenten - Sunnyplants.com<\/title>\n<meta name=\"description\" content=\"S\u00fc\u00dfe handgemachte Mini Tont\u00f6pfe speziell f\u00fcr Sukkulenten und Kakteen. Die T\u00f6pfe haben Drainagel\u00f6cher und sind in verschiedenen Farben und Formen erh\u00e4ltlich.\" \/>\n<meta name=\"robots\" content=\"index, follow, max-snippet:-1, max-image-preview:large, max-video-preview:-1\" \/>\n<link rel=\"canonical\" href=\"https:\/\/www.sunnyplants.com\/de\/shop\/handgemachte-mini-tontopfe-sukkulenten\" \/>\n<meta property=\"og:locale\" content=\"de_DE\" \/>\n<meta property=\"og:type\" content=\"article\" \/>\n<meta property=\"og:title\" content=\"Handgemachte Mini Tont\u00f6pfe f\u00fcr Sukkulenten - Sunnyplants.com\" \/>\n<meta property=\"og:description\" content=\"S\u00fc\u00dfe handgemachte Mini Tont\u00f6pfe speziell f\u00fcr Sukkulenten und Kakteen. Die T\u00f6pfe haben Drainagel\u00f6cher und sind in verschiedenen Farben und Formen erh\u00e4ltlich.\" \/>\n<meta property=\"og:url\" content=\"https:\/\/www.sunnyplants.com\/de\/shop\/handgemachte-mini-tontopfe-sukkulenten\" \/>\n<meta property=\"og:site_name\" content=\"Sunnyplants.com\" \/>\n<meta property=\"article:publisher\" content=\"https:\/\/nl-nl.facebook.com\/pages\/category\/Internet-Company\/Sunnyplantscom-1835401900058481\/\" \/>\n<meta property=\"article:modified_time\" content=\"2024-03-06T16:24:16+00:00\" \/>\n<meta property=\"og:image\" content=\"https:\/\/www.sunnyplants.com\/wp-content\/uploads\/succulent-pots-4.jpg\" \/>\n\t<meta property=\"og:image:width\" content=\"900\" \/>\n\t<meta property=\"og:image:height\" content=\"900\" \/>\n\t<meta property=\"og:image:type\" content=\"image\/jpeg\" \/>\n<meta name=\"twitter:card\" content=\"summary_large_image\" \/>\n<meta name=\"twitter:label1\" content=\"Gesch\u00e4tzte Lesezeit\" \/>\n\t<meta name=\"twitter:data1\" content=\"1 minute\" \/>\n<script type=\"application\/ld+json\" class=\"yoast-schema-graph\">{\"@context\":\"https:\\\/\\\/schema.org\",\"@graph\":[{\"@type\":\"WebPage\",\"@id\":\"https:\\\/\\\/www.sunnyplants.com\\\/de\\\/shop\\\/handgemachte-mini-tontopfe-sukkulenten\",\"url\":\"https:\\\/\\\/www.sunnyplants.com\\\/de\\\/shop\\\/handgemachte-mini-tontopfe-sukkulenten\",\"name\":\"Handgemachte Mini Tont\u00f6pfe f\u00fcr Sukkulenten - Sunnyplants.com\",\"isPartOf\":{\"@id\":\"https:\\\/\\\/www.sunnyplants.com\\\/de#website\"},\"primaryImageOfPage\":{\"@id\":\"https:\\\/\\\/www.sunnyplants.com\\\/de\\\/shop\\\/handgemachte-mini-tontopfe-sukkulenten#primaryimage\"},\"image\":{\"@id\":\"https:\\\/\\\/www.sunnyplants.com\\\/de\\\/shop\\\/handgemachte-mini-tontopfe-sukkulenten#primaryimage\"},\"thumbnailUrl\":\"https:\\\/\\\/www.sunnyplants.com\\\/wp-content\\\/uploads\\\/succulent-pots-4.jpg\",\"datePublished\":\"2019-11-22T14:17:58+00:00\",\"dateModified\":\"2024-03-06T16:24:16+00:00\",\"description\":\"S\u00fc\u00dfe handgemachte Mini Tont\u00f6pfe speziell f\u00fcr Sukkulenten und Kakteen. Die T\u00f6pfe haben Drainagel\u00f6cher und sind in verschiedenen Farben und Formen erh\u00e4ltlich.\",\"breadcrumb\":{\"@id\":\"https:\\\/\\\/www.sunnyplants.com\\\/de\\\/shop\\\/handgemachte-mini-tontopfe-sukkulenten#breadcrumb\"},\"inLanguage\":\"de-DE\",\"potentialAction\":[{\"@type\":\"ReadAction\",\"target\":[\"https:\\\/\\\/www.sunnyplants.com\\\/de\\\/shop\\\/handgemachte-mini-tontopfe-sukkulenten\"]}]},{\"@type\":\"ImageObject\",\"inLanguage\":\"de-DE\",\"@id\":\"https:\\\/\\\/www.sunnyplants.com\\\/de\\\/shop\\\/handgemachte-mini-tontopfe-sukkulenten#primaryimage\",\"url\":\"https:\\\/\\\/www.sunnyplants.com\\\/wp-content\\\/uploads\\\/succulent-pots-4.jpg\",\"contentUrl\":\"https:\\\/\\\/www.sunnyplants.com\\\/wp-content\\\/uploads\\\/succulent-pots-4.jpg\",\"width\":900,\"height\":900},{\"@type\":\"BreadcrumbList\",\"@id\":\"https:\\\/\\\/www.sunnyplants.com\\\/de\\\/shop\\\/handgemachte-mini-tontopfe-sukkulenten#breadcrumb\",\"itemListElement\":[{\"@type\":\"ListItem\",\"position\":1,\"name\":\"Home\",\"item\":\"https:\\\/\\\/www.sunnyplants.com\\\/de\\\/sunnyplants-de\"},{\"@type\":\"ListItem\",\"position\":2,\"name\":\"Shop\",\"item\":\"https:\\\/\\\/www.sunnyplants.com\\\/de\\\/shop-2\"},{\"@type\":\"ListItem\",\"position\":3,\"name\":\"Handgemachte Mini Tont\u00f6pfe f\u00fcr Sukkulenten\"}]},{\"@type\":\"WebSite\",\"@id\":\"https:\\\/\\\/www.sunnyplants.com\\\/de#website\",\"url\":\"https:\\\/\\\/www.sunnyplants.com\\\/de\",\"name\":\"Sunnyplants.com\",\"description\":\"Lithops, Conophytums and other Mesembs &amp; Succulents\",\"potentialAction\":[{\"@type\":\"SearchAction\",\"target\":{\"@type\":\"EntryPoint\",\"urlTemplate\":\"https:\\\/\\\/www.sunnyplants.com\\\/de?s={search_term_string}\"},\"query-input\":{\"@type\":\"PropertyValueSpecification\",\"valueRequired\":true,\"valueName\":\"search_term_string\"}}],\"inLanguage\":\"de-DE\"}]}<\/script>\n<!-- \/ Yoast SEO plugin. -->","yoast_head_json":{"title":"Handgemachte Mini Tont\u00f6pfe f\u00fcr Sukkulenten - Sunnyplants.com","description":"S\u00fc\u00dfe handgemachte Mini Tont\u00f6pfe speziell f\u00fcr Sukkulenten und Kakteen. Die T\u00f6pfe haben Drainagel\u00f6cher und sind in verschiedenen Farben und Formen erh\u00e4ltlich.","robots":{"index":"index","follow":"follow","max-snippet":"max-snippet:-1","max-image-preview":"max-image-preview:large","max-video-preview":"max-video-preview:-1"},"canonical":"https:\/\/www.sunnyplants.com\/de\/shop\/handgemachte-mini-tontopfe-sukkulenten","og_locale":"de_DE","og_type":"article","og_title":"Handgemachte Mini Tont\u00f6pfe f\u00fcr Sukkulenten - Sunnyplants.com","og_description":"S\u00fc\u00dfe handgemachte Mini Tont\u00f6pfe speziell f\u00fcr Sukkulenten und Kakteen. Die T\u00f6pfe haben Drainagel\u00f6cher und sind in verschiedenen Farben und Formen erh\u00e4ltlich.","og_url":"https:\/\/www.sunnyplants.com\/de\/shop\/handgemachte-mini-tontopfe-sukkulenten","og_site_name":"Sunnyplants.com","article_publisher":"https:\/\/nl-nl.facebook.com\/pages\/category\/Internet-Company\/Sunnyplantscom-1835401900058481\/","article_modified_time":"2024-03-06T16:24:16+00:00","og_image":[{"width":900,"height":900,"url":"https:\/\/www.sunnyplants.com\/wp-content\/uploads\/succulent-pots-4.jpg","type":"image\/jpeg"}],"twitter_card":"summary_large_image","twitter_misc":{"Gesch\u00e4tzte Lesezeit":"1 minute"},"schema":{"@context":"https:\/\/schema.org","@graph":[{"@type":"WebPage","@id":"https:\/\/www.sunnyplants.com\/de\/shop\/handgemachte-mini-tontopfe-sukkulenten","url":"https:\/\/www.sunnyplants.com\/de\/shop\/handgemachte-mini-tontopfe-sukkulenten","name":"Handgemachte Mini Tont\u00f6pfe f\u00fcr Sukkulenten - Sunnyplants.com","isPartOf":{"@id":"https:\/\/www.sunnyplants.com\/de#website"},"primaryImageOfPage":{"@id":"https:\/\/www.sunnyplants.com\/de\/shop\/handgemachte-mini-tontopfe-sukkulenten#primaryimage"},"image":{"@id":"https:\/\/www.sunnyplants.com\/de\/shop\/handgemachte-mini-tontopfe-sukkulenten#primaryimage"},"thumbnailUrl":"https:\/\/www.sunnyplants.com\/wp-content\/uploads\/succulent-pots-4.jpg","datePublished":"2019-11-22T14:17:58+00:00","dateModified":"2024-03-06T16:24:16+00:00","description":"S\u00fc\u00dfe handgemachte Mini Tont\u00f6pfe speziell f\u00fcr Sukkulenten und Kakteen. Die T\u00f6pfe haben Drainagel\u00f6cher und sind in verschiedenen Farben und Formen erh\u00e4ltlich.","breadcrumb":{"@id":"https:\/\/www.sunnyplants.com\/de\/shop\/handgemachte-mini-tontopfe-sukkulenten#breadcrumb"},"inLanguage":"de-DE","potentialAction":[{"@type":"ReadAction","target":["https:\/\/www.sunnyplants.com\/de\/shop\/handgemachte-mini-tontopfe-sukkulenten"]}]},{"@type":"ImageObject","inLanguage":"de-DE","@id":"https:\/\/www.sunnyplants.com\/de\/shop\/handgemachte-mini-tontopfe-sukkulenten#primaryimage","url":"https:\/\/www.sunnyplants.com\/wp-content\/uploads\/succulent-pots-4.jpg","contentUrl":"https:\/\/www.sunnyplants.com\/wp-content\/uploads\/succulent-pots-4.jpg","width":900,"height":900},{"@type":"BreadcrumbList","@id":"https:\/\/www.sunnyplants.com\/de\/shop\/handgemachte-mini-tontopfe-sukkulenten#breadcrumb","itemListElement":[{"@type":"ListItem","position":1,"name":"Home","item":"https:\/\/www.sunnyplants.com\/de\/sunnyplants-de"},{"@type":"ListItem","position":2,"name":"Shop","item":"https:\/\/www.sunnyplants.com\/de\/shop-2"},{"@type":"ListItem","position":3,"name":"Handgemachte Mini Tont\u00f6pfe f\u00fcr Sukkulenten"}]},{"@type":"WebSite","@id":"https:\/\/www.sunnyplants.com\/de#website","url":"https:\/\/www.sunnyplants.com\/de","name":"Sunnyplants.com","description":"Lithops, Conophytums and other Mesembs &amp; Succulents","potentialAction":[{"@type":"SearchAction","target":{"@type":"EntryPoint","urlTemplate":"https:\/\/www.sunnyplants.com\/de?s={search_term_string}"},"query-input":{"@type":"PropertyValueSpecification","valueRequired":true,"valueName":"search_term_string"}}],"inLanguage":"de-DE"}]}},"jetpack_sharing_enabled":true,"_links":{"self":[{"href":"https:\/\/www.sunnyplants.com\/de\/wp-json\/wp\/v2\/product\/21562","targetHints":{"allow":["GET"]}}],"collection":[{"href":"https:\/\/www.sunnyplants.com\/de\/wp-json\/wp\/v2\/product"}],"about":[{"href":"https:\/\/www.sunnyplants.com\/de\/wp-json\/wp\/v2\/types\/product"}],"replies":[{"embeddable":true,"href":"https:\/\/www.sunnyplants.com\/de\/wp-json\/wp\/v2\/comments?post=21562"}],"wp:featuredmedia":[{"embeddable":true,"href":"https:\/\/www.sunnyplants.com\/de\/wp-json\/wp\/v2\/media\/21422"}],"wp:attachment":[{"href":"https:\/\/www.sunnyplants.com\/de\/wp-json\/wp\/v2\/media?parent=21562"}],"wp:term":[{"taxonomy":"product_brand","embeddable":true,"href":"https:\/\/www.sunnyplants.com\/de\/wp-json\/wp\/v2\/product_brand?post=21562"},{"taxonomy":"product_cat","embeddable":true,"href":"https:\/\/www.sunnyplants.com\/de\/wp-json\/wp\/v2\/product_cat?post=21562"},{"taxonomy":"product_tag","embeddable":true,"href":"https:\/\/www.sunnyplants.com\/de\/wp-json\/wp\/v2\/product_tag?post=21562"}],"curies":[{"name":"wp","href":"https:\/\/api.w.org\/{rel}","templated":true}]}}