{"id":21890,"date":"2024-11-22T12:46:49","date_gmt":"2019-12-08T12:46:49","guid":{"rendered":"https:\/\/www.sunnyplants.com\/?post_type=product&#038;p=21890"},"modified":"2025-01-31T07:30:42","modified_gmt":"2025-01-31T07:30:42","slug":"peperomia-prostrata-schildkroten-auf-schnur-stecklinge","status":"publish","type":"product","link":"https:\/\/www.sunnyplants.com\/de\/shop\/peperomia-prostrata-schildkroten-auf-schnur-stecklinge","title":{"rendered":"Peperomia prostrata &#8211; Schildkr\u00f6ten auf Schnur &#8211; Stecklinge"},"content":{"rendered":"<p>Peperomia prostrata &#8211; Schildkr\u00f6ten auf Schnur &#8211; Stecklinge zum Verkauf. Sie erhalten 2 unbewurzelte Stecklinge von ca. 4-6 cm. Sie wurzeln schnell und Peperomia prostrata eignet sich hervorragend als nachlaufende oder h\u00e4ngende Zimmerpflanze.<\/p>\n","protected":false},"excerpt":{"rendered":"<p>Peperomia prostrata, auch Schildkr\u00f6ten auf Schnur genannt, ist eine s\u00fc\u00dfe H\u00e4ngepflanze, die in S\u00fcdamerika heimisch ist. Die Oberseite der Bl\u00e4tter \u00e4hnelt den Schilden winziger Schildkr\u00f6ten. Sie erhalten 2 nicht gewurzelde Stecklinge (sofern verf\u00fcgbar, werden gewurzelde Stecklinge verschickt). Sie wurzeln leicht, indem sie flach auf leicht feuchte Erde gelegt werden. Halten Sie sie warm und geben Sie helles, aber indirektes Licht. Bespr\u00fchen Sie die Stecklinge von Zeit zu Zeit mit etwas Wasser, um Austrocknung zu verhindern, bis sie Wurzeln haben. Die Wurzelbildung dauert in der Regel 2-3 Wochen. Bewurzelte Pflanzen m\u00fcssen Wasser haben, wenn sie fast trocken sind.<\/p>\n","protected":false},"featured_media":21897,"comment_status":"open","ping_status":"closed","template":"","meta":[],"product_brand":[],"product_cat":[1675,234,278,347,1835],"product_tag":[835,854,843,834],"class_list":{"0":"post-21890","1":"product","2":"type-product","3":"status-publish","4":"has-post-thumbnail","6":"product_cat-peperomia-stecklinge","7":"product_cat-pflanzen","8":"product_cat-stecklinge","9":"product_cat-sukkulenten-stecklinge","10":"product_cat-tropische-pflanzen","11":"product_tag-dschungelpflanzen","12":"product_tag-stammstecklinge","13":"product_tag-stecklinge","14":"product_tag-zimmerpflanzen","15":"product_shipping_class-cuttings-small-plants-de","16":"pa_family-piperaceae-de","17":"pa_leaf-color-braun","18":"pa_leaf-color-gruen","19":"pa_product-type-stammstecklinge","20":"pa_quantity-1-pflanze","21":"pa_size-4-6-cm-de","23":"first","24":"outofstock","25":"taxable","26":"shipping-taxable","27":"purchasable","28":"product-type-simple"},"yoast_head":"<!-- This site is optimized with the Yoast SEO plugin v27.5 - https:\/\/yoast.com\/product\/yoast-seo-wordpress\/ -->\n<title>Peperomia prostrata - Schildkr\u00f6ten auf Schnur - Stecklinge - Sunnyplants.com<\/title>\n<meta name=\"description\" content=\"Peperomia prostrata, auch Schildkr\u00f6ten auf Schnur genannt, ist eine s\u00fc\u00dfe H\u00e4ngepflanze, die in S\u00fcdamerika heimisch ist. Die Oberseite der Bl\u00e4tter \u00e4hnelt den Schilden winziger Schildkr\u00f6ten. Sie erhalten 2 nicht gewurzelde Stecklinge (sofern verf\u00fcgbar, werden gewurzelde Stecklinge verschickt). Sie wurzeln leicht, indem sie flach auf leicht feuchte Erde gelegt werden. Halten Sie sie warm und geben Sie helles, aber indirektes Licht. Bespr\u00fchen Sie die Stecklinge von Zeit zu Zeit mit etwas Wasser, um Austrocknung zu verhindern, bis sie Wurzeln haben. Die Wurzelbildung dauert in der Regel 2-3 Wochen. Bewurzelte Pflanzen m\u00fcssen Wasser haben, wenn sie fast trocken sind.\" \/>\n<meta name=\"robots\" content=\"index, follow, max-snippet:-1, max-image-preview:large, max-video-preview:-1\" \/>\n<link rel=\"canonical\" href=\"https:\/\/www.sunnyplants.com\/de\/shop\/peperomia-prostrata-schildkroten-auf-schnur-stecklinge\" \/>\n<meta property=\"og:locale\" content=\"de_DE\" \/>\n<meta property=\"og:type\" content=\"article\" \/>\n<meta property=\"og:title\" content=\"Peperomia prostrata - Schildkr\u00f6ten auf Schnur - Stecklinge - Sunnyplants.com\" \/>\n<meta property=\"og:description\" content=\"Peperomia prostrata, auch Schildkr\u00f6ten auf Schnur genannt, ist eine s\u00fc\u00dfe H\u00e4ngepflanze, die in S\u00fcdamerika heimisch ist. Die Oberseite der Bl\u00e4tter \u00e4hnelt den Schilden winziger Schildkr\u00f6ten. Sie erhalten 2 nicht gewurzelde Stecklinge (sofern verf\u00fcgbar, werden gewurzelde Stecklinge verschickt). Sie wurzeln leicht, indem sie flach auf leicht feuchte Erde gelegt werden. Halten Sie sie warm und geben Sie helles, aber indirektes Licht. Bespr\u00fchen Sie die Stecklinge von Zeit zu Zeit mit etwas Wasser, um Austrocknung zu verhindern, bis sie Wurzeln haben. Die Wurzelbildung dauert in der Regel 2-3 Wochen. Bewurzelte Pflanzen m\u00fcssen Wasser haben, wenn sie fast trocken sind.\" \/>\n<meta property=\"og:url\" content=\"https:\/\/www.sunnyplants.com\/de\/shop\/peperomia-prostrata-schildkroten-auf-schnur-stecklinge\" \/>\n<meta property=\"og:site_name\" content=\"Sunnyplants.com\" \/>\n<meta property=\"article:publisher\" content=\"https:\/\/nl-nl.facebook.com\/pages\/category\/Internet-Company\/Sunnyplantscom-1835401900058481\/\" \/>\n<meta property=\"article:modified_time\" content=\"2025-01-31T07:30:42+00:00\" \/>\n<meta property=\"og:image\" content=\"https:\/\/www.sunnyplants.com\/wp-content\/uploads\/peperomia-prostrata.jpg\" \/>\n\t<meta property=\"og:image:width\" content=\"900\" \/>\n\t<meta property=\"og:image:height\" content=\"900\" \/>\n\t<meta property=\"og:image:type\" content=\"image\/jpeg\" \/>\n<meta name=\"twitter:card\" content=\"summary_large_image\" \/>\n<script type=\"application\/ld+json\" class=\"yoast-schema-graph\">{\"@context\":\"https:\\\/\\\/schema.org\",\"@graph\":[{\"@type\":\"WebPage\",\"@id\":\"https:\\\/\\\/www.sunnyplants.com\\\/de\\\/shop\\\/peperomia-prostrata-schildkroten-auf-schnur-stecklinge\",\"url\":\"https:\\\/\\\/www.sunnyplants.com\\\/de\\\/shop\\\/peperomia-prostrata-schildkroten-auf-schnur-stecklinge\",\"name\":\"Peperomia prostrata - Schildkr\u00f6ten auf Schnur - Stecklinge - Sunnyplants.com\",\"isPartOf\":{\"@id\":\"https:\\\/\\\/www.sunnyplants.com\\\/de#website\"},\"primaryImageOfPage\":{\"@id\":\"https:\\\/\\\/www.sunnyplants.com\\\/de\\\/shop\\\/peperomia-prostrata-schildkroten-auf-schnur-stecklinge#primaryimage\"},\"image\":{\"@id\":\"https:\\\/\\\/www.sunnyplants.com\\\/de\\\/shop\\\/peperomia-prostrata-schildkroten-auf-schnur-stecklinge#primaryimage\"},\"thumbnailUrl\":\"https:\\\/\\\/www.sunnyplants.com\\\/wp-content\\\/uploads\\\/peperomia-prostrata.jpg\",\"datePublished\":\"2019-12-08T12:46:49+00:00\",\"dateModified\":\"2025-01-31T07:30:42+00:00\",\"description\":\"Peperomia prostrata, auch Schildkr\u00f6ten auf Schnur genannt, ist eine s\u00fc\u00dfe H\u00e4ngepflanze, die in S\u00fcdamerika heimisch ist. Die Oberseite der Bl\u00e4tter \u00e4hnelt den Schilden winziger Schildkr\u00f6ten. Sie erhalten 2 nicht gewurzelde Stecklinge (sofern verf\u00fcgbar, werden gewurzelde Stecklinge verschickt). Sie wurzeln leicht, indem sie flach auf leicht feuchte Erde gelegt werden. Halten Sie sie warm und geben Sie helles, aber indirektes Licht. Bespr\u00fchen Sie die Stecklinge von Zeit zu Zeit mit etwas Wasser, um Austrocknung zu verhindern, bis sie Wurzeln haben. Die Wurzelbildung dauert in der Regel 2-3 Wochen. Bewurzelte Pflanzen m\u00fcssen Wasser haben, wenn sie fast trocken sind.\",\"breadcrumb\":{\"@id\":\"https:\\\/\\\/www.sunnyplants.com\\\/de\\\/shop\\\/peperomia-prostrata-schildkroten-auf-schnur-stecklinge#breadcrumb\"},\"inLanguage\":\"de-DE\",\"potentialAction\":[{\"@type\":\"ReadAction\",\"target\":[\"https:\\\/\\\/www.sunnyplants.com\\\/de\\\/shop\\\/peperomia-prostrata-schildkroten-auf-schnur-stecklinge\"]}]},{\"@type\":\"ImageObject\",\"inLanguage\":\"de-DE\",\"@id\":\"https:\\\/\\\/www.sunnyplants.com\\\/de\\\/shop\\\/peperomia-prostrata-schildkroten-auf-schnur-stecklinge#primaryimage\",\"url\":\"https:\\\/\\\/www.sunnyplants.com\\\/wp-content\\\/uploads\\\/peperomia-prostrata.jpg\",\"contentUrl\":\"https:\\\/\\\/www.sunnyplants.com\\\/wp-content\\\/uploads\\\/peperomia-prostrata.jpg\",\"width\":900,\"height\":900},{\"@type\":\"BreadcrumbList\",\"@id\":\"https:\\\/\\\/www.sunnyplants.com\\\/de\\\/shop\\\/peperomia-prostrata-schildkroten-auf-schnur-stecklinge#breadcrumb\",\"itemListElement\":[{\"@type\":\"ListItem\",\"position\":1,\"name\":\"Home\",\"item\":\"https:\\\/\\\/www.sunnyplants.com\\\/de\\\/sunnyplants-de\"},{\"@type\":\"ListItem\",\"position\":2,\"name\":\"Shop\",\"item\":\"https:\\\/\\\/www.sunnyplants.com\\\/de\\\/shop-2\"},{\"@type\":\"ListItem\",\"position\":3,\"name\":\"Peperomia prostrata &#8211; Schildkr\u00f6ten auf Schnur &#8211; Stecklinge\"}]},{\"@type\":\"WebSite\",\"@id\":\"https:\\\/\\\/www.sunnyplants.com\\\/de#website\",\"url\":\"https:\\\/\\\/www.sunnyplants.com\\\/de\",\"name\":\"Sunnyplants.com\",\"description\":\"Lithops, Conophytums and other Mesembs &amp; Succulents\",\"potentialAction\":[{\"@type\":\"SearchAction\",\"target\":{\"@type\":\"EntryPoint\",\"urlTemplate\":\"https:\\\/\\\/www.sunnyplants.com\\\/de?s={search_term_string}\"},\"query-input\":{\"@type\":\"PropertyValueSpecification\",\"valueRequired\":true,\"valueName\":\"search_term_string\"}}],\"inLanguage\":\"de-DE\"}]}<\/script>\n<!-- \/ Yoast SEO plugin. -->","yoast_head_json":{"title":"Peperomia prostrata - Schildkr\u00f6ten auf Schnur - Stecklinge - Sunnyplants.com","description":"Peperomia prostrata, auch Schildkr\u00f6ten auf Schnur genannt, ist eine s\u00fc\u00dfe H\u00e4ngepflanze, die in S\u00fcdamerika heimisch ist. Die Oberseite der Bl\u00e4tter \u00e4hnelt den Schilden winziger Schildkr\u00f6ten. Sie erhalten 2 nicht gewurzelde Stecklinge (sofern verf\u00fcgbar, werden gewurzelde Stecklinge verschickt). Sie wurzeln leicht, indem sie flach auf leicht feuchte Erde gelegt werden. Halten Sie sie warm und geben Sie helles, aber indirektes Licht. Bespr\u00fchen Sie die Stecklinge von Zeit zu Zeit mit etwas Wasser, um Austrocknung zu verhindern, bis sie Wurzeln haben. Die Wurzelbildung dauert in der Regel 2-3 Wochen. Bewurzelte Pflanzen m\u00fcssen Wasser haben, wenn sie fast trocken sind.","robots":{"index":"index","follow":"follow","max-snippet":"max-snippet:-1","max-image-preview":"max-image-preview:large","max-video-preview":"max-video-preview:-1"},"canonical":"https:\/\/www.sunnyplants.com\/de\/shop\/peperomia-prostrata-schildkroten-auf-schnur-stecklinge","og_locale":"de_DE","og_type":"article","og_title":"Peperomia prostrata - Schildkr\u00f6ten auf Schnur - Stecklinge - Sunnyplants.com","og_description":"Peperomia prostrata, auch Schildkr\u00f6ten auf Schnur genannt, ist eine s\u00fc\u00dfe H\u00e4ngepflanze, die in S\u00fcdamerika heimisch ist. Die Oberseite der Bl\u00e4tter \u00e4hnelt den Schilden winziger Schildkr\u00f6ten. Sie erhalten 2 nicht gewurzelde Stecklinge (sofern verf\u00fcgbar, werden gewurzelde Stecklinge verschickt). Sie wurzeln leicht, indem sie flach auf leicht feuchte Erde gelegt werden. Halten Sie sie warm und geben Sie helles, aber indirektes Licht. Bespr\u00fchen Sie die Stecklinge von Zeit zu Zeit mit etwas Wasser, um Austrocknung zu verhindern, bis sie Wurzeln haben. Die Wurzelbildung dauert in der Regel 2-3 Wochen. Bewurzelte Pflanzen m\u00fcssen Wasser haben, wenn sie fast trocken sind.","og_url":"https:\/\/www.sunnyplants.com\/de\/shop\/peperomia-prostrata-schildkroten-auf-schnur-stecklinge","og_site_name":"Sunnyplants.com","article_publisher":"https:\/\/nl-nl.facebook.com\/pages\/category\/Internet-Company\/Sunnyplantscom-1835401900058481\/","article_modified_time":"2025-01-31T07:30:42+00:00","og_image":[{"width":900,"height":900,"url":"https:\/\/www.sunnyplants.com\/wp-content\/uploads\/peperomia-prostrata.jpg","type":"image\/jpeg"}],"twitter_card":"summary_large_image","schema":{"@context":"https:\/\/schema.org","@graph":[{"@type":"WebPage","@id":"https:\/\/www.sunnyplants.com\/de\/shop\/peperomia-prostrata-schildkroten-auf-schnur-stecklinge","url":"https:\/\/www.sunnyplants.com\/de\/shop\/peperomia-prostrata-schildkroten-auf-schnur-stecklinge","name":"Peperomia prostrata - Schildkr\u00f6ten auf Schnur - Stecklinge - Sunnyplants.com","isPartOf":{"@id":"https:\/\/www.sunnyplants.com\/de#website"},"primaryImageOfPage":{"@id":"https:\/\/www.sunnyplants.com\/de\/shop\/peperomia-prostrata-schildkroten-auf-schnur-stecklinge#primaryimage"},"image":{"@id":"https:\/\/www.sunnyplants.com\/de\/shop\/peperomia-prostrata-schildkroten-auf-schnur-stecklinge#primaryimage"},"thumbnailUrl":"https:\/\/www.sunnyplants.com\/wp-content\/uploads\/peperomia-prostrata.jpg","datePublished":"2019-12-08T12:46:49+00:00","dateModified":"2025-01-31T07:30:42+00:00","description":"Peperomia prostrata, auch Schildkr\u00f6ten auf Schnur genannt, ist eine s\u00fc\u00dfe H\u00e4ngepflanze, die in S\u00fcdamerika heimisch ist. Die Oberseite der Bl\u00e4tter \u00e4hnelt den Schilden winziger Schildkr\u00f6ten. Sie erhalten 2 nicht gewurzelde Stecklinge (sofern verf\u00fcgbar, werden gewurzelde Stecklinge verschickt). Sie wurzeln leicht, indem sie flach auf leicht feuchte Erde gelegt werden. Halten Sie sie warm und geben Sie helles, aber indirektes Licht. Bespr\u00fchen Sie die Stecklinge von Zeit zu Zeit mit etwas Wasser, um Austrocknung zu verhindern, bis sie Wurzeln haben. Die Wurzelbildung dauert in der Regel 2-3 Wochen. Bewurzelte Pflanzen m\u00fcssen Wasser haben, wenn sie fast trocken sind.","breadcrumb":{"@id":"https:\/\/www.sunnyplants.com\/de\/shop\/peperomia-prostrata-schildkroten-auf-schnur-stecklinge#breadcrumb"},"inLanguage":"de-DE","potentialAction":[{"@type":"ReadAction","target":["https:\/\/www.sunnyplants.com\/de\/shop\/peperomia-prostrata-schildkroten-auf-schnur-stecklinge"]}]},{"@type":"ImageObject","inLanguage":"de-DE","@id":"https:\/\/www.sunnyplants.com\/de\/shop\/peperomia-prostrata-schildkroten-auf-schnur-stecklinge#primaryimage","url":"https:\/\/www.sunnyplants.com\/wp-content\/uploads\/peperomia-prostrata.jpg","contentUrl":"https:\/\/www.sunnyplants.com\/wp-content\/uploads\/peperomia-prostrata.jpg","width":900,"height":900},{"@type":"BreadcrumbList","@id":"https:\/\/www.sunnyplants.com\/de\/shop\/peperomia-prostrata-schildkroten-auf-schnur-stecklinge#breadcrumb","itemListElement":[{"@type":"ListItem","position":1,"name":"Home","item":"https:\/\/www.sunnyplants.com\/de\/sunnyplants-de"},{"@type":"ListItem","position":2,"name":"Shop","item":"https:\/\/www.sunnyplants.com\/de\/shop-2"},{"@type":"ListItem","position":3,"name":"Peperomia prostrata &#8211; Schildkr\u00f6ten auf Schnur &#8211; Stecklinge"}]},{"@type":"WebSite","@id":"https:\/\/www.sunnyplants.com\/de#website","url":"https:\/\/www.sunnyplants.com\/de","name":"Sunnyplants.com","description":"Lithops, Conophytums and other Mesembs &amp; Succulents","potentialAction":[{"@type":"SearchAction","target":{"@type":"EntryPoint","urlTemplate":"https:\/\/www.sunnyplants.com\/de?s={search_term_string}"},"query-input":{"@type":"PropertyValueSpecification","valueRequired":true,"valueName":"search_term_string"}}],"inLanguage":"de-DE"}]}},"jetpack_sharing_enabled":true,"_links":{"self":[{"href":"https:\/\/www.sunnyplants.com\/de\/wp-json\/wp\/v2\/product\/21890","targetHints":{"allow":["GET"]}}],"collection":[{"href":"https:\/\/www.sunnyplants.com\/de\/wp-json\/wp\/v2\/product"}],"about":[{"href":"https:\/\/www.sunnyplants.com\/de\/wp-json\/wp\/v2\/types\/product"}],"replies":[{"embeddable":true,"href":"https:\/\/www.sunnyplants.com\/de\/wp-json\/wp\/v2\/comments?post=21890"}],"wp:featuredmedia":[{"embeddable":true,"href":"https:\/\/www.sunnyplants.com\/de\/wp-json\/wp\/v2\/media\/21897"}],"wp:attachment":[{"href":"https:\/\/www.sunnyplants.com\/de\/wp-json\/wp\/v2\/media?parent=21890"}],"wp:term":[{"taxonomy":"product_brand","embeddable":true,"href":"https:\/\/www.sunnyplants.com\/de\/wp-json\/wp\/v2\/product_brand?post=21890"},{"taxonomy":"product_cat","embeddable":true,"href":"https:\/\/www.sunnyplants.com\/de\/wp-json\/wp\/v2\/product_cat?post=21890"},{"taxonomy":"product_tag","embeddable":true,"href":"https:\/\/www.sunnyplants.com\/de\/wp-json\/wp\/v2\/product_tag?post=21890"}],"curies":[{"name":"wp","href":"https:\/\/api.w.org\/{rel}","templated":true}]}}