{"id":21903,"date":"2019-12-08T14:14:21","date_gmt":"2019-12-08T14:14:21","guid":{"rendered":"https:\/\/www.sunnyplants.com\/?post_type=product&#038;p=21903"},"modified":"2024-03-24T08:59:07","modified_gmt":"2024-03-24T08:59:07","slug":"haworthia-cuspidata-pflanzen","status":"publish","type":"product","link":"https:\/\/www.sunnyplants.com\/de\/shop\/haworthia-cuspidata-pflanzen","title":{"rendered":"Haworthia cuspidata &#8211; Pflanzen"},"content":{"rendered":"<p>Haworthia cuspidata &#8211; Pflanzen zum Verkauf.<\/p>\n","protected":false},"excerpt":{"rendered":"<p>Haworthia cuspidata ist eine sch\u00f6ne frische gr\u00fcne Haworthia. Eine sehr dekorative Zimmerpflanze. Es ben\u00f6tigt weniger Licht als die meisten Sukkulenten. Haworthia cuspidata ist eine pflegeleichte Pflanze. Nur mit trockenem Boden gie\u00dfen.<\/p>\n","protected":false},"featured_media":21909,"comment_status":"open","ping_status":"closed","template":"","meta":[],"product_brand":[],"product_cat":[1772,234,241],"product_tag":[944,834],"class_list":{"0":"post-21903","1":"product","2":"type-product","3":"status-publish","4":"has-post-thumbnail","6":"product_cat-haworthia-pflanzen","7":"product_cat-pflanzen","8":"product_cat-sukkulenten","9":"product_tag-sukkulenten","10":"product_tag-zimmerpflanzen","11":"product_shipping_class-plants-collections-de","12":"pa_family-asphodelaceae-de","13":"pa_product-type-pflanzen","14":"pa_quantity-1-pflanze","15":"pa_size-3-4-cm-de","17":"first","18":"outofstock","19":"featured","20":"taxable","21":"shipping-taxable","22":"purchasable","23":"product-type-simple"},"yoast_head":"<!-- This site is optimized with the Yoast SEO plugin v27.6 - https:\/\/yoast.com\/product\/yoast-seo-wordpress\/ -->\n<title>Haworthia cuspidata - Pflanzen - Sunnyplants.com<\/title>\n<meta name=\"description\" content=\"Haworthia cuspidata ist eine sch\u00f6ne frische gr\u00fcne Haworthia. Eine sehr dekorative Zimmerpflanze. Es ben\u00f6tigt weniger Licht als die meisten Sukkulenten. Haworthia cuspidata ist eine pflegeleichte Pflanze. Nur mit trockenem Boden gie\u00dfen.\" \/>\n<meta name=\"robots\" content=\"index, follow, max-snippet:-1, max-image-preview:large, max-video-preview:-1\" \/>\n<link rel=\"canonical\" href=\"https:\/\/www.sunnyplants.com\/de\/shop\/haworthia-cuspidata-pflanzen\" \/>\n<meta property=\"og:locale\" content=\"de_DE\" \/>\n<meta property=\"og:type\" content=\"article\" \/>\n<meta property=\"og:title\" content=\"Haworthia cuspidata - Pflanzen - Sunnyplants.com\" \/>\n<meta property=\"og:description\" content=\"Haworthia cuspidata ist eine sch\u00f6ne frische gr\u00fcne Haworthia. Eine sehr dekorative Zimmerpflanze. Es ben\u00f6tigt weniger Licht als die meisten Sukkulenten. Haworthia cuspidata ist eine pflegeleichte Pflanze. Nur mit trockenem Boden gie\u00dfen.\" \/>\n<meta property=\"og:url\" content=\"https:\/\/www.sunnyplants.com\/de\/shop\/haworthia-cuspidata-pflanzen\" \/>\n<meta property=\"og:site_name\" content=\"Sunnyplants.com\" \/>\n<meta property=\"article:publisher\" content=\"https:\/\/nl-nl.facebook.com\/pages\/category\/Internet-Company\/Sunnyplantscom-1835401900058481\/\" \/>\n<meta property=\"article:modified_time\" content=\"2024-03-24T08:59:07+00:00\" \/>\n<meta property=\"og:image\" content=\"https:\/\/www.sunnyplants.com\/wp-content\/uploads\/haworthia-cuspidata.jpg\" \/>\n\t<meta property=\"og:image:width\" content=\"900\" \/>\n\t<meta property=\"og:image:height\" content=\"900\" \/>\n\t<meta property=\"og:image:type\" content=\"image\/jpeg\" \/>\n<meta name=\"twitter:card\" content=\"summary_large_image\" \/>\n<script type=\"application\/ld+json\" class=\"yoast-schema-graph\">{\"@context\":\"https:\\\/\\\/schema.org\",\"@graph\":[{\"@type\":\"WebPage\",\"@id\":\"https:\\\/\\\/www.sunnyplants.com\\\/de\\\/shop\\\/haworthia-cuspidata-pflanzen\",\"url\":\"https:\\\/\\\/www.sunnyplants.com\\\/de\\\/shop\\\/haworthia-cuspidata-pflanzen\",\"name\":\"Haworthia cuspidata - Pflanzen - Sunnyplants.com\",\"isPartOf\":{\"@id\":\"https:\\\/\\\/www.sunnyplants.com\\\/de#website\"},\"primaryImageOfPage\":{\"@id\":\"https:\\\/\\\/www.sunnyplants.com\\\/de\\\/shop\\\/haworthia-cuspidata-pflanzen#primaryimage\"},\"image\":{\"@id\":\"https:\\\/\\\/www.sunnyplants.com\\\/de\\\/shop\\\/haworthia-cuspidata-pflanzen#primaryimage\"},\"thumbnailUrl\":\"https:\\\/\\\/www.sunnyplants.com\\\/wp-content\\\/uploads\\\/haworthia-cuspidata.jpg\",\"datePublished\":\"2019-12-08T14:14:21+00:00\",\"dateModified\":\"2024-03-24T08:59:07+00:00\",\"description\":\"Haworthia cuspidata ist eine sch\u00f6ne frische gr\u00fcne Haworthia. Eine sehr dekorative Zimmerpflanze. Es ben\u00f6tigt weniger Licht als die meisten Sukkulenten. Haworthia cuspidata ist eine pflegeleichte Pflanze. Nur mit trockenem Boden gie\u00dfen.\",\"breadcrumb\":{\"@id\":\"https:\\\/\\\/www.sunnyplants.com\\\/de\\\/shop\\\/haworthia-cuspidata-pflanzen#breadcrumb\"},\"inLanguage\":\"de-DE\",\"potentialAction\":[{\"@type\":\"ReadAction\",\"target\":[\"https:\\\/\\\/www.sunnyplants.com\\\/de\\\/shop\\\/haworthia-cuspidata-pflanzen\"]}]},{\"@type\":\"ImageObject\",\"inLanguage\":\"de-DE\",\"@id\":\"https:\\\/\\\/www.sunnyplants.com\\\/de\\\/shop\\\/haworthia-cuspidata-pflanzen#primaryimage\",\"url\":\"https:\\\/\\\/www.sunnyplants.com\\\/wp-content\\\/uploads\\\/haworthia-cuspidata.jpg\",\"contentUrl\":\"https:\\\/\\\/www.sunnyplants.com\\\/wp-content\\\/uploads\\\/haworthia-cuspidata.jpg\",\"width\":900,\"height\":900},{\"@type\":\"BreadcrumbList\",\"@id\":\"https:\\\/\\\/www.sunnyplants.com\\\/de\\\/shop\\\/haworthia-cuspidata-pflanzen#breadcrumb\",\"itemListElement\":[{\"@type\":\"ListItem\",\"position\":1,\"name\":\"Home\",\"item\":\"https:\\\/\\\/www.sunnyplants.com\\\/de\\\/sunnyplants-de\"},{\"@type\":\"ListItem\",\"position\":2,\"name\":\"Shop\",\"item\":\"https:\\\/\\\/www.sunnyplants.com\\\/de\\\/shop-2\"},{\"@type\":\"ListItem\",\"position\":3,\"name\":\"Haworthia cuspidata &#8211; Pflanzen\"}]},{\"@type\":\"WebSite\",\"@id\":\"https:\\\/\\\/www.sunnyplants.com\\\/de#website\",\"url\":\"https:\\\/\\\/www.sunnyplants.com\\\/de\",\"name\":\"Sunnyplants.com\",\"description\":\"Lithops, Conophytums and other Mesembs &amp; Succulents\",\"potentialAction\":[{\"@type\":\"SearchAction\",\"target\":{\"@type\":\"EntryPoint\",\"urlTemplate\":\"https:\\\/\\\/www.sunnyplants.com\\\/de?s={search_term_string}\"},\"query-input\":{\"@type\":\"PropertyValueSpecification\",\"valueRequired\":true,\"valueName\":\"search_term_string\"}}],\"inLanguage\":\"de-DE\"}]}<\/script>\n<!-- \/ Yoast SEO plugin. -->","yoast_head_json":{"title":"Haworthia cuspidata - Pflanzen - Sunnyplants.com","description":"Haworthia cuspidata ist eine sch\u00f6ne frische gr\u00fcne Haworthia. Eine sehr dekorative Zimmerpflanze. Es ben\u00f6tigt weniger Licht als die meisten Sukkulenten. Haworthia cuspidata ist eine pflegeleichte Pflanze. Nur mit trockenem Boden gie\u00dfen.","robots":{"index":"index","follow":"follow","max-snippet":"max-snippet:-1","max-image-preview":"max-image-preview:large","max-video-preview":"max-video-preview:-1"},"canonical":"https:\/\/www.sunnyplants.com\/de\/shop\/haworthia-cuspidata-pflanzen","og_locale":"de_DE","og_type":"article","og_title":"Haworthia cuspidata - Pflanzen - Sunnyplants.com","og_description":"Haworthia cuspidata ist eine sch\u00f6ne frische gr\u00fcne Haworthia. Eine sehr dekorative Zimmerpflanze. Es ben\u00f6tigt weniger Licht als die meisten Sukkulenten. Haworthia cuspidata ist eine pflegeleichte Pflanze. Nur mit trockenem Boden gie\u00dfen.","og_url":"https:\/\/www.sunnyplants.com\/de\/shop\/haworthia-cuspidata-pflanzen","og_site_name":"Sunnyplants.com","article_publisher":"https:\/\/nl-nl.facebook.com\/pages\/category\/Internet-Company\/Sunnyplantscom-1835401900058481\/","article_modified_time":"2024-03-24T08:59:07+00:00","og_image":[{"width":900,"height":900,"url":"https:\/\/www.sunnyplants.com\/wp-content\/uploads\/haworthia-cuspidata.jpg","type":"image\/jpeg"}],"twitter_card":"summary_large_image","schema":{"@context":"https:\/\/schema.org","@graph":[{"@type":"WebPage","@id":"https:\/\/www.sunnyplants.com\/de\/shop\/haworthia-cuspidata-pflanzen","url":"https:\/\/www.sunnyplants.com\/de\/shop\/haworthia-cuspidata-pflanzen","name":"Haworthia cuspidata - Pflanzen - Sunnyplants.com","isPartOf":{"@id":"https:\/\/www.sunnyplants.com\/de#website"},"primaryImageOfPage":{"@id":"https:\/\/www.sunnyplants.com\/de\/shop\/haworthia-cuspidata-pflanzen#primaryimage"},"image":{"@id":"https:\/\/www.sunnyplants.com\/de\/shop\/haworthia-cuspidata-pflanzen#primaryimage"},"thumbnailUrl":"https:\/\/www.sunnyplants.com\/wp-content\/uploads\/haworthia-cuspidata.jpg","datePublished":"2019-12-08T14:14:21+00:00","dateModified":"2024-03-24T08:59:07+00:00","description":"Haworthia cuspidata ist eine sch\u00f6ne frische gr\u00fcne Haworthia. Eine sehr dekorative Zimmerpflanze. Es ben\u00f6tigt weniger Licht als die meisten Sukkulenten. Haworthia cuspidata ist eine pflegeleichte Pflanze. Nur mit trockenem Boden gie\u00dfen.","breadcrumb":{"@id":"https:\/\/www.sunnyplants.com\/de\/shop\/haworthia-cuspidata-pflanzen#breadcrumb"},"inLanguage":"de-DE","potentialAction":[{"@type":"ReadAction","target":["https:\/\/www.sunnyplants.com\/de\/shop\/haworthia-cuspidata-pflanzen"]}]},{"@type":"ImageObject","inLanguage":"de-DE","@id":"https:\/\/www.sunnyplants.com\/de\/shop\/haworthia-cuspidata-pflanzen#primaryimage","url":"https:\/\/www.sunnyplants.com\/wp-content\/uploads\/haworthia-cuspidata.jpg","contentUrl":"https:\/\/www.sunnyplants.com\/wp-content\/uploads\/haworthia-cuspidata.jpg","width":900,"height":900},{"@type":"BreadcrumbList","@id":"https:\/\/www.sunnyplants.com\/de\/shop\/haworthia-cuspidata-pflanzen#breadcrumb","itemListElement":[{"@type":"ListItem","position":1,"name":"Home","item":"https:\/\/www.sunnyplants.com\/de\/sunnyplants-de"},{"@type":"ListItem","position":2,"name":"Shop","item":"https:\/\/www.sunnyplants.com\/de\/shop-2"},{"@type":"ListItem","position":3,"name":"Haworthia cuspidata &#8211; Pflanzen"}]},{"@type":"WebSite","@id":"https:\/\/www.sunnyplants.com\/de#website","url":"https:\/\/www.sunnyplants.com\/de","name":"Sunnyplants.com","description":"Lithops, Conophytums and other Mesembs &amp; Succulents","potentialAction":[{"@type":"SearchAction","target":{"@type":"EntryPoint","urlTemplate":"https:\/\/www.sunnyplants.com\/de?s={search_term_string}"},"query-input":{"@type":"PropertyValueSpecification","valueRequired":true,"valueName":"search_term_string"}}],"inLanguage":"de-DE"}]}},"jetpack_sharing_enabled":true,"_links":{"self":[{"href":"https:\/\/www.sunnyplants.com\/de\/wp-json\/wp\/v2\/product\/21903","targetHints":{"allow":["GET"]}}],"collection":[{"href":"https:\/\/www.sunnyplants.com\/de\/wp-json\/wp\/v2\/product"}],"about":[{"href":"https:\/\/www.sunnyplants.com\/de\/wp-json\/wp\/v2\/types\/product"}],"replies":[{"embeddable":true,"href":"https:\/\/www.sunnyplants.com\/de\/wp-json\/wp\/v2\/comments?post=21903"}],"wp:featuredmedia":[{"embeddable":true,"href":"https:\/\/www.sunnyplants.com\/de\/wp-json\/wp\/v2\/media\/21909"}],"wp:attachment":[{"href":"https:\/\/www.sunnyplants.com\/de\/wp-json\/wp\/v2\/media?parent=21903"}],"wp:term":[{"taxonomy":"product_brand","embeddable":true,"href":"https:\/\/www.sunnyplants.com\/de\/wp-json\/wp\/v2\/product_brand?post=21903"},{"taxonomy":"product_cat","embeddable":true,"href":"https:\/\/www.sunnyplants.com\/de\/wp-json\/wp\/v2\/product_cat?post=21903"},{"taxonomy":"product_tag","embeddable":true,"href":"https:\/\/www.sunnyplants.com\/de\/wp-json\/wp\/v2\/product_tag?post=21903"}],"curies":[{"name":"wp","href":"https:\/\/api.w.org\/{rel}","templated":true}]}}