{"id":25216,"date":"2020-05-07T07:23:18","date_gmt":"2020-05-07T07:23:18","guid":{"rendered":"https:\/\/www.sunnyplants.com\/?post_type=product&#038;p=25216"},"modified":"2024-10-11T18:06:39","modified_gmt":"2024-10-11T18:06:39","slug":"kaktus-sukkulenten-samenkeimungs-erde","status":"publish","type":"product","link":"https:\/\/www.sunnyplants.com\/de\/shop\/kaktus-sukkulenten-samenkeimungs-erde","title":{"rendered":"Kaktus und Sukkulenten Samenkeimungs-Erde (500 ml)"},"content":{"rendered":"<p>Kaktus und Sukkulenten Samenkeimungs-Erde (500 ml) zum Verkauf.<\/p>\n","protected":false},"excerpt":{"rendered":"<p>Unser Keimboden f\u00fcr Kakteen und Sukkulenten Samen hat eine sehr feine Partikelstruktur. Dies macht es sehr gut zum Keimen von Samen geeignet. Unsere Methode mit sehr kleinen Samen besteht darin, einen Beh\u00e4lter mit dieser Erde zu f\u00fcllen. F\u00fcgen Sie dann eine d\u00fcnne Deckschicht <a href=\"https:\/\/www.sunnyplants.com\/de\/shop\/bimsstein-bims\">Bims (Bimsstein)<\/a> hinzu. Teilen Sie die Samen \u00fcber die Bims und waschen Sie die Samen mit Wasser zwischen das Bimsstein.<\/p>\n","protected":false},"featured_media":25222,"comment_status":"open","ping_status":"closed","template":"","meta":[],"product_brand":[],"product_cat":[1364,1361],"product_tag":[],"class_list":{"0":"post-25216","1":"product","2":"type-product","3":"status-publish","4":"has-post-thumbnail","6":"product_cat-erden-ernaehrung","7":"product_cat-zubehoer","8":"product_shipping_class-soil-de","9":"pa_quantity-500-ml-de","11":"first","12":"instock","13":"taxable","14":"shipping-taxable","15":"purchasable","16":"product-type-simple"},"yoast_head":"<!-- This site is optimized with the Yoast SEO plugin v27.4 - https:\/\/yoast.com\/product\/yoast-seo-wordpress\/ -->\n<title>Kaktus und Sukkulenten Samenkeimungs-Erde (500 ml) - Sunnyplants.com<\/title>\n<meta name=\"description\" content=\"Unser Keimboden f\u00fcr Kakteen und Sukkulenten Samen hat eine sehr feine Partikelstruktur. Dies macht es sehr gut zum Keimen von Samen geeignet. Unsere Methode mit sehr kleinen Samen besteht darin, einen Beh\u00e4lter mit dieser Erde zu f\u00fcllen. F\u00fcgen Sie dann eine d\u00fcnne Deckschicht Bims (Bimsstein) hinzu. Teilen Sie die Samen \u00fcber die Bims und waschen Sie die Samen mit Wasser zwischen das Bimsstein.\" \/>\n<meta name=\"robots\" content=\"index, follow, max-snippet:-1, max-image-preview:large, max-video-preview:-1\" \/>\n<link rel=\"canonical\" href=\"https:\/\/www.sunnyplants.com\/de\/shop\/kaktus-sukkulenten-samenkeimungs-erde\" \/>\n<meta property=\"og:locale\" content=\"de_DE\" \/>\n<meta property=\"og:type\" content=\"article\" \/>\n<meta property=\"og:title\" content=\"Kaktus und Sukkulenten Samenkeimungs-Erde (500 ml) - Sunnyplants.com\" \/>\n<meta property=\"og:description\" content=\"Unser Keimboden f\u00fcr Kakteen und Sukkulenten Samen hat eine sehr feine Partikelstruktur. Dies macht es sehr gut zum Keimen von Samen geeignet. Unsere Methode mit sehr kleinen Samen besteht darin, einen Beh\u00e4lter mit dieser Erde zu f\u00fcllen. F\u00fcgen Sie dann eine d\u00fcnne Deckschicht Bims (Bimsstein) hinzu. Teilen Sie die Samen \u00fcber die Bims und waschen Sie die Samen mit Wasser zwischen das Bimsstein.\" \/>\n<meta property=\"og:url\" content=\"https:\/\/www.sunnyplants.com\/de\/shop\/kaktus-sukkulenten-samenkeimungs-erde\" \/>\n<meta property=\"og:site_name\" content=\"Sunnyplants.com\" \/>\n<meta property=\"article:publisher\" content=\"https:\/\/nl-nl.facebook.com\/pages\/category\/Internet-Company\/Sunnyplantscom-1835401900058481\/\" \/>\n<meta property=\"article:modified_time\" content=\"2024-10-11T18:06:39+00:00\" \/>\n<meta property=\"og:image\" content=\"https:\/\/www.sunnyplants.com\/wp-content\/uploads\/cactus-succulent-seed-germination-soil.jpg\" \/>\n\t<meta property=\"og:image:width\" content=\"900\" \/>\n\t<meta property=\"og:image:height\" content=\"900\" \/>\n\t<meta property=\"og:image:type\" content=\"image\/jpeg\" \/>\n<meta name=\"twitter:card\" content=\"summary_large_image\" \/>\n<script type=\"application\/ld+json\" class=\"yoast-schema-graph\">{\"@context\":\"https:\\\/\\\/schema.org\",\"@graph\":[{\"@type\":\"WebPage\",\"@id\":\"https:\\\/\\\/www.sunnyplants.com\\\/de\\\/shop\\\/kaktus-sukkulenten-samenkeimungs-erde\",\"url\":\"https:\\\/\\\/www.sunnyplants.com\\\/de\\\/shop\\\/kaktus-sukkulenten-samenkeimungs-erde\",\"name\":\"Kaktus und Sukkulenten Samenkeimungs-Erde (500 ml) - Sunnyplants.com\",\"isPartOf\":{\"@id\":\"https:\\\/\\\/www.sunnyplants.com\\\/de#website\"},\"primaryImageOfPage\":{\"@id\":\"https:\\\/\\\/www.sunnyplants.com\\\/de\\\/shop\\\/kaktus-sukkulenten-samenkeimungs-erde#primaryimage\"},\"image\":{\"@id\":\"https:\\\/\\\/www.sunnyplants.com\\\/de\\\/shop\\\/kaktus-sukkulenten-samenkeimungs-erde#primaryimage\"},\"thumbnailUrl\":\"https:\\\/\\\/www.sunnyplants.com\\\/wp-content\\\/uploads\\\/cactus-succulent-seed-germination-soil.jpg\",\"datePublished\":\"2020-05-07T07:23:18+00:00\",\"dateModified\":\"2024-10-11T18:06:39+00:00\",\"description\":\"Unser Keimboden f\u00fcr Kakteen und Sukkulenten Samen hat eine sehr feine Partikelstruktur. Dies macht es sehr gut zum Keimen von Samen geeignet. Unsere Methode mit sehr kleinen Samen besteht darin, einen Beh\u00e4lter mit dieser Erde zu f\u00fcllen. F\u00fcgen Sie dann eine d\u00fcnne Deckschicht Bims (Bimsstein) hinzu. Teilen Sie die Samen \u00fcber die Bims und waschen Sie die Samen mit Wasser zwischen das Bimsstein.\",\"breadcrumb\":{\"@id\":\"https:\\\/\\\/www.sunnyplants.com\\\/de\\\/shop\\\/kaktus-sukkulenten-samenkeimungs-erde#breadcrumb\"},\"inLanguage\":\"de-DE\",\"potentialAction\":[{\"@type\":\"ReadAction\",\"target\":[\"https:\\\/\\\/www.sunnyplants.com\\\/de\\\/shop\\\/kaktus-sukkulenten-samenkeimungs-erde\"]}]},{\"@type\":\"ImageObject\",\"inLanguage\":\"de-DE\",\"@id\":\"https:\\\/\\\/www.sunnyplants.com\\\/de\\\/shop\\\/kaktus-sukkulenten-samenkeimungs-erde#primaryimage\",\"url\":\"https:\\\/\\\/www.sunnyplants.com\\\/wp-content\\\/uploads\\\/cactus-succulent-seed-germination-soil.jpg\",\"contentUrl\":\"https:\\\/\\\/www.sunnyplants.com\\\/wp-content\\\/uploads\\\/cactus-succulent-seed-germination-soil.jpg\",\"width\":900,\"height\":900},{\"@type\":\"BreadcrumbList\",\"@id\":\"https:\\\/\\\/www.sunnyplants.com\\\/de\\\/shop\\\/kaktus-sukkulenten-samenkeimungs-erde#breadcrumb\",\"itemListElement\":[{\"@type\":\"ListItem\",\"position\":1,\"name\":\"Home\",\"item\":\"https:\\\/\\\/www.sunnyplants.com\\\/de\\\/sunnyplants-de\"},{\"@type\":\"ListItem\",\"position\":2,\"name\":\"Shop\",\"item\":\"https:\\\/\\\/www.sunnyplants.com\\\/de\\\/shop-2\"},{\"@type\":\"ListItem\",\"position\":3,\"name\":\"Kaktus und Sukkulenten Samenkeimungs-Erde (500 ml)\"}]},{\"@type\":\"WebSite\",\"@id\":\"https:\\\/\\\/www.sunnyplants.com\\\/de#website\",\"url\":\"https:\\\/\\\/www.sunnyplants.com\\\/de\",\"name\":\"Sunnyplants.com\",\"description\":\"Lithops, Conophytums and other Mesembs &amp; Succulents\",\"potentialAction\":[{\"@type\":\"SearchAction\",\"target\":{\"@type\":\"EntryPoint\",\"urlTemplate\":\"https:\\\/\\\/www.sunnyplants.com\\\/de?s={search_term_string}\"},\"query-input\":{\"@type\":\"PropertyValueSpecification\",\"valueRequired\":true,\"valueName\":\"search_term_string\"}}],\"inLanguage\":\"de-DE\"}]}<\/script>\n<!-- \/ Yoast SEO plugin. -->","yoast_head_json":{"title":"Kaktus und Sukkulenten Samenkeimungs-Erde (500 ml) - Sunnyplants.com","description":"Unser Keimboden f\u00fcr Kakteen und Sukkulenten Samen hat eine sehr feine Partikelstruktur. Dies macht es sehr gut zum Keimen von Samen geeignet. Unsere Methode mit sehr kleinen Samen besteht darin, einen Beh\u00e4lter mit dieser Erde zu f\u00fcllen. F\u00fcgen Sie dann eine d\u00fcnne Deckschicht Bims (Bimsstein) hinzu. Teilen Sie die Samen \u00fcber die Bims und waschen Sie die Samen mit Wasser zwischen das Bimsstein.","robots":{"index":"index","follow":"follow","max-snippet":"max-snippet:-1","max-image-preview":"max-image-preview:large","max-video-preview":"max-video-preview:-1"},"canonical":"https:\/\/www.sunnyplants.com\/de\/shop\/kaktus-sukkulenten-samenkeimungs-erde","og_locale":"de_DE","og_type":"article","og_title":"Kaktus und Sukkulenten Samenkeimungs-Erde (500 ml) - Sunnyplants.com","og_description":"Unser Keimboden f\u00fcr Kakteen und Sukkulenten Samen hat eine sehr feine Partikelstruktur. Dies macht es sehr gut zum Keimen von Samen geeignet. Unsere Methode mit sehr kleinen Samen besteht darin, einen Beh\u00e4lter mit dieser Erde zu f\u00fcllen. F\u00fcgen Sie dann eine d\u00fcnne Deckschicht Bims (Bimsstein) hinzu. Teilen Sie die Samen \u00fcber die Bims und waschen Sie die Samen mit Wasser zwischen das Bimsstein.","og_url":"https:\/\/www.sunnyplants.com\/de\/shop\/kaktus-sukkulenten-samenkeimungs-erde","og_site_name":"Sunnyplants.com","article_publisher":"https:\/\/nl-nl.facebook.com\/pages\/category\/Internet-Company\/Sunnyplantscom-1835401900058481\/","article_modified_time":"2024-10-11T18:06:39+00:00","og_image":[{"width":900,"height":900,"url":"https:\/\/www.sunnyplants.com\/wp-content\/uploads\/cactus-succulent-seed-germination-soil.jpg","type":"image\/jpeg"}],"twitter_card":"summary_large_image","schema":{"@context":"https:\/\/schema.org","@graph":[{"@type":"WebPage","@id":"https:\/\/www.sunnyplants.com\/de\/shop\/kaktus-sukkulenten-samenkeimungs-erde","url":"https:\/\/www.sunnyplants.com\/de\/shop\/kaktus-sukkulenten-samenkeimungs-erde","name":"Kaktus und Sukkulenten Samenkeimungs-Erde (500 ml) - Sunnyplants.com","isPartOf":{"@id":"https:\/\/www.sunnyplants.com\/de#website"},"primaryImageOfPage":{"@id":"https:\/\/www.sunnyplants.com\/de\/shop\/kaktus-sukkulenten-samenkeimungs-erde#primaryimage"},"image":{"@id":"https:\/\/www.sunnyplants.com\/de\/shop\/kaktus-sukkulenten-samenkeimungs-erde#primaryimage"},"thumbnailUrl":"https:\/\/www.sunnyplants.com\/wp-content\/uploads\/cactus-succulent-seed-germination-soil.jpg","datePublished":"2020-05-07T07:23:18+00:00","dateModified":"2024-10-11T18:06:39+00:00","description":"Unser Keimboden f\u00fcr Kakteen und Sukkulenten Samen hat eine sehr feine Partikelstruktur. Dies macht es sehr gut zum Keimen von Samen geeignet. Unsere Methode mit sehr kleinen Samen besteht darin, einen Beh\u00e4lter mit dieser Erde zu f\u00fcllen. F\u00fcgen Sie dann eine d\u00fcnne Deckschicht Bims (Bimsstein) hinzu. Teilen Sie die Samen \u00fcber die Bims und waschen Sie die Samen mit Wasser zwischen das Bimsstein.","breadcrumb":{"@id":"https:\/\/www.sunnyplants.com\/de\/shop\/kaktus-sukkulenten-samenkeimungs-erde#breadcrumb"},"inLanguage":"de-DE","potentialAction":[{"@type":"ReadAction","target":["https:\/\/www.sunnyplants.com\/de\/shop\/kaktus-sukkulenten-samenkeimungs-erde"]}]},{"@type":"ImageObject","inLanguage":"de-DE","@id":"https:\/\/www.sunnyplants.com\/de\/shop\/kaktus-sukkulenten-samenkeimungs-erde#primaryimage","url":"https:\/\/www.sunnyplants.com\/wp-content\/uploads\/cactus-succulent-seed-germination-soil.jpg","contentUrl":"https:\/\/www.sunnyplants.com\/wp-content\/uploads\/cactus-succulent-seed-germination-soil.jpg","width":900,"height":900},{"@type":"BreadcrumbList","@id":"https:\/\/www.sunnyplants.com\/de\/shop\/kaktus-sukkulenten-samenkeimungs-erde#breadcrumb","itemListElement":[{"@type":"ListItem","position":1,"name":"Home","item":"https:\/\/www.sunnyplants.com\/de\/sunnyplants-de"},{"@type":"ListItem","position":2,"name":"Shop","item":"https:\/\/www.sunnyplants.com\/de\/shop-2"},{"@type":"ListItem","position":3,"name":"Kaktus und Sukkulenten Samenkeimungs-Erde (500 ml)"}]},{"@type":"WebSite","@id":"https:\/\/www.sunnyplants.com\/de#website","url":"https:\/\/www.sunnyplants.com\/de","name":"Sunnyplants.com","description":"Lithops, Conophytums and other Mesembs &amp; Succulents","potentialAction":[{"@type":"SearchAction","target":{"@type":"EntryPoint","urlTemplate":"https:\/\/www.sunnyplants.com\/de?s={search_term_string}"},"query-input":{"@type":"PropertyValueSpecification","valueRequired":true,"valueName":"search_term_string"}}],"inLanguage":"de-DE"}]}},"jetpack_sharing_enabled":true,"_links":{"self":[{"href":"https:\/\/www.sunnyplants.com\/de\/wp-json\/wp\/v2\/product\/25216","targetHints":{"allow":["GET"]}}],"collection":[{"href":"https:\/\/www.sunnyplants.com\/de\/wp-json\/wp\/v2\/product"}],"about":[{"href":"https:\/\/www.sunnyplants.com\/de\/wp-json\/wp\/v2\/types\/product"}],"replies":[{"embeddable":true,"href":"https:\/\/www.sunnyplants.com\/de\/wp-json\/wp\/v2\/comments?post=25216"}],"wp:featuredmedia":[{"embeddable":true,"href":"https:\/\/www.sunnyplants.com\/de\/wp-json\/wp\/v2\/media\/25222"}],"wp:attachment":[{"href":"https:\/\/www.sunnyplants.com\/de\/wp-json\/wp\/v2\/media?parent=25216"}],"wp:term":[{"taxonomy":"product_brand","embeddable":true,"href":"https:\/\/www.sunnyplants.com\/de\/wp-json\/wp\/v2\/product_brand?post=25216"},{"taxonomy":"product_cat","embeddable":true,"href":"https:\/\/www.sunnyplants.com\/de\/wp-json\/wp\/v2\/product_cat?post=25216"},{"taxonomy":"product_tag","embeddable":true,"href":"https:\/\/www.sunnyplants.com\/de\/wp-json\/wp\/v2\/product_tag?post=25216"}],"curies":[{"name":"wp","href":"https:\/\/api.w.org\/{rel}","templated":true}]}}