{"id":27172,"date":"2020-07-22T07:00:32","date_gmt":"2020-07-22T07:00:33","guid":{"rendered":"https:\/\/www.sunnyplants.com\/?post_type=product&#038;p=27172"},"modified":"2020-07-25T15:22:16","modified_gmt":"2020-07-25T15:22:16","slug":"fluffy-pack-stecklinge","status":"publish","type":"product","link":"https:\/\/www.sunnyplants.com\/de\/shop\/fluffy-pack-stecklinge","title":{"rendered":"Fluffy Pack &#8211; 3 Stecklinge"},"content":{"rendered":"<p>Sch\u00f6n und einfach zu z\u00fcchten. Diese Fluffy Sukkulenten Stecklinge sind eine sch\u00f6ne Erg\u00e4nzung zu jeder Sukkulenten Kollektion. Geeignet f\u00fcr Anf\u00e4nger und Fortgeschrittene.<\/p>\n<h2>Fluffy Sukkulenten Stecklinge Pflege<\/h2>\n<p>Wenn Sie Ihre Fluffy Stecklinge erhalten, lassen Sie sie 3-4 Tage an einem leicht schattierten Ort trocknen. Einige Fluffy Sukkulenten werden frisch geschnitten und die Wunden m\u00fcssen heilen. Pflanzen Sie sie in trockene Erde mit zus\u00e4tzlichem Bimsstein f\u00fcr die Drainage oder verwenden Sie unseren <a href=\"https:\/\/www.sunnyplants.com\/de\/shop\/kaktus-und-sukkulenten-erde\">Professioneller Sukkulenten Erde<\/a>. Stellen Sie sicher, dass Sie T\u00f6pfe und Pflanzgef\u00e4\u00dfe mit L\u00f6chern verwenden, damit \u00fcbersch\u00fcssiges Wasser abflie\u00dfen kann. Beginnen Sie nach 2-3 Wochen, in denen sich Wurzeln bilden, vorsichtig zu gie\u00dfen. Lassen Sie den Boden zwischen den Gie\u00dfen vollst\u00e4ndig austrocknen. Gebe alle 2 Wochen Wasser. Dass sollte normalerweise in Ordnung sein.<\/p>\n<p>Im Sommer k\u00f6nnen Sie Ihre Fluffy Sukkulenten nach drau\u00dfen bringen. Hier in den Niederlanden platzieren wir sie von Juni bis Anfang September im Freien. Stellen Sie sicher, dass Sie sie wieder einlassen, wenn es k\u00e4lter wird oder wenn es viel regnet. Sie bevorzugen Mindesttemperaturen von 10-12C. Sie k\u00f6nnen keinen Frost vertragen.<\/p>\n","protected":false},"excerpt":{"rendered":"<p>Sie erhalten 3 verschiedene Fluffy Sukkulenten Stecklinge in verschiedenen Gr\u00f6\u00dfen und Farben. Diese Sukkulenten Stecklinge werden von uns nach dem Zufallsprinzip gepfl\u00fcckt und ohne Etikett geliefert. Sie werden sorgf\u00e4ltig in Seidenpapier verpackt. Die Sukkulenten Stecklinge sind nicht gewurzelt. Wir senden Ihnen jedoch verwurzelte Sukkulenten, wenn diese verf\u00fcgbar sind. Verwurzelung ist einfach und dauert in der Regel 2-3 Wochen.<\/p>\n","protected":false},"featured_media":27182,"comment_status":"open","ping_status":"closed","template":"","meta":[],"product_brand":[],"product_cat":[286,278,347],"product_tag":[834],"class_list":{"0":"post-27172","1":"product","2":"type-product","3":"status-publish","4":"has-post-thumbnail","6":"product_cat-kollektionen","7":"product_cat-stecklinge","8":"product_cat-sukkulenten-stecklinge","9":"product_tag-zimmerpflanzen","10":"product_shipping_class-plants-collections-de","11":"pa_product-type-stammstecklinge","12":"pa_quantity-3-stecklinge","13":"pa_size-3-6-cm-de","15":"first","16":"outofstock","17":"taxable","18":"shipping-taxable","19":"purchasable","20":"product-type-simple"},"yoast_head":"<!-- This site is optimized with the Yoast SEO plugin v27.6 - https:\/\/yoast.com\/product\/yoast-seo-wordpress\/ -->\n<title>Fluffy Pack - 3 Stecklinge - Sunnyplants.com<\/title>\n<meta name=\"description\" content=\"Sie erhalten 3 verschiedene Fluffy Sukkulenten Stecklinge in verschiedenen Gr\u00f6\u00dfen und Farben. Diese Sukkulenten Stecklinge werden von uns nach dem Zufallsprinzip gepfl\u00fcckt und ohne Etikett geliefert. Sie werden sorgf\u00e4ltig in Seidenpapier verpackt. Die Sukkulenten Stecklinge sind nicht gewurzelt. Wir senden Ihnen jedoch verwurzelte Sukkulenten, wenn diese verf\u00fcgbar sind. Verwurzelung ist einfach und dauert in der Regel 2-3 Wochen.\" \/>\n<meta name=\"robots\" content=\"index, follow, max-snippet:-1, max-image-preview:large, max-video-preview:-1\" \/>\n<link rel=\"canonical\" href=\"https:\/\/www.sunnyplants.com\/de\/shop\/fluffy-pack-stecklinge\" \/>\n<meta property=\"og:locale\" content=\"de_DE\" \/>\n<meta property=\"og:type\" content=\"article\" \/>\n<meta property=\"og:title\" content=\"Fluffy Pack - 3 Stecklinge - Sunnyplants.com\" \/>\n<meta property=\"og:description\" content=\"Sie erhalten 3 verschiedene Fluffy Sukkulenten Stecklinge in verschiedenen Gr\u00f6\u00dfen und Farben. Diese Sukkulenten Stecklinge werden von uns nach dem Zufallsprinzip gepfl\u00fcckt und ohne Etikett geliefert. Sie werden sorgf\u00e4ltig in Seidenpapier verpackt. Die Sukkulenten Stecklinge sind nicht gewurzelt. Wir senden Ihnen jedoch verwurzelte Sukkulenten, wenn diese verf\u00fcgbar sind. Verwurzelung ist einfach und dauert in der Regel 2-3 Wochen.\" \/>\n<meta property=\"og:url\" content=\"https:\/\/www.sunnyplants.com\/de\/shop\/fluffy-pack-stecklinge\" \/>\n<meta property=\"og:site_name\" content=\"Sunnyplants.com\" \/>\n<meta property=\"article:publisher\" content=\"https:\/\/nl-nl.facebook.com\/pages\/category\/Internet-Company\/Sunnyplantscom-1835401900058481\/\" \/>\n<meta property=\"article:modified_time\" content=\"2020-07-25T15:22:16+00:00\" \/>\n<meta property=\"og:image\" content=\"https:\/\/www.sunnyplants.com\/wp-content\/uploads\/fluffy-pack.jpg\" \/>\n\t<meta property=\"og:image:width\" content=\"900\" \/>\n\t<meta property=\"og:image:height\" content=\"900\" \/>\n\t<meta property=\"og:image:type\" content=\"image\/jpeg\" \/>\n<meta name=\"twitter:card\" content=\"summary_large_image\" \/>\n<meta name=\"twitter:label1\" content=\"Gesch\u00e4tzte Lesezeit\" \/>\n\t<meta name=\"twitter:data1\" content=\"1 minute\" \/>\n<script type=\"application\/ld+json\" class=\"yoast-schema-graph\">{\"@context\":\"https:\\\/\\\/schema.org\",\"@graph\":[{\"@type\":\"WebPage\",\"@id\":\"https:\\\/\\\/www.sunnyplants.com\\\/de\\\/shop\\\/fluffy-pack-stecklinge\",\"url\":\"https:\\\/\\\/www.sunnyplants.com\\\/de\\\/shop\\\/fluffy-pack-stecklinge\",\"name\":\"Fluffy Pack - 3 Stecklinge - Sunnyplants.com\",\"isPartOf\":{\"@id\":\"https:\\\/\\\/www.sunnyplants.com\\\/de#website\"},\"primaryImageOfPage\":{\"@id\":\"https:\\\/\\\/www.sunnyplants.com\\\/de\\\/shop\\\/fluffy-pack-stecklinge#primaryimage\"},\"image\":{\"@id\":\"https:\\\/\\\/www.sunnyplants.com\\\/de\\\/shop\\\/fluffy-pack-stecklinge#primaryimage\"},\"thumbnailUrl\":\"https:\\\/\\\/www.sunnyplants.com\\\/wp-content\\\/uploads\\\/fluffy-pack.jpg\",\"datePublished\":\"2020-07-22T07:00:33+00:00\",\"dateModified\":\"2020-07-25T15:22:16+00:00\",\"description\":\"Sie erhalten 3 verschiedene Fluffy Sukkulenten Stecklinge in verschiedenen Gr\u00f6\u00dfen und Farben. Diese Sukkulenten Stecklinge werden von uns nach dem Zufallsprinzip gepfl\u00fcckt und ohne Etikett geliefert. Sie werden sorgf\u00e4ltig in Seidenpapier verpackt. Die Sukkulenten Stecklinge sind nicht gewurzelt. Wir senden Ihnen jedoch verwurzelte Sukkulenten, wenn diese verf\u00fcgbar sind. Verwurzelung ist einfach und dauert in der Regel 2-3 Wochen.\",\"breadcrumb\":{\"@id\":\"https:\\\/\\\/www.sunnyplants.com\\\/de\\\/shop\\\/fluffy-pack-stecklinge#breadcrumb\"},\"inLanguage\":\"de-DE\",\"potentialAction\":[{\"@type\":\"ReadAction\",\"target\":[\"https:\\\/\\\/www.sunnyplants.com\\\/de\\\/shop\\\/fluffy-pack-stecklinge\"]}]},{\"@type\":\"ImageObject\",\"inLanguage\":\"de-DE\",\"@id\":\"https:\\\/\\\/www.sunnyplants.com\\\/de\\\/shop\\\/fluffy-pack-stecklinge#primaryimage\",\"url\":\"https:\\\/\\\/www.sunnyplants.com\\\/wp-content\\\/uploads\\\/fluffy-pack.jpg\",\"contentUrl\":\"https:\\\/\\\/www.sunnyplants.com\\\/wp-content\\\/uploads\\\/fluffy-pack.jpg\",\"width\":900,\"height\":900},{\"@type\":\"BreadcrumbList\",\"@id\":\"https:\\\/\\\/www.sunnyplants.com\\\/de\\\/shop\\\/fluffy-pack-stecklinge#breadcrumb\",\"itemListElement\":[{\"@type\":\"ListItem\",\"position\":1,\"name\":\"Home\",\"item\":\"https:\\\/\\\/www.sunnyplants.com\\\/de\\\/sunnyplants-de\"},{\"@type\":\"ListItem\",\"position\":2,\"name\":\"Shop\",\"item\":\"https:\\\/\\\/www.sunnyplants.com\\\/de\\\/shop-2\"},{\"@type\":\"ListItem\",\"position\":3,\"name\":\"Fluffy Pack &#8211; 3 Stecklinge\"}]},{\"@type\":\"WebSite\",\"@id\":\"https:\\\/\\\/www.sunnyplants.com\\\/de#website\",\"url\":\"https:\\\/\\\/www.sunnyplants.com\\\/de\",\"name\":\"Sunnyplants.com\",\"description\":\"Lithops, Conophytums and other Mesembs &amp; Succulents\",\"potentialAction\":[{\"@type\":\"SearchAction\",\"target\":{\"@type\":\"EntryPoint\",\"urlTemplate\":\"https:\\\/\\\/www.sunnyplants.com\\\/de?s={search_term_string}\"},\"query-input\":{\"@type\":\"PropertyValueSpecification\",\"valueRequired\":true,\"valueName\":\"search_term_string\"}}],\"inLanguage\":\"de-DE\"}]}<\/script>\n<!-- \/ Yoast SEO plugin. -->","yoast_head_json":{"title":"Fluffy Pack - 3 Stecklinge - Sunnyplants.com","description":"Sie erhalten 3 verschiedene Fluffy Sukkulenten Stecklinge in verschiedenen Gr\u00f6\u00dfen und Farben. Diese Sukkulenten Stecklinge werden von uns nach dem Zufallsprinzip gepfl\u00fcckt und ohne Etikett geliefert. Sie werden sorgf\u00e4ltig in Seidenpapier verpackt. Die Sukkulenten Stecklinge sind nicht gewurzelt. Wir senden Ihnen jedoch verwurzelte Sukkulenten, wenn diese verf\u00fcgbar sind. Verwurzelung ist einfach und dauert in der Regel 2-3 Wochen.","robots":{"index":"index","follow":"follow","max-snippet":"max-snippet:-1","max-image-preview":"max-image-preview:large","max-video-preview":"max-video-preview:-1"},"canonical":"https:\/\/www.sunnyplants.com\/de\/shop\/fluffy-pack-stecklinge","og_locale":"de_DE","og_type":"article","og_title":"Fluffy Pack - 3 Stecklinge - Sunnyplants.com","og_description":"Sie erhalten 3 verschiedene Fluffy Sukkulenten Stecklinge in verschiedenen Gr\u00f6\u00dfen und Farben. Diese Sukkulenten Stecklinge werden von uns nach dem Zufallsprinzip gepfl\u00fcckt und ohne Etikett geliefert. Sie werden sorgf\u00e4ltig in Seidenpapier verpackt. Die Sukkulenten Stecklinge sind nicht gewurzelt. Wir senden Ihnen jedoch verwurzelte Sukkulenten, wenn diese verf\u00fcgbar sind. Verwurzelung ist einfach und dauert in der Regel 2-3 Wochen.","og_url":"https:\/\/www.sunnyplants.com\/de\/shop\/fluffy-pack-stecklinge","og_site_name":"Sunnyplants.com","article_publisher":"https:\/\/nl-nl.facebook.com\/pages\/category\/Internet-Company\/Sunnyplantscom-1835401900058481\/","article_modified_time":"2020-07-25T15:22:16+00:00","og_image":[{"width":900,"height":900,"url":"https:\/\/www.sunnyplants.com\/wp-content\/uploads\/fluffy-pack.jpg","type":"image\/jpeg"}],"twitter_card":"summary_large_image","twitter_misc":{"Gesch\u00e4tzte Lesezeit":"1 minute"},"schema":{"@context":"https:\/\/schema.org","@graph":[{"@type":"WebPage","@id":"https:\/\/www.sunnyplants.com\/de\/shop\/fluffy-pack-stecklinge","url":"https:\/\/www.sunnyplants.com\/de\/shop\/fluffy-pack-stecklinge","name":"Fluffy Pack - 3 Stecklinge - Sunnyplants.com","isPartOf":{"@id":"https:\/\/www.sunnyplants.com\/de#website"},"primaryImageOfPage":{"@id":"https:\/\/www.sunnyplants.com\/de\/shop\/fluffy-pack-stecklinge#primaryimage"},"image":{"@id":"https:\/\/www.sunnyplants.com\/de\/shop\/fluffy-pack-stecklinge#primaryimage"},"thumbnailUrl":"https:\/\/www.sunnyplants.com\/wp-content\/uploads\/fluffy-pack.jpg","datePublished":"2020-07-22T07:00:33+00:00","dateModified":"2020-07-25T15:22:16+00:00","description":"Sie erhalten 3 verschiedene Fluffy Sukkulenten Stecklinge in verschiedenen Gr\u00f6\u00dfen und Farben. Diese Sukkulenten Stecklinge werden von uns nach dem Zufallsprinzip gepfl\u00fcckt und ohne Etikett geliefert. Sie werden sorgf\u00e4ltig in Seidenpapier verpackt. Die Sukkulenten Stecklinge sind nicht gewurzelt. Wir senden Ihnen jedoch verwurzelte Sukkulenten, wenn diese verf\u00fcgbar sind. Verwurzelung ist einfach und dauert in der Regel 2-3 Wochen.","breadcrumb":{"@id":"https:\/\/www.sunnyplants.com\/de\/shop\/fluffy-pack-stecklinge#breadcrumb"},"inLanguage":"de-DE","potentialAction":[{"@type":"ReadAction","target":["https:\/\/www.sunnyplants.com\/de\/shop\/fluffy-pack-stecklinge"]}]},{"@type":"ImageObject","inLanguage":"de-DE","@id":"https:\/\/www.sunnyplants.com\/de\/shop\/fluffy-pack-stecklinge#primaryimage","url":"https:\/\/www.sunnyplants.com\/wp-content\/uploads\/fluffy-pack.jpg","contentUrl":"https:\/\/www.sunnyplants.com\/wp-content\/uploads\/fluffy-pack.jpg","width":900,"height":900},{"@type":"BreadcrumbList","@id":"https:\/\/www.sunnyplants.com\/de\/shop\/fluffy-pack-stecklinge#breadcrumb","itemListElement":[{"@type":"ListItem","position":1,"name":"Home","item":"https:\/\/www.sunnyplants.com\/de\/sunnyplants-de"},{"@type":"ListItem","position":2,"name":"Shop","item":"https:\/\/www.sunnyplants.com\/de\/shop-2"},{"@type":"ListItem","position":3,"name":"Fluffy Pack &#8211; 3 Stecklinge"}]},{"@type":"WebSite","@id":"https:\/\/www.sunnyplants.com\/de#website","url":"https:\/\/www.sunnyplants.com\/de","name":"Sunnyplants.com","description":"Lithops, Conophytums and other Mesembs &amp; Succulents","potentialAction":[{"@type":"SearchAction","target":{"@type":"EntryPoint","urlTemplate":"https:\/\/www.sunnyplants.com\/de?s={search_term_string}"},"query-input":{"@type":"PropertyValueSpecification","valueRequired":true,"valueName":"search_term_string"}}],"inLanguage":"de-DE"}]}},"jetpack_sharing_enabled":true,"_links":{"self":[{"href":"https:\/\/www.sunnyplants.com\/de\/wp-json\/wp\/v2\/product\/27172","targetHints":{"allow":["GET"]}}],"collection":[{"href":"https:\/\/www.sunnyplants.com\/de\/wp-json\/wp\/v2\/product"}],"about":[{"href":"https:\/\/www.sunnyplants.com\/de\/wp-json\/wp\/v2\/types\/product"}],"replies":[{"embeddable":true,"href":"https:\/\/www.sunnyplants.com\/de\/wp-json\/wp\/v2\/comments?post=27172"}],"wp:featuredmedia":[{"embeddable":true,"href":"https:\/\/www.sunnyplants.com\/de\/wp-json\/wp\/v2\/media\/27182"}],"wp:attachment":[{"href":"https:\/\/www.sunnyplants.com\/de\/wp-json\/wp\/v2\/media?parent=27172"}],"wp:term":[{"taxonomy":"product_brand","embeddable":true,"href":"https:\/\/www.sunnyplants.com\/de\/wp-json\/wp\/v2\/product_brand?post=27172"},{"taxonomy":"product_cat","embeddable":true,"href":"https:\/\/www.sunnyplants.com\/de\/wp-json\/wp\/v2\/product_cat?post=27172"},{"taxonomy":"product_tag","embeddable":true,"href":"https:\/\/www.sunnyplants.com\/de\/wp-json\/wp\/v2\/product_tag?post=27172"}],"curies":[{"name":"wp","href":"https:\/\/api.w.org\/{rel}","templated":true}]}}