{"id":29037,"date":"2020-07-28T10:28:16","date_gmt":"2020-10-30T10:28:17","guid":{"rendered":"https:\/\/www.sunnyplants.com\/?post_type=product&#038;p=29037"},"modified":"2021-01-07T14:30:29","modified_gmt":"2021-01-07T14:30:29","slug":"monstera-deliciosa-fensterblatt-pflanzen","status":"publish","type":"product","link":"https:\/\/www.sunnyplants.com\/de\/shop\/monstera-deliciosa-fensterblatt-pflanzen","title":{"rendered":"Monstera deliciosa &#8211; Fensterblatt &#8211; Pflanzen"},"content":{"rendered":"<p>Monstera deliciosa ist eine gro\u00dfartige Zimmerpflanze. Es kann sehr gro\u00df werden. Es braucht mittleres bis helles Licht. Ein torfbasierter, sehr lockerer Boden ist f\u00fcr diese Pflanze am besten geeignet. Sie k\u00f6nnen unser <a href=\"https:\/\/www.sunnyplants.com\/de\/shop\/sphagnum-torfmoos\">Sphagnum Torfmoos<\/a> verwenden, wenn Sie m\u00f6chten. Halten Sie Temperaturen von 20-30 \u00b0 C f\u00fcr ein optimales Wachstum ein. Je nach Temperatur alle 1-2 Wochen gie\u00dfen. Es ist ein schneller Z\u00fcchter, also gib ihm ab und zu etwas Nahrung.<\/p>\n","protected":false},"excerpt":{"rendered":"<p>Nettes Baby Monstera deliciosa &#8211; Fensterblatt &#8211; Pflanzen zum Verkauf.<\/p>\n","protected":false},"featured_media":29043,"comment_status":"open","ping_status":"closed","template":"","meta":[],"product_brand":[],"product_cat":[234,1835],"product_tag":[835,854,843,834],"class_list":{"0":"post-29037","1":"product","2":"type-product","3":"status-publish","4":"has-post-thumbnail","6":"product_cat-pflanzen","7":"product_cat-tropische-pflanzen","8":"product_tag-dschungelpflanzen","9":"product_tag-stammstecklinge","10":"product_tag-stecklinge","11":"product_tag-zimmerpflanzen","12":"product_shipping_class-cuttings-small-plants-de","13":"pa_family-araceae-de","14":"pa_leaf-color-gruen","15":"pa_product-type-pflanzen","16":"pa_quantity-1-pflanze","17":"pa_size-4-6-cm-de","19":"first","20":"outofstock","21":"featured","22":"taxable","23":"shipping-taxable","24":"purchasable","25":"product-type-simple"},"yoast_head":"<!-- This site is optimized with the Yoast SEO plugin v27.5 - https:\/\/yoast.com\/product\/yoast-seo-wordpress\/ -->\n<title>Monstera deliciosa - Fensterblatt - Pflanzen - Sunnyplants.com<\/title>\n<meta name=\"description\" content=\"Nettes Baby Monstera deliciosa - Fensterblatt - Pflanzen zum Verkauf.\" \/>\n<meta name=\"robots\" content=\"index, follow, max-snippet:-1, max-image-preview:large, max-video-preview:-1\" \/>\n<link rel=\"canonical\" href=\"https:\/\/www.sunnyplants.com\/de\/shop\/monstera-deliciosa-fensterblatt-pflanzen\" \/>\n<meta property=\"og:locale\" content=\"de_DE\" \/>\n<meta property=\"og:type\" content=\"article\" \/>\n<meta property=\"og:title\" content=\"Monstera deliciosa - Fensterblatt - Pflanzen - Sunnyplants.com\" \/>\n<meta property=\"og:description\" content=\"Nettes Baby Monstera deliciosa - Fensterblatt - Pflanzen zum Verkauf.\" \/>\n<meta property=\"og:url\" content=\"https:\/\/www.sunnyplants.com\/de\/shop\/monstera-deliciosa-fensterblatt-pflanzen\" \/>\n<meta property=\"og:site_name\" content=\"Sunnyplants.com\" \/>\n<meta property=\"article:publisher\" content=\"https:\/\/nl-nl.facebook.com\/pages\/category\/Internet-Company\/Sunnyplantscom-1835401900058481\/\" \/>\n<meta property=\"article:modified_time\" content=\"2021-01-07T14:30:29+00:00\" \/>\n<meta property=\"og:image\" content=\"https:\/\/www.sunnyplants.com\/wp-content\/uploads\/monstera-deliciosa-2.jpg\" \/>\n\t<meta property=\"og:image:width\" content=\"2254\" \/>\n\t<meta property=\"og:image:height\" content=\"2254\" \/>\n\t<meta property=\"og:image:type\" content=\"image\/jpeg\" \/>\n<meta name=\"twitter:card\" content=\"summary_large_image\" \/>\n<script type=\"application\/ld+json\" class=\"yoast-schema-graph\">{\"@context\":\"https:\\\/\\\/schema.org\",\"@graph\":[{\"@type\":\"WebPage\",\"@id\":\"https:\\\/\\\/www.sunnyplants.com\\\/de\\\/shop\\\/monstera-deliciosa-fensterblatt-pflanzen\",\"url\":\"https:\\\/\\\/www.sunnyplants.com\\\/de\\\/shop\\\/monstera-deliciosa-fensterblatt-pflanzen\",\"name\":\"Monstera deliciosa - Fensterblatt - Pflanzen - Sunnyplants.com\",\"isPartOf\":{\"@id\":\"https:\\\/\\\/www.sunnyplants.com\\\/de#website\"},\"primaryImageOfPage\":{\"@id\":\"https:\\\/\\\/www.sunnyplants.com\\\/de\\\/shop\\\/monstera-deliciosa-fensterblatt-pflanzen#primaryimage\"},\"image\":{\"@id\":\"https:\\\/\\\/www.sunnyplants.com\\\/de\\\/shop\\\/monstera-deliciosa-fensterblatt-pflanzen#primaryimage\"},\"thumbnailUrl\":\"https:\\\/\\\/www.sunnyplants.com\\\/wp-content\\\/uploads\\\/monstera-deliciosa-2.jpg\",\"datePublished\":\"2020-10-30T10:28:17+00:00\",\"dateModified\":\"2021-01-07T14:30:29+00:00\",\"description\":\"Nettes Baby Monstera deliciosa - Fensterblatt - Pflanzen zum Verkauf.\",\"breadcrumb\":{\"@id\":\"https:\\\/\\\/www.sunnyplants.com\\\/de\\\/shop\\\/monstera-deliciosa-fensterblatt-pflanzen#breadcrumb\"},\"inLanguage\":\"de-DE\",\"potentialAction\":[{\"@type\":\"ReadAction\",\"target\":[\"https:\\\/\\\/www.sunnyplants.com\\\/de\\\/shop\\\/monstera-deliciosa-fensterblatt-pflanzen\"]}]},{\"@type\":\"ImageObject\",\"inLanguage\":\"de-DE\",\"@id\":\"https:\\\/\\\/www.sunnyplants.com\\\/de\\\/shop\\\/monstera-deliciosa-fensterblatt-pflanzen#primaryimage\",\"url\":\"https:\\\/\\\/www.sunnyplants.com\\\/wp-content\\\/uploads\\\/monstera-deliciosa-2.jpg\",\"contentUrl\":\"https:\\\/\\\/www.sunnyplants.com\\\/wp-content\\\/uploads\\\/monstera-deliciosa-2.jpg\",\"width\":2254,\"height\":2254},{\"@type\":\"BreadcrumbList\",\"@id\":\"https:\\\/\\\/www.sunnyplants.com\\\/de\\\/shop\\\/monstera-deliciosa-fensterblatt-pflanzen#breadcrumb\",\"itemListElement\":[{\"@type\":\"ListItem\",\"position\":1,\"name\":\"Home\",\"item\":\"https:\\\/\\\/www.sunnyplants.com\\\/de\\\/sunnyplants-de\"},{\"@type\":\"ListItem\",\"position\":2,\"name\":\"Shop\",\"item\":\"https:\\\/\\\/www.sunnyplants.com\\\/de\\\/shop-2\"},{\"@type\":\"ListItem\",\"position\":3,\"name\":\"Monstera deliciosa &#8211; Fensterblatt &#8211; Pflanzen\"}]},{\"@type\":\"WebSite\",\"@id\":\"https:\\\/\\\/www.sunnyplants.com\\\/de#website\",\"url\":\"https:\\\/\\\/www.sunnyplants.com\\\/de\",\"name\":\"Sunnyplants.com\",\"description\":\"Lithops, Conophytums and other Mesembs &amp; Succulents\",\"potentialAction\":[{\"@type\":\"SearchAction\",\"target\":{\"@type\":\"EntryPoint\",\"urlTemplate\":\"https:\\\/\\\/www.sunnyplants.com\\\/de?s={search_term_string}\"},\"query-input\":{\"@type\":\"PropertyValueSpecification\",\"valueRequired\":true,\"valueName\":\"search_term_string\"}}],\"inLanguage\":\"de-DE\"}]}<\/script>\n<!-- \/ Yoast SEO plugin. -->","yoast_head_json":{"title":"Monstera deliciosa - Fensterblatt - Pflanzen - Sunnyplants.com","description":"Nettes Baby Monstera deliciosa - Fensterblatt - Pflanzen zum Verkauf.","robots":{"index":"index","follow":"follow","max-snippet":"max-snippet:-1","max-image-preview":"max-image-preview:large","max-video-preview":"max-video-preview:-1"},"canonical":"https:\/\/www.sunnyplants.com\/de\/shop\/monstera-deliciosa-fensterblatt-pflanzen","og_locale":"de_DE","og_type":"article","og_title":"Monstera deliciosa - Fensterblatt - Pflanzen - Sunnyplants.com","og_description":"Nettes Baby Monstera deliciosa - Fensterblatt - Pflanzen zum Verkauf.","og_url":"https:\/\/www.sunnyplants.com\/de\/shop\/monstera-deliciosa-fensterblatt-pflanzen","og_site_name":"Sunnyplants.com","article_publisher":"https:\/\/nl-nl.facebook.com\/pages\/category\/Internet-Company\/Sunnyplantscom-1835401900058481\/","article_modified_time":"2021-01-07T14:30:29+00:00","og_image":[{"width":2254,"height":2254,"url":"https:\/\/www.sunnyplants.com\/wp-content\/uploads\/monstera-deliciosa-2.jpg","type":"image\/jpeg"}],"twitter_card":"summary_large_image","schema":{"@context":"https:\/\/schema.org","@graph":[{"@type":"WebPage","@id":"https:\/\/www.sunnyplants.com\/de\/shop\/monstera-deliciosa-fensterblatt-pflanzen","url":"https:\/\/www.sunnyplants.com\/de\/shop\/monstera-deliciosa-fensterblatt-pflanzen","name":"Monstera deliciosa - Fensterblatt - Pflanzen - Sunnyplants.com","isPartOf":{"@id":"https:\/\/www.sunnyplants.com\/de#website"},"primaryImageOfPage":{"@id":"https:\/\/www.sunnyplants.com\/de\/shop\/monstera-deliciosa-fensterblatt-pflanzen#primaryimage"},"image":{"@id":"https:\/\/www.sunnyplants.com\/de\/shop\/monstera-deliciosa-fensterblatt-pflanzen#primaryimage"},"thumbnailUrl":"https:\/\/www.sunnyplants.com\/wp-content\/uploads\/monstera-deliciosa-2.jpg","datePublished":"2020-10-30T10:28:17+00:00","dateModified":"2021-01-07T14:30:29+00:00","description":"Nettes Baby Monstera deliciosa - Fensterblatt - Pflanzen zum Verkauf.","breadcrumb":{"@id":"https:\/\/www.sunnyplants.com\/de\/shop\/monstera-deliciosa-fensterblatt-pflanzen#breadcrumb"},"inLanguage":"de-DE","potentialAction":[{"@type":"ReadAction","target":["https:\/\/www.sunnyplants.com\/de\/shop\/monstera-deliciosa-fensterblatt-pflanzen"]}]},{"@type":"ImageObject","inLanguage":"de-DE","@id":"https:\/\/www.sunnyplants.com\/de\/shop\/monstera-deliciosa-fensterblatt-pflanzen#primaryimage","url":"https:\/\/www.sunnyplants.com\/wp-content\/uploads\/monstera-deliciosa-2.jpg","contentUrl":"https:\/\/www.sunnyplants.com\/wp-content\/uploads\/monstera-deliciosa-2.jpg","width":2254,"height":2254},{"@type":"BreadcrumbList","@id":"https:\/\/www.sunnyplants.com\/de\/shop\/monstera-deliciosa-fensterblatt-pflanzen#breadcrumb","itemListElement":[{"@type":"ListItem","position":1,"name":"Home","item":"https:\/\/www.sunnyplants.com\/de\/sunnyplants-de"},{"@type":"ListItem","position":2,"name":"Shop","item":"https:\/\/www.sunnyplants.com\/de\/shop-2"},{"@type":"ListItem","position":3,"name":"Monstera deliciosa &#8211; Fensterblatt &#8211; Pflanzen"}]},{"@type":"WebSite","@id":"https:\/\/www.sunnyplants.com\/de#website","url":"https:\/\/www.sunnyplants.com\/de","name":"Sunnyplants.com","description":"Lithops, Conophytums and other Mesembs &amp; Succulents","potentialAction":[{"@type":"SearchAction","target":{"@type":"EntryPoint","urlTemplate":"https:\/\/www.sunnyplants.com\/de?s={search_term_string}"},"query-input":{"@type":"PropertyValueSpecification","valueRequired":true,"valueName":"search_term_string"}}],"inLanguage":"de-DE"}]}},"jetpack_sharing_enabled":true,"_links":{"self":[{"href":"https:\/\/www.sunnyplants.com\/de\/wp-json\/wp\/v2\/product\/29037","targetHints":{"allow":["GET"]}}],"collection":[{"href":"https:\/\/www.sunnyplants.com\/de\/wp-json\/wp\/v2\/product"}],"about":[{"href":"https:\/\/www.sunnyplants.com\/de\/wp-json\/wp\/v2\/types\/product"}],"replies":[{"embeddable":true,"href":"https:\/\/www.sunnyplants.com\/de\/wp-json\/wp\/v2\/comments?post=29037"}],"wp:featuredmedia":[{"embeddable":true,"href":"https:\/\/www.sunnyplants.com\/de\/wp-json\/wp\/v2\/media\/29043"}],"wp:attachment":[{"href":"https:\/\/www.sunnyplants.com\/de\/wp-json\/wp\/v2\/media?parent=29037"}],"wp:term":[{"taxonomy":"product_brand","embeddable":true,"href":"https:\/\/www.sunnyplants.com\/de\/wp-json\/wp\/v2\/product_brand?post=29037"},{"taxonomy":"product_cat","embeddable":true,"href":"https:\/\/www.sunnyplants.com\/de\/wp-json\/wp\/v2\/product_cat?post=29037"},{"taxonomy":"product_tag","embeddable":true,"href":"https:\/\/www.sunnyplants.com\/de\/wp-json\/wp\/v2\/product_tag?post=29037"}],"curies":[{"name":"wp","href":"https:\/\/api.w.org\/{rel}","templated":true}]}}