{"id":29056,"date":"2020-10-31T07:07:56","date_gmt":"2020-10-31T07:07:56","guid":{"rendered":"https:\/\/www.sunnyplants.com\/?post_type=product&#038;p=29056"},"modified":"2021-05-10T20:57:29","modified_gmt":"2021-05-10T20:57:29","slug":"sphagnum-torfmoos","status":"publish","type":"product","link":"https:\/\/www.sunnyplants.com\/de\/shop\/sphagnum-torfmoos","title":{"rendered":"Sphagnum Torfmoos (500 ml)"},"content":{"rendered":"<p>Sphagnum Torfmoos (500 ml) ist ein Naturprodukt, das f\u00fcr viele tropische Pflanzen wie <a href=\"https:\/\/www.sunnyplants.com\/de\/shop\/monstera-deliciosa-fensterblatt-pflanzen\">Monstera<\/a>, Philodendron, Orchideen und andere Dschungelbewohner verwendet wird. Die Partikel dieses Sphagnum Torfmoos sind sehr grob. Sie k\u00f6nnen sie von Hand so fein machen, wie Sie m\u00f6chten. Je gr\u00f6ber das Material, desto luftiger der Boden. Wie der Waldboden in einem Dschungel. Sphagnum Torfmoos enth\u00e4lt keine Nahrung. Wir empfehlen, ab und zu etwas <a href=\"https:\/\/www.sunnyplants.com\/de\/shop\/kaktus-sukkulenten-ernahrung\">D\u00fcnger<\/a> zu verwenden, zum Beispiel jede dritte Bew\u00e4sserung.<\/p>\n","protected":false},"excerpt":{"rendered":"<p>Sphagnum Torfmoos (500 ml) eignet sich perfekt zum Pflanzen und Keimen von Samen von Wald- und Dschungelbewohnern wie <a href=\"https:\/\/www.sunnyplants.com\/de\/shop\/monstera-deliciosa-fensterblatt-pflanzen\">Monstera<\/a> und Philodendron. Sie k\u00f6nnen es in reiner Form oder in einer Mischung verwenden.<\/p>\n","protected":false},"featured_media":29062,"comment_status":"open","ping_status":"closed","template":"","meta":[],"product_brand":[],"product_cat":[1364,1361],"product_tag":[],"class_list":{"0":"post-29056","1":"product","2":"type-product","3":"status-publish","4":"has-post-thumbnail","6":"product_cat-erden-ernaehrung","7":"product_cat-zubehoer","8":"product_shipping_class-soil-de","9":"pa_quantity-500-ml-de","11":"first","12":"outofstock","13":"taxable","14":"shipping-taxable","15":"purchasable","16":"product-type-simple"},"yoast_head":"<!-- This site is optimized with the Yoast SEO plugin v27.5 - https:\/\/yoast.com\/product\/yoast-seo-wordpress\/ -->\n<title>Sphagnum Torfmoos (500 ml) - Sunnyplants.com<\/title>\n<meta name=\"description\" content=\"Sphagnum Torfmoos (500 ml) eignet sich perfekt zum Pflanzen und Keimen von Samen von Wald- und Dschungelbewohnern wie Monstera und Philodendron. Sie k\u00f6nnen es in reiner Form oder in einer Mischung verwenden.\" \/>\n<meta name=\"robots\" content=\"index, follow, max-snippet:-1, max-image-preview:large, max-video-preview:-1\" \/>\n<link rel=\"canonical\" href=\"https:\/\/www.sunnyplants.com\/de\/shop\/sphagnum-torfmoos\" \/>\n<meta property=\"og:locale\" content=\"de_DE\" \/>\n<meta property=\"og:type\" content=\"article\" \/>\n<meta property=\"og:title\" content=\"Sphagnum Torfmoos (500 ml) - Sunnyplants.com\" \/>\n<meta property=\"og:description\" content=\"Sphagnum Torfmoos (500 ml) eignet sich perfekt zum Pflanzen und Keimen von Samen von Wald- und Dschungelbewohnern wie Monstera und Philodendron. Sie k\u00f6nnen es in reiner Form oder in einer Mischung verwenden.\" \/>\n<meta property=\"og:url\" content=\"https:\/\/www.sunnyplants.com\/de\/shop\/sphagnum-torfmoos\" \/>\n<meta property=\"og:site_name\" content=\"Sunnyplants.com\" \/>\n<meta property=\"article:publisher\" content=\"https:\/\/nl-nl.facebook.com\/pages\/category\/Internet-Company\/Sunnyplantscom-1835401900058481\/\" \/>\n<meta property=\"article:modified_time\" content=\"2021-05-10T20:57:29+00:00\" \/>\n<meta property=\"og:image\" content=\"https:\/\/www.sunnyplants.com\/wp-content\/uploads\/sphagnum-peat-moss.jpg\" \/>\n\t<meta property=\"og:image:width\" content=\"900\" \/>\n\t<meta property=\"og:image:height\" content=\"900\" \/>\n\t<meta property=\"og:image:type\" content=\"image\/jpeg\" \/>\n<meta name=\"twitter:card\" content=\"summary_large_image\" \/>\n<script type=\"application\/ld+json\" class=\"yoast-schema-graph\">{\"@context\":\"https:\\\/\\\/schema.org\",\"@graph\":[{\"@type\":\"WebPage\",\"@id\":\"https:\\\/\\\/www.sunnyplants.com\\\/de\\\/shop\\\/sphagnum-torfmoos\",\"url\":\"https:\\\/\\\/www.sunnyplants.com\\\/de\\\/shop\\\/sphagnum-torfmoos\",\"name\":\"Sphagnum Torfmoos (500 ml) - Sunnyplants.com\",\"isPartOf\":{\"@id\":\"https:\\\/\\\/www.sunnyplants.com\\\/de#website\"},\"primaryImageOfPage\":{\"@id\":\"https:\\\/\\\/www.sunnyplants.com\\\/de\\\/shop\\\/sphagnum-torfmoos#primaryimage\"},\"image\":{\"@id\":\"https:\\\/\\\/www.sunnyplants.com\\\/de\\\/shop\\\/sphagnum-torfmoos#primaryimage\"},\"thumbnailUrl\":\"https:\\\/\\\/www.sunnyplants.com\\\/wp-content\\\/uploads\\\/sphagnum-peat-moss.jpg\",\"datePublished\":\"2020-10-31T07:07:56+00:00\",\"dateModified\":\"2021-05-10T20:57:29+00:00\",\"description\":\"Sphagnum Torfmoos (500 ml) eignet sich perfekt zum Pflanzen und Keimen von Samen von Wald- und Dschungelbewohnern wie Monstera und Philodendron. Sie k\u00f6nnen es in reiner Form oder in einer Mischung verwenden.\",\"breadcrumb\":{\"@id\":\"https:\\\/\\\/www.sunnyplants.com\\\/de\\\/shop\\\/sphagnum-torfmoos#breadcrumb\"},\"inLanguage\":\"de-DE\",\"potentialAction\":[{\"@type\":\"ReadAction\",\"target\":[\"https:\\\/\\\/www.sunnyplants.com\\\/de\\\/shop\\\/sphagnum-torfmoos\"]}]},{\"@type\":\"ImageObject\",\"inLanguage\":\"de-DE\",\"@id\":\"https:\\\/\\\/www.sunnyplants.com\\\/de\\\/shop\\\/sphagnum-torfmoos#primaryimage\",\"url\":\"https:\\\/\\\/www.sunnyplants.com\\\/wp-content\\\/uploads\\\/sphagnum-peat-moss.jpg\",\"contentUrl\":\"https:\\\/\\\/www.sunnyplants.com\\\/wp-content\\\/uploads\\\/sphagnum-peat-moss.jpg\",\"width\":900,\"height\":900},{\"@type\":\"BreadcrumbList\",\"@id\":\"https:\\\/\\\/www.sunnyplants.com\\\/de\\\/shop\\\/sphagnum-torfmoos#breadcrumb\",\"itemListElement\":[{\"@type\":\"ListItem\",\"position\":1,\"name\":\"Home\",\"item\":\"https:\\\/\\\/www.sunnyplants.com\\\/de\\\/sunnyplants-de\"},{\"@type\":\"ListItem\",\"position\":2,\"name\":\"Shop\",\"item\":\"https:\\\/\\\/www.sunnyplants.com\\\/de\\\/shop-2\"},{\"@type\":\"ListItem\",\"position\":3,\"name\":\"Sphagnum Torfmoos (500 ml)\"}]},{\"@type\":\"WebSite\",\"@id\":\"https:\\\/\\\/www.sunnyplants.com\\\/de#website\",\"url\":\"https:\\\/\\\/www.sunnyplants.com\\\/de\",\"name\":\"Sunnyplants.com\",\"description\":\"Lithops, Conophytums and other Mesembs &amp; Succulents\",\"potentialAction\":[{\"@type\":\"SearchAction\",\"target\":{\"@type\":\"EntryPoint\",\"urlTemplate\":\"https:\\\/\\\/www.sunnyplants.com\\\/de?s={search_term_string}\"},\"query-input\":{\"@type\":\"PropertyValueSpecification\",\"valueRequired\":true,\"valueName\":\"search_term_string\"}}],\"inLanguage\":\"de-DE\"}]}<\/script>\n<!-- \/ Yoast SEO plugin. -->","yoast_head_json":{"title":"Sphagnum Torfmoos (500 ml) - Sunnyplants.com","description":"Sphagnum Torfmoos (500 ml) eignet sich perfekt zum Pflanzen und Keimen von Samen von Wald- und Dschungelbewohnern wie Monstera und Philodendron. Sie k\u00f6nnen es in reiner Form oder in einer Mischung verwenden.","robots":{"index":"index","follow":"follow","max-snippet":"max-snippet:-1","max-image-preview":"max-image-preview:large","max-video-preview":"max-video-preview:-1"},"canonical":"https:\/\/www.sunnyplants.com\/de\/shop\/sphagnum-torfmoos","og_locale":"de_DE","og_type":"article","og_title":"Sphagnum Torfmoos (500 ml) - Sunnyplants.com","og_description":"Sphagnum Torfmoos (500 ml) eignet sich perfekt zum Pflanzen und Keimen von Samen von Wald- und Dschungelbewohnern wie Monstera und Philodendron. Sie k\u00f6nnen es in reiner Form oder in einer Mischung verwenden.","og_url":"https:\/\/www.sunnyplants.com\/de\/shop\/sphagnum-torfmoos","og_site_name":"Sunnyplants.com","article_publisher":"https:\/\/nl-nl.facebook.com\/pages\/category\/Internet-Company\/Sunnyplantscom-1835401900058481\/","article_modified_time":"2021-05-10T20:57:29+00:00","og_image":[{"width":900,"height":900,"url":"https:\/\/www.sunnyplants.com\/wp-content\/uploads\/sphagnum-peat-moss.jpg","type":"image\/jpeg"}],"twitter_card":"summary_large_image","schema":{"@context":"https:\/\/schema.org","@graph":[{"@type":"WebPage","@id":"https:\/\/www.sunnyplants.com\/de\/shop\/sphagnum-torfmoos","url":"https:\/\/www.sunnyplants.com\/de\/shop\/sphagnum-torfmoos","name":"Sphagnum Torfmoos (500 ml) - Sunnyplants.com","isPartOf":{"@id":"https:\/\/www.sunnyplants.com\/de#website"},"primaryImageOfPage":{"@id":"https:\/\/www.sunnyplants.com\/de\/shop\/sphagnum-torfmoos#primaryimage"},"image":{"@id":"https:\/\/www.sunnyplants.com\/de\/shop\/sphagnum-torfmoos#primaryimage"},"thumbnailUrl":"https:\/\/www.sunnyplants.com\/wp-content\/uploads\/sphagnum-peat-moss.jpg","datePublished":"2020-10-31T07:07:56+00:00","dateModified":"2021-05-10T20:57:29+00:00","description":"Sphagnum Torfmoos (500 ml) eignet sich perfekt zum Pflanzen und Keimen von Samen von Wald- und Dschungelbewohnern wie Monstera und Philodendron. Sie k\u00f6nnen es in reiner Form oder in einer Mischung verwenden.","breadcrumb":{"@id":"https:\/\/www.sunnyplants.com\/de\/shop\/sphagnum-torfmoos#breadcrumb"},"inLanguage":"de-DE","potentialAction":[{"@type":"ReadAction","target":["https:\/\/www.sunnyplants.com\/de\/shop\/sphagnum-torfmoos"]}]},{"@type":"ImageObject","inLanguage":"de-DE","@id":"https:\/\/www.sunnyplants.com\/de\/shop\/sphagnum-torfmoos#primaryimage","url":"https:\/\/www.sunnyplants.com\/wp-content\/uploads\/sphagnum-peat-moss.jpg","contentUrl":"https:\/\/www.sunnyplants.com\/wp-content\/uploads\/sphagnum-peat-moss.jpg","width":900,"height":900},{"@type":"BreadcrumbList","@id":"https:\/\/www.sunnyplants.com\/de\/shop\/sphagnum-torfmoos#breadcrumb","itemListElement":[{"@type":"ListItem","position":1,"name":"Home","item":"https:\/\/www.sunnyplants.com\/de\/sunnyplants-de"},{"@type":"ListItem","position":2,"name":"Shop","item":"https:\/\/www.sunnyplants.com\/de\/shop-2"},{"@type":"ListItem","position":3,"name":"Sphagnum Torfmoos (500 ml)"}]},{"@type":"WebSite","@id":"https:\/\/www.sunnyplants.com\/de#website","url":"https:\/\/www.sunnyplants.com\/de","name":"Sunnyplants.com","description":"Lithops, Conophytums and other Mesembs &amp; Succulents","potentialAction":[{"@type":"SearchAction","target":{"@type":"EntryPoint","urlTemplate":"https:\/\/www.sunnyplants.com\/de?s={search_term_string}"},"query-input":{"@type":"PropertyValueSpecification","valueRequired":true,"valueName":"search_term_string"}}],"inLanguage":"de-DE"}]}},"jetpack_sharing_enabled":true,"_links":{"self":[{"href":"https:\/\/www.sunnyplants.com\/de\/wp-json\/wp\/v2\/product\/29056","targetHints":{"allow":["GET"]}}],"collection":[{"href":"https:\/\/www.sunnyplants.com\/de\/wp-json\/wp\/v2\/product"}],"about":[{"href":"https:\/\/www.sunnyplants.com\/de\/wp-json\/wp\/v2\/types\/product"}],"replies":[{"embeddable":true,"href":"https:\/\/www.sunnyplants.com\/de\/wp-json\/wp\/v2\/comments?post=29056"}],"wp:featuredmedia":[{"embeddable":true,"href":"https:\/\/www.sunnyplants.com\/de\/wp-json\/wp\/v2\/media\/29062"}],"wp:attachment":[{"href":"https:\/\/www.sunnyplants.com\/de\/wp-json\/wp\/v2\/media?parent=29056"}],"wp:term":[{"taxonomy":"product_brand","embeddable":true,"href":"https:\/\/www.sunnyplants.com\/de\/wp-json\/wp\/v2\/product_brand?post=29056"},{"taxonomy":"product_cat","embeddable":true,"href":"https:\/\/www.sunnyplants.com\/de\/wp-json\/wp\/v2\/product_cat?post=29056"},{"taxonomy":"product_tag","embeddable":true,"href":"https:\/\/www.sunnyplants.com\/de\/wp-json\/wp\/v2\/product_tag?post=29056"}],"curies":[{"name":"wp","href":"https:\/\/api.w.org\/{rel}","templated":true}]}}