{"id":35210,"date":"2024-07-18T13:18:43","date_gmt":"2021-06-13T13:18:43","guid":{"rendered":"https:\/\/www.sunnyplants.com\/?post_type=product&#038;p=35210"},"modified":"2026-04-29T11:13:25","modified_gmt":"2026-04-29T11:13:25","slug":"sinningia-bullata-gloxinia-knollen","status":"publish","type":"product","link":"https:\/\/www.sunnyplants.com\/de\/shop\/sinningia-bullata-gloxinia-knollen","title":{"rendered":"Sinningia bullata &#8211; Gloxinia &#8211; Knollen"},"content":{"rendered":"<p>Sinningia bullata &#8211; Gloxinia &#8211; Knollen zum Verkauf. Im Winter bei einer Mindesttemperatur von 10-12C trocken bis fast trocken halten. Sie k\u00f6nnen eine regelm\u00e4\u00dfige Blumenerde auf Torfbasis verwenden. F\u00fcgen Sie etwas Bimsstein, Sand oder groben Sand f\u00fcr die Entw\u00e4sserung hinzu.<\/p>\n","protected":false},"excerpt":{"rendered":"<p>Sch\u00f6ne Sinningia bullata Knollen mit oder ohne Bl\u00e4tter je nach Jahreszeit. Neue Bl\u00e4tter bilden sich bald nach dem Gie\u00dfen.<\/p>\n","protected":false},"featured_media":48396,"comment_status":"open","ping_status":"closed","template":"","meta":[],"product_brand":[],"product_cat":[249,234,1847,241,1835],"product_tag":[910,834],"class_list":{"0":"post-35210","1":"product","2":"type-product","3":"status-publish","4":"has-post-thumbnail","6":"product_cat-knollen-caudexpflanzen","7":"product_cat-pflanzen","8":"product_cat-sinningia-gloxinia-pflanzen","9":"product_cat-sukkulenten","10":"product_cat-tropische-pflanzen","11":"product_tag-caudex-de","12":"product_tag-zimmerpflanzen","13":"product_shipping_class-plants-collections-de","14":"pa_family-gesneriaceae-de","15":"pa_product-type-knollen","16":"pa_quantity-1-knolle","17":"pa_size-1-cm-de","18":"pa_size-3-6-cm-de","20":"first","21":"instock","22":"taxable","23":"shipping-taxable","24":"purchasable","25":"product-type-variable","26":"has-default-attributes"},"yoast_head":"<!-- This site is optimized with the Yoast SEO plugin v27.5 - https:\/\/yoast.com\/product\/yoast-seo-wordpress\/ -->\n<title>Sinningia bullata - Gloxinia - Knollen - Sunnyplants.com<\/title>\n<meta name=\"description\" content=\"Sch\u00f6ne Sinningia bullata Knollen mit oder ohne Bl\u00e4tter je nach Jahreszeit. Neue Bl\u00e4tter bilden sich bald nach dem Gie\u00dfen.\" \/>\n<meta name=\"robots\" content=\"index, follow, max-snippet:-1, max-image-preview:large, max-video-preview:-1\" \/>\n<link rel=\"canonical\" href=\"https:\/\/www.sunnyplants.com\/de\/shop\/sinningia-bullata-gloxinia-knollen\" \/>\n<meta property=\"og:locale\" content=\"de_DE\" \/>\n<meta property=\"og:type\" content=\"article\" \/>\n<meta property=\"og:title\" content=\"Sinningia bullata - Gloxinia - Knollen - Sunnyplants.com\" \/>\n<meta property=\"og:description\" content=\"Sch\u00f6ne Sinningia bullata Knollen mit oder ohne Bl\u00e4tter je nach Jahreszeit. Neue Bl\u00e4tter bilden sich bald nach dem Gie\u00dfen.\" \/>\n<meta property=\"og:url\" content=\"https:\/\/www.sunnyplants.com\/de\/shop\/sinningia-bullata-gloxinia-knollen\" \/>\n<meta property=\"og:site_name\" content=\"Sunnyplants.com\" \/>\n<meta property=\"article:publisher\" content=\"https:\/\/nl-nl.facebook.com\/pages\/category\/Internet-Company\/Sunnyplantscom-1835401900058481\/\" \/>\n<meta property=\"article:modified_time\" content=\"2026-04-29T11:13:25+00:00\" \/>\n<meta property=\"og:image\" content=\"https:\/\/www.sunnyplants.com\/wp-content\/uploads\/sinningia-bullata-6.jpg\" \/>\n\t<meta property=\"og:image:width\" content=\"1225\" \/>\n\t<meta property=\"og:image:height\" content=\"1225\" \/>\n\t<meta property=\"og:image:type\" content=\"image\/jpeg\" \/>\n<meta name=\"twitter:card\" content=\"summary_large_image\" \/>\n<script type=\"application\/ld+json\" class=\"yoast-schema-graph\">{\"@context\":\"https:\\\/\\\/schema.org\",\"@graph\":[{\"@type\":\"WebPage\",\"@id\":\"https:\\\/\\\/www.sunnyplants.com\\\/de\\\/shop\\\/sinningia-bullata-gloxinia-knollen\",\"url\":\"https:\\\/\\\/www.sunnyplants.com\\\/de\\\/shop\\\/sinningia-bullata-gloxinia-knollen\",\"name\":\"Sinningia bullata - Gloxinia - Knollen - Sunnyplants.com\",\"isPartOf\":{\"@id\":\"https:\\\/\\\/www.sunnyplants.com\\\/de#website\"},\"primaryImageOfPage\":{\"@id\":\"https:\\\/\\\/www.sunnyplants.com\\\/de\\\/shop\\\/sinningia-bullata-gloxinia-knollen#primaryimage\"},\"image\":{\"@id\":\"https:\\\/\\\/www.sunnyplants.com\\\/de\\\/shop\\\/sinningia-bullata-gloxinia-knollen#primaryimage\"},\"thumbnailUrl\":\"https:\\\/\\\/www.sunnyplants.com\\\/wp-content\\\/uploads\\\/sinningia-bullata-6.jpg\",\"datePublished\":\"2021-06-13T13:18:43+00:00\",\"dateModified\":\"2026-04-29T11:13:25+00:00\",\"description\":\"Sch\u00f6ne Sinningia bullata Knollen mit oder ohne Bl\u00e4tter je nach Jahreszeit. Neue Bl\u00e4tter bilden sich bald nach dem Gie\u00dfen.\",\"breadcrumb\":{\"@id\":\"https:\\\/\\\/www.sunnyplants.com\\\/de\\\/shop\\\/sinningia-bullata-gloxinia-knollen#breadcrumb\"},\"inLanguage\":\"de-DE\",\"potentialAction\":[{\"@type\":\"ReadAction\",\"target\":[\"https:\\\/\\\/www.sunnyplants.com\\\/de\\\/shop\\\/sinningia-bullata-gloxinia-knollen\"]}]},{\"@type\":\"ImageObject\",\"inLanguage\":\"de-DE\",\"@id\":\"https:\\\/\\\/www.sunnyplants.com\\\/de\\\/shop\\\/sinningia-bullata-gloxinia-knollen#primaryimage\",\"url\":\"https:\\\/\\\/www.sunnyplants.com\\\/wp-content\\\/uploads\\\/sinningia-bullata-6.jpg\",\"contentUrl\":\"https:\\\/\\\/www.sunnyplants.com\\\/wp-content\\\/uploads\\\/sinningia-bullata-6.jpg\",\"width\":1225,\"height\":1225},{\"@type\":\"BreadcrumbList\",\"@id\":\"https:\\\/\\\/www.sunnyplants.com\\\/de\\\/shop\\\/sinningia-bullata-gloxinia-knollen#breadcrumb\",\"itemListElement\":[{\"@type\":\"ListItem\",\"position\":1,\"name\":\"Home\",\"item\":\"https:\\\/\\\/www.sunnyplants.com\\\/de\\\/sunnyplants-de\"},{\"@type\":\"ListItem\",\"position\":2,\"name\":\"Shop\",\"item\":\"https:\\\/\\\/www.sunnyplants.com\\\/de\\\/shop-2\"},{\"@type\":\"ListItem\",\"position\":3,\"name\":\"Sinningia bullata &#8211; Gloxinia &#8211; Knollen\"}]},{\"@type\":\"WebSite\",\"@id\":\"https:\\\/\\\/www.sunnyplants.com\\\/de#website\",\"url\":\"https:\\\/\\\/www.sunnyplants.com\\\/de\",\"name\":\"Sunnyplants.com\",\"description\":\"Lithops, Conophytums and other Mesembs &amp; Succulents\",\"potentialAction\":[{\"@type\":\"SearchAction\",\"target\":{\"@type\":\"EntryPoint\",\"urlTemplate\":\"https:\\\/\\\/www.sunnyplants.com\\\/de?s={search_term_string}\"},\"query-input\":{\"@type\":\"PropertyValueSpecification\",\"valueRequired\":true,\"valueName\":\"search_term_string\"}}],\"inLanguage\":\"de-DE\"}]}<\/script>\n<!-- \/ Yoast SEO plugin. -->","yoast_head_json":{"title":"Sinningia bullata - Gloxinia - Knollen - Sunnyplants.com","description":"Sch\u00f6ne Sinningia bullata Knollen mit oder ohne Bl\u00e4tter je nach Jahreszeit. Neue Bl\u00e4tter bilden sich bald nach dem Gie\u00dfen.","robots":{"index":"index","follow":"follow","max-snippet":"max-snippet:-1","max-image-preview":"max-image-preview:large","max-video-preview":"max-video-preview:-1"},"canonical":"https:\/\/www.sunnyplants.com\/de\/shop\/sinningia-bullata-gloxinia-knollen","og_locale":"de_DE","og_type":"article","og_title":"Sinningia bullata - Gloxinia - Knollen - Sunnyplants.com","og_description":"Sch\u00f6ne Sinningia bullata Knollen mit oder ohne Bl\u00e4tter je nach Jahreszeit. Neue Bl\u00e4tter bilden sich bald nach dem Gie\u00dfen.","og_url":"https:\/\/www.sunnyplants.com\/de\/shop\/sinningia-bullata-gloxinia-knollen","og_site_name":"Sunnyplants.com","article_publisher":"https:\/\/nl-nl.facebook.com\/pages\/category\/Internet-Company\/Sunnyplantscom-1835401900058481\/","article_modified_time":"2026-04-29T11:13:25+00:00","og_image":[{"width":1225,"height":1225,"url":"https:\/\/www.sunnyplants.com\/wp-content\/uploads\/sinningia-bullata-6.jpg","type":"image\/jpeg"}],"twitter_card":"summary_large_image","schema":{"@context":"https:\/\/schema.org","@graph":[{"@type":"WebPage","@id":"https:\/\/www.sunnyplants.com\/de\/shop\/sinningia-bullata-gloxinia-knollen","url":"https:\/\/www.sunnyplants.com\/de\/shop\/sinningia-bullata-gloxinia-knollen","name":"Sinningia bullata - Gloxinia - Knollen - Sunnyplants.com","isPartOf":{"@id":"https:\/\/www.sunnyplants.com\/de#website"},"primaryImageOfPage":{"@id":"https:\/\/www.sunnyplants.com\/de\/shop\/sinningia-bullata-gloxinia-knollen#primaryimage"},"image":{"@id":"https:\/\/www.sunnyplants.com\/de\/shop\/sinningia-bullata-gloxinia-knollen#primaryimage"},"thumbnailUrl":"https:\/\/www.sunnyplants.com\/wp-content\/uploads\/sinningia-bullata-6.jpg","datePublished":"2021-06-13T13:18:43+00:00","dateModified":"2026-04-29T11:13:25+00:00","description":"Sch\u00f6ne Sinningia bullata Knollen mit oder ohne Bl\u00e4tter je nach Jahreszeit. Neue Bl\u00e4tter bilden sich bald nach dem Gie\u00dfen.","breadcrumb":{"@id":"https:\/\/www.sunnyplants.com\/de\/shop\/sinningia-bullata-gloxinia-knollen#breadcrumb"},"inLanguage":"de-DE","potentialAction":[{"@type":"ReadAction","target":["https:\/\/www.sunnyplants.com\/de\/shop\/sinningia-bullata-gloxinia-knollen"]}]},{"@type":"ImageObject","inLanguage":"de-DE","@id":"https:\/\/www.sunnyplants.com\/de\/shop\/sinningia-bullata-gloxinia-knollen#primaryimage","url":"https:\/\/www.sunnyplants.com\/wp-content\/uploads\/sinningia-bullata-6.jpg","contentUrl":"https:\/\/www.sunnyplants.com\/wp-content\/uploads\/sinningia-bullata-6.jpg","width":1225,"height":1225},{"@type":"BreadcrumbList","@id":"https:\/\/www.sunnyplants.com\/de\/shop\/sinningia-bullata-gloxinia-knollen#breadcrumb","itemListElement":[{"@type":"ListItem","position":1,"name":"Home","item":"https:\/\/www.sunnyplants.com\/de\/sunnyplants-de"},{"@type":"ListItem","position":2,"name":"Shop","item":"https:\/\/www.sunnyplants.com\/de\/shop-2"},{"@type":"ListItem","position":3,"name":"Sinningia bullata &#8211; Gloxinia &#8211; Knollen"}]},{"@type":"WebSite","@id":"https:\/\/www.sunnyplants.com\/de#website","url":"https:\/\/www.sunnyplants.com\/de","name":"Sunnyplants.com","description":"Lithops, Conophytums and other Mesembs &amp; Succulents","potentialAction":[{"@type":"SearchAction","target":{"@type":"EntryPoint","urlTemplate":"https:\/\/www.sunnyplants.com\/de?s={search_term_string}"},"query-input":{"@type":"PropertyValueSpecification","valueRequired":true,"valueName":"search_term_string"}}],"inLanguage":"de-DE"}]}},"jetpack_sharing_enabled":true,"_links":{"self":[{"href":"https:\/\/www.sunnyplants.com\/de\/wp-json\/wp\/v2\/product\/35210","targetHints":{"allow":["GET"]}}],"collection":[{"href":"https:\/\/www.sunnyplants.com\/de\/wp-json\/wp\/v2\/product"}],"about":[{"href":"https:\/\/www.sunnyplants.com\/de\/wp-json\/wp\/v2\/types\/product"}],"replies":[{"embeddable":true,"href":"https:\/\/www.sunnyplants.com\/de\/wp-json\/wp\/v2\/comments?post=35210"}],"wp:featuredmedia":[{"embeddable":true,"href":"https:\/\/www.sunnyplants.com\/de\/wp-json\/wp\/v2\/media\/48396"}],"wp:attachment":[{"href":"https:\/\/www.sunnyplants.com\/de\/wp-json\/wp\/v2\/media?parent=35210"}],"wp:term":[{"taxonomy":"product_brand","embeddable":true,"href":"https:\/\/www.sunnyplants.com\/de\/wp-json\/wp\/v2\/product_brand?post=35210"},{"taxonomy":"product_cat","embeddable":true,"href":"https:\/\/www.sunnyplants.com\/de\/wp-json\/wp\/v2\/product_cat?post=35210"},{"taxonomy":"product_tag","embeddable":true,"href":"https:\/\/www.sunnyplants.com\/de\/wp-json\/wp\/v2\/product_tag?post=35210"}],"curies":[{"name":"wp","href":"https:\/\/api.w.org\/{rel}","templated":true}]}}