{"id":41396,"date":"2026-03-10T18:09:55","date_gmt":"2026-03-10T18:09:55","guid":{"rendered":"https:\/\/www.sunnyplants.com\/?post_type=product&#038;p=41396"},"modified":"2026-03-15T16:28:20","modified_gmt":"2026-03-15T16:28:20","slug":"lebende-edelsteine-mini-sukkulenten","status":"publish","type":"product","link":"https:\/\/www.sunnyplants.com\/de\/shop\/lebende-edelsteine-mini-sukkulenten","title":{"rendered":"Lebende Edelsteine &#8211; Mini Sukkulenten"},"content":{"rendered":"<p>Diese Miniatur-Sukkulenten (Mesembs) \u00e4hneln niedlichen kleinen Edelsteinen mit einem Durchmesser von 0,5 bis 1 cm. Jeder lebende Edelstein wird von Allard, dem Besitzer von Sunnyplants, handverlesen. Sie erhalten eine sch\u00f6ne Mischung aus verschiedenen Mini-Sukkulenten vom Typ Lithops. Arten, die h\u00e4ufig enthalten sind, sind Lithops, Argyroderma, Gibbaeum, Pleiospilos und Titanopsis. Sieht in Pflanzgef\u00e4\u00dfen oder Schalen umwerfend aus. Sie erhalten zuf\u00e4llig ausgew\u00e4hlte Pflanzen in verschiedenen Farben. Die Bilder sind ein Beispiel f\u00fcr Pflanzen, die Sie bekommen k\u00f6nnten. Alle unsere Pflanzen werden ohne Erde und Beh\u00e4lter versendet.<\/p>\n<p>Die Wurzeln Ihrer Mini-Sukkulenten werden kurz geschnitten, um das Pflanzen zu erleichtern und ein gesundes starkes Wurzelwachstum zu stimulieren. Pflanzen Sie Ihre Lebenden Edelsteine \u200b\u200bam besten in trockene <a href=\"https:\/\/www.sunnyplants.com\/de\/shop\/lithops-und-mesembs-erde\">Lithopserde<\/a>, erh\u00e4ltlich in unserem Shop. Sie k\u00f6nnen auch jede andere Sukkulentenerde mit guten Drainageeigenschaften verwenden. Beginnen Sie nach ungef\u00e4hr einer Woche damit, Ihre Mini-Sukkulenten zu gie\u00dfen. Gie\u00dfen Sie erst, wenn die Erde vollst\u00e4ndig trocken ist. Geben Sie nur wenig. Geben Sie Ihren Mini-Pflanzen helles Licht, damit sie kompakt und farbenfroh bleiben. Die Mindesttemperatur f\u00fcr diese Pflanzen liegt bei etwa 5 \u00b0 C.<\/p>\n","protected":false},"excerpt":{"rendered":"<p>Wundersch\u00f6nes Schatzpaket mit handverlesenen lebenden Edelsteinen! Allard von Sunnyplants w\u00e4hlt sch\u00f6ne Arten in verschiedenen Farben und Gr\u00f6\u00dfen aus. Sie k\u00f6nnen Ihre Mini-Sukkulenten sofort pflanzen, wenn Sie sie erhalten. In der ersten Woche nicht gie\u00dfen. Bitte beachten Sie, dass es sich um Miniaturpflanzen mit einem Durchmesser von etwa 0,5-1 cm handelt.<\/p>\n","protected":false},"featured_media":41391,"comment_status":"open","ping_status":"closed","template":"","meta":[],"product_brand":[],"product_cat":[286,246,275,1702,234,241],"product_tag":[1942,1979,804,1054,1980,1926,1915,807,1943,1944,1946,1945],"class_list":{"0":"post-41396","1":"product","2":"type-product","3":"status-publish","4":"has-post-thumbnail","6":"product_cat-kollektionen","7":"product_cat-lithops-lebende-steine","8":"product_cat-lithops-pflanzen","9":"product_cat-mini-sukkulenten","10":"product_cat-pflanzen","11":"product_cat-sukkulenten","12":"product_tag-lebende-stein-pflanz","13":"product_tag-lebende-steine-de","14":"product_tag-lebende-steine","15":"product_tag-lithops-de","16":"product_tag-lithops-lebende-pflanze","17":"product_tag-lithops-mix-de","18":"product_tag-lithops-pflanzen","19":"product_tag-mesembs-de","20":"product_tag-mini-pflanzen","21":"product_tag-mini-sukkulenten","22":"product_tag-pflanzen-geschenkideen","23":"product_tag-sukkulenten-geschenke","24":"product_shipping_class-plants-collections-de","25":"pa_family-mesembryanthemaceae-aizoaceae-de","26":"pa_product-type-pflanzen","27":"pa_quantity-10-pflanzen","28":"pa_quantity-20-pflanzen","29":"pa_quantity-5-pflanzen","30":"pa_size-05-1-cm-de","32":"first","33":"instock","34":"taxable","35":"shipping-taxable","36":"purchasable","37":"product-type-variable","38":"has-default-attributes"},"yoast_head":"<!-- This site is optimized with the Yoast SEO plugin v27.3 - https:\/\/yoast.com\/product\/yoast-seo-wordpress\/ -->\n<title>Lebende Edelsteine - Mini Sukkulenten - Sunnyplants.com<\/title>\n<meta name=\"description\" content=\"Wundersch\u00f6nes Schatzpaket mit handverlesenen lebenden Edelsteinen! Allard von Sunnyplants w\u00e4hlt sch\u00f6ne Arten in verschiedenen Farben und Gr\u00f6\u00dfen aus. Sie k\u00f6nnen Ihre Mini-Sukkulenten sofort pflanzen, wenn Sie sie erhalten. In der ersten Woche nicht gie\u00dfen. Bitte beachten Sie, dass es sich um Miniaturpflanzen mit einem Durchmesser von etwa 0,5-1 cm handelt.\" \/>\n<meta name=\"robots\" content=\"index, follow, max-snippet:-1, max-image-preview:large, max-video-preview:-1\" \/>\n<link rel=\"canonical\" href=\"https:\/\/www.sunnyplants.com\/de\/shop\/lebende-edelsteine-mini-sukkulenten\" \/>\n<meta property=\"og:locale\" content=\"de_DE\" \/>\n<meta property=\"og:type\" content=\"article\" \/>\n<meta property=\"og:title\" content=\"Lebende Edelsteine - Mini Sukkulenten - Sunnyplants.com\" \/>\n<meta property=\"og:description\" content=\"Wundersch\u00f6nes Schatzpaket mit handverlesenen lebenden Edelsteinen! Allard von Sunnyplants w\u00e4hlt sch\u00f6ne Arten in verschiedenen Farben und Gr\u00f6\u00dfen aus. Sie k\u00f6nnen Ihre Mini-Sukkulenten sofort pflanzen, wenn Sie sie erhalten. In der ersten Woche nicht gie\u00dfen. Bitte beachten Sie, dass es sich um Miniaturpflanzen mit einem Durchmesser von etwa 0,5-1 cm handelt.\" \/>\n<meta property=\"og:url\" content=\"https:\/\/www.sunnyplants.com\/de\/shop\/lebende-edelsteine-mini-sukkulenten\" \/>\n<meta property=\"og:site_name\" content=\"Sunnyplants.com\" \/>\n<meta property=\"article:publisher\" content=\"https:\/\/nl-nl.facebook.com\/pages\/category\/Internet-Company\/Sunnyplantscom-1835401900058481\/\" \/>\n<meta property=\"article:modified_time\" content=\"2026-03-15T16:28:20+00:00\" \/>\n<meta property=\"og:image\" content=\"https:\/\/www.sunnyplants.com\/wp-content\/uploads\/living-gemstones.jpg\" \/>\n\t<meta property=\"og:image:width\" content=\"2268\" \/>\n\t<meta property=\"og:image:height\" content=\"2268\" \/>\n\t<meta property=\"og:image:type\" content=\"image\/jpeg\" \/>\n<meta name=\"twitter:card\" content=\"summary_large_image\" \/>\n<meta name=\"twitter:label1\" content=\"Gesch\u00e4tzte Lesezeit\" \/>\n\t<meta name=\"twitter:data1\" content=\"1 minute\" \/>\n<script type=\"application\/ld+json\" class=\"yoast-schema-graph\">{\"@context\":\"https:\\\/\\\/schema.org\",\"@graph\":[{\"@type\":\"WebPage\",\"@id\":\"https:\\\/\\\/www.sunnyplants.com\\\/de\\\/shop\\\/lebende-edelsteine-mini-sukkulenten\",\"url\":\"https:\\\/\\\/www.sunnyplants.com\\\/de\\\/shop\\\/lebende-edelsteine-mini-sukkulenten\",\"name\":\"Lebende Edelsteine - Mini Sukkulenten - Sunnyplants.com\",\"isPartOf\":{\"@id\":\"https:\\\/\\\/www.sunnyplants.com\\\/de#website\"},\"primaryImageOfPage\":{\"@id\":\"https:\\\/\\\/www.sunnyplants.com\\\/de\\\/shop\\\/lebende-edelsteine-mini-sukkulenten#primaryimage\"},\"image\":{\"@id\":\"https:\\\/\\\/www.sunnyplants.com\\\/de\\\/shop\\\/lebende-edelsteine-mini-sukkulenten#primaryimage\"},\"thumbnailUrl\":\"https:\\\/\\\/www.sunnyplants.com\\\/wp-content\\\/uploads\\\/living-gemstones.jpg\",\"datePublished\":\"2026-03-10T18:09:55+00:00\",\"dateModified\":\"2026-03-15T16:28:20+00:00\",\"description\":\"Wundersch\u00f6nes Schatzpaket mit handverlesenen lebenden Edelsteinen! Allard von Sunnyplants w\u00e4hlt sch\u00f6ne Arten in verschiedenen Farben und Gr\u00f6\u00dfen aus. Sie k\u00f6nnen Ihre Mini-Sukkulenten sofort pflanzen, wenn Sie sie erhalten. In der ersten Woche nicht gie\u00dfen. Bitte beachten Sie, dass es sich um Miniaturpflanzen mit einem Durchmesser von etwa 0,5-1 cm handelt.\",\"breadcrumb\":{\"@id\":\"https:\\\/\\\/www.sunnyplants.com\\\/de\\\/shop\\\/lebende-edelsteine-mini-sukkulenten#breadcrumb\"},\"inLanguage\":\"de-DE\",\"potentialAction\":[{\"@type\":\"ReadAction\",\"target\":[\"https:\\\/\\\/www.sunnyplants.com\\\/de\\\/shop\\\/lebende-edelsteine-mini-sukkulenten\"]}]},{\"@type\":\"ImageObject\",\"inLanguage\":\"de-DE\",\"@id\":\"https:\\\/\\\/www.sunnyplants.com\\\/de\\\/shop\\\/lebende-edelsteine-mini-sukkulenten#primaryimage\",\"url\":\"https:\\\/\\\/www.sunnyplants.com\\\/wp-content\\\/uploads\\\/living-gemstones.jpg\",\"contentUrl\":\"https:\\\/\\\/www.sunnyplants.com\\\/wp-content\\\/uploads\\\/living-gemstones.jpg\",\"width\":2268,\"height\":2268,\"caption\":\"Lebende Edelsteine - Mini Sukkulenten\"},{\"@type\":\"BreadcrumbList\",\"@id\":\"https:\\\/\\\/www.sunnyplants.com\\\/de\\\/shop\\\/lebende-edelsteine-mini-sukkulenten#breadcrumb\",\"itemListElement\":[{\"@type\":\"ListItem\",\"position\":1,\"name\":\"Home\",\"item\":\"https:\\\/\\\/www.sunnyplants.com\\\/de\\\/sunnyplants-de\"},{\"@type\":\"ListItem\",\"position\":2,\"name\":\"Shop\",\"item\":\"https:\\\/\\\/www.sunnyplants.com\\\/de\\\/shop-2\"},{\"@type\":\"ListItem\",\"position\":3,\"name\":\"Lebende Edelsteine &#8211; Mini Sukkulenten\"}]},{\"@type\":\"WebSite\",\"@id\":\"https:\\\/\\\/www.sunnyplants.com\\\/de#website\",\"url\":\"https:\\\/\\\/www.sunnyplants.com\\\/de\",\"name\":\"Sunnyplants.com\",\"description\":\"Lithops, Conophytums and other Mesembs &amp; Succulents\",\"potentialAction\":[{\"@type\":\"SearchAction\",\"target\":{\"@type\":\"EntryPoint\",\"urlTemplate\":\"https:\\\/\\\/www.sunnyplants.com\\\/de?s={search_term_string}\"},\"query-input\":{\"@type\":\"PropertyValueSpecification\",\"valueRequired\":true,\"valueName\":\"search_term_string\"}}],\"inLanguage\":\"de-DE\"}]}<\/script>\n<!-- \/ Yoast SEO plugin. -->","yoast_head_json":{"title":"Lebende Edelsteine - Mini Sukkulenten - Sunnyplants.com","description":"Wundersch\u00f6nes Schatzpaket mit handverlesenen lebenden Edelsteinen! Allard von Sunnyplants w\u00e4hlt sch\u00f6ne Arten in verschiedenen Farben und Gr\u00f6\u00dfen aus. Sie k\u00f6nnen Ihre Mini-Sukkulenten sofort pflanzen, wenn Sie sie erhalten. In der ersten Woche nicht gie\u00dfen. Bitte beachten Sie, dass es sich um Miniaturpflanzen mit einem Durchmesser von etwa 0,5-1 cm handelt.","robots":{"index":"index","follow":"follow","max-snippet":"max-snippet:-1","max-image-preview":"max-image-preview:large","max-video-preview":"max-video-preview:-1"},"canonical":"https:\/\/www.sunnyplants.com\/de\/shop\/lebende-edelsteine-mini-sukkulenten","og_locale":"de_DE","og_type":"article","og_title":"Lebende Edelsteine - Mini Sukkulenten - Sunnyplants.com","og_description":"Wundersch\u00f6nes Schatzpaket mit handverlesenen lebenden Edelsteinen! Allard von Sunnyplants w\u00e4hlt sch\u00f6ne Arten in verschiedenen Farben und Gr\u00f6\u00dfen aus. Sie k\u00f6nnen Ihre Mini-Sukkulenten sofort pflanzen, wenn Sie sie erhalten. In der ersten Woche nicht gie\u00dfen. Bitte beachten Sie, dass es sich um Miniaturpflanzen mit einem Durchmesser von etwa 0,5-1 cm handelt.","og_url":"https:\/\/www.sunnyplants.com\/de\/shop\/lebende-edelsteine-mini-sukkulenten","og_site_name":"Sunnyplants.com","article_publisher":"https:\/\/nl-nl.facebook.com\/pages\/category\/Internet-Company\/Sunnyplantscom-1835401900058481\/","article_modified_time":"2026-03-15T16:28:20+00:00","og_image":[{"width":2268,"height":2268,"url":"https:\/\/www.sunnyplants.com\/wp-content\/uploads\/living-gemstones.jpg","type":"image\/jpeg"}],"twitter_card":"summary_large_image","twitter_misc":{"Gesch\u00e4tzte Lesezeit":"1 minute"},"schema":{"@context":"https:\/\/schema.org","@graph":[{"@type":"WebPage","@id":"https:\/\/www.sunnyplants.com\/de\/shop\/lebende-edelsteine-mini-sukkulenten","url":"https:\/\/www.sunnyplants.com\/de\/shop\/lebende-edelsteine-mini-sukkulenten","name":"Lebende Edelsteine - Mini Sukkulenten - Sunnyplants.com","isPartOf":{"@id":"https:\/\/www.sunnyplants.com\/de#website"},"primaryImageOfPage":{"@id":"https:\/\/www.sunnyplants.com\/de\/shop\/lebende-edelsteine-mini-sukkulenten#primaryimage"},"image":{"@id":"https:\/\/www.sunnyplants.com\/de\/shop\/lebende-edelsteine-mini-sukkulenten#primaryimage"},"thumbnailUrl":"https:\/\/www.sunnyplants.com\/wp-content\/uploads\/living-gemstones.jpg","datePublished":"2026-03-10T18:09:55+00:00","dateModified":"2026-03-15T16:28:20+00:00","description":"Wundersch\u00f6nes Schatzpaket mit handverlesenen lebenden Edelsteinen! Allard von Sunnyplants w\u00e4hlt sch\u00f6ne Arten in verschiedenen Farben und Gr\u00f6\u00dfen aus. Sie k\u00f6nnen Ihre Mini-Sukkulenten sofort pflanzen, wenn Sie sie erhalten. In der ersten Woche nicht gie\u00dfen. Bitte beachten Sie, dass es sich um Miniaturpflanzen mit einem Durchmesser von etwa 0,5-1 cm handelt.","breadcrumb":{"@id":"https:\/\/www.sunnyplants.com\/de\/shop\/lebende-edelsteine-mini-sukkulenten#breadcrumb"},"inLanguage":"de-DE","potentialAction":[{"@type":"ReadAction","target":["https:\/\/www.sunnyplants.com\/de\/shop\/lebende-edelsteine-mini-sukkulenten"]}]},{"@type":"ImageObject","inLanguage":"de-DE","@id":"https:\/\/www.sunnyplants.com\/de\/shop\/lebende-edelsteine-mini-sukkulenten#primaryimage","url":"https:\/\/www.sunnyplants.com\/wp-content\/uploads\/living-gemstones.jpg","contentUrl":"https:\/\/www.sunnyplants.com\/wp-content\/uploads\/living-gemstones.jpg","width":2268,"height":2268,"caption":"Lebende Edelsteine - Mini Sukkulenten"},{"@type":"BreadcrumbList","@id":"https:\/\/www.sunnyplants.com\/de\/shop\/lebende-edelsteine-mini-sukkulenten#breadcrumb","itemListElement":[{"@type":"ListItem","position":1,"name":"Home","item":"https:\/\/www.sunnyplants.com\/de\/sunnyplants-de"},{"@type":"ListItem","position":2,"name":"Shop","item":"https:\/\/www.sunnyplants.com\/de\/shop-2"},{"@type":"ListItem","position":3,"name":"Lebende Edelsteine &#8211; Mini Sukkulenten"}]},{"@type":"WebSite","@id":"https:\/\/www.sunnyplants.com\/de#website","url":"https:\/\/www.sunnyplants.com\/de","name":"Sunnyplants.com","description":"Lithops, Conophytums and other Mesembs &amp; Succulents","potentialAction":[{"@type":"SearchAction","target":{"@type":"EntryPoint","urlTemplate":"https:\/\/www.sunnyplants.com\/de?s={search_term_string}"},"query-input":{"@type":"PropertyValueSpecification","valueRequired":true,"valueName":"search_term_string"}}],"inLanguage":"de-DE"}]}},"jetpack_sharing_enabled":true,"_links":{"self":[{"href":"https:\/\/www.sunnyplants.com\/de\/wp-json\/wp\/v2\/product\/41396","targetHints":{"allow":["GET"]}}],"collection":[{"href":"https:\/\/www.sunnyplants.com\/de\/wp-json\/wp\/v2\/product"}],"about":[{"href":"https:\/\/www.sunnyplants.com\/de\/wp-json\/wp\/v2\/types\/product"}],"replies":[{"embeddable":true,"href":"https:\/\/www.sunnyplants.com\/de\/wp-json\/wp\/v2\/comments?post=41396"}],"wp:featuredmedia":[{"embeddable":true,"href":"https:\/\/www.sunnyplants.com\/de\/wp-json\/wp\/v2\/media\/41391"}],"wp:attachment":[{"href":"https:\/\/www.sunnyplants.com\/de\/wp-json\/wp\/v2\/media?parent=41396"}],"wp:term":[{"taxonomy":"product_brand","embeddable":true,"href":"https:\/\/www.sunnyplants.com\/de\/wp-json\/wp\/v2\/product_brand?post=41396"},{"taxonomy":"product_cat","embeddable":true,"href":"https:\/\/www.sunnyplants.com\/de\/wp-json\/wp\/v2\/product_cat?post=41396"},{"taxonomy":"product_tag","embeddable":true,"href":"https:\/\/www.sunnyplants.com\/de\/wp-json\/wp\/v2\/product_tag?post=41396"}],"curies":[{"name":"wp","href":"https:\/\/api.w.org\/{rel}","templated":true}]}}