{"id":4866,"date":"2020-06-20T14:54:04","date_gmt":"2016-11-29T14:54:04","guid":{"rendered":"https:\/\/www.sunnyplants.com\/de\/shop\/dionaea-muscipula-venusvliegenfalle-samen-copy\/"},"modified":"2026-03-31T20:46:08","modified_gmt":"2026-03-31T20:46:08","slug":"lithops-samen-mischung-lebende-steine-samen","status":"publish","type":"product","link":"https:\/\/www.sunnyplants.com\/de\/shop\/lithops-samen-mischung-lebende-steine-samen","title":{"rendered":"Lithops Samen Mischung &#8211; Lebende Steine &#8211; Samen"},"content":{"rendered":"<p>Zuf\u00e4llige Samenmischung aus verschiedenen Lithops Arten in verschiedenen Farben. Wenn Sie Samen keimen m\u00f6chten und eine Lithops Sammlung aus Ihren eigenen Lithops Samen erstellen m\u00f6chten, ist dies ein guter Anfang.<\/p>\n<h2>Wie man Lithops Samen keimt<\/h2>\n<p>Lithops Samen sind sehr klein. F\u00fcr beste Ergebnisse verwenden Sie eine 1 cm dicke Deckschicht <a href=\"https:\/\/www.sunnyplants.com\/de\/shop\/bimsstein-bims\">Bims<\/a> auf Ihrem Keimboden. Dann die Samen gleichm\u00e4\u00dfig auf dem Bimsstein verteilen. Gie\u00dfen Sie die Samenschale oder den Topf vorsichtig und waschen Sie die Samen zwischen dem Bimsstein. Decken Sie das Fach mit einem transparenten Deckel ab oder legen Sie es in eine transparente Plastikt\u00fcte. Geben Sie helles Licht, aber vermeiden Sie direkte Sonne. Die Samen sollten in 10-14 Tagen bei Temperaturen um 20-24C keimen. Verringern Sie langsam die Luftfeuchtigkeit, wenn die meisten Samen gekeimt sind.<\/p>\n<p>Die jungen Lithops Pflanzen sind in den ersten 6 Monaten sehr anf\u00e4llig. In diesem Zeitraum ist es am besten, die Saatschale immer leicht feucht zu halten. Wenn sie ein bisschen gr\u00f6\u00dfer sind, k\u00f6nnen Sie die Erde zwischen den G\u00fcssen austrocknen lassen. Das Umpflanzen der Lithops ist nur erforderlich, wenn die Pflanzen beginnen, sich zu sehr zu dr\u00fccken.<\/p>\n","protected":false},"excerpt":{"rendered":"<p>Lithops Samen Mischung zum Verkauf. Alle unsere Samen haben eine allgemeine Keimanleitung. F\u00fcr beste Ergebnisse verwenden Sie unsere <a href=\"https:\/\/www.sunnyplants.com\/de\/shop\/lithops-und-mesembs-erde\">Lithops und Mesembs Erde<\/a>.<\/p>\n","protected":false},"featured_media":21011,"comment_status":"open","ping_status":"closed","template":"","meta":[],"product_brand":[],"product_cat":[355,361,1702,287,356,358],"product_tag":[804,1054,1926,1927,807,786],"class_list":{"0":"post-4866","1":"product","2":"type-product","3":"status-publish","4":"has-post-thumbnail","6":"product_cat-lithops-lebende-steine-samen","7":"product_cat-lithops-samen","8":"product_cat-mini-sukkulenten","9":"product_cat-samen","10":"product_cat-samenmischungen","11":"product_cat-sukkulenten-samen","12":"product_tag-lebende-steine","13":"product_tag-lithops-de","14":"product_tag-lithops-mix-de","15":"product_tag-lithops-samen","16":"product_tag-mesembs-de","17":"product_tag-samen","18":"product_shipping_class-seeds-de","19":"pa_family-mesembryanthemaceae-aizoaceae-de","20":"pa_product-type-samen","21":"pa_quantity-1-000-samen","22":"pa_quantity-100-samen","23":"pa_quantity-20-samen","25":"first","26":"instock","27":"featured","28":"taxable","29":"shipping-taxable","30":"purchasable","31":"product-type-variable","32":"has-default-attributes"},"yoast_head":"<!-- This site is optimized with the Yoast SEO plugin v27.3 - https:\/\/yoast.com\/product\/yoast-seo-wordpress\/ -->\n<title>Lithops Samen Mischung - Lebende Steine - Samen - Sunnyplants.com<\/title>\n<meta name=\"description\" content=\"Lithops Samen Mischung zum Verkauf. Alle unsere Samen haben eine allgemeine Keimanleitung. F\u00fcr beste Ergebnisse verwenden Sie unsere Lithops und Mesembs Erde.\" \/>\n<meta name=\"robots\" content=\"index, follow, max-snippet:-1, max-image-preview:large, max-video-preview:-1\" \/>\n<link rel=\"canonical\" href=\"https:\/\/www.sunnyplants.com\/de\/shop\/lithops-samen-mischung-lebende-steine-samen\" \/>\n<meta property=\"og:locale\" content=\"de_DE\" \/>\n<meta property=\"og:type\" content=\"article\" \/>\n<meta property=\"og:title\" content=\"Lithops Samen Mischung - Lebende Steine - Samen - Sunnyplants.com\" \/>\n<meta property=\"og:description\" content=\"Lithops Samen Mischung zum Verkauf. Alle unsere Samen haben eine allgemeine Keimanleitung. F\u00fcr beste Ergebnisse verwenden Sie unsere Lithops und Mesembs Erde.\" \/>\n<meta property=\"og:url\" content=\"https:\/\/www.sunnyplants.com\/de\/shop\/lithops-samen-mischung-lebende-steine-samen\" \/>\n<meta property=\"og:site_name\" content=\"Sunnyplants.com\" \/>\n<meta property=\"article:publisher\" content=\"https:\/\/nl-nl.facebook.com\/pages\/category\/Internet-Company\/Sunnyplantscom-1835401900058481\/\" \/>\n<meta property=\"article:modified_time\" content=\"2026-03-31T20:46:08+00:00\" \/>\n<meta property=\"og:image\" content=\"https:\/\/www.sunnyplants.com\/wp-content\/uploads\/lithops-collection-1.jpg\" \/>\n\t<meta property=\"og:image:width\" content=\"900\" \/>\n\t<meta property=\"og:image:height\" content=\"900\" \/>\n\t<meta property=\"og:image:type\" content=\"image\/jpeg\" \/>\n<meta name=\"twitter:card\" content=\"summary_large_image\" \/>\n<meta name=\"twitter:label1\" content=\"Gesch\u00e4tzte Lesezeit\" \/>\n\t<meta name=\"twitter:data1\" content=\"1 minute\" \/>\n<script type=\"application\/ld+json\" class=\"yoast-schema-graph\">{\"@context\":\"https:\\\/\\\/schema.org\",\"@graph\":[{\"@type\":\"WebPage\",\"@id\":\"https:\\\/\\\/www.sunnyplants.com\\\/de\\\/shop\\\/lithops-samen-mischung-lebende-steine-samen\",\"url\":\"https:\\\/\\\/www.sunnyplants.com\\\/de\\\/shop\\\/lithops-samen-mischung-lebende-steine-samen\",\"name\":\"Lithops Samen Mischung - Lebende Steine - Samen - Sunnyplants.com\",\"isPartOf\":{\"@id\":\"https:\\\/\\\/www.sunnyplants.com\\\/de#website\"},\"primaryImageOfPage\":{\"@id\":\"https:\\\/\\\/www.sunnyplants.com\\\/de\\\/shop\\\/lithops-samen-mischung-lebende-steine-samen#primaryimage\"},\"image\":{\"@id\":\"https:\\\/\\\/www.sunnyplants.com\\\/de\\\/shop\\\/lithops-samen-mischung-lebende-steine-samen#primaryimage\"},\"thumbnailUrl\":\"https:\\\/\\\/www.sunnyplants.com\\\/wp-content\\\/uploads\\\/lithops-collection-1.jpg\",\"datePublished\":\"2016-11-29T14:54:04+00:00\",\"dateModified\":\"2026-03-31T20:46:08+00:00\",\"description\":\"Lithops Samen Mischung zum Verkauf. Alle unsere Samen haben eine allgemeine Keimanleitung. F\u00fcr beste Ergebnisse verwenden Sie unsere Lithops und Mesembs Erde.\",\"breadcrumb\":{\"@id\":\"https:\\\/\\\/www.sunnyplants.com\\\/de\\\/shop\\\/lithops-samen-mischung-lebende-steine-samen#breadcrumb\"},\"inLanguage\":\"de-DE\",\"potentialAction\":[{\"@type\":\"ReadAction\",\"target\":[\"https:\\\/\\\/www.sunnyplants.com\\\/de\\\/shop\\\/lithops-samen-mischung-lebende-steine-samen\"]}]},{\"@type\":\"ImageObject\",\"inLanguage\":\"de-DE\",\"@id\":\"https:\\\/\\\/www.sunnyplants.com\\\/de\\\/shop\\\/lithops-samen-mischung-lebende-steine-samen#primaryimage\",\"url\":\"https:\\\/\\\/www.sunnyplants.com\\\/wp-content\\\/uploads\\\/lithops-collection-1.jpg\",\"contentUrl\":\"https:\\\/\\\/www.sunnyplants.com\\\/wp-content\\\/uploads\\\/lithops-collection-1.jpg\",\"width\":900,\"height\":900,\"caption\":\"Lithops mixed plants in pot\"},{\"@type\":\"BreadcrumbList\",\"@id\":\"https:\\\/\\\/www.sunnyplants.com\\\/de\\\/shop\\\/lithops-samen-mischung-lebende-steine-samen#breadcrumb\",\"itemListElement\":[{\"@type\":\"ListItem\",\"position\":1,\"name\":\"Home\",\"item\":\"https:\\\/\\\/www.sunnyplants.com\\\/de\\\/sunnyplants-de\"},{\"@type\":\"ListItem\",\"position\":2,\"name\":\"Shop\",\"item\":\"https:\\\/\\\/www.sunnyplants.com\\\/de\\\/shop-2\"},{\"@type\":\"ListItem\",\"position\":3,\"name\":\"Lithops Samen Mischung &#8211; Lebende Steine &#8211; Samen\"}]},{\"@type\":\"WebSite\",\"@id\":\"https:\\\/\\\/www.sunnyplants.com\\\/de#website\",\"url\":\"https:\\\/\\\/www.sunnyplants.com\\\/de\",\"name\":\"Sunnyplants.com\",\"description\":\"Lithops, Conophytums and other Mesembs &amp; Succulents\",\"potentialAction\":[{\"@type\":\"SearchAction\",\"target\":{\"@type\":\"EntryPoint\",\"urlTemplate\":\"https:\\\/\\\/www.sunnyplants.com\\\/de?s={search_term_string}\"},\"query-input\":{\"@type\":\"PropertyValueSpecification\",\"valueRequired\":true,\"valueName\":\"search_term_string\"}}],\"inLanguage\":\"de-DE\"}]}<\/script>\n<!-- \/ Yoast SEO plugin. -->","yoast_head_json":{"title":"Lithops Samen Mischung - Lebende Steine - Samen - Sunnyplants.com","description":"Lithops Samen Mischung zum Verkauf. Alle unsere Samen haben eine allgemeine Keimanleitung. F\u00fcr beste Ergebnisse verwenden Sie unsere Lithops und Mesembs Erde.","robots":{"index":"index","follow":"follow","max-snippet":"max-snippet:-1","max-image-preview":"max-image-preview:large","max-video-preview":"max-video-preview:-1"},"canonical":"https:\/\/www.sunnyplants.com\/de\/shop\/lithops-samen-mischung-lebende-steine-samen","og_locale":"de_DE","og_type":"article","og_title":"Lithops Samen Mischung - Lebende Steine - Samen - Sunnyplants.com","og_description":"Lithops Samen Mischung zum Verkauf. Alle unsere Samen haben eine allgemeine Keimanleitung. F\u00fcr beste Ergebnisse verwenden Sie unsere Lithops und Mesembs Erde.","og_url":"https:\/\/www.sunnyplants.com\/de\/shop\/lithops-samen-mischung-lebende-steine-samen","og_site_name":"Sunnyplants.com","article_publisher":"https:\/\/nl-nl.facebook.com\/pages\/category\/Internet-Company\/Sunnyplantscom-1835401900058481\/","article_modified_time":"2026-03-31T20:46:08+00:00","og_image":[{"width":900,"height":900,"url":"https:\/\/www.sunnyplants.com\/wp-content\/uploads\/lithops-collection-1.jpg","type":"image\/jpeg"}],"twitter_card":"summary_large_image","twitter_misc":{"Gesch\u00e4tzte Lesezeit":"1 minute"},"schema":{"@context":"https:\/\/schema.org","@graph":[{"@type":"WebPage","@id":"https:\/\/www.sunnyplants.com\/de\/shop\/lithops-samen-mischung-lebende-steine-samen","url":"https:\/\/www.sunnyplants.com\/de\/shop\/lithops-samen-mischung-lebende-steine-samen","name":"Lithops Samen Mischung - Lebende Steine - Samen - Sunnyplants.com","isPartOf":{"@id":"https:\/\/www.sunnyplants.com\/de#website"},"primaryImageOfPage":{"@id":"https:\/\/www.sunnyplants.com\/de\/shop\/lithops-samen-mischung-lebende-steine-samen#primaryimage"},"image":{"@id":"https:\/\/www.sunnyplants.com\/de\/shop\/lithops-samen-mischung-lebende-steine-samen#primaryimage"},"thumbnailUrl":"https:\/\/www.sunnyplants.com\/wp-content\/uploads\/lithops-collection-1.jpg","datePublished":"2016-11-29T14:54:04+00:00","dateModified":"2026-03-31T20:46:08+00:00","description":"Lithops Samen Mischung zum Verkauf. Alle unsere Samen haben eine allgemeine Keimanleitung. F\u00fcr beste Ergebnisse verwenden Sie unsere Lithops und Mesembs Erde.","breadcrumb":{"@id":"https:\/\/www.sunnyplants.com\/de\/shop\/lithops-samen-mischung-lebende-steine-samen#breadcrumb"},"inLanguage":"de-DE","potentialAction":[{"@type":"ReadAction","target":["https:\/\/www.sunnyplants.com\/de\/shop\/lithops-samen-mischung-lebende-steine-samen"]}]},{"@type":"ImageObject","inLanguage":"de-DE","@id":"https:\/\/www.sunnyplants.com\/de\/shop\/lithops-samen-mischung-lebende-steine-samen#primaryimage","url":"https:\/\/www.sunnyplants.com\/wp-content\/uploads\/lithops-collection-1.jpg","contentUrl":"https:\/\/www.sunnyplants.com\/wp-content\/uploads\/lithops-collection-1.jpg","width":900,"height":900,"caption":"Lithops mixed plants in pot"},{"@type":"BreadcrumbList","@id":"https:\/\/www.sunnyplants.com\/de\/shop\/lithops-samen-mischung-lebende-steine-samen#breadcrumb","itemListElement":[{"@type":"ListItem","position":1,"name":"Home","item":"https:\/\/www.sunnyplants.com\/de\/sunnyplants-de"},{"@type":"ListItem","position":2,"name":"Shop","item":"https:\/\/www.sunnyplants.com\/de\/shop-2"},{"@type":"ListItem","position":3,"name":"Lithops Samen Mischung &#8211; Lebende Steine &#8211; Samen"}]},{"@type":"WebSite","@id":"https:\/\/www.sunnyplants.com\/de#website","url":"https:\/\/www.sunnyplants.com\/de","name":"Sunnyplants.com","description":"Lithops, Conophytums and other Mesembs &amp; Succulents","potentialAction":[{"@type":"SearchAction","target":{"@type":"EntryPoint","urlTemplate":"https:\/\/www.sunnyplants.com\/de?s={search_term_string}"},"query-input":{"@type":"PropertyValueSpecification","valueRequired":true,"valueName":"search_term_string"}}],"inLanguage":"de-DE"}]}},"jetpack_sharing_enabled":true,"_links":{"self":[{"href":"https:\/\/www.sunnyplants.com\/de\/wp-json\/wp\/v2\/product\/4866","targetHints":{"allow":["GET"]}}],"collection":[{"href":"https:\/\/www.sunnyplants.com\/de\/wp-json\/wp\/v2\/product"}],"about":[{"href":"https:\/\/www.sunnyplants.com\/de\/wp-json\/wp\/v2\/types\/product"}],"replies":[{"embeddable":true,"href":"https:\/\/www.sunnyplants.com\/de\/wp-json\/wp\/v2\/comments?post=4866"}],"wp:featuredmedia":[{"embeddable":true,"href":"https:\/\/www.sunnyplants.com\/de\/wp-json\/wp\/v2\/media\/21011"}],"wp:attachment":[{"href":"https:\/\/www.sunnyplants.com\/de\/wp-json\/wp\/v2\/media?parent=4866"}],"wp:term":[{"taxonomy":"product_brand","embeddable":true,"href":"https:\/\/www.sunnyplants.com\/de\/wp-json\/wp\/v2\/product_brand?post=4866"},{"taxonomy":"product_cat","embeddable":true,"href":"https:\/\/www.sunnyplants.com\/de\/wp-json\/wp\/v2\/product_cat?post=4866"},{"taxonomy":"product_tag","embeddable":true,"href":"https:\/\/www.sunnyplants.com\/de\/wp-json\/wp\/v2\/product_tag?post=4866"}],"curies":[{"name":"wp","href":"https:\/\/api.w.org\/{rel}","templated":true}]}}