{"id":5820,"date":"2016-12-25T09:22:36","date_gmt":"2016-12-25T09:22:36","guid":{"rendered":"https:\/\/www.sunnyplants.com\/de\/shop\/sedum-samen-mischung-copy\/"},"modified":"2020-07-27T06:32:34","modified_gmt":"2020-07-27T06:32:34","slug":"gruendach-samen-mischung","status":"publish","type":"product","link":"https:\/\/www.sunnyplants.com\/de\/shop\/gruendach-samen-mischung","title":{"rendered":"Gr\u00fcndach Samen Mischung"},"content":{"rendered":"<p>Gr\u00fcndach Samen Mischung zum Verkauf.<\/p>\n","protected":false},"excerpt":{"rendered":"<p>Sch\u00f6ne zuf\u00e4llige Mischung verschiedener Arten von Sukkulenten wie Sedum und Sempervivumand Gr\u00e4sern. Diese Mischung wird verwendet, um sogenannte Gr\u00fcnd\u00e4cher zu schaffen. Diese Pflanzen k\u00f6nnen l\u00e4ngerer Trockenheit standhalten. Ideal f\u00fcr Flachd\u00e4cher. Es handelt sich haupts\u00e4chlich um niedrige, kriechende Arten. Die Packung enth\u00e4lt gen\u00fcgend Samen, um 3-4 m2 Dach zu bedecken. Direkt auf das Dach s\u00e4en und mit einer sehr d\u00fcnnen Schicht Erde bedecken. Die Keimung sollte innerhalb von 10 bis 30 Tagen bei Temperaturen von 15 bis 20 Grad Celsius erfolgen. Eine Vorsaat in Samenkeimschalen ist ebenfalls m\u00f6glich.<\/p>\n","protected":false},"featured_media":5835,"comment_status":"open","ping_status":"closed","template":"","meta":[],"product_brand":[],"product_cat":[287,356,1584],"product_tag":[823,785,786,920],"class_list":{"0":"post-5820","1":"product","2":"type-product","3":"status-publish","4":"has-post-thumbnail","6":"product_cat-samen","7":"product_cat-samenmischungen","8":"product_cat-winterharte-sukkulenten","9":"product_tag-dachbegruenung","10":"product_tag-mischung","11":"product_tag-samen","12":"product_tag-sedum-de","13":"product_shipping_class-seeds-de","14":"pa_family-crassulaceae-de","15":"pa_product-type-samen","16":"pa_quantity-samen-fur-3-4-m2","18":"first","19":"instock","20":"featured","21":"taxable","22":"shipping-taxable","23":"purchasable","24":"product-type-simple"},"yoast_head":"<!-- This site is optimized with the Yoast SEO plugin v27.5 - https:\/\/yoast.com\/product\/yoast-seo-wordpress\/ -->\n<title>Gr\u00fcndach Samen Mischung - Sunnyplants.com<\/title>\n<meta name=\"description\" content=\"Sch\u00f6ne zuf\u00e4llige Mischung verschiedener Arten von Sukkulenten wie Sedum und Sempervivumand Gr\u00e4sern. Diese Mischung wird verwendet, um sogenannte Gr\u00fcnd\u00e4cher zu schaffen. Diese Pflanzen k\u00f6nnen l\u00e4ngerer Trockenheit standhalten. Ideal f\u00fcr Flachd\u00e4cher. Es handelt sich haupts\u00e4chlich um niedrige, kriechende Arten. Die Packung enth\u00e4lt gen\u00fcgend Samen, um 3-4 m2 Dach zu bedecken. Direkt auf das Dach s\u00e4en und mit einer sehr d\u00fcnnen Schicht Erde bedecken. Die Keimung sollte innerhalb von 10 bis 30 Tagen bei Temperaturen von 15 bis 20 Grad Celsius erfolgen. Eine Vorsaat in Samenkeimschalen ist ebenfalls m\u00f6glich.\" \/>\n<meta name=\"robots\" content=\"index, follow, max-snippet:-1, max-image-preview:large, max-video-preview:-1\" \/>\n<link rel=\"canonical\" href=\"https:\/\/www.sunnyplants.com\/de\/shop\/gruendach-samen-mischung\" \/>\n<meta property=\"og:locale\" content=\"de_DE\" \/>\n<meta property=\"og:type\" content=\"article\" \/>\n<meta property=\"og:title\" content=\"Gr\u00fcndach Samen Mischung - Sunnyplants.com\" \/>\n<meta property=\"og:description\" content=\"Sch\u00f6ne zuf\u00e4llige Mischung verschiedener Arten von Sukkulenten wie Sedum und Sempervivumand Gr\u00e4sern. Diese Mischung wird verwendet, um sogenannte Gr\u00fcnd\u00e4cher zu schaffen. Diese Pflanzen k\u00f6nnen l\u00e4ngerer Trockenheit standhalten. Ideal f\u00fcr Flachd\u00e4cher. Es handelt sich haupts\u00e4chlich um niedrige, kriechende Arten. Die Packung enth\u00e4lt gen\u00fcgend Samen, um 3-4 m2 Dach zu bedecken. Direkt auf das Dach s\u00e4en und mit einer sehr d\u00fcnnen Schicht Erde bedecken. Die Keimung sollte innerhalb von 10 bis 30 Tagen bei Temperaturen von 15 bis 20 Grad Celsius erfolgen. Eine Vorsaat in Samenkeimschalen ist ebenfalls m\u00f6glich.\" \/>\n<meta property=\"og:url\" content=\"https:\/\/www.sunnyplants.com\/de\/shop\/gruendach-samen-mischung\" \/>\n<meta property=\"og:site_name\" content=\"Sunnyplants.com\" \/>\n<meta property=\"article:publisher\" content=\"https:\/\/nl-nl.facebook.com\/pages\/category\/Internet-Company\/Sunnyplantscom-1835401900058481\/\" \/>\n<meta property=\"article:modified_time\" content=\"2020-07-27T06:32:34+00:00\" \/>\n<meta property=\"og:image\" content=\"https:\/\/www.sunnyplants.com\/wp-content\/uploads\/2016\/12\/sedum-mix-3.jpg\" \/>\n\t<meta property=\"og:image:width\" content=\"400\" \/>\n\t<meta property=\"og:image:height\" content=\"400\" \/>\n\t<meta property=\"og:image:type\" content=\"image\/jpeg\" \/>\n<meta name=\"twitter:card\" content=\"summary_large_image\" \/>\n<script type=\"application\/ld+json\" class=\"yoast-schema-graph\">{\"@context\":\"https:\\\/\\\/schema.org\",\"@graph\":[{\"@type\":\"WebPage\",\"@id\":\"https:\\\/\\\/www.sunnyplants.com\\\/de\\\/shop\\\/gruendach-samen-mischung\",\"url\":\"https:\\\/\\\/www.sunnyplants.com\\\/de\\\/shop\\\/gruendach-samen-mischung\",\"name\":\"Gr\u00fcndach Samen Mischung - Sunnyplants.com\",\"isPartOf\":{\"@id\":\"https:\\\/\\\/www.sunnyplants.com\\\/de#website\"},\"primaryImageOfPage\":{\"@id\":\"https:\\\/\\\/www.sunnyplants.com\\\/de\\\/shop\\\/gruendach-samen-mischung#primaryimage\"},\"image\":{\"@id\":\"https:\\\/\\\/www.sunnyplants.com\\\/de\\\/shop\\\/gruendach-samen-mischung#primaryimage\"},\"thumbnailUrl\":\"https:\\\/\\\/www.sunnyplants.com\\\/wp-content\\\/uploads\\\/2016\\\/12\\\/sedum-mix-3.jpg\",\"datePublished\":\"2016-12-25T09:22:36+00:00\",\"dateModified\":\"2020-07-27T06:32:34+00:00\",\"description\":\"Sch\u00f6ne zuf\u00e4llige Mischung verschiedener Arten von Sukkulenten wie Sedum und Sempervivumand Gr\u00e4sern. Diese Mischung wird verwendet, um sogenannte Gr\u00fcnd\u00e4cher zu schaffen. Diese Pflanzen k\u00f6nnen l\u00e4ngerer Trockenheit standhalten. Ideal f\u00fcr Flachd\u00e4cher. Es handelt sich haupts\u00e4chlich um niedrige, kriechende Arten. Die Packung enth\u00e4lt gen\u00fcgend Samen, um 3-4 m2 Dach zu bedecken. Direkt auf das Dach s\u00e4en und mit einer sehr d\u00fcnnen Schicht Erde bedecken. Die Keimung sollte innerhalb von 10 bis 30 Tagen bei Temperaturen von 15 bis 20 Grad Celsius erfolgen. Eine Vorsaat in Samenkeimschalen ist ebenfalls m\u00f6glich.\",\"breadcrumb\":{\"@id\":\"https:\\\/\\\/www.sunnyplants.com\\\/de\\\/shop\\\/gruendach-samen-mischung#breadcrumb\"},\"inLanguage\":\"de-DE\",\"potentialAction\":[{\"@type\":\"ReadAction\",\"target\":[\"https:\\\/\\\/www.sunnyplants.com\\\/de\\\/shop\\\/gruendach-samen-mischung\"]}]},{\"@type\":\"ImageObject\",\"inLanguage\":\"de-DE\",\"@id\":\"https:\\\/\\\/www.sunnyplants.com\\\/de\\\/shop\\\/gruendach-samen-mischung#primaryimage\",\"url\":\"https:\\\/\\\/www.sunnyplants.com\\\/wp-content\\\/uploads\\\/2016\\\/12\\\/sedum-mix-3.jpg\",\"contentUrl\":\"https:\\\/\\\/www.sunnyplants.com\\\/wp-content\\\/uploads\\\/2016\\\/12\\\/sedum-mix-3.jpg\",\"width\":400,\"height\":400},{\"@type\":\"BreadcrumbList\",\"@id\":\"https:\\\/\\\/www.sunnyplants.com\\\/de\\\/shop\\\/gruendach-samen-mischung#breadcrumb\",\"itemListElement\":[{\"@type\":\"ListItem\",\"position\":1,\"name\":\"Home\",\"item\":\"https:\\\/\\\/www.sunnyplants.com\\\/de\\\/sunnyplants-de\"},{\"@type\":\"ListItem\",\"position\":2,\"name\":\"Shop\",\"item\":\"https:\\\/\\\/www.sunnyplants.com\\\/de\\\/shop-2\"},{\"@type\":\"ListItem\",\"position\":3,\"name\":\"Gr\u00fcndach Samen Mischung\"}]},{\"@type\":\"WebSite\",\"@id\":\"https:\\\/\\\/www.sunnyplants.com\\\/de#website\",\"url\":\"https:\\\/\\\/www.sunnyplants.com\\\/de\",\"name\":\"Sunnyplants.com\",\"description\":\"Lithops, Conophytums and other Mesembs &amp; Succulents\",\"potentialAction\":[{\"@type\":\"SearchAction\",\"target\":{\"@type\":\"EntryPoint\",\"urlTemplate\":\"https:\\\/\\\/www.sunnyplants.com\\\/de?s={search_term_string}\"},\"query-input\":{\"@type\":\"PropertyValueSpecification\",\"valueRequired\":true,\"valueName\":\"search_term_string\"}}],\"inLanguage\":\"de-DE\"}]}<\/script>\n<!-- \/ Yoast SEO plugin. -->","yoast_head_json":{"title":"Gr\u00fcndach Samen Mischung - Sunnyplants.com","description":"Sch\u00f6ne zuf\u00e4llige Mischung verschiedener Arten von Sukkulenten wie Sedum und Sempervivumand Gr\u00e4sern. Diese Mischung wird verwendet, um sogenannte Gr\u00fcnd\u00e4cher zu schaffen. Diese Pflanzen k\u00f6nnen l\u00e4ngerer Trockenheit standhalten. Ideal f\u00fcr Flachd\u00e4cher. Es handelt sich haupts\u00e4chlich um niedrige, kriechende Arten. Die Packung enth\u00e4lt gen\u00fcgend Samen, um 3-4 m2 Dach zu bedecken. Direkt auf das Dach s\u00e4en und mit einer sehr d\u00fcnnen Schicht Erde bedecken. Die Keimung sollte innerhalb von 10 bis 30 Tagen bei Temperaturen von 15 bis 20 Grad Celsius erfolgen. Eine Vorsaat in Samenkeimschalen ist ebenfalls m\u00f6glich.","robots":{"index":"index","follow":"follow","max-snippet":"max-snippet:-1","max-image-preview":"max-image-preview:large","max-video-preview":"max-video-preview:-1"},"canonical":"https:\/\/www.sunnyplants.com\/de\/shop\/gruendach-samen-mischung","og_locale":"de_DE","og_type":"article","og_title":"Gr\u00fcndach Samen Mischung - Sunnyplants.com","og_description":"Sch\u00f6ne zuf\u00e4llige Mischung verschiedener Arten von Sukkulenten wie Sedum und Sempervivumand Gr\u00e4sern. Diese Mischung wird verwendet, um sogenannte Gr\u00fcnd\u00e4cher zu schaffen. Diese Pflanzen k\u00f6nnen l\u00e4ngerer Trockenheit standhalten. Ideal f\u00fcr Flachd\u00e4cher. Es handelt sich haupts\u00e4chlich um niedrige, kriechende Arten. Die Packung enth\u00e4lt gen\u00fcgend Samen, um 3-4 m2 Dach zu bedecken. Direkt auf das Dach s\u00e4en und mit einer sehr d\u00fcnnen Schicht Erde bedecken. Die Keimung sollte innerhalb von 10 bis 30 Tagen bei Temperaturen von 15 bis 20 Grad Celsius erfolgen. Eine Vorsaat in Samenkeimschalen ist ebenfalls m\u00f6glich.","og_url":"https:\/\/www.sunnyplants.com\/de\/shop\/gruendach-samen-mischung","og_site_name":"Sunnyplants.com","article_publisher":"https:\/\/nl-nl.facebook.com\/pages\/category\/Internet-Company\/Sunnyplantscom-1835401900058481\/","article_modified_time":"2020-07-27T06:32:34+00:00","og_image":[{"width":400,"height":400,"url":"https:\/\/www.sunnyplants.com\/wp-content\/uploads\/2016\/12\/sedum-mix-3.jpg","type":"image\/jpeg"}],"twitter_card":"summary_large_image","schema":{"@context":"https:\/\/schema.org","@graph":[{"@type":"WebPage","@id":"https:\/\/www.sunnyplants.com\/de\/shop\/gruendach-samen-mischung","url":"https:\/\/www.sunnyplants.com\/de\/shop\/gruendach-samen-mischung","name":"Gr\u00fcndach Samen Mischung - Sunnyplants.com","isPartOf":{"@id":"https:\/\/www.sunnyplants.com\/de#website"},"primaryImageOfPage":{"@id":"https:\/\/www.sunnyplants.com\/de\/shop\/gruendach-samen-mischung#primaryimage"},"image":{"@id":"https:\/\/www.sunnyplants.com\/de\/shop\/gruendach-samen-mischung#primaryimage"},"thumbnailUrl":"https:\/\/www.sunnyplants.com\/wp-content\/uploads\/2016\/12\/sedum-mix-3.jpg","datePublished":"2016-12-25T09:22:36+00:00","dateModified":"2020-07-27T06:32:34+00:00","description":"Sch\u00f6ne zuf\u00e4llige Mischung verschiedener Arten von Sukkulenten wie Sedum und Sempervivumand Gr\u00e4sern. Diese Mischung wird verwendet, um sogenannte Gr\u00fcnd\u00e4cher zu schaffen. Diese Pflanzen k\u00f6nnen l\u00e4ngerer Trockenheit standhalten. Ideal f\u00fcr Flachd\u00e4cher. Es handelt sich haupts\u00e4chlich um niedrige, kriechende Arten. Die Packung enth\u00e4lt gen\u00fcgend Samen, um 3-4 m2 Dach zu bedecken. Direkt auf das Dach s\u00e4en und mit einer sehr d\u00fcnnen Schicht Erde bedecken. Die Keimung sollte innerhalb von 10 bis 30 Tagen bei Temperaturen von 15 bis 20 Grad Celsius erfolgen. Eine Vorsaat in Samenkeimschalen ist ebenfalls m\u00f6glich.","breadcrumb":{"@id":"https:\/\/www.sunnyplants.com\/de\/shop\/gruendach-samen-mischung#breadcrumb"},"inLanguage":"de-DE","potentialAction":[{"@type":"ReadAction","target":["https:\/\/www.sunnyplants.com\/de\/shop\/gruendach-samen-mischung"]}]},{"@type":"ImageObject","inLanguage":"de-DE","@id":"https:\/\/www.sunnyplants.com\/de\/shop\/gruendach-samen-mischung#primaryimage","url":"https:\/\/www.sunnyplants.com\/wp-content\/uploads\/2016\/12\/sedum-mix-3.jpg","contentUrl":"https:\/\/www.sunnyplants.com\/wp-content\/uploads\/2016\/12\/sedum-mix-3.jpg","width":400,"height":400},{"@type":"BreadcrumbList","@id":"https:\/\/www.sunnyplants.com\/de\/shop\/gruendach-samen-mischung#breadcrumb","itemListElement":[{"@type":"ListItem","position":1,"name":"Home","item":"https:\/\/www.sunnyplants.com\/de\/sunnyplants-de"},{"@type":"ListItem","position":2,"name":"Shop","item":"https:\/\/www.sunnyplants.com\/de\/shop-2"},{"@type":"ListItem","position":3,"name":"Gr\u00fcndach Samen Mischung"}]},{"@type":"WebSite","@id":"https:\/\/www.sunnyplants.com\/de#website","url":"https:\/\/www.sunnyplants.com\/de","name":"Sunnyplants.com","description":"Lithops, Conophytums and other Mesembs &amp; Succulents","potentialAction":[{"@type":"SearchAction","target":{"@type":"EntryPoint","urlTemplate":"https:\/\/www.sunnyplants.com\/de?s={search_term_string}"},"query-input":{"@type":"PropertyValueSpecification","valueRequired":true,"valueName":"search_term_string"}}],"inLanguage":"de-DE"}]}},"jetpack_sharing_enabled":true,"_links":{"self":[{"href":"https:\/\/www.sunnyplants.com\/de\/wp-json\/wp\/v2\/product\/5820","targetHints":{"allow":["GET"]}}],"collection":[{"href":"https:\/\/www.sunnyplants.com\/de\/wp-json\/wp\/v2\/product"}],"about":[{"href":"https:\/\/www.sunnyplants.com\/de\/wp-json\/wp\/v2\/types\/product"}],"replies":[{"embeddable":true,"href":"https:\/\/www.sunnyplants.com\/de\/wp-json\/wp\/v2\/comments?post=5820"}],"wp:featuredmedia":[{"embeddable":true,"href":"https:\/\/www.sunnyplants.com\/de\/wp-json\/wp\/v2\/media\/5835"}],"wp:attachment":[{"href":"https:\/\/www.sunnyplants.com\/de\/wp-json\/wp\/v2\/media?parent=5820"}],"wp:term":[{"taxonomy":"product_brand","embeddable":true,"href":"https:\/\/www.sunnyplants.com\/de\/wp-json\/wp\/v2\/product_brand?post=5820"},{"taxonomy":"product_cat","embeddable":true,"href":"https:\/\/www.sunnyplants.com\/de\/wp-json\/wp\/v2\/product_cat?post=5820"},{"taxonomy":"product_tag","embeddable":true,"href":"https:\/\/www.sunnyplants.com\/de\/wp-json\/wp\/v2\/product_tag?post=5820"}],"curies":[{"name":"wp","href":"https:\/\/api.w.org\/{rel}","templated":true}]}}