{"id":6179,"date":"2024-09-08T10:42:13","date_gmt":"2016-12-26T10:42:13","guid":{"rendered":"https:\/\/www.sunnyplants.com\/de\/shop\/hoya-kollektion-4-pflanzen-copy\/"},"modified":"2026-04-09T11:54:52","modified_gmt":"2026-04-09T11:54:52","slug":"lithops-kollektion-lebende-steine-pflanzen","status":"publish","type":"product","link":"https:\/\/www.sunnyplants.com\/de\/shop\/lithops-kollektion-lebende-steine-pflanzen","title":{"rendered":"Lithops Kollektion &#8211; Lebende Steine"},"content":{"rendered":"<p>Eine sch\u00f6ne Mischung aus verschiedenen Lithops Pflanzen. Sieht in Pflanzgef\u00e4\u00dfen oder Schalen umwerfend aus. Sie erhalten zuf\u00e4llig ausgew\u00e4hlte Pflanzen (ca. 1 cm). Die Bilder sind ein Beispiel f\u00fcr Pflanzen, die man bekommen k\u00f6nnte. Alle unsere Pflanzen werden ohne Erde und Topf verschickt.<\/p>\n<h2>Lithops Pflege<\/h2>\n<p>Lithops Pflanzen wachsen am besten in 100% <a href=\"https:\/\/www.sunnyplants.com\/de\/shop\/bimsstein-bims\">Bims<\/a> oder unserer speziellen <a href=\"https:\/\/www.sunnyplants.com\/de\/shop\/lithops-und-mesembs-erde\">Lithops Bodenmischung<\/a>. Sie m\u00f6gen einen Boden mit perfekter Drainage. Wir geben unseren Lithops sehr helles, aber indirektes Licht. Nur Wasser, wenn der Boden vollst\u00e4ndig trocken ist. Einmal in der Woche im Sommer ist in Ordnung. Halten Sie sie im Winter fast trocken. Wenn Sie eine Lithops Pflanze umtopfen, ist es gut, die Wurzeln ein bisschen abzuschneiden. Dann pflanzen Sie die Lithops mit den Wurzeln gerade nach unten. Der Pflanzenkopf sollte fast auf H\u00f6he der Bodenmischung sein. Lithops k\u00f6nnen niedrige Temperaturen annehmen, wenn sie im Winter trocken gehalten werden. Sie vertragen keinen Frost. Wir empfehlen eine Mindesttemperatur von 5-10C.<\/p>\n<p>Bitte beachten Sie, dass Lithops-Arten im Herbst und Fr\u00fchjahr aktiver wachsen. Sie brauchen in dieser Zeit mehr Wasser. Lithops ben\u00f6tigen im Sommer und Winter weniger Wasser, wenn sie sich ausruhen. Der Pflanzenk\u00f6rper kann etwas weich sein, wenn Lithops in Ruhe ist. Dies ist normal und h\u00e4ngt von der im K\u00f6rper der Pflanze verf\u00fcgbaren Feuchtigkeit ab.<\/p>\n<h3>Sukkulentent\u00f6pfe f\u00fcr Ihre Lithops Sammlung<\/h3>\n<p>Es sind so viele Sukkulentent\u00f6pfe online verf\u00fcgbar, die f\u00fcr Ihre Lithops Sammlungen geeignet sein k\u00f6nnten. Lithops T\u00f6pfe aus Keramik, Lithops T\u00f6pfe aus Stein, Lithops T\u00f6pfe aus Beton, Lithops T\u00f6pfe aus Glas und Lithops T\u00f6pfe aus Holz. Es gibt eine gro\u00dfe Auswahl an <strong><a href=\"https:\/\/amzn.to\/38Mf6pO\" target=\"_blank\" rel=\"noopener\">Sukkulentent\u00f6pfen auf Amazon.de<\/a><\/strong>.<\/p>\n<h3>Sukkulenten Pflanzenlampen f\u00fcr Ihre Lithops Sammlung<\/h3>\n<p>Alle Sukkulenten brauchen helles Licht, um gut zu wachsen. Sie bleiben kompakter und erhalten leuchtendere Farben. Eine gute Beleuchtung ist auch wichtig f\u00fcr die Pflanzengesundheit und die Photosynthese. In einem Gew\u00e4chshaus oder auf einer nach S\u00fcden ausgerichteten Fensterbank ist dies normalerweise kein Problem. Wenn Sie Ihrer Lithops Sammlung kein helles Licht bieten k\u00f6nnen, empfehlen wir die Verwendung von Sukkulenten-Wachstumslampen. Es gibt eine gro\u00dfe Auswahl an verschiedenen Arten von <strong><a href=\"https:\/\/amzn.to\/3ybfM2U\" target=\"_blank\" rel=\"noopener\">Sukkulenten Pflanzenlampen auf Amazon.de<\/a><\/strong>.<\/p>\n","protected":false},"excerpt":{"rendered":"<p>Atemberaubende Lithops Collection zum Verkauf. Wir werden wundersch\u00f6ne Arten in verschiedenen Farben und Gr\u00f6\u00dfen ausw\u00e4hlen (ca. 1 cm). Sie k\u00f6nnen Ihre Lithops-Pflanzen sofort nach Erhalt pflanzen. Die erste Woche nicht gie\u00dfen.<\/p>\n","protected":false},"featured_media":41383,"comment_status":"open","ping_status":"closed","template":"","meta":[],"product_brand":[],"product_cat":[286,246,275,1702,234,241],"product_tag":[1942,804,1979,1928,1054,1980,1926,1915,1927,807,1916],"class_list":{"0":"post-6179","1":"product","2":"type-product","3":"status-publish","4":"has-post-thumbnail","6":"product_cat-kollektionen","7":"product_cat-lithops-lebende-steine","8":"product_cat-lithops-pflanzen","9":"product_cat-mini-sukkulenten","10":"product_cat-pflanzen","11":"product_cat-sukkulenten","12":"product_tag-lebende-stein-pflanz","13":"product_tag-lebende-steine","14":"product_tag-lebende-steine-de","15":"product_tag-lithop-de","16":"product_tag-lithops-de","17":"product_tag-lithops-lebende-pflanze","18":"product_tag-lithops-mix-de","19":"product_tag-lithops-pflanzen","20":"product_tag-lithops-samen","21":"product_tag-mesembs-de","22":"product_tag-seltene-lithops","23":"product_shipping_class-plants-collections-de","24":"pa_family-mesembryanthemaceae-aizoaceae-de","25":"pa_product-type-pflanzen","26":"pa_quantity-10-pflanzen","27":"pa_quantity-20-pflanzen","28":"pa_quantity-5-pflanzen","29":"pa_size-1-cm-de","31":"first","32":"instock","33":"taxable","34":"shipping-taxable","35":"purchasable","36":"product-type-variable","37":"has-default-attributes"},"yoast_head":"<!-- This site is optimized with the Yoast SEO plugin v27.3 - https:\/\/yoast.com\/product\/yoast-seo-wordpress\/ -->\n<title>Lithops Kollektion - Lebende Steine - Sunnyplants.com<\/title>\n<meta name=\"description\" content=\"Atemberaubende Lithops Collection zum Verkauf. Wir werden wundersch\u00f6ne Arten in verschiedenen Farben und Gr\u00f6\u00dfen ausw\u00e4hlen (ca. 1 cm). Sie k\u00f6nnen Ihre Lithops-Pflanzen sofort nach Erhalt pflanzen. Die erste Woche nicht gie\u00dfen.\" \/>\n<meta name=\"robots\" content=\"index, follow, max-snippet:-1, max-image-preview:large, max-video-preview:-1\" \/>\n<link rel=\"canonical\" href=\"https:\/\/www.sunnyplants.com\/de\/shop\/lithops-kollektion-lebende-steine-pflanzen\" \/>\n<meta property=\"og:locale\" content=\"de_DE\" \/>\n<meta property=\"og:type\" content=\"article\" \/>\n<meta property=\"og:title\" content=\"Lithops Kollektion - Lebende Steine - Sunnyplants.com\" \/>\n<meta property=\"og:description\" content=\"Atemberaubende Lithops Collection zum Verkauf. Wir werden wundersch\u00f6ne Arten in verschiedenen Farben und Gr\u00f6\u00dfen ausw\u00e4hlen (ca. 1 cm). Sie k\u00f6nnen Ihre Lithops-Pflanzen sofort nach Erhalt pflanzen. Die erste Woche nicht gie\u00dfen.\" \/>\n<meta property=\"og:url\" content=\"https:\/\/www.sunnyplants.com\/de\/shop\/lithops-kollektion-lebende-steine-pflanzen\" \/>\n<meta property=\"og:site_name\" content=\"Sunnyplants.com\" \/>\n<meta property=\"article:publisher\" content=\"https:\/\/nl-nl.facebook.com\/pages\/category\/Internet-Company\/Sunnyplantscom-1835401900058481\/\" \/>\n<meta property=\"article:modified_time\" content=\"2026-04-09T11:54:52+00:00\" \/>\n<meta property=\"og:image\" content=\"https:\/\/www.sunnyplants.com\/wp-content\/uploads\/lithops-living-stones.jpg\" \/>\n\t<meta property=\"og:image:width\" content=\"2268\" \/>\n\t<meta property=\"og:image:height\" content=\"2268\" \/>\n\t<meta property=\"og:image:type\" content=\"image\/jpeg\" \/>\n<meta name=\"twitter:card\" content=\"summary_large_image\" \/>\n<meta name=\"twitter:label1\" content=\"Gesch\u00e4tzte Lesezeit\" \/>\n\t<meta name=\"twitter:data1\" content=\"2 minutes\" \/>\n<script type=\"application\/ld+json\" class=\"yoast-schema-graph\">{\"@context\":\"https:\\\/\\\/schema.org\",\"@graph\":[{\"@type\":\"WebPage\",\"@id\":\"https:\\\/\\\/www.sunnyplants.com\\\/de\\\/shop\\\/lithops-kollektion-lebende-steine-pflanzen\",\"url\":\"https:\\\/\\\/www.sunnyplants.com\\\/de\\\/shop\\\/lithops-kollektion-lebende-steine-pflanzen\",\"name\":\"Lithops Kollektion - Lebende Steine - Sunnyplants.com\",\"isPartOf\":{\"@id\":\"https:\\\/\\\/www.sunnyplants.com\\\/de#website\"},\"primaryImageOfPage\":{\"@id\":\"https:\\\/\\\/www.sunnyplants.com\\\/de\\\/shop\\\/lithops-kollektion-lebende-steine-pflanzen#primaryimage\"},\"image\":{\"@id\":\"https:\\\/\\\/www.sunnyplants.com\\\/de\\\/shop\\\/lithops-kollektion-lebende-steine-pflanzen#primaryimage\"},\"thumbnailUrl\":\"https:\\\/\\\/www.sunnyplants.com\\\/wp-content\\\/uploads\\\/lithops-living-stones.jpg\",\"datePublished\":\"2016-12-26T10:42:13+00:00\",\"dateModified\":\"2026-04-09T11:54:52+00:00\",\"description\":\"Atemberaubende Lithops Collection zum Verkauf. Wir werden wundersch\u00f6ne Arten in verschiedenen Farben und Gr\u00f6\u00dfen ausw\u00e4hlen (ca. 1 cm). Sie k\u00f6nnen Ihre Lithops-Pflanzen sofort nach Erhalt pflanzen. Die erste Woche nicht gie\u00dfen.\",\"breadcrumb\":{\"@id\":\"https:\\\/\\\/www.sunnyplants.com\\\/de\\\/shop\\\/lithops-kollektion-lebende-steine-pflanzen#breadcrumb\"},\"inLanguage\":\"de-DE\",\"potentialAction\":[{\"@type\":\"ReadAction\",\"target\":[\"https:\\\/\\\/www.sunnyplants.com\\\/de\\\/shop\\\/lithops-kollektion-lebende-steine-pflanzen\"]}]},{\"@type\":\"ImageObject\",\"inLanguage\":\"de-DE\",\"@id\":\"https:\\\/\\\/www.sunnyplants.com\\\/de\\\/shop\\\/lithops-kollektion-lebende-steine-pflanzen#primaryimage\",\"url\":\"https:\\\/\\\/www.sunnyplants.com\\\/wp-content\\\/uploads\\\/lithops-living-stones.jpg\",\"contentUrl\":\"https:\\\/\\\/www.sunnyplants.com\\\/wp-content\\\/uploads\\\/lithops-living-stones.jpg\",\"width\":2268,\"height\":2268,\"caption\":\"Lithops Mixed Seeds - Living Stones - Seeds\"},{\"@type\":\"BreadcrumbList\",\"@id\":\"https:\\\/\\\/www.sunnyplants.com\\\/de\\\/shop\\\/lithops-kollektion-lebende-steine-pflanzen#breadcrumb\",\"itemListElement\":[{\"@type\":\"ListItem\",\"position\":1,\"name\":\"Home\",\"item\":\"https:\\\/\\\/www.sunnyplants.com\\\/de\\\/sunnyplants-de\"},{\"@type\":\"ListItem\",\"position\":2,\"name\":\"Shop\",\"item\":\"https:\\\/\\\/www.sunnyplants.com\\\/de\\\/shop-2\"},{\"@type\":\"ListItem\",\"position\":3,\"name\":\"Lithops Kollektion &#8211; Lebende Steine\"}]},{\"@type\":\"WebSite\",\"@id\":\"https:\\\/\\\/www.sunnyplants.com\\\/de#website\",\"url\":\"https:\\\/\\\/www.sunnyplants.com\\\/de\",\"name\":\"Sunnyplants.com\",\"description\":\"Lithops, Conophytums and other Mesembs &amp; Succulents\",\"potentialAction\":[{\"@type\":\"SearchAction\",\"target\":{\"@type\":\"EntryPoint\",\"urlTemplate\":\"https:\\\/\\\/www.sunnyplants.com\\\/de?s={search_term_string}\"},\"query-input\":{\"@type\":\"PropertyValueSpecification\",\"valueRequired\":true,\"valueName\":\"search_term_string\"}}],\"inLanguage\":\"de-DE\"}]}<\/script>\n<!-- \/ Yoast SEO plugin. -->","yoast_head_json":{"title":"Lithops Kollektion - Lebende Steine - Sunnyplants.com","description":"Atemberaubende Lithops Collection zum Verkauf. Wir werden wundersch\u00f6ne Arten in verschiedenen Farben und Gr\u00f6\u00dfen ausw\u00e4hlen (ca. 1 cm). Sie k\u00f6nnen Ihre Lithops-Pflanzen sofort nach Erhalt pflanzen. Die erste Woche nicht gie\u00dfen.","robots":{"index":"index","follow":"follow","max-snippet":"max-snippet:-1","max-image-preview":"max-image-preview:large","max-video-preview":"max-video-preview:-1"},"canonical":"https:\/\/www.sunnyplants.com\/de\/shop\/lithops-kollektion-lebende-steine-pflanzen","og_locale":"de_DE","og_type":"article","og_title":"Lithops Kollektion - Lebende Steine - Sunnyplants.com","og_description":"Atemberaubende Lithops Collection zum Verkauf. Wir werden wundersch\u00f6ne Arten in verschiedenen Farben und Gr\u00f6\u00dfen ausw\u00e4hlen (ca. 1 cm). Sie k\u00f6nnen Ihre Lithops-Pflanzen sofort nach Erhalt pflanzen. Die erste Woche nicht gie\u00dfen.","og_url":"https:\/\/www.sunnyplants.com\/de\/shop\/lithops-kollektion-lebende-steine-pflanzen","og_site_name":"Sunnyplants.com","article_publisher":"https:\/\/nl-nl.facebook.com\/pages\/category\/Internet-Company\/Sunnyplantscom-1835401900058481\/","article_modified_time":"2026-04-09T11:54:52+00:00","og_image":[{"width":2268,"height":2268,"url":"https:\/\/www.sunnyplants.com\/wp-content\/uploads\/lithops-living-stones.jpg","type":"image\/jpeg"}],"twitter_card":"summary_large_image","twitter_misc":{"Gesch\u00e4tzte Lesezeit":"2 minutes"},"schema":{"@context":"https:\/\/schema.org","@graph":[{"@type":"WebPage","@id":"https:\/\/www.sunnyplants.com\/de\/shop\/lithops-kollektion-lebende-steine-pflanzen","url":"https:\/\/www.sunnyplants.com\/de\/shop\/lithops-kollektion-lebende-steine-pflanzen","name":"Lithops Kollektion - Lebende Steine - Sunnyplants.com","isPartOf":{"@id":"https:\/\/www.sunnyplants.com\/de#website"},"primaryImageOfPage":{"@id":"https:\/\/www.sunnyplants.com\/de\/shop\/lithops-kollektion-lebende-steine-pflanzen#primaryimage"},"image":{"@id":"https:\/\/www.sunnyplants.com\/de\/shop\/lithops-kollektion-lebende-steine-pflanzen#primaryimage"},"thumbnailUrl":"https:\/\/www.sunnyplants.com\/wp-content\/uploads\/lithops-living-stones.jpg","datePublished":"2016-12-26T10:42:13+00:00","dateModified":"2026-04-09T11:54:52+00:00","description":"Atemberaubende Lithops Collection zum Verkauf. Wir werden wundersch\u00f6ne Arten in verschiedenen Farben und Gr\u00f6\u00dfen ausw\u00e4hlen (ca. 1 cm). Sie k\u00f6nnen Ihre Lithops-Pflanzen sofort nach Erhalt pflanzen. Die erste Woche nicht gie\u00dfen.","breadcrumb":{"@id":"https:\/\/www.sunnyplants.com\/de\/shop\/lithops-kollektion-lebende-steine-pflanzen#breadcrumb"},"inLanguage":"de-DE","potentialAction":[{"@type":"ReadAction","target":["https:\/\/www.sunnyplants.com\/de\/shop\/lithops-kollektion-lebende-steine-pflanzen"]}]},{"@type":"ImageObject","inLanguage":"de-DE","@id":"https:\/\/www.sunnyplants.com\/de\/shop\/lithops-kollektion-lebende-steine-pflanzen#primaryimage","url":"https:\/\/www.sunnyplants.com\/wp-content\/uploads\/lithops-living-stones.jpg","contentUrl":"https:\/\/www.sunnyplants.com\/wp-content\/uploads\/lithops-living-stones.jpg","width":2268,"height":2268,"caption":"Lithops Mixed Seeds - Living Stones - Seeds"},{"@type":"BreadcrumbList","@id":"https:\/\/www.sunnyplants.com\/de\/shop\/lithops-kollektion-lebende-steine-pflanzen#breadcrumb","itemListElement":[{"@type":"ListItem","position":1,"name":"Home","item":"https:\/\/www.sunnyplants.com\/de\/sunnyplants-de"},{"@type":"ListItem","position":2,"name":"Shop","item":"https:\/\/www.sunnyplants.com\/de\/shop-2"},{"@type":"ListItem","position":3,"name":"Lithops Kollektion &#8211; Lebende Steine"}]},{"@type":"WebSite","@id":"https:\/\/www.sunnyplants.com\/de#website","url":"https:\/\/www.sunnyplants.com\/de","name":"Sunnyplants.com","description":"Lithops, Conophytums and other Mesembs &amp; Succulents","potentialAction":[{"@type":"SearchAction","target":{"@type":"EntryPoint","urlTemplate":"https:\/\/www.sunnyplants.com\/de?s={search_term_string}"},"query-input":{"@type":"PropertyValueSpecification","valueRequired":true,"valueName":"search_term_string"}}],"inLanguage":"de-DE"}]}},"jetpack_sharing_enabled":true,"_links":{"self":[{"href":"https:\/\/www.sunnyplants.com\/de\/wp-json\/wp\/v2\/product\/6179","targetHints":{"allow":["GET"]}}],"collection":[{"href":"https:\/\/www.sunnyplants.com\/de\/wp-json\/wp\/v2\/product"}],"about":[{"href":"https:\/\/www.sunnyplants.com\/de\/wp-json\/wp\/v2\/types\/product"}],"replies":[{"embeddable":true,"href":"https:\/\/www.sunnyplants.com\/de\/wp-json\/wp\/v2\/comments?post=6179"}],"wp:featuredmedia":[{"embeddable":true,"href":"https:\/\/www.sunnyplants.com\/de\/wp-json\/wp\/v2\/media\/41383"}],"wp:attachment":[{"href":"https:\/\/www.sunnyplants.com\/de\/wp-json\/wp\/v2\/media?parent=6179"}],"wp:term":[{"taxonomy":"product_brand","embeddable":true,"href":"https:\/\/www.sunnyplants.com\/de\/wp-json\/wp\/v2\/product_brand?post=6179"},{"taxonomy":"product_cat","embeddable":true,"href":"https:\/\/www.sunnyplants.com\/de\/wp-json\/wp\/v2\/product_cat?post=6179"},{"taxonomy":"product_tag","embeddable":true,"href":"https:\/\/www.sunnyplants.com\/de\/wp-json\/wp\/v2\/product_tag?post=6179"}],"curies":[{"name":"wp","href":"https:\/\/api.w.org\/{rel}","templated":true}]}}