{"id":6469,"date":"2026-03-10T12:54:28","date_gmt":"2026-03-10T12:54:28","guid":{"rendered":"https:\/\/www.sunnyplants.com\/de\/shop\/sukkulenten-pflanzen-kollektion-5-pflanzen-copy\/"},"modified":"2026-05-03T20:34:43","modified_gmt":"2026-05-03T20:34:43","slug":"crassula-buddhas-temple-pflanzen","status":"publish","type":"product","link":"https:\/\/www.sunnyplants.com\/de\/shop\/crassula-buddhas-temple-pflanzen","title":{"rendered":"Crassula Buddha\u2019s Temple &#8211; Pflanzen"},"content":{"rendered":"<p>Der Crassula Buddha&#8217;s Temple ist eine wundersch\u00f6ne Kreuzung zwischen Crassula falcata und Crassula pyramidalis. Die Sorte wurde 1959 von Myron Kimnach kreiert.<\/p>\n<h2>Crassula Buddha&#8217;s Temple Pflege<\/h2>\n<p>Crassula Buddha&#8217;s Temple w\u00e4chst am besten bei Temperaturen von 18-24 \u00b0 C. Wie die meisten Crassulaceae ist es im Fr\u00fchling und Herbst am aktivsten. Dies ist die beste Zeit, um neue Stecklinge zu machen. In dieser Zeit m\u00fcssen die Pflanzen h\u00e4ufiger bew\u00e4ssert werden. Halten Sie den Crassula Buddha&#8217;s Temple im Sommer trockener, wenn es sehr hei\u00df ist. Geben Sie etwas Schatten vor direktem und intensivem Sonnenlicht. Bitte beachten Sie, dass diese Crassula bei hoher Luftfeuchtigkeit und h\u00f6heren Temperaturen zur St\u00e4ngelf\u00e4ule neigt. Eine gute Luftzirkulation ist sehr wichtig.<\/p>\n","protected":false},"excerpt":{"rendered":"<p>Sch\u00f6n verwurzelte Crassula Buddha&#8217;s Temple Pflanzen. Manchmal ist es schwierig, diese Art zu bekommen, aber eine herrliche Crassula, die Sie in Ihrer Sukkulenten-Sammlung haben sollten.<\/p>\n","protected":false},"featured_media":6217,"comment_status":"open","ping_status":"closed","template":"","meta":[],"product_brand":[],"product_cat":[267,348,234,278,241,347],"product_tag":[944],"class_list":{"0":"post-6469","1":"product","2":"type-product","3":"status-publish","4":"has-post-thumbnail","6":"product_cat-crassula-pflanzen","7":"product_cat-crassula-stecklinge","8":"product_cat-pflanzen","9":"product_cat-stecklinge","10":"product_cat-sukkulenten","11":"product_cat-sukkulenten-stecklinge","12":"product_tag-sukkulenten","13":"product_shipping_class-plants-collections-de","14":"pa_family-crassulaceae-de","15":"pa_product-type-pflanzen","16":"pa_quantity-1-pflanze","17":"pa_size-2-3-cm-de","19":"first","20":"instock","21":"taxable","22":"shipping-taxable","23":"purchasable","24":"product-type-simple"},"yoast_head":"<!-- This site is optimized with the Yoast SEO plugin v27.5 - https:\/\/yoast.com\/product\/yoast-seo-wordpress\/ -->\n<title>Crassula Buddha\u2019s Temple - Pflanzen - Sunnyplants.com<\/title>\n<meta name=\"description\" content=\"Sch\u00f6n verwurzelte Crassula Buddha&#039;s Temple Pflanzen. Manchmal ist es schwierig, diese Art zu bekommen, aber eine herrliche Crassula, die Sie in Ihrer Sukkulenten-Sammlung haben sollten.\" \/>\n<meta name=\"robots\" content=\"index, follow, max-snippet:-1, max-image-preview:large, max-video-preview:-1\" \/>\n<link rel=\"canonical\" href=\"https:\/\/www.sunnyplants.com\/de\/shop\/crassula-buddhas-temple-pflanzen\" \/>\n<meta property=\"og:locale\" content=\"de_DE\" \/>\n<meta property=\"og:type\" content=\"article\" \/>\n<meta property=\"og:title\" content=\"Crassula Buddha\u2019s Temple - Pflanzen - Sunnyplants.com\" \/>\n<meta property=\"og:description\" content=\"Sch\u00f6n verwurzelte Crassula Buddha&#039;s Temple Pflanzen. Manchmal ist es schwierig, diese Art zu bekommen, aber eine herrliche Crassula, die Sie in Ihrer Sukkulenten-Sammlung haben sollten.\" \/>\n<meta property=\"og:url\" content=\"https:\/\/www.sunnyplants.com\/de\/shop\/crassula-buddhas-temple-pflanzen\" \/>\n<meta property=\"og:site_name\" content=\"Sunnyplants.com\" \/>\n<meta property=\"article:publisher\" content=\"https:\/\/nl-nl.facebook.com\/pages\/category\/Internet-Company\/Sunnyplantscom-1835401900058481\/\" \/>\n<meta property=\"article:modified_time\" content=\"2026-05-03T20:34:43+00:00\" \/>\n<meta property=\"og:image\" content=\"https:\/\/www.sunnyplants.com\/wp-content\/uploads\/2016\/12\/crassula-buddha-temple-flowers.jpg\" \/>\n\t<meta property=\"og:image:width\" content=\"400\" \/>\n\t<meta property=\"og:image:height\" content=\"400\" \/>\n\t<meta property=\"og:image:type\" content=\"image\/jpeg\" \/>\n<meta name=\"twitter:card\" content=\"summary_large_image\" \/>\n<meta name=\"twitter:label1\" content=\"Gesch\u00e4tzte Lesezeit\" \/>\n\t<meta name=\"twitter:data1\" content=\"1 minute\" \/>\n<script type=\"application\/ld+json\" class=\"yoast-schema-graph\">{\"@context\":\"https:\\\/\\\/schema.org\",\"@graph\":[{\"@type\":\"WebPage\",\"@id\":\"https:\\\/\\\/www.sunnyplants.com\\\/de\\\/shop\\\/crassula-buddhas-temple-pflanzen\",\"url\":\"https:\\\/\\\/www.sunnyplants.com\\\/de\\\/shop\\\/crassula-buddhas-temple-pflanzen\",\"name\":\"Crassula Buddha\u2019s Temple - Pflanzen - Sunnyplants.com\",\"isPartOf\":{\"@id\":\"https:\\\/\\\/www.sunnyplants.com\\\/de#website\"},\"primaryImageOfPage\":{\"@id\":\"https:\\\/\\\/www.sunnyplants.com\\\/de\\\/shop\\\/crassula-buddhas-temple-pflanzen#primaryimage\"},\"image\":{\"@id\":\"https:\\\/\\\/www.sunnyplants.com\\\/de\\\/shop\\\/crassula-buddhas-temple-pflanzen#primaryimage\"},\"thumbnailUrl\":\"https:\\\/\\\/www.sunnyplants.com\\\/wp-content\\\/uploads\\\/2016\\\/12\\\/crassula-buddha-temple-flowers.jpg\",\"datePublished\":\"2026-03-10T12:54:28+00:00\",\"dateModified\":\"2026-05-03T20:34:43+00:00\",\"description\":\"Sch\u00f6n verwurzelte Crassula Buddha's Temple Pflanzen. Manchmal ist es schwierig, diese Art zu bekommen, aber eine herrliche Crassula, die Sie in Ihrer Sukkulenten-Sammlung haben sollten.\",\"breadcrumb\":{\"@id\":\"https:\\\/\\\/www.sunnyplants.com\\\/de\\\/shop\\\/crassula-buddhas-temple-pflanzen#breadcrumb\"},\"inLanguage\":\"de-DE\",\"potentialAction\":[{\"@type\":\"ReadAction\",\"target\":[\"https:\\\/\\\/www.sunnyplants.com\\\/de\\\/shop\\\/crassula-buddhas-temple-pflanzen\"]}]},{\"@type\":\"ImageObject\",\"inLanguage\":\"de-DE\",\"@id\":\"https:\\\/\\\/www.sunnyplants.com\\\/de\\\/shop\\\/crassula-buddhas-temple-pflanzen#primaryimage\",\"url\":\"https:\\\/\\\/www.sunnyplants.com\\\/wp-content\\\/uploads\\\/2016\\\/12\\\/crassula-buddha-temple-flowers.jpg\",\"contentUrl\":\"https:\\\/\\\/www.sunnyplants.com\\\/wp-content\\\/uploads\\\/2016\\\/12\\\/crassula-buddha-temple-flowers.jpg\",\"width\":400,\"height\":400},{\"@type\":\"BreadcrumbList\",\"@id\":\"https:\\\/\\\/www.sunnyplants.com\\\/de\\\/shop\\\/crassula-buddhas-temple-pflanzen#breadcrumb\",\"itemListElement\":[{\"@type\":\"ListItem\",\"position\":1,\"name\":\"Home\",\"item\":\"https:\\\/\\\/www.sunnyplants.com\\\/de\\\/sunnyplants-de\"},{\"@type\":\"ListItem\",\"position\":2,\"name\":\"Shop\",\"item\":\"https:\\\/\\\/www.sunnyplants.com\\\/de\\\/shop-2\"},{\"@type\":\"ListItem\",\"position\":3,\"name\":\"Crassula Buddha\u2019s Temple &#8211; Pflanzen\"}]},{\"@type\":\"WebSite\",\"@id\":\"https:\\\/\\\/www.sunnyplants.com\\\/de#website\",\"url\":\"https:\\\/\\\/www.sunnyplants.com\\\/de\",\"name\":\"Sunnyplants.com\",\"description\":\"Lithops, Conophytums and other Mesembs &amp; Succulents\",\"potentialAction\":[{\"@type\":\"SearchAction\",\"target\":{\"@type\":\"EntryPoint\",\"urlTemplate\":\"https:\\\/\\\/www.sunnyplants.com\\\/de?s={search_term_string}\"},\"query-input\":{\"@type\":\"PropertyValueSpecification\",\"valueRequired\":true,\"valueName\":\"search_term_string\"}}],\"inLanguage\":\"de-DE\"}]}<\/script>\n<!-- \/ Yoast SEO plugin. -->","yoast_head_json":{"title":"Crassula Buddha\u2019s Temple - Pflanzen - Sunnyplants.com","description":"Sch\u00f6n verwurzelte Crassula Buddha's Temple Pflanzen. Manchmal ist es schwierig, diese Art zu bekommen, aber eine herrliche Crassula, die Sie in Ihrer Sukkulenten-Sammlung haben sollten.","robots":{"index":"index","follow":"follow","max-snippet":"max-snippet:-1","max-image-preview":"max-image-preview:large","max-video-preview":"max-video-preview:-1"},"canonical":"https:\/\/www.sunnyplants.com\/de\/shop\/crassula-buddhas-temple-pflanzen","og_locale":"de_DE","og_type":"article","og_title":"Crassula Buddha\u2019s Temple - Pflanzen - Sunnyplants.com","og_description":"Sch\u00f6n verwurzelte Crassula Buddha's Temple Pflanzen. Manchmal ist es schwierig, diese Art zu bekommen, aber eine herrliche Crassula, die Sie in Ihrer Sukkulenten-Sammlung haben sollten.","og_url":"https:\/\/www.sunnyplants.com\/de\/shop\/crassula-buddhas-temple-pflanzen","og_site_name":"Sunnyplants.com","article_publisher":"https:\/\/nl-nl.facebook.com\/pages\/category\/Internet-Company\/Sunnyplantscom-1835401900058481\/","article_modified_time":"2026-05-03T20:34:43+00:00","og_image":[{"width":400,"height":400,"url":"https:\/\/www.sunnyplants.com\/wp-content\/uploads\/2016\/12\/crassula-buddha-temple-flowers.jpg","type":"image\/jpeg"}],"twitter_card":"summary_large_image","twitter_misc":{"Gesch\u00e4tzte Lesezeit":"1 minute"},"schema":{"@context":"https:\/\/schema.org","@graph":[{"@type":"WebPage","@id":"https:\/\/www.sunnyplants.com\/de\/shop\/crassula-buddhas-temple-pflanzen","url":"https:\/\/www.sunnyplants.com\/de\/shop\/crassula-buddhas-temple-pflanzen","name":"Crassula Buddha\u2019s Temple - Pflanzen - Sunnyplants.com","isPartOf":{"@id":"https:\/\/www.sunnyplants.com\/de#website"},"primaryImageOfPage":{"@id":"https:\/\/www.sunnyplants.com\/de\/shop\/crassula-buddhas-temple-pflanzen#primaryimage"},"image":{"@id":"https:\/\/www.sunnyplants.com\/de\/shop\/crassula-buddhas-temple-pflanzen#primaryimage"},"thumbnailUrl":"https:\/\/www.sunnyplants.com\/wp-content\/uploads\/2016\/12\/crassula-buddha-temple-flowers.jpg","datePublished":"2026-03-10T12:54:28+00:00","dateModified":"2026-05-03T20:34:43+00:00","description":"Sch\u00f6n verwurzelte Crassula Buddha's Temple Pflanzen. Manchmal ist es schwierig, diese Art zu bekommen, aber eine herrliche Crassula, die Sie in Ihrer Sukkulenten-Sammlung haben sollten.","breadcrumb":{"@id":"https:\/\/www.sunnyplants.com\/de\/shop\/crassula-buddhas-temple-pflanzen#breadcrumb"},"inLanguage":"de-DE","potentialAction":[{"@type":"ReadAction","target":["https:\/\/www.sunnyplants.com\/de\/shop\/crassula-buddhas-temple-pflanzen"]}]},{"@type":"ImageObject","inLanguage":"de-DE","@id":"https:\/\/www.sunnyplants.com\/de\/shop\/crassula-buddhas-temple-pflanzen#primaryimage","url":"https:\/\/www.sunnyplants.com\/wp-content\/uploads\/2016\/12\/crassula-buddha-temple-flowers.jpg","contentUrl":"https:\/\/www.sunnyplants.com\/wp-content\/uploads\/2016\/12\/crassula-buddha-temple-flowers.jpg","width":400,"height":400},{"@type":"BreadcrumbList","@id":"https:\/\/www.sunnyplants.com\/de\/shop\/crassula-buddhas-temple-pflanzen#breadcrumb","itemListElement":[{"@type":"ListItem","position":1,"name":"Home","item":"https:\/\/www.sunnyplants.com\/de\/sunnyplants-de"},{"@type":"ListItem","position":2,"name":"Shop","item":"https:\/\/www.sunnyplants.com\/de\/shop-2"},{"@type":"ListItem","position":3,"name":"Crassula Buddha\u2019s Temple &#8211; Pflanzen"}]},{"@type":"WebSite","@id":"https:\/\/www.sunnyplants.com\/de#website","url":"https:\/\/www.sunnyplants.com\/de","name":"Sunnyplants.com","description":"Lithops, Conophytums and other Mesembs &amp; Succulents","potentialAction":[{"@type":"SearchAction","target":{"@type":"EntryPoint","urlTemplate":"https:\/\/www.sunnyplants.com\/de?s={search_term_string}"},"query-input":{"@type":"PropertyValueSpecification","valueRequired":true,"valueName":"search_term_string"}}],"inLanguage":"de-DE"}]}},"jetpack_sharing_enabled":true,"_links":{"self":[{"href":"https:\/\/www.sunnyplants.com\/de\/wp-json\/wp\/v2\/product\/6469","targetHints":{"allow":["GET"]}}],"collection":[{"href":"https:\/\/www.sunnyplants.com\/de\/wp-json\/wp\/v2\/product"}],"about":[{"href":"https:\/\/www.sunnyplants.com\/de\/wp-json\/wp\/v2\/types\/product"}],"replies":[{"embeddable":true,"href":"https:\/\/www.sunnyplants.com\/de\/wp-json\/wp\/v2\/comments?post=6469"}],"wp:featuredmedia":[{"embeddable":true,"href":"https:\/\/www.sunnyplants.com\/de\/wp-json\/wp\/v2\/media\/6217"}],"wp:attachment":[{"href":"https:\/\/www.sunnyplants.com\/de\/wp-json\/wp\/v2\/media?parent=6469"}],"wp:term":[{"taxonomy":"product_brand","embeddable":true,"href":"https:\/\/www.sunnyplants.com\/de\/wp-json\/wp\/v2\/product_brand?post=6469"},{"taxonomy":"product_cat","embeddable":true,"href":"https:\/\/www.sunnyplants.com\/de\/wp-json\/wp\/v2\/product_cat?post=6469"},{"taxonomy":"product_tag","embeddable":true,"href":"https:\/\/www.sunnyplants.com\/de\/wp-json\/wp\/v2\/product_tag?post=6469"}],"curies":[{"name":"wp","href":"https:\/\/api.w.org\/{rel}","templated":true}]}}