{"id":6585,"date":"2024-12-10T13:24:10","date_gmt":"2016-12-30T13:24:11","guid":{"rendered":"https:\/\/www.sunnyplants.com\/de\/shop\/crassula-buddhas-temple-pflanzen-copy\/"},"modified":"2025-10-23T13:09:10","modified_gmt":"2025-10-23T13:09:10","slug":"titanopsis-hugo-schlechteri-lebende-steine-pflanzen","status":"publish","type":"product","link":"https:\/\/www.sunnyplants.com\/de\/shop\/titanopsis-hugo-schlechteri-lebende-steine-pflanzen","title":{"rendered":"Titanopsis hugo-schlechteri &#8211; Lebende Steine &#8211; Pflanzen"},"content":{"rendered":"<p>Titanopsis hugo-schlechteri &#8211; Lebende Steine &#8211; Pflanzen zum Verkauf.<\/p>\n<h3>Sukkulentent\u00f6pfe f\u00fcr Ihre Titanopsis hugo-schlechteri<\/h3>\n<p>Es sind so viele Sukkulentent\u00f6pfe online verf\u00fcgbar, die f\u00fcr Ihre Titanopsis hugo-schlechteri Sammlungen geeignet sein k\u00f6nnten. Titanopsis T\u00f6pfe aus Keramik, Titanopsis hugo-schlechteri T\u00f6pfe aus Stein, T\u00f6pfe aus Beton, Titanopsis hugo-schlechteri T\u00f6pfe aus Glas und T\u00f6pfe aus Holz. Es gibt eine gro\u00dfe Auswahl an <strong><a href=\"https:\/\/amzn.to\/38Mf6pO\" target=\"_blank\" rel=\"noopener\">Sukkulentent\u00f6pfen auf Amazon.de<\/a><\/strong>.<\/p>\n<h3>Sukkulenten Pflanzenlampen f\u00fcr Ihre Titanopsis hugo-schlechteri Pflanzen<\/h3>\n<p>Alle Sukkulenten brauchen helles Licht, um gut zu wachsen. Sie bleiben kompakter und erhalten leuchtendere Farben. Eine gute Beleuchtung ist auch wichtig f\u00fcr die Pflanzengesundheit und die Photosynthese. In einem Gew\u00e4chshaus oder auf einer nach S\u00fcden ausgerichteten Fensterbank ist dies normalerweise kein Problem. Wenn Sie Ihrer Titanopsis hugo-schlechteri Sammlung kein helles Licht bieten k\u00f6nnen, empfehlen wir die Verwendung von Sukkulenten-Wachstumslampen. Es gibt eine gro\u00dfe Auswahl an verschiedenen Arten von <strong><a href=\"https:\/\/amzn.to\/3ybfM2U\" target=\"_blank\" rel=\"noopener\">Sukkulenten Pflanzenlampen auf Amazon.de<\/a><\/strong>.<\/p>\n","protected":false},"excerpt":{"rendered":"<p>Titanopsis hugo-schlechteri &#8211; Lebende Steine &#8211; Pflanzen<\/p>\n","protected":false},"featured_media":5602,"comment_status":"open","ping_status":"closed","template":"","meta":[],"product_brand":[],"product_cat":[246,234,241,1052],"product_tag":[804,1054,807,944],"class_list":{"0":"post-6585","1":"product","2":"type-product","3":"status-publish","4":"has-post-thumbnail","6":"product_cat-lithops-lebende-steine","7":"product_cat-pflanzen","8":"product_cat-sukkulenten","9":"product_cat-titanopsis-pflanzen","10":"product_tag-lebende-steine","11":"product_tag-lithops-de","12":"product_tag-mesembs-de","13":"product_tag-sukkulenten","14":"product_shipping_class-plants-collections-de","15":"pa_family-mesembryanthemaceae-aizoaceae-de","16":"pa_flower-color-gelb","17":"pa_product-type-pflanzen","18":"pa_quantity-1-pflanze","19":"pa_size-1-3-cm-de","21":"first","22":"outofstock","23":"taxable","24":"shipping-taxable","25":"purchasable","26":"product-type-simple"},"yoast_head":"<!-- This site is optimized with the Yoast SEO plugin v27.4 - https:\/\/yoast.com\/product\/yoast-seo-wordpress\/ -->\n<title>Titanopsis hugo-schlechteri - Lebende Steine - Pflanzen - Sunnyplants.com<\/title>\n<meta name=\"description\" content=\"Titanopsis hugo-schlechteri - Lebende Steine - Pflanzen\" \/>\n<meta name=\"robots\" content=\"index, follow, max-snippet:-1, max-image-preview:large, max-video-preview:-1\" \/>\n<link rel=\"canonical\" href=\"https:\/\/www.sunnyplants.com\/de\/shop\/titanopsis-hugo-schlechteri-lebende-steine-pflanzen\" \/>\n<meta property=\"og:locale\" content=\"de_DE\" \/>\n<meta property=\"og:type\" content=\"article\" \/>\n<meta property=\"og:title\" content=\"Titanopsis hugo-schlechteri - Lebende Steine - Pflanzen - Sunnyplants.com\" \/>\n<meta property=\"og:description\" content=\"Titanopsis hugo-schlechteri - Lebende Steine - Pflanzen\" \/>\n<meta property=\"og:url\" content=\"https:\/\/www.sunnyplants.com\/de\/shop\/titanopsis-hugo-schlechteri-lebende-steine-pflanzen\" \/>\n<meta property=\"og:site_name\" content=\"Sunnyplants.com\" \/>\n<meta property=\"article:publisher\" content=\"https:\/\/nl-nl.facebook.com\/pages\/category\/Internet-Company\/Sunnyplantscom-1835401900058481\/\" \/>\n<meta property=\"article:modified_time\" content=\"2025-10-23T13:09:10+00:00\" \/>\n<meta property=\"og:image\" content=\"https:\/\/www.sunnyplants.com\/wp-content\/uploads\/2016\/12\/titanopsis_hugo_schlecteri.jpg\" \/>\n\t<meta property=\"og:image:width\" content=\"600\" \/>\n\t<meta property=\"og:image:height\" content=\"600\" \/>\n\t<meta property=\"og:image:type\" content=\"image\/jpeg\" \/>\n<meta name=\"twitter:card\" content=\"summary_large_image\" \/>\n<meta name=\"twitter:label1\" content=\"Gesch\u00e4tzte Lesezeit\" \/>\n\t<meta name=\"twitter:data1\" content=\"1 minute\" \/>\n<script type=\"application\/ld+json\" class=\"yoast-schema-graph\">{\"@context\":\"https:\\\/\\\/schema.org\",\"@graph\":[{\"@type\":\"WebPage\",\"@id\":\"https:\\\/\\\/www.sunnyplants.com\\\/de\\\/shop\\\/titanopsis-hugo-schlechteri-lebende-steine-pflanzen\",\"url\":\"https:\\\/\\\/www.sunnyplants.com\\\/de\\\/shop\\\/titanopsis-hugo-schlechteri-lebende-steine-pflanzen\",\"name\":\"Titanopsis hugo-schlechteri - Lebende Steine - Pflanzen - Sunnyplants.com\",\"isPartOf\":{\"@id\":\"https:\\\/\\\/www.sunnyplants.com\\\/de#website\"},\"primaryImageOfPage\":{\"@id\":\"https:\\\/\\\/www.sunnyplants.com\\\/de\\\/shop\\\/titanopsis-hugo-schlechteri-lebende-steine-pflanzen#primaryimage\"},\"image\":{\"@id\":\"https:\\\/\\\/www.sunnyplants.com\\\/de\\\/shop\\\/titanopsis-hugo-schlechteri-lebende-steine-pflanzen#primaryimage\"},\"thumbnailUrl\":\"https:\\\/\\\/www.sunnyplants.com\\\/wp-content\\\/uploads\\\/2016\\\/12\\\/titanopsis_hugo_schlecteri.jpg\",\"datePublished\":\"2016-12-30T13:24:11+00:00\",\"dateModified\":\"2025-10-23T13:09:10+00:00\",\"description\":\"Titanopsis hugo-schlechteri - Lebende Steine - Pflanzen\",\"breadcrumb\":{\"@id\":\"https:\\\/\\\/www.sunnyplants.com\\\/de\\\/shop\\\/titanopsis-hugo-schlechteri-lebende-steine-pflanzen#breadcrumb\"},\"inLanguage\":\"de-DE\",\"potentialAction\":[{\"@type\":\"ReadAction\",\"target\":[\"https:\\\/\\\/www.sunnyplants.com\\\/de\\\/shop\\\/titanopsis-hugo-schlechteri-lebende-steine-pflanzen\"]}]},{\"@type\":\"ImageObject\",\"inLanguage\":\"de-DE\",\"@id\":\"https:\\\/\\\/www.sunnyplants.com\\\/de\\\/shop\\\/titanopsis-hugo-schlechteri-lebende-steine-pflanzen#primaryimage\",\"url\":\"https:\\\/\\\/www.sunnyplants.com\\\/wp-content\\\/uploads\\\/2016\\\/12\\\/titanopsis_hugo_schlecteri.jpg\",\"contentUrl\":\"https:\\\/\\\/www.sunnyplants.com\\\/wp-content\\\/uploads\\\/2016\\\/12\\\/titanopsis_hugo_schlecteri.jpg\",\"width\":600,\"height\":600,\"caption\":\"titanopsis hugo-schlechteri\"},{\"@type\":\"BreadcrumbList\",\"@id\":\"https:\\\/\\\/www.sunnyplants.com\\\/de\\\/shop\\\/titanopsis-hugo-schlechteri-lebende-steine-pflanzen#breadcrumb\",\"itemListElement\":[{\"@type\":\"ListItem\",\"position\":1,\"name\":\"Home\",\"item\":\"https:\\\/\\\/www.sunnyplants.com\\\/de\\\/sunnyplants-de\"},{\"@type\":\"ListItem\",\"position\":2,\"name\":\"Shop\",\"item\":\"https:\\\/\\\/www.sunnyplants.com\\\/de\\\/shop-2\"},{\"@type\":\"ListItem\",\"position\":3,\"name\":\"Titanopsis hugo-schlechteri &#8211; Lebende Steine &#8211; Pflanzen\"}]},{\"@type\":\"WebSite\",\"@id\":\"https:\\\/\\\/www.sunnyplants.com\\\/de#website\",\"url\":\"https:\\\/\\\/www.sunnyplants.com\\\/de\",\"name\":\"Sunnyplants.com\",\"description\":\"Lithops, Conophytums and other Mesembs &amp; Succulents\",\"potentialAction\":[{\"@type\":\"SearchAction\",\"target\":{\"@type\":\"EntryPoint\",\"urlTemplate\":\"https:\\\/\\\/www.sunnyplants.com\\\/de?s={search_term_string}\"},\"query-input\":{\"@type\":\"PropertyValueSpecification\",\"valueRequired\":true,\"valueName\":\"search_term_string\"}}],\"inLanguage\":\"de-DE\"}]}<\/script>\n<!-- \/ Yoast SEO plugin. -->","yoast_head_json":{"title":"Titanopsis hugo-schlechteri - Lebende Steine - Pflanzen - Sunnyplants.com","description":"Titanopsis hugo-schlechteri - Lebende Steine - Pflanzen","robots":{"index":"index","follow":"follow","max-snippet":"max-snippet:-1","max-image-preview":"max-image-preview:large","max-video-preview":"max-video-preview:-1"},"canonical":"https:\/\/www.sunnyplants.com\/de\/shop\/titanopsis-hugo-schlechteri-lebende-steine-pflanzen","og_locale":"de_DE","og_type":"article","og_title":"Titanopsis hugo-schlechteri - Lebende Steine - Pflanzen - Sunnyplants.com","og_description":"Titanopsis hugo-schlechteri - Lebende Steine - Pflanzen","og_url":"https:\/\/www.sunnyplants.com\/de\/shop\/titanopsis-hugo-schlechteri-lebende-steine-pflanzen","og_site_name":"Sunnyplants.com","article_publisher":"https:\/\/nl-nl.facebook.com\/pages\/category\/Internet-Company\/Sunnyplantscom-1835401900058481\/","article_modified_time":"2025-10-23T13:09:10+00:00","og_image":[{"width":600,"height":600,"url":"https:\/\/www.sunnyplants.com\/wp-content\/uploads\/2016\/12\/titanopsis_hugo_schlecteri.jpg","type":"image\/jpeg"}],"twitter_card":"summary_large_image","twitter_misc":{"Gesch\u00e4tzte Lesezeit":"1 minute"},"schema":{"@context":"https:\/\/schema.org","@graph":[{"@type":"WebPage","@id":"https:\/\/www.sunnyplants.com\/de\/shop\/titanopsis-hugo-schlechteri-lebende-steine-pflanzen","url":"https:\/\/www.sunnyplants.com\/de\/shop\/titanopsis-hugo-schlechteri-lebende-steine-pflanzen","name":"Titanopsis hugo-schlechteri - Lebende Steine - Pflanzen - Sunnyplants.com","isPartOf":{"@id":"https:\/\/www.sunnyplants.com\/de#website"},"primaryImageOfPage":{"@id":"https:\/\/www.sunnyplants.com\/de\/shop\/titanopsis-hugo-schlechteri-lebende-steine-pflanzen#primaryimage"},"image":{"@id":"https:\/\/www.sunnyplants.com\/de\/shop\/titanopsis-hugo-schlechteri-lebende-steine-pflanzen#primaryimage"},"thumbnailUrl":"https:\/\/www.sunnyplants.com\/wp-content\/uploads\/2016\/12\/titanopsis_hugo_schlecteri.jpg","datePublished":"2016-12-30T13:24:11+00:00","dateModified":"2025-10-23T13:09:10+00:00","description":"Titanopsis hugo-schlechteri - Lebende Steine - Pflanzen","breadcrumb":{"@id":"https:\/\/www.sunnyplants.com\/de\/shop\/titanopsis-hugo-schlechteri-lebende-steine-pflanzen#breadcrumb"},"inLanguage":"de-DE","potentialAction":[{"@type":"ReadAction","target":["https:\/\/www.sunnyplants.com\/de\/shop\/titanopsis-hugo-schlechteri-lebende-steine-pflanzen"]}]},{"@type":"ImageObject","inLanguage":"de-DE","@id":"https:\/\/www.sunnyplants.com\/de\/shop\/titanopsis-hugo-schlechteri-lebende-steine-pflanzen#primaryimage","url":"https:\/\/www.sunnyplants.com\/wp-content\/uploads\/2016\/12\/titanopsis_hugo_schlecteri.jpg","contentUrl":"https:\/\/www.sunnyplants.com\/wp-content\/uploads\/2016\/12\/titanopsis_hugo_schlecteri.jpg","width":600,"height":600,"caption":"titanopsis hugo-schlechteri"},{"@type":"BreadcrumbList","@id":"https:\/\/www.sunnyplants.com\/de\/shop\/titanopsis-hugo-schlechteri-lebende-steine-pflanzen#breadcrumb","itemListElement":[{"@type":"ListItem","position":1,"name":"Home","item":"https:\/\/www.sunnyplants.com\/de\/sunnyplants-de"},{"@type":"ListItem","position":2,"name":"Shop","item":"https:\/\/www.sunnyplants.com\/de\/shop-2"},{"@type":"ListItem","position":3,"name":"Titanopsis hugo-schlechteri &#8211; Lebende Steine &#8211; Pflanzen"}]},{"@type":"WebSite","@id":"https:\/\/www.sunnyplants.com\/de#website","url":"https:\/\/www.sunnyplants.com\/de","name":"Sunnyplants.com","description":"Lithops, Conophytums and other Mesembs &amp; Succulents","potentialAction":[{"@type":"SearchAction","target":{"@type":"EntryPoint","urlTemplate":"https:\/\/www.sunnyplants.com\/de?s={search_term_string}"},"query-input":{"@type":"PropertyValueSpecification","valueRequired":true,"valueName":"search_term_string"}}],"inLanguage":"de-DE"}]}},"jetpack_sharing_enabled":true,"_links":{"self":[{"href":"https:\/\/www.sunnyplants.com\/de\/wp-json\/wp\/v2\/product\/6585","targetHints":{"allow":["GET"]}}],"collection":[{"href":"https:\/\/www.sunnyplants.com\/de\/wp-json\/wp\/v2\/product"}],"about":[{"href":"https:\/\/www.sunnyplants.com\/de\/wp-json\/wp\/v2\/types\/product"}],"replies":[{"embeddable":true,"href":"https:\/\/www.sunnyplants.com\/de\/wp-json\/wp\/v2\/comments?post=6585"}],"wp:featuredmedia":[{"embeddable":true,"href":"https:\/\/www.sunnyplants.com\/de\/wp-json\/wp\/v2\/media\/5602"}],"wp:attachment":[{"href":"https:\/\/www.sunnyplants.com\/de\/wp-json\/wp\/v2\/media?parent=6585"}],"wp:term":[{"taxonomy":"product_brand","embeddable":true,"href":"https:\/\/www.sunnyplants.com\/de\/wp-json\/wp\/v2\/product_brand?post=6585"},{"taxonomy":"product_cat","embeddable":true,"href":"https:\/\/www.sunnyplants.com\/de\/wp-json\/wp\/v2\/product_cat?post=6585"},{"taxonomy":"product_tag","embeddable":true,"href":"https:\/\/www.sunnyplants.com\/de\/wp-json\/wp\/v2\/product_tag?post=6585"}],"curies":[{"name":"wp","href":"https:\/\/api.w.org\/{rel}","templated":true}]}}