{"id":6722,"date":"2024-07-03T15:48:05","date_gmt":"2016-12-30T15:48:05","guid":{"rendered":"https:\/\/www.sunnyplants.com\/de\/shop\/senecio-stapeliiformis-stecklinge-copy\/"},"modified":"2026-02-16T14:18:02","modified_gmt":"2026-02-16T14:18:02","slug":"sedum-morganianum-burrito-schlangen-fetthenne-stecklinge","status":"publish","type":"product","link":"https:\/\/www.sunnyplants.com\/de\/shop\/sedum-morganianum-burrito-schlangen-fetthenne-stecklinge","title":{"rendered":"Sedum morganianum Burrito &#8211; Schlangen-Fetthenne &#8211; Stecklinge"},"content":{"rendered":"<p>Sedum morganianum Burrito, auch Burro\u2019s Tail genannt, ist eine sch\u00f6ne Sorte. Die Bl\u00e4tter sind k\u00fcrzer und kompakter als bei der nat\u00fcrlichen Art Sedum morganianum. Sedum morganianum stammt aus Mexiko und Honduras. Dieses Sedum ist sehr dekorativ und eignet sich zum Aufh\u00e4ngen von T\u00f6pfen und Containern.<\/p>\n<h2>Sedum morganianum Burrito Pflege<\/h2>\n<p>Dies ist eine einfache Sukkulent. Es braucht so viel Licht wie m\u00f6glich, um die blaugr\u00fcne Farbe und die kompakte Form zu erhalten. Gie\u00dfen Sie die Pflanze, wenn die Erde vollst\u00e4ndig trocken ist. Sie k\u00f6nnen im Fr\u00fchjahr und Herbst etwas <a href=\"https:\/\/www.sunnyplants.com\/de\/shop\/kaktus-sukkulenten-ernahrung\">D\u00fcnger<\/a> verwenden. Verwenden Sie am besten eine gute <a href=\"https:\/\/www.sunnyplants.com\/de\/shop\/kaktus-und-sukkulenten-erde\">Sukkulentenerde<\/a> mit perfekter Drainagef\u00e4higkeit. Sie k\u00f6nnen Sedum morganianum Burrito von Mitte Mai bis September im Freien anbauen. Passen Sie sich langsam an mehr Licht an oder spenden Sie, wenn m\u00f6glich, etwas Schatten vor intensiver Sonne. Wir halten alle unsere Sedum-Pflanzen im Winter vollst\u00e4ndig trocken im Gew\u00e4chshaus bei einer Mindesttemperatur von 5-10 \u00b0 C.<\/p>\n<h2>Sedum morganianum Burrito Vermehrung<\/h2>\n<p>Die meisten Sedums, insbesondere Sorten, werden aus Stecklingen gez\u00fcchtet. Sedum morganianum Burrito kann aus Blattstecklingen oder St\u00e4ngelstecklingen vermehrt werden.<\/p>\n<h3>Sedum morganianum Burrito aus Blattstecklingen<\/h3>\n<p>Bei der Blattstecklingsvermehrung dauert es etwa 3-4 Jahre, bis eine 5 cm Pflanze entsteht. Auf diese Weise k\u00f6nnen Sie viele Pflanzen erhalten. Nehmen Sie einfach die kleinen Bl\u00e4tter vorsichtig und intakt ab und verteilen Sie sie \u00fcber Sukkulentenerde. Verwenden Sie am besten eine flache Schale, damit die Erde nicht zu lange nass bleibt. Bedecken Sie die Blattstecklinge leicht mit <a href=\"https:\/\/www.sunnyplants.com\/de\/shop\/lava-de\">Lavakies<\/a> oder feinem <a href=\"https:\/\/www.sunnyplants.com\/de\/shop\/bimsstein-bims\">Bimsstein<\/a>.<\/p>\n<h3>Sedum morganianum Burrito aus St\u00e4ngelstecklingen<\/h3>\n<p>Der Anbau von Sedum Burrito aus Stecklingen geht sehr schnell, aber Sie erhalten nur einen begrenzten Vorrat an neuen Pflanzen. Vom Sedum-Stamm ein 5-10 cm langes St\u00fcck abschneiden. Sowohl der obere als auch der mittlere Abschnitt funktionieren hervorragend. Entfernen Sie die unteren Bl\u00e4tter und lassen Sie die Schnittwunde 3-4 Tage trocknen, bevor Sie sie in Erde pflanzen. Sedum morganianum Burrito-St\u00e4ngelstecklinge bilden normalerweise in 3-4 Wochen Wurzeln, je nach Temperatur. Gie\u00dfen Sie nicht, bevor sich Wurzeln gebildet haben.<\/p>\n<h3>Sukkulentent\u00f6pfe f\u00fcr Ihre Burro\u2019s Tail<\/h3>\n<p>Es sind so viele Sukkulentent\u00f6pfe online verf\u00fcgbar, die f\u00fcr Ihre Sedum morganianum geeignet sein k\u00f6nnten. Sedum T\u00f6pfe aus Keramik, T\u00f6pfe aus Stein, T\u00f6pfe aus Beton, Burro\u2019s Tail T\u00f6pfe aus Glas und T\u00f6pfe aus Holz. Es gibt eine gro\u00dfe Auswahl an <strong><a href=\"https:\/\/amzn.to\/38Mf6pO\" target=\"_blank\" rel=\"noopener\">Sukkulentent\u00f6pfen auf Amazon.de<\/a><\/strong>.<\/p>\n<h3>Sukkulenten Pflanzenlampen f\u00fcr Ihre Sedum Pflanzen<\/h3>\n<p>Alle Sukkulenten brauchen helles Licht, um gut zu wachsen. Sie bleiben kompakter und erhalten leuchtendere Farben. Eine gute Beleuchtung ist auch wichtig f\u00fcr die Pflanzengesundheit und die Photosynthese. In einem Gew\u00e4chshaus oder auf einer nach S\u00fcden ausgerichteten Fensterbank ist dies normalerweise kein Problem. Wenn Sie Ihrer Sedum Sammlung kein helles Licht bieten k\u00f6nnen, empfehlen wir die Verwendung von Sukkulenten-Wachstumslampen. Es gibt eine gro\u00dfe Auswahl an verschiedenen Arten von <strong><a href=\"https:\/\/amzn.to\/3ybfM2U\" target=\"_blank\" rel=\"noopener\">Sukkulenten Pflanzenlampen auf Amazon.de<\/a><\/strong>.<\/p>\n","protected":false},"excerpt":{"rendered":"<p>Sch\u00f6ne kompakt gewachsene Sedum morganianum Burrito (Eselschwanz) Stecklinge. Sie erhalten 1 oder 2 unbewurzelte Stecklinge. Pflanzen Sie Sedum morganianum Burrito in <a href=\"https:\/\/www.sunnyplants.com\/de\/shop\/kaktus-und-sukkulenten-erde\">Sukkulentenerde<\/a> und geben Sie im Fr\u00fchjahr und Herbst, wenn sie das meiste Wachstum zeigen, etwas <a href=\"https:\/\/www.sunnyplants.com\/de\/shop\/kaktus-sukkulenten-ernahrung\">D\u00fcnger<\/a>. Sie m\u00f6gen viel Licht, passen die Sukkulente aber langsam an eine st\u00e4rkere Beleuchtung an.<\/p>\n","protected":false},"featured_media":4978,"comment_status":"open","ping_status":"closed","template":"","meta":[],"product_brand":[],"product_cat":[351,278,347],"product_tag":[835,854,843,834],"class_list":{"0":"post-6722","1":"product","2":"type-product","3":"status-publish","4":"has-post-thumbnail","6":"product_cat-sedum-stecklinge","7":"product_cat-stecklinge","8":"product_cat-sukkulenten-stecklinge","9":"product_tag-dschungelpflanzen","10":"product_tag-stammstecklinge","11":"product_tag-stecklinge","12":"product_tag-zimmerpflanzen","13":"product_shipping_class-cuttings-small-plants-de","14":"pa_family-crassulaceae-de","15":"pa_flower-color-rosa","16":"pa_leaf-color-blau","17":"pa_leaf-color-gruen","18":"pa_product-type-stammstecklinge","19":"pa_quantity-1-steckling","20":"pa_size-4-6-cm-de","22":"first","23":"instock","24":"taxable","25":"shipping-taxable","26":"purchasable","27":"product-type-simple"},"yoast_head":"<!-- This site is optimized with the Yoast SEO plugin v27.4 - https:\/\/yoast.com\/product\/yoast-seo-wordpress\/ -->\n<title>Sedum morganianum Burrito - Schlangen-Fetthenne - Stecklinge - Sunnyplants.com<\/title>\n<meta name=\"description\" content=\"Sch\u00f6ne kompakt gewachsene Sedum morganianum Burrito (Eselschwanz) Stecklinge. Sie erhalten 1 oder 2 unbewurzelte Stecklinge. Pflanzen Sie Sedum morganianum Burrito in Sukkulentenerde und geben Sie im Fr\u00fchjahr und Herbst, wenn sie das meiste Wachstum zeigen, etwas D\u00fcnger. Sie m\u00f6gen viel Licht, passen die Sukkulente aber langsam an eine st\u00e4rkere Beleuchtung an.\" \/>\n<meta name=\"robots\" content=\"index, follow, max-snippet:-1, max-image-preview:large, max-video-preview:-1\" \/>\n<link rel=\"canonical\" href=\"https:\/\/www.sunnyplants.com\/de\/shop\/sedum-morganianum-burrito-schlangen-fetthenne-stecklinge\" \/>\n<meta property=\"og:locale\" content=\"de_DE\" \/>\n<meta property=\"og:type\" content=\"article\" \/>\n<meta property=\"og:title\" content=\"Sedum morganianum Burrito - Schlangen-Fetthenne - Stecklinge - Sunnyplants.com\" \/>\n<meta property=\"og:description\" content=\"Sch\u00f6ne kompakt gewachsene Sedum morganianum Burrito (Eselschwanz) Stecklinge. Sie erhalten 1 oder 2 unbewurzelte Stecklinge. Pflanzen Sie Sedum morganianum Burrito in Sukkulentenerde und geben Sie im Fr\u00fchjahr und Herbst, wenn sie das meiste Wachstum zeigen, etwas D\u00fcnger. Sie m\u00f6gen viel Licht, passen die Sukkulente aber langsam an eine st\u00e4rkere Beleuchtung an.\" \/>\n<meta property=\"og:url\" content=\"https:\/\/www.sunnyplants.com\/de\/shop\/sedum-morganianum-burrito-schlangen-fetthenne-stecklinge\" \/>\n<meta property=\"og:site_name\" content=\"Sunnyplants.com\" \/>\n<meta property=\"article:publisher\" content=\"https:\/\/nl-nl.facebook.com\/pages\/category\/Internet-Company\/Sunnyplantscom-1835401900058481\/\" \/>\n<meta property=\"article:modified_time\" content=\"2026-02-16T14:18:02+00:00\" \/>\n<meta property=\"og:image\" content=\"https:\/\/www.sunnyplants.com\/wp-content\/uploads\/2016\/12\/sedum-morganianum-burrito.jpg\" \/>\n\t<meta property=\"og:image:width\" content=\"600\" \/>\n\t<meta property=\"og:image:height\" content=\"600\" \/>\n\t<meta property=\"og:image:type\" content=\"image\/jpeg\" \/>\n<meta name=\"twitter:card\" content=\"summary_large_image\" \/>\n<meta name=\"twitter:label1\" content=\"Gesch\u00e4tzte Lesezeit\" \/>\n\t<meta name=\"twitter:data1\" content=\"2 minutes\" \/>\n<script type=\"application\/ld+json\" class=\"yoast-schema-graph\">{\"@context\":\"https:\\\/\\\/schema.org\",\"@graph\":[{\"@type\":\"WebPage\",\"@id\":\"https:\\\/\\\/www.sunnyplants.com\\\/de\\\/shop\\\/sedum-morganianum-burrito-schlangen-fetthenne-stecklinge\",\"url\":\"https:\\\/\\\/www.sunnyplants.com\\\/de\\\/shop\\\/sedum-morganianum-burrito-schlangen-fetthenne-stecklinge\",\"name\":\"Sedum morganianum Burrito - Schlangen-Fetthenne - Stecklinge - Sunnyplants.com\",\"isPartOf\":{\"@id\":\"https:\\\/\\\/www.sunnyplants.com\\\/de#website\"},\"primaryImageOfPage\":{\"@id\":\"https:\\\/\\\/www.sunnyplants.com\\\/de\\\/shop\\\/sedum-morganianum-burrito-schlangen-fetthenne-stecklinge#primaryimage\"},\"image\":{\"@id\":\"https:\\\/\\\/www.sunnyplants.com\\\/de\\\/shop\\\/sedum-morganianum-burrito-schlangen-fetthenne-stecklinge#primaryimage\"},\"thumbnailUrl\":\"https:\\\/\\\/www.sunnyplants.com\\\/wp-content\\\/uploads\\\/2016\\\/12\\\/sedum-morganianum-burrito.jpg\",\"datePublished\":\"2016-12-30T15:48:05+00:00\",\"dateModified\":\"2026-02-16T14:18:02+00:00\",\"description\":\"Sch\u00f6ne kompakt gewachsene Sedum morganianum Burrito (Eselschwanz) Stecklinge. Sie erhalten 1 oder 2 unbewurzelte Stecklinge. Pflanzen Sie Sedum morganianum Burrito in Sukkulentenerde und geben Sie im Fr\u00fchjahr und Herbst, wenn sie das meiste Wachstum zeigen, etwas D\u00fcnger. Sie m\u00f6gen viel Licht, passen die Sukkulente aber langsam an eine st\u00e4rkere Beleuchtung an.\",\"breadcrumb\":{\"@id\":\"https:\\\/\\\/www.sunnyplants.com\\\/de\\\/shop\\\/sedum-morganianum-burrito-schlangen-fetthenne-stecklinge#breadcrumb\"},\"inLanguage\":\"de-DE\",\"potentialAction\":[{\"@type\":\"ReadAction\",\"target\":[\"https:\\\/\\\/www.sunnyplants.com\\\/de\\\/shop\\\/sedum-morganianum-burrito-schlangen-fetthenne-stecklinge\"]}]},{\"@type\":\"ImageObject\",\"inLanguage\":\"de-DE\",\"@id\":\"https:\\\/\\\/www.sunnyplants.com\\\/de\\\/shop\\\/sedum-morganianum-burrito-schlangen-fetthenne-stecklinge#primaryimage\",\"url\":\"https:\\\/\\\/www.sunnyplants.com\\\/wp-content\\\/uploads\\\/2016\\\/12\\\/sedum-morganianum-burrito.jpg\",\"contentUrl\":\"https:\\\/\\\/www.sunnyplants.com\\\/wp-content\\\/uploads\\\/2016\\\/12\\\/sedum-morganianum-burrito.jpg\",\"width\":600,\"height\":600,\"caption\":\"Sedum morganianum Burrito - Burro\u2019s Tail - Cuttings\"},{\"@type\":\"BreadcrumbList\",\"@id\":\"https:\\\/\\\/www.sunnyplants.com\\\/de\\\/shop\\\/sedum-morganianum-burrito-schlangen-fetthenne-stecklinge#breadcrumb\",\"itemListElement\":[{\"@type\":\"ListItem\",\"position\":1,\"name\":\"Home\",\"item\":\"https:\\\/\\\/www.sunnyplants.com\\\/de\\\/sunnyplants-de\"},{\"@type\":\"ListItem\",\"position\":2,\"name\":\"Shop\",\"item\":\"https:\\\/\\\/www.sunnyplants.com\\\/de\\\/shop-2\"},{\"@type\":\"ListItem\",\"position\":3,\"name\":\"Sedum morganianum Burrito &#8211; Schlangen-Fetthenne &#8211; Stecklinge\"}]},{\"@type\":\"WebSite\",\"@id\":\"https:\\\/\\\/www.sunnyplants.com\\\/de#website\",\"url\":\"https:\\\/\\\/www.sunnyplants.com\\\/de\",\"name\":\"Sunnyplants.com\",\"description\":\"Lithops, Conophytums and other Mesembs &amp; Succulents\",\"potentialAction\":[{\"@type\":\"SearchAction\",\"target\":{\"@type\":\"EntryPoint\",\"urlTemplate\":\"https:\\\/\\\/www.sunnyplants.com\\\/de?s={search_term_string}\"},\"query-input\":{\"@type\":\"PropertyValueSpecification\",\"valueRequired\":true,\"valueName\":\"search_term_string\"}}],\"inLanguage\":\"de-DE\"}]}<\/script>\n<!-- \/ Yoast SEO plugin. -->","yoast_head_json":{"title":"Sedum morganianum Burrito - Schlangen-Fetthenne - Stecklinge - Sunnyplants.com","description":"Sch\u00f6ne kompakt gewachsene Sedum morganianum Burrito (Eselschwanz) Stecklinge. Sie erhalten 1 oder 2 unbewurzelte Stecklinge. Pflanzen Sie Sedum morganianum Burrito in Sukkulentenerde und geben Sie im Fr\u00fchjahr und Herbst, wenn sie das meiste Wachstum zeigen, etwas D\u00fcnger. Sie m\u00f6gen viel Licht, passen die Sukkulente aber langsam an eine st\u00e4rkere Beleuchtung an.","robots":{"index":"index","follow":"follow","max-snippet":"max-snippet:-1","max-image-preview":"max-image-preview:large","max-video-preview":"max-video-preview:-1"},"canonical":"https:\/\/www.sunnyplants.com\/de\/shop\/sedum-morganianum-burrito-schlangen-fetthenne-stecklinge","og_locale":"de_DE","og_type":"article","og_title":"Sedum morganianum Burrito - Schlangen-Fetthenne - Stecklinge - Sunnyplants.com","og_description":"Sch\u00f6ne kompakt gewachsene Sedum morganianum Burrito (Eselschwanz) Stecklinge. Sie erhalten 1 oder 2 unbewurzelte Stecklinge. Pflanzen Sie Sedum morganianum Burrito in Sukkulentenerde und geben Sie im Fr\u00fchjahr und Herbst, wenn sie das meiste Wachstum zeigen, etwas D\u00fcnger. Sie m\u00f6gen viel Licht, passen die Sukkulente aber langsam an eine st\u00e4rkere Beleuchtung an.","og_url":"https:\/\/www.sunnyplants.com\/de\/shop\/sedum-morganianum-burrito-schlangen-fetthenne-stecklinge","og_site_name":"Sunnyplants.com","article_publisher":"https:\/\/nl-nl.facebook.com\/pages\/category\/Internet-Company\/Sunnyplantscom-1835401900058481\/","article_modified_time":"2026-02-16T14:18:02+00:00","og_image":[{"width":600,"height":600,"url":"https:\/\/www.sunnyplants.com\/wp-content\/uploads\/2016\/12\/sedum-morganianum-burrito.jpg","type":"image\/jpeg"}],"twitter_card":"summary_large_image","twitter_misc":{"Gesch\u00e4tzte Lesezeit":"2 minutes"},"schema":{"@context":"https:\/\/schema.org","@graph":[{"@type":"WebPage","@id":"https:\/\/www.sunnyplants.com\/de\/shop\/sedum-morganianum-burrito-schlangen-fetthenne-stecklinge","url":"https:\/\/www.sunnyplants.com\/de\/shop\/sedum-morganianum-burrito-schlangen-fetthenne-stecklinge","name":"Sedum morganianum Burrito - Schlangen-Fetthenne - Stecklinge - Sunnyplants.com","isPartOf":{"@id":"https:\/\/www.sunnyplants.com\/de#website"},"primaryImageOfPage":{"@id":"https:\/\/www.sunnyplants.com\/de\/shop\/sedum-morganianum-burrito-schlangen-fetthenne-stecklinge#primaryimage"},"image":{"@id":"https:\/\/www.sunnyplants.com\/de\/shop\/sedum-morganianum-burrito-schlangen-fetthenne-stecklinge#primaryimage"},"thumbnailUrl":"https:\/\/www.sunnyplants.com\/wp-content\/uploads\/2016\/12\/sedum-morganianum-burrito.jpg","datePublished":"2016-12-30T15:48:05+00:00","dateModified":"2026-02-16T14:18:02+00:00","description":"Sch\u00f6ne kompakt gewachsene Sedum morganianum Burrito (Eselschwanz) Stecklinge. Sie erhalten 1 oder 2 unbewurzelte Stecklinge. Pflanzen Sie Sedum morganianum Burrito in Sukkulentenerde und geben Sie im Fr\u00fchjahr und Herbst, wenn sie das meiste Wachstum zeigen, etwas D\u00fcnger. Sie m\u00f6gen viel Licht, passen die Sukkulente aber langsam an eine st\u00e4rkere Beleuchtung an.","breadcrumb":{"@id":"https:\/\/www.sunnyplants.com\/de\/shop\/sedum-morganianum-burrito-schlangen-fetthenne-stecklinge#breadcrumb"},"inLanguage":"de-DE","potentialAction":[{"@type":"ReadAction","target":["https:\/\/www.sunnyplants.com\/de\/shop\/sedum-morganianum-burrito-schlangen-fetthenne-stecklinge"]}]},{"@type":"ImageObject","inLanguage":"de-DE","@id":"https:\/\/www.sunnyplants.com\/de\/shop\/sedum-morganianum-burrito-schlangen-fetthenne-stecklinge#primaryimage","url":"https:\/\/www.sunnyplants.com\/wp-content\/uploads\/2016\/12\/sedum-morganianum-burrito.jpg","contentUrl":"https:\/\/www.sunnyplants.com\/wp-content\/uploads\/2016\/12\/sedum-morganianum-burrito.jpg","width":600,"height":600,"caption":"Sedum morganianum Burrito - Burro\u2019s Tail - Cuttings"},{"@type":"BreadcrumbList","@id":"https:\/\/www.sunnyplants.com\/de\/shop\/sedum-morganianum-burrito-schlangen-fetthenne-stecklinge#breadcrumb","itemListElement":[{"@type":"ListItem","position":1,"name":"Home","item":"https:\/\/www.sunnyplants.com\/de\/sunnyplants-de"},{"@type":"ListItem","position":2,"name":"Shop","item":"https:\/\/www.sunnyplants.com\/de\/shop-2"},{"@type":"ListItem","position":3,"name":"Sedum morganianum Burrito &#8211; Schlangen-Fetthenne &#8211; Stecklinge"}]},{"@type":"WebSite","@id":"https:\/\/www.sunnyplants.com\/de#website","url":"https:\/\/www.sunnyplants.com\/de","name":"Sunnyplants.com","description":"Lithops, Conophytums and other Mesembs &amp; Succulents","potentialAction":[{"@type":"SearchAction","target":{"@type":"EntryPoint","urlTemplate":"https:\/\/www.sunnyplants.com\/de?s={search_term_string}"},"query-input":{"@type":"PropertyValueSpecification","valueRequired":true,"valueName":"search_term_string"}}],"inLanguage":"de-DE"}]}},"jetpack_sharing_enabled":true,"_links":{"self":[{"href":"https:\/\/www.sunnyplants.com\/de\/wp-json\/wp\/v2\/product\/6722","targetHints":{"allow":["GET"]}}],"collection":[{"href":"https:\/\/www.sunnyplants.com\/de\/wp-json\/wp\/v2\/product"}],"about":[{"href":"https:\/\/www.sunnyplants.com\/de\/wp-json\/wp\/v2\/types\/product"}],"replies":[{"embeddable":true,"href":"https:\/\/www.sunnyplants.com\/de\/wp-json\/wp\/v2\/comments?post=6722"}],"wp:featuredmedia":[{"embeddable":true,"href":"https:\/\/www.sunnyplants.com\/de\/wp-json\/wp\/v2\/media\/4978"}],"wp:attachment":[{"href":"https:\/\/www.sunnyplants.com\/de\/wp-json\/wp\/v2\/media?parent=6722"}],"wp:term":[{"taxonomy":"product_brand","embeddable":true,"href":"https:\/\/www.sunnyplants.com\/de\/wp-json\/wp\/v2\/product_brand?post=6722"},{"taxonomy":"product_cat","embeddable":true,"href":"https:\/\/www.sunnyplants.com\/de\/wp-json\/wp\/v2\/product_cat?post=6722"},{"taxonomy":"product_tag","embeddable":true,"href":"https:\/\/www.sunnyplants.com\/de\/wp-json\/wp\/v2\/product_tag?post=6722"}],"curies":[{"name":"wp","href":"https:\/\/api.w.org\/{rel}","templated":true}]}}