{"id":6734,"date":"2025-03-28T16:04:03","date_gmt":"2025-03-28T16:04:03","guid":{"rendered":"https:\/\/www.sunnyplants.com\/de\/shop\/sedum-morganianum-burrito-schlangen-fetthenne-stecklinge-copy\/"},"modified":"2026-03-15T18:32:02","modified_gmt":"2026-03-15T18:32:02","slug":"sedum-rubrotinctum-aurora-jelly-beans-stecklinge","status":"publish","type":"product","link":"https:\/\/www.sunnyplants.com\/de\/shop\/sedum-rubrotinctum-aurora-jelly-beans-stecklinge","title":{"rendered":"Sedum rubrotinctum Aurora &#8211; Jelly Beans &#8211; Stecklinge"},"content":{"rendered":"<p>Sedum rubrotinctum Aurora &#8211; Jelly Beans &#8211; Stecklinge zum Verkauf.<\/p>\n","protected":false},"excerpt":{"rendered":"<p>Sedum rubrotinctum Aurora oder Pink Jelly Beans ist eine atemberaubende Variation des eher roten und gr\u00fcnen Sedum rubrotinctum. Die Farben k\u00f6nnen sich im Laufe des Jahres je nach Temperatur, Wasserbedingungen und Lichtintensit\u00e4t etwas ver\u00e4ndern. Sedum rubrotinctum Aurora hat normalerweise die besten rosa Farben im Herbst, Winter und fr\u00fchen Fr\u00fchling.<\/p>\n","protected":false},"featured_media":8486,"comment_status":"open","ping_status":"closed","template":"","meta":[],"product_brand":[],"product_cat":[351,278,347],"product_tag":[835,854,843,834],"class_list":{"0":"post-6734","1":"product","2":"type-product","3":"status-publish","4":"has-post-thumbnail","6":"product_cat-sedum-stecklinge","7":"product_cat-stecklinge","8":"product_cat-sukkulenten-stecklinge","9":"product_tag-dschungelpflanzen","10":"product_tag-stammstecklinge","11":"product_tag-stecklinge","12":"product_tag-zimmerpflanzen","13":"product_shipping_class-plants-collections-de","14":"pa_family-crassulaceae-de","15":"pa_leaf-color-rosa","16":"pa_product-type-stammstecklinge","17":"pa_quantity-1-steckling-bewurzelt","18":"pa_size-4-6-cm-de","20":"first","21":"instock","22":"taxable","23":"shipping-taxable","24":"purchasable","25":"product-type-simple"},"yoast_head":"<!-- This site is optimized with the Yoast SEO plugin v27.4 - https:\/\/yoast.com\/product\/yoast-seo-wordpress\/ -->\n<title>Sedum rubrotinctum Aurora - Jelly Beans - Stecklinge - Sunnyplants.com<\/title>\n<meta name=\"description\" content=\"Sedum rubrotinctum Aurora oder Pink Jelly Beans ist eine atemberaubende Variation des eher roten und gr\u00fcnen Sedum rubrotinctum. Die Farben k\u00f6nnen sich im Laufe des Jahres je nach Temperatur, Wasserbedingungen und Lichtintensit\u00e4t etwas ver\u00e4ndern. Sedum rubrotinctum Aurora hat normalerweise die besten rosa Farben im Herbst, Winter und fr\u00fchen Fr\u00fchling.\" \/>\n<meta name=\"robots\" content=\"index, follow, max-snippet:-1, max-image-preview:large, max-video-preview:-1\" \/>\n<link rel=\"canonical\" href=\"https:\/\/www.sunnyplants.com\/de\/shop\/sedum-rubrotinctum-aurora-jelly-beans-stecklinge\" \/>\n<meta property=\"og:locale\" content=\"de_DE\" \/>\n<meta property=\"og:type\" content=\"article\" \/>\n<meta property=\"og:title\" content=\"Sedum rubrotinctum Aurora - Jelly Beans - Stecklinge - Sunnyplants.com\" \/>\n<meta property=\"og:description\" content=\"Sedum rubrotinctum Aurora oder Pink Jelly Beans ist eine atemberaubende Variation des eher roten und gr\u00fcnen Sedum rubrotinctum. Die Farben k\u00f6nnen sich im Laufe des Jahres je nach Temperatur, Wasserbedingungen und Lichtintensit\u00e4t etwas ver\u00e4ndern. Sedum rubrotinctum Aurora hat normalerweise die besten rosa Farben im Herbst, Winter und fr\u00fchen Fr\u00fchling.\" \/>\n<meta property=\"og:url\" content=\"https:\/\/www.sunnyplants.com\/de\/shop\/sedum-rubrotinctum-aurora-jelly-beans-stecklinge\" \/>\n<meta property=\"og:site_name\" content=\"Sunnyplants.com\" \/>\n<meta property=\"article:publisher\" content=\"https:\/\/nl-nl.facebook.com\/pages\/category\/Internet-Company\/Sunnyplantscom-1835401900058481\/\" \/>\n<meta property=\"article:modified_time\" content=\"2026-03-15T18:32:02+00:00\" \/>\n<meta property=\"og:image\" content=\"https:\/\/www.sunnyplants.com\/wp-content\/uploads\/sedum-rubrotinctum-2.jpg\" \/>\n\t<meta property=\"og:image:width\" content=\"900\" \/>\n\t<meta property=\"og:image:height\" content=\"900\" \/>\n\t<meta property=\"og:image:type\" content=\"image\/jpeg\" \/>\n<meta name=\"twitter:card\" content=\"summary_large_image\" \/>\n<script type=\"application\/ld+json\" class=\"yoast-schema-graph\">{\"@context\":\"https:\\\/\\\/schema.org\",\"@graph\":[{\"@type\":\"WebPage\",\"@id\":\"https:\\\/\\\/www.sunnyplants.com\\\/de\\\/shop\\\/sedum-rubrotinctum-aurora-jelly-beans-stecklinge\",\"url\":\"https:\\\/\\\/www.sunnyplants.com\\\/de\\\/shop\\\/sedum-rubrotinctum-aurora-jelly-beans-stecklinge\",\"name\":\"Sedum rubrotinctum Aurora - Jelly Beans - Stecklinge - Sunnyplants.com\",\"isPartOf\":{\"@id\":\"https:\\\/\\\/www.sunnyplants.com\\\/de#website\"},\"primaryImageOfPage\":{\"@id\":\"https:\\\/\\\/www.sunnyplants.com\\\/de\\\/shop\\\/sedum-rubrotinctum-aurora-jelly-beans-stecklinge#primaryimage\"},\"image\":{\"@id\":\"https:\\\/\\\/www.sunnyplants.com\\\/de\\\/shop\\\/sedum-rubrotinctum-aurora-jelly-beans-stecklinge#primaryimage\"},\"thumbnailUrl\":\"https:\\\/\\\/www.sunnyplants.com\\\/wp-content\\\/uploads\\\/sedum-rubrotinctum-2.jpg\",\"datePublished\":\"2025-03-28T16:04:03+00:00\",\"dateModified\":\"2026-03-15T18:32:02+00:00\",\"description\":\"Sedum rubrotinctum Aurora oder Pink Jelly Beans ist eine atemberaubende Variation des eher roten und gr\u00fcnen Sedum rubrotinctum. Die Farben k\u00f6nnen sich im Laufe des Jahres je nach Temperatur, Wasserbedingungen und Lichtintensit\u00e4t etwas ver\u00e4ndern. Sedum rubrotinctum Aurora hat normalerweise die besten rosa Farben im Herbst, Winter und fr\u00fchen Fr\u00fchling.\",\"breadcrumb\":{\"@id\":\"https:\\\/\\\/www.sunnyplants.com\\\/de\\\/shop\\\/sedum-rubrotinctum-aurora-jelly-beans-stecklinge#breadcrumb\"},\"inLanguage\":\"de-DE\",\"potentialAction\":[{\"@type\":\"ReadAction\",\"target\":[\"https:\\\/\\\/www.sunnyplants.com\\\/de\\\/shop\\\/sedum-rubrotinctum-aurora-jelly-beans-stecklinge\"]}]},{\"@type\":\"ImageObject\",\"inLanguage\":\"de-DE\",\"@id\":\"https:\\\/\\\/www.sunnyplants.com\\\/de\\\/shop\\\/sedum-rubrotinctum-aurora-jelly-beans-stecklinge#primaryimage\",\"url\":\"https:\\\/\\\/www.sunnyplants.com\\\/wp-content\\\/uploads\\\/sedum-rubrotinctum-2.jpg\",\"contentUrl\":\"https:\\\/\\\/www.sunnyplants.com\\\/wp-content\\\/uploads\\\/sedum-rubrotinctum-2.jpg\",\"width\":900,\"height\":900},{\"@type\":\"BreadcrumbList\",\"@id\":\"https:\\\/\\\/www.sunnyplants.com\\\/de\\\/shop\\\/sedum-rubrotinctum-aurora-jelly-beans-stecklinge#breadcrumb\",\"itemListElement\":[{\"@type\":\"ListItem\",\"position\":1,\"name\":\"Home\",\"item\":\"https:\\\/\\\/www.sunnyplants.com\\\/de\\\/sunnyplants-de\"},{\"@type\":\"ListItem\",\"position\":2,\"name\":\"Shop\",\"item\":\"https:\\\/\\\/www.sunnyplants.com\\\/de\\\/shop-2\"},{\"@type\":\"ListItem\",\"position\":3,\"name\":\"Sedum rubrotinctum Aurora &#8211; Jelly Beans &#8211; Stecklinge\"}]},{\"@type\":\"WebSite\",\"@id\":\"https:\\\/\\\/www.sunnyplants.com\\\/de#website\",\"url\":\"https:\\\/\\\/www.sunnyplants.com\\\/de\",\"name\":\"Sunnyplants.com\",\"description\":\"Lithops, Conophytums and other Mesembs &amp; Succulents\",\"potentialAction\":[{\"@type\":\"SearchAction\",\"target\":{\"@type\":\"EntryPoint\",\"urlTemplate\":\"https:\\\/\\\/www.sunnyplants.com\\\/de?s={search_term_string}\"},\"query-input\":{\"@type\":\"PropertyValueSpecification\",\"valueRequired\":true,\"valueName\":\"search_term_string\"}}],\"inLanguage\":\"de-DE\"}]}<\/script>\n<!-- \/ Yoast SEO plugin. -->","yoast_head_json":{"title":"Sedum rubrotinctum Aurora - Jelly Beans - Stecklinge - Sunnyplants.com","description":"Sedum rubrotinctum Aurora oder Pink Jelly Beans ist eine atemberaubende Variation des eher roten und gr\u00fcnen Sedum rubrotinctum. Die Farben k\u00f6nnen sich im Laufe des Jahres je nach Temperatur, Wasserbedingungen und Lichtintensit\u00e4t etwas ver\u00e4ndern. Sedum rubrotinctum Aurora hat normalerweise die besten rosa Farben im Herbst, Winter und fr\u00fchen Fr\u00fchling.","robots":{"index":"index","follow":"follow","max-snippet":"max-snippet:-1","max-image-preview":"max-image-preview:large","max-video-preview":"max-video-preview:-1"},"canonical":"https:\/\/www.sunnyplants.com\/de\/shop\/sedum-rubrotinctum-aurora-jelly-beans-stecklinge","og_locale":"de_DE","og_type":"article","og_title":"Sedum rubrotinctum Aurora - Jelly Beans - Stecklinge - Sunnyplants.com","og_description":"Sedum rubrotinctum Aurora oder Pink Jelly Beans ist eine atemberaubende Variation des eher roten und gr\u00fcnen Sedum rubrotinctum. Die Farben k\u00f6nnen sich im Laufe des Jahres je nach Temperatur, Wasserbedingungen und Lichtintensit\u00e4t etwas ver\u00e4ndern. Sedum rubrotinctum Aurora hat normalerweise die besten rosa Farben im Herbst, Winter und fr\u00fchen Fr\u00fchling.","og_url":"https:\/\/www.sunnyplants.com\/de\/shop\/sedum-rubrotinctum-aurora-jelly-beans-stecklinge","og_site_name":"Sunnyplants.com","article_publisher":"https:\/\/nl-nl.facebook.com\/pages\/category\/Internet-Company\/Sunnyplantscom-1835401900058481\/","article_modified_time":"2026-03-15T18:32:02+00:00","og_image":[{"width":900,"height":900,"url":"https:\/\/www.sunnyplants.com\/wp-content\/uploads\/sedum-rubrotinctum-2.jpg","type":"image\/jpeg"}],"twitter_card":"summary_large_image","schema":{"@context":"https:\/\/schema.org","@graph":[{"@type":"WebPage","@id":"https:\/\/www.sunnyplants.com\/de\/shop\/sedum-rubrotinctum-aurora-jelly-beans-stecklinge","url":"https:\/\/www.sunnyplants.com\/de\/shop\/sedum-rubrotinctum-aurora-jelly-beans-stecklinge","name":"Sedum rubrotinctum Aurora - Jelly Beans - Stecklinge - Sunnyplants.com","isPartOf":{"@id":"https:\/\/www.sunnyplants.com\/de#website"},"primaryImageOfPage":{"@id":"https:\/\/www.sunnyplants.com\/de\/shop\/sedum-rubrotinctum-aurora-jelly-beans-stecklinge#primaryimage"},"image":{"@id":"https:\/\/www.sunnyplants.com\/de\/shop\/sedum-rubrotinctum-aurora-jelly-beans-stecklinge#primaryimage"},"thumbnailUrl":"https:\/\/www.sunnyplants.com\/wp-content\/uploads\/sedum-rubrotinctum-2.jpg","datePublished":"2025-03-28T16:04:03+00:00","dateModified":"2026-03-15T18:32:02+00:00","description":"Sedum rubrotinctum Aurora oder Pink Jelly Beans ist eine atemberaubende Variation des eher roten und gr\u00fcnen Sedum rubrotinctum. Die Farben k\u00f6nnen sich im Laufe des Jahres je nach Temperatur, Wasserbedingungen und Lichtintensit\u00e4t etwas ver\u00e4ndern. Sedum rubrotinctum Aurora hat normalerweise die besten rosa Farben im Herbst, Winter und fr\u00fchen Fr\u00fchling.","breadcrumb":{"@id":"https:\/\/www.sunnyplants.com\/de\/shop\/sedum-rubrotinctum-aurora-jelly-beans-stecklinge#breadcrumb"},"inLanguage":"de-DE","potentialAction":[{"@type":"ReadAction","target":["https:\/\/www.sunnyplants.com\/de\/shop\/sedum-rubrotinctum-aurora-jelly-beans-stecklinge"]}]},{"@type":"ImageObject","inLanguage":"de-DE","@id":"https:\/\/www.sunnyplants.com\/de\/shop\/sedum-rubrotinctum-aurora-jelly-beans-stecklinge#primaryimage","url":"https:\/\/www.sunnyplants.com\/wp-content\/uploads\/sedum-rubrotinctum-2.jpg","contentUrl":"https:\/\/www.sunnyplants.com\/wp-content\/uploads\/sedum-rubrotinctum-2.jpg","width":900,"height":900},{"@type":"BreadcrumbList","@id":"https:\/\/www.sunnyplants.com\/de\/shop\/sedum-rubrotinctum-aurora-jelly-beans-stecklinge#breadcrumb","itemListElement":[{"@type":"ListItem","position":1,"name":"Home","item":"https:\/\/www.sunnyplants.com\/de\/sunnyplants-de"},{"@type":"ListItem","position":2,"name":"Shop","item":"https:\/\/www.sunnyplants.com\/de\/shop-2"},{"@type":"ListItem","position":3,"name":"Sedum rubrotinctum Aurora &#8211; Jelly Beans &#8211; Stecklinge"}]},{"@type":"WebSite","@id":"https:\/\/www.sunnyplants.com\/de#website","url":"https:\/\/www.sunnyplants.com\/de","name":"Sunnyplants.com","description":"Lithops, Conophytums and other Mesembs &amp; Succulents","potentialAction":[{"@type":"SearchAction","target":{"@type":"EntryPoint","urlTemplate":"https:\/\/www.sunnyplants.com\/de?s={search_term_string}"},"query-input":{"@type":"PropertyValueSpecification","valueRequired":true,"valueName":"search_term_string"}}],"inLanguage":"de-DE"}]}},"jetpack_sharing_enabled":true,"_links":{"self":[{"href":"https:\/\/www.sunnyplants.com\/de\/wp-json\/wp\/v2\/product\/6734","targetHints":{"allow":["GET"]}}],"collection":[{"href":"https:\/\/www.sunnyplants.com\/de\/wp-json\/wp\/v2\/product"}],"about":[{"href":"https:\/\/www.sunnyplants.com\/de\/wp-json\/wp\/v2\/types\/product"}],"replies":[{"embeddable":true,"href":"https:\/\/www.sunnyplants.com\/de\/wp-json\/wp\/v2\/comments?post=6734"}],"wp:featuredmedia":[{"embeddable":true,"href":"https:\/\/www.sunnyplants.com\/de\/wp-json\/wp\/v2\/media\/8486"}],"wp:attachment":[{"href":"https:\/\/www.sunnyplants.com\/de\/wp-json\/wp\/v2\/media?parent=6734"}],"wp:term":[{"taxonomy":"product_brand","embeddable":true,"href":"https:\/\/www.sunnyplants.com\/de\/wp-json\/wp\/v2\/product_brand?post=6734"},{"taxonomy":"product_cat","embeddable":true,"href":"https:\/\/www.sunnyplants.com\/de\/wp-json\/wp\/v2\/product_cat?post=6734"},{"taxonomy":"product_tag","embeddable":true,"href":"https:\/\/www.sunnyplants.com\/de\/wp-json\/wp\/v2\/product_tag?post=6734"}],"curies":[{"name":"wp","href":"https:\/\/api.w.org\/{rel}","templated":true}]}}