{"id":18917,"date":"2019-05-29T20:41:39","date_gmt":"2019-05-29T20:41:39","guid":{"rendered":"https:\/\/www.sunnyplants.com\/?page_id=18917"},"modified":"2022-05-18T06:26:24","modified_gmt":"2022-05-18T06:26:24","slug":"programme-daffiliation","status":"publish","type":"page","link":"https:\/\/www.sunnyplants.com\/fr\/programme-daffiliation","title":{"rendered":"Programme D&rsquo;affiliation"},"content":{"rendered":"\n\n  <div class=\"banner has-hover has-parallax\" id=\"banner-270502168\">\n          <div class=\"banner-inner fill\">\n        <div class=\"banner-bg fill\" data-parallax=\"-4\" data-parallax-container=\".banner\" data-parallax-background>\n            <img loading=\"lazy\" decoding=\"async\" width=\"900\" height=\"900\" src=\"https:\/\/www.sunnyplants.com\/wp-content\/uploads\/sedum-rubrotinctum-2.jpg\" class=\"bg attachment-original size-original\" alt=\"\" \/>                        <div class=\"overlay\"><\/div>            \n                    <\/div>\n\t\t\n        <div class=\"banner-layers container\">\n            <div class=\"fill banner-link\"><\/div>            \n\n   <div id=\"text-box-1319426633\" class=\"text-box banner-layer x50 md-x50 lg-x50 y50 md-y50 lg-y50 res-text\">\n                                <div class=\"text-box-content text dark\">\n              \n              <div class=\"text-inner text-center\">\n                  \n\n<h3 class=\"uppercase\"><strong>PROGRAMME D&rsquo;AFFILATION<\/strong><\/h3>\n<h3>Partagez la passion. Devenez un affili\u00e9 Sunnyplants et gagnez 20% sur chaque vente.<\/h3>\n\n              <\/div>\n           <\/div>\n                            \n<style>\n#text-box-1319426633 {\n  width: 60%;\n}\n#text-box-1319426633 .text-box-content {\n  font-size: 100%;\n}\n<\/style>\n    <\/div>\n \n\n        <\/div>\n      <\/div>\n\n            \n<style>\n#banner-270502168 {\n  padding-top: 200px;\n}\n#banner-270502168 .overlay {\n  background-color: rgba(0, 0, 0, 0.3);\n}\n<\/style>\n  <\/div>\n\n\n<div class=\"row\"  id=\"row-602929877\">\n\n\n\t<div id=\"col-2126344196\" class=\"col medium-6 small-12 large-6\"  >\n\t\t\t\t<div class=\"col-inner\"  >\n\t\t\t\n\t\t\t\n\n<h4>Qu&rsquo;est-ce que le Programme d&rsquo;Affiliation?<\/h4>\n<p>Imaginez avoir un blog, un site Web, une page de m\u00e9dia social ou un bulletin d&rsquo;information sur les plantes succulentes. Vous pouvez cr\u00e9er des liens d\u2019image et des liens de texte vers nos produits ou toute autre page. Vos visiteurs cliquent sur les liens que vous avez cr\u00e9\u00e9s et acc\u00e8dent \u00e0 notre site Web. Vous gagnez une commission sur l&rsquo;achat effectu\u00e9 dans notre boutique en ligne.<\/p>\n\n\t\t<\/div>\n\t\t\t\t\t<\/div>\n\n\t\n\n\t<div id=\"col-1083089769\" class=\"col medium-6 small-12 large-6\"  >\n\t\t\t\t<div class=\"col-inner\"  >\n\t\t\t\n\t\t\t\n\n<h4>Nous croyons que notre succ\u00e8s est votre succ\u00e8s.<\/h4>\n<p>Chez Sunnyplants, nous prenons bien soin de nos affili\u00e9s:<\/p>\n<ul>\n<li><strong><span style=\"font-size: 100%;\">20% de commission sur toutes les ventes<\/span><\/strong><\/li>\n<li><strong>30 jours cookie<\/strong><br \/><span style=\"font-size: 100%;\">Vous recevez un cr\u00e9dit pour toute commande dans les 30 jours <\/span><br \/><span style=\"font-size: 100%;\">suivant le clic initial plac\u00e9 par le client.<\/span><\/li>\n<\/ul>\n\n\t\t<\/div>\n\t\t\t\t\t<\/div>\n\n\t\n\n\t<div id=\"col-1830157693\" class=\"col medium-6 small-12 large-6\"  >\n\t\t\t\t<div class=\"col-inner\"  >\n\t\t\t\n\t\t\t\n\n<h4>Comment fonctionne le programme d&rsquo;Affiliation?<\/h4>\n<p>Rejoindre le programme d&rsquo;affiliation est facile. Cliquez simplement sur le bouton &laquo;&nbsp;Rejoindre le programme&nbsp;&raquo; ci-dessous et inscrivez-vous. Vous pouvez ensuite acc\u00e9der au tableau de bord des affili\u00e9s de votre compte et commencer \u00e0 g\u00e9n\u00e9rer vos liens d&rsquo;affiliation uniques vers nos produits et nos pages. Placez-les o\u00f9 vous voulez, par exemple sur votre blog ou votre site Web succulent. C&rsquo;est tout. Chaque fois que vos visiteurs sont dirig\u00e9s vers notre site via vos liens, vous gagnerez une commission lors de leur achat.<\/p>\n\n\t\t<\/div>\n\t\t\t\t\t<\/div>\n\n\t\n\n\t<div id=\"col-2031602368\" class=\"col medium-6 small-12 large-6\"  >\n\t\t\t\t<div class=\"col-inner\"  >\n\t\t\t\n\t\t\t\n\n<h4>Comment fonctionne le paiement?<\/h4>\n<p>D\u00e8s que le total de vos commissions d\u00e9passe 50 \u20ac, vous pouvez demander un paiement. Tous les paiements des affili\u00e9s sont effectu\u00e9s via PayPal \u00e0 la fin de chaque mois.<\/p>\n\n\t\t<\/div>\n\t\t\t\t\t<\/div>\n\n\t\n\n<\/div>\n\n  <div class=\"banner has-hover\" id=\"banner-2127064196\">\n          <div class=\"banner-inner fill\">\n        <div class=\"banner-bg fill\" >\n                                    <div class=\"overlay\"><\/div>            \n                    <\/div>\n\t\t\n        <div class=\"banner-layers container\">\n            <div class=\"fill banner-link\"><\/div>            \n\n   <div id=\"text-box-871334\" class=\"text-box banner-layer x50 md-x50 lg-x50 y50 md-y50 lg-y50 res-text\">\n                                <div class=\"text-box-content text \">\n              \n              <div class=\"text-inner text-center\">\n                  \n\n<h4>Oui, je veux \u00eatre un Affili\u00e9!<\/h4>\n<h5>Veuillez nous contacter si vous \u00eates int\u00e9ress\u00e9<\/h5>\n<p><a href=\"https:\/\/www.sunnyplants.com\/affiliates-terms-and-conditions\">Affiliates Termes et Conditions (Anglais)<\/a><\/p>\n\n              <\/div>\n           <\/div>\n                            \n<style>\n#text-box-871334 {\n  width: 60%;\n}\n#text-box-871334 .text-box-content {\n  font-size: 100%;\n}\n@media (min-width:550px) {\n  #text-box-871334 {\n    width: 40%;\n  }\n}\n<\/style>\n    <\/div>\n \n\n        <\/div>\n      <\/div>\n\n            \n<style>\n#banner-2127064196 {\n  padding-top: 300px;\n  background-color: rgb(255, 255, 255);\n}\n#banner-2127064196 .overlay {\n  background-color: rgba(190, 190, 190, 0.2);\n}\n<\/style>\n  <\/div>\n\n\n\n","protected":false},"excerpt":{"rendered":"","protected":false},"author":1,"featured_media":0,"parent":0,"menu_order":0,"comment_status":"closed","ping_status":"closed","template":"","meta":{"footnotes":""},"class_list":["post-18917","page","type-page","status-publish","hentry"],"yoast_head":"<!-- This site is optimized with the Yoast SEO plugin v27.5 - https:\/\/yoast.com\/product\/yoast-seo-wordpress\/ -->\n<title>Programme D&#039;affiliation - Sunnyplants.com<\/title>\n<meta name=\"robots\" content=\"index, follow, max-snippet:-1, max-image-preview:large, max-video-preview:-1\" \/>\n<link rel=\"canonical\" href=\"https:\/\/www.sunnyplants.com\/fr\/programme-daffiliation\" \/>\n<meta property=\"og:locale\" content=\"fr_FR\" \/>\n<meta property=\"og:type\" content=\"article\" \/>\n<meta property=\"og:title\" content=\"Programme D&#039;affiliation - Sunnyplants.com\" \/>\n<meta property=\"og:url\" content=\"https:\/\/www.sunnyplants.com\/fr\/programme-daffiliation\" \/>\n<meta property=\"og:site_name\" content=\"Sunnyplants.com\" \/>\n<meta property=\"article:publisher\" content=\"https:\/\/nl-nl.facebook.com\/pages\/category\/Internet-Company\/Sunnyplantscom-1835401900058481\/\" \/>\n<meta property=\"article:modified_time\" content=\"2022-05-18T06:26:24+00:00\" \/>\n<meta name=\"twitter:card\" content=\"summary_large_image\" \/>\n<meta name=\"twitter:label1\" content=\"Dur\u00e9e de lecture estim\u00e9e\" \/>\n\t<meta name=\"twitter:data1\" content=\"2 minutes\" \/>\n<script type=\"application\/ld+json\" class=\"yoast-schema-graph\">{\"@context\":\"https:\\\/\\\/schema.org\",\"@graph\":[{\"@type\":\"WebPage\",\"@id\":\"https:\\\/\\\/www.sunnyplants.com\\\/fr\\\/programme-daffiliation\",\"url\":\"https:\\\/\\\/www.sunnyplants.com\\\/fr\\\/programme-daffiliation\",\"name\":\"Programme D'affiliation - Sunnyplants.com\",\"isPartOf\":{\"@id\":\"https:\\\/\\\/www.sunnyplants.com\\\/fr#website\"},\"datePublished\":\"2019-05-29T20:41:39+00:00\",\"dateModified\":\"2022-05-18T06:26:24+00:00\",\"breadcrumb\":{\"@id\":\"https:\\\/\\\/www.sunnyplants.com\\\/fr\\\/programme-daffiliation#breadcrumb\"},\"inLanguage\":\"fr-FR\",\"potentialAction\":[{\"@type\":\"ReadAction\",\"target\":[\"https:\\\/\\\/www.sunnyplants.com\\\/fr\\\/programme-daffiliation\"]}]},{\"@type\":\"BreadcrumbList\",\"@id\":\"https:\\\/\\\/www.sunnyplants.com\\\/fr\\\/programme-daffiliation#breadcrumb\",\"itemListElement\":[{\"@type\":\"ListItem\",\"position\":1,\"name\":\"Home\",\"item\":\"https:\\\/\\\/www.sunnyplants.com\\\/fr\\\/sunnyplants-fr\"},{\"@type\":\"ListItem\",\"position\":2,\"name\":\"Programme D&#8217;affiliation\"}]},{\"@type\":\"WebSite\",\"@id\":\"https:\\\/\\\/www.sunnyplants.com\\\/fr#website\",\"url\":\"https:\\\/\\\/www.sunnyplants.com\\\/fr\",\"name\":\"Sunnyplants.com\",\"description\":\"Lithops, Conophytums and other Mesembs &amp; Succulents\",\"potentialAction\":[{\"@type\":\"SearchAction\",\"target\":{\"@type\":\"EntryPoint\",\"urlTemplate\":\"https:\\\/\\\/www.sunnyplants.com\\\/fr?s={search_term_string}\"},\"query-input\":{\"@type\":\"PropertyValueSpecification\",\"valueRequired\":true,\"valueName\":\"search_term_string\"}}],\"inLanguage\":\"fr-FR\"}]}<\/script>\n<!-- \/ Yoast SEO plugin. -->","yoast_head_json":{"title":"Programme D'affiliation - Sunnyplants.com","robots":{"index":"index","follow":"follow","max-snippet":"max-snippet:-1","max-image-preview":"max-image-preview:large","max-video-preview":"max-video-preview:-1"},"canonical":"https:\/\/www.sunnyplants.com\/fr\/programme-daffiliation","og_locale":"fr_FR","og_type":"article","og_title":"Programme D'affiliation - Sunnyplants.com","og_url":"https:\/\/www.sunnyplants.com\/fr\/programme-daffiliation","og_site_name":"Sunnyplants.com","article_publisher":"https:\/\/nl-nl.facebook.com\/pages\/category\/Internet-Company\/Sunnyplantscom-1835401900058481\/","article_modified_time":"2022-05-18T06:26:24+00:00","twitter_card":"summary_large_image","twitter_misc":{"Dur\u00e9e de lecture estim\u00e9e":"2 minutes"},"schema":{"@context":"https:\/\/schema.org","@graph":[{"@type":"WebPage","@id":"https:\/\/www.sunnyplants.com\/fr\/programme-daffiliation","url":"https:\/\/www.sunnyplants.com\/fr\/programme-daffiliation","name":"Programme D'affiliation - Sunnyplants.com","isPartOf":{"@id":"https:\/\/www.sunnyplants.com\/fr#website"},"datePublished":"2019-05-29T20:41:39+00:00","dateModified":"2022-05-18T06:26:24+00:00","breadcrumb":{"@id":"https:\/\/www.sunnyplants.com\/fr\/programme-daffiliation#breadcrumb"},"inLanguage":"fr-FR","potentialAction":[{"@type":"ReadAction","target":["https:\/\/www.sunnyplants.com\/fr\/programme-daffiliation"]}]},{"@type":"BreadcrumbList","@id":"https:\/\/www.sunnyplants.com\/fr\/programme-daffiliation#breadcrumb","itemListElement":[{"@type":"ListItem","position":1,"name":"Home","item":"https:\/\/www.sunnyplants.com\/fr\/sunnyplants-fr"},{"@type":"ListItem","position":2,"name":"Programme D&#8217;affiliation"}]},{"@type":"WebSite","@id":"https:\/\/www.sunnyplants.com\/fr#website","url":"https:\/\/www.sunnyplants.com\/fr","name":"Sunnyplants.com","description":"Lithops, Conophytums and other Mesembs &amp; Succulents","potentialAction":[{"@type":"SearchAction","target":{"@type":"EntryPoint","urlTemplate":"https:\/\/www.sunnyplants.com\/fr?s={search_term_string}"},"query-input":{"@type":"PropertyValueSpecification","valueRequired":true,"valueName":"search_term_string"}}],"inLanguage":"fr-FR"}]}},"jetpack_sharing_enabled":true,"_links":{"self":[{"href":"https:\/\/www.sunnyplants.com\/fr\/wp-json\/wp\/v2\/pages\/18917","targetHints":{"allow":["GET"]}}],"collection":[{"href":"https:\/\/www.sunnyplants.com\/fr\/wp-json\/wp\/v2\/pages"}],"about":[{"href":"https:\/\/www.sunnyplants.com\/fr\/wp-json\/wp\/v2\/types\/page"}],"author":[{"embeddable":true,"href":"https:\/\/www.sunnyplants.com\/fr\/wp-json\/wp\/v2\/users\/1"}],"replies":[{"embeddable":true,"href":"https:\/\/www.sunnyplants.com\/fr\/wp-json\/wp\/v2\/comments?post=18917"}],"version-history":[{"count":0,"href":"https:\/\/www.sunnyplants.com\/fr\/wp-json\/wp\/v2\/pages\/18917\/revisions"}],"wp:attachment":[{"href":"https:\/\/www.sunnyplants.com\/fr\/wp-json\/wp\/v2\/media?parent=18917"}],"curies":[{"name":"wp","href":"https:\/\/api.w.org\/{rel}","templated":true}]}}