{"id":19227,"date":"2019-06-17T04:48:07","date_gmt":"2019-06-17T04:48:07","guid":{"rendered":"https:\/\/www.sunnyplants.com\/affiliate-dashboard"},"modified":"2022-05-18T06:24:49","modified_gmt":"2022-05-18T06:24:49","slug":"affiliate-dashboard","status":"publish","type":"page","link":"https:\/\/www.sunnyplants.com\/fr\/affiliate-dashboard","title":{"rendered":"Affiliate Dashboard"},"content":{"rendered":"\n<p><strong><span style=\"font-size: 105%;\">Rejoignez le Programme d&rsquo;Affiliation et gagnez 20% sur chaque vente.<\/span><\/strong><\/p>\n<p><strong><span style=\"font-size: 105%;\">Veuillez nous contacter si vous \u00eates int\u00e9ress\u00e9.<\/span><\/strong><\/p>\n<p><strong><span style=\"font-size: 105%;\"><br \/><a href=\"https:\/\/www.sunnyplants.com\/fr\/programme-daffiliation\">En savoir plus sur le Programme d&rsquo;Affiliation<\/a><\/span><\/strong><\/p>\n[yith_wcaf_affiliate_dashboard show_dashboard_links=&nbsp;&raquo;yes&nbsp;&raquo;]\n\n","protected":false},"excerpt":{"rendered":"","protected":false},"author":1,"featured_media":0,"parent":0,"menu_order":0,"comment_status":"closed","ping_status":"closed","template":"","meta":{"footnotes":""},"class_list":["post-19227","page","type-page","status-publish","hentry"],"yoast_head":"<!-- This site is optimized with the Yoast SEO plugin v27.5 - https:\/\/yoast.com\/product\/yoast-seo-wordpress\/ -->\n<title>Affiliate Dashboard - Sunnyplants.com<\/title>\n<meta name=\"description\" content=\"Rejoignez le Programme d&#039;Affiliation et gagnez 20% sur chaque vente. Veuillez nous contacter si vous \u00eates int\u00e9ress\u00e9. En savoir plus sur le Programme\" \/>\n<meta name=\"robots\" content=\"index, follow, max-snippet:-1, max-image-preview:large, max-video-preview:-1\" \/>\n<link rel=\"canonical\" href=\"https:\/\/www.sunnyplants.com\/fr\/affiliate-dashboard\" \/>\n<meta property=\"og:locale\" content=\"fr_FR\" \/>\n<meta property=\"og:type\" content=\"article\" \/>\n<meta property=\"og:title\" content=\"Affiliate Dashboard - Sunnyplants.com\" \/>\n<meta property=\"og:description\" content=\"Rejoignez le Programme d&#039;Affiliation et gagnez 20% sur chaque vente. Veuillez nous contacter si vous \u00eates int\u00e9ress\u00e9. En savoir plus sur le Programme\" \/>\n<meta property=\"og:url\" content=\"https:\/\/www.sunnyplants.com\/fr\/affiliate-dashboard\" \/>\n<meta property=\"og:site_name\" content=\"Sunnyplants.com\" \/>\n<meta property=\"article:publisher\" content=\"https:\/\/nl-nl.facebook.com\/pages\/category\/Internet-Company\/Sunnyplantscom-1835401900058481\/\" \/>\n<meta property=\"article:modified_time\" content=\"2022-05-18T06:24:49+00:00\" \/>\n<meta name=\"twitter:card\" content=\"summary_large_image\" \/>\n<script type=\"application\/ld+json\" class=\"yoast-schema-graph\">{\"@context\":\"https:\\\/\\\/schema.org\",\"@graph\":[{\"@type\":\"WebPage\",\"@id\":\"https:\\\/\\\/www.sunnyplants.com\\\/fr\\\/affiliate-dashboard\",\"url\":\"https:\\\/\\\/www.sunnyplants.com\\\/fr\\\/affiliate-dashboard\",\"name\":\"Affiliate Dashboard - Sunnyplants.com\",\"isPartOf\":{\"@id\":\"https:\\\/\\\/www.sunnyplants.com\\\/fr#website\"},\"datePublished\":\"2019-06-17T04:48:07+00:00\",\"dateModified\":\"2022-05-18T06:24:49+00:00\",\"description\":\"Rejoignez le Programme d'Affiliation et gagnez 20% sur chaque vente. Veuillez nous contacter si vous \u00eates int\u00e9ress\u00e9. En savoir plus sur le Programme\",\"breadcrumb\":{\"@id\":\"https:\\\/\\\/www.sunnyplants.com\\\/fr\\\/affiliate-dashboard#breadcrumb\"},\"inLanguage\":\"fr-FR\",\"potentialAction\":[{\"@type\":\"ReadAction\",\"target\":[\"https:\\\/\\\/www.sunnyplants.com\\\/fr\\\/affiliate-dashboard\"]}]},{\"@type\":\"BreadcrumbList\",\"@id\":\"https:\\\/\\\/www.sunnyplants.com\\\/fr\\\/affiliate-dashboard#breadcrumb\",\"itemListElement\":[{\"@type\":\"ListItem\",\"position\":1,\"name\":\"Home\",\"item\":\"https:\\\/\\\/www.sunnyplants.com\\\/fr\\\/sunnyplants-fr\"},{\"@type\":\"ListItem\",\"position\":2,\"name\":\"Affiliate Dashboard\"}]},{\"@type\":\"WebSite\",\"@id\":\"https:\\\/\\\/www.sunnyplants.com\\\/fr#website\",\"url\":\"https:\\\/\\\/www.sunnyplants.com\\\/fr\",\"name\":\"Sunnyplants.com\",\"description\":\"Lithops, Conophytums and other Mesembs &amp; Succulents\",\"potentialAction\":[{\"@type\":\"SearchAction\",\"target\":{\"@type\":\"EntryPoint\",\"urlTemplate\":\"https:\\\/\\\/www.sunnyplants.com\\\/fr?s={search_term_string}\"},\"query-input\":{\"@type\":\"PropertyValueSpecification\",\"valueRequired\":true,\"valueName\":\"search_term_string\"}}],\"inLanguage\":\"fr-FR\"}]}<\/script>\n<!-- \/ Yoast SEO plugin. -->","yoast_head_json":{"title":"Affiliate Dashboard - Sunnyplants.com","description":"Rejoignez le Programme d'Affiliation et gagnez 20% sur chaque vente. Veuillez nous contacter si vous \u00eates int\u00e9ress\u00e9. En savoir plus sur le Programme","robots":{"index":"index","follow":"follow","max-snippet":"max-snippet:-1","max-image-preview":"max-image-preview:large","max-video-preview":"max-video-preview:-1"},"canonical":"https:\/\/www.sunnyplants.com\/fr\/affiliate-dashboard","og_locale":"fr_FR","og_type":"article","og_title":"Affiliate Dashboard - Sunnyplants.com","og_description":"Rejoignez le Programme d'Affiliation et gagnez 20% sur chaque vente. Veuillez nous contacter si vous \u00eates int\u00e9ress\u00e9. En savoir plus sur le Programme","og_url":"https:\/\/www.sunnyplants.com\/fr\/affiliate-dashboard","og_site_name":"Sunnyplants.com","article_publisher":"https:\/\/nl-nl.facebook.com\/pages\/category\/Internet-Company\/Sunnyplantscom-1835401900058481\/","article_modified_time":"2022-05-18T06:24:49+00:00","twitter_card":"summary_large_image","schema":{"@context":"https:\/\/schema.org","@graph":[{"@type":"WebPage","@id":"https:\/\/www.sunnyplants.com\/fr\/affiliate-dashboard","url":"https:\/\/www.sunnyplants.com\/fr\/affiliate-dashboard","name":"Affiliate Dashboard - Sunnyplants.com","isPartOf":{"@id":"https:\/\/www.sunnyplants.com\/fr#website"},"datePublished":"2019-06-17T04:48:07+00:00","dateModified":"2022-05-18T06:24:49+00:00","description":"Rejoignez le Programme d'Affiliation et gagnez 20% sur chaque vente. Veuillez nous contacter si vous \u00eates int\u00e9ress\u00e9. En savoir plus sur le Programme","breadcrumb":{"@id":"https:\/\/www.sunnyplants.com\/fr\/affiliate-dashboard#breadcrumb"},"inLanguage":"fr-FR","potentialAction":[{"@type":"ReadAction","target":["https:\/\/www.sunnyplants.com\/fr\/affiliate-dashboard"]}]},{"@type":"BreadcrumbList","@id":"https:\/\/www.sunnyplants.com\/fr\/affiliate-dashboard#breadcrumb","itemListElement":[{"@type":"ListItem","position":1,"name":"Home","item":"https:\/\/www.sunnyplants.com\/fr\/sunnyplants-fr"},{"@type":"ListItem","position":2,"name":"Affiliate Dashboard"}]},{"@type":"WebSite","@id":"https:\/\/www.sunnyplants.com\/fr#website","url":"https:\/\/www.sunnyplants.com\/fr","name":"Sunnyplants.com","description":"Lithops, Conophytums and other Mesembs &amp; Succulents","potentialAction":[{"@type":"SearchAction","target":{"@type":"EntryPoint","urlTemplate":"https:\/\/www.sunnyplants.com\/fr?s={search_term_string}"},"query-input":{"@type":"PropertyValueSpecification","valueRequired":true,"valueName":"search_term_string"}}],"inLanguage":"fr-FR"}]}},"jetpack_sharing_enabled":true,"_links":{"self":[{"href":"https:\/\/www.sunnyplants.com\/fr\/wp-json\/wp\/v2\/pages\/19227","targetHints":{"allow":["GET"]}}],"collection":[{"href":"https:\/\/www.sunnyplants.com\/fr\/wp-json\/wp\/v2\/pages"}],"about":[{"href":"https:\/\/www.sunnyplants.com\/fr\/wp-json\/wp\/v2\/types\/page"}],"author":[{"embeddable":true,"href":"https:\/\/www.sunnyplants.com\/fr\/wp-json\/wp\/v2\/users\/1"}],"replies":[{"embeddable":true,"href":"https:\/\/www.sunnyplants.com\/fr\/wp-json\/wp\/v2\/comments?post=19227"}],"version-history":[{"count":0,"href":"https:\/\/www.sunnyplants.com\/fr\/wp-json\/wp\/v2\/pages\/19227\/revisions"}],"wp:attachment":[{"href":"https:\/\/www.sunnyplants.com\/fr\/wp-json\/wp\/v2\/media?parent=19227"}],"curies":[{"name":"wp","href":"https:\/\/api.w.org\/{rel}","templated":true}]}}