{"id":5268,"date":"2016-12-08T12:08:45","date_gmt":"2016-12-08T12:17:37","guid":{"rendered":"https:\/\/www.sunnyplants.com\/contactez-nous\/"},"modified":"2016-12-09T08:24:35","modified_gmt":"2016-12-09T08:24:35","slug":"contact","status":"publish","type":"page","link":"https:\/\/www.sunnyplants.com\/fr\/contact","title":{"rendered":"Comment pouvons-nous vous aider?"},"content":{"rendered":"<p>Merci de votre visite. Pour des questions g\u00e9n\u00e9rales et des r\u00e9ponses concernant vos commandes,<br \/>\nla culture des plantes et la germination des graines, veuillez consulter la section <a href=\"https:\/\/www.sunnyplants.com\/fr\/faq-aide\/\">FAQ et Aide<\/a> de notre site web.<\/p>\n<p>N&rsquo;h\u00e9sitez pas \u00e0 nous contacter \u00e0 <a href=\"mailto:support@sunnyplants.com\">support@sunnyplants.com<\/a> pour toute autre question ou remarque.<br \/>\nNous r\u00e9pondrons d\u00e8s que possible. Habituellement dans les 2 jours.<\/p>\n","protected":false},"excerpt":{"rendered":"<p>Merci de votre visite. Pour des questions g\u00e9n\u00e9rales et des r\u00e9ponses concernant vos commandes, la culture des plantes et la germination des graines, veuillez consulter la section FAQ et Aide de notre site web. N&rsquo;h\u00e9sitez pas \u00e0 nous contacter \u00e0 support@sunnyplants.com pour toute autre question ou remarque. Nous r\u00e9pondrons d\u00e8s que possible. Habituellement dans les [&#8230;]\n","protected":false},"author":1,"featured_media":0,"parent":0,"menu_order":0,"comment_status":"closed","ping_status":"closed","template":"","meta":{"footnotes":""},"class_list":["post-5268","page","type-page","status-publish","hentry"],"yoast_head":"<!-- This site is optimized with the Yoast SEO plugin v27.5 - https:\/\/yoast.com\/product\/yoast-seo-wordpress\/ -->\n<title>Comment pouvons-nous vous aider? - Sunnyplants.com<\/title>\n<meta name=\"description\" content=\"Merci de votre visite. Pour des questions g\u00e9n\u00e9rales et des r\u00e9ponses concernant vos commandes, la culture des plantes et la germination des graines,\" \/>\n<meta name=\"robots\" content=\"index, follow, max-snippet:-1, max-image-preview:large, max-video-preview:-1\" \/>\n<link rel=\"canonical\" href=\"https:\/\/www.sunnyplants.com\/fr\/contact\" \/>\n<meta property=\"og:locale\" content=\"fr_FR\" \/>\n<meta property=\"og:type\" content=\"article\" \/>\n<meta property=\"og:title\" content=\"Comment pouvons-nous vous aider? - Sunnyplants.com\" \/>\n<meta property=\"og:description\" content=\"Merci de votre visite. Pour des questions g\u00e9n\u00e9rales et des r\u00e9ponses concernant vos commandes, la culture des plantes et la germination des graines,\" \/>\n<meta property=\"og:url\" content=\"https:\/\/www.sunnyplants.com\/fr\/contact\" \/>\n<meta property=\"og:site_name\" content=\"Sunnyplants.com\" \/>\n<meta property=\"article:publisher\" content=\"https:\/\/nl-nl.facebook.com\/pages\/category\/Internet-Company\/Sunnyplantscom-1835401900058481\/\" \/>\n<meta property=\"article:modified_time\" content=\"2016-12-09T08:24:35+00:00\" \/>\n<meta name=\"twitter:card\" content=\"summary_large_image\" \/>\n<script type=\"application\/ld+json\" class=\"yoast-schema-graph\">{\"@context\":\"https:\\\/\\\/schema.org\",\"@graph\":[{\"@type\":\"WebPage\",\"@id\":\"https:\\\/\\\/www.sunnyplants.com\\\/fr\\\/contact\",\"url\":\"https:\\\/\\\/www.sunnyplants.com\\\/fr\\\/contact\",\"name\":\"Comment pouvons-nous vous aider? - Sunnyplants.com\",\"isPartOf\":{\"@id\":\"https:\\\/\\\/www.sunnyplants.com\\\/fr#website\"},\"datePublished\":\"2016-12-08T12:17:37+00:00\",\"dateModified\":\"2016-12-09T08:24:35+00:00\",\"description\":\"Merci de votre visite. Pour des questions g\u00e9n\u00e9rales et des r\u00e9ponses concernant vos commandes, la culture des plantes et la germination des graines,\",\"breadcrumb\":{\"@id\":\"https:\\\/\\\/www.sunnyplants.com\\\/fr\\\/contact#breadcrumb\"},\"inLanguage\":\"fr-FR\",\"potentialAction\":[{\"@type\":\"ReadAction\",\"target\":[\"https:\\\/\\\/www.sunnyplants.com\\\/fr\\\/contact\"]}]},{\"@type\":\"BreadcrumbList\",\"@id\":\"https:\\\/\\\/www.sunnyplants.com\\\/fr\\\/contact#breadcrumb\",\"itemListElement\":[{\"@type\":\"ListItem\",\"position\":1,\"name\":\"Home\",\"item\":\"https:\\\/\\\/www.sunnyplants.com\\\/fr\\\/sunnyplants-fr\"},{\"@type\":\"ListItem\",\"position\":2,\"name\":\"Comment pouvons-nous vous aider?\"}]},{\"@type\":\"WebSite\",\"@id\":\"https:\\\/\\\/www.sunnyplants.com\\\/fr#website\",\"url\":\"https:\\\/\\\/www.sunnyplants.com\\\/fr\",\"name\":\"Sunnyplants.com\",\"description\":\"Lithops, Conophytums and other Mesembs &amp; Succulents\",\"potentialAction\":[{\"@type\":\"SearchAction\",\"target\":{\"@type\":\"EntryPoint\",\"urlTemplate\":\"https:\\\/\\\/www.sunnyplants.com\\\/fr?s={search_term_string}\"},\"query-input\":{\"@type\":\"PropertyValueSpecification\",\"valueRequired\":true,\"valueName\":\"search_term_string\"}}],\"inLanguage\":\"fr-FR\"}]}<\/script>\n<!-- \/ Yoast SEO plugin. -->","yoast_head_json":{"title":"Comment pouvons-nous vous aider? - Sunnyplants.com","description":"Merci de votre visite. Pour des questions g\u00e9n\u00e9rales et des r\u00e9ponses concernant vos commandes, la culture des plantes et la germination des graines,","robots":{"index":"index","follow":"follow","max-snippet":"max-snippet:-1","max-image-preview":"max-image-preview:large","max-video-preview":"max-video-preview:-1"},"canonical":"https:\/\/www.sunnyplants.com\/fr\/contact","og_locale":"fr_FR","og_type":"article","og_title":"Comment pouvons-nous vous aider? - Sunnyplants.com","og_description":"Merci de votre visite. Pour des questions g\u00e9n\u00e9rales et des r\u00e9ponses concernant vos commandes, la culture des plantes et la germination des graines,","og_url":"https:\/\/www.sunnyplants.com\/fr\/contact","og_site_name":"Sunnyplants.com","article_publisher":"https:\/\/nl-nl.facebook.com\/pages\/category\/Internet-Company\/Sunnyplantscom-1835401900058481\/","article_modified_time":"2016-12-09T08:24:35+00:00","twitter_card":"summary_large_image","schema":{"@context":"https:\/\/schema.org","@graph":[{"@type":"WebPage","@id":"https:\/\/www.sunnyplants.com\/fr\/contact","url":"https:\/\/www.sunnyplants.com\/fr\/contact","name":"Comment pouvons-nous vous aider? - Sunnyplants.com","isPartOf":{"@id":"https:\/\/www.sunnyplants.com\/fr#website"},"datePublished":"2016-12-08T12:17:37+00:00","dateModified":"2016-12-09T08:24:35+00:00","description":"Merci de votre visite. Pour des questions g\u00e9n\u00e9rales et des r\u00e9ponses concernant vos commandes, la culture des plantes et la germination des graines,","breadcrumb":{"@id":"https:\/\/www.sunnyplants.com\/fr\/contact#breadcrumb"},"inLanguage":"fr-FR","potentialAction":[{"@type":"ReadAction","target":["https:\/\/www.sunnyplants.com\/fr\/contact"]}]},{"@type":"BreadcrumbList","@id":"https:\/\/www.sunnyplants.com\/fr\/contact#breadcrumb","itemListElement":[{"@type":"ListItem","position":1,"name":"Home","item":"https:\/\/www.sunnyplants.com\/fr\/sunnyplants-fr"},{"@type":"ListItem","position":2,"name":"Comment pouvons-nous vous aider?"}]},{"@type":"WebSite","@id":"https:\/\/www.sunnyplants.com\/fr#website","url":"https:\/\/www.sunnyplants.com\/fr","name":"Sunnyplants.com","description":"Lithops, Conophytums and other Mesembs &amp; Succulents","potentialAction":[{"@type":"SearchAction","target":{"@type":"EntryPoint","urlTemplate":"https:\/\/www.sunnyplants.com\/fr?s={search_term_string}"},"query-input":{"@type":"PropertyValueSpecification","valueRequired":true,"valueName":"search_term_string"}}],"inLanguage":"fr-FR"}]}},"jetpack_sharing_enabled":true,"_links":{"self":[{"href":"https:\/\/www.sunnyplants.com\/fr\/wp-json\/wp\/v2\/pages\/5268","targetHints":{"allow":["GET"]}}],"collection":[{"href":"https:\/\/www.sunnyplants.com\/fr\/wp-json\/wp\/v2\/pages"}],"about":[{"href":"https:\/\/www.sunnyplants.com\/fr\/wp-json\/wp\/v2\/types\/page"}],"author":[{"embeddable":true,"href":"https:\/\/www.sunnyplants.com\/fr\/wp-json\/wp\/v2\/users\/1"}],"replies":[{"embeddable":true,"href":"https:\/\/www.sunnyplants.com\/fr\/wp-json\/wp\/v2\/comments?post=5268"}],"version-history":[{"count":0,"href":"https:\/\/www.sunnyplants.com\/fr\/wp-json\/wp\/v2\/pages\/5268\/revisions"}],"wp:attachment":[{"href":"https:\/\/www.sunnyplants.com\/fr\/wp-json\/wp\/v2\/media?parent=5268"}],"curies":[{"name":"wp","href":"https:\/\/api.w.org\/{rel}","templated":true}]}}