{"id":5323,"date":"2016-10-09T18:19:28","date_gmt":"2016-12-09T14:07:48","guid":{"rendered":"https:\/\/www.sunnyplants.com\/sur-sunnyplants\/"},"modified":"2018-01-29T12:33:57","modified_gmt":"2018-01-29T12:33:57","slug":"sur-sunnyplants","status":"publish","type":"page","link":"https:\/\/www.sunnyplants.com\/fr\/sur-sunnyplants","title":{"rendered":"Sur Sunnyplants"},"content":{"rendered":"<div class=\"row align-middle\"  id=\"row-1328458370\">\n\n\t<div id=\"col-1334258931\" class=\"col medium-6 small-12 large-6\"  >\n\t\t\t\t<div class=\"col-inner\"  >\n\t\t\t\n\t\t\t\n<h2>Comment tout a commenc\u00e9<\/h2>\n<p>Pour mon 16\u00e8me anniversaire, un de mes cadeaux \u00e9tait un paquet de graines de Cacti &amp; Succulentes. J&rsquo;ai \u00e9t\u00e9 fascin\u00e9 par toutes les diff\u00e9rentes formes et couleurs des jeunes plants. Bient\u00f4t, je lisais tous les livres que je pouvais trouver sur Cactus &amp; Succulentes. J&rsquo;ai commenc\u00e9 \u00e0 acheter plus de graines d&rsquo;esp\u00e8ces belles, int\u00e9ressantes et m\u00eame rares. C&rsquo;\u00e9tait tellement int\u00e9ressant, cool et passionnant. Ces petites choses dans la vie m&rsquo;ont rendu tr\u00e8s heureux.<\/p>\n\t\t<\/div>\n\t\t\t\t\t<\/div>\n\n\t\n\n\t<div id=\"col-570053787\" class=\"col medium-6 small-12 large-6\"  >\n\t\t\t\t<div class=\"col-inner\"  >\n\t\t\t\n\t\t\t\n\t<div class=\"img has-hover x md-x lg-x y md-y lg-y\" id=\"image_1447020645\">\n\t\t\t\t\t\t\t\t<div class=\"img-inner image-cover dark\" style=\"padding-top:60%;\">\n\t\t\t<img loading=\"lazy\" decoding=\"async\" width=\"1013\" height=\"675\" src=\"https:\/\/www.sunnyplants.com\/wp-content\/uploads\/our-first-greenhouse.jpg\" class=\"attachment-large size-large\" alt=\"\" srcset=\"https:\/\/www.sunnyplants.com\/wp-content\/uploads\/our-first-greenhouse.jpg 1013w, https:\/\/www.sunnyplants.com\/wp-content\/uploads\/our-first-greenhouse-600x400.jpg 600w, https:\/\/www.sunnyplants.com\/wp-content\/uploads\/our-first-greenhouse-300x200.jpg 300w, https:\/\/www.sunnyplants.com\/wp-content\/uploads\/our-first-greenhouse-768x512.jpg 768w\" sizes=\"auto, (max-width: 1013px) 100vw, 1013px\" \/>\t\t\t\t\t\t\n\t\t\t\t\t<\/div>\n\t\t\t\t\t\t\t\t\n<style>\n#image_1447020645 {\n  width: 100%;\n}\n<\/style>\n\t<\/div>\n\t\n\t\t<\/div>\n\t\t\t\t\t<\/div>\n\n\t\n<\/div>\n<div class=\"row align-middle\"  id=\"row-31616818\">\n\n\t<div id=\"col-1496943051\" class=\"col medium-6 small-12 large-6\"  >\n\t\t\t\t<div class=\"col-inner\"  >\n\t\t\t\n\t\t\t\n\t<div class=\"img has-hover x md-x lg-x y md-y lg-y\" id=\"image_2126659256\">\n\t\t\t\t\t\t\t\t<div class=\"img-inner image-cover dark\" style=\"padding-top:60%;\">\n\t\t\t<img loading=\"lazy\" decoding=\"async\" width=\"900\" height=\"600\" src=\"https:\/\/www.sunnyplants.com\/wp-content\/uploads\/succulents-from-seeds.jpg\" class=\"attachment-large size-large\" alt=\"\" srcset=\"https:\/\/www.sunnyplants.com\/wp-content\/uploads\/succulents-from-seeds.jpg 900w, https:\/\/www.sunnyplants.com\/wp-content\/uploads\/succulents-from-seeds-600x400.jpg 600w, https:\/\/www.sunnyplants.com\/wp-content\/uploads\/succulents-from-seeds-300x200.jpg 300w, https:\/\/www.sunnyplants.com\/wp-content\/uploads\/succulents-from-seeds-768x512.jpg 768w\" sizes=\"auto, (max-width: 900px) 100vw, 900px\" \/>\t\t\t\t\t\t\n\t\t\t\t\t<\/div>\n\t\t\t\t\t\t\t\t\n<style>\n#image_2126659256 {\n  width: 100%;\n}\n<\/style>\n\t<\/div>\n\t\n\t\t<\/div>\n\t\t\t\t\t<\/div>\n\n\t\n\n\t<div id=\"col-570224522\" class=\"col medium-6 small-12 large-6\"  >\n\t\t\t\t<div class=\"col-inner\"  >\n\t\t\t\n\t\t\t\n<h2>Le Biologiste<\/h2>\n<p>Mon int\u00e9r\u00eat pour la culture des plantes s&rsquo;est renforc\u00e9. J&rsquo;ai \u00e9tudi\u00e9 la biologie v\u00e9g\u00e9tale \u00e0 Groningen (Pays-Bas). Mon objectif dans cette p\u00e9riode \u00e9tait la culture et la propagation d&rsquo;esp\u00e8ces plus difficiles de Cactus et de plantes succulentes. J&rsquo;ai fait beaucoup d&rsquo;exp\u00e9riences avec diff\u00e9rents types de m\u00e9langes de sol, de temp\u00e9ratures et de r\u00e9gimes d&rsquo;eau. J&rsquo;ai commenc\u00e9 \u00e0 partager et discuter de mes r\u00e9sultats de cultivation et de propagation avec d&rsquo;autres passionn\u00e9s en ligne.<\/p>\n\t\t<\/div>\n\t\t\t\t\t<\/div>\n\n\t\n<\/div>\n<div class=\"row align-middle\"  id=\"row-1048491049\">\n\n\t<div id=\"col-832644538\" class=\"col medium-6 small-12 large-6\"  >\n\t\t\t\t<div class=\"col-inner\"  >\n\t\t\t\n\t\t\t\n<h2>Cactus &amp; plantes succulentes en ligne<\/h2>\n<p>Les gens se sont int\u00e9ress\u00e9s \u00e0 mes plantes, graines et boutures. Lentement, une boutique en ligne a \u00e9merg\u00e9. Maintenant, 25 ans plus tard, Chantal et moi (Allard) courons Sunnyplants.com. Cultiver et partager Les plantes succulentes nous font sentir &laquo;&nbsp;Sunny&nbsp;&raquo; tous les jours.<\/p>\n\t\t<\/div>\n\t\t\t\t\t<\/div>\n\n\t\n\n\t<div id=\"col-390604187\" class=\"col medium-6 small-12 large-6\"  >\n\t\t\t\t<div class=\"col-inner\"  >\n\t\t\t\n\t\t\t\n\t<div class=\"img has-hover x md-x lg-x y md-y lg-y\" id=\"image_648752973\">\n\t\t\t\t\t\t\t\t<div class=\"img-inner image-cover dark\" style=\"padding-top:60%;\">\n\t\t\t<img loading=\"lazy\" decoding=\"async\" width=\"900\" height=\"600\" src=\"https:\/\/www.sunnyplants.com\/wp-content\/uploads\/cacti-succulents-online-shop.jpg\" class=\"attachment-large size-large\" alt=\"\" srcset=\"https:\/\/www.sunnyplants.com\/wp-content\/uploads\/cacti-succulents-online-shop.jpg 900w, https:\/\/www.sunnyplants.com\/wp-content\/uploads\/cacti-succulents-online-shop-600x400.jpg 600w, https:\/\/www.sunnyplants.com\/wp-content\/uploads\/cacti-succulents-online-shop-300x200.jpg 300w, https:\/\/www.sunnyplants.com\/wp-content\/uploads\/cacti-succulents-online-shop-768x512.jpg 768w\" sizes=\"auto, (max-width: 900px) 100vw, 900px\" \/>\t\t\t\t\t\t\n\t\t\t\t\t<\/div>\n\t\t\t\t\t\t\t\t\n<style>\n#image_648752973 {\n  width: 100%;\n}\n<\/style>\n\t<\/div>\n\t\n\t\t<\/div>\n\t\t\t\t\t<\/div>\n\n\t\n<\/div>\n","protected":false},"excerpt":{"rendered":"","protected":false},"author":1,"featured_media":0,"parent":0,"menu_order":0,"comment_status":"closed","ping_status":"open","template":"page-blank-title-center.php","meta":{"footnotes":""},"class_list":["post-5323","page","type-page","status-publish","hentry"],"yoast_head":"<!-- This site is optimized with the Yoast SEO plugin v27.5 - https:\/\/yoast.com\/product\/yoast-seo-wordpress\/ -->\n<title>Sur Sunnyplants - Sunnyplants.com<\/title>\n<meta name=\"description\" content=\"Pour mon 16\u00e8me anniversaire, un de mes cadeaux \u00e9tait un paquet de graines de Cacti &amp; Succulentes. J&#039;ai \u00e9t\u00e9 fascin\u00e9 par toutes les diff\u00e9rentes formes et couleurs des jeunes plants. Bient\u00f4t, je lisais tous les livres que je pouvais trouver sur Cactus &amp; Succulentes.\" \/>\n<meta name=\"robots\" content=\"index, follow, max-snippet:-1, max-image-preview:large, max-video-preview:-1\" \/>\n<link rel=\"canonical\" href=\"https:\/\/www.sunnyplants.com\/fr\/sur-sunnyplants\" \/>\n<meta property=\"og:locale\" content=\"fr_FR\" \/>\n<meta property=\"og:type\" content=\"article\" \/>\n<meta property=\"og:title\" content=\"Sur Sunnyplants - Sunnyplants.com\" \/>\n<meta property=\"og:description\" content=\"Pour mon 16\u00e8me anniversaire, un de mes cadeaux \u00e9tait un paquet de graines de Cacti &amp; Succulentes. J&#039;ai \u00e9t\u00e9 fascin\u00e9 par toutes les diff\u00e9rentes formes et couleurs des jeunes plants. Bient\u00f4t, je lisais tous les livres que je pouvais trouver sur Cactus &amp; Succulentes.\" \/>\n<meta property=\"og:url\" content=\"https:\/\/www.sunnyplants.com\/fr\/sur-sunnyplants\" \/>\n<meta property=\"og:site_name\" content=\"Sunnyplants.com\" \/>\n<meta property=\"article:publisher\" content=\"https:\/\/nl-nl.facebook.com\/pages\/category\/Internet-Company\/Sunnyplantscom-1835401900058481\/\" \/>\n<meta property=\"article:modified_time\" content=\"2018-01-29T12:33:57+00:00\" \/>\n<meta name=\"twitter:card\" content=\"summary_large_image\" \/>\n<meta name=\"twitter:label1\" content=\"Dur\u00e9e de lecture estim\u00e9e\" \/>\n\t<meta name=\"twitter:data1\" content=\"1 minute\" \/>\n<script type=\"application\/ld+json\" class=\"yoast-schema-graph\">{\"@context\":\"https:\\\/\\\/schema.org\",\"@graph\":[{\"@type\":\"WebPage\",\"@id\":\"https:\\\/\\\/www.sunnyplants.com\\\/fr\\\/sur-sunnyplants\",\"url\":\"https:\\\/\\\/www.sunnyplants.com\\\/fr\\\/sur-sunnyplants\",\"name\":\"Sur Sunnyplants - Sunnyplants.com\",\"isPartOf\":{\"@id\":\"https:\\\/\\\/www.sunnyplants.com\\\/fr#website\"},\"datePublished\":\"2016-12-09T14:07:48+00:00\",\"dateModified\":\"2018-01-29T12:33:57+00:00\",\"description\":\"Pour mon 16\u00e8me anniversaire, un de mes cadeaux \u00e9tait un paquet de graines de Cacti & Succulentes. J'ai \u00e9t\u00e9 fascin\u00e9 par toutes les diff\u00e9rentes formes et couleurs des jeunes plants. Bient\u00f4t, je lisais tous les livres que je pouvais trouver sur Cactus & Succulentes.\",\"breadcrumb\":{\"@id\":\"https:\\\/\\\/www.sunnyplants.com\\\/fr\\\/sur-sunnyplants#breadcrumb\"},\"inLanguage\":\"fr-FR\",\"potentialAction\":[{\"@type\":\"ReadAction\",\"target\":[\"https:\\\/\\\/www.sunnyplants.com\\\/fr\\\/sur-sunnyplants\"]}]},{\"@type\":\"BreadcrumbList\",\"@id\":\"https:\\\/\\\/www.sunnyplants.com\\\/fr\\\/sur-sunnyplants#breadcrumb\",\"itemListElement\":[{\"@type\":\"ListItem\",\"position\":1,\"name\":\"Home\",\"item\":\"https:\\\/\\\/www.sunnyplants.com\\\/fr\\\/sunnyplants-fr\"},{\"@type\":\"ListItem\",\"position\":2,\"name\":\"Sur Sunnyplants\"}]},{\"@type\":\"WebSite\",\"@id\":\"https:\\\/\\\/www.sunnyplants.com\\\/fr#website\",\"url\":\"https:\\\/\\\/www.sunnyplants.com\\\/fr\",\"name\":\"Sunnyplants.com\",\"description\":\"Lithops, Conophytums and other Mesembs &amp; Succulents\",\"potentialAction\":[{\"@type\":\"SearchAction\",\"target\":{\"@type\":\"EntryPoint\",\"urlTemplate\":\"https:\\\/\\\/www.sunnyplants.com\\\/fr?s={search_term_string}\"},\"query-input\":{\"@type\":\"PropertyValueSpecification\",\"valueRequired\":true,\"valueName\":\"search_term_string\"}}],\"inLanguage\":\"fr-FR\"}]}<\/script>\n<!-- \/ Yoast SEO plugin. -->","yoast_head_json":{"title":"Sur Sunnyplants - Sunnyplants.com","description":"Pour mon 16\u00e8me anniversaire, un de mes cadeaux \u00e9tait un paquet de graines de Cacti & Succulentes. J'ai \u00e9t\u00e9 fascin\u00e9 par toutes les diff\u00e9rentes formes et couleurs des jeunes plants. Bient\u00f4t, je lisais tous les livres que je pouvais trouver sur Cactus & Succulentes.","robots":{"index":"index","follow":"follow","max-snippet":"max-snippet:-1","max-image-preview":"max-image-preview:large","max-video-preview":"max-video-preview:-1"},"canonical":"https:\/\/www.sunnyplants.com\/fr\/sur-sunnyplants","og_locale":"fr_FR","og_type":"article","og_title":"Sur Sunnyplants - Sunnyplants.com","og_description":"Pour mon 16\u00e8me anniversaire, un de mes cadeaux \u00e9tait un paquet de graines de Cacti & Succulentes. J'ai \u00e9t\u00e9 fascin\u00e9 par toutes les diff\u00e9rentes formes et couleurs des jeunes plants. Bient\u00f4t, je lisais tous les livres que je pouvais trouver sur Cactus & Succulentes.","og_url":"https:\/\/www.sunnyplants.com\/fr\/sur-sunnyplants","og_site_name":"Sunnyplants.com","article_publisher":"https:\/\/nl-nl.facebook.com\/pages\/category\/Internet-Company\/Sunnyplantscom-1835401900058481\/","article_modified_time":"2018-01-29T12:33:57+00:00","twitter_card":"summary_large_image","twitter_misc":{"Dur\u00e9e de lecture estim\u00e9e":"1 minute"},"schema":{"@context":"https:\/\/schema.org","@graph":[{"@type":"WebPage","@id":"https:\/\/www.sunnyplants.com\/fr\/sur-sunnyplants","url":"https:\/\/www.sunnyplants.com\/fr\/sur-sunnyplants","name":"Sur Sunnyplants - Sunnyplants.com","isPartOf":{"@id":"https:\/\/www.sunnyplants.com\/fr#website"},"datePublished":"2016-12-09T14:07:48+00:00","dateModified":"2018-01-29T12:33:57+00:00","description":"Pour mon 16\u00e8me anniversaire, un de mes cadeaux \u00e9tait un paquet de graines de Cacti & Succulentes. J'ai \u00e9t\u00e9 fascin\u00e9 par toutes les diff\u00e9rentes formes et couleurs des jeunes plants. Bient\u00f4t, je lisais tous les livres que je pouvais trouver sur Cactus & Succulentes.","breadcrumb":{"@id":"https:\/\/www.sunnyplants.com\/fr\/sur-sunnyplants#breadcrumb"},"inLanguage":"fr-FR","potentialAction":[{"@type":"ReadAction","target":["https:\/\/www.sunnyplants.com\/fr\/sur-sunnyplants"]}]},{"@type":"BreadcrumbList","@id":"https:\/\/www.sunnyplants.com\/fr\/sur-sunnyplants#breadcrumb","itemListElement":[{"@type":"ListItem","position":1,"name":"Home","item":"https:\/\/www.sunnyplants.com\/fr\/sunnyplants-fr"},{"@type":"ListItem","position":2,"name":"Sur Sunnyplants"}]},{"@type":"WebSite","@id":"https:\/\/www.sunnyplants.com\/fr#website","url":"https:\/\/www.sunnyplants.com\/fr","name":"Sunnyplants.com","description":"Lithops, Conophytums and other Mesembs &amp; Succulents","potentialAction":[{"@type":"SearchAction","target":{"@type":"EntryPoint","urlTemplate":"https:\/\/www.sunnyplants.com\/fr?s={search_term_string}"},"query-input":{"@type":"PropertyValueSpecification","valueRequired":true,"valueName":"search_term_string"}}],"inLanguage":"fr-FR"}]}},"jetpack_sharing_enabled":true,"_links":{"self":[{"href":"https:\/\/www.sunnyplants.com\/fr\/wp-json\/wp\/v2\/pages\/5323","targetHints":{"allow":["GET"]}}],"collection":[{"href":"https:\/\/www.sunnyplants.com\/fr\/wp-json\/wp\/v2\/pages"}],"about":[{"href":"https:\/\/www.sunnyplants.com\/fr\/wp-json\/wp\/v2\/types\/page"}],"author":[{"embeddable":true,"href":"https:\/\/www.sunnyplants.com\/fr\/wp-json\/wp\/v2\/users\/1"}],"replies":[{"embeddable":true,"href":"https:\/\/www.sunnyplants.com\/fr\/wp-json\/wp\/v2\/comments?post=5323"}],"version-history":[{"count":0,"href":"https:\/\/www.sunnyplants.com\/fr\/wp-json\/wp\/v2\/pages\/5323\/revisions"}],"wp:attachment":[{"href":"https:\/\/www.sunnyplants.com\/fr\/wp-json\/wp\/v2\/media?parent=5323"}],"curies":[{"name":"wp","href":"https:\/\/api.w.org\/{rel}","templated":true}]}}