{"id":10446,"date":"2020-01-24T12:09:18","date_gmt":"2017-06-30T12:09:22","guid":{"rendered":"https:\/\/www.sunnyplants.com\/?post_type=product&#038;p=10446"},"modified":"2026-03-01T22:26:49","modified_gmt":"2026-03-01T22:26:49","slug":"conophytum-calculus-pierres-vivantes-graines","status":"publish","type":"product","link":"https:\/\/www.sunnyplants.com\/fr\/shop\/conophytum-calculus-pierres-vivantes-graines","title":{"rendered":"Conophytum calculus &#8211; Pierres Vivantes &#8211; Graines"},"content":{"rendered":"<p>Conophytum calculus est un joli petit caillou vivant. Il ressemble \u00e0 un petit \u0153uf et est commun\u00e9ment appel\u00e9 Boutons de Marbre. Ce Conophytum est originaire du sud du Namaqualand et de la province du Cap en Afrique du Sud.<\/p>\n<h2>Conophytum calculus Germination des Graines<\/h2>\n<p>Ne couvrez pas les graines de Conophytum calculus avec du gravier ou de la terre ou seulement l\u00e9g\u00e8rement. La temp\u00e9rature diurne pour la germination doit \u00eatre d&rsquo;environ 20\u00b0C, les temp\u00e9ratures nocturnes entre 10 et 15\u00b0C. Ne pas donner de soleil direct mais un peu d&rsquo;ombre. Les conophytums germent g\u00e9n\u00e9ralement en 2 semaines. Maintenez une humidit\u00e9 de l&rsquo;air \u00e9lev\u00e9e jusqu&rsquo;\u00e0 ce que les graines aient germ\u00e9. Commencez \u00e0 ventiler quotidiennement apr\u00e8s la germination et retirez compl\u00e8tement le couvercle apr\u00e8s 2-3 semaines.<\/p>\n<h2>Entretien des semis de Conophytum calculus<\/h2>\n<p>Assurez-vous que le sol reste mod\u00e9r\u00e9ment humide jusqu&rsquo;\u00e0 ce que les semis de Conophytum grossissent. Apr\u00e8s 2-3 mois, vous pouvez commencer \u00e0 laisser le sol s\u00e9cher compl\u00e8tement entre les arrosages. Les Conophytums poussent en hiver. Ils montrent la plus grande croissance au d\u00e9but du printemps et \u00e0 la fin de l&rsquo;automne. Ne pas trop arroser en \u00e9t\u00e9.<\/p>\n","protected":false},"excerpt":{"rendered":"<p>Graines fra\u00eeches de Conophytum calculus. Veuillez noter que ces graines sont minuscules. Vous pouvez faire germer vos graines de Conophytum plus tard lorsque vous les stockez correctement. Gardez-les au sec, \u00e0 l&rsquo;obscurit\u00e9 et au frais.<\/p>\n","protected":false},"featured_media":10455,"comment_status":"open","ping_status":"closed","template":"","meta":[],"product_brand":[],"product_cat":[291,1063,337,339],"product_tag":[782,806,803],"class_list":{"0":"post-10446","1":"product","2":"type-product","3":"status-publish","4":"has-post-thumbnail","6":"product_cat-graines","7":"product_cat-graines-conophytum","8":"product_cat-graines-lithops-pierres-vivantes","9":"product_cat-graines-succulentes","10":"product_tag-graines","11":"product_tag-mesembs-fr","12":"product_tag-pierres-vivantes","13":"product_shipping_class-seeds-fr","14":"pa_family-mesembryanthemaceae-aizoaceae-fr","15":"pa_flower-color-jaune","16":"pa_product-type-graines","17":"pa_quantity-10-graines","18":"pa_quantity-100-graines","20":"first","21":"instock","22":"featured","23":"taxable","24":"shipping-taxable","25":"purchasable","26":"product-type-variable","27":"has-default-attributes"},"yoast_head":"<!-- This site is optimized with the Yoast SEO plugin v27.4 - https:\/\/yoast.com\/product\/yoast-seo-wordpress\/ -->\n<title>Conophytum calculus - Pierres Vivantes - Graines - Sunnyplants.com<\/title>\n<meta name=\"description\" content=\"Graines fra\u00eeches de Conophytum calculus. Veuillez noter que ces graines sont minuscules. Vous pouvez faire germer vos graines de Conophytum plus tard lorsque vous les stockez correctement. Gardez-les au sec, \u00e0 l&#039;obscurit\u00e9 et au frais.\" \/>\n<meta name=\"robots\" content=\"index, follow, max-snippet:-1, max-image-preview:large, max-video-preview:-1\" \/>\n<link rel=\"canonical\" href=\"https:\/\/www.sunnyplants.com\/fr\/shop\/conophytum-calculus-pierres-vivantes-graines\" \/>\n<meta property=\"og:locale\" content=\"fr_FR\" \/>\n<meta property=\"og:type\" content=\"article\" \/>\n<meta property=\"og:title\" content=\"Conophytum calculus - Pierres Vivantes - Graines - Sunnyplants.com\" \/>\n<meta property=\"og:description\" content=\"Graines fra\u00eeches de Conophytum calculus. Veuillez noter que ces graines sont minuscules. Vous pouvez faire germer vos graines de Conophytum plus tard lorsque vous les stockez correctement. Gardez-les au sec, \u00e0 l&#039;obscurit\u00e9 et au frais.\" \/>\n<meta property=\"og:url\" content=\"https:\/\/www.sunnyplants.com\/fr\/shop\/conophytum-calculus-pierres-vivantes-graines\" \/>\n<meta property=\"og:site_name\" content=\"Sunnyplants.com\" \/>\n<meta property=\"article:publisher\" content=\"https:\/\/nl-nl.facebook.com\/pages\/category\/Internet-Company\/Sunnyplantscom-1835401900058481\/\" \/>\n<meta property=\"article:modified_time\" content=\"2026-03-01T22:26:49+00:00\" \/>\n<meta property=\"og:image\" content=\"https:\/\/www.sunnyplants.com\/wp-content\/uploads\/Conophytum-calculus.jpg\" \/>\n\t<meta property=\"og:image:width\" content=\"600\" \/>\n\t<meta property=\"og:image:height\" content=\"600\" \/>\n\t<meta property=\"og:image:type\" content=\"image\/jpeg\" \/>\n<meta name=\"twitter:card\" content=\"summary_large_image\" \/>\n<meta name=\"twitter:label1\" content=\"Dur\u00e9e de lecture estim\u00e9e\" \/>\n\t<meta name=\"twitter:data1\" content=\"1 minute\" \/>\n<script type=\"application\/ld+json\" class=\"yoast-schema-graph\">{\"@context\":\"https:\\\/\\\/schema.org\",\"@graph\":[{\"@type\":\"WebPage\",\"@id\":\"https:\\\/\\\/www.sunnyplants.com\\\/fr\\\/shop\\\/conophytum-calculus-pierres-vivantes-graines\",\"url\":\"https:\\\/\\\/www.sunnyplants.com\\\/fr\\\/shop\\\/conophytum-calculus-pierres-vivantes-graines\",\"name\":\"Conophytum calculus - Pierres Vivantes - Graines - Sunnyplants.com\",\"isPartOf\":{\"@id\":\"https:\\\/\\\/www.sunnyplants.com\\\/fr#website\"},\"primaryImageOfPage\":{\"@id\":\"https:\\\/\\\/www.sunnyplants.com\\\/fr\\\/shop\\\/conophytum-calculus-pierres-vivantes-graines#primaryimage\"},\"image\":{\"@id\":\"https:\\\/\\\/www.sunnyplants.com\\\/fr\\\/shop\\\/conophytum-calculus-pierres-vivantes-graines#primaryimage\"},\"thumbnailUrl\":\"https:\\\/\\\/www.sunnyplants.com\\\/wp-content\\\/uploads\\\/Conophytum-calculus.jpg\",\"datePublished\":\"2017-06-30T12:09:22+00:00\",\"dateModified\":\"2026-03-01T22:26:49+00:00\",\"description\":\"Graines fra\u00eeches de Conophytum calculus. Veuillez noter que ces graines sont minuscules. Vous pouvez faire germer vos graines de Conophytum plus tard lorsque vous les stockez correctement. Gardez-les au sec, \u00e0 l'obscurit\u00e9 et au frais.\",\"breadcrumb\":{\"@id\":\"https:\\\/\\\/www.sunnyplants.com\\\/fr\\\/shop\\\/conophytum-calculus-pierres-vivantes-graines#breadcrumb\"},\"inLanguage\":\"fr-FR\",\"potentialAction\":[{\"@type\":\"ReadAction\",\"target\":[\"https:\\\/\\\/www.sunnyplants.com\\\/fr\\\/shop\\\/conophytum-calculus-pierres-vivantes-graines\"]}]},{\"@type\":\"ImageObject\",\"inLanguage\":\"fr-FR\",\"@id\":\"https:\\\/\\\/www.sunnyplants.com\\\/fr\\\/shop\\\/conophytum-calculus-pierres-vivantes-graines#primaryimage\",\"url\":\"https:\\\/\\\/www.sunnyplants.com\\\/wp-content\\\/uploads\\\/Conophytum-calculus.jpg\",\"contentUrl\":\"https:\\\/\\\/www.sunnyplants.com\\\/wp-content\\\/uploads\\\/Conophytum-calculus.jpg\",\"width\":600,\"height\":600},{\"@type\":\"BreadcrumbList\",\"@id\":\"https:\\\/\\\/www.sunnyplants.com\\\/fr\\\/shop\\\/conophytum-calculus-pierres-vivantes-graines#breadcrumb\",\"itemListElement\":[{\"@type\":\"ListItem\",\"position\":1,\"name\":\"Home\",\"item\":\"https:\\\/\\\/www.sunnyplants.com\\\/fr\\\/sunnyplants-fr\"},{\"@type\":\"ListItem\",\"position\":2,\"name\":\"Boutique\",\"item\":\"https:\\\/\\\/www.sunnyplants.com\\\/fr\\\/boutique\"},{\"@type\":\"ListItem\",\"position\":3,\"name\":\"Conophytum calculus &#8211; Pierres Vivantes &#8211; Graines\"}]},{\"@type\":\"WebSite\",\"@id\":\"https:\\\/\\\/www.sunnyplants.com\\\/fr#website\",\"url\":\"https:\\\/\\\/www.sunnyplants.com\\\/fr\",\"name\":\"Sunnyplants.com\",\"description\":\"Lithops, Conophytums and other Mesembs &amp; Succulents\",\"potentialAction\":[{\"@type\":\"SearchAction\",\"target\":{\"@type\":\"EntryPoint\",\"urlTemplate\":\"https:\\\/\\\/www.sunnyplants.com\\\/fr?s={search_term_string}\"},\"query-input\":{\"@type\":\"PropertyValueSpecification\",\"valueRequired\":true,\"valueName\":\"search_term_string\"}}],\"inLanguage\":\"fr-FR\"}]}<\/script>\n<!-- \/ Yoast SEO plugin. -->","yoast_head_json":{"title":"Conophytum calculus - Pierres Vivantes - Graines - Sunnyplants.com","description":"Graines fra\u00eeches de Conophytum calculus. Veuillez noter que ces graines sont minuscules. Vous pouvez faire germer vos graines de Conophytum plus tard lorsque vous les stockez correctement. Gardez-les au sec, \u00e0 l'obscurit\u00e9 et au frais.","robots":{"index":"index","follow":"follow","max-snippet":"max-snippet:-1","max-image-preview":"max-image-preview:large","max-video-preview":"max-video-preview:-1"},"canonical":"https:\/\/www.sunnyplants.com\/fr\/shop\/conophytum-calculus-pierres-vivantes-graines","og_locale":"fr_FR","og_type":"article","og_title":"Conophytum calculus - Pierres Vivantes - Graines - Sunnyplants.com","og_description":"Graines fra\u00eeches de Conophytum calculus. Veuillez noter que ces graines sont minuscules. Vous pouvez faire germer vos graines de Conophytum plus tard lorsque vous les stockez correctement. Gardez-les au sec, \u00e0 l'obscurit\u00e9 et au frais.","og_url":"https:\/\/www.sunnyplants.com\/fr\/shop\/conophytum-calculus-pierres-vivantes-graines","og_site_name":"Sunnyplants.com","article_publisher":"https:\/\/nl-nl.facebook.com\/pages\/category\/Internet-Company\/Sunnyplantscom-1835401900058481\/","article_modified_time":"2026-03-01T22:26:49+00:00","og_image":[{"width":600,"height":600,"url":"https:\/\/www.sunnyplants.com\/wp-content\/uploads\/Conophytum-calculus.jpg","type":"image\/jpeg"}],"twitter_card":"summary_large_image","twitter_misc":{"Dur\u00e9e de lecture estim\u00e9e":"1 minute"},"schema":{"@context":"https:\/\/schema.org","@graph":[{"@type":"WebPage","@id":"https:\/\/www.sunnyplants.com\/fr\/shop\/conophytum-calculus-pierres-vivantes-graines","url":"https:\/\/www.sunnyplants.com\/fr\/shop\/conophytum-calculus-pierres-vivantes-graines","name":"Conophytum calculus - Pierres Vivantes - Graines - Sunnyplants.com","isPartOf":{"@id":"https:\/\/www.sunnyplants.com\/fr#website"},"primaryImageOfPage":{"@id":"https:\/\/www.sunnyplants.com\/fr\/shop\/conophytum-calculus-pierres-vivantes-graines#primaryimage"},"image":{"@id":"https:\/\/www.sunnyplants.com\/fr\/shop\/conophytum-calculus-pierres-vivantes-graines#primaryimage"},"thumbnailUrl":"https:\/\/www.sunnyplants.com\/wp-content\/uploads\/Conophytum-calculus.jpg","datePublished":"2017-06-30T12:09:22+00:00","dateModified":"2026-03-01T22:26:49+00:00","description":"Graines fra\u00eeches de Conophytum calculus. Veuillez noter que ces graines sont minuscules. Vous pouvez faire germer vos graines de Conophytum plus tard lorsque vous les stockez correctement. Gardez-les au sec, \u00e0 l'obscurit\u00e9 et au frais.","breadcrumb":{"@id":"https:\/\/www.sunnyplants.com\/fr\/shop\/conophytum-calculus-pierres-vivantes-graines#breadcrumb"},"inLanguage":"fr-FR","potentialAction":[{"@type":"ReadAction","target":["https:\/\/www.sunnyplants.com\/fr\/shop\/conophytum-calculus-pierres-vivantes-graines"]}]},{"@type":"ImageObject","inLanguage":"fr-FR","@id":"https:\/\/www.sunnyplants.com\/fr\/shop\/conophytum-calculus-pierres-vivantes-graines#primaryimage","url":"https:\/\/www.sunnyplants.com\/wp-content\/uploads\/Conophytum-calculus.jpg","contentUrl":"https:\/\/www.sunnyplants.com\/wp-content\/uploads\/Conophytum-calculus.jpg","width":600,"height":600},{"@type":"BreadcrumbList","@id":"https:\/\/www.sunnyplants.com\/fr\/shop\/conophytum-calculus-pierres-vivantes-graines#breadcrumb","itemListElement":[{"@type":"ListItem","position":1,"name":"Home","item":"https:\/\/www.sunnyplants.com\/fr\/sunnyplants-fr"},{"@type":"ListItem","position":2,"name":"Boutique","item":"https:\/\/www.sunnyplants.com\/fr\/boutique"},{"@type":"ListItem","position":3,"name":"Conophytum calculus &#8211; Pierres Vivantes &#8211; Graines"}]},{"@type":"WebSite","@id":"https:\/\/www.sunnyplants.com\/fr#website","url":"https:\/\/www.sunnyplants.com\/fr","name":"Sunnyplants.com","description":"Lithops, Conophytums and other Mesembs &amp; Succulents","potentialAction":[{"@type":"SearchAction","target":{"@type":"EntryPoint","urlTemplate":"https:\/\/www.sunnyplants.com\/fr?s={search_term_string}"},"query-input":{"@type":"PropertyValueSpecification","valueRequired":true,"valueName":"search_term_string"}}],"inLanguage":"fr-FR"}]}},"jetpack_sharing_enabled":true,"_links":{"self":[{"href":"https:\/\/www.sunnyplants.com\/fr\/wp-json\/wp\/v2\/product\/10446","targetHints":{"allow":["GET"]}}],"collection":[{"href":"https:\/\/www.sunnyplants.com\/fr\/wp-json\/wp\/v2\/product"}],"about":[{"href":"https:\/\/www.sunnyplants.com\/fr\/wp-json\/wp\/v2\/types\/product"}],"replies":[{"embeddable":true,"href":"https:\/\/www.sunnyplants.com\/fr\/wp-json\/wp\/v2\/comments?post=10446"}],"wp:featuredmedia":[{"embeddable":true,"href":"https:\/\/www.sunnyplants.com\/fr\/wp-json\/wp\/v2\/media\/10455"}],"wp:attachment":[{"href":"https:\/\/www.sunnyplants.com\/fr\/wp-json\/wp\/v2\/media?parent=10446"}],"wp:term":[{"taxonomy":"product_brand","embeddable":true,"href":"https:\/\/www.sunnyplants.com\/fr\/wp-json\/wp\/v2\/product_brand?post=10446"},{"taxonomy":"product_cat","embeddable":true,"href":"https:\/\/www.sunnyplants.com\/fr\/wp-json\/wp\/v2\/product_cat?post=10446"},{"taxonomy":"product_tag","embeddable":true,"href":"https:\/\/www.sunnyplants.com\/fr\/wp-json\/wp\/v2\/product_tag?post=10446"}],"curies":[{"name":"wp","href":"https:\/\/api.w.org\/{rel}","templated":true}]}}