{"id":10736,"date":"2019-10-23T18:50:14","date_gmt":"2019-10-23T18:50:14","guid":{"rendered":"https:\/\/www.sunnyplants.com\/?post_type=product&#038;p=10736"},"modified":"2026-03-10T19:52:15","modified_gmt":"2026-03-10T19:52:15","slug":"crassula-pyramidalis-boutures","status":"publish","type":"product","link":"https:\/\/www.sunnyplants.com\/fr\/shop\/crassula-pyramidalis-boutures","title":{"rendered":"Crassula pyramidalis &#8211; Boutures"},"content":{"rendered":"<p>Ce magnifique Crassula miniature d&rsquo;Afrique du Sud ressemble beaucoup \u00e0 son grand fr\u00e8re, le Crassula Buddhas Temple. Crassula pyramidalis est plus petit et a g\u00e9n\u00e9ralement plus de tiges et de branches.<\/p>\n<h2>Entretien de Crassula pyramidalis<\/h2>\n<p>Crassula pyramidalis se d\u00e9veloppe mieux aux temp\u00e9ratures de 18-24C. Comme la plupart des Crassulaceae, il est plus actif au printemps et \u00e0 l&rsquo;automne. C&rsquo;est le meilleur moment pour faire de nouvelles coupes. Les plantes doivent \u00eatre arros\u00e9es plus souvent au cours de cette p\u00e9riode. Gardez Crassula pyramidalis plus sec en \u00e9t\u00e9 lorsqu&rsquo;il fait tr\u00e8s chaud. Donne de l&rsquo;ombre \u00e0 la lumi\u00e8re directe et intense du soleil.<\/p>\n","protected":false},"excerpt":{"rendered":"<p>Boutures de Crassula pyramidalis \u00e0 vendre. Chaque coupe est soigneusement emball\u00e9e dans du papier et est fournie avec une \u00e9tiquette et des instructions de croissance g\u00e9n\u00e9rales. Lorsque disponibles, nous essaierons toujours de vous envoyer une bouture qui a d\u00e9j\u00e0 des racines.<\/p>\n","protected":false},"featured_media":21119,"comment_status":"open","ping_status":"closed","template":"","meta":[],"product_brand":[],"product_cat":[279,330,329],"product_tag":[842,832],"class_list":{"0":"post-10736","1":"product","2":"type-product","3":"status-publish","4":"has-post-thumbnail","6":"product_cat-boutures","7":"product_cat-boutures-crassula","8":"product_cat-boutures-succulentes","9":"product_tag-boutures","10":"product_tag-plantes-dinterieur","11":"product_shipping_class-cuttings-small-plants-fr","12":"pa_family-crassulaceae-fr","13":"pa_product-type-boutures-de-tiges","14":"pa_quantity-1-bouture","15":"pa_size-2-4-cm-fr","17":"first","18":"instock","19":"taxable","20":"shipping-taxable","21":"purchasable","22":"product-type-simple"},"yoast_head":"<!-- This site is optimized with the Yoast SEO plugin v27.5 - https:\/\/yoast.com\/product\/yoast-seo-wordpress\/ -->\n<title>Boutures de Crassula pyramidalis \u00e0 Vendre - Sunnyplants.com<\/title>\n<meta name=\"description\" content=\"Vente de boutures de Crassula pyramidalis saines. Achetez cette bouture succulente et d\u2019autres plantes, graines et boutures dans notre boutique en ligne \u00e0 Sunnyplants.com.\" \/>\n<meta name=\"robots\" content=\"index, follow, max-snippet:-1, max-image-preview:large, max-video-preview:-1\" \/>\n<link rel=\"canonical\" href=\"https:\/\/www.sunnyplants.com\/fr\/shop\/crassula-pyramidalis-boutures\" \/>\n<meta property=\"og:locale\" content=\"fr_FR\" \/>\n<meta property=\"og:type\" content=\"article\" \/>\n<meta property=\"og:title\" content=\"Boutures de Crassula pyramidalis \u00e0 Vendre - Sunnyplants.com\" \/>\n<meta property=\"og:description\" content=\"Vente de boutures de Crassula pyramidalis saines. Achetez cette bouture succulente et d\u2019autres plantes, graines et boutures dans notre boutique en ligne \u00e0 Sunnyplants.com.\" \/>\n<meta property=\"og:url\" content=\"https:\/\/www.sunnyplants.com\/fr\/shop\/crassula-pyramidalis-boutures\" \/>\n<meta property=\"og:site_name\" content=\"Sunnyplants.com\" \/>\n<meta property=\"article:publisher\" content=\"https:\/\/nl-nl.facebook.com\/pages\/category\/Internet-Company\/Sunnyplantscom-1835401900058481\/\" \/>\n<meta property=\"article:modified_time\" content=\"2026-03-10T19:52:15+00:00\" \/>\n<meta property=\"og:image\" content=\"https:\/\/www.sunnyplants.com\/wp-content\/uploads\/crassula-pyramidalis-1.jpg\" \/>\n\t<meta property=\"og:image:width\" content=\"900\" \/>\n\t<meta property=\"og:image:height\" content=\"900\" \/>\n\t<meta property=\"og:image:type\" content=\"image\/jpeg\" \/>\n<meta name=\"twitter:card\" content=\"summary_large_image\" \/>\n<meta name=\"twitter:label1\" content=\"Dur\u00e9e de lecture estim\u00e9e\" \/>\n\t<meta name=\"twitter:data1\" content=\"1 minute\" \/>\n<script type=\"application\/ld+json\" class=\"yoast-schema-graph\">{\"@context\":\"https:\\\/\\\/schema.org\",\"@graph\":[{\"@type\":\"WebPage\",\"@id\":\"https:\\\/\\\/www.sunnyplants.com\\\/fr\\\/shop\\\/crassula-pyramidalis-boutures\",\"url\":\"https:\\\/\\\/www.sunnyplants.com\\\/fr\\\/shop\\\/crassula-pyramidalis-boutures\",\"name\":\"Boutures de Crassula pyramidalis \u00e0 Vendre - Sunnyplants.com\",\"isPartOf\":{\"@id\":\"https:\\\/\\\/www.sunnyplants.com\\\/fr#website\"},\"primaryImageOfPage\":{\"@id\":\"https:\\\/\\\/www.sunnyplants.com\\\/fr\\\/shop\\\/crassula-pyramidalis-boutures#primaryimage\"},\"image\":{\"@id\":\"https:\\\/\\\/www.sunnyplants.com\\\/fr\\\/shop\\\/crassula-pyramidalis-boutures#primaryimage\"},\"thumbnailUrl\":\"https:\\\/\\\/www.sunnyplants.com\\\/wp-content\\\/uploads\\\/crassula-pyramidalis-1.jpg\",\"datePublished\":\"2019-10-23T18:50:14+00:00\",\"dateModified\":\"2026-03-10T19:52:15+00:00\",\"description\":\"Vente de boutures de Crassula pyramidalis saines. Achetez cette bouture succulente et d\u2019autres plantes, graines et boutures dans notre boutique en ligne \u00e0 Sunnyplants.com.\",\"breadcrumb\":{\"@id\":\"https:\\\/\\\/www.sunnyplants.com\\\/fr\\\/shop\\\/crassula-pyramidalis-boutures#breadcrumb\"},\"inLanguage\":\"fr-FR\",\"potentialAction\":[{\"@type\":\"ReadAction\",\"target\":[\"https:\\\/\\\/www.sunnyplants.com\\\/fr\\\/shop\\\/crassula-pyramidalis-boutures\"]}]},{\"@type\":\"ImageObject\",\"inLanguage\":\"fr-FR\",\"@id\":\"https:\\\/\\\/www.sunnyplants.com\\\/fr\\\/shop\\\/crassula-pyramidalis-boutures#primaryimage\",\"url\":\"https:\\\/\\\/www.sunnyplants.com\\\/wp-content\\\/uploads\\\/crassula-pyramidalis-1.jpg\",\"contentUrl\":\"https:\\\/\\\/www.sunnyplants.com\\\/wp-content\\\/uploads\\\/crassula-pyramidalis-1.jpg\",\"width\":900,\"height\":900},{\"@type\":\"BreadcrumbList\",\"@id\":\"https:\\\/\\\/www.sunnyplants.com\\\/fr\\\/shop\\\/crassula-pyramidalis-boutures#breadcrumb\",\"itemListElement\":[{\"@type\":\"ListItem\",\"position\":1,\"name\":\"Home\",\"item\":\"https:\\\/\\\/www.sunnyplants.com\\\/fr\\\/sunnyplants-fr\"},{\"@type\":\"ListItem\",\"position\":2,\"name\":\"Boutique\",\"item\":\"https:\\\/\\\/www.sunnyplants.com\\\/fr\\\/boutique\"},{\"@type\":\"ListItem\",\"position\":3,\"name\":\"Crassula pyramidalis &#8211; Boutures\"}]},{\"@type\":\"WebSite\",\"@id\":\"https:\\\/\\\/www.sunnyplants.com\\\/fr#website\",\"url\":\"https:\\\/\\\/www.sunnyplants.com\\\/fr\",\"name\":\"Sunnyplants.com\",\"description\":\"Lithops, Conophytums and other Mesembs &amp; Succulents\",\"potentialAction\":[{\"@type\":\"SearchAction\",\"target\":{\"@type\":\"EntryPoint\",\"urlTemplate\":\"https:\\\/\\\/www.sunnyplants.com\\\/fr?s={search_term_string}\"},\"query-input\":{\"@type\":\"PropertyValueSpecification\",\"valueRequired\":true,\"valueName\":\"search_term_string\"}}],\"inLanguage\":\"fr-FR\"}]}<\/script>\n<!-- \/ Yoast SEO plugin. -->","yoast_head_json":{"title":"Boutures de Crassula pyramidalis \u00e0 Vendre - Sunnyplants.com","description":"Vente de boutures de Crassula pyramidalis saines. Achetez cette bouture succulente et d\u2019autres plantes, graines et boutures dans notre boutique en ligne \u00e0 Sunnyplants.com.","robots":{"index":"index","follow":"follow","max-snippet":"max-snippet:-1","max-image-preview":"max-image-preview:large","max-video-preview":"max-video-preview:-1"},"canonical":"https:\/\/www.sunnyplants.com\/fr\/shop\/crassula-pyramidalis-boutures","og_locale":"fr_FR","og_type":"article","og_title":"Boutures de Crassula pyramidalis \u00e0 Vendre - Sunnyplants.com","og_description":"Vente de boutures de Crassula pyramidalis saines. Achetez cette bouture succulente et d\u2019autres plantes, graines et boutures dans notre boutique en ligne \u00e0 Sunnyplants.com.","og_url":"https:\/\/www.sunnyplants.com\/fr\/shop\/crassula-pyramidalis-boutures","og_site_name":"Sunnyplants.com","article_publisher":"https:\/\/nl-nl.facebook.com\/pages\/category\/Internet-Company\/Sunnyplantscom-1835401900058481\/","article_modified_time":"2026-03-10T19:52:15+00:00","og_image":[{"width":900,"height":900,"url":"https:\/\/www.sunnyplants.com\/wp-content\/uploads\/crassula-pyramidalis-1.jpg","type":"image\/jpeg"}],"twitter_card":"summary_large_image","twitter_misc":{"Dur\u00e9e de lecture estim\u00e9e":"1 minute"},"schema":{"@context":"https:\/\/schema.org","@graph":[{"@type":"WebPage","@id":"https:\/\/www.sunnyplants.com\/fr\/shop\/crassula-pyramidalis-boutures","url":"https:\/\/www.sunnyplants.com\/fr\/shop\/crassula-pyramidalis-boutures","name":"Boutures de Crassula pyramidalis \u00e0 Vendre - Sunnyplants.com","isPartOf":{"@id":"https:\/\/www.sunnyplants.com\/fr#website"},"primaryImageOfPage":{"@id":"https:\/\/www.sunnyplants.com\/fr\/shop\/crassula-pyramidalis-boutures#primaryimage"},"image":{"@id":"https:\/\/www.sunnyplants.com\/fr\/shop\/crassula-pyramidalis-boutures#primaryimage"},"thumbnailUrl":"https:\/\/www.sunnyplants.com\/wp-content\/uploads\/crassula-pyramidalis-1.jpg","datePublished":"2019-10-23T18:50:14+00:00","dateModified":"2026-03-10T19:52:15+00:00","description":"Vente de boutures de Crassula pyramidalis saines. Achetez cette bouture succulente et d\u2019autres plantes, graines et boutures dans notre boutique en ligne \u00e0 Sunnyplants.com.","breadcrumb":{"@id":"https:\/\/www.sunnyplants.com\/fr\/shop\/crassula-pyramidalis-boutures#breadcrumb"},"inLanguage":"fr-FR","potentialAction":[{"@type":"ReadAction","target":["https:\/\/www.sunnyplants.com\/fr\/shop\/crassula-pyramidalis-boutures"]}]},{"@type":"ImageObject","inLanguage":"fr-FR","@id":"https:\/\/www.sunnyplants.com\/fr\/shop\/crassula-pyramidalis-boutures#primaryimage","url":"https:\/\/www.sunnyplants.com\/wp-content\/uploads\/crassula-pyramidalis-1.jpg","contentUrl":"https:\/\/www.sunnyplants.com\/wp-content\/uploads\/crassula-pyramidalis-1.jpg","width":900,"height":900},{"@type":"BreadcrumbList","@id":"https:\/\/www.sunnyplants.com\/fr\/shop\/crassula-pyramidalis-boutures#breadcrumb","itemListElement":[{"@type":"ListItem","position":1,"name":"Home","item":"https:\/\/www.sunnyplants.com\/fr\/sunnyplants-fr"},{"@type":"ListItem","position":2,"name":"Boutique","item":"https:\/\/www.sunnyplants.com\/fr\/boutique"},{"@type":"ListItem","position":3,"name":"Crassula pyramidalis &#8211; Boutures"}]},{"@type":"WebSite","@id":"https:\/\/www.sunnyplants.com\/fr#website","url":"https:\/\/www.sunnyplants.com\/fr","name":"Sunnyplants.com","description":"Lithops, Conophytums and other Mesembs &amp; Succulents","potentialAction":[{"@type":"SearchAction","target":{"@type":"EntryPoint","urlTemplate":"https:\/\/www.sunnyplants.com\/fr?s={search_term_string}"},"query-input":{"@type":"PropertyValueSpecification","valueRequired":true,"valueName":"search_term_string"}}],"inLanguage":"fr-FR"}]}},"jetpack_sharing_enabled":true,"_links":{"self":[{"href":"https:\/\/www.sunnyplants.com\/fr\/wp-json\/wp\/v2\/product\/10736","targetHints":{"allow":["GET"]}}],"collection":[{"href":"https:\/\/www.sunnyplants.com\/fr\/wp-json\/wp\/v2\/product"}],"about":[{"href":"https:\/\/www.sunnyplants.com\/fr\/wp-json\/wp\/v2\/types\/product"}],"replies":[{"embeddable":true,"href":"https:\/\/www.sunnyplants.com\/fr\/wp-json\/wp\/v2\/comments?post=10736"}],"wp:featuredmedia":[{"embeddable":true,"href":"https:\/\/www.sunnyplants.com\/fr\/wp-json\/wp\/v2\/media\/21119"}],"wp:attachment":[{"href":"https:\/\/www.sunnyplants.com\/fr\/wp-json\/wp\/v2\/media?parent=10736"}],"wp:term":[{"taxonomy":"product_brand","embeddable":true,"href":"https:\/\/www.sunnyplants.com\/fr\/wp-json\/wp\/v2\/product_brand?post=10736"},{"taxonomy":"product_cat","embeddable":true,"href":"https:\/\/www.sunnyplants.com\/fr\/wp-json\/wp\/v2\/product_cat?post=10736"},{"taxonomy":"product_tag","embeddable":true,"href":"https:\/\/www.sunnyplants.com\/fr\/wp-json\/wp\/v2\/product_tag?post=10736"}],"curies":[{"name":"wp","href":"https:\/\/api.w.org\/{rel}","templated":true}]}}