{"id":11120,"date":"2017-10-23T09:33:38","date_gmt":"2017-10-23T09:33:40","guid":{"rendered":"https:\/\/www.sunnyplants.com?post_type=product&#038;p=11120"},"modified":"2024-10-11T18:13:25","modified_gmt":"2024-10-11T18:13:25","slug":"terreau-pour-cactus-et-plantes-succulentes","status":"publish","type":"product","link":"https:\/\/www.sunnyplants.com\/fr\/shop\/terreau-pour-cactus-et-plantes-succulentes","title":{"rendered":"Terreau pour Cactus et plantes Succulentes (500 ml)"},"content":{"rendered":"<p>Terreau professionnel pour cactus et succulentes (500 ml) \u00e0 vendre. Il se compose de nombreux composants tri\u00e9s sur le volet. Nous m\u00e9langeons et utilisons nous-m\u00eames cette terre.<\/p>\n","protected":false},"excerpt":{"rendered":"<p>Il s&rsquo;agit d&rsquo;un m\u00e9lange de sol bien \u00e9quilibr\u00e9 et professionnel, en particulier pour les plantes succulentes et les cactus. Les composants sont tri\u00e9s sur le volet par nos soins. Nous m\u00e9langeons et utilisons ce sol pour nos propres plantes. Le sol a des valeurs de pH correctes et des capacit\u00e9s de drainage optimales. Il convient non seulement \u00e0 la plantation de succulentes, mais \u00e9galement \u00e0 la germination et au semis de graines de succulentes et \u00e0 l&rsquo;enracinement de boutures de succulentes.<\/p>\n","protected":false},"featured_media":19150,"comment_status":"open","ping_status":"closed","template":"","meta":[],"product_brand":[],"product_cat":[1362,1365],"product_tag":[],"class_list":{"0":"post-11120","1":"product","2":"type-product","3":"status-publish","4":"has-post-thumbnail","6":"product_cat-accessoires","7":"product_cat-terreaux-nutrition","8":"product_shipping_class-soil-fr","9":"pa_quantity-500-ml-fr","11":"first","12":"instock","13":"taxable","14":"shipping-taxable","15":"purchasable","16":"product-type-simple"},"yoast_head":"<!-- This site is optimized with the Yoast SEO plugin v27.4 - https:\/\/yoast.com\/product\/yoast-seo-wordpress\/ -->\n<title>Terreau pour Cactus et plantes Succulentes (500 ml) - Sunnyplants.com<\/title>\n<meta name=\"description\" content=\"Il s&#039;agit d&#039;un m\u00e9lange de sol bien \u00e9quilibr\u00e9 et professionnel, en particulier pour les plantes succulentes et les cactus. Les composants sont tri\u00e9s sur le volet par nos soins. Nous m\u00e9langeons et utilisons ce sol pour nos propres plantes. Le sol a des valeurs de pH correctes et des capacit\u00e9s de drainage optimales. Il convient non seulement \u00e0 la plantation de succulentes, mais \u00e9galement \u00e0 la germination et au semis de graines de succulentes et \u00e0 l&#039;enracinement de boutures de succulentes.\" \/>\n<meta name=\"robots\" content=\"index, follow, max-snippet:-1, max-image-preview:large, max-video-preview:-1\" \/>\n<link rel=\"canonical\" href=\"https:\/\/www.sunnyplants.com\/fr\/shop\/terreau-pour-cactus-et-plantes-succulentes\" \/>\n<meta property=\"og:locale\" content=\"fr_FR\" \/>\n<meta property=\"og:type\" content=\"article\" \/>\n<meta property=\"og:title\" content=\"Terreau pour Cactus et plantes Succulentes (500 ml) - Sunnyplants.com\" \/>\n<meta property=\"og:description\" content=\"Il s&#039;agit d&#039;un m\u00e9lange de sol bien \u00e9quilibr\u00e9 et professionnel, en particulier pour les plantes succulentes et les cactus. Les composants sont tri\u00e9s sur le volet par nos soins. Nous m\u00e9langeons et utilisons ce sol pour nos propres plantes. Le sol a des valeurs de pH correctes et des capacit\u00e9s de drainage optimales. Il convient non seulement \u00e0 la plantation de succulentes, mais \u00e9galement \u00e0 la germination et au semis de graines de succulentes et \u00e0 l&#039;enracinement de boutures de succulentes.\" \/>\n<meta property=\"og:url\" content=\"https:\/\/www.sunnyplants.com\/fr\/shop\/terreau-pour-cactus-et-plantes-succulentes\" \/>\n<meta property=\"og:site_name\" content=\"Sunnyplants.com\" \/>\n<meta property=\"article:publisher\" content=\"https:\/\/nl-nl.facebook.com\/pages\/category\/Internet-Company\/Sunnyplantscom-1835401900058481\/\" \/>\n<meta property=\"article:modified_time\" content=\"2024-10-11T18:13:25+00:00\" \/>\n<meta property=\"og:image\" content=\"https:\/\/www.sunnyplants.com\/wp-content\/uploads\/cactus-succulent-soil-1.jpg\" \/>\n\t<meta property=\"og:image:width\" content=\"900\" \/>\n\t<meta property=\"og:image:height\" content=\"900\" \/>\n\t<meta property=\"og:image:type\" content=\"image\/jpeg\" \/>\n<meta name=\"twitter:card\" content=\"summary_large_image\" \/>\n<script type=\"application\/ld+json\" class=\"yoast-schema-graph\">{\"@context\":\"https:\\\/\\\/schema.org\",\"@graph\":[{\"@type\":\"WebPage\",\"@id\":\"https:\\\/\\\/www.sunnyplants.com\\\/fr\\\/shop\\\/terreau-pour-cactus-et-plantes-succulentes\",\"url\":\"https:\\\/\\\/www.sunnyplants.com\\\/fr\\\/shop\\\/terreau-pour-cactus-et-plantes-succulentes\",\"name\":\"Terreau pour Cactus et plantes Succulentes (500 ml) - Sunnyplants.com\",\"isPartOf\":{\"@id\":\"https:\\\/\\\/www.sunnyplants.com\\\/fr#website\"},\"primaryImageOfPage\":{\"@id\":\"https:\\\/\\\/www.sunnyplants.com\\\/fr\\\/shop\\\/terreau-pour-cactus-et-plantes-succulentes#primaryimage\"},\"image\":{\"@id\":\"https:\\\/\\\/www.sunnyplants.com\\\/fr\\\/shop\\\/terreau-pour-cactus-et-plantes-succulentes#primaryimage\"},\"thumbnailUrl\":\"https:\\\/\\\/www.sunnyplants.com\\\/wp-content\\\/uploads\\\/cactus-succulent-soil-1.jpg\",\"datePublished\":\"2017-10-23T09:33:40+00:00\",\"dateModified\":\"2024-10-11T18:13:25+00:00\",\"description\":\"Il s'agit d'un m\u00e9lange de sol bien \u00e9quilibr\u00e9 et professionnel, en particulier pour les plantes succulentes et les cactus. Les composants sont tri\u00e9s sur le volet par nos soins. Nous m\u00e9langeons et utilisons ce sol pour nos propres plantes. Le sol a des valeurs de pH correctes et des capacit\u00e9s de drainage optimales. Il convient non seulement \u00e0 la plantation de succulentes, mais \u00e9galement \u00e0 la germination et au semis de graines de succulentes et \u00e0 l'enracinement de boutures de succulentes.\",\"breadcrumb\":{\"@id\":\"https:\\\/\\\/www.sunnyplants.com\\\/fr\\\/shop\\\/terreau-pour-cactus-et-plantes-succulentes#breadcrumb\"},\"inLanguage\":\"fr-FR\",\"potentialAction\":[{\"@type\":\"ReadAction\",\"target\":[\"https:\\\/\\\/www.sunnyplants.com\\\/fr\\\/shop\\\/terreau-pour-cactus-et-plantes-succulentes\"]}]},{\"@type\":\"ImageObject\",\"inLanguage\":\"fr-FR\",\"@id\":\"https:\\\/\\\/www.sunnyplants.com\\\/fr\\\/shop\\\/terreau-pour-cactus-et-plantes-succulentes#primaryimage\",\"url\":\"https:\\\/\\\/www.sunnyplants.com\\\/wp-content\\\/uploads\\\/cactus-succulent-soil-1.jpg\",\"contentUrl\":\"https:\\\/\\\/www.sunnyplants.com\\\/wp-content\\\/uploads\\\/cactus-succulent-soil-1.jpg\",\"width\":900,\"height\":900},{\"@type\":\"BreadcrumbList\",\"@id\":\"https:\\\/\\\/www.sunnyplants.com\\\/fr\\\/shop\\\/terreau-pour-cactus-et-plantes-succulentes#breadcrumb\",\"itemListElement\":[{\"@type\":\"ListItem\",\"position\":1,\"name\":\"Home\",\"item\":\"https:\\\/\\\/www.sunnyplants.com\\\/fr\\\/sunnyplants-fr\"},{\"@type\":\"ListItem\",\"position\":2,\"name\":\"Boutique\",\"item\":\"https:\\\/\\\/www.sunnyplants.com\\\/fr\\\/boutique\"},{\"@type\":\"ListItem\",\"position\":3,\"name\":\"Terreau pour Cactus et plantes Succulentes (500 ml)\"}]},{\"@type\":\"WebSite\",\"@id\":\"https:\\\/\\\/www.sunnyplants.com\\\/fr#website\",\"url\":\"https:\\\/\\\/www.sunnyplants.com\\\/fr\",\"name\":\"Sunnyplants.com\",\"description\":\"Lithops, Conophytums and other Mesembs &amp; Succulents\",\"potentialAction\":[{\"@type\":\"SearchAction\",\"target\":{\"@type\":\"EntryPoint\",\"urlTemplate\":\"https:\\\/\\\/www.sunnyplants.com\\\/fr?s={search_term_string}\"},\"query-input\":{\"@type\":\"PropertyValueSpecification\",\"valueRequired\":true,\"valueName\":\"search_term_string\"}}],\"inLanguage\":\"fr-FR\"}]}<\/script>\n<!-- \/ Yoast SEO plugin. -->","yoast_head_json":{"title":"Terreau pour Cactus et plantes Succulentes (500 ml) - Sunnyplants.com","description":"Il s'agit d'un m\u00e9lange de sol bien \u00e9quilibr\u00e9 et professionnel, en particulier pour les plantes succulentes et les cactus. Les composants sont tri\u00e9s sur le volet par nos soins. Nous m\u00e9langeons et utilisons ce sol pour nos propres plantes. Le sol a des valeurs de pH correctes et des capacit\u00e9s de drainage optimales. Il convient non seulement \u00e0 la plantation de succulentes, mais \u00e9galement \u00e0 la germination et au semis de graines de succulentes et \u00e0 l'enracinement de boutures de succulentes.","robots":{"index":"index","follow":"follow","max-snippet":"max-snippet:-1","max-image-preview":"max-image-preview:large","max-video-preview":"max-video-preview:-1"},"canonical":"https:\/\/www.sunnyplants.com\/fr\/shop\/terreau-pour-cactus-et-plantes-succulentes","og_locale":"fr_FR","og_type":"article","og_title":"Terreau pour Cactus et plantes Succulentes (500 ml) - Sunnyplants.com","og_description":"Il s'agit d'un m\u00e9lange de sol bien \u00e9quilibr\u00e9 et professionnel, en particulier pour les plantes succulentes et les cactus. Les composants sont tri\u00e9s sur le volet par nos soins. Nous m\u00e9langeons et utilisons ce sol pour nos propres plantes. Le sol a des valeurs de pH correctes et des capacit\u00e9s de drainage optimales. Il convient non seulement \u00e0 la plantation de succulentes, mais \u00e9galement \u00e0 la germination et au semis de graines de succulentes et \u00e0 l'enracinement de boutures de succulentes.","og_url":"https:\/\/www.sunnyplants.com\/fr\/shop\/terreau-pour-cactus-et-plantes-succulentes","og_site_name":"Sunnyplants.com","article_publisher":"https:\/\/nl-nl.facebook.com\/pages\/category\/Internet-Company\/Sunnyplantscom-1835401900058481\/","article_modified_time":"2024-10-11T18:13:25+00:00","og_image":[{"width":900,"height":900,"url":"https:\/\/www.sunnyplants.com\/wp-content\/uploads\/cactus-succulent-soil-1.jpg","type":"image\/jpeg"}],"twitter_card":"summary_large_image","schema":{"@context":"https:\/\/schema.org","@graph":[{"@type":"WebPage","@id":"https:\/\/www.sunnyplants.com\/fr\/shop\/terreau-pour-cactus-et-plantes-succulentes","url":"https:\/\/www.sunnyplants.com\/fr\/shop\/terreau-pour-cactus-et-plantes-succulentes","name":"Terreau pour Cactus et plantes Succulentes (500 ml) - Sunnyplants.com","isPartOf":{"@id":"https:\/\/www.sunnyplants.com\/fr#website"},"primaryImageOfPage":{"@id":"https:\/\/www.sunnyplants.com\/fr\/shop\/terreau-pour-cactus-et-plantes-succulentes#primaryimage"},"image":{"@id":"https:\/\/www.sunnyplants.com\/fr\/shop\/terreau-pour-cactus-et-plantes-succulentes#primaryimage"},"thumbnailUrl":"https:\/\/www.sunnyplants.com\/wp-content\/uploads\/cactus-succulent-soil-1.jpg","datePublished":"2017-10-23T09:33:40+00:00","dateModified":"2024-10-11T18:13:25+00:00","description":"Il s'agit d'un m\u00e9lange de sol bien \u00e9quilibr\u00e9 et professionnel, en particulier pour les plantes succulentes et les cactus. Les composants sont tri\u00e9s sur le volet par nos soins. Nous m\u00e9langeons et utilisons ce sol pour nos propres plantes. Le sol a des valeurs de pH correctes et des capacit\u00e9s de drainage optimales. Il convient non seulement \u00e0 la plantation de succulentes, mais \u00e9galement \u00e0 la germination et au semis de graines de succulentes et \u00e0 l'enracinement de boutures de succulentes.","breadcrumb":{"@id":"https:\/\/www.sunnyplants.com\/fr\/shop\/terreau-pour-cactus-et-plantes-succulentes#breadcrumb"},"inLanguage":"fr-FR","potentialAction":[{"@type":"ReadAction","target":["https:\/\/www.sunnyplants.com\/fr\/shop\/terreau-pour-cactus-et-plantes-succulentes"]}]},{"@type":"ImageObject","inLanguage":"fr-FR","@id":"https:\/\/www.sunnyplants.com\/fr\/shop\/terreau-pour-cactus-et-plantes-succulentes#primaryimage","url":"https:\/\/www.sunnyplants.com\/wp-content\/uploads\/cactus-succulent-soil-1.jpg","contentUrl":"https:\/\/www.sunnyplants.com\/wp-content\/uploads\/cactus-succulent-soil-1.jpg","width":900,"height":900},{"@type":"BreadcrumbList","@id":"https:\/\/www.sunnyplants.com\/fr\/shop\/terreau-pour-cactus-et-plantes-succulentes#breadcrumb","itemListElement":[{"@type":"ListItem","position":1,"name":"Home","item":"https:\/\/www.sunnyplants.com\/fr\/sunnyplants-fr"},{"@type":"ListItem","position":2,"name":"Boutique","item":"https:\/\/www.sunnyplants.com\/fr\/boutique"},{"@type":"ListItem","position":3,"name":"Terreau pour Cactus et plantes Succulentes (500 ml)"}]},{"@type":"WebSite","@id":"https:\/\/www.sunnyplants.com\/fr#website","url":"https:\/\/www.sunnyplants.com\/fr","name":"Sunnyplants.com","description":"Lithops, Conophytums and other Mesembs &amp; Succulents","potentialAction":[{"@type":"SearchAction","target":{"@type":"EntryPoint","urlTemplate":"https:\/\/www.sunnyplants.com\/fr?s={search_term_string}"},"query-input":{"@type":"PropertyValueSpecification","valueRequired":true,"valueName":"search_term_string"}}],"inLanguage":"fr-FR"}]}},"jetpack_sharing_enabled":true,"_links":{"self":[{"href":"https:\/\/www.sunnyplants.com\/fr\/wp-json\/wp\/v2\/product\/11120","targetHints":{"allow":["GET"]}}],"collection":[{"href":"https:\/\/www.sunnyplants.com\/fr\/wp-json\/wp\/v2\/product"}],"about":[{"href":"https:\/\/www.sunnyplants.com\/fr\/wp-json\/wp\/v2\/types\/product"}],"replies":[{"embeddable":true,"href":"https:\/\/www.sunnyplants.com\/fr\/wp-json\/wp\/v2\/comments?post=11120"}],"wp:featuredmedia":[{"embeddable":true,"href":"https:\/\/www.sunnyplants.com\/fr\/wp-json\/wp\/v2\/media\/19150"}],"wp:attachment":[{"href":"https:\/\/www.sunnyplants.com\/fr\/wp-json\/wp\/v2\/media?parent=11120"}],"wp:term":[{"taxonomy":"product_brand","embeddable":true,"href":"https:\/\/www.sunnyplants.com\/fr\/wp-json\/wp\/v2\/product_brand?post=11120"},{"taxonomy":"product_cat","embeddable":true,"href":"https:\/\/www.sunnyplants.com\/fr\/wp-json\/wp\/v2\/product_cat?post=11120"},{"taxonomy":"product_tag","embeddable":true,"href":"https:\/\/www.sunnyplants.com\/fr\/wp-json\/wp\/v2\/product_tag?post=11120"}],"curies":[{"name":"wp","href":"https:\/\/api.w.org\/{rel}","templated":true}]}}