{"id":11128,"date":"2017-10-23T09:44:29","date_gmt":"2017-10-23T09:44:30","guid":{"rendered":"https:\/\/www.sunnyplants.com?post_type=product&#038;p=11128"},"modified":"2024-10-11T18:10:28","modified_gmt":"2024-10-11T18:10:28","slug":"terreau-pour-lithops-et-mesembs","status":"publish","type":"product","link":"https:\/\/www.sunnyplants.com\/fr\/shop\/terreau-pour-lithops-et-mesembs","title":{"rendered":"Terreau pour Lithops et Mesembs (500 ml)"},"content":{"rendered":"<p>Terreau professionnel Lithops et Mesembs (500 ml) \u00e0 vendre. Il se compose de nombreux composants tri\u00e9s sur le volet. Nous m\u00e9langeons et utilisons nous-m\u00eames cette terre.<\/p>\n","protected":false},"excerpt":{"rendered":"<p>Il s&rsquo;agit d&rsquo;un m\u00e9lange de sol bien \u00e9quilibr\u00e9 et professionnel, en particulier pour les Lithops et autres Mesembs. Les composants sont tri\u00e9s sur le volet par nos soins. Nous m\u00e9langeons et utilisons ce sol pour nos propres plantes. Le sol a des valeurs de pH correctes et des capacit\u00e9s de drainage optimales. Il convient non seulement \u00e0 la plantation de Lithops plus \u00e2g\u00e9s, mais \u00e9galement \u00e0 la germination et au semis de graines de Lithops.<\/p>\n","protected":false},"featured_media":19146,"comment_status":"open","ping_status":"closed","template":"","meta":[],"product_brand":[],"product_cat":[1362,1701,1365],"product_tag":[],"class_list":{"0":"post-11128","1":"product","2":"type-product","3":"status-publish","4":"has-post-thumbnail","6":"product_cat-accessoires","7":"product_cat-mini-succulentes","8":"product_cat-terreaux-nutrition","9":"product_shipping_class-soil-fr","10":"pa_quantity-500-ml-fr","12":"first","13":"instock","14":"taxable","15":"shipping-taxable","16":"purchasable","17":"product-type-simple"},"yoast_head":"<!-- This site is optimized with the Yoast SEO plugin v27.5 - https:\/\/yoast.com\/product\/yoast-seo-wordpress\/ -->\n<title>Terreau pour Lithops et Mesembs (500 ml) - Sunnyplants.com<\/title>\n<meta name=\"description\" content=\"Il s&#039;agit d&#039;un m\u00e9lange de sol bien \u00e9quilibr\u00e9 et professionnel, en particulier pour les Lithops et autres Mesembs. Les composants sont tri\u00e9s sur le volet par nos soins. Nous m\u00e9langeons et utilisons ce sol pour nos propres plantes. Le sol a des valeurs de pH correctes et des capacit\u00e9s de drainage optimales. Il convient non seulement \u00e0 la plantation de Lithops plus \u00e2g\u00e9s, mais \u00e9galement \u00e0 la germination et au semis de graines de Lithops.\" \/>\n<meta name=\"robots\" content=\"index, follow, max-snippet:-1, max-image-preview:large, max-video-preview:-1\" \/>\n<link rel=\"canonical\" href=\"https:\/\/www.sunnyplants.com\/fr\/shop\/terreau-pour-lithops-et-mesembs\" \/>\n<meta property=\"og:locale\" content=\"fr_FR\" \/>\n<meta property=\"og:type\" content=\"article\" \/>\n<meta property=\"og:title\" content=\"Terreau pour Lithops et Mesembs (500 ml) - Sunnyplants.com\" \/>\n<meta property=\"og:description\" content=\"Il s&#039;agit d&#039;un m\u00e9lange de sol bien \u00e9quilibr\u00e9 et professionnel, en particulier pour les Lithops et autres Mesembs. Les composants sont tri\u00e9s sur le volet par nos soins. Nous m\u00e9langeons et utilisons ce sol pour nos propres plantes. Le sol a des valeurs de pH correctes et des capacit\u00e9s de drainage optimales. Il convient non seulement \u00e0 la plantation de Lithops plus \u00e2g\u00e9s, mais \u00e9galement \u00e0 la germination et au semis de graines de Lithops.\" \/>\n<meta property=\"og:url\" content=\"https:\/\/www.sunnyplants.com\/fr\/shop\/terreau-pour-lithops-et-mesembs\" \/>\n<meta property=\"og:site_name\" content=\"Sunnyplants.com\" \/>\n<meta property=\"article:publisher\" content=\"https:\/\/nl-nl.facebook.com\/pages\/category\/Internet-Company\/Sunnyplantscom-1835401900058481\/\" \/>\n<meta property=\"article:modified_time\" content=\"2024-10-11T18:10:28+00:00\" \/>\n<meta property=\"og:image\" content=\"https:\/\/www.sunnyplants.com\/wp-content\/uploads\/lithops-mesembs-soil-2.jpg\" \/>\n\t<meta property=\"og:image:width\" content=\"900\" \/>\n\t<meta property=\"og:image:height\" content=\"900\" \/>\n\t<meta property=\"og:image:type\" content=\"image\/jpeg\" \/>\n<meta name=\"twitter:card\" content=\"summary_large_image\" \/>\n<script type=\"application\/ld+json\" class=\"yoast-schema-graph\">{\"@context\":\"https:\\\/\\\/schema.org\",\"@graph\":[{\"@type\":\"WebPage\",\"@id\":\"https:\\\/\\\/www.sunnyplants.com\\\/fr\\\/shop\\\/terreau-pour-lithops-et-mesembs\",\"url\":\"https:\\\/\\\/www.sunnyplants.com\\\/fr\\\/shop\\\/terreau-pour-lithops-et-mesembs\",\"name\":\"Terreau pour Lithops et Mesembs (500 ml) - Sunnyplants.com\",\"isPartOf\":{\"@id\":\"https:\\\/\\\/www.sunnyplants.com\\\/fr#website\"},\"primaryImageOfPage\":{\"@id\":\"https:\\\/\\\/www.sunnyplants.com\\\/fr\\\/shop\\\/terreau-pour-lithops-et-mesembs#primaryimage\"},\"image\":{\"@id\":\"https:\\\/\\\/www.sunnyplants.com\\\/fr\\\/shop\\\/terreau-pour-lithops-et-mesembs#primaryimage\"},\"thumbnailUrl\":\"https:\\\/\\\/www.sunnyplants.com\\\/wp-content\\\/uploads\\\/lithops-mesembs-soil-2.jpg\",\"datePublished\":\"2017-10-23T09:44:30+00:00\",\"dateModified\":\"2024-10-11T18:10:28+00:00\",\"description\":\"Il s'agit d'un m\u00e9lange de sol bien \u00e9quilibr\u00e9 et professionnel, en particulier pour les Lithops et autres Mesembs. Les composants sont tri\u00e9s sur le volet par nos soins. Nous m\u00e9langeons et utilisons ce sol pour nos propres plantes. Le sol a des valeurs de pH correctes et des capacit\u00e9s de drainage optimales. Il convient non seulement \u00e0 la plantation de Lithops plus \u00e2g\u00e9s, mais \u00e9galement \u00e0 la germination et au semis de graines de Lithops.\",\"breadcrumb\":{\"@id\":\"https:\\\/\\\/www.sunnyplants.com\\\/fr\\\/shop\\\/terreau-pour-lithops-et-mesembs#breadcrumb\"},\"inLanguage\":\"fr-FR\",\"potentialAction\":[{\"@type\":\"ReadAction\",\"target\":[\"https:\\\/\\\/www.sunnyplants.com\\\/fr\\\/shop\\\/terreau-pour-lithops-et-mesembs\"]}]},{\"@type\":\"ImageObject\",\"inLanguage\":\"fr-FR\",\"@id\":\"https:\\\/\\\/www.sunnyplants.com\\\/fr\\\/shop\\\/terreau-pour-lithops-et-mesembs#primaryimage\",\"url\":\"https:\\\/\\\/www.sunnyplants.com\\\/wp-content\\\/uploads\\\/lithops-mesembs-soil-2.jpg\",\"contentUrl\":\"https:\\\/\\\/www.sunnyplants.com\\\/wp-content\\\/uploads\\\/lithops-mesembs-soil-2.jpg\",\"width\":900,\"height\":900},{\"@type\":\"BreadcrumbList\",\"@id\":\"https:\\\/\\\/www.sunnyplants.com\\\/fr\\\/shop\\\/terreau-pour-lithops-et-mesembs#breadcrumb\",\"itemListElement\":[{\"@type\":\"ListItem\",\"position\":1,\"name\":\"Home\",\"item\":\"https:\\\/\\\/www.sunnyplants.com\\\/fr\\\/sunnyplants-fr\"},{\"@type\":\"ListItem\",\"position\":2,\"name\":\"Boutique\",\"item\":\"https:\\\/\\\/www.sunnyplants.com\\\/fr\\\/boutique\"},{\"@type\":\"ListItem\",\"position\":3,\"name\":\"Terreau pour Lithops et Mesembs (500 ml)\"}]},{\"@type\":\"WebSite\",\"@id\":\"https:\\\/\\\/www.sunnyplants.com\\\/fr#website\",\"url\":\"https:\\\/\\\/www.sunnyplants.com\\\/fr\",\"name\":\"Sunnyplants.com\",\"description\":\"Lithops, Conophytums and other Mesembs &amp; Succulents\",\"potentialAction\":[{\"@type\":\"SearchAction\",\"target\":{\"@type\":\"EntryPoint\",\"urlTemplate\":\"https:\\\/\\\/www.sunnyplants.com\\\/fr?s={search_term_string}\"},\"query-input\":{\"@type\":\"PropertyValueSpecification\",\"valueRequired\":true,\"valueName\":\"search_term_string\"}}],\"inLanguage\":\"fr-FR\"}]}<\/script>\n<!-- \/ Yoast SEO plugin. -->","yoast_head_json":{"title":"Terreau pour Lithops et Mesembs (500 ml) - Sunnyplants.com","description":"Il s'agit d'un m\u00e9lange de sol bien \u00e9quilibr\u00e9 et professionnel, en particulier pour les Lithops et autres Mesembs. Les composants sont tri\u00e9s sur le volet par nos soins. Nous m\u00e9langeons et utilisons ce sol pour nos propres plantes. Le sol a des valeurs de pH correctes et des capacit\u00e9s de drainage optimales. Il convient non seulement \u00e0 la plantation de Lithops plus \u00e2g\u00e9s, mais \u00e9galement \u00e0 la germination et au semis de graines de Lithops.","robots":{"index":"index","follow":"follow","max-snippet":"max-snippet:-1","max-image-preview":"max-image-preview:large","max-video-preview":"max-video-preview:-1"},"canonical":"https:\/\/www.sunnyplants.com\/fr\/shop\/terreau-pour-lithops-et-mesembs","og_locale":"fr_FR","og_type":"article","og_title":"Terreau pour Lithops et Mesembs (500 ml) - Sunnyplants.com","og_description":"Il s'agit d'un m\u00e9lange de sol bien \u00e9quilibr\u00e9 et professionnel, en particulier pour les Lithops et autres Mesembs. Les composants sont tri\u00e9s sur le volet par nos soins. Nous m\u00e9langeons et utilisons ce sol pour nos propres plantes. Le sol a des valeurs de pH correctes et des capacit\u00e9s de drainage optimales. Il convient non seulement \u00e0 la plantation de Lithops plus \u00e2g\u00e9s, mais \u00e9galement \u00e0 la germination et au semis de graines de Lithops.","og_url":"https:\/\/www.sunnyplants.com\/fr\/shop\/terreau-pour-lithops-et-mesembs","og_site_name":"Sunnyplants.com","article_publisher":"https:\/\/nl-nl.facebook.com\/pages\/category\/Internet-Company\/Sunnyplantscom-1835401900058481\/","article_modified_time":"2024-10-11T18:10:28+00:00","og_image":[{"width":900,"height":900,"url":"https:\/\/www.sunnyplants.com\/wp-content\/uploads\/lithops-mesembs-soil-2.jpg","type":"image\/jpeg"}],"twitter_card":"summary_large_image","schema":{"@context":"https:\/\/schema.org","@graph":[{"@type":"WebPage","@id":"https:\/\/www.sunnyplants.com\/fr\/shop\/terreau-pour-lithops-et-mesembs","url":"https:\/\/www.sunnyplants.com\/fr\/shop\/terreau-pour-lithops-et-mesembs","name":"Terreau pour Lithops et Mesembs (500 ml) - Sunnyplants.com","isPartOf":{"@id":"https:\/\/www.sunnyplants.com\/fr#website"},"primaryImageOfPage":{"@id":"https:\/\/www.sunnyplants.com\/fr\/shop\/terreau-pour-lithops-et-mesembs#primaryimage"},"image":{"@id":"https:\/\/www.sunnyplants.com\/fr\/shop\/terreau-pour-lithops-et-mesembs#primaryimage"},"thumbnailUrl":"https:\/\/www.sunnyplants.com\/wp-content\/uploads\/lithops-mesembs-soil-2.jpg","datePublished":"2017-10-23T09:44:30+00:00","dateModified":"2024-10-11T18:10:28+00:00","description":"Il s'agit d'un m\u00e9lange de sol bien \u00e9quilibr\u00e9 et professionnel, en particulier pour les Lithops et autres Mesembs. Les composants sont tri\u00e9s sur le volet par nos soins. Nous m\u00e9langeons et utilisons ce sol pour nos propres plantes. Le sol a des valeurs de pH correctes et des capacit\u00e9s de drainage optimales. Il convient non seulement \u00e0 la plantation de Lithops plus \u00e2g\u00e9s, mais \u00e9galement \u00e0 la germination et au semis de graines de Lithops.","breadcrumb":{"@id":"https:\/\/www.sunnyplants.com\/fr\/shop\/terreau-pour-lithops-et-mesembs#breadcrumb"},"inLanguage":"fr-FR","potentialAction":[{"@type":"ReadAction","target":["https:\/\/www.sunnyplants.com\/fr\/shop\/terreau-pour-lithops-et-mesembs"]}]},{"@type":"ImageObject","inLanguage":"fr-FR","@id":"https:\/\/www.sunnyplants.com\/fr\/shop\/terreau-pour-lithops-et-mesembs#primaryimage","url":"https:\/\/www.sunnyplants.com\/wp-content\/uploads\/lithops-mesembs-soil-2.jpg","contentUrl":"https:\/\/www.sunnyplants.com\/wp-content\/uploads\/lithops-mesembs-soil-2.jpg","width":900,"height":900},{"@type":"BreadcrumbList","@id":"https:\/\/www.sunnyplants.com\/fr\/shop\/terreau-pour-lithops-et-mesembs#breadcrumb","itemListElement":[{"@type":"ListItem","position":1,"name":"Home","item":"https:\/\/www.sunnyplants.com\/fr\/sunnyplants-fr"},{"@type":"ListItem","position":2,"name":"Boutique","item":"https:\/\/www.sunnyplants.com\/fr\/boutique"},{"@type":"ListItem","position":3,"name":"Terreau pour Lithops et Mesembs (500 ml)"}]},{"@type":"WebSite","@id":"https:\/\/www.sunnyplants.com\/fr#website","url":"https:\/\/www.sunnyplants.com\/fr","name":"Sunnyplants.com","description":"Lithops, Conophytums and other Mesembs &amp; Succulents","potentialAction":[{"@type":"SearchAction","target":{"@type":"EntryPoint","urlTemplate":"https:\/\/www.sunnyplants.com\/fr?s={search_term_string}"},"query-input":{"@type":"PropertyValueSpecification","valueRequired":true,"valueName":"search_term_string"}}],"inLanguage":"fr-FR"}]}},"jetpack_sharing_enabled":true,"_links":{"self":[{"href":"https:\/\/www.sunnyplants.com\/fr\/wp-json\/wp\/v2\/product\/11128","targetHints":{"allow":["GET"]}}],"collection":[{"href":"https:\/\/www.sunnyplants.com\/fr\/wp-json\/wp\/v2\/product"}],"about":[{"href":"https:\/\/www.sunnyplants.com\/fr\/wp-json\/wp\/v2\/types\/product"}],"replies":[{"embeddable":true,"href":"https:\/\/www.sunnyplants.com\/fr\/wp-json\/wp\/v2\/comments?post=11128"}],"wp:featuredmedia":[{"embeddable":true,"href":"https:\/\/www.sunnyplants.com\/fr\/wp-json\/wp\/v2\/media\/19146"}],"wp:attachment":[{"href":"https:\/\/www.sunnyplants.com\/fr\/wp-json\/wp\/v2\/media?parent=11128"}],"wp:term":[{"taxonomy":"product_brand","embeddable":true,"href":"https:\/\/www.sunnyplants.com\/fr\/wp-json\/wp\/v2\/product_brand?post=11128"},{"taxonomy":"product_cat","embeddable":true,"href":"https:\/\/www.sunnyplants.com\/fr\/wp-json\/wp\/v2\/product_cat?post=11128"},{"taxonomy":"product_tag","embeddable":true,"href":"https:\/\/www.sunnyplants.com\/fr\/wp-json\/wp\/v2\/product_tag?post=11128"}],"curies":[{"name":"wp","href":"https:\/\/api.w.org\/{rel}","templated":true}]}}