{"id":13054,"date":"2018-01-10T16:45:38","date_gmt":"2018-01-10T16:45:39","guid":{"rendered":"https:\/\/www.sunnyplants.com?post_type=product&#038;p=13054"},"modified":"2024-03-06T16:25:15","modified_gmt":"2024-03-06T16:25:15","slug":"mini-pot-cactus-succulentes","status":"publish","type":"product","link":"https:\/\/www.sunnyplants.com\/fr\/shop\/mini-pot-cactus-succulentes","title":{"rendered":"Mini Pot Cactus &amp; Succulentes"},"content":{"rendered":"<p>Petit pot adapt\u00e9 aux cact\u00e9es et plantes succulentes. Ce Mini Cactus &amp; Succulent Pot est fait de plastique dur et de bonne qualit\u00e9. Les trous de drainage sont petits. Cela emp\u00eache les m\u00e9langes de sols Cactus &amp; Succulent de passer au crible \u00e0 sec. Ces pots ont une taille de 5 x 5 x 4,6 cm (longueur x largeur x hauteur). Les cactus et les plantes succulentes pr\u00e9f\u00e8rent les petits contenants car ils s&rsquo;ass\u00e8chent plus rapidement entre les arrosages. Les pots peuvent \u00eatre nettoy\u00e9s facilement avec de l&rsquo;eau et r\u00e9utilis\u00e9s.<\/p>\n","protected":false},"excerpt":{"rendered":"<p>Mini pots Cactus &amp; Succulentes de qualit\u00e9 durable. Taille: 5 x 5 x 4,6 cm (longueur x largeur x hauteur)<\/p>\n","protected":false},"featured_media":13058,"comment_status":"open","ping_status":"closed","template":"","meta":[],"product_brand":[],"product_cat":[1362,1701,1545],"product_tag":[],"class_list":{"0":"post-13054","1":"product","2":"type-product","3":"status-publish","4":"has-post-thumbnail","6":"product_cat-accessoires","7":"product_cat-mini-succulentes","8":"product_cat-cactus-succulentes-pots","9":"product_shipping_class-plants-collections-fr","10":"pa_quantity-1-pot-fr","11":"pa_size-5-x-5-x-46-cm-fr","13":"first","14":"outofstock","15":"taxable","16":"shipping-taxable","17":"purchasable","18":"product-type-simple"},"yoast_head":"<!-- This site is optimized with the Yoast SEO plugin v27.4 - https:\/\/yoast.com\/product\/yoast-seo-wordpress\/ -->\n<title>Mini Pot Cactus &amp; Succulentes - Sunnyplants.com<\/title>\n<meta name=\"description\" content=\"Mini pots Cactus &amp; Succulentes de qualit\u00e9 durable. Taille: 5 x 5 x 4,6 cm (longueur x largeur x hauteur)\" \/>\n<meta name=\"robots\" content=\"index, follow, max-snippet:-1, max-image-preview:large, max-video-preview:-1\" \/>\n<link rel=\"canonical\" href=\"https:\/\/www.sunnyplants.com\/fr\/shop\/mini-pot-cactus-succulentes\" \/>\n<meta property=\"og:locale\" content=\"fr_FR\" \/>\n<meta property=\"og:type\" content=\"article\" \/>\n<meta property=\"og:title\" content=\"Mini Pot Cactus &amp; Succulentes - Sunnyplants.com\" \/>\n<meta property=\"og:description\" content=\"Mini pots Cactus &amp; Succulentes de qualit\u00e9 durable. Taille: 5 x 5 x 4,6 cm (longueur x largeur x hauteur)\" \/>\n<meta property=\"og:url\" content=\"https:\/\/www.sunnyplants.com\/fr\/shop\/mini-pot-cactus-succulentes\" \/>\n<meta property=\"og:site_name\" content=\"Sunnyplants.com\" \/>\n<meta property=\"article:publisher\" content=\"https:\/\/nl-nl.facebook.com\/pages\/category\/Internet-Company\/Sunnyplantscom-1835401900058481\/\" \/>\n<meta property=\"article:modified_time\" content=\"2024-03-06T16:25:15+00:00\" \/>\n<meta property=\"og:image\" content=\"https:\/\/www.sunnyplants.com\/wp-content\/uploads\/mini-cactus-succulent-container.jpg\" \/>\n\t<meta property=\"og:image:width\" content=\"900\" \/>\n\t<meta property=\"og:image:height\" content=\"900\" \/>\n\t<meta property=\"og:image:type\" content=\"image\/jpeg\" \/>\n<meta name=\"twitter:card\" content=\"summary_large_image\" \/>\n<script type=\"application\/ld+json\" class=\"yoast-schema-graph\">{\"@context\":\"https:\\\/\\\/schema.org\",\"@graph\":[{\"@type\":\"WebPage\",\"@id\":\"https:\\\/\\\/www.sunnyplants.com\\\/fr\\\/shop\\\/mini-pot-cactus-succulentes\",\"url\":\"https:\\\/\\\/www.sunnyplants.com\\\/fr\\\/shop\\\/mini-pot-cactus-succulentes\",\"name\":\"Mini Pot Cactus &amp; Succulentes - Sunnyplants.com\",\"isPartOf\":{\"@id\":\"https:\\\/\\\/www.sunnyplants.com\\\/fr#website\"},\"primaryImageOfPage\":{\"@id\":\"https:\\\/\\\/www.sunnyplants.com\\\/fr\\\/shop\\\/mini-pot-cactus-succulentes#primaryimage\"},\"image\":{\"@id\":\"https:\\\/\\\/www.sunnyplants.com\\\/fr\\\/shop\\\/mini-pot-cactus-succulentes#primaryimage\"},\"thumbnailUrl\":\"https:\\\/\\\/www.sunnyplants.com\\\/wp-content\\\/uploads\\\/mini-cactus-succulent-container.jpg\",\"datePublished\":\"2018-01-10T16:45:39+00:00\",\"dateModified\":\"2024-03-06T16:25:15+00:00\",\"description\":\"Mini pots Cactus &amp; Succulentes de qualit\u00e9 durable. Taille: 5 x 5 x 4,6 cm (longueur x largeur x hauteur)\",\"breadcrumb\":{\"@id\":\"https:\\\/\\\/www.sunnyplants.com\\\/fr\\\/shop\\\/mini-pot-cactus-succulentes#breadcrumb\"},\"inLanguage\":\"fr-FR\",\"potentialAction\":[{\"@type\":\"ReadAction\",\"target\":[\"https:\\\/\\\/www.sunnyplants.com\\\/fr\\\/shop\\\/mini-pot-cactus-succulentes\"]}]},{\"@type\":\"ImageObject\",\"inLanguage\":\"fr-FR\",\"@id\":\"https:\\\/\\\/www.sunnyplants.com\\\/fr\\\/shop\\\/mini-pot-cactus-succulentes#primaryimage\",\"url\":\"https:\\\/\\\/www.sunnyplants.com\\\/wp-content\\\/uploads\\\/mini-cactus-succulent-container.jpg\",\"contentUrl\":\"https:\\\/\\\/www.sunnyplants.com\\\/wp-content\\\/uploads\\\/mini-cactus-succulent-container.jpg\",\"width\":900,\"height\":900},{\"@type\":\"BreadcrumbList\",\"@id\":\"https:\\\/\\\/www.sunnyplants.com\\\/fr\\\/shop\\\/mini-pot-cactus-succulentes#breadcrumb\",\"itemListElement\":[{\"@type\":\"ListItem\",\"position\":1,\"name\":\"Home\",\"item\":\"https:\\\/\\\/www.sunnyplants.com\\\/fr\\\/sunnyplants-fr\"},{\"@type\":\"ListItem\",\"position\":2,\"name\":\"Boutique\",\"item\":\"https:\\\/\\\/www.sunnyplants.com\\\/fr\\\/boutique\"},{\"@type\":\"ListItem\",\"position\":3,\"name\":\"Mini Pot Cactus &amp; Succulentes\"}]},{\"@type\":\"WebSite\",\"@id\":\"https:\\\/\\\/www.sunnyplants.com\\\/fr#website\",\"url\":\"https:\\\/\\\/www.sunnyplants.com\\\/fr\",\"name\":\"Sunnyplants.com\",\"description\":\"Lithops, Conophytums and other Mesembs &amp; Succulents\",\"potentialAction\":[{\"@type\":\"SearchAction\",\"target\":{\"@type\":\"EntryPoint\",\"urlTemplate\":\"https:\\\/\\\/www.sunnyplants.com\\\/fr?s={search_term_string}\"},\"query-input\":{\"@type\":\"PropertyValueSpecification\",\"valueRequired\":true,\"valueName\":\"search_term_string\"}}],\"inLanguage\":\"fr-FR\"}]}<\/script>\n<!-- \/ Yoast SEO plugin. -->","yoast_head_json":{"title":"Mini Pot Cactus &amp; Succulentes - Sunnyplants.com","description":"Mini pots Cactus &amp; Succulentes de qualit\u00e9 durable. Taille: 5 x 5 x 4,6 cm (longueur x largeur x hauteur)","robots":{"index":"index","follow":"follow","max-snippet":"max-snippet:-1","max-image-preview":"max-image-preview:large","max-video-preview":"max-video-preview:-1"},"canonical":"https:\/\/www.sunnyplants.com\/fr\/shop\/mini-pot-cactus-succulentes","og_locale":"fr_FR","og_type":"article","og_title":"Mini Pot Cactus &amp; Succulentes - Sunnyplants.com","og_description":"Mini pots Cactus &amp; Succulentes de qualit\u00e9 durable. Taille: 5 x 5 x 4,6 cm (longueur x largeur x hauteur)","og_url":"https:\/\/www.sunnyplants.com\/fr\/shop\/mini-pot-cactus-succulentes","og_site_name":"Sunnyplants.com","article_publisher":"https:\/\/nl-nl.facebook.com\/pages\/category\/Internet-Company\/Sunnyplantscom-1835401900058481\/","article_modified_time":"2024-03-06T16:25:15+00:00","og_image":[{"width":900,"height":900,"url":"https:\/\/www.sunnyplants.com\/wp-content\/uploads\/mini-cactus-succulent-container.jpg","type":"image\/jpeg"}],"twitter_card":"summary_large_image","schema":{"@context":"https:\/\/schema.org","@graph":[{"@type":"WebPage","@id":"https:\/\/www.sunnyplants.com\/fr\/shop\/mini-pot-cactus-succulentes","url":"https:\/\/www.sunnyplants.com\/fr\/shop\/mini-pot-cactus-succulentes","name":"Mini Pot Cactus &amp; Succulentes - Sunnyplants.com","isPartOf":{"@id":"https:\/\/www.sunnyplants.com\/fr#website"},"primaryImageOfPage":{"@id":"https:\/\/www.sunnyplants.com\/fr\/shop\/mini-pot-cactus-succulentes#primaryimage"},"image":{"@id":"https:\/\/www.sunnyplants.com\/fr\/shop\/mini-pot-cactus-succulentes#primaryimage"},"thumbnailUrl":"https:\/\/www.sunnyplants.com\/wp-content\/uploads\/mini-cactus-succulent-container.jpg","datePublished":"2018-01-10T16:45:39+00:00","dateModified":"2024-03-06T16:25:15+00:00","description":"Mini pots Cactus &amp; Succulentes de qualit\u00e9 durable. Taille: 5 x 5 x 4,6 cm (longueur x largeur x hauteur)","breadcrumb":{"@id":"https:\/\/www.sunnyplants.com\/fr\/shop\/mini-pot-cactus-succulentes#breadcrumb"},"inLanguage":"fr-FR","potentialAction":[{"@type":"ReadAction","target":["https:\/\/www.sunnyplants.com\/fr\/shop\/mini-pot-cactus-succulentes"]}]},{"@type":"ImageObject","inLanguage":"fr-FR","@id":"https:\/\/www.sunnyplants.com\/fr\/shop\/mini-pot-cactus-succulentes#primaryimage","url":"https:\/\/www.sunnyplants.com\/wp-content\/uploads\/mini-cactus-succulent-container.jpg","contentUrl":"https:\/\/www.sunnyplants.com\/wp-content\/uploads\/mini-cactus-succulent-container.jpg","width":900,"height":900},{"@type":"BreadcrumbList","@id":"https:\/\/www.sunnyplants.com\/fr\/shop\/mini-pot-cactus-succulentes#breadcrumb","itemListElement":[{"@type":"ListItem","position":1,"name":"Home","item":"https:\/\/www.sunnyplants.com\/fr\/sunnyplants-fr"},{"@type":"ListItem","position":2,"name":"Boutique","item":"https:\/\/www.sunnyplants.com\/fr\/boutique"},{"@type":"ListItem","position":3,"name":"Mini Pot Cactus &amp; Succulentes"}]},{"@type":"WebSite","@id":"https:\/\/www.sunnyplants.com\/fr#website","url":"https:\/\/www.sunnyplants.com\/fr","name":"Sunnyplants.com","description":"Lithops, Conophytums and other Mesembs &amp; Succulents","potentialAction":[{"@type":"SearchAction","target":{"@type":"EntryPoint","urlTemplate":"https:\/\/www.sunnyplants.com\/fr?s={search_term_string}"},"query-input":{"@type":"PropertyValueSpecification","valueRequired":true,"valueName":"search_term_string"}}],"inLanguage":"fr-FR"}]}},"jetpack_sharing_enabled":true,"_links":{"self":[{"href":"https:\/\/www.sunnyplants.com\/fr\/wp-json\/wp\/v2\/product\/13054","targetHints":{"allow":["GET"]}}],"collection":[{"href":"https:\/\/www.sunnyplants.com\/fr\/wp-json\/wp\/v2\/product"}],"about":[{"href":"https:\/\/www.sunnyplants.com\/fr\/wp-json\/wp\/v2\/types\/product"}],"replies":[{"embeddable":true,"href":"https:\/\/www.sunnyplants.com\/fr\/wp-json\/wp\/v2\/comments?post=13054"}],"wp:featuredmedia":[{"embeddable":true,"href":"https:\/\/www.sunnyplants.com\/fr\/wp-json\/wp\/v2\/media\/13058"}],"wp:attachment":[{"href":"https:\/\/www.sunnyplants.com\/fr\/wp-json\/wp\/v2\/media?parent=13054"}],"wp:term":[{"taxonomy":"product_brand","embeddable":true,"href":"https:\/\/www.sunnyplants.com\/fr\/wp-json\/wp\/v2\/product_brand?post=13054"},{"taxonomy":"product_cat","embeddable":true,"href":"https:\/\/www.sunnyplants.com\/fr\/wp-json\/wp\/v2\/product_cat?post=13054"},{"taxonomy":"product_tag","embeddable":true,"href":"https:\/\/www.sunnyplants.com\/fr\/wp-json\/wp\/v2\/product_tag?post=13054"}],"curies":[{"name":"wp","href":"https:\/\/api.w.org\/{rel}","templated":true}]}}