{"id":13378,"date":"2024-10-24T18:42:53","date_gmt":"2018-03-03T18:42:54","guid":{"rendered":"https:\/\/www.sunnyplants.com?post_type=product&#038;p=13378"},"modified":"2025-01-31T07:31:14","modified_gmt":"2025-01-31T07:31:14","slug":"callisia-repens-variegata-boutures","status":"publish","type":"product","link":"https:\/\/www.sunnyplants.com\/fr\/shop\/callisia-repens-variegata-boutures","title":{"rendered":"Callisia repens variegata &#8211; Boutures"},"content":{"rendered":"<p>Callisia repens variagata aime la lumi\u00e8re filtr\u00e9e brillante et les temp\u00e9ratures sup\u00e9rieures \u00e0 15 \u00b0 C. Donnez de l&rsquo;eau chaque semaine ou deux fois par semaine lorsque le sol s\u00e8che plus t\u00f4t. Vous pouvez utiliser un m\u00e9lange de terreau ordinaire ou de la sphaigne de tourbe pour planter Callisia.<\/p>\n<h3>Pots Succulentes pour vos plantes Callisia repens variegata<\/h3>\n<p>Il y a tellement de pots de Succulentes disponibles en ligne qui pourraient convenir \u00e0 vos Callisia. Pots en C\u00e9ramique, pots en Pierre, pots en B\u00e9ton, pots Callisia repens variegata en Verre et pots en Bois. Il existe une grande s\u00e9lection de toutes sortes de <strong><a href=\"https:\/\/amzn.to\/38LwqLI\" target=\"_blank\" rel=\"noopener\">Pots Succulentes sur Amazon.fr<\/a><\/strong>.<\/p>\n<h3>Lampes de Culture Succulentes pour vos Plantes Callisia repens variegata<\/h3>\n<p>Toutes les Succulentes ont besoin d&rsquo;une lumi\u00e8re vive pour bien pousser. Ils resteront plus compacts et obtiendront des couleurs plus vives. Un bon \u00e9clairage est \u00e9galement important pour la sant\u00e9 des plantes et pour la photosynth\u00e8se. Dans une serre ou sur un rebord de fen\u00eatre orient\u00e9 au sud, ce n&rsquo;est g\u00e9n\u00e9ralement pas un probl\u00e8me. Si vous ne pouvez pas offrir une lumi\u00e8re vive pour votre plantes Callisia repens variegata, nous vous recommandons d&rsquo;utiliser des lampes de culture Succulentes. Il existe une grande s\u00e9lection de diff\u00e9rents types de <strong><a href=\"https:\/\/amzn.to\/3vTyBVu\" target=\"_blank\" rel=\"noopener\">Lampes de Culture Succulentes sur Amazon.fr<\/a><\/strong>.<\/p>\n","protected":false},"excerpt":{"rendered":"<p>Plantes roses mignonnes de Callisia \u00e0 vendre. La taille est d&rsquo;environ 4-6 cm. Nous en avons envoy\u00e9 des plus gros si disponibles. Callisia repens variegata est aussi appel\u00e9e Callisia Rosato ou Callisia Pink Lady.<\/p>\n","protected":false},"featured_media":13382,"comment_status":"open","ping_status":"closed","template":"","meta":[],"product_brand":[],"product_cat":[279,1577,329,233,1834],"product_tag":[842,855,832],"class_list":{"0":"post-13378","1":"product","2":"type-product","3":"status-publish","4":"has-post-thumbnail","6":"product_cat-boutures","7":"product_cat-boutures-callisia","8":"product_cat-boutures-succulentes","9":"product_cat-plantes","10":"product_cat-plantes-tropicales","11":"product_tag-boutures","12":"product_tag-boutures-de-tiges","13":"product_tag-plantes-dinterieur","14":"product_shipping_class-plants-collections-fr","15":"pa_family-commeliaceae-fr","16":"pa_leaf-color-rose","17":"pa_product-type-boutures-de-tiges","18":"pa_quantity-1-plante","19":"pa_size-4-6-cm-fr","21":"first","22":"outofstock","23":"taxable","24":"shipping-taxable","25":"purchasable","26":"product-type-simple"},"yoast_head":"<!-- This site is optimized with the Yoast SEO plugin v27.4 - https:\/\/yoast.com\/product\/yoast-seo-wordpress\/ -->\n<title>Callisia repens variegata - Boutures - Sunnyplants.com<\/title>\n<meta name=\"description\" content=\"Plantes roses mignonnes de Callisia \u00e0 vendre. La taille est d&#039;environ 4-6 cm. Nous en avons envoy\u00e9 des plus gros si disponibles. Callisia repens variegata est aussi appel\u00e9e Callisia Rosato ou Callisia Pink Lady.\" \/>\n<meta name=\"robots\" content=\"index, follow, max-snippet:-1, max-image-preview:large, max-video-preview:-1\" \/>\n<link rel=\"canonical\" href=\"https:\/\/www.sunnyplants.com\/fr\/shop\/callisia-repens-variegata-boutures\" \/>\n<meta property=\"og:locale\" content=\"fr_FR\" \/>\n<meta property=\"og:type\" content=\"article\" \/>\n<meta property=\"og:title\" content=\"Callisia repens variegata - Boutures - Sunnyplants.com\" \/>\n<meta property=\"og:description\" content=\"Plantes roses mignonnes de Callisia \u00e0 vendre. La taille est d&#039;environ 4-6 cm. Nous en avons envoy\u00e9 des plus gros si disponibles. Callisia repens variegata est aussi appel\u00e9e Callisia Rosato ou Callisia Pink Lady.\" \/>\n<meta property=\"og:url\" content=\"https:\/\/www.sunnyplants.com\/fr\/shop\/callisia-repens-variegata-boutures\" \/>\n<meta property=\"og:site_name\" content=\"Sunnyplants.com\" \/>\n<meta property=\"article:publisher\" content=\"https:\/\/nl-nl.facebook.com\/pages\/category\/Internet-Company\/Sunnyplantscom-1835401900058481\/\" \/>\n<meta property=\"article:modified_time\" content=\"2025-01-31T07:31:14+00:00\" \/>\n<meta property=\"og:image\" content=\"https:\/\/www.sunnyplants.com\/wp-content\/uploads\/callisia-repens-variegata.jpg\" \/>\n\t<meta property=\"og:image:width\" content=\"900\" \/>\n\t<meta property=\"og:image:height\" content=\"900\" \/>\n\t<meta property=\"og:image:type\" content=\"image\/jpeg\" \/>\n<meta name=\"twitter:card\" content=\"summary_large_image\" \/>\n<meta name=\"twitter:label1\" content=\"Dur\u00e9e de lecture estim\u00e9e\" \/>\n\t<meta name=\"twitter:data1\" content=\"1 minute\" \/>\n<script type=\"application\/ld+json\" class=\"yoast-schema-graph\">{\"@context\":\"https:\\\/\\\/schema.org\",\"@graph\":[{\"@type\":\"WebPage\",\"@id\":\"https:\\\/\\\/www.sunnyplants.com\\\/fr\\\/shop\\\/callisia-repens-variegata-boutures\",\"url\":\"https:\\\/\\\/www.sunnyplants.com\\\/fr\\\/shop\\\/callisia-repens-variegata-boutures\",\"name\":\"Callisia repens variegata - Boutures - Sunnyplants.com\",\"isPartOf\":{\"@id\":\"https:\\\/\\\/www.sunnyplants.com\\\/fr#website\"},\"primaryImageOfPage\":{\"@id\":\"https:\\\/\\\/www.sunnyplants.com\\\/fr\\\/shop\\\/callisia-repens-variegata-boutures#primaryimage\"},\"image\":{\"@id\":\"https:\\\/\\\/www.sunnyplants.com\\\/fr\\\/shop\\\/callisia-repens-variegata-boutures#primaryimage\"},\"thumbnailUrl\":\"https:\\\/\\\/www.sunnyplants.com\\\/wp-content\\\/uploads\\\/callisia-repens-variegata.jpg\",\"datePublished\":\"2018-03-03T18:42:54+00:00\",\"dateModified\":\"2025-01-31T07:31:14+00:00\",\"description\":\"Plantes roses mignonnes de Callisia \u00e0 vendre. La taille est d'environ 4-6 cm. Nous en avons envoy\u00e9 des plus gros si disponibles. Callisia repens variegata est aussi appel\u00e9e Callisia Rosato ou Callisia Pink Lady.\",\"breadcrumb\":{\"@id\":\"https:\\\/\\\/www.sunnyplants.com\\\/fr\\\/shop\\\/callisia-repens-variegata-boutures#breadcrumb\"},\"inLanguage\":\"fr-FR\",\"potentialAction\":[{\"@type\":\"ReadAction\",\"target\":[\"https:\\\/\\\/www.sunnyplants.com\\\/fr\\\/shop\\\/callisia-repens-variegata-boutures\"]}]},{\"@type\":\"ImageObject\",\"inLanguage\":\"fr-FR\",\"@id\":\"https:\\\/\\\/www.sunnyplants.com\\\/fr\\\/shop\\\/callisia-repens-variegata-boutures#primaryimage\",\"url\":\"https:\\\/\\\/www.sunnyplants.com\\\/wp-content\\\/uploads\\\/callisia-repens-variegata.jpg\",\"contentUrl\":\"https:\\\/\\\/www.sunnyplants.com\\\/wp-content\\\/uploads\\\/callisia-repens-variegata.jpg\",\"width\":900,\"height\":900,\"caption\":\"Callisia repens variegata - Boutures\"},{\"@type\":\"BreadcrumbList\",\"@id\":\"https:\\\/\\\/www.sunnyplants.com\\\/fr\\\/shop\\\/callisia-repens-variegata-boutures#breadcrumb\",\"itemListElement\":[{\"@type\":\"ListItem\",\"position\":1,\"name\":\"Home\",\"item\":\"https:\\\/\\\/www.sunnyplants.com\\\/fr\\\/sunnyplants-fr\"},{\"@type\":\"ListItem\",\"position\":2,\"name\":\"Boutique\",\"item\":\"https:\\\/\\\/www.sunnyplants.com\\\/fr\\\/boutique\"},{\"@type\":\"ListItem\",\"position\":3,\"name\":\"Callisia repens variegata &#8211; Boutures\"}]},{\"@type\":\"WebSite\",\"@id\":\"https:\\\/\\\/www.sunnyplants.com\\\/fr#website\",\"url\":\"https:\\\/\\\/www.sunnyplants.com\\\/fr\",\"name\":\"Sunnyplants.com\",\"description\":\"Lithops, Conophytums and other Mesembs &amp; Succulents\",\"potentialAction\":[{\"@type\":\"SearchAction\",\"target\":{\"@type\":\"EntryPoint\",\"urlTemplate\":\"https:\\\/\\\/www.sunnyplants.com\\\/fr?s={search_term_string}\"},\"query-input\":{\"@type\":\"PropertyValueSpecification\",\"valueRequired\":true,\"valueName\":\"search_term_string\"}}],\"inLanguage\":\"fr-FR\"}]}<\/script>\n<!-- \/ Yoast SEO plugin. -->","yoast_head_json":{"title":"Callisia repens variegata - Boutures - Sunnyplants.com","description":"Plantes roses mignonnes de Callisia \u00e0 vendre. La taille est d'environ 4-6 cm. Nous en avons envoy\u00e9 des plus gros si disponibles. Callisia repens variegata est aussi appel\u00e9e Callisia Rosato ou Callisia Pink Lady.","robots":{"index":"index","follow":"follow","max-snippet":"max-snippet:-1","max-image-preview":"max-image-preview:large","max-video-preview":"max-video-preview:-1"},"canonical":"https:\/\/www.sunnyplants.com\/fr\/shop\/callisia-repens-variegata-boutures","og_locale":"fr_FR","og_type":"article","og_title":"Callisia repens variegata - Boutures - Sunnyplants.com","og_description":"Plantes roses mignonnes de Callisia \u00e0 vendre. La taille est d'environ 4-6 cm. Nous en avons envoy\u00e9 des plus gros si disponibles. Callisia repens variegata est aussi appel\u00e9e Callisia Rosato ou Callisia Pink Lady.","og_url":"https:\/\/www.sunnyplants.com\/fr\/shop\/callisia-repens-variegata-boutures","og_site_name":"Sunnyplants.com","article_publisher":"https:\/\/nl-nl.facebook.com\/pages\/category\/Internet-Company\/Sunnyplantscom-1835401900058481\/","article_modified_time":"2025-01-31T07:31:14+00:00","og_image":[{"width":900,"height":900,"url":"https:\/\/www.sunnyplants.com\/wp-content\/uploads\/callisia-repens-variegata.jpg","type":"image\/jpeg"}],"twitter_card":"summary_large_image","twitter_misc":{"Dur\u00e9e de lecture estim\u00e9e":"1 minute"},"schema":{"@context":"https:\/\/schema.org","@graph":[{"@type":"WebPage","@id":"https:\/\/www.sunnyplants.com\/fr\/shop\/callisia-repens-variegata-boutures","url":"https:\/\/www.sunnyplants.com\/fr\/shop\/callisia-repens-variegata-boutures","name":"Callisia repens variegata - Boutures - Sunnyplants.com","isPartOf":{"@id":"https:\/\/www.sunnyplants.com\/fr#website"},"primaryImageOfPage":{"@id":"https:\/\/www.sunnyplants.com\/fr\/shop\/callisia-repens-variegata-boutures#primaryimage"},"image":{"@id":"https:\/\/www.sunnyplants.com\/fr\/shop\/callisia-repens-variegata-boutures#primaryimage"},"thumbnailUrl":"https:\/\/www.sunnyplants.com\/wp-content\/uploads\/callisia-repens-variegata.jpg","datePublished":"2018-03-03T18:42:54+00:00","dateModified":"2025-01-31T07:31:14+00:00","description":"Plantes roses mignonnes de Callisia \u00e0 vendre. La taille est d'environ 4-6 cm. Nous en avons envoy\u00e9 des plus gros si disponibles. Callisia repens variegata est aussi appel\u00e9e Callisia Rosato ou Callisia Pink Lady.","breadcrumb":{"@id":"https:\/\/www.sunnyplants.com\/fr\/shop\/callisia-repens-variegata-boutures#breadcrumb"},"inLanguage":"fr-FR","potentialAction":[{"@type":"ReadAction","target":["https:\/\/www.sunnyplants.com\/fr\/shop\/callisia-repens-variegata-boutures"]}]},{"@type":"ImageObject","inLanguage":"fr-FR","@id":"https:\/\/www.sunnyplants.com\/fr\/shop\/callisia-repens-variegata-boutures#primaryimage","url":"https:\/\/www.sunnyplants.com\/wp-content\/uploads\/callisia-repens-variegata.jpg","contentUrl":"https:\/\/www.sunnyplants.com\/wp-content\/uploads\/callisia-repens-variegata.jpg","width":900,"height":900,"caption":"Callisia repens variegata - Boutures"},{"@type":"BreadcrumbList","@id":"https:\/\/www.sunnyplants.com\/fr\/shop\/callisia-repens-variegata-boutures#breadcrumb","itemListElement":[{"@type":"ListItem","position":1,"name":"Home","item":"https:\/\/www.sunnyplants.com\/fr\/sunnyplants-fr"},{"@type":"ListItem","position":2,"name":"Boutique","item":"https:\/\/www.sunnyplants.com\/fr\/boutique"},{"@type":"ListItem","position":3,"name":"Callisia repens variegata &#8211; Boutures"}]},{"@type":"WebSite","@id":"https:\/\/www.sunnyplants.com\/fr#website","url":"https:\/\/www.sunnyplants.com\/fr","name":"Sunnyplants.com","description":"Lithops, Conophytums and other Mesembs &amp; Succulents","potentialAction":[{"@type":"SearchAction","target":{"@type":"EntryPoint","urlTemplate":"https:\/\/www.sunnyplants.com\/fr?s={search_term_string}"},"query-input":{"@type":"PropertyValueSpecification","valueRequired":true,"valueName":"search_term_string"}}],"inLanguage":"fr-FR"}]}},"jetpack_sharing_enabled":true,"_links":{"self":[{"href":"https:\/\/www.sunnyplants.com\/fr\/wp-json\/wp\/v2\/product\/13378","targetHints":{"allow":["GET"]}}],"collection":[{"href":"https:\/\/www.sunnyplants.com\/fr\/wp-json\/wp\/v2\/product"}],"about":[{"href":"https:\/\/www.sunnyplants.com\/fr\/wp-json\/wp\/v2\/types\/product"}],"replies":[{"embeddable":true,"href":"https:\/\/www.sunnyplants.com\/fr\/wp-json\/wp\/v2\/comments?post=13378"}],"wp:featuredmedia":[{"embeddable":true,"href":"https:\/\/www.sunnyplants.com\/fr\/wp-json\/wp\/v2\/media\/13382"}],"wp:attachment":[{"href":"https:\/\/www.sunnyplants.com\/fr\/wp-json\/wp\/v2\/media?parent=13378"}],"wp:term":[{"taxonomy":"product_brand","embeddable":true,"href":"https:\/\/www.sunnyplants.com\/fr\/wp-json\/wp\/v2\/product_brand?post=13378"},{"taxonomy":"product_cat","embeddable":true,"href":"https:\/\/www.sunnyplants.com\/fr\/wp-json\/wp\/v2\/product_cat?post=13378"},{"taxonomy":"product_tag","embeddable":true,"href":"https:\/\/www.sunnyplants.com\/fr\/wp-json\/wp\/v2\/product_tag?post=13378"}],"curies":[{"name":"wp","href":"https:\/\/api.w.org\/{rel}","templated":true}]}}