{"id":13417,"date":"2025-02-21T12:58:58","date_gmt":"2025-02-21T12:58:58","guid":{"rendered":"https:\/\/www.sunnyplants.com?post_type=product&#038;p=13417"},"modified":"2026-03-19T18:46:13","modified_gmt":"2026-03-19T18:46:13","slug":"xerosicyos-danguyi-silver-dollar-plant-boutures","status":"publish","type":"product","link":"https:\/\/www.sunnyplants.com\/fr\/shop\/xerosicyos-danguyi-silver-dollar-plant-boutures","title":{"rendered":"Xerosicyos danguyi &#8211; Silver Dollar Plant &#8211; Boutures"},"content":{"rendered":"<h2>Xerosicyos danguyi &#8211; Silver Dollar Plant &#8211; Entretien des Boutures<\/h2>\n<p>Placez votre coupe de Xerosicyos danguyi droit dans un <a href=\"https:\/\/www.sunnyplants.com\/fr\/shop\/terreau-pour-cactus-et-plantes-succulentes\">sol de cactus et succulentes<\/a> de bonne qualit\u00e9 apr\u00e8s la blessure de coupe a s\u00e9ch\u00e9.Le sol doit \u00eatre sec ou presque sec pour \u00e9viter la pourriture. Utilisez une lumi\u00e8re faible et des temp\u00e9ratures de 18 \u00e0 24 \u00b0 C. Apr\u00e8s 2-3 semaines, vous pouvez donner de l&rsquo;eau pour encourager la formation de racines. Dans l&rsquo;intervalle, la coupe aime \u00eatre asperg\u00e9e d&rsquo;eau une fois tous les deux jours pour pr\u00e9venir la d\u00e9shydratation. Si vous enracinez dans un environnement plus humide, comme une serre, cela n\u2019est g\u00e9n\u00e9ralement pas n\u00e9cessaire. Les racines se forment normalement en 4 \u00e0 6 semaines, selon vos conditions.<\/p>\n<h2>Xerosicyos danguyi &#8211; Silver Dollar Plant &#8211; Entretien des Plantes<\/h2>\n<p>Les plantes enracin\u00e9es et les boutures ont besoin de beaucoup de chaleur, de soleil et d&rsquo;eau. Ce ne sont pas de vraies plantes succulentes mais plut\u00f4t quelque chose entre les plantes normales et les plantes succulentes. Ils aiment la lumi\u00e8re vive mais pas la lumi\u00e8re directe du soleil (exp\u00e9rimentez-le un peu). Les temp\u00e9ratures de 22-28 \u00b0 C sont les meilleures quand elles sont en croissance active. Donnez-leur un engrais de cactus chaque mois quand ils grandissent. Arrosez-les uniquement lorsque le sol est \u00e0 nouveau sec ou presque sec. Gardez Xerosicyos danguyi environ 15-18 C en hiver et presque au sec.<\/p>\n<h3>Pots Succulentes pour vos Xerosicyos danguyi<\/h3>\n<p>Il y a tellement de pots de Succulentes disponibles en ligne qui pourraient convenir \u00e0 vos Xerosicyos danguyi. Pots en C\u00e9ramique, pots Xerosicyos danguyi en Pierre, pots en B\u00e9ton, pots Xerosicyos en Verre et pots en Bois. Il existe une grande s\u00e9lection de toutes sortes de <strong><a href=\"https:\/\/amzn.to\/38LwqLI\" target=\"_blank\" rel=\"noopener\">Pots Succulentes sur Amazon.fr<\/a><\/strong>.<\/p>\n<h3>Lampes de Culture Succulentes pour vos Silver Dollar Plant<\/h3>\n<p>Toutes les Succulentes ont besoin d&rsquo;une lumi\u00e8re vive pour bien pousser. Ils resteront plus compacts et obtiendront des couleurs plus vives. Un bon \u00e9clairage est \u00e9galement important pour la sant\u00e9 des plantes et pour la photosynth\u00e8se. Dans une serre ou sur un rebord de fen\u00eatre orient\u00e9 au sud, ce n&rsquo;est g\u00e9n\u00e9ralement pas un probl\u00e8me. Si vous ne pouvez pas offrir une lumi\u00e8re vive pour votre collection de plantes Xerosicyos danguyi, nous vous recommandons d&rsquo;utiliser des lampes de culture Succulentes. Il existe une grande s\u00e9lection de diff\u00e9rents types de <strong><a href=\"https:\/\/amzn.to\/3vTyBVu\" target=\"_blank\" rel=\"noopener\">Lampes de Culture Succulentes sur Amazon.fr<\/a><\/strong>.<\/p>\n","protected":false},"excerpt":{"rendered":"<p>Vous achetez un Xerosicyos danguyi &#8211; Silver Dollar Plant &#8211; Coupe. Chaque d\u00e9coupe est soigneusement emball\u00e9e dans du papier et est livr\u00e9e avec une \u00e9tiquette et des instructions g\u00e9n\u00e9rales de croissance.<\/p>\n","protected":false},"featured_media":27511,"comment_status":"open","ping_status":"closed","template":"","meta":[],"product_brand":[],"product_cat":[279,329,1581,233,1834],"product_tag":[842,855,832],"class_list":{"0":"post-13417","1":"product","2":"type-product","3":"status-publish","4":"has-post-thumbnail","6":"product_cat-boutures","7":"product_cat-boutures-succulentes","8":"product_cat-boutures-xerosicyos","9":"product_cat-plantes","10":"product_cat-plantes-tropicales","11":"product_tag-boutures","12":"product_tag-boutures-de-tiges","13":"product_tag-plantes-dinterieur","14":"product_shipping_class-plants-collections-fr","15":"pa_family-cucurbitaceae-fr","16":"pa_leaf-color-vert","17":"pa_product-type-boutures-de-tiges","18":"pa_quantity-1-bouture-avec-racines","19":"pa_size-4-6-cm-fr","21":"first","22":"instock","23":"taxable","24":"shipping-taxable","25":"purchasable","26":"product-type-simple"},"yoast_head":"<!-- This site is optimized with the Yoast SEO plugin v27.4 - https:\/\/yoast.com\/product\/yoast-seo-wordpress\/ -->\n<title>Xerosicyos danguyi - Silver Dollar Plant - Boutures - Sunnyplants.com<\/title>\n<meta name=\"description\" content=\"Vous achetez un Xerosicyos danguyi - Silver Dollar Plant - Coupe. Chaque d\u00e9coupe est soigneusement emball\u00e9e dans du papier et est livr\u00e9e avec une \u00e9tiquette et des instructions g\u00e9n\u00e9rales de croissance.\" \/>\n<meta name=\"robots\" content=\"index, follow, max-snippet:-1, max-image-preview:large, max-video-preview:-1\" \/>\n<link rel=\"canonical\" href=\"https:\/\/www.sunnyplants.com\/fr\/shop\/xerosicyos-danguyi-silver-dollar-plant-boutures\" \/>\n<meta property=\"og:locale\" content=\"fr_FR\" \/>\n<meta property=\"og:type\" content=\"article\" \/>\n<meta property=\"og:title\" content=\"Xerosicyos danguyi - Silver Dollar Plant - Boutures - Sunnyplants.com\" \/>\n<meta property=\"og:description\" content=\"Vous achetez un Xerosicyos danguyi - Silver Dollar Plant - Coupe. Chaque d\u00e9coupe est soigneusement emball\u00e9e dans du papier et est livr\u00e9e avec une \u00e9tiquette et des instructions g\u00e9n\u00e9rales de croissance.\" \/>\n<meta property=\"og:url\" content=\"https:\/\/www.sunnyplants.com\/fr\/shop\/xerosicyos-danguyi-silver-dollar-plant-boutures\" \/>\n<meta property=\"og:site_name\" content=\"Sunnyplants.com\" \/>\n<meta property=\"article:publisher\" content=\"https:\/\/nl-nl.facebook.com\/pages\/category\/Internet-Company\/Sunnyplantscom-1835401900058481\/\" \/>\n<meta property=\"article:modified_time\" content=\"2026-03-19T18:46:13+00:00\" \/>\n<meta property=\"og:image\" content=\"https:\/\/www.sunnyplants.com\/wp-content\/uploads\/xerosicyos-danguyi-cutting-2.jpg\" \/>\n\t<meta property=\"og:image:width\" content=\"900\" \/>\n\t<meta property=\"og:image:height\" content=\"900\" \/>\n\t<meta property=\"og:image:type\" content=\"image\/jpeg\" \/>\n<meta name=\"twitter:card\" content=\"summary_large_image\" \/>\n<meta name=\"twitter:label1\" content=\"Dur\u00e9e de lecture estim\u00e9e\" \/>\n\t<meta name=\"twitter:data1\" content=\"2 minutes\" \/>\n<script type=\"application\/ld+json\" class=\"yoast-schema-graph\">{\"@context\":\"https:\\\/\\\/schema.org\",\"@graph\":[{\"@type\":\"WebPage\",\"@id\":\"https:\\\/\\\/www.sunnyplants.com\\\/fr\\\/shop\\\/xerosicyos-danguyi-silver-dollar-plant-boutures\",\"url\":\"https:\\\/\\\/www.sunnyplants.com\\\/fr\\\/shop\\\/xerosicyos-danguyi-silver-dollar-plant-boutures\",\"name\":\"Xerosicyos danguyi - Silver Dollar Plant - Boutures - Sunnyplants.com\",\"isPartOf\":{\"@id\":\"https:\\\/\\\/www.sunnyplants.com\\\/fr#website\"},\"primaryImageOfPage\":{\"@id\":\"https:\\\/\\\/www.sunnyplants.com\\\/fr\\\/shop\\\/xerosicyos-danguyi-silver-dollar-plant-boutures#primaryimage\"},\"image\":{\"@id\":\"https:\\\/\\\/www.sunnyplants.com\\\/fr\\\/shop\\\/xerosicyos-danguyi-silver-dollar-plant-boutures#primaryimage\"},\"thumbnailUrl\":\"https:\\\/\\\/www.sunnyplants.com\\\/wp-content\\\/uploads\\\/xerosicyos-danguyi-cutting-2.jpg\",\"datePublished\":\"2025-02-21T12:58:58+00:00\",\"dateModified\":\"2026-03-19T18:46:13+00:00\",\"description\":\"Vous achetez un Xerosicyos danguyi - Silver Dollar Plant - Coupe. Chaque d\u00e9coupe est soigneusement emball\u00e9e dans du papier et est livr\u00e9e avec une \u00e9tiquette et des instructions g\u00e9n\u00e9rales de croissance.\",\"breadcrumb\":{\"@id\":\"https:\\\/\\\/www.sunnyplants.com\\\/fr\\\/shop\\\/xerosicyos-danguyi-silver-dollar-plant-boutures#breadcrumb\"},\"inLanguage\":\"fr-FR\",\"potentialAction\":[{\"@type\":\"ReadAction\",\"target\":[\"https:\\\/\\\/www.sunnyplants.com\\\/fr\\\/shop\\\/xerosicyos-danguyi-silver-dollar-plant-boutures\"]}]},{\"@type\":\"ImageObject\",\"inLanguage\":\"fr-FR\",\"@id\":\"https:\\\/\\\/www.sunnyplants.com\\\/fr\\\/shop\\\/xerosicyos-danguyi-silver-dollar-plant-boutures#primaryimage\",\"url\":\"https:\\\/\\\/www.sunnyplants.com\\\/wp-content\\\/uploads\\\/xerosicyos-danguyi-cutting-2.jpg\",\"contentUrl\":\"https:\\\/\\\/www.sunnyplants.com\\\/wp-content\\\/uploads\\\/xerosicyos-danguyi-cutting-2.jpg\",\"width\":900,\"height\":900},{\"@type\":\"BreadcrumbList\",\"@id\":\"https:\\\/\\\/www.sunnyplants.com\\\/fr\\\/shop\\\/xerosicyos-danguyi-silver-dollar-plant-boutures#breadcrumb\",\"itemListElement\":[{\"@type\":\"ListItem\",\"position\":1,\"name\":\"Home\",\"item\":\"https:\\\/\\\/www.sunnyplants.com\\\/fr\\\/sunnyplants-fr\"},{\"@type\":\"ListItem\",\"position\":2,\"name\":\"Boutique\",\"item\":\"https:\\\/\\\/www.sunnyplants.com\\\/fr\\\/boutique\"},{\"@type\":\"ListItem\",\"position\":3,\"name\":\"Xerosicyos danguyi &#8211; Silver Dollar Plant &#8211; Boutures\"}]},{\"@type\":\"WebSite\",\"@id\":\"https:\\\/\\\/www.sunnyplants.com\\\/fr#website\",\"url\":\"https:\\\/\\\/www.sunnyplants.com\\\/fr\",\"name\":\"Sunnyplants.com\",\"description\":\"Lithops, Conophytums and other Mesembs &amp; Succulents\",\"potentialAction\":[{\"@type\":\"SearchAction\",\"target\":{\"@type\":\"EntryPoint\",\"urlTemplate\":\"https:\\\/\\\/www.sunnyplants.com\\\/fr?s={search_term_string}\"},\"query-input\":{\"@type\":\"PropertyValueSpecification\",\"valueRequired\":true,\"valueName\":\"search_term_string\"}}],\"inLanguage\":\"fr-FR\"}]}<\/script>\n<!-- \/ Yoast SEO plugin. -->","yoast_head_json":{"title":"Xerosicyos danguyi - Silver Dollar Plant - Boutures - Sunnyplants.com","description":"Vous achetez un Xerosicyos danguyi - Silver Dollar Plant - Coupe. Chaque d\u00e9coupe est soigneusement emball\u00e9e dans du papier et est livr\u00e9e avec une \u00e9tiquette et des instructions g\u00e9n\u00e9rales de croissance.","robots":{"index":"index","follow":"follow","max-snippet":"max-snippet:-1","max-image-preview":"max-image-preview:large","max-video-preview":"max-video-preview:-1"},"canonical":"https:\/\/www.sunnyplants.com\/fr\/shop\/xerosicyos-danguyi-silver-dollar-plant-boutures","og_locale":"fr_FR","og_type":"article","og_title":"Xerosicyos danguyi - Silver Dollar Plant - Boutures - Sunnyplants.com","og_description":"Vous achetez un Xerosicyos danguyi - Silver Dollar Plant - Coupe. Chaque d\u00e9coupe est soigneusement emball\u00e9e dans du papier et est livr\u00e9e avec une \u00e9tiquette et des instructions g\u00e9n\u00e9rales de croissance.","og_url":"https:\/\/www.sunnyplants.com\/fr\/shop\/xerosicyos-danguyi-silver-dollar-plant-boutures","og_site_name":"Sunnyplants.com","article_publisher":"https:\/\/nl-nl.facebook.com\/pages\/category\/Internet-Company\/Sunnyplantscom-1835401900058481\/","article_modified_time":"2026-03-19T18:46:13+00:00","og_image":[{"width":900,"height":900,"url":"https:\/\/www.sunnyplants.com\/wp-content\/uploads\/xerosicyos-danguyi-cutting-2.jpg","type":"image\/jpeg"}],"twitter_card":"summary_large_image","twitter_misc":{"Dur\u00e9e de lecture estim\u00e9e":"2 minutes"},"schema":{"@context":"https:\/\/schema.org","@graph":[{"@type":"WebPage","@id":"https:\/\/www.sunnyplants.com\/fr\/shop\/xerosicyos-danguyi-silver-dollar-plant-boutures","url":"https:\/\/www.sunnyplants.com\/fr\/shop\/xerosicyos-danguyi-silver-dollar-plant-boutures","name":"Xerosicyos danguyi - Silver Dollar Plant - Boutures - Sunnyplants.com","isPartOf":{"@id":"https:\/\/www.sunnyplants.com\/fr#website"},"primaryImageOfPage":{"@id":"https:\/\/www.sunnyplants.com\/fr\/shop\/xerosicyos-danguyi-silver-dollar-plant-boutures#primaryimage"},"image":{"@id":"https:\/\/www.sunnyplants.com\/fr\/shop\/xerosicyos-danguyi-silver-dollar-plant-boutures#primaryimage"},"thumbnailUrl":"https:\/\/www.sunnyplants.com\/wp-content\/uploads\/xerosicyos-danguyi-cutting-2.jpg","datePublished":"2025-02-21T12:58:58+00:00","dateModified":"2026-03-19T18:46:13+00:00","description":"Vous achetez un Xerosicyos danguyi - Silver Dollar Plant - Coupe. Chaque d\u00e9coupe est soigneusement emball\u00e9e dans du papier et est livr\u00e9e avec une \u00e9tiquette et des instructions g\u00e9n\u00e9rales de croissance.","breadcrumb":{"@id":"https:\/\/www.sunnyplants.com\/fr\/shop\/xerosicyos-danguyi-silver-dollar-plant-boutures#breadcrumb"},"inLanguage":"fr-FR","potentialAction":[{"@type":"ReadAction","target":["https:\/\/www.sunnyplants.com\/fr\/shop\/xerosicyos-danguyi-silver-dollar-plant-boutures"]}]},{"@type":"ImageObject","inLanguage":"fr-FR","@id":"https:\/\/www.sunnyplants.com\/fr\/shop\/xerosicyos-danguyi-silver-dollar-plant-boutures#primaryimage","url":"https:\/\/www.sunnyplants.com\/wp-content\/uploads\/xerosicyos-danguyi-cutting-2.jpg","contentUrl":"https:\/\/www.sunnyplants.com\/wp-content\/uploads\/xerosicyos-danguyi-cutting-2.jpg","width":900,"height":900},{"@type":"BreadcrumbList","@id":"https:\/\/www.sunnyplants.com\/fr\/shop\/xerosicyos-danguyi-silver-dollar-plant-boutures#breadcrumb","itemListElement":[{"@type":"ListItem","position":1,"name":"Home","item":"https:\/\/www.sunnyplants.com\/fr\/sunnyplants-fr"},{"@type":"ListItem","position":2,"name":"Boutique","item":"https:\/\/www.sunnyplants.com\/fr\/boutique"},{"@type":"ListItem","position":3,"name":"Xerosicyos danguyi &#8211; Silver Dollar Plant &#8211; Boutures"}]},{"@type":"WebSite","@id":"https:\/\/www.sunnyplants.com\/fr#website","url":"https:\/\/www.sunnyplants.com\/fr","name":"Sunnyplants.com","description":"Lithops, Conophytums and other Mesembs &amp; Succulents","potentialAction":[{"@type":"SearchAction","target":{"@type":"EntryPoint","urlTemplate":"https:\/\/www.sunnyplants.com\/fr?s={search_term_string}"},"query-input":{"@type":"PropertyValueSpecification","valueRequired":true,"valueName":"search_term_string"}}],"inLanguage":"fr-FR"}]}},"jetpack_sharing_enabled":true,"_links":{"self":[{"href":"https:\/\/www.sunnyplants.com\/fr\/wp-json\/wp\/v2\/product\/13417","targetHints":{"allow":["GET"]}}],"collection":[{"href":"https:\/\/www.sunnyplants.com\/fr\/wp-json\/wp\/v2\/product"}],"about":[{"href":"https:\/\/www.sunnyplants.com\/fr\/wp-json\/wp\/v2\/types\/product"}],"replies":[{"embeddable":true,"href":"https:\/\/www.sunnyplants.com\/fr\/wp-json\/wp\/v2\/comments?post=13417"}],"wp:featuredmedia":[{"embeddable":true,"href":"https:\/\/www.sunnyplants.com\/fr\/wp-json\/wp\/v2\/media\/27511"}],"wp:attachment":[{"href":"https:\/\/www.sunnyplants.com\/fr\/wp-json\/wp\/v2\/media?parent=13417"}],"wp:term":[{"taxonomy":"product_brand","embeddable":true,"href":"https:\/\/www.sunnyplants.com\/fr\/wp-json\/wp\/v2\/product_brand?post=13417"},{"taxonomy":"product_cat","embeddable":true,"href":"https:\/\/www.sunnyplants.com\/fr\/wp-json\/wp\/v2\/product_cat?post=13417"},{"taxonomy":"product_tag","embeddable":true,"href":"https:\/\/www.sunnyplants.com\/fr\/wp-json\/wp\/v2\/product_tag?post=13417"}],"curies":[{"name":"wp","href":"https:\/\/api.w.org\/{rel}","templated":true}]}}