{"id":14193,"date":"2026-03-16T07:21:29","date_gmt":"2026-03-16T07:21:29","guid":{"rendered":"https:\/\/www.sunnyplants.com\/?post_type=product&#038;p=14193"},"modified":"2026-04-06T21:35:32","modified_gmt":"2026-04-06T21:35:32","slug":"collection-sempervivum-joubarbe","status":"publish","type":"product","link":"https:\/\/www.sunnyplants.com\/fr\/shop\/collection-sempervivum-joubarbe","title":{"rendered":"Collection Sempervivum &#8211; Joubarbe"},"content":{"rendered":"<div>Cr\u00e9ez votre propre jardin succulent avec diff\u00e9rentes belles joubarbes. Ces plantes sont robustes et conviennent \u00e0 l&rsquo;int\u00e9rieur et \u00e0 l&rsquo;ext\u00e9rieur.<\/div>\n<div><\/div>\n<div>Les esp\u00e8ces de Sempervivum n\u00e9cessitent beaucoup de lumi\u00e8re et un m\u00e9lange de sol avec un bon drainage. Vous pouvez utiliser de la pierre ponce ou du sable si vous le souhaitez. Ils aiment les pots et les r\u00e9cipients peu profonds. Assurez-vous que les conteneurs ont des trous pour le drainage.<\/div>\n","protected":false},"excerpt":{"rendered":"<p>S\u00e9lectionnez une collection Sempervivum de 6 ou 12 plantes. Nous choisissons des plantes dans diff\u00e9rentes couleurs et tailles (3-6 cm). Les couleurs peuvent changer en fonction de l&rsquo;eau et de l&rsquo;intensit\u00e9 lumineuse. Ils <strong>peuvent \u00eatre plus verts apr\u00e8s le voyage dans la bo\u00eete<\/strong>. Le pot et la terre ne sont pas inclus!<\/p>\n","protected":false},"featured_media":14214,"comment_status":"open","ping_status":"closed","template":"","meta":[],"product_brand":[],"product_cat":[279,1328,329,290,1586],"product_tag":[842,832,822,1349],"class_list":{"0":"post-14193","1":"product","2":"type-product","3":"status-publish","4":"has-post-thumbnail","6":"product_cat-boutures","7":"product_cat-boutures-sempervivum","8":"product_cat-boutures-succulentes","9":"product_cat-collections-fr","10":"product_cat-succulentes-rustiques","11":"product_tag-boutures","12":"product_tag-plantes-dinterieur","13":"product_tag-toit-vert","14":"product_tag-robuste","15":"product_shipping_class-plants-collections-fr","16":"pa_family-crassulaceae-fr","17":"pa_product-type-plantes","18":"pa_quantity-12-plantes","19":"pa_quantity-6-plantes","20":"pa_size-3-6-cm-fr","22":"first","23":"instock","24":"featured","25":"taxable","26":"shipping-taxable","27":"purchasable","28":"product-type-variable","29":"has-default-attributes"},"yoast_head":"<!-- This site is optimized with the Yoast SEO plugin v27.3 - https:\/\/yoast.com\/product\/yoast-seo-wordpress\/ -->\n<title>Collection Sempervivum - Joubarbe - Sunnyplants.com<\/title>\n<meta name=\"description\" content=\"S\u00e9lectionnez une collection Sempervivum de 6 ou 12 plantes. Nous choisissons des plantes dans diff\u00e9rentes couleurs et tailles (3-6 cm). Les couleurs peuvent changer en fonction de l&#039;eau et de l&#039;intensit\u00e9 lumineuse. Ils peuvent \u00eatre plus verts apr\u00e8s le voyage dans la bo\u00eete. Le pot et la terre ne sont pas inclus!\" \/>\n<meta name=\"robots\" content=\"index, follow, max-snippet:-1, max-image-preview:large, max-video-preview:-1\" \/>\n<link rel=\"canonical\" href=\"https:\/\/www.sunnyplants.com\/fr\/shop\/collection-sempervivum-joubarbe\" \/>\n<meta property=\"og:locale\" content=\"fr_FR\" \/>\n<meta property=\"og:type\" content=\"article\" \/>\n<meta property=\"og:title\" content=\"Collection Sempervivum - Joubarbe - Sunnyplants.com\" \/>\n<meta property=\"og:description\" content=\"S\u00e9lectionnez une collection Sempervivum de 6 ou 12 plantes. Nous choisissons des plantes dans diff\u00e9rentes couleurs et tailles (3-6 cm). Les couleurs peuvent changer en fonction de l&#039;eau et de l&#039;intensit\u00e9 lumineuse. Ils peuvent \u00eatre plus verts apr\u00e8s le voyage dans la bo\u00eete. Le pot et la terre ne sont pas inclus!\" \/>\n<meta property=\"og:url\" content=\"https:\/\/www.sunnyplants.com\/fr\/shop\/collection-sempervivum-joubarbe\" \/>\n<meta property=\"og:site_name\" content=\"Sunnyplants.com\" \/>\n<meta property=\"article:publisher\" content=\"https:\/\/nl-nl.facebook.com\/pages\/category\/Internet-Company\/Sunnyplantscom-1835401900058481\/\" \/>\n<meta property=\"article:modified_time\" content=\"2026-04-06T21:35:32+00:00\" \/>\n<meta property=\"og:image\" content=\"https:\/\/www.sunnyplants.com\/wp-content\/uploads\/sempervivum-collection.jpg\" \/>\n\t<meta property=\"og:image:width\" content=\"900\" \/>\n\t<meta property=\"og:image:height\" content=\"900\" \/>\n\t<meta property=\"og:image:type\" content=\"image\/jpeg\" \/>\n<meta name=\"twitter:card\" content=\"summary_large_image\" \/>\n<script type=\"application\/ld+json\" class=\"yoast-schema-graph\">{\"@context\":\"https:\\\/\\\/schema.org\",\"@graph\":[{\"@type\":\"WebPage\",\"@id\":\"https:\\\/\\\/www.sunnyplants.com\\\/fr\\\/shop\\\/collection-sempervivum-joubarbe\",\"url\":\"https:\\\/\\\/www.sunnyplants.com\\\/fr\\\/shop\\\/collection-sempervivum-joubarbe\",\"name\":\"Collection Sempervivum - Joubarbe - Sunnyplants.com\",\"isPartOf\":{\"@id\":\"https:\\\/\\\/www.sunnyplants.com\\\/fr#website\"},\"primaryImageOfPage\":{\"@id\":\"https:\\\/\\\/www.sunnyplants.com\\\/fr\\\/shop\\\/collection-sempervivum-joubarbe#primaryimage\"},\"image\":{\"@id\":\"https:\\\/\\\/www.sunnyplants.com\\\/fr\\\/shop\\\/collection-sempervivum-joubarbe#primaryimage\"},\"thumbnailUrl\":\"https:\\\/\\\/www.sunnyplants.com\\\/wp-content\\\/uploads\\\/sempervivum-collection.jpg\",\"datePublished\":\"2026-03-16T07:21:29+00:00\",\"dateModified\":\"2026-04-06T21:35:32+00:00\",\"description\":\"S\u00e9lectionnez une collection Sempervivum de 6 ou 12 plantes. Nous choisissons des plantes dans diff\u00e9rentes couleurs et tailles (3-6 cm). Les couleurs peuvent changer en fonction de l'eau et de l'intensit\u00e9 lumineuse. Ils peuvent \u00eatre plus verts apr\u00e8s le voyage dans la bo\u00eete. Le pot et la terre ne sont pas inclus!\",\"breadcrumb\":{\"@id\":\"https:\\\/\\\/www.sunnyplants.com\\\/fr\\\/shop\\\/collection-sempervivum-joubarbe#breadcrumb\"},\"inLanguage\":\"fr-FR\",\"potentialAction\":[{\"@type\":\"ReadAction\",\"target\":[\"https:\\\/\\\/www.sunnyplants.com\\\/fr\\\/shop\\\/collection-sempervivum-joubarbe\"]}]},{\"@type\":\"ImageObject\",\"inLanguage\":\"fr-FR\",\"@id\":\"https:\\\/\\\/www.sunnyplants.com\\\/fr\\\/shop\\\/collection-sempervivum-joubarbe#primaryimage\",\"url\":\"https:\\\/\\\/www.sunnyplants.com\\\/wp-content\\\/uploads\\\/sempervivum-collection.jpg\",\"contentUrl\":\"https:\\\/\\\/www.sunnyplants.com\\\/wp-content\\\/uploads\\\/sempervivum-collection.jpg\",\"width\":900,\"height\":900},{\"@type\":\"BreadcrumbList\",\"@id\":\"https:\\\/\\\/www.sunnyplants.com\\\/fr\\\/shop\\\/collection-sempervivum-joubarbe#breadcrumb\",\"itemListElement\":[{\"@type\":\"ListItem\",\"position\":1,\"name\":\"Home\",\"item\":\"https:\\\/\\\/www.sunnyplants.com\\\/fr\\\/sunnyplants-fr\"},{\"@type\":\"ListItem\",\"position\":2,\"name\":\"Boutique\",\"item\":\"https:\\\/\\\/www.sunnyplants.com\\\/fr\\\/boutique\"},{\"@type\":\"ListItem\",\"position\":3,\"name\":\"Collection Sempervivum &#8211; Joubarbe\"}]},{\"@type\":\"WebSite\",\"@id\":\"https:\\\/\\\/www.sunnyplants.com\\\/fr#website\",\"url\":\"https:\\\/\\\/www.sunnyplants.com\\\/fr\",\"name\":\"Sunnyplants.com\",\"description\":\"Lithops, Conophytums and other Mesembs &amp; Succulents\",\"potentialAction\":[{\"@type\":\"SearchAction\",\"target\":{\"@type\":\"EntryPoint\",\"urlTemplate\":\"https:\\\/\\\/www.sunnyplants.com\\\/fr?s={search_term_string}\"},\"query-input\":{\"@type\":\"PropertyValueSpecification\",\"valueRequired\":true,\"valueName\":\"search_term_string\"}}],\"inLanguage\":\"fr-FR\"}]}<\/script>\n<!-- \/ Yoast SEO plugin. -->","yoast_head_json":{"title":"Collection Sempervivum - Joubarbe - Sunnyplants.com","description":"S\u00e9lectionnez une collection Sempervivum de 6 ou 12 plantes. Nous choisissons des plantes dans diff\u00e9rentes couleurs et tailles (3-6 cm). Les couleurs peuvent changer en fonction de l'eau et de l'intensit\u00e9 lumineuse. Ils peuvent \u00eatre plus verts apr\u00e8s le voyage dans la bo\u00eete. Le pot et la terre ne sont pas inclus!","robots":{"index":"index","follow":"follow","max-snippet":"max-snippet:-1","max-image-preview":"max-image-preview:large","max-video-preview":"max-video-preview:-1"},"canonical":"https:\/\/www.sunnyplants.com\/fr\/shop\/collection-sempervivum-joubarbe","og_locale":"fr_FR","og_type":"article","og_title":"Collection Sempervivum - Joubarbe - Sunnyplants.com","og_description":"S\u00e9lectionnez une collection Sempervivum de 6 ou 12 plantes. Nous choisissons des plantes dans diff\u00e9rentes couleurs et tailles (3-6 cm). Les couleurs peuvent changer en fonction de l'eau et de l'intensit\u00e9 lumineuse. Ils peuvent \u00eatre plus verts apr\u00e8s le voyage dans la bo\u00eete. Le pot et la terre ne sont pas inclus!","og_url":"https:\/\/www.sunnyplants.com\/fr\/shop\/collection-sempervivum-joubarbe","og_site_name":"Sunnyplants.com","article_publisher":"https:\/\/nl-nl.facebook.com\/pages\/category\/Internet-Company\/Sunnyplantscom-1835401900058481\/","article_modified_time":"2026-04-06T21:35:32+00:00","og_image":[{"width":900,"height":900,"url":"https:\/\/www.sunnyplants.com\/wp-content\/uploads\/sempervivum-collection.jpg","type":"image\/jpeg"}],"twitter_card":"summary_large_image","schema":{"@context":"https:\/\/schema.org","@graph":[{"@type":"WebPage","@id":"https:\/\/www.sunnyplants.com\/fr\/shop\/collection-sempervivum-joubarbe","url":"https:\/\/www.sunnyplants.com\/fr\/shop\/collection-sempervivum-joubarbe","name":"Collection Sempervivum - Joubarbe - Sunnyplants.com","isPartOf":{"@id":"https:\/\/www.sunnyplants.com\/fr#website"},"primaryImageOfPage":{"@id":"https:\/\/www.sunnyplants.com\/fr\/shop\/collection-sempervivum-joubarbe#primaryimage"},"image":{"@id":"https:\/\/www.sunnyplants.com\/fr\/shop\/collection-sempervivum-joubarbe#primaryimage"},"thumbnailUrl":"https:\/\/www.sunnyplants.com\/wp-content\/uploads\/sempervivum-collection.jpg","datePublished":"2026-03-16T07:21:29+00:00","dateModified":"2026-04-06T21:35:32+00:00","description":"S\u00e9lectionnez une collection Sempervivum de 6 ou 12 plantes. Nous choisissons des plantes dans diff\u00e9rentes couleurs et tailles (3-6 cm). Les couleurs peuvent changer en fonction de l'eau et de l'intensit\u00e9 lumineuse. Ils peuvent \u00eatre plus verts apr\u00e8s le voyage dans la bo\u00eete. Le pot et la terre ne sont pas inclus!","breadcrumb":{"@id":"https:\/\/www.sunnyplants.com\/fr\/shop\/collection-sempervivum-joubarbe#breadcrumb"},"inLanguage":"fr-FR","potentialAction":[{"@type":"ReadAction","target":["https:\/\/www.sunnyplants.com\/fr\/shop\/collection-sempervivum-joubarbe"]}]},{"@type":"ImageObject","inLanguage":"fr-FR","@id":"https:\/\/www.sunnyplants.com\/fr\/shop\/collection-sempervivum-joubarbe#primaryimage","url":"https:\/\/www.sunnyplants.com\/wp-content\/uploads\/sempervivum-collection.jpg","contentUrl":"https:\/\/www.sunnyplants.com\/wp-content\/uploads\/sempervivum-collection.jpg","width":900,"height":900},{"@type":"BreadcrumbList","@id":"https:\/\/www.sunnyplants.com\/fr\/shop\/collection-sempervivum-joubarbe#breadcrumb","itemListElement":[{"@type":"ListItem","position":1,"name":"Home","item":"https:\/\/www.sunnyplants.com\/fr\/sunnyplants-fr"},{"@type":"ListItem","position":2,"name":"Boutique","item":"https:\/\/www.sunnyplants.com\/fr\/boutique"},{"@type":"ListItem","position":3,"name":"Collection Sempervivum &#8211; Joubarbe"}]},{"@type":"WebSite","@id":"https:\/\/www.sunnyplants.com\/fr#website","url":"https:\/\/www.sunnyplants.com\/fr","name":"Sunnyplants.com","description":"Lithops, Conophytums and other Mesembs &amp; Succulents","potentialAction":[{"@type":"SearchAction","target":{"@type":"EntryPoint","urlTemplate":"https:\/\/www.sunnyplants.com\/fr?s={search_term_string}"},"query-input":{"@type":"PropertyValueSpecification","valueRequired":true,"valueName":"search_term_string"}}],"inLanguage":"fr-FR"}]}},"jetpack_sharing_enabled":true,"_links":{"self":[{"href":"https:\/\/www.sunnyplants.com\/fr\/wp-json\/wp\/v2\/product\/14193","targetHints":{"allow":["GET"]}}],"collection":[{"href":"https:\/\/www.sunnyplants.com\/fr\/wp-json\/wp\/v2\/product"}],"about":[{"href":"https:\/\/www.sunnyplants.com\/fr\/wp-json\/wp\/v2\/types\/product"}],"replies":[{"embeddable":true,"href":"https:\/\/www.sunnyplants.com\/fr\/wp-json\/wp\/v2\/comments?post=14193"}],"wp:featuredmedia":[{"embeddable":true,"href":"https:\/\/www.sunnyplants.com\/fr\/wp-json\/wp\/v2\/media\/14214"}],"wp:attachment":[{"href":"https:\/\/www.sunnyplants.com\/fr\/wp-json\/wp\/v2\/media?parent=14193"}],"wp:term":[{"taxonomy":"product_brand","embeddable":true,"href":"https:\/\/www.sunnyplants.com\/fr\/wp-json\/wp\/v2\/product_brand?post=14193"},{"taxonomy":"product_cat","embeddable":true,"href":"https:\/\/www.sunnyplants.com\/fr\/wp-json\/wp\/v2\/product_cat?post=14193"},{"taxonomy":"product_tag","embeddable":true,"href":"https:\/\/www.sunnyplants.com\/fr\/wp-json\/wp\/v2\/product_tag?post=14193"}],"curies":[{"name":"wp","href":"https:\/\/api.w.org\/{rel}","templated":true}]}}